{"id":211,"date":"2026-05-16T09:20:25","date_gmt":"2026-05-16T07:20:25","guid":{"rendered":"https:\/\/www.monta-amazona.com\/aema\/?page_id=211"},"modified":"2026-05-16T22:02:18","modified_gmt":"2026-05-16T20:02:18","slug":"gv-garbeo","status":"publish","type":"page","link":"https:\/\/www.monta-amazona.com\/aema\/gv-garbeo\/","title":{"rendered":"Garbeo"},"content":{"rendered":"\n\n\n\n\n\n\n\n\n\n\n\n\n\n\n<p class=\"has-text-align-center\"><span style=\"font-family:Orbitron;\"><span style=\"color: rgb(8, 170, 200);\"><span style=\"font-size: 26px;\"><strong>\u00abGarbeo Virtual\u00bb<\/strong><\/span><\/span><\/span><\/p>\n\n\n\n\n\n<p style=\"font-family: &quot;Carrois Gothic SC&quot;; font-size: 15px; text-align: center;\"><a href=\"https:\/\/www.monta-amazona.com\/aema\/gv\/\" style=\"color: rgb(8, 170, 200);\">Garbeo Virtual<\/a><\/p>\n\n\n<p style=\"font-family: &quot;Carrois Gothic SC&quot;; font-size: 15px; text-align: center;\"><a href=\"https:\/\/www.monta-amazona.com\/aema\/gv-garbeo\" style=\"color: rgb(8, 170, 200);\">Garbeo<\/a><\/p>\n\n\n<p style=\"font-family: &quot;Carrois Gothic SC&quot;; font-size: 15px; text-align: center;\"><a href=\"https:\/\/www.monta-amazona.com\/aema\/gv-consejos\"  style=\"color: rgb(8, 170, 200);\">Consejos<\/a><\/p>\n\n\n<p style=\"font-family: &quot;Carrois Gothic SC&quot;; font-size: 15px; text-align: center;\"><a href=\"https:\/\/www.monta-amazona.com\/aema\/gv-normas\"   style=\"color: rgb(8, 170, 200);\">Normas<\/a><\/p>\n\n\n<p style=\"font-family: &quot;Carrois Gothic SC&quot;; font-size: 15px; text-align: center;\"><a href=\"https:\/\/www.monta-amazona.com\/aema\/gv-pruebas\"   style=\"color: rgb(8, 170, 200);\">Categor\u00edas y Pruebas<\/a><\/p>\n\n\n\n\n\n\n\n\n\n\n\n\n\n\n\n<span style=\"font-size:18px;\">Consejos, disposici\u00f3n de la pista, grabaci\u00f3n, y todo lo necesario para inscribirse y participar.<br><\/span><br>\n<img decoding=\"async\" alt=\"\" src=\"https:\/\/www.monta-amazona.com\/aema\/wp-content\/uploads\/garbeo\/bandera12_100.png\"><br><br><a href=\"https:\/\/www.monta-amazona.com\/club\/consejos\/\" data-type=\"URL\" style=\"color: rgb(8, 170, 200); ;\">Leer m\u00e1s<\/a><p><\/p>\n\n\n<p style=\"text-align: center;\"><span style=\"font-size:16px;\">Las Reglas del Juego est\u00e1n dirigidas para que prevalezca la igualdad competitiva entre participantes, estableciendo modos de realizaci\u00f3n que faciliten la participaci\u00f3n.<br><br>\n<img decoding=\"async\" alt=\"\" src=\"https:\/\/www.monta-amazona.com\/aema\/wp-content\/uploads\/garbeo\/bandera12_100.png\"><br><br><\/span><a href=\"https:\/\/www.monta-amazona.com\/club\/normas\/\" data-type=\"URL\" style=\"color: rgb(8, 170, 200); font-size: 12px;\">Leer m\u00e1s<\/a><span style=\"font-size:16px;\"><\/span><\/p>\n\n\n<span style=\"font-size:18px;\">M\u00e1s de 30 pruebas para elegir la m\u00e1s conveniente para amazona y caballo.<\/span>\n<p style=\"text-align: center;\"><span style=\"font-size:small;\"><strong>Equitaci\u00f3n a la Amazona<\/strong>&nbsp;<br>\u00b7 21 pruebas \u00b7<br><strong>Premio Musy&nbsp;<\/strong>\u00b7 15 pruebas \u00b7<br><strong>Destreza<\/strong>\u00b7 en proceso \u00b7<\/span><br><br>\n<img decoding=\"async\" alt=\"\" src=\"https:\/\/www.monta-amazona.com\/aema\/wp-content\/uploads\/garbeo\/bandera12_100.png\"><br><br><a href=\"https:\/\/www.monta-amazona.com\/club\/normas\/\" data-type=\"URL\" style=\"color: rgb(8, 170, 200); font-size: 12px;\">Leer m\u00e1s<\/a><\/p>\n\n\n\n\n\n\n\n\n\n\n\n","protected":false},"excerpt":{"rendered":"","protected":false},"author":1,"featured_media":0,"parent":0,"menu_order":0,"comment_status":"closed","ping_status":"closed","template":"","meta":{"pagelayer_contact_templates":[],"_pagelayer_content":"","footnotes":""},"folder":[18],"class_list":["post-211","page","type-page","status-publish","hentry"],"_links":{"self":[{"href":"https:\/\/www.monta-amazona.com\/aema\/wp-json\/wp\/v2\/pages\/211","targetHints":{"allow":["GET"]}}],"collection":[{"href":"https:\/\/www.monta-amazona.com\/aema\/wp-json\/wp\/v2\/pages"}],"about":[{"href":"https:\/\/www.monta-amazona.com\/aema\/wp-json\/wp\/v2\/types\/page"}],"author":[{"embeddable":true,"href":"https:\/\/www.monta-amazona.com\/aema\/wp-json\/wp\/v2\/users\/1"}],"replies":[{"embeddable":true,"href":"https:\/\/www.monta-amazona.com\/aema\/wp-json\/wp\/v2\/comments?post=211"}],"version-history":[{"count":15,"href":"https:\/\/www.monta-amazona.com\/aema\/wp-json\/wp\/v2\/pages\/211\/revisions"}],"predecessor-version":[{"id":308,"href":"https:\/\/www.monta-amazona.com\/aema\/wp-json\/wp\/v2\/pages\/211\/revisions\/308"}],"wp:attachment":[{"href":"https:\/\/www.monta-amazona.com\/aema\/wp-json\/wp\/v2\/media?parent=211"}],"wp:term":[{"taxonomy":"folder","embeddable":true,"href":"https:\/\/www.monta-amazona.com\/aema\/wp-json\/wp\/v2\/folder?post=211"}],"curies":[{"name":"wp","href":"https:\/\/api.w.org\/{rel}","templated":true}]}}