{"id":281,"date":"2026-05-16T21:12:08","date_gmt":"2026-05-16T19:12:08","guid":{"rendered":"https:\/\/www.monta-amazona.com\/aema\/?page_id=281"},"modified":"2026-05-16T21:12:08","modified_gmt":"2026-05-16T19:12:08","slug":"normas","status":"publish","type":"page","link":"https:\/\/www.monta-amazona.com\/aema\/normas\/","title":{"rendered":"Normas"},"content":{"rendered":"\n\n\n\n\n\n\n\n\n\n\n\n\n\n\n<p class=\"has-text-align-center\"><span style=\"color: rgb(8, 170, 200);\"><span style=\"font-size: 26px;\"><strong style=\"font-family:Orbitron;\" \"=\"\">\u00abGarbeo Virtual\u00bb<\/strong><\/span><\/span><\/p>\n\n\n\n\n\n<p style=\"font-family: &quot;Carrois Gothic SC&quot;; font-size: 15px; text-align: center;\"><a href=\"https:\/\/www.monta-amazona.com\/aema\/gv\/\" style=\"color: rgb(5, 169, 197);\">Garbeo Virtual<\/a><\/p>\n\n\n<p style=\"font-family: &quot;Carrois Gothic SC&quot;; font-size: 15px; text-align: center;\"><a href=\"https:\/\/www.monta-amazona.com\/aema\/gv-garbeo\" style=\"color: rgb(5, 169, 197);\">Garbeo<\/a><\/p>\n\n\n<p style=\"font-family: &quot;Carrois Gothic SC&quot;; font-size: 15px; text-align: center;\"><a href=\"https:\/\/www.monta-amazona.com\/aema\/gv-consejos\"  style=\"color: rgb(5, 169, 197);\">Consejos<\/a><\/p>\n\n\n<p style=\"font-family: &quot;Carrois Gothic SC&quot;; font-size: 15px; text-align: center;\"><a href=\"https:\/\/www.monta-amazona.com\/aema\/gv-normas\"   style=\"color: rgb(5, 169, 197);\">Normas<\/a><\/p>\n\n\n<p style=\"font-family: &quot;Carrois Gothic SC&quot;; font-size: 15px; text-align: center;\"><a href=\"https:\/\/www.monta-amazona.com\/aema\/gv-pruebas\"   style=\"color: rgb(5, 169, 197);\">Categor\u00edas y Pruebas<\/a><\/p>\n\n\n\n\n\n\n\n\n\n\n\n\n\n\n\n<p style=\"text-align: center;\"><span style=\"color: rgb(119, 119, 119); font-family: &quot;PT Sans&quot;, sans-serif; font-size: 26px; text-align: center; background-color: rgb(255, 255, 255);\">Normas<\/span><\/p>\n\n\n\n\n\n\n\n<p style=\"border: 0px; margin: 0px 0px 15px; outline: 0px; vertical-align: baseline;\"><font color=\"#777777\" face=\"PT Sans, sans-serif\"><span style=\"font-size: 20px;\"><strong>Honestidad y Deportividad<\/strong><\/span><\/font><\/p>\n<p style=\"border: 0px; margin: 0px 0px 15px; outline: 0px; vertical-align: baseline;\"><font color=\"#777777\" face=\"PT Sans, sans-serif\"><span style=\"font-size: 16px;\">El bienestar del caballo debe prevalecer por encima de todo.&nbsp;<br><\/span><\/font><span style=\"font-size: 16px; color: rgb(119, 119, 119); font-family: &quot;PT Sans&quot;, sans-serif;\">Las personas que se inscriban se comprometen a participar en franca lid.&nbsp;&nbsp;<br><\/span><font color=\"#777777\" face=\"PT Sans, sans-serif\"><span style=\"font-size: 16px;\">Apelamos, pues, a la honradez y esp\u00edritu deportivo de las participantes.<\/span><\/font><br><br><font color=\"#777777\" face=\"PT Sans, sans-serif\" style=\"\"><span style=\"font-size: 18px;\"><strong>Categor\u00edas<\/strong><br><br><\/span><\/font><\/p><p style=\"border: 0px; margin: 0px 0px 15px; outline: 0px; vertical-align: baseline;\"><font color=\"#777777\" face=\"PT Sans, sans-serif\"><span style=\"font-size: 18px;\"><\/span><\/font><\/p><span style=\"font-size:15px;\"><p style=\"border: 0px; margin: 0px 0px 15px; outline: 0px; vertical-align: baseline;\"><font color=\"#777777\" face=\"PT Sans, sans-serif\"><span style=\"\">1.- Pruebas AEMA \u2248 PASO \u2248 \u00b7 4 pruebas \u00b7&nbsp;<br><\/span><\/font><span style=\"color: rgb(119, 119, 119); font-family: &quot;PT Sans&quot;, sans-serif;\">2.- Pruebas AEMA \u2248 PASO \u2013 TROTE \u2248 \u00b7 5 pruebas \u00b7&nbsp;<br><\/span><span style=\"color: rgb(119, 119, 119); font-family: &quot;PT Sans&quot;, sans-serif;\">3.- Pruebas AEMA \u2248 PASO \u2013 TROTE \u2013 GALOPE \u2248 \u00b7 6 pruebas \u00b7&nbsp;<br><\/span><span style=\"color: rgb(119, 119, 119); font-family: &quot;PT Sans&quot;, sans-serif;\">4.- Pruebas AEMA \u2248 PASO \u2013 GALOPE \u2248 \u00b7 6 pruebas \u00b7&nbsp;<br><\/span><span style=\"color: rgb(119, 119, 119); font-family: &quot;PT Sans&quot;, sans-serif;\">8.- Pruebas AEMA \u2248 DESTREZA \u2248 \u00b7 en proceso \u00b7 3 grupos seg\u00fan paso, trote y\/o galope&nbsp;<br><\/span><span style=\"color: rgb(119, 119, 119); font-family: &quot;PT Sans&quot;, sans-serif;\">9.- Pruebas AEMA \u2248 PREMIO MUSY \u2248 \u00b7 15 pruebas \u00b7 3 grupos seg\u00fan 1, 2 o 3 de saltos en pista<\/span><\/p><p style=\"border: 0px; margin: 0px 0px 15px; outline: 0px; vertical-align: baseline;\"><font color=\"#777777\" face=\"PT Sans, sans-serif\"><span style=\"\">Cualquier binomio amazona-caballo puede inscribirse en una sola prueba de cada grupo, aplic\u00e1ndose las siguientes restricciones respecto de los dem\u00e1s grupos.&nbsp;<br><\/span><\/font><span style=\"color: rgb(119, 119, 119); font-family: &quot;PT Sans&quot;, sans-serif;\">Cualquier binomio que realice una prueba de los grupos 3, 4, 8 o 9, no puede inscribirse en pruebas de los grupos 1 o 2. As\u00ed mismo, cualquier binomio que realice una prueba del grupo 2 no puede inscribirse en el grupo 1.<\/span><\/p><\/span><p style=\"border: 0px; margin: 0px 0px 15px; outline: 0px; vertical-align: baseline;\"><span style=\"font-size: 18px; color: rgb(119, 119, 119); font-family: &quot;PT Sans&quot;, sans-serif;\"><\/span><\/p><p style=\" text-align: justify;\"><font color=\"#777777\" face=\"PT Sans, sans-serif\"><\/font><\/p>\n\n\n<table border=\"1\" cellpadding=\"0\" cellspacing=\"0\" style=\"width:668px;\" width=\"668\">\n\t<tbody>\n\t\t<tr>\n\t\t\t<td>\n\t\t\t<p><span style=\"margin-left: 30px;\"><span style=\"font-size:20px;\"><strong>Prueba<\/span><\/p>\n\t\t\t<\/td>\n\t\t\t<td>\n\t\t\t<p style=\"margin-left: 30px;\"><span style=\"font-size:16px;\"><strong>compatible con<br>\n\t\t\t1 prueba de cada uno de los grupos<\/strong><\/span><\/p>\n\t\t\t<\/td>\n\t\t<\/tr>\n\t\t<tr>\n\t\t\t<td data-align=\"left\">\n\t\t\t<p>grupo 1 \u2248 PASO \u2248<\/p>\n\t\t\t<\/td>\n\t\t\t<td>\n\t\t\t<p>grupo 8 \u2248 DESTREZA -Paso-<\/p>\n\t\t\t<\/td>\n\t\t<\/tr>\n\t\t<tr>\n\t\t\t<td data-align=\"left\">\n\t\t\t<p>grupo 2 \u2248 PASO \u2013 TROTE \u2248<\/p>\n\t\t\t<\/td>\n\t\t\t<td>\n\t\t\t<p>grupo 8 \u2248 DESTREZA -Paso-Trote-<\/p>\n\t\t\t<\/td>\n\t\t<\/tr>\n\t\t<tr>\n\t\t\t<td data-align=\"left\">\n\t\t\t<p>grupo 3 \u2248 PASO \u2013 TROTE \u2013 GALOPE \u2248<\/p>\n\t\t\t<\/td>\n\t\t\t<td>\n\t\t\t<p>grupo 4 \u2248 PASO \u2013 GALOPE \u2248<br>\n\t\t\tgrupo 8 \u2248 DESTREZA -Paso-Trote-Galope-<br>\n\t\t\tgrupo 8 \u2248 DESTREZA -Paso-Galope-<br>\n\t\t\tgrupo 9 \u2248 PREMIO MUSY \u2248<\/p>\n\t\t\t<\/td>\n\t\t<\/tr>\n\t\t<tr>\n\t\t\t<td data-align=\"left\">\n\t\t\t<p>grupo 4 \u2248 PASO \u2013 GALOPE \u2248<\/p>\n\t\t\t<\/td>\n\t\t\t<td>\n\t\t\t<p>grupo 3 \u2248 PASO \u2013 TROTE \u2013 GALOPE \u2248<br>\n\t\t\tgrupo 8 \u2248 DESTREZA -Paso-Trote-Galope-<br>\n\t\t\tgrupo 8 \u2248 DESTREZA -Paso-Galope-<br>\n\t\t\tgrupo 9 \u2248 PREMIO MUSY \u2248<\/p>\n\t\t\t<\/td>\n\t\t<\/tr>\n\t\t<tr>\n\t\t\t<td data-align=\"left\">\n\t\t\t<p>grupo 8 \u2248 DESTREZA -Paso-<\/p>\n\t\t\t<\/td>\n\t\t\t<td>\n\t\t\t<p>grupo 1 \u2248 PASO \u2248<\/p>\n\t\t\t<\/td>\n\t\t<\/tr>\n\t\t<tr>\n\t\t\t<td data-align=\"left\">\n\t\t\t<p>grupo 8 \u2248 DESTREZA -Paso-Trote-<\/p>\n\t\t\t<\/td>\n\t\t\t<td>\n\t\t\t<p>grupo 2 \u2248 PASO \u2013 TROTE \u2248<\/p>\n\t\t\t<\/td>\n\t\t<\/tr>\n\t\t<tr>\n\t\t\t<td data-align=\"left\">\n\t\t\t<p>grupo 8 \u2248 DESTREZA \u2248 -Paso-Trote-Galope-<br>\n\t\t\ty\/o<br>\n\t\t\tgrupo 8 \u2248 DESTREZA \u2248-Paso-Galope-<\/p>\n\t\t\t<\/td>\n\t\t\t<td>\n\t\t\t<p>grupo 3 \u2248 PASO \u2013 TROTE \u2013 GALOPE \u2248<br>\n\t\t\tgrupo 4 \u2248 PASO \u2013 GALOPE \u2248<br>\n\t\t\tgrupo 9 \u2248 PREMIO MUSY \u2248<\/p>\n\t\t\t<\/td>\n\t\t<\/tr>\n\t\t<tr>\n\t\t\t<td data-align=\"left\">\n\t\t\t<p>grupo 9 \u2248 PREMIO MUSY \u2248<\/p>\n\t\t\t<\/td>\n\t\t\t<td>\n\t\t\t<p>grupo 3 \u2248 PASO \u2013 TROTE \u2013 GALOPE \u2248<br>\n\t\t\tgrupo 4 \u2248 PASO \u2013 GALOPE \u2248<br>\n\t\t\tgrupo 8 \u2248 DESTREZA -Paso-Trote-Galope-<br>\n\t\t\tgrupo 8 \u2248 DESTREZA -Paso-Galope-<\/p>\n\t\t\t<\/td>\n\t\t<\/tr>\n\t<\/tbody><\/table>\n\n\n\n\n<p style=\"text-align: justify;\"><font color=\"#777777\" face=\"PT Sans, sans-serif\"><\/span><\/font><\/p><span style=\"font-size:15px;\"><p style=\"text-align: justify;\"><font color=\"#777777\" face=\"PT Sans, sans-serif\"><span style=\"\">Se puede participar con m\u00e1s de un caballo, aplic\u00e1ndose la tabla anterior a cada binomio.<\/font><\/p><p><font color=\"#777777\" face=\"PT Sans, sans-serif\">Una amazona puede inscribir en una misma prueba un m\u00e1ximo de 2 caballos, pudiendo inscribirse en otras pruebas con otros caballos distintos.<br>Un caballo puede ser inscrito hasta con 3 amazonas distintas, cada una formando un binomio amazona-caballo aislado.&nbsp;<br><\/font><\/p><p><font color=\"#777777\" face=\"PT Sans, sans-serif\">Cualquier binomio que realice una prueba de los grupos 3, 4, 8 o 9, no puede inscribirse en pruebas de los grupos 1 o 2. As\u00ed mismo, cualquier binomio que realice una prueba del grupo 2 no puede inscribirse en el grupo 1.<\/font><\/p><p><font color=\"#777777\" face=\"PT Sans, sans-serif\">Las pruebas del grupo 4 est\u00e1n indicadas para caballos ense\u00f1ados a la vaquera, que son montados, como manda la tradici\u00f3n, sujetando las riendas solo en la mano izquierda.<\/font><\/p><p><font color=\"#777777\" face=\"PT Sans, sans-serif\">No obstante podr\u00e1n inscribirse amazonas que montan a la inglesa o la espa\u00f1ola con las riendas en ambas manos.<\/font><\/p><p><font color=\"#777777\" face=\"PT Sans, sans-serif\">Las categor\u00edas 1, 2, 3, 4 y 8 pueden montarse indistintamente con las riendas manejadas a una o a dos manos.<\/font><\/p><p><font color=\"#777777\" face=\"PT Sans, sans-serif\">Quien opte por montar con una mano, deber\u00e1 sujetar las riendas en la mano izquierda y la baqueta en la mano derecha con el brazo derecho verticalmente hacia abajo. En este caso, cuando sea necesario ajustar la longitud de las riendas, se debe hacer con la mano derecha sobre la secci\u00f3n restante de las riendas que cae de la mano izquierda. Tocar o usar la mano derecha en la secci\u00f3n de las riendas entre la mano izquierda y el bocado se puntuar\u00e1 como un error, deduciendo la 1\u00aa vez, 2 puntos; la 2\u00aa vez, 4 puntos y la 3\u00aa vez, eliminaci\u00f3n.<\/font><\/p><p><font color=\"#777777\" face=\"PT Sans, sans-serif\">Las amazonas a la vaquera, deben realizar la prueba con las riendas en una sola mano, excepto si la prueba lo autoriza expresamente.<\/font><\/p><p><font color=\"#777777\" face=\"PT Sans, sans-serif\"><p><\/p><\/font><\/p><p><font color=\"#777777\" face=\"PT Sans, sans-serif\">La categor\u00eda 9 \u2248 Premio Musy \u2248 debe obligatoriamente realizarse con silla inglesa y a dos manos en las riendas.<\/span><\/font><\/p>\n<p style=\"border: 0px; font-family: &quot;PT Sans&quot;, sans-serif; font-size: 18px; color: rgb(119, 119, 119);\"><strong style=\"border: 0px; font-weight: bold; outline: 0px; vertical-align: baseline;\">Atuendo y Arneses<\/strong><\/p> <br>\n<p style=\"text-align: justify;\"><font color=\"#777777\" face=\"PT Sans, sans-serif\"><span style=\"font-size: 16px;\">Todas las pruebas deben realizarse en silla de amazona.<\/span><\/font><\/p><p style=\"text-align: justify;\"><font color=\"#777777\" face=\"PT Sans, sans-serif\"><span style=\"font-size: 16px;\">Se puede usar cualquier cabezada, Inglesa, Espa\u00f1ola, Goyesca o vaquera, y embocadura <em>\u00abrazonable\u00bb<\/em>, filete, pelham, filete y bocado, o bocado solo.<\/span><\/font><\/p><p style=\"text-align: justify;\"><font color=\"#777777\" face=\"PT Sans, sans-serif\"><span style=\"font-size: 16px;\">Se ruega evitar mezclar arneses de diferentes estilos, por ejemplo, cabezada inglesa con silla vaquera.<\/span><\/font><\/p><p style=\"text-align: justify;\"><font color=\"#777777\" face=\"PT Sans, sans-serif\"><span style=\"font-size: 16px;\">Se ruega no apretar la muserola al m\u00e1ximo.<\/span><\/font><\/p><p style=\"text-align: justify;\"><font color=\"#777777\" face=\"PT Sans, sans-serif\"><span style=\"font-size: 16px;\">Se proh\u00edbe el uso de toda clase de rendajes, riendas correderas, el\u00e1sticas o fijas, gamarras, tijerillas, protectores, campanas o vendas.<\/span><\/font><\/p><p style=\"text-align: justify;\"><font color=\"#777777\" face=\"PT Sans, sans-serif\"><span style=\"font-size: 16px;\">Solo se permite el uso de tijerillas, protectores, campanas o vendas en las pruebas de categor\u00eda 9 \u2248 Premio Musy \u2248<\/span><\/font><\/p><p style=\"text-align: justify;\"><font color=\"#777777\" face=\"PT Sans, sans-serif\"><span style=\"font-size: 16px;\">No es imprescindible trenzar al caballo.<\/span><\/font><\/p><p style=\"text-align: justify;\"><font color=\"#777777\" face=\"PT Sans, sans-serif\"><span style=\"font-size: 16px;\"><br><\/span><\/font><\/p><p style=\"text-align: justify;\"><font color=\"#777777\" face=\"PT Sans, sans-serif\"><span style=\"font-size: 16px;\">La amazona debe llevar vara o baqueta que no supere los 100cm cuando se monta sujetando las riendas con ambas manos y que no supere los 70cm cuando monta con las riendas solo en la mano izquierda.<\/span><\/font><\/p><p style=\"text-align: justify;\"><font color=\"#777777\" face=\"PT Sans, sans-serif\"><span style=\"font-size: 16px;\"><br><\/span><\/font><\/p><p style=\"text-align: justify;\"><font color=\"#777777\" face=\"PT Sans, sans-serif\"><span style=\"font-size: 16px;\">No es obligatorio vestir un traje formal o de concurso de equitaci\u00f3n a la amazona, pero puesto que desde AEMA incentivamos las pr\u00e1cticas apropiadas para la equitaci\u00f3n a la amazona, las pruebas tienen una nota de presentaci\u00f3n con el fin de promover la forma correcta en el vestir entre las amazonas espa\u00f1olas.<\/span><\/font><\/p><p style=\"text-align: justify;\"><font color=\"#777777\" face=\"PT Sans, sans-serif\"><span style=\"font-size: 16px;\">Recomendamos la vestimenta correcta para montar a la amazona, aunque no se excluir\u00e1 a nadie por no tener el atuendo perfecto de amazona. Por favor, vista ropa de montar discreta, de colores sobrios, evite los accesorios innecesarios y lleve el cabello recogido, idealmente en un mo\u00f1o peque\u00f1o de manera que el pelo no toque el cuello de la camisa.<\/span><\/font><\/p><p style=\"text-align: justify;\"><font color=\"#777777\" face=\"PT Sans, sans-serif\"><span style=\"font-size: 16px;\">Es obligatorio calzado de equitaci\u00f3n, pantalones de montar, sombrero o casco y guantes; las menores deben llevar un casco homologado.<\/span><\/font><\/p><p style=\"text-align: justify;\"><font color=\"#777777\" face=\"PT Sans, sans-serif\"><span style=\"font-size: 16px;\">Las amazonas de pa\u00edses con vestimenta y arneses tradicionales propios pueden vestir con atuendo y arneses acorde a su usanza, preferiblemente adaptando el estilo de la falda entera a la media falda.<\/span><\/font><\/p>\n<p style=\"font-family: &quot;PT Sans&quot;, sans-serif; border: 0px; font-size: 18px; color: rgb(119, 119, 119);\"><strong style=\"font-weight: bold; border: 0px; outline: 0px; vertical-align: baseline;\">El Saludo&nbsp;<\/strong><\/p><p style=\"border: 0px; font-size: 18px; font-family: &quot;PT Sans&quot;, sans-serif; color: rgb(119, 119, 119);\"><br style=\"color: rgb(51, 51, 51); font-family: Dosis; font-size: 14px;\"><\/p>\n<p style=\"text-align: justify;\"><font color=\"#777777\" face=\"PT Sans, sans-serif\"><span style=\"font-size: 16px;\">El saludo de inicio y final de las pruebas, debe realizarse con el caballo en inmovilidad. La amazona debe pasar las riendas y baqueta a su mano izquierda, bajar la mano derecha para que el brazo caiga en vertical, inclinar la cabeza, y despu\u00e9s retomar las riendas y la baqueta en la mano derecha antes de iniciar la marcha del caballo.<\/span><\/font><\/p><p style=\"text-align: justify;\"><font color=\"#777777\" face=\"PT Sans, sans-serif\"><span style=\"font-size: 16px;\">Si la amazona omite el saludo se penalizar\u00e1 como un error.<\/span><\/font><\/p><p style=\"text-align: justify;\"><font color=\"#777777\" face=\"PT Sans, sans-serif\"><span style=\"font-size: 16px;\">La prueba comienza antes de entrar el caballo en pista y termina cuando el caballo abandona la pista tras el saludo final, por lo tanto, la grabaci\u00f3n debe iniciarse antes de entrar el caballo en el cuadrilongo y concluir despu\u00e9s de salir de la pista una vez haya terminado la prueba. Cualquier parte no grabada se penalizar\u00e1 como un error.<\/span><\/font><\/p><p><\/p><p><\/p>\n<p style=\"\"><font color=\"#777777\" face=\"PT Sans, sans-serif\"><span style=\"font-size: 18px;\"><b>Errores<\/b><\/span><\/font><\/p>\n<p style=\"border: 0px; font-family: &quot;PT Sans&quot;, sans-serif; font-size: 16px; color: rgb(119, 119, 119);\"><br><\/p><p style=\"border: 0px;\"><font color=\"#777777\" face=\"PT Sans, sans-serif\"><span style=\"font-size: 16px;\">Las equivocaciones en el orden o los ejercicios se contabilizan como un error, descontando la 1\u00aa vez, 2 puntos; la 2\u00aa vez, 4 puntos y la 3\u00aa vez, eliminaci\u00f3n.<\/span><\/font><\/p><p style=\"border: 0px;\"><font color=\"#777777\" face=\"PT Sans, sans-serif\"><span style=\"font-size: 16px;\">Los ejercicios no realizados no reciben puntos.<\/span><\/font><\/p>\n\n\n\n\n\n\n\n\n\n\n\n\n\n<p><span style=\"color: rgb(119, 119, 119); font-family: &quot;PT Sans&quot;, sans-serif; font-size: 13px;\">\u00a9AEMA 2020<\/span><\/p>\n\n\n\n\n\n\n\n\n\n\n","protected":false},"excerpt":{"rendered":"","protected":false},"author":1,"featured_media":0,"parent":0,"menu_order":0,"comment_status":"closed","ping_status":"closed","template":"","meta":{"pagelayer_contact_templates":[],"_pagelayer_content":"","footnotes":""},"folder":[18],"class_list":["post-281","page","type-page","status-publish","hentry"],"_links":{"self":[{"href":"https:\/\/www.monta-amazona.com\/aema\/wp-json\/wp\/v2\/pages\/281","targetHints":{"allow":["GET"]}}],"collection":[{"href":"https:\/\/www.monta-amazona.com\/aema\/wp-json\/wp\/v2\/pages"}],"about":[{"href":"https:\/\/www.monta-amazona.com\/aema\/wp-json\/wp\/v2\/types\/page"}],"author":[{"embeddable":true,"href":"https:\/\/www.monta-amazona.com\/aema\/wp-json\/wp\/v2\/users\/1"}],"replies":[{"embeddable":true,"href":"https:\/\/www.monta-amazona.com\/aema\/wp-json\/wp\/v2\/comments?post=281"}],"version-history":[{"count":3,"href":"https:\/\/www.monta-amazona.com\/aema\/wp-json\/wp\/v2\/pages\/281\/revisions"}],"predecessor-version":[{"id":291,"href":"https:\/\/www.monta-amazona.com\/aema\/wp-json\/wp\/v2\/pages\/281\/revisions\/291"}],"wp:attachment":[{"href":"https:\/\/www.monta-amazona.com\/aema\/wp-json\/wp\/v2\/media?parent=281"}],"wp:term":[{"taxonomy":"folder","embeddable":true,"href":"https:\/\/www.monta-amazona.com\/aema\/wp-json\/wp\/v2\/folder?post=281"}],"curies":[{"name":"wp","href":"https:\/\/api.w.org\/{rel}","templated":true}]}}