{"id":1160,"date":"2023-08-29T20:49:04","date_gmt":"2023-08-29T20:49:04","guid":{"rendered":"https:\/\/www.monta-amazona.com\/club\/?page_id=1160"},"modified":"2023-08-29T22:03:25","modified_gmt":"2023-08-29T22:03:25","slug":"socias-garbeo-8","status":"publish","type":"page","link":"https:\/\/www.monta-amazona.com\/club\/en\/socias-garbeo-8\/","title":{"rendered":"Socias Garbeo 8"},"content":{"rendered":"<div class=\"wp-block-image\">\n<figure class=\"aligncenter size-full is-resized\"><img loading=\"lazy\" decoding=\"async\" src=\"https:\/\/www.monta-amazona.com\/club\/wp-content\/uploads\/2021\/01\/Inscripcion_640.jpg\" alt=\"\" class=\"wp-image-294\" style=\"width:310px;height:310px\" width=\"310\" height=\"310\" srcset=\"https:\/\/www.monta-amazona.com\/club\/wp-content\/uploads\/2021\/01\/Inscripcion_640.jpg 640w, https:\/\/www.monta-amazona.com\/club\/wp-content\/uploads\/2021\/01\/Inscripcion_640-300x300.jpg 300w, https:\/\/www.monta-amazona.com\/club\/wp-content\/uploads\/2021\/01\/Inscripcion_640-100x100.jpg 100w, https:\/\/www.monta-amazona.com\/club\/wp-content\/uploads\/2021\/01\/Inscripcion_640-600x600.jpg 600w, https:\/\/www.monta-amazona.com\/club\/wp-content\/uploads\/2021\/01\/Inscripcion_640-150x150.jpg 150w, https:\/\/www.monta-amazona.com\/club\/wp-content\/uploads\/2021\/01\/Inscripcion_640-12x12.jpg 12w, https:\/\/www.monta-amazona.com\/club\/wp-content\/uploads\/2021\/01\/Inscripcion_640-230x230.jpg 230w, https:\/\/www.monta-amazona.com\/club\/wp-content\/uploads\/2021\/01\/Inscripcion_640-80x80.jpg 80w\" sizes=\"auto, (max-width: 310px) 100vw, 310px\" \/><\/figure>\n<\/div>\n\n\n<p class=\"has-text-align-center\"> <span style=\"font-size: 16pt;\">Inscripci\u00f3n para Socias AEMA <\/span><br><span style=\"font-size: 16pt;\">\u00abGarbeo Virtual  8\u00bb septiembre 2023<\/span> <br>bimensual <br><strong>&#8211; hasta el 2 de Noviembre &#8211;<\/strong><\/p>\n\n\n\n<p class=\"has-text-align-center\" style=\"font-size:14px\"><span style=\"font-size: 8pt;\"> Rellene el siguiente formulario<\/span><\/p>\n\n\n<div class=\"frm_forms  with_frm_style frm_style_estilos-formidable\" id=\"frm_form_26_container\" data-token=\"e3c8d8f47b278bf49a2ab87256227e7c\">\n<form enctype=\"multipart\/form-data\" method=\"post\" class=\"frm-show-form \" id=\"form_garbeo8socias\" data-token=\"e3c8d8f47b278bf49a2ab87256227e7c\">\n<div class=\"frm_form_fields \">\n<fieldset>\n<legend class=\"frm_screen_reader\">\u00abGarbeo Virtual 8\u00bb Oto\u00f1o 2023 \u2248Socias\u2248<\/legend>\r\n\r\n<div class=\"frm_fields_container\">\n<input type=\"hidden\" name=\"frm_action\" value=\"create\" \/>\n<input type=\"hidden\" name=\"form_id\" value=\"26\" \/>\n<input type=\"hidden\" name=\"frm_hide_fields_26\" id=\"frm_hide_fields_26\" value=\"\" \/>\n<input type=\"hidden\" name=\"form_key\" value=\"garbeo8socias\" \/>\n<input type=\"hidden\" name=\"item_meta[0]\" value=\"\" \/>\n<input type=\"hidden\" id=\"frm_submit_entry_26\" name=\"frm_submit_entry_26\" value=\"b0d252ded2\" \/><input type=\"hidden\" name=\"_wp_http_referer\" value=\"\/club\/en\/wp-json\/wp\/v2\/pages\/1160\" \/><div id=\"frm_field_577_container\" class=\"frm_form_field  frm_html_container form-field\"><img loading=\"lazy\" decoding=\"async\" class=\"aligncenter size-medium wp-image-4167\" src=\"https:\/\/www.monta-amazona.com\/club\/wp-content\/uploads\/2023\/08\/LogoAEMAColor_28.png\" alt=\"\" width=\"100\" height=\"100\" \/><\/div>\n<div id=\"frm_field_578_container\" class=\"frm_form_field  frm_html_container form-field\"><span style=\"font-size: 14pt;\">Registro de Inscripci\u00f3n<\/span> para el <span style=\"font-size: 14pt;\"><strong>\u00abGarbeo Virtual 8\u00bb<\/strong> Oto\u00f1o 2023<\/span><\/p>\n<p>Este formulario es para <strong>Socias AEMA<\/strong><\/p>\n<p>Inscripci\u00f3n <strong>hasta <span style=\"font-size: 12pt;\">30 de octubre<\/span><\/strong><br \/>\nEntrega de v\u00eddeos de las pruebas <strong><span style=\"font-size: 12pt;\">hasta 2 noviembre 2023<\/span><\/strong><br \/>\n<span style=\"font-size: 10pt;\">Marque las pruebas en las que va a participar en cada grupo en este formulario <\/span><br \/>\n<span style=\"font-size: 10pt;\">Consulte las incompatibilidades de inscripci\u00f3n en diferentes grupos de pruebas en <a href=\"https:\/\/www.monta-amazona.com\/club\/normas\/\" target=\"_blank\" rel=\"noopener\" data-id=\"https:\/\/www.monta-amazona.com\/club\/normas\/\" data-type=\"URL\">Normas<\/a><\/span><\/p>\n<p><span style=\"font-size: 10pt;\">Por favor, rellene todos los apartados de este formulario, son necesarios para enviarle el resultado y el premio.<\/span><\/p>\n<p><span style=\"font-size: 10pt;\">Consulte las instrucciones para grabaci\u00f3n y env\u00edo de v\u00eddeo en <a href=\"https:\/\/www.monta-amazona.com\/club\/consejos\/\" target=\"_blank\" rel=\"noopener\" data-id=\"https:\/\/www.monta-amazona.com\/club\/consejos\/\" data-type=\"URL\">Consejos<\/a><br \/>\n\u200b<\/span> <span style=\"font-size: 10pt;\">para cualquier aclaraci\u00f3n o duda, escriba a <em>aema.concurso@gmail.com<\/em><\/span><\/div>\n<div id=\"frm_field_579_container\" class=\"frm_form_field form-field  frm_required_field frm_top_container frm_fourth\">\r\n    <label for=\"field_20u96\" id=\"field_20u96_label\" class=\"frm_primary_label\">Socia AEMA n\u00ba\r\n        <span class=\"frm_required\" aria-hidden=\"true\">*<\/span>\r\n    <\/label>\r\n    <input type=\"number\" id=\"field_20u96\" name=\"item_meta[579]\" value=\"\"  data-reqmsg=\"Este campo no puede estar en blanco.\" aria-required=\"true\" data-invmsg=\"N\u00famero no es v\u00e1lido\" aria-invalid=\"false\"   min=\"101\" max=\"500\" step=\"any\"\/>\r\n    \r\n    \r\n<\/div>\n<div id=\"frm_field_580_container\" class=\"frm_form_field  frm_three_fourths frm_html_container form-field\"><span style=\"font-size: 10pt;\">si no recuerda su n\u00ba de socia,<br \/>\npregunte en <em>aema.asociacion@gmail.com<\/em><\/span><br \/>\n<span style=\"font-size: 10pt;\">o por m\u00f3vil o Telegram al 692 192 777<\/span><\/div>\n<div id=\"frm_field_581_container\" class=\"frm_form_field form-field  frm_required_field frm_top_container frm_three_fourths\">\r\n    <label for=\"field_hhpdq\" id=\"field_hhpdq_label\" class=\"frm_primary_label\">Correo electr\u00f3nico\r\n        <span class=\"frm_required\" aria-hidden=\"true\">*<\/span>\r\n    <\/label>\r\n    <input type=\"email\" id=\"field_hhpdq\" name=\"item_meta[581]\" value=\"\"  data-reqmsg=\"Este campo no puede estar en blanco.\" aria-required=\"true\" data-invmsg=\"Correo electr\u00f3nico no es v\u00e1lido\" aria-invalid=\"false\"  \/>\r\n    \r\n    \r\n<\/div>\n<div id=\"frm_field_582_container\" class=\"frm_form_field form-field  frm_required_field frm_top_container frm_fourth\">\r\n    <label for=\"field_tkuka\" id=\"field_tkuka_label\" class=\"frm_primary_label\">Tel\u00e9fono\r\n        <span class=\"frm_required\" aria-hidden=\"true\">*<\/span>\r\n    <\/label>\r\n    <input type=\"text\" id=\"field_tkuka\" name=\"item_meta[582]\" value=\"\"  data-reqmsg=\"Este campo no puede estar en blanco.\" aria-required=\"true\" data-invmsg=\"Texto no es v\u00e1lido\" aria-invalid=\"false\"  \/>\r\n    \r\n    \r\n<\/div>\n<div id=\"frm_field_583_container\" class=\"frm_form_field form-field  frm_required_field frm_top_container\">\r\n    <div  id=\"field_y85l_label\" class=\"frm_primary_label\">Nombre y Apellido\r\n        <span class=\"frm_required\" aria-hidden=\"true\">*<\/span>\r\n    <\/div>\r\n    <fieldset aria-labelledby=\"field_y85l_label\">\n\t<legend class=\"frm_screen_reader frm_hidden\">\n\t\tNombre y Apellido\t<\/legend>\n\n\t<div  class=\"frm_combo_inputs_container\" id=\"frm_combo_inputs_container_583\" data-name-layout=\"first_last\">\n\t\t\t\t\t<div\n\t\t\t\tid=\"frm_field_583-first_container\"\n\t\t\t\tclass=\"frm_form_field form-field frm_form_subfield-first  frm6\"\n\t\t\t\tdata-sub-field-name=\"first\"\n\t\t\t>\n\t\t\t\t<label for=\"field_y85l_first\" class=\"frm_screen_reader frm_hidden\">\n\t\t\t\t\tNombre\t\t\t\t<\/label>\n\n\t\t\t\t<input  type=\"text\" id=\"field_y85l_first\" value=\"\" name=\"item_meta[583][first]\" autocomplete=\"given-name\" data-reqmsg=\"Este campo no puede estar en blanco.\" aria-required=\"true\" data-invmsg=\"Nombre y Apellido is invalid\" aria-invalid=\"false\"  \/><div class=\"frm_description\" id=\"frm_field_583_first_desc\">Nombre<\/div>\t\t\t<\/div>\n\t\t\t\t\t\t<div\n\t\t\t\tid=\"frm_field_583-last_container\"\n\t\t\t\tclass=\"frm_form_field form-field frm_form_subfield-last  frm6\"\n\t\t\t\tdata-sub-field-name=\"last\"\n\t\t\t>\n\t\t\t\t<label for=\"field_y85l_last\" class=\"frm_screen_reader frm_hidden\">\n\t\t\t\t\tApellidos\t\t\t\t<\/label>\n\n\t\t\t\t<input  type=\"text\" id=\"field_y85l_last\" value=\"\" name=\"item_meta[583][last]\" autocomplete=\"family-name\" data-reqmsg=\"Este campo no puede estar en blanco.\" aria-required=\"true\" data-invmsg=\"Nombre y Apellido is invalid\" aria-invalid=\"false\"  \/><div class=\"frm_description\" id=\"frm_field_583_last_desc\">Apellidos<\/div>\t\t\t<\/div>\n\t\t\t\t<\/div>\n<\/fieldset>\n\r\n    \r\n    \r\n<\/div>\n<div id=\"frm_field_584_container\" class=\"frm_form_field form-field  frm_required_field frm_top_container\">\r\n    <label for=\"field_hy5dj\" id=\"field_hy5dj_label\" class=\"frm_primary_label\">Nombre del Caballo\r\n        <span class=\"frm_required\" aria-hidden=\"true\">*<\/span>\r\n    <\/label>\r\n    <input type=\"text\" id=\"field_hy5dj\" name=\"item_meta[584]\" value=\"\"  data-reqmsg=\"Este campo no puede estar en blanco.\" aria-required=\"true\" data-invmsg=\"Texto no es v\u00e1lido\" aria-invalid=\"false\"  \/>\r\n    \r\n    \r\n<\/div>\n<div id=\"frm_field_585_container\" class=\"frm_form_field form-field  frm_top_container frm6 frm_first\">\r\n    <label for=\"field_s123w\" id=\"field_s123w_label\" class=\"frm_primary_label\">Equitaci\u00f3n 100 \u2248Paso\u2248\r\n        <span class=\"frm_required\" aria-hidden=\"true\"><\/span>\r\n    <\/label>\r\n    \t\t<select name=\"item_meta[585]\" id=\"field_s123w\"  data-invmsg=\"Equitaci\u00f3n 100 \u2248Paso\u2248 is invalid\" aria-invalid=\"false\"  >\n\t\t<option  value=\"-\">-<\/option><option  value=\"Prueba AEMA 101c \u2248Paso\u2248\">Prueba AEMA 101c \u2248Paso\u2248<\/option><option  value=\"Prueba AEMA 102c \u2248Paso\u2248\">Prueba AEMA 102c \u2248Paso\u2248<\/option><option  value=\"Prueba AEMA 103c \u2248Paso\u2248\">Prueba AEMA 103c \u2248Paso\u2248<\/option><option  value=\"Prueba AEMA 104c \u2248Paso\u2248\">Prueba AEMA 104c \u2248Paso\u2248<\/option>\t<\/select>\n\t\r\n    \r\n    \r\n<\/div>\n<div id=\"frm_field_586_container\" class=\"frm_form_field form-field  frm_top_container frm6\">\r\n    <label for=\"field_cll8q\" id=\"field_cll8q_label\" class=\"frm_primary_label\">Equitaci\u00f3n 200 \u2248Paso-Trote\u2248\r\n        <span class=\"frm_required\" aria-hidden=\"true\"><\/span>\r\n    <\/label>\r\n    \t\t<select name=\"item_meta[586]\" id=\"field_cll8q\"  data-invmsg=\"Equitaci\u00f3n 200 \u2248Paso-Trote\u2248 is invalid\" aria-invalid=\"false\"  >\n\t\t<option  value=\"-\">-<\/option><option  value=\"Prueba AEMA 201c \u2248Paso-Trote\u2248\">Prueba AEMA 201c \u2248Paso-Trote\u2248<\/option><option  value=\"Prueba AEMA 202c \u2248Paso-Trote\u2248\">Prueba AEMA 202c \u2248Paso-Trote\u2248<\/option><option  value=\"Prueba AEMA 203c \u2248Paso-Trote\u2248\">Prueba AEMA 203c \u2248Paso-Trote\u2248<\/option><option  value=\"Prueba AEMA 204c \u2248Paso-Trote\u2248\">Prueba AEMA 204c \u2248Paso-Trote\u2248<\/option><option  value=\"Prueba AEMA 205c \u2248Paso-Trote\u2248\">Prueba AEMA 205c \u2248Paso-Trote\u2248<\/option>\t<\/select>\n\t\r\n    \r\n    \r\n<\/div>\n<div id=\"frm_field_587_container\" class=\"frm_form_field form-field  frm_top_container frm6 frm_first\">\r\n    <label for=\"field_oje4d\" id=\"field_oje4d_label\" class=\"frm_primary_label\">Equitaci\u00f3n 300 \u2248Paso-Trote-Galope\u2248\r\n        <span class=\"frm_required\" aria-hidden=\"true\"><\/span>\r\n    <\/label>\r\n    \t\t<select name=\"item_meta[587]\" id=\"field_oje4d\"  data-invmsg=\"Equitaci\u00f3n 300 \u2248Paso-Trote-Galope\u2248 is invalid\" aria-invalid=\"false\"  >\n\t\t<option  value=\"-\">-<\/option><option  value=\"Prueba AEMA 301c \u2248Paso-Trote-Galope\u2248Opci\u00f3n 1\">Prueba AEMA 301c \u2248Paso-Trote-Galope\u2248Opci\u00f3n 1<\/option><option  value=\"Prueba AEMA 302c \u2248Paso-Trote-Galope\u2248\">Prueba AEMA 302c \u2248Paso-Trote-Galope\u2248<\/option><option  value=\"Prueba AEMA 303c \u2248Paso-Trote-Galope\u2248\">Prueba AEMA 303c \u2248Paso-Trote-Galope\u2248<\/option><option  value=\"Prueba AEMA 304c \u2248Paso-Trote-Galope\u2248\">Prueba AEMA 304c \u2248Paso-Trote-Galope\u2248<\/option><option  value=\"Prueba AEMA 305c \u2248Paso-Trote-Galope\u2248\">Prueba AEMA 305c \u2248Paso-Trote-Galope\u2248<\/option><option  value=\"Prueba AEMA 306c \u2248Paso-Trote-Galope\u2248\">Prueba AEMA 306c \u2248Paso-Trote-Galope\u2248<\/option>\t<\/select>\n\t\r\n    \r\n    \r\n<\/div>\n<div id=\"frm_field_588_container\" class=\"frm_form_field form-field  frm_top_container frm6\">\r\n    <label for=\"field_reqcu\" id=\"field_reqcu_label\" class=\"frm_primary_label\">Equitaci\u00f3n 400 \u2248Paso-Galope\u2248\r\n        <span class=\"frm_required\" aria-hidden=\"true\"><\/span>\r\n    <\/label>\r\n    \t\t<select name=\"item_meta[588]\" id=\"field_reqcu\"  data-invmsg=\"Equitaci\u00f3n 400 \u2248Paso-Galope\u2248 is invalid\" aria-invalid=\"false\"  >\n\t\t<option  value=\"-\">-<\/option><option  value=\"Prueba AEMA 401c \u2248Paso-Galope\u2248\">Prueba AEMA 401c \u2248Paso-Galope\u2248<\/option><option  value=\"Prueba AEMA 402c \u2248Paso-Galope\u2248\">Prueba AEMA 402c \u2248Paso-Galope\u2248<\/option><option  value=\"Prueba AEMA 403c \u2248Paso-Galope\u2248\">Prueba AEMA 403c \u2248Paso-Galope\u2248<\/option><option  value=\"Prueba AEMA 404c \u2248Paso-Galope\u2248\">Prueba AEMA 404c \u2248Paso-Galope\u2248<\/option><option  value=\"Prueba AEMA 405c \u2248Paso-Galope\u2248\">Prueba AEMA 405c \u2248Paso-Galope\u2248<\/option><option  value=\"Prueba AEMA 406c \u2248Paso-Galope\u2248\">Prueba AEMA 406c \u2248Paso-Galope\u2248<\/option>\t<\/select>\n\t\r\n    \r\n    \r\n<\/div>\n<div id=\"frm_field_589_container\" class=\"frm_form_field form-field  frm_top_container frm6 frm_first\">\r\n    <label for=\"field_kztbg\" id=\"field_kztbg_label\" class=\"frm_primary_label\">\ud83c\udfc6 \u00abPremio Musy\u00bb \ud83c\udfc6\r\n        <span class=\"frm_required\" aria-hidden=\"true\"><\/span>\r\n    <\/label>\r\n    \t\t<select name=\"item_meta[589]\" id=\"field_kztbg\"  data-invmsg=\"\ud83c\udfc6 \u00abPremio Musy\u00bb \ud83c\udfc6 is invalid\" aria-invalid=\"false\"  >\n\t\t<option  value=\"-\">-<\/option><option  value=\"Premio Musy 911c\">Premio Musy 911c<\/option><option  value=\"Premio Musy 912c\">Premio Musy 912c<\/option><option  value=\"Premio Musy 913c\">Premio Musy 913c<\/option><option  value=\"Premio Musy 914c\">Premio Musy 914c<\/option><option  value=\"Premio Musy 921c\">Premio Musy 921c<\/option><option  value=\"Premio Musy 922c\">Premio Musy 922c<\/option><option  value=\"Premio Musy 923c\">Premio Musy 923c<\/option><option  value=\"Premio Musy 924c\">Premio Musy 924c<\/option><option  value=\"Premio Musy 925c\">Premio Musy 925c<\/option><option  value=\"Premio Musy 931c\">Premio Musy 931c<\/option><option  value=\"Premio Musy 932c\">Premio Musy 932c<\/option><option  value=\"Premio Musy 933c\">Premio Musy 933c<\/option><option  value=\"Premio Musy 934c\">Premio Musy 934c<\/option><option  value=\"Premio Musy 935c\">Premio Musy 935c<\/option><option  value=\"Premio Musy 936c\">Premio Musy 936c<\/option>\t<\/select>\n\t\r\n    \r\n    \r\n<\/div>\n<div id=\"frm_field_590_container\" class=\"frm_form_field form-field  frm_top_container frm6\">\r\n    <label for=\"field_n5nxu\" id=\"field_n5nxu_label\" class=\"frm_primary_label\">Equitaci\u00f3n 600 \u2248Pruebas Libres\u2248\r\n        <span class=\"frm_required\" aria-hidden=\"true\"><\/span>\r\n    <\/label>\r\n    \t\t<select name=\"item_meta[590]\" id=\"field_n5nxu\"  data-invmsg=\"Equitaci\u00f3n 600 \u2248Pruebas Libres\u2248 is invalid\" aria-invalid=\"false\"  >\n\t\t<option  value=\"-\">-<\/option><option  value=\"Prueba Libre ~Paso-Trote-Galope~\">Prueba Libre ~Paso-Trote-Galope~<\/option><option  value=\"Prueba Libre ~Paso-Galope~\">Prueba Libre ~Paso-Galope~<\/option>\t<\/select>\n\t\r\n    \r\n    \r\n<\/div>\n<div id=\"frm_field_591_container\" class=\"frm_form_field form-field  frm_required_field frm_top_container\">\r\n    <label for=\"field_hj7qx\" id=\"field_hj7qx_label\" class=\"frm_primary_label\">Direcci\u00f3n\r\n        <span class=\"frm_required\" aria-hidden=\"true\">*<\/span>\r\n    <\/label>\r\n    <input type=\"text\" id=\"field_hj7qx\" name=\"item_meta[591]\" value=\"\"  data-reqmsg=\"Este campo no puede estar en blanco.\" aria-required=\"true\" data-invmsg=\"Texto no es v\u00e1lido\" aria-invalid=\"false\"  \/>\r\n    \r\n    \r\n<\/div>\n<div id=\"frm_field_592_container\" class=\"frm_form_field form-field  frm_top_container\">\r\n    <label for=\"field_8tzvw\" id=\"field_8tzvw_label\" class=\"frm_primary_label\">Direcci\u00f3n\r\n        <span class=\"frm_required\" aria-hidden=\"true\"><\/span>\r\n    <\/label>\r\n    <input type=\"text\" id=\"field_8tzvw\" name=\"item_meta[592]\" value=\"\"  data-invmsg=\"Texto no es v\u00e1lido\" aria-invalid=\"false\"  \/>\r\n    \r\n    \r\n<\/div>\n<div id=\"frm_field_593_container\" class=\"frm_form_field form-field  frm_required_field frm_top_container frm_fourth\">\r\n    <label for=\"field_ugm7g\" id=\"field_ugm7g_label\" class=\"frm_primary_label\">C\u00f3digo Postal\r\n        <span class=\"frm_required\" aria-hidden=\"true\">*<\/span>\r\n    <\/label>\r\n    <input type=\"text\" id=\"field_ugm7g\" name=\"item_meta[593]\" value=\"\"  data-reqmsg=\"Este campo no puede estar en blanco.\" aria-required=\"true\" data-invmsg=\"Texto no es v\u00e1lido\" aria-invalid=\"false\"  \/>\r\n    \r\n    \r\n<\/div>\n<div id=\"frm_field_594_container\" class=\"frm_form_field form-field  frm_required_field frm_top_container frm_three_fourths\">\r\n    <label for=\"field_o5vfb\" id=\"field_o5vfb_label\" class=\"frm_primary_label\">Ciudad\r\n        <span class=\"frm_required\" aria-hidden=\"true\">*<\/span>\r\n    <\/label>\r\n    <input type=\"text\" id=\"field_o5vfb\" name=\"item_meta[594]\" value=\"\"  data-reqmsg=\"Este campo no puede estar en blanco.\" aria-required=\"true\" data-invmsg=\"Texto no es v\u00e1lido\" aria-invalid=\"false\"  \/>\r\n    \r\n    \r\n<\/div>\n<div id=\"frm_field_595_container\" class=\"frm_form_field form-field  frm_top_container\">\r\n    <label for=\"field_p4y4h\" id=\"field_p4y4h_label\" class=\"frm_primary_label\">Provincia\/Regi\u00f3n\r\n        <span class=\"frm_required\" aria-hidden=\"true\"><\/span>\r\n    <\/label>\r\n    <input type=\"text\" id=\"field_p4y4h\" name=\"item_meta[595]\" value=\"\"  data-invmsg=\"Texto no es v\u00e1lido\" aria-invalid=\"false\"  \/>\r\n    \r\n    \r\n<\/div>\n<div id=\"frm_field_596_container\" class=\"frm_form_field form-field  frm_top_container\">\r\n    <label for=\"field_qp7in\" id=\"field_qp7in_label\" class=\"frm_primary_label\">Pa\u00eds\r\n        <span class=\"frm_required\" aria-hidden=\"true\"><\/span>\r\n    <\/label>\r\n    <input type=\"text\" id=\"field_qp7in\" name=\"item_meta[596]\" value=\"\"  data-invmsg=\"Texto no es v\u00e1lido\" aria-invalid=\"false\"  \/>\r\n    \r\n    \r\n<\/div>\n<div id=\"frm_field_597_container\" class=\"frm_form_field form-field  frm_top_container\">\r\n    <label for=\"field_ucyet\" id=\"field_ucyet_label\" class=\"frm_primary_label\">Nota que quiera a\u00f1adir a su inscripci\u00f3n\r\n        <span class=\"frm_required\" aria-hidden=\"true\"><\/span>\r\n    <\/label>\r\n    <textarea name=\"item_meta[597]\" id=\"field_ucyet\" rows=\"5\"  data-invmsg=\"Nota que quiera a\u00f1adir a su inscripci\u00f3n is invalid\" aria-invalid=\"false\"  ><\/textarea>\r\n    \r\n    \r\n<\/div>\n<div id=\"frm_field_598_container\" class=\"frm_form_field  frm_html_container form-field\">\n<hr style=\"height: 2px; background-color: #45b0e6;\" \/><\/div>\n<div id=\"frm_field_599_container\" class=\"frm_form_field  frm_html_container form-field\"><span style=\"font-size: 16px;\">Conexi\u00f3n Segura SSL<\/span><\/p>\n<p><img decoding=\"async\" src=\"https:\/\/www.monta-amazona.com\/club\/wp-content\/uploads\/2021\/01\/sectigo_trust_seal_sm_82x32.png\" \/><\/div>\n<div id=\"frm_field_600_container\" class=\"frm_form_field  frm_html_container form-field\"><span style=\"font-size: 12px;\">La informaci\u00f3n recogida en este formulario ser\u00e1 utilizada exclusivamente para los fines de la asociaci\u00f3n y puede ser modificada o anulada por el titular en la sede social de la Asociaci\u00f3n.<\/span><br \/>\n<span style=\"font-size: 12px;\"><a href=\"https:\/\/www.monta-amazona.com\/clubaema\/privacy-policy\/\">Pol\u00edtica de Privacidad<\/a><\/span><\/div>\n<div id=\"frm_field_601_container\" class=\"frm_form_field  frm_html_container form-field\">\n<hr style=\"height: 2px; background-color: #45b0e6;\" \/><\/div>\n\t<input type=\"hidden\" name=\"item_key\" value=\"\" \/>\n\t\t\t<div id=\"frm_field_901_container\">\n\t\t\t<label for=\"field_q15dp\" >\n\t\t\t\tIf you are human, leave this field blank.\t\t\t<\/label>\n\t\t\t<input  id=\"field_q15dp\" type=\"text\" class=\"frm_form_field form-field frm_verify\" name=\"item_meta[901]\" value=\"\"  \/>\n\t\t<\/div>\n\t\t<input name=\"frm_state\" type=\"hidden\" value=\"Br+vvM2p3pO+31fjSihTJhajhAy6Ye6GM0MnXwCzhaU=\" \/><div class=\"frm_submit\">\r\n\r\n<button class=\"frm_button_submit\" type=\"submit\"  >Enviar<\/button>\r\n\r\n\r\n<\/div><\/div>\n<\/fieldset>\n<\/div>\n\n<p style=\"display: none !important;\" class=\"akismet-fields-container\" data-prefix=\"ak_\"><label>&#916;<textarea name=\"ak_hp_textarea\" cols=\"45\" rows=\"8\" maxlength=\"100\"><\/textarea><\/label><input type=\"hidden\" id=\"ak_js_1\" name=\"ak_js\" value=\"169\"\/><script>document.getElementById( \"ak_js_1\" ).setAttribute( \"value\", ( new Date() ).getTime() );<\/script><\/p><\/form>\n<\/div>\n\n","protected":false},"excerpt":{"rendered":"<p>Inscripci\u00f3n para Socias AEMA \u00abGarbeo Virtual 8\u00bb septiembre 2023 bimensual &#8211; hasta el 2 de Noviembre &#8211; Rellene el siguiente formulario<\/p>","protected":false},"author":1,"featured_media":0,"parent":0,"menu_order":0,"comment_status":"closed","ping_status":"closed","template":"","meta":{"footnotes":""},"folder":[],"class_list":["post-1160","page","type-page","status-publish","hentry"],"_links":{"self":[{"href":"https:\/\/www.monta-amazona.com\/club\/en\/wp-json\/wp\/v2\/pages\/1160","targetHints":{"allow":["GET"]}}],"collection":[{"href":"https:\/\/www.monta-amazona.com\/club\/en\/wp-json\/wp\/v2\/pages"}],"about":[{"href":"https:\/\/www.monta-amazona.com\/club\/en\/wp-json\/wp\/v2\/types\/page"}],"author":[{"embeddable":true,"href":"https:\/\/www.monta-amazona.com\/club\/en\/wp-json\/wp\/v2\/users\/1"}],"replies":[{"embeddable":true,"href":"https:\/\/www.monta-amazona.com\/club\/en\/wp-json\/wp\/v2\/comments?post=1160"}],"version-history":[{"count":1,"href":"https:\/\/www.monta-amazona.com\/club\/en\/wp-json\/wp\/v2\/pages\/1160\/revisions"}],"predecessor-version":[{"id":1172,"href":"https:\/\/www.monta-amazona.com\/club\/en\/wp-json\/wp\/v2\/pages\/1160\/revisions\/1172"}],"wp:attachment":[{"href":"https:\/\/www.monta-amazona.com\/club\/en\/wp-json\/wp\/v2\/media?parent=1160"}],"wp:term":[{"taxonomy":"folder","embeddable":true,"href":"https:\/\/www.monta-amazona.com\/club\/en\/wp-json\/wp\/v2\/folder?post=1160"}],"curies":[{"name":"wp","href":"https:\/\/api.w.org\/{rel}","templated":true}]}}