{"id":1238,"date":"2023-11-03T11:51:36","date_gmt":"2023-11-03T11:51:36","guid":{"rendered":"https:\/\/www.monta-amazona.com\/club\/?page_id=1238"},"modified":"2023-11-03T12:42:05","modified_gmt":"2023-11-03T12:42:05","slug":"inscripcion-231111-socias","status":"publish","type":"page","link":"https:\/\/www.monta-amazona.com\/club\/en\/inscripcion-231111-socias\/","title":{"rendered":"Inscripcion 231111 Socias"},"content":{"rendered":"<div class=\"wp-block-image\">\n<figure class=\"aligncenter is-resized\"><img decoding=\"async\" src=\"https:\/\/www.monta-amazona.com\/club\/wp-content\/uploads\/2023\/11\/231111_Inscrip-Socias.jpg\" alt=\"\" style=\"aspect-ratio:1;width:300px;height:auto\"\/><\/figure>\n<\/div>\n\n\n<p class=\"has-text-align-center\"><span style=\"font-size: 16pt;\">Inscripci\u00f3n para Socias<\/span> <span style=\"font-size: 14pt;\">AEMA<\/span><br><span style=\"font-size: 16pt;\">Fin de Semana AEMA a la Amazona<\/span><br>11-12 noviembre 2023 <\/p>\n\n\n\n<p class=\"has-text-align-center\" style=\"font-size:18px\">El Roc\u00edo, Huelva<\/p>\n\n\n\n<p class=\"has-text-align-center\" style=\"font-size:14px\">Inscripci\u00f3n para No Socias <a href=\"https:\/\/www.monta-amazona.com\/club\/inscripcion-231111-no-socias\/\" data-type=\"link\" data-id=\"https:\/\/www.monta-amazona.com\/club\/inscripcion-231111-no-socias\/\">aqu\u00ed<\/a><\/p>\n\n\n\n<p class=\"has-text-align-center\">\u23af\u23af\u23af\u23af\u23af\u23af\u23af\u23af\u23af\u23af\u23af\u23af\u23af\u23af\u23af\u23af\u23af\u23af\u23af\u23af\u23af\u23af\u23af\u23af\u23af\u23af\u23af\u23af\u23af\u23af\u23af\u23af\u23af\u23af\u23af<br>Rellene y env\u00ede el siguiente formulario<br>\u23af\u23af\u23af\u23af\u23af\u23af\u23af\u23af\u23af\u23af\u23af\u23af\u23af\u23af\u23af\u23af\u23af\u23af\u23af\u23af\u23af\u23af\u23af\u23af\u23af\u23af\u23af\u23af\u23af\u23af\u23af\u23af\u23af\u23af\u23af<\/p>\n\n\n<div class=\"frm_forms  with_frm_style frm_style_estilos-formidable\" id=\"frm_form_29_container\" data-token=\"e3c8d8f47b278bf49a2ab87256227e7c\">\n<form enctype=\"multipart\/form-data\" method=\"post\" class=\"frm-show-form \" id=\"form_231111_rocio_socias\" data-token=\"e3c8d8f47b278bf49a2ab87256227e7c\">\n<div class=\"frm_form_fields \">\n<fieldset>\n<legend class=\"frm_screen_reader\">231111_Rocio_Socias<\/legend>\r\n\r\n<div class=\"frm_fields_container\">\n<input type=\"hidden\" name=\"frm_action\" value=\"create\" \/>\n<input type=\"hidden\" name=\"form_id\" value=\"29\" \/>\n<input type=\"hidden\" name=\"frm_hide_fields_29\" id=\"frm_hide_fields_29\" value=\"\" \/>\n<input type=\"hidden\" name=\"form_key\" value=\"231111_rocio_socias\" \/>\n<input type=\"hidden\" name=\"item_meta[0]\" value=\"\" \/>\n<input type=\"hidden\" id=\"frm_submit_entry_29\" name=\"frm_submit_entry_29\" value=\"b0d252ded2\" \/><input type=\"hidden\" name=\"_wp_http_referer\" value=\"\/club\/en\/wp-json\/wp\/v2\/pages\/1238\" \/><div id=\"frm_field_659_container\" class=\"frm_form_field  frm_html_container form-field\"><img loading=\"lazy\" decoding=\"async\" class=\"aligncenter\" src=\"https:\/\/www.monta-amazona.com\/club\/wp-content\/uploads\/2023\/08\/LogoAEMAColor_28-600x600.png\" alt=\"Logo AEMA\" width=\"100\" height=\"100\" \/><\/div>\n<div id=\"frm_field_660_container\" class=\"frm_form_field  frm_html_container form-field\">\n<p style=\"text-align: center;\"><span style=\"font-family: verdana,geneva,sans-serif;\"><strong><u><span style=\"font-size: 18px;\">Fin de Semana AEMA El Roc\u00edo 11-12 noviembre 2023<\/span><\/u><\/strong><\/span><\/p>\n<p style=\"text-align: center;\"><strong><u><span style=\"font-size: 16px;\">Inscripci\u00f3n para Socias AEMA<\/span><\/u><\/strong><br \/>\n<span style=\"font-size: 14px;\">Inscripci\u00f3n para No Socias <a href=\"https:\/\/www.monta-amazona.com\/club\/inscripcion-231111-no-socias\/\">aqu\u00ed<\/a><\/span><\/p>\n<hr style=\"background: none; border-top: 2px solid #6868b2;\" \/>\n<p>Por favor, rellene los apartados obligatorios <strong><span style=\"color: #ff0000;\"><span style=\"font-size: 18px;\">*<\/span><\/span><\/strong> de este formulario, son necesarios para identificar su pago y enviarle la informaci\u00f3n del Curso.<br \/>\n<span style=\"font-size: 14px;\">Haga la suma e ingrese la cantidad en la cuenta AEMA cuyos datos figuran al pie de esta p\u00e1gina, indicando su nombre en el concepto.<\/span><br \/>\n<span style=\"font-size: 14px;\">El formulario solo es v\u00e1lido una vez recibido el pago correspondiente.<\/span><br \/>\n<span style=\"font-size: 14px;\">\u200bPara cualquier aclaraci\u00f3n o duda, escriba a <em>aema.club@monta-amazona.com<\/em><\/span><\/div>\n<div id=\"frm_field_661_container\" class=\"frm_form_field form-field  frm_required_field frm_top_container frm_third\">\r\n    <label for=\"field_9oi7n\" id=\"field_9oi7n_label\" class=\"frm_primary_label\">N\u00ba Socia AEMA\r\n        <span class=\"frm_required\" aria-hidden=\"true\">*<\/span>\r\n    <\/label>\r\n    <input type=\"number\" id=\"field_9oi7n\" name=\"item_meta[661]\" value=\"\"  data-reqmsg=\"Este campo no puede estar en blanco.\" aria-required=\"true\" data-invmsg=\"N\u00famero no es v\u00e1lido\" aria-invalid=\"false\"   min=\"101\" max=\"999\" step=\"any\"\/>\r\n    \r\n    \r\n<\/div>\n<div id=\"frm_field_662_container\" class=\"frm_form_field  frm6 frm_html_container form-field\"><span style=\"font-size: 10pt;\">si no recuerda su n\u00ba de socia,<br \/>\npregunte en <em>aema.asociacion@gmail.com<\/em><\/span><br \/>\n<span style=\"font-size: 10pt;\">o por m\u00f3vil o Telegram al 692 192 777<\/span><\/div>\n<div id=\"frm_field_663_container\" class=\"frm_form_field form-field  frm_required_field frm_top_container\">\r\n    <div  id=\"field_31mxx_label\" class=\"frm_primary_label\">Nombre y Apellidos\r\n        <span class=\"frm_required\" aria-hidden=\"true\">*<\/span>\r\n    <\/div>\r\n    <fieldset aria-labelledby=\"field_31mxx_label\">\n\t<legend class=\"frm_screen_reader frm_hidden\">\n\t\tNombre y Apellidos\t<\/legend>\n\n\t<div  class=\"frm_combo_inputs_container\" id=\"frm_combo_inputs_container_663\" data-name-layout=\"first_last\">\n\t\t\t\t\t<div\n\t\t\t\tid=\"frm_field_663-first_container\"\n\t\t\t\tclass=\"frm_form_field form-field frm_form_subfield-first  frm6\"\n\t\t\t\tdata-sub-field-name=\"first\"\n\t\t\t>\n\t\t\t\t<label for=\"field_31mxx_first\" class=\"frm_screen_reader frm_hidden\">\n\t\t\t\t\tNombre\t\t\t\t<\/label>\n\n\t\t\t\t<input  type=\"text\" id=\"field_31mxx_first\" value=\"\" name=\"item_meta[663][first]\" autocomplete=\"given-name\" data-reqmsg=\"Este campo no puede estar en blanco.\" aria-required=\"true\" data-invmsg=\"Nombre y Apellidos is invalid\" aria-invalid=\"false\"  \/><div class=\"frm_description\" id=\"frm_field_663_first_desc\">Nombre<\/div>\t\t\t<\/div>\n\t\t\t\t\t\t<div\n\t\t\t\tid=\"frm_field_663-last_container\"\n\t\t\t\tclass=\"frm_form_field form-field frm_form_subfield-last  frm6\"\n\t\t\t\tdata-sub-field-name=\"last\"\n\t\t\t>\n\t\t\t\t<label for=\"field_31mxx_last\" class=\"frm_screen_reader frm_hidden\">\n\t\t\t\t\tApellidos\t\t\t\t<\/label>\n\n\t\t\t\t<input  type=\"text\" id=\"field_31mxx_last\" value=\"\" name=\"item_meta[663][last]\" autocomplete=\"family-name\" data-reqmsg=\"Este campo no puede estar en blanco.\" aria-required=\"true\" data-invmsg=\"Nombre y Apellidos is invalid\" aria-invalid=\"false\"  \/><div class=\"frm_description\" id=\"frm_field_663_last_desc\">Apellidos<\/div>\t\t\t<\/div>\n\t\t\t\t<\/div>\n<\/fieldset>\n\r\n    \r\n    \r\n<\/div>\n<div id=\"frm_field_671_container\" class=\"frm_form_field form-field  frm_required_field frm_top_container frm_three_fourths\">\r\n    <label for=\"field_hq966\" id=\"field_hq966_label\" class=\"frm_primary_label\">Correo electr\u00f3nico\r\n        <span class=\"frm_required\" aria-hidden=\"true\">*<\/span>\r\n    <\/label>\r\n    <input type=\"email\" id=\"field_hq966\" name=\"item_meta[671]\" value=\"\"  data-reqmsg=\"Este campo no puede estar en blanco.\" aria-required=\"true\" data-invmsg=\"Correo electr\u00f3nico no es v\u00e1lido\" aria-invalid=\"false\"  \/>\r\n    \r\n    \r\n<\/div>\n<div id=\"frm_field_672_container\" class=\"frm_form_field form-field  frm_required_field frm_top_container frm_fourth\">\r\n    <label for=\"field_wydfj\" id=\"field_wydfj_label\" class=\"frm_primary_label\">Tel\u00e9fono\r\n        <span class=\"frm_required\" aria-hidden=\"true\">*<\/span>\r\n    <\/label>\r\n    <input type=\"text\" id=\"field_wydfj\" name=\"item_meta[672]\" value=\"\"  data-reqmsg=\"Este campo no puede estar en blanco.\" aria-required=\"true\" data-invmsg=\"Texto no es v\u00e1lido\" aria-invalid=\"false\"  \/>\r\n    \r\n    \r\n<\/div>\n<div id=\"frm_field_667_container\" class=\"frm_form_field  frm_html_container form-field\">\n<hr style=\"height: 2px; background-color: #45b0e6;\" \/><\/div>\n<div id=\"frm_field_669_container\" class=\"frm_form_field  frm_html_container form-field\"><span style=\"font-size: 18px;\">Datos para el Seguro Obligatorio<\/span><br \/>\n<span style=\"font-size: 15px;\"> Fecha de nacimiento y DNI<\/span><\/div>\n<div id=\"frm_field_664_container\" class=\"frm_form_field form-field  frm_required_field frm_top_container frm3 frm_first\">\r\n    <label for=\"field_sfftm\" id=\"field_sfftm_label\" class=\"frm_primary_label\">D\u00eda\r\n        <span class=\"frm_required\" aria-hidden=\"true\">*<\/span>\r\n    <\/label>\r\n    \t\t<select name=\"item_meta[664]\" id=\"field_sfftm\"  data-reqmsg=\"Este campo no puede estar en blanco.\" aria-required=\"true\" data-invmsg=\"D\u00eda is invalid\" aria-invalid=\"false\"  >\n\t\t<option  value=\"D\u00eda\">D\u00eda<\/option><option  value=\"1\">1<\/option><option  value=\"2\">2<\/option><option  value=\"3\">3<\/option><option  value=\"4\">4<\/option><option  value=\"5\">5<\/option><option  value=\"6\">6<\/option><option  value=\"7\">7<\/option><option  value=\"8\">8<\/option><option  value=\"9\">9<\/option><option  value=\"10\">10<\/option><option  value=\"11\">11<\/option><option  value=\"12\">12<\/option><option  value=\"13\">13<\/option><option  value=\"14\">14<\/option><option  value=\"15\">15<\/option><option  value=\"16\">16<\/option><option  value=\"17\">17<\/option><option  value=\"18\">18<\/option><option  value=\"19\">19<\/option><option  value=\"20\">20<\/option><option  value=\"21\">21<\/option><option  value=\"22\">22<\/option><option  value=\"23\">23<\/option><option  value=\"24\">24<\/option><option  value=\"25\">25<\/option><option  value=\"26\">26<\/option><option  value=\"27\">27<\/option><option  value=\"28\">28<\/option><option  value=\"29\">29<\/option><option  value=\"30\">30<\/option><option  value=\"31\">31<\/option>\t<\/select>\n\t\r\n    \r\n    \r\n<\/div>\n<div id=\"frm_field_665_container\" class=\"frm_form_field form-field  frm_required_field frm_top_container frm3\">\r\n    <label for=\"field_cfbyi\" id=\"field_cfbyi_label\" class=\"frm_primary_label\">Mes\r\n        <span class=\"frm_required\" aria-hidden=\"true\">*<\/span>\r\n    <\/label>\r\n    \t\t<select name=\"item_meta[665]\" id=\"field_cfbyi\"  data-reqmsg=\"Este campo no puede estar en blanco.\" aria-required=\"true\" data-invmsg=\"Mes is invalid\" aria-invalid=\"false\"  >\n\t\t<option  value=\"Mes\">Mes<\/option><option  value=\"enero\">enero<\/option><option  value=\"febrero\">febrero<\/option><option  value=\"marzo\">marzo<\/option><option  value=\"abril\">abril<\/option><option  value=\"mayo\">mayo<\/option><option  value=\"junio\">junio<\/option><option  value=\"julio\">julio<\/option><option  value=\"agosto\">agosto<\/option><option  value=\"septiembre\">septiembre<\/option><option  value=\"octubre\">octubre<\/option><option  value=\"noviembre\">noviembre<\/option><option  value=\"diciembre\">diciembre<\/option>\t<\/select>\n\t\r\n    \r\n    \r\n<\/div>\n<div id=\"frm_field_666_container\" class=\"frm_form_field form-field  frm_required_field frm_top_container frm3\">\r\n    <label for=\"field_q142g\" id=\"field_q142g_label\" class=\"frm_primary_label\">A\u00f1o\r\n        <span class=\"frm_required\" aria-hidden=\"true\">*<\/span>\r\n    <\/label>\r\n    \t\t<select name=\"item_meta[666]\" id=\"field_q142g\"  data-frmval=\"Opci\u00f3n 1\" data-reqmsg=\"Este campo no puede estar en blanco.\" aria-required=\"true\" data-invmsg=\"A\u00f1o is invalid\" aria-invalid=\"false\"  >\n\t\t<option  value=\"A\u00f1o\">A\u00f1o<\/option><option  value=\"2023\">2023<\/option><option  value=\"2022\">2022<\/option><option  value=\"2021\">2021<\/option><option  value=\"2020\">2020<\/option><option  value=\"2019\">2019<\/option><option  value=\"2018\">2018<\/option><option  value=\"2017\">2017<\/option><option  value=\"2016\">2016<\/option><option  value=\"2015\">2015<\/option><option  value=\"2014\">2014<\/option><option  value=\"2013\">2013<\/option><option  value=\"2012\">2012<\/option><option  value=\"2011\">2011<\/option><option  value=\"2010\">2010<\/option><option  value=\"2009\">2009<\/option><option  value=\"2008\">2008<\/option><option  value=\"2007\">2007<\/option><option  value=\"2006\">2006<\/option><option  value=\"2005\">2005<\/option><option  value=\"2004\">2004<\/option><option  value=\"2003\">2003<\/option><option  value=\"2002\">2002<\/option><option  value=\"2001\">2001<\/option><option  value=\"2000\">2000<\/option><option  value=\"1999\">1999<\/option><option  value=\"1998\">1998<\/option><option  value=\"1997\">1997<\/option><option  value=\"1996\">1996<\/option><option  value=\"1995\">1995<\/option><option  value=\"1994\">1994<\/option><option  value=\"1993\">1993<\/option><option  value=\"1992\">1992<\/option><option  value=\"1991\">1991<\/option><option  value=\"1990\">1990<\/option><option  value=\"1989\">1989<\/option><option  value=\"1988\">1988<\/option><option  value=\"1987\">1987<\/option><option  value=\"1986\">1986<\/option><option  value=\"1985\">1985<\/option><option  value=\"1984\">1984<\/option><option  value=\"1983\">1983<\/option><option  value=\"1982\">1982<\/option><option  value=\"1981\">1981<\/option><option  value=\"1980\">1980<\/option><option  value=\"1979\">1979<\/option><option  value=\"1978\">1978<\/option><option  value=\"1977\">1977<\/option><option  value=\"1976\">1976<\/option><option  value=\"1975\">1975<\/option><option  value=\"1974\">1974<\/option><option  value=\"1973\">1973<\/option><option  value=\"1972\">1972<\/option><option  value=\"1971\">1971<\/option><option  value=\"1970\">1970<\/option><option  value=\"1969\">1969<\/option><option  value=\"1968\">1968<\/option><option  value=\"1967\">1967<\/option><option  value=\"1966\">1966<\/option><option  value=\"1965\">1965<\/option><option  value=\"1964\">1964<\/option><option  value=\"1963\">1963<\/option><option  value=\"1962\">1962<\/option><option  value=\"1961\">1961<\/option><option  value=\"1960\">1960<\/option><option  value=\"1959\">1959<\/option><option  value=\"1958\">1958<\/option><option  value=\"1957\">1957<\/option><option  value=\"1956\">1956<\/option><option  value=\"1955\">1955<\/option><option  value=\"1954\">1954<\/option><option  value=\"1953\">1953<\/option><option  value=\"1952\">1952<\/option><option  value=\"1951\">1951<\/option><option  value=\"1950\">1950<\/option><option  value=\"1949\">1949<\/option><option  value=\"1948\">1948<\/option><option  value=\"1947\">1947<\/option><option  value=\"1946\">1946<\/option><option  value=\"1945\">1945<\/option><option  value=\"1944\">1944<\/option><option  value=\"1943\">1943<\/option><option  value=\"1942\">1942<\/option><option  value=\"1941\">1941<\/option><option  value=\"1940\">1940<\/option><option  value=\"1939\">1939<\/option><option  value=\"1938\">1938<\/option><option  value=\"1937\">1937<\/option><option  value=\"1936\">1936<\/option><option  value=\"1935\">1935<\/option><option  value=\"1934\">1934<\/option><option  value=\"1933\">1933<\/option><option  value=\"1932\">1932<\/option><option  value=\"1931\">1931<\/option><option  value=\"1930\">1930<\/option><option  value=\"1929\">1929<\/option><option  value=\"1928\">1928<\/option><option  value=\"1927\">1927<\/option><option  value=\"1926\">1926<\/option><option  value=\"1925\">1925<\/option><option  value=\"1924\">1924<\/option><option  value=\"1923\">1923<\/option><option  value=\"1922\">1922<\/option><option  value=\"1921\">1921<\/option><option  value=\"1920\">1920<\/option>\t<\/select>\n\t\r\n    \r\n    \r\n<\/div>\n<div id=\"frm_field_668_container\" class=\"frm_form_field form-field  frm_required_field frm_top_container frm3\">\r\n    <label for=\"field_sz4gw\" id=\"field_sz4gw_label\" class=\"frm_primary_label\">DNI\r\n        <span class=\"frm_required\" aria-hidden=\"true\">*<\/span>\r\n    <\/label>\r\n    <input type=\"text\" id=\"field_sz4gw\" name=\"item_meta[668]\" value=\"\"  maxlength=\"12\" data-reqmsg=\"Este campo no puede estar en blanco.\" aria-required=\"true\" data-invmsg=\"Texto no es v\u00e1lido\" aria-invalid=\"false\"  \/>\r\n    \r\n    \r\n<\/div>\n<div id=\"frm_field_670_container\" class=\"frm_form_field  frm_html_container form-field\">\n<hr style=\"height: 2px; background-color: #45b0e6;\" \/><\/div>\n<div id=\"frm_field_673_container\" class=\"frm_form_field  frm_html_container form-field\"><span style=\"font-family: verdana,geneva,sans-serif;\"><span style=\"font-size: 18px;\"><u>Selecci\u00f3n de Fin de Semana AEMA<\/u><\/span><\/span><\/p>\n<p><span style=\"color: #000066;\"><span style=\"font-size: 15px;\"><span style=\"font-family: verdana,geneva,sans-serif;\"><u>Opci\u00f3n 1:<\/u><\/span><\/span>\u00a0<span style=\"font-size: 18px;\"><span style=\"font-family: verdana,geneva,sans-serif;\">190\u20ac <span style=\"font-size: 15px;\">por persona<\/span><\/span><\/span><\/span><\/p>\n<p style=\"margin-left: 40px;\"><span style=\"font-size: 15px;\"><span style=\"font-family: verdana,geneva,sans-serif;\"><span style=\"color: #3399ff;\">\u00b7 Alojamiento 2 noches + desayunos<br \/>\n\u00b7 S\u00e1bado: Comida Campera y Cena \u00b7 Domingo: Comida<\/span><\/span><\/span><br \/>\n<span style=\"color: #808080;\"><span style=\"font-size: 12px;\"><span style=\"font-family: verdana, geneva, sans-serif;\">traiga sus s\u00e1banas\u00a0o saco de dormir y toalla<\/span><span style=\"font-family: verdana, geneva, sans-serif;\">s<\/span><\/span><\/span><\/p>\n<p><span style=\"font-family: verdana,geneva,sans-serif;\"><span style=\"font-size: 15px;\"><span style=\"color: #000066;\"><u>Opci\u00f3n 2:<\/u><\/span>\u00a0<\/span><\/span>\u00a0<span style=\"font-size: 18px;\"><span style=\"font-family: verdana,geneva,sans-serif;\">125\u20ac <span style=\"font-size: 15px;\">por persona<\/span><\/span><\/span><\/p>\n<p style=\"margin-left: 40px;\"><span style=\"font-size: 15px;\"><span style=\"color: #3399ff;\"><span style=\"font-family: verdana,geneva,sans-serif;\">\u00b7 S\u00e1bado: Comida Campera y Cena \u00b7 Domingo: Comida<\/span><\/span><\/span><br \/>\n<span style=\"color: #3399ff;\"><span style=\"font-size: 15px;\"><span style=\"font-family: verdana,geneva,sans-serif;\">~SIN Alojamiento~<\/span><\/span><\/span><\/p>\n<p><span style=\"font-size: 12px;\"><span style=\"font-family: verdana,geneva,sans-serif;\">Marque una de las siguientes opciones de su elecci\u00f3n<\/span><\/span><\/div>\n<div id=\"frm_field_674_container\" class=\"frm_form_field form-field  frm_top_container vertical_radio\">\r\n    <div  id=\"field_a9viq_label\" class=\"frm_primary_label\">Selecci\u00f3n Socias AEMA\r\n        <span class=\"frm_required\" aria-hidden=\"true\"><\/span>\r\n    <\/div>\r\n    <div class=\"frm_opt_container\" aria-labelledby=\"field_a9viq_label\" role=\"radiogroup\">\t\t<div class=\"frm_radio\" id=\"frm_radio_674-0\">\t\t\t<label  for=\"field_a9viq-0\">\n\t\t\t\t\t<input type=\"radio\" name=\"item_meta[674]\" id=\"field_a9viq-0\" value=\"Opci\u00f3n 1 \u00b7 Socias \u00b7 190\u20ac Alojamiento 2 noches \u00b7 Actividades y Comidas\"\n\t\t data-invmsg=\"Selecci\u00f3n Socias AEMA is invalid\"   \/> Opci\u00f3n 1 \u00b7 Socias \u00b7 190\u20ac Alojamiento 2 noches \u00b7 Actividades y Comidas<\/label><\/div>\n\t\t<div class=\"frm_radio\" id=\"frm_radio_674-1\">\t\t\t<label  for=\"field_a9viq-1\">\n\t\t\t\t\t<input type=\"radio\" name=\"item_meta[674]\" id=\"field_a9viq-1\" value=\"Opci\u00f3n 2 \u00b7 Socias \u00b7 125\u20ac Actividades y Comidas \u00b7 SIN Alojamiento\"\n\t\t data-invmsg=\"Selecci\u00f3n Socias AEMA is invalid\"   \/> Opci\u00f3n 2 \u00b7 Socias \u00b7 125\u20ac Actividades y Comidas \u00b7 SIN Alojamiento<\/label><\/div>\n<\/div>\r\n    \r\n    \r\n<\/div>\n<div id=\"frm_field_675_container\" class=\"frm_form_field form-field  frm_top_container vertical_radio\">\r\n    <div  id=\"field_elpmd_label\" class=\"frm_primary_label\">Suplementos\r\n        <span class=\"frm_required\" aria-hidden=\"true\"><\/span>\r\n    <\/div>\r\n    <div class=\"frm_opt_container\" aria-labelledby=\"field_elpmd_label\" role=\"group\">\t\t<div class=\"frm_checkbox\" id=\"frm_checkbox_675-0\">\t\t\t<label  for=\"field_elpmd-0\">\n\t\t\t<input type=\"checkbox\" name=\"item_meta[675][]\" id=\"field_elpmd-0\" value=\"Plaza en Coche de Mulas  Socias 40\u20ac -plazas limitadas-\"  data-invmsg=\"Suplementos is invalid\"   \/> Plaza en Coche de Mulas  Socias 40\u20ac -plazas limitadas-<\/label><\/div>\n\t\t<div class=\"frm_checkbox\" id=\"frm_checkbox_675-1\">\t\t\t<label  for=\"field_elpmd-1\">\n\t\t\t<input type=\"checkbox\" name=\"item_meta[675][]\" id=\"field_elpmd-1\" value=\"Cuadra  Socias 12\u20ac -plazas limitadas- caballo propio o de alquiler\"  data-invmsg=\"Suplementos is invalid\"   \/> Cuadra  Socias 12\u20ac -plazas limitadas- caballo propio o de alquiler<\/label><\/div>\n<\/div>\r\n    \r\n    \r\n<\/div>\n<div id=\"frm_field_676_container\" class=\"frm_form_field  frm_html_container form-field\">\n<hr style=\"height: 2px; background-color: #45b0e6;\" \/><\/div>\n<div id=\"frm_field_684_container\" class=\"frm_form_field  frm_html_container form-field\">\n<p><span style=\"font-family: verdana,geneva,sans-serif;\"><span style=\"font-size: 14px;\">Si desea un caballo de alquiler, las ofertas rondan los 300\u20ac para el fin de semana.<br \/>Tiene que traer su silla de amazona.<br \/>P\u00f3ngase en contacto con <em>aema.club@monta-amazona.com<\/em><br \/>o por tel\u00e9fono o Telegram al 692 192 777<\/span><\/span><\/p>\n<\/div>\n<div id=\"frm_field_677_container\" class=\"frm_form_field form-field  frm_top_container\">\r\n    <label for=\"field_59hkp\" id=\"field_59hkp_label\" class=\"frm_primary_label\">Nota que quiera a\u00f1adir a su inscripci\u00f3n\r\n        <span class=\"frm_required\" aria-hidden=\"true\"><\/span>\r\n    <\/label>\r\n    <textarea name=\"item_meta[677]\" id=\"field_59hkp\" rows=\"5\"  data-invmsg=\"Nota que quiera a\u00f1adir a su inscripci\u00f3n is invalid\" aria-invalid=\"false\"  ><\/textarea>\r\n    \r\n    \r\n<\/div>\n<div id=\"frm_field_678_container\" class=\"frm_form_field  frm_html_container form-field\">\n<hr style=\"height: 2px; background-color: #45b0e6;\" \/><\/div>\n<div id=\"frm_field_679_container\" class=\"frm_form_field  frm_html_container form-field\">\n<p>Por favor, realice el ingreso mediante transferencia bancaria<\/p>\n<p>en el concepto escriba:\u00a0<strong>111123<\/strong>, <strong>n\u00ba socia<\/strong> y\/o <strong>nombre<\/strong><\/p>\n<p>IBAN <span style=\"font-size: 16px;\"><strong>ES85 3081 0331 1729 7328 8323<\/strong><\/span><br \/>BIC: ERSVES22<br \/>Titular: Asociaci\u00f3n Espa\u00f1ola de Monta a la Amazona<br \/>Entidad: EuroCaja Rural<\/p>\n<p>El formulario adquiere validez cuando se haya recibido el pago.<\/p>\n<\/div>\n<div id=\"frm_field_680_container\" class=\"frm_form_field  frm_html_container form-field\">\n<hr style=\"height: 2px; background-color: #45b0e6;\" \/><\/div>\n<div id=\"frm_field_681_container\" class=\"frm_form_field  frm_html_container form-field\"><span style=\"font-size: 12px;\">La informaci\u00f3n recogida en este formulario ser\u00e1 utilizada exclusivamente para los fines de la asociaci\u00f3n y puede ser modificada o anulada por el titular en la sede social de la Asociaci\u00f3n.<\/span><br \/>\n<span style=\"font-size: 12px;\"><a href=\"https:\/\/www.monta-amazona.com\/clubaema\/privacy-policy\/\">Pol\u00edtica de Privacidad<\/a><\/span><\/div>\n<div id=\"frm_field_682_container\" class=\"frm_form_field  frm_html_container form-field\"><span style=\"font-size: 16px;\">Conexi\u00f3n Segura SSL<\/span><\/p>\n<p><img decoding=\"async\" src=\"https:\/\/monta-amazona.x10.mx\/club\/wp-content\/uploads\/2021\/01\/sectigo_trust_seal_sm_82x32.png\" \/><\/div>\n<div id=\"frm_field_683_container\" class=\"frm_form_field  frm_html_container form-field\">\n<hr style=\"height: 2px; background-color: #45b0e6;\" \/><\/div>\n\t<input type=\"hidden\" name=\"item_key\" value=\"\" \/>\n\t\t\t<div id=\"frm_field_901_container\">\n\t\t\t<label for=\"field_txmc8\" >\n\t\t\t\tIf you are human, leave this field blank.\t\t\t<\/label>\n\t\t\t<input  id=\"field_txmc8\" type=\"text\" class=\"frm_form_field form-field frm_verify\" name=\"item_meta[901]\" value=\"\"  \/>\n\t\t<\/div>\n\t\t<input name=\"frm_state\" type=\"hidden\" value=\"Br+vvM2p3pO+31fjSihTJhajhAy6Ye6GM0MnXwCzhaU=\" \/><div class=\"frm_submit\">\r\n\r\n<button class=\"frm_button_submit\" type=\"submit\"  >Enviar<\/button>\r\n\r\n\r\n<\/div><\/div>\n<\/fieldset>\n<\/div>\n\n<p style=\"display: none !important;\" class=\"akismet-fields-container\" data-prefix=\"ak_\"><label>&#916;<textarea name=\"ak_hp_textarea\" cols=\"45\" rows=\"8\" maxlength=\"100\"><\/textarea><\/label><input type=\"hidden\" id=\"ak_js_1\" name=\"ak_js\" value=\"210\"\/><script>document.getElementById( \"ak_js_1\" ).setAttribute( \"value\", ( new Date() ).getTime() );<\/script><\/p><\/form>\n<\/div>\n\n","protected":false},"excerpt":{"rendered":"<p>Inscripci\u00f3n para Socias AEMAFin de Semana AEMA a la Amazona11-12 noviembre 2023 El Roc\u00edo, Huelva Inscripci\u00f3n para No Socias aqu\u00ed \u23af\u23af\u23af\u23af\u23af\u23af\u23af\u23af\u23af\u23af\u23af\u23af\u23af\u23af\u23af\u23af\u23af\u23af\u23af\u23af\u23af\u23af\u23af\u23af\u23af\u23af\u23af\u23af\u23af\u23af\u23af\u23af\u23af\u23af\u23afRellene y env\u00ede el siguiente formulario\u23af\u23af\u23af\u23af\u23af\u23af\u23af\u23af\u23af\u23af\u23af\u23af\u23af\u23af\u23af\u23af\u23af\u23af\u23af\u23af\u23af\u23af\u23af\u23af\u23af\u23af\u23af\u23af\u23af\u23af\u23af\u23af\u23af\u23af\u23af<\/p>","protected":false},"author":1,"featured_media":0,"parent":0,"menu_order":0,"comment_status":"closed","ping_status":"closed","template":"","meta":{"footnotes":""},"folder":[],"class_list":["post-1238","page","type-page","status-publish","hentry"],"_links":{"self":[{"href":"https:\/\/www.monta-amazona.com\/club\/en\/wp-json\/wp\/v2\/pages\/1238","targetHints":{"allow":["GET"]}}],"collection":[{"href":"https:\/\/www.monta-amazona.com\/club\/en\/wp-json\/wp\/v2\/pages"}],"about":[{"href":"https:\/\/www.monta-amazona.com\/club\/en\/wp-json\/wp\/v2\/types\/page"}],"author":[{"embeddable":true,"href":"https:\/\/www.monta-amazona.com\/club\/en\/wp-json\/wp\/v2\/users\/1"}],"replies":[{"embeddable":true,"href":"https:\/\/www.monta-amazona.com\/club\/en\/wp-json\/wp\/v2\/comments?post=1238"}],"version-history":[{"count":4,"href":"https:\/\/www.monta-amazona.com\/club\/en\/wp-json\/wp\/v2\/pages\/1238\/revisions"}],"predecessor-version":[{"id":1251,"href":"https:\/\/www.monta-amazona.com\/club\/en\/wp-json\/wp\/v2\/pages\/1238\/revisions\/1251"}],"wp:attachment":[{"href":"https:\/\/www.monta-amazona.com\/club\/en\/wp-json\/wp\/v2\/media?parent=1238"}],"wp:term":[{"taxonomy":"folder","embeddable":true,"href":"https:\/\/www.monta-amazona.com\/club\/en\/wp-json\/wp\/v2\/folder?post=1238"}],"curies":[{"name":"wp","href":"https:\/\/api.w.org\/{rel}","templated":true}]}}