{"id":1279,"date":"2024-01-18T21:11:15","date_gmt":"2024-01-18T21:11:15","guid":{"rendered":"https:\/\/www.monta-amazona.com\/club\/?page_id=1279"},"modified":"2024-01-23T12:44:19","modified_gmt":"2024-01-23T12:44:19","slug":"inscripcion-2024-word","status":"publish","type":"page","link":"https:\/\/www.monta-amazona.com\/club\/en\/inscripcion-2024-word\/","title":{"rendered":"Inscripci\u00f3n 2024 Word"},"content":{"rendered":"<p class=\"has-text-align-center\"><span style=\"font-size: 12pt;\"><font color=\"black\"><em>Form to fill in on a computer with Word program<\/em><\/font><\/span> <br><a href=\"https:\/\/www.monta-amazona.com\/club\/wp-content\/uploads\/2024\/01\/Socia2024_AEMA.docx\">Membership Form 2024 for Word<\/a><span style=\"font-size: 12pt;\"> only on a PC<\/span> <br><span style=\"font-size: 10pt;\">can be filled in directly on a computer without printing <\/span><br><span style=\"font-size: 10pt;\">this option does not work on mobile or tablet<\/span><\/p>\n\n\n<div class=\"wp-block-image\">\n<figure class=\"aligncenter size-large is-resized\"><a href=\"https:\/\/www.monta-amazona.com\/club\/wp-content\/uploads\/2024\/01\/Socia2024_AEMA.docx\"><img loading=\"lazy\" decoding=\"async\" width=\"1055\" height=\"1557\" src=\"https:\/\/www.monta-amazona.com\/club\/wp-content\/uploads\/2024\/01\/Socia2024.jpg\" alt=\"\" class=\"wp-image-1278\" style=\"width:400px;height:auto\" srcset=\"https:\/\/www.monta-amazona.com\/club\/wp-content\/uploads\/2024\/01\/Socia2024.jpg 1055w, https:\/\/www.monta-amazona.com\/club\/wp-content\/uploads\/2024\/01\/Socia2024-203x300.jpg 203w, https:\/\/www.monta-amazona.com\/club\/wp-content\/uploads\/2024\/01\/Socia2024-694x1024.jpg 694w, https:\/\/www.monta-amazona.com\/club\/wp-content\/uploads\/2024\/01\/Socia2024-768x1133.jpg 768w, https:\/\/www.monta-amazona.com\/club\/wp-content\/uploads\/2024\/01\/Socia2024-1041x1536.jpg 1041w, https:\/\/www.monta-amazona.com\/club\/wp-content\/uploads\/2024\/01\/Socia2024-8x12.jpg 8w, https:\/\/www.monta-amazona.com\/club\/wp-content\/uploads\/2024\/01\/Socia2024-600x885.jpg 600w\" sizes=\"auto, (max-width: 1055px) 100vw, 1055px\" \/><\/a><\/figure>\n<\/div>\n\n\n<div class=\"wp-block-buttons is-horizontal is-content-justification-center is-layout-flex wp-container-core-buttons-is-layout-499968f5 wp-block-buttons-is-layout-flex\">\n<div class=\"wp-block-button is-style-fill\"><a class=\"wp-block-button__link has-white-color has-vivid-cyan-blue-background-color has-text-color has-background wp-element-button\" href=\"https:\/\/www.monta-amazona.com\/club\/wp-content\/uploads\/2024\/01\/Socia2024_AEMA.docx\">Download<\/a><\/div>\n<\/div>","protected":false},"excerpt":{"rendered":"<p>para rellenar en ordenador con programa Word Impreso de Inscripci\u00f3n 2024 Word para ordenador puede rellenarse en ordenador sin necesidad de imprimir, esta opci\u00f3n no funciona en m\u00f3vil ni tableta<\/p>","protected":false},"author":1,"featured_media":0,"parent":0,"menu_order":0,"comment_status":"closed","ping_status":"closed","template":"","meta":{"footnotes":""},"folder":[],"class_list":["post-1279","page","type-page","status-publish","hentry"],"_links":{"self":[{"href":"https:\/\/www.monta-amazona.com\/club\/en\/wp-json\/wp\/v2\/pages\/1279","targetHints":{"allow":["GET"]}}],"collection":[{"href":"https:\/\/www.monta-amazona.com\/club\/en\/wp-json\/wp\/v2\/pages"}],"about":[{"href":"https:\/\/www.monta-amazona.com\/club\/en\/wp-json\/wp\/v2\/types\/page"}],"author":[{"embeddable":true,"href":"https:\/\/www.monta-amazona.com\/club\/en\/wp-json\/wp\/v2\/users\/1"}],"replies":[{"embeddable":true,"href":"https:\/\/www.monta-amazona.com\/club\/en\/wp-json\/wp\/v2\/comments?post=1279"}],"version-history":[{"count":3,"href":"https:\/\/www.monta-amazona.com\/club\/en\/wp-json\/wp\/v2\/pages\/1279\/revisions"}],"predecessor-version":[{"id":1314,"href":"https:\/\/www.monta-amazona.com\/club\/en\/wp-json\/wp\/v2\/pages\/1279\/revisions\/1314"}],"wp:attachment":[{"href":"https:\/\/www.monta-amazona.com\/club\/en\/wp-json\/wp\/v2\/media?parent=1279"}],"wp:term":[{"taxonomy":"folder","embeddable":true,"href":"https:\/\/www.monta-amazona.com\/club\/en\/wp-json\/wp\/v2\/folder?post=1279"}],"curies":[{"name":"wp","href":"https:\/\/api.w.org\/{rel}","templated":true}]}}