{"id":1286,"date":"2024-01-19T00:26:25","date_gmt":"2024-01-19T00:26:25","guid":{"rendered":"https:\/\/www.monta-amazona.com\/club\/?page_id=1286"},"modified":"2024-01-23T12:43:10","modified_gmt":"2024-01-23T12:43:10","slug":"inscripcion-2024-impresora","status":"publish","type":"page","link":"https:\/\/www.monta-amazona.com\/club\/en\/inscripcion-2024-impresora\/","title":{"rendered":"Inscripci\u00f3n 2024 Impresora"},"content":{"rendered":"<p class=\"has-text-align-center\"><span style=\"font-size: 12pt;\"><font color=\"black\"><em>Form to print and fill in by hand <\/em><\/font><\/span> <br><a href=\"https:\/\/www.monta-amazona.com\/club\/wp-content\/uploads\/2024\/01\/Socia2024_AEMA.pdf\">2024 membership form pdf<\/a><span style=\"font-size: 12pt;\"> for printer<\/span> <br><span style=\"font-size: 10pt;\"> to print on paper and fill in by hand <\/span><br><span style=\"font-size: 10pt;\">please write in clearly or use capital letters, <\/span><br><span style=\"font-size: 10pt;\">Once the form is completed, scan it or take a photo of the form <\/span><br><span style=\"font-size: 10pt;\">and send it to <em>aema.asociacion@gmail.com<\/em> or with Telegram to  +34 692 192 777 <\/span><br>download <a href=\"https:\/\/telegram.org\/\">here<\/a> the App <a href=\"https:\/\/telegram.org\/\">Telegram<\/a>a new era of messaging <span style=\"font-size: 10pt;\"> <\/span> <\/p>\n\n\n<div class=\"wp-block-image\">\n<figure class=\"aligncenter size-large is-resized\"><a href=\"https:\/\/www.monta-amazona.com\/club\/wp-content\/uploads\/2024\/01\/Socia2024_AEMA.pdf\"><img loading=\"lazy\" decoding=\"async\" width=\"1055\" height=\"1557\" src=\"https:\/\/www.monta-amazona.com\/club\/wp-content\/uploads\/2024\/01\/Socia2024.jpg\" alt=\"\" class=\"wp-image-1278\" style=\"width:400px;height:auto\" srcset=\"https:\/\/www.monta-amazona.com\/club\/wp-content\/uploads\/2024\/01\/Socia2024.jpg 1055w, https:\/\/www.monta-amazona.com\/club\/wp-content\/uploads\/2024\/01\/Socia2024-203x300.jpg 203w, https:\/\/www.monta-amazona.com\/club\/wp-content\/uploads\/2024\/01\/Socia2024-694x1024.jpg 694w, https:\/\/www.monta-amazona.com\/club\/wp-content\/uploads\/2024\/01\/Socia2024-768x1133.jpg 768w, https:\/\/www.monta-amazona.com\/club\/wp-content\/uploads\/2024\/01\/Socia2024-1041x1536.jpg 1041w, https:\/\/www.monta-amazona.com\/club\/wp-content\/uploads\/2024\/01\/Socia2024-8x12.jpg 8w, https:\/\/www.monta-amazona.com\/club\/wp-content\/uploads\/2024\/01\/Socia2024-600x885.jpg 600w\" sizes=\"auto, (max-width: 1055px) 100vw, 1055px\" \/><\/a><\/figure>\n<\/div>\n\n\n<div class=\"wp-block-buttons is-content-justification-center is-layout-flex wp-container-core-buttons-is-layout-16018d1d wp-block-buttons-is-layout-flex\">\n<div class=\"wp-block-button is-style-fill\"><a class=\"wp-block-button__link has-white-color has-vivid-cyan-blue-background-color has-text-color has-background wp-element-button\" href=\"https:\/\/www.monta-amazona.com\/club\/wp-content\/uploads\/2024\/01\/Socia2024_AEMA.pdf\">Download<\/a><\/div>\n<\/div>","protected":false},"excerpt":{"rendered":"<p>para imprimir y rellenar a mano Impreso de Inscripci\u00f3n 2024 pdf para impresora para imprimir en papel y rellenar a mano, por favor escriba con letras claras o may\u00fasculas, una vez rellenado el formulario haga un esc\u00e1ner o foto del&hellip; <\/p>","protected":false},"author":1,"featured_media":0,"parent":0,"menu_order":0,"comment_status":"closed","ping_status":"closed","template":"","meta":{"footnotes":""},"folder":[],"class_list":["post-1286","page","type-page","status-publish","hentry"],"_links":{"self":[{"href":"https:\/\/www.monta-amazona.com\/club\/en\/wp-json\/wp\/v2\/pages\/1286","targetHints":{"allow":["GET"]}}],"collection":[{"href":"https:\/\/www.monta-amazona.com\/club\/en\/wp-json\/wp\/v2\/pages"}],"about":[{"href":"https:\/\/www.monta-amazona.com\/club\/en\/wp-json\/wp\/v2\/types\/page"}],"author":[{"embeddable":true,"href":"https:\/\/www.monta-amazona.com\/club\/en\/wp-json\/wp\/v2\/users\/1"}],"replies":[{"embeddable":true,"href":"https:\/\/www.monta-amazona.com\/club\/en\/wp-json\/wp\/v2\/comments?post=1286"}],"version-history":[{"count":3,"href":"https:\/\/www.monta-amazona.com\/club\/en\/wp-json\/wp\/v2\/pages\/1286\/revisions"}],"predecessor-version":[{"id":1293,"href":"https:\/\/www.monta-amazona.com\/club\/en\/wp-json\/wp\/v2\/pages\/1286\/revisions\/1293"}],"wp:attachment":[{"href":"https:\/\/www.monta-amazona.com\/club\/en\/wp-json\/wp\/v2\/media?parent=1286"}],"wp:term":[{"taxonomy":"folder","embeddable":true,"href":"https:\/\/www.monta-amazona.com\/club\/en\/wp-json\/wp\/v2\/folder?post=1286"}],"curies":[{"name":"wp","href":"https:\/\/api.w.org\/{rel}","templated":true}]}}