{"id":21,"date":"2020-12-29T23:19:19","date_gmt":"2020-12-29T23:19:19","guid":{"rendered":"https:\/\/monta-amazona.x10.mx\/club\/?page_id=21"},"modified":"2024-08-24T06:20:34","modified_gmt":"2024-08-24T06:20:34","slug":"garbeo","status":"publish","type":"page","link":"https:\/\/www.monta-amazona.com\/club\/en\/garbeo\/","title":{"rendered":"Ride"},"content":{"rendered":"<div class=\"wp-block-columns is-layout-flex wp-container-core-columns-is-layout-9d6595d7 wp-block-columns-is-layout-flex\">\n<div class=\"wp-block-column is-layout-flow wp-block-column-is-layout-flow\">\n<figure class=\"wp-block-image size-large\"><img decoding=\"async\" src=\"http:\/\/monta-amazona.x10.mx\/club\/wp-content\/uploads\/2020\/12\/LogoAEMAColor_11_verde_240.png\" alt=\"\" class=\"wp-image-61\"\/><\/figure>\n\n\n\n<p class=\"has-text-align-center\" style=\"font-size:18px\"><strong>Advice<\/strong><\/p>\n\n\n\n<p class=\"has-text-align-center has-normal-font-size\">Arena layout, recording, inscription, helpful tips and everything you need to participate<\/p>\n\n\n<div class=\"wp-block-image\">\n<figure class=\"aligncenter size-large\"><img decoding=\"async\" src=\"http:\/\/monta-amazona.x10.mx\/club\/wp-content\/uploads\/2020\/12\/bandera12_100.png\" alt=\"\" class=\"wp-image-21\"\/><\/figure>\n<\/div>\n\n\n<p class=\"has-text-align-center has-small-font-size\"><a href=\"https:\/\/www.monta-amazona.com\/club\/en\/consejos\/\" data-type=\"URL\">Read more<\/a><\/p>\n<\/div>\n\n\n\n<div class=\"wp-block-column is-layout-flow wp-block-column-is-layout-flow\">\n<figure class=\"wp-block-image size-large\"><img decoding=\"async\" src=\"http:\/\/monta-amazona.x10.mx\/club\/wp-content\/uploads\/2020\/12\/LogoAEMAColor_13_rojo_240.png\" alt=\"\" class=\"wp-image-62\"\/><\/figure>\n\n\n\n<p class=\"has-text-align-center\" style=\"font-size:18px\"><strong>Rules<\/strong><\/p>\n\n\n\n<p class=\"has-normal-font-size\">The Rules of the Game are to match arena layouts as much as possible so as to give equal opportunities to all participants while making it easy for all who want to join in.<\/p>\n\n\n<div class=\"wp-block-image\">\n<figure class=\"aligncenter size-large\"><img decoding=\"async\" src=\"http:\/\/monta-amazona.x10.mx\/club\/wp-content\/uploads\/2020\/12\/bandera12_100.png\" alt=\"\" class=\"wp-image-21\"\/><\/figure>\n<\/div>\n\n\n<p class=\"has-text-align-center has-small-font-size\"><a href=\"https:\/\/www.monta-amazona.com\/club\/en\/normas\/\" data-type=\"URL\">Read more<\/a><\/p>\n<\/div>\n\n\n\n<div class=\"wp-block-column is-layout-flow wp-block-column-is-layout-flow\">\n<figure class=\"wp-block-image size-large\"><img decoding=\"async\" src=\"http:\/\/monta-amazona.x10.mx\/club\/wp-content\/uploads\/2020\/12\/LogoAEMAColor_12_azul_240.png\" alt=\"\" class=\"wp-image-63\"\/><\/figure>\n\n\n\n<p class=\"has-text-align-center\" style=\"font-size:18px\"><strong>Tests<\/strong><\/p>\n\n\n\n<p class=\"has-text-align-center has-normal-font-size\">Over 30 tests to choose the one that best suits you and your horse.<\/p>\n\n\n\n<p class=\"has-text-align-center has-normal-font-size\"><strong>Sidesaddle Equitation<\/strong><br>&nbsp;\u00b7 21 tests \u00b7<br><strong>Prix Musy<\/strong><br>&nbsp;\u00b7 15 tests \u00b7<br><strong>Dexterity<\/strong><br>&nbsp;\u00b7 coming shortly \u00b7<\/p>\n\n\n<div class=\"wp-block-image\">\n<figure class=\"aligncenter size-large\"><img decoding=\"async\" src=\"http:\/\/monta-amazona.x10.mx\/club\/wp-content\/uploads\/2020\/12\/bandera12_100.png\" alt=\"\" class=\"wp-image-21\"\/><\/figure>\n<\/div>\n\n\n<p class=\"has-text-align-center has-small-font-size\"><a href=\"https:\/\/www.monta-amazona.com\/club\/en\/pruebas\/\" data-type=\"URL\">Read more<\/a><\/p>\n<\/div>\n<\/div>\n\n\n\n<div class=\"wp-block-media-text alignwide is-stacked-on-mobile\"><figure class=\"wp-block-media-text__media\"><a href=\"https:\/\/www.monta-amazona.com\/club\/wp-content\/uploads\/2023\/08\/231102_GV8_900.jpg\" target=\"_blank\" rel=\"noopener\"><img loading=\"lazy\" decoding=\"async\" width=\"900\" height=\"900\" src=\"https:\/\/www.monta-amazona.com\/club\/wp-content\/uploads\/2023\/08\/231102_GV8_900.jpg\" alt=\"\" class=\"wp-image-1155 size-full\" srcset=\"https:\/\/www.monta-amazona.com\/club\/wp-content\/uploads\/2023\/08\/231102_GV8_900.jpg 900w, https:\/\/www.monta-amazona.com\/club\/wp-content\/uploads\/2023\/08\/231102_GV8_900-300x300.jpg 300w, https:\/\/www.monta-amazona.com\/club\/wp-content\/uploads\/2023\/08\/231102_GV8_900-150x150.jpg 150w, https:\/\/www.monta-amazona.com\/club\/wp-content\/uploads\/2023\/08\/231102_GV8_900-768x768.jpg 768w, https:\/\/www.monta-amazona.com\/club\/wp-content\/uploads\/2023\/08\/231102_GV8_900-12x12.jpg 12w, https:\/\/www.monta-amazona.com\/club\/wp-content\/uploads\/2023\/08\/231102_GV8_900-230x230.jpg 230w, https:\/\/www.monta-amazona.com\/club\/wp-content\/uploads\/2023\/08\/231102_GV8_900-80x80.jpg 80w, https:\/\/www.monta-amazona.com\/club\/wp-content\/uploads\/2023\/08\/231102_GV8_900-600x600.jpg 600w, https:\/\/www.monta-amazona.com\/club\/wp-content\/uploads\/2023\/08\/231102_GV8_900-100x100.jpg 100w\" sizes=\"auto, (max-width: 900px) 100vw, 900px\" \/><\/a><\/figure><div class=\"wp-block-media-text__content\">\n<p class=\"has-text-align-center has-text-color\" style=\"color:#7b1f46;font-size:24px\">\u00abVirtual  Ride 8\u00bb<\/p>\n\n\n\n<p class=\"has-text-align-center\" id=\"block-3407b3fb-c8f7-4d63-8172-03534d7012be\" style=\"font-size:22px\">Autmn 2023<br>Bimonthly<\/p>\n\n\n\n<p class=\"has-text-align-center\">ended<br>from 1st  September 2023<br>to 2nd  November 2023<\/p>\n\n\n\n<p class=\"has-text-align-center\" style=\"font-size:15px\"><a rel=\"noreferrer noopener\" href=\"https:\/\/www.monta-amazona.com\/club\/en\/socias-garbeo-8\/\" target=\"_blank\">AEMA Members' Entries<\/a><br><a rel=\"noreferrer noopener\" href=\"https:\/\/www.monta-amazona.com\/club\/en\/product\/inscripcion-garbeo-8\/\" target=\"_blank\">Non-Members' Entries<\/a><\/p>\n\n\n\n<p class=\"has-text-align-center has-cyan-bluish-gray-color has-text-color has-small-font-size\"><em>click on the image to enlarge<\/em><\/p>\n<\/div><\/div>\n\n\n\n<p style=\"font-size:12px\">\u00a9AEMA 2020<\/p>","protected":false},"excerpt":{"rendered":"<p>Consejos Consejos, disposici\u00f3n de la pista, grabaci\u00f3n, y todo lo necesario para inscribirse y participar. Leer m\u00e1s Normas Las Reglas del Juego est\u00e1n dirigidas para que prevalezca la igualdad competitiva entre participantes, estableciendo modos de realizaci\u00f3n que faciliten la participaci\u00f3n.&hellip; <\/p>","protected":false},"author":1,"featured_media":0,"parent":0,"menu_order":0,"comment_status":"closed","ping_status":"closed","template":"","meta":{"footnotes":""},"folder":[],"class_list":["post-21","page","type-page","status-publish","hentry"],"_links":{"self":[{"href":"https:\/\/www.monta-amazona.com\/club\/en\/wp-json\/wp\/v2\/pages\/21","targetHints":{"allow":["GET"]}}],"collection":[{"href":"https:\/\/www.monta-amazona.com\/club\/en\/wp-json\/wp\/v2\/pages"}],"about":[{"href":"https:\/\/www.monta-amazona.com\/club\/en\/wp-json\/wp\/v2\/types\/page"}],"author":[{"embeddable":true,"href":"https:\/\/www.monta-amazona.com\/club\/en\/wp-json\/wp\/v2\/users\/1"}],"replies":[{"embeddable":true,"href":"https:\/\/www.monta-amazona.com\/club\/en\/wp-json\/wp\/v2\/comments?post=21"}],"version-history":[{"count":18,"href":"https:\/\/www.monta-amazona.com\/club\/en\/wp-json\/wp\/v2\/pages\/21\/revisions"}],"predecessor-version":[{"id":1367,"href":"https:\/\/www.monta-amazona.com\/club\/en\/wp-json\/wp\/v2\/pages\/21\/revisions\/1367"}],"wp:attachment":[{"href":"https:\/\/www.monta-amazona.com\/club\/en\/wp-json\/wp\/v2\/media?parent=21"}],"wp:term":[{"taxonomy":"folder","embeddable":true,"href":"https:\/\/www.monta-amazona.com\/club\/en\/wp-json\/wp\/v2\/folder?post=21"}],"curies":[{"name":"wp","href":"https:\/\/api.w.org\/{rel}","templated":true}]}}