{"id":1128,"date":"2023-05-26T23:11:18","date_gmt":"2023-05-26T23:11:18","guid":{"rendered":"https:\/\/www.monta-amazona.com\/club\/?post_type=product&#038;p=1128"},"modified":"2024-02-16T19:04:08","modified_gmt":"2024-02-16T19:04:08","slug":"renova23","status":"publish","type":"product","link":"https:\/\/www.monta-amazona.com\/club\/en\/product\/renova23\/","title":{"rendered":"Annual Membership Renewal 2023"},"content":{"rendered":"<p><span style=\"font-size: 14pt;\">Renovaci\u00f3n Cuota Anual 2023<\/span><\/p>\n<p>Para identificar su pago, por favor proporcione su Nombre, Apellido, correo electr\u00f3nico y n\u00famero de tel\u00e9fono en el siguiente formulario.<\/p>\n<p><span style=\"font-size: 10pt;\">Si se inscribe por primera vez como Socia Nueva, h\u00e1galo <a href=\"https:\/\/www.monta-amazona.com\/club\/producto\/socia-2023\/\">aqu\u00ed<\/a>.<\/span><\/p>\n<div class=\"frm_forms  with_frm_style frm_style_estilos-formidable\" id=\"frm_form_23_container\" data-token=\"e3c8d8f47b278bf49a2ab87256227e7c\">\n<form enctype=\"multipart\/form-data\" method=\"post\" class=\"frm-show-form \" id=\"form_renova23\" data-token=\"e3c8d8f47b278bf49a2ab87256227e7c\">\n<div class=\"frm_form_fields \">\n<fieldset>\n<legend class=\"frm_screen_reader\">Renovaci\u00f3n Anual 2023<\/legend>\r\n\r\n<div class=\"frm_fields_container\">\n<input type=\"hidden\" name=\"frm_action\" value=\"create\" \/>\n<input type=\"hidden\" name=\"form_id\" value=\"23\" \/>\n<input type=\"hidden\" name=\"frm_hide_fields_23\" id=\"frm_hide_fields_23\" value=\"\" \/>\n<input type=\"hidden\" name=\"form_key\" value=\"renova23\" \/>\n<input type=\"hidden\" name=\"item_meta[0]\" value=\"\" \/>\n<input type=\"hidden\" id=\"frm_submit_entry_23\" name=\"frm_submit_entry_23\" value=\"b0d252ded2\" \/><input type=\"hidden\" name=\"_wp_http_referer\" value=\"\/club\/en\/wp-json\/wp\/v2\/product\/1128\" \/><div id=\"frm_field_605_container\" class=\"frm_form_field  frm_html_container form-field\"><img loading=\"lazy\" decoding=\"async\" class=\"aligncenter\" src=\"https:\/\/www.monta-amazona.com\/club\/wp-content\/uploads\/2023\/08\/LogoAEMAColor_28-600x600.png\" alt=\"Logo AEMA\" width=\"100\" height=\"100\"\/><\/div>\n<div id=\"frm_field_489_container\" class=\"frm_form_field  frm12 frm_first frm_html_container form-field\">\n<p><span style=\"font-size: 16px;\">Renovaci\u00f3n Cuota Anual\u00a0 <strong>Socia 2023<\/strong><\/span><br \/><span style=\"font-size: 16px;\">cuota anual\u00a0 35\u20ac<\/span><\/p>\n<p><span style=\"font-size: 14px;\">Por favor, rellene los apartados obligatorios <span style=\"color: #c0392b;\">*<\/span> de este formulario, son necesarios para identificar su pago y enviarle la informaci\u00f3n de la Asociaci\u00f3n y su carnet de Socia.<br \/>Los dem\u00e1s apartados solo es necesario rellenarlos si han cambiado desde el a\u00f1o anterior.<\/span><\/p>\n<p>Env\u00ede el formulario antes de realizar el pago.<br \/>El formulario solo es v\u00e1lido una vez recibido el pago correspondiente.<\/p>\n<p>para cualquier aclaraci\u00f3n o duda, escriba a <em>aema.asociacion@gmail.com<\/em><\/p>\n<\/div>\n<div id=\"frm_field_490_container\" class=\"frm_form_field form-field  frm_required_field frm_top_container frm6 frm_first frm_two_thirds\">\r\n    <label for=\"field_ahhtz\" id=\"field_ahhtz_label\" class=\"frm_primary_label\">Correo electr\u00f3nico\r\n        <span class=\"frm_required\" aria-hidden=\"true\">*<\/span>\r\n    <\/label>\r\n    <input type=\"email\" id=\"field_ahhtz\" name=\"item_meta[490]\" value=\"\"  data-reqmsg=\"Este campo no puede estar en blanco.\" aria-required=\"true\" data-invmsg=\"Correo electr\u00f3nico no es v\u00e1lido\" aria-invalid=\"false\"  \/>\r\n    \r\n    \r\n<\/div>\n<div id=\"frm_field_491_container\" class=\"frm_form_field form-field  frm_required_field frm_top_container frm6 frm_third\">\r\n    <label for=\"field_n14vg\" id=\"field_n14vg_label\" class=\"frm_primary_label\">Tel\u00e9fono\r\n        <span class=\"frm_required\" aria-hidden=\"true\">*<\/span>\r\n    <\/label>\r\n    <input type=\"tel\" id=\"field_n14vg\" name=\"item_meta[491]\" value=\"\"  data-reqmsg=\"Este campo no puede estar en blanco.\" aria-required=\"true\" data-invmsg=\"Tel\u00e9fono no es v\u00e1lido\" aria-invalid=\"false\" pattern=\"((\\+\\d{1,3}(-|.| )?\\(?\\d\\)?(-| |.)?\\d{1,5})|(\\(?\\d{2,6}\\)?))(-|.| )?(\\d{3,4})(-|.| )?(\\d{4})(( x| ext)\\d{1,5}){0,1}$\"  \/>\r\n    \r\n    \r\n<\/div>\n<div id=\"frm_field_492_container\" class=\"frm_form_field  frm_html_container form-field\"><span style=\"font-size: 10pt;\">Por favor, no se olvide de proporcionar un email v\u00e1lido.<br \/>\nRecibir\u00e1 toda la informaci\u00f3n de eventos, cursos, promociones, as\u00ed como su carnet y toda informaci\u00f3n relevante mediante e-mail.<\/span><\/div>\n<div id=\"frm_field_517_container\" class=\"frm_form_field form-field  frm_required_field frm_top_container\">\r\n    <div  id=\"field_oe1w_label\" class=\"frm_primary_label\">Nombre\r\n        <span class=\"frm_required\" aria-hidden=\"true\">*<\/span>\r\n    <\/div>\r\n    <fieldset aria-labelledby=\"field_oe1w_label\">\n\t<legend class=\"frm_screen_reader frm_hidden\">\n\t\tNombre\t<\/legend>\n\n\t<div  class=\"frm_combo_inputs_container\" id=\"frm_combo_inputs_container_517\" data-name-layout=\"first_last\">\n\t\t\t\t\t<div\n\t\t\t\tid=\"frm_field_517-first_container\"\n\t\t\t\tclass=\"frm_form_field form-field frm_form_subfield-first  frm6\"\n\t\t\t\tdata-sub-field-name=\"first\"\n\t\t\t>\n\t\t\t\t<label for=\"field_oe1w_first\" class=\"frm_screen_reader frm_hidden\">\n\t\t\t\t\tNombre\t\t\t\t<\/label>\n\n\t\t\t\t<input  type=\"text\" id=\"field_oe1w_first\" value=\"\" name=\"item_meta[517][first]\" autocomplete=\"given-name\" data-reqmsg=\"Este campo no puede estar en blanco.\" aria-required=\"true\" data-invmsg=\"Nombre is invalid\" aria-invalid=\"false\"  \/><div class=\"frm_description\" id=\"frm_field_517_first_desc\">Nombre<\/div>\t\t\t<\/div>\n\t\t\t\t\t\t<div\n\t\t\t\tid=\"frm_field_517-last_container\"\n\t\t\t\tclass=\"frm_form_field form-field frm_form_subfield-last  frm6\"\n\t\t\t\tdata-sub-field-name=\"last\"\n\t\t\t>\n\t\t\t\t<label for=\"field_oe1w_last\" class=\"frm_screen_reader frm_hidden\">\n\t\t\t\t\tApellidos\t\t\t\t<\/label>\n\n\t\t\t\t<input  type=\"text\" id=\"field_oe1w_last\" value=\"\" name=\"item_meta[517][last]\" autocomplete=\"family-name\" data-reqmsg=\"Este campo no puede estar en blanco.\" aria-required=\"true\" data-invmsg=\"Nombre is invalid\" aria-invalid=\"false\"  \/><div class=\"frm_description\" id=\"frm_field_517_last_desc\">Apellidos<\/div>\t\t\t<\/div>\n\t\t\t\t<\/div>\n<\/fieldset>\n\r\n    \r\n    \r\n<\/div>\n<div id=\"frm_field_626_container\" class=\"frm_form_field  frm_html_container form-field\">\n<hr style=\"height: 2px; background-color: #6868b2;\" data-mce-style=\"height: 2px; background-color: #6868b2;\"><\/div>\n<div id=\"frm_field_495_container\" class=\"frm_form_field  frm_html_container form-field\">Rellene los siguientes campos SOLO si han cambiado o necesitan actualizarse<\/div>\n<div id=\"frm_field_496_container\" class=\"frm_form_field form-field  frm_top_container\">\r\n    <label for=\"field_f5zd1\" id=\"field_f5zd1_label\" class=\"frm_primary_label\">Direcci\u00f3n\r\n        <span class=\"frm_required\" aria-hidden=\"true\"><\/span>\r\n    <\/label>\r\n    <input type=\"text\" id=\"field_f5zd1\" name=\"item_meta[496]\" value=\"\"  data-invmsg=\"Texto no es v\u00e1lido\" aria-invalid=\"false\"  \/>\r\n    \r\n    \r\n<\/div>\n<div id=\"frm_field_497_container\" class=\"frm_form_field form-field  frm_top_container\">\r\n    <label for=\"field_t8x1m\" id=\"field_t8x1m_label\" class=\"frm_primary_label\">Direcci\u00f3n\r\n        <span class=\"frm_required\" aria-hidden=\"true\"><\/span>\r\n    <\/label>\r\n    <input type=\"text\" id=\"field_t8x1m\" name=\"item_meta[497]\" value=\"\"  data-invmsg=\"Texto no es v\u00e1lido\" aria-invalid=\"false\"  \/>\r\n    \r\n    \r\n<\/div>\n<div id=\"frm_field_498_container\" class=\"frm_form_field form-field  frm_top_container frm6 frm_first frm_third\">\r\n    <label for=\"field_nhgqn\" id=\"field_nhgqn_label\" class=\"frm_primary_label\">C\u00f3digo Postal\r\n        <span class=\"frm_required\" aria-hidden=\"true\"><\/span>\r\n    <\/label>\r\n    <input type=\"text\" id=\"field_nhgqn\" name=\"item_meta[498]\" value=\"\"  data-invmsg=\"Texto no es v\u00e1lido\" aria-invalid=\"false\"  \/>\r\n    \r\n    \r\n<\/div>\n<div id=\"frm_field_499_container\" class=\"frm_form_field form-field  frm_top_container frm6 frm_two_thirds\">\r\n    <label for=\"field_k4vq4\" id=\"field_k4vq4_label\" class=\"frm_primary_label\">Ciudad\r\n        <span class=\"frm_required\" aria-hidden=\"true\"><\/span>\r\n    <\/label>\r\n    <input type=\"text\" id=\"field_k4vq4\" name=\"item_meta[499]\" value=\"\"  data-invmsg=\"Texto no es v\u00e1lido\" aria-invalid=\"false\"  \/>\r\n    \r\n    \r\n<\/div>\n<div id=\"frm_field_500_container\" class=\"frm_form_field form-field  frm_top_container\">\r\n    <label for=\"field_5ak9e\" id=\"field_5ak9e_label\" class=\"frm_primary_label\">Provincia\/Regi\u00f3n\r\n        <span class=\"frm_required\" aria-hidden=\"true\"><\/span>\r\n    <\/label>\r\n    <input type=\"text\" id=\"field_5ak9e\" name=\"item_meta[500]\" value=\"\"  data-invmsg=\"Texto no es v\u00e1lido\" aria-invalid=\"false\"  \/>\r\n    \r\n    \r\n<\/div>\n<div id=\"frm_field_501_container\" class=\"frm_form_field form-field  frm_top_container\">\r\n    <label for=\"field_kcrio\" id=\"field_kcrio_label\" class=\"frm_primary_label\">Pa\u00eds\r\n        <span class=\"frm_required\" aria-hidden=\"true\"><\/span>\r\n    <\/label>\r\n    <input type=\"text\" id=\"field_kcrio\" name=\"item_meta[501]\" value=\"\"  data-invmsg=\"Texto no es v\u00e1lido\" aria-invalid=\"false\"  \/>\r\n    \r\n    \r\n<\/div>\n<div id=\"frm_field_502_container\" class=\"frm_form_field  frm_html_container form-field\"><span style=\"font-size: 14pt;\"> Silla de Amazona, tipo y n\u00famero<\/span><\/div>\n<div id=\"frm_field_503_container\" class=\"frm_form_field form-field  frm_top_container frm3 frm_first vertical_radio\">\r\n    <div  id=\"field_xsx75_label\" class=\"frm_primary_label\">Tipos deSilla\r\n        <span class=\"frm_required\" aria-hidden=\"true\"><\/span>\r\n    <\/div>\r\n    <div class=\"frm_opt_container\" aria-labelledby=\"field_xsx75_label\" role=\"group\">\t\t<div class=\"frm_checkbox\" id=\"frm_checkbox_503-0\">\t\t\t<label  for=\"field_xsx75-0\">\n\t\t\t<input type=\"checkbox\" name=\"item_meta[503][]\" id=\"field_xsx75-0\" value=\"Inglesa\"  data-invmsg=\"Tipos deSilla is invalid\"   \/> Inglesa<\/label><\/div>\n\t\t<div class=\"frm_checkbox\" id=\"frm_checkbox_503-1\">\t\t\t<label  for=\"field_xsx75-1\">\n\t\t\t<input type=\"checkbox\" name=\"item_meta[503][]\" id=\"field_xsx75-1\" value=\"Vaquera\"  data-invmsg=\"Tipos deSilla is invalid\"   \/> Vaquera<\/label><\/div>\n\t\t<div class=\"frm_checkbox\" id=\"frm_checkbox_503-2\">\t\t\t<label  for=\"field_xsx75-2\">\n\t\t\t<input type=\"checkbox\" name=\"item_meta[503][]\" id=\"field_xsx75-2\" value=\"Otra\"  data-invmsg=\"Tipos deSilla is invalid\"   \/> Otra<\/label><\/div>\n<\/div>\r\n    \r\n    \r\n<\/div>\n<div id=\"frm_field_505_container\" class=\"frm_form_field form-field  frm_top_container frm3\">\r\n    <label for=\"field_94ha1\" id=\"field_94ha1_label\" class=\"frm_primary_label\">Inglesa n\u00ba\r\n        <span class=\"frm_required\" aria-hidden=\"true\"><\/span>\r\n    <\/label>\r\n    \t\t<select name=\"item_meta[505]\" id=\"field_94ha1\"  data-invmsg=\"Inglesa n\u00ba is invalid\" aria-invalid=\"false\"  >\n\t\t<option  value=\"-\">-<\/option><option  value=\"1\">1<\/option><option  value=\"2\">2<\/option><option  value=\"3\">3<\/option><option  value=\"4\">4<\/option><option  value=\"5\">5<\/option><option  value=\"6\">6<\/option><option  value=\"7\">7<\/option><option  value=\"8\">8<\/option><option  value=\"9\">9<\/option>\t<\/select>\n\t\r\n    \r\n    \r\n<\/div>\n<div id=\"frm_field_506_container\" class=\"frm_form_field form-field  frm_top_container frm3\">\r\n    <label for=\"field_ctgqz\" id=\"field_ctgqz_label\" class=\"frm_primary_label\">Vaquera n\u00ba\r\n        <span class=\"frm_required\" aria-hidden=\"true\"><\/span>\r\n    <\/label>\r\n    \t\t<select name=\"item_meta[506]\" id=\"field_ctgqz\"  data-invmsg=\"Vaquera n\u00ba is invalid\" aria-invalid=\"false\"  >\n\t\t<option  value=\"-\">-<\/option><option  value=\"1\">1<\/option><option  value=\"2\">2<\/option><option  value=\"3\">3<\/option><option  value=\"4\">4<\/option><option  value=\"5\">5<\/option><option  value=\"6\">6<\/option><option  value=\"7\">7<\/option><option  value=\"8\">8<\/option><option  value=\"9\">9<\/option>\t<\/select>\n\t\r\n    \r\n    \r\n<\/div>\n<div id=\"frm_field_507_container\" class=\"frm_form_field form-field  frm_top_container frm_fourth\">\r\n    <label for=\"field_na1v6\" id=\"field_na1v6_label\" class=\"frm_primary_label\">Otra n\u00ba\r\n        <span class=\"frm_required\" aria-hidden=\"true\"><\/span>\r\n    <\/label>\r\n    \t\t<select name=\"item_meta[507]\" id=\"field_na1v6\"  data-invmsg=\"Otra n\u00ba is invalid\" aria-invalid=\"false\"  >\n\t\t<option  value=\"-\">-<\/option><option  value=\"1\">1<\/option><option  value=\"2\">2<\/option><option  value=\"3\">3<\/option><option  value=\"4\">4<\/option><option  value=\"5\">5<\/option><option  value=\"6\">6<\/option><option  value=\"7\">7<\/option><option  value=\"8\">8<\/option><option  value=\"9\">9<\/option>\t<\/select>\n\t\r\n    \r\n    \r\n<\/div>\n<div id=\"frm_field_508_container\" class=\"frm_form_field form-field  frm_top_container frm12\">\r\n    <label for=\"field_tydh7\" id=\"field_tydh7_label\" class=\"frm_primary_label\">Descripci\u00f3n de la(s) silla(s) Marca\u00b7Modelo-Tama\u00f1o\u00b7A\u00f1o\r\n        <span class=\"frm_required\" aria-hidden=\"true\"><\/span>\r\n    <\/label>\r\n    <input type=\"text\" id=\"field_tydh7\" name=\"item_meta[508]\" value=\"\"  data-invmsg=\"Texto no es v\u00e1lido\" aria-invalid=\"false\"  \/>\r\n    \r\n    \r\n<\/div>\n<div id=\"frm_field_509_container\" class=\"frm_form_field form-field  frm_top_container\">\r\n    <label for=\"field_gujvt\" id=\"field_gujvt_label\" class=\"frm_primary_label\">Perfil de facebook URL : www.facebook.com\/nombre.apellido o c\u00f3digo\r\n        <span class=\"frm_required\" aria-hidden=\"true\"><\/span>\r\n    <\/label>\r\n    <input type=\"text\" id=\"field_gujvt\" name=\"item_meta[509]\" value=\"\"  data-invmsg=\"Texto no es v\u00e1lido\" aria-invalid=\"false\"  \/>\r\n    \r\n    \r\n<\/div>\n<div id=\"frm_field_519_container\" class=\"frm_form_field  frm_html_container form-field\">\n<hr style=\"height: 2px; background-color: #6868b2;\" data-mce-style=\"height: 2px; background-color: #6868b2;\"><\/div>\n<div id=\"frm_field_510_container\" class=\"frm_form_field  frm_html_container form-field\">\n<p>Si desea domiciliar la cuota anual rellene los datos de su cuenta para la ORDEN BANCARIA del recibo presentado por la Asociaci\u00f3n Espa\u00f1ola de Monta a la Amazona<\/p>\n<\/div>\n<div id=\"frm_field_511_container\" class=\"frm_form_field form-field  frm_top_container\">\r\n    <label for=\"field_wt5ix\" id=\"field_wt5ix_label\" class=\"frm_primary_label\">IBAN\r\n        <span class=\"frm_required\" aria-hidden=\"true\"><\/span>\r\n    <\/label>\r\n    <input type=\"text\" id=\"field_wt5ix\" name=\"item_meta[511]\" value=\"\"  data-invmsg=\"Texto no es v\u00e1lido\" aria-invalid=\"false\"  \/>\r\n    \r\n    \r\n<\/div>\n<div id=\"frm_field_512_container\" class=\"frm_form_field form-field  frm_top_container\">\r\n    <label for=\"field_3qyer\" id=\"field_3qyer_label\" class=\"frm_primary_label\">Titular de la cuenta\r\n        <span class=\"frm_required\" aria-hidden=\"true\"><\/span>\r\n    <\/label>\r\n    <input type=\"text\" id=\"field_3qyer\" name=\"item_meta[512]\" value=\"\"  data-invmsg=\"Texto no es v\u00e1lido\" aria-invalid=\"false\"  \/>\r\n    \r\n    \r\n<\/div>\n<div id=\"frm_field_513_container\" class=\"frm_form_field form-field  frm_top_container\">\r\n    <label for=\"field_dtl0n\" id=\"field_dtl0n_label\" class=\"frm_primary_label\">Banco o Caja\r\n        <span class=\"frm_required\" aria-hidden=\"true\"><\/span>\r\n    <\/label>\r\n    <input type=\"text\" id=\"field_dtl0n\" name=\"item_meta[513]\" value=\"\"  data-invmsg=\"Texto no es v\u00e1lido\" aria-invalid=\"false\"  \/>\r\n    \r\n    \r\n<\/div>\n<div id=\"frm_field_514_container\" class=\"frm_form_field form-field  frm_top_container frm_half frm_alignright\">\r\n    <label for=\"field_vf06r\" id=\"field_vf06r_label\" class=\"frm_primary_label\">Fecha\r\n        <span class=\"frm_required\" aria-hidden=\"true\"><\/span>\r\n    <\/label>\r\n    <input type=\"text\" id=\"field_vf06r\" name=\"item_meta[514]\" value=\"\"  data-invmsg=\"Texto no es v\u00e1lido\" aria-invalid=\"false\"  \/>\r\n    \r\n    \r\n<\/div>\n<div id=\"frm_field_627_container\" class=\"frm_form_field  frm_html_container form-field\">\n<hr style=\"height: 2px; background-color: #6868b2;\" \/><\/div>\n<div id=\"frm_field_516_container\" class=\"frm_form_field  frm_html_container form-field\"><span style=\"font-size: 12px;\">La informaci\u00f3n recogida en este formulario ser\u00e1 utilizada exclusivamente para los fines de la asociaci\u00f3n y puede ser modificada o anulada por el titular en la sede social de la Asociaci\u00f3n.<\/span><br \/>\n<span style=\"font-size: 12px;\"><a href=\"https:\/\/monta-amazona.x10.mx\/club\/privacy-policy\/\">Politica de Privacidad<\/a><\/span><\/div>\n<div id=\"frm_field_515_container\" class=\"frm_form_field  frm_html_container form-field\"><span style=\"font-size: 16px;\">Conexi\u00f3n Segura SSL<\/span><\/p>\n<p><img decoding=\"async\" src=\"https:\/\/monta-amazona.x10.mx\/club\/wp-content\/uploads\/2021\/01\/sectigo_trust_seal_sm_82x32.png\" alt=\"\" \/><\/div>\n<div id=\"frm_field_628_container\" class=\"frm_form_field  frm_html_container form-field\">\n<hr style=\"height: 2px; background-color: #6868b2;\" \/><\/div>\n\t<input type=\"hidden\" name=\"item_key\" value=\"\" \/>\n\t\t\t<div id=\"frm_field_901_container\">\n\t\t\t<label for=\"field_h267a\" >\n\t\t\t\tIf you are human, leave this field blank.\t\t\t<\/label>\n\t\t\t<input  id=\"field_h267a\" type=\"text\" class=\"frm_form_field form-field frm_verify\" name=\"item_meta[901]\" value=\"\"  \/>\n\t\t<\/div>\n\t\t<input name=\"frm_state\" type=\"hidden\" value=\"Br+vvM2p3pO+31fjSihTJhajhAy6Ye6GM0MnXwCzhaU=\" \/><div class=\"frm_submit\">\r\n\r\n<button class=\"frm_button_submit\" type=\"submit\"  >Enviar<\/button>\r\n\r\n\r\n<\/div><\/div>\n<\/fieldset>\n<\/div>\n\n<p style=\"display: none !important;\" class=\"akismet-fields-container\" data-prefix=\"ak_\"><label>&#916;<textarea name=\"ak_hp_textarea\" cols=\"45\" rows=\"8\" maxlength=\"100\"><\/textarea><\/label><input type=\"hidden\" id=\"ak_js_1\" name=\"ak_js\" value=\"211\"\/><script>document.getElementById( \"ak_js_1\" ).setAttribute( \"value\", ( new Date() ).getTime() );<\/script><\/p><\/form>\n<\/div>\n\n<hr \/>\n<p><span style=\"font-size: 16px;\">Si desea renovar mediante transferencia bancaria<br \/>\nIBAN ES85 3081 0331 1729 7328 8323<br \/>\nBIC: ERSVES22<br \/>\n\u200bTitular: Asociaci\u00f3n Espa\u00f1ola de Monta a la Amazona<br \/>\nEntidad: EuroCaja Rural<\/span><\/p>\n","protected":false},"excerpt":{"rendered":"<p><span style=\"font-size: 14pt;\">Annual Membership Renewal 2023<\/span><\/p>\n<p><span style=\"font-size: 12pt;\"> To identify your payment, please fill in your Name, Surname, email and phone number in the form below<\/span><br \/>\n<span style=\"font-size: 16px;\">to pay with a bank transfer<br \/>\naccount information at the bottom of the page<\/span><\/p>","protected":false},"featured_media":1123,"comment_status":"closed","ping_status":"closed","template":"","meta":[],"product_brand":[],"product_cat":[43],"product_tag":[],"class_list":{"0":"post-1128","1":"product","2":"type-product","3":"status-publish","4":"has-post-thumbnail","6":"product_cat-renova","8":"first","9":"outofstock","10":"virtual","11":"purchasable","12":"product-type-simple"},"_links":{"self":[{"href":"https:\/\/www.monta-amazona.com\/club\/en\/wp-json\/wp\/v2\/product\/1128","targetHints":{"allow":["GET"]}}],"collection":[{"href":"https:\/\/www.monta-amazona.com\/club\/en\/wp-json\/wp\/v2\/product"}],"about":[{"href":"https:\/\/www.monta-amazona.com\/club\/en\/wp-json\/wp\/v2\/types\/product"}],"replies":[{"embeddable":true,"href":"https:\/\/www.monta-amazona.com\/club\/en\/wp-json\/wp\/v2\/comments?post=1128"}],"wp:featuredmedia":[{"embeddable":true,"href":"https:\/\/www.monta-amazona.com\/club\/en\/wp-json\/wp\/v2\/media\/1123"}],"wp:attachment":[{"href":"https:\/\/www.monta-amazona.com\/club\/en\/wp-json\/wp\/v2\/media?parent=1128"}],"wp:term":[{"taxonomy":"product_brand","embeddable":true,"href":"https:\/\/www.monta-amazona.com\/club\/en\/wp-json\/wp\/v2\/product_brand?post=1128"},{"taxonomy":"product_cat","embeddable":true,"href":"https:\/\/www.monta-amazona.com\/club\/en\/wp-json\/wp\/v2\/product_cat?post=1128"},{"taxonomy":"product_tag","embeddable":true,"href":"https:\/\/www.monta-amazona.com\/club\/en\/wp-json\/wp\/v2\/product_tag?post=1128"}],"curies":[{"name":"wp","href":"https:\/\/api.w.org\/{rel}","templated":true}]}}