{"id":1308,"date":"2024-01-23T12:24:04","date_gmt":"2024-01-23T12:24:04","guid":{"rendered":"https:\/\/www.monta-amazona.com\/club\/?post_type=product&#038;p=1308"},"modified":"2024-01-23T12:40:38","modified_gmt":"2024-01-23T12:40:38","slug":"socia-2024","status":"publish","type":"product","link":"https:\/\/www.monta-amazona.com\/club\/en\/product\/socia-2024\/","title":{"rendered":"2024 Member"},"content":{"rendered":"<p><span style=\"font-size: 14pt;\">Inscripci\u00f3n Nueva Socia 2024<\/span><\/p>\n<p>Por favor, rellene los apartados del formulario siguiente y env\u00edelo antes de realizar el pago.<\/p>\n<p><span style=\"font-size: 10pt;\">Si ya es Socia y desea renovar su cuota, h\u00e1galo <a href=\"https:\/\/www.monta-amazona.com\/club\/producto\/renovacion\/\">aqu\u00ed<\/a>.<\/span><\/p>\n<div class=\"frm_forms  with_frm_style frm_style_estilos-formidable\" id=\"frm_form_31_container\" data-token=\"e3c8d8f47b278bf49a2ab87256227e7c\">\n<form enctype=\"multipart\/form-data\" method=\"post\" class=\"frm-show-form \" id=\"form_socia2024\" data-token=\"e3c8d8f47b278bf49a2ab87256227e7c\">\n<div class=\"frm_form_fields \">\n<fieldset>\n<legend class=\"frm_screen_reader\">Socia 2024<\/legend>\r\n\r\n<div class=\"frm_fields_container\">\n<input type=\"hidden\" name=\"frm_action\" value=\"create\" \/>\n<input type=\"hidden\" name=\"form_id\" value=\"31\" \/>\n<input type=\"hidden\" name=\"frm_hide_fields_31\" id=\"frm_hide_fields_31\" value=\"\" \/>\n<input type=\"hidden\" name=\"form_key\" value=\"socia2024\" \/>\n<input type=\"hidden\" name=\"item_meta[0]\" value=\"\" \/>\n<input type=\"hidden\" id=\"frm_submit_entry_31\" name=\"frm_submit_entry_31\" value=\"b0d252ded2\" \/><input type=\"hidden\" name=\"_wp_http_referer\" value=\"\/club\/en\/wp-json\/wp\/v2\/product\/1308\" \/><div id=\"frm_field_711_container\" class=\"frm_form_field  frm_html_container form-field\"><img loading=\"lazy\" decoding=\"async\" class=\"aligncenter\" src=\"https:\/\/www.monta-amazona.com\/club\/wp-content\/uploads\/2023\/08\/LogoAEMAColor_28-600x600.png\" alt=\"Logo AEMA\" width=\"100\" height=\"100\" \/><\/div>\n<div id=\"frm_field_712_container\" class=\"frm_form_field  frm_html_container form-field\">\n<p><span style=\"font-size: 14pt;\"> Inscripci\u00f3n <\/span><span style=\"font-size: 14pt;\"><strong>Socia 2024<\/strong><\/span><br \/>cuota anual <strong>35\u20ac<\/strong><\/p>\n<p>validez hasta el 31 de diciembre 2024<\/p>\n<p>Por favor, rellene los apartados de este formulario, son necesarios para enviarle la informaci\u00f3n de la Asociaci\u00f3n y su carnet de Socia.<\/p>\n<p>Env\u00ede el formulario antes de realizar el pago.<br \/>El formulario solo es v\u00e1lido una vez recibido el pago correspondiente.<\/p>\n<p><span style=\"font-size: 10pt;\">para cualquier aclaraci\u00f3n o duda, escriba a <em>aema.asociacion@gmail.com<\/em><\/span><\/p>\n<\/div>\n<div id=\"frm_field_713_container\" class=\"frm_form_field form-field  frm_required_field frm_top_container frm_two_thirds\">\r\n    <label for=\"field_o80ie\" id=\"field_o80ie_label\" class=\"frm_primary_label\">Correo electr\u00f3nico\r\n        <span class=\"frm_required\" aria-hidden=\"true\">*<\/span>\r\n    <\/label>\r\n    <input type=\"email\" id=\"field_o80ie\" name=\"item_meta[713]\" value=\"\"  data-reqmsg=\"Este campo no puede estar en blanco.\" aria-required=\"true\" data-invmsg=\"Correo electr\u00f3nico no es v\u00e1lido\" aria-invalid=\"false\"  \/>\r\n    \r\n    \r\n<\/div>\n<div id=\"frm_field_714_container\" class=\"frm_form_field form-field  frm_required_field frm_top_container frm6 frm_third\">\r\n    <label for=\"field_zywma\" id=\"field_zywma_label\" class=\"frm_primary_label\">Tel\u00e9fono\r\n        <span class=\"frm_required\" aria-hidden=\"true\">*<\/span>\r\n    <\/label>\r\n    <input type=\"text\" id=\"field_zywma\" name=\"item_meta[714]\" value=\"\"  data-reqmsg=\"Este campo no puede estar en blanco.\" aria-required=\"true\" data-invmsg=\"Texto no es v\u00e1lido\" aria-invalid=\"false\"  \/>\r\n    \r\n    \r\n<\/div>\n<div id=\"frm_field_715_container\" class=\"frm_form_field  frm_html_container form-field\">\n<p>Por favor, no se olvide de proporcionar un email v\u00e1lido.<br \/>Recibir\u00e1 toda la informaci\u00f3n de eventos, cursos, promociones, as\u00ed como su carnet y toda informaci\u00f3n relevante mediante e-mail.<\/p>\n<\/div>\n<div id=\"frm_field_716_container\" class=\"frm_form_field form-field  frm_required_field frm_top_container\">\r\n    <div  id=\"field_c80tv_label\" class=\"frm_primary_label\">Nombre\r\n        <span class=\"frm_required\" aria-hidden=\"true\">*<\/span>\r\n    <\/div>\r\n    <fieldset aria-labelledby=\"field_c80tv_label\">\n\t<legend class=\"frm_screen_reader frm_hidden\">\n\t\tNombre\t<\/legend>\n\n\t<div  class=\"frm_combo_inputs_container\" id=\"frm_combo_inputs_container_716\" data-name-layout=\"first_last\">\n\t\t\t\t\t<div\n\t\t\t\tid=\"frm_field_716-first_container\"\n\t\t\t\tclass=\"frm_form_field form-field frm_form_subfield-first  frm6\"\n\t\t\t\tdata-sub-field-name=\"first\"\n\t\t\t>\n\t\t\t\t<label for=\"field_c80tv_first\" class=\"frm_screen_reader frm_hidden\">\n\t\t\t\t\tNombre\t\t\t\t<\/label>\n\n\t\t\t\t<input  type=\"text\" id=\"field_c80tv_first\" value=\"\" name=\"item_meta[716][first]\" autocomplete=\"given-name\" data-reqmsg=\"Este campo no puede estar en blanco.\" aria-required=\"true\" data-invmsg=\"Nombre is invalid\" aria-invalid=\"false\"  \/><div class=\"frm_description\" id=\"frm_field_716_first_desc\">Nombre<\/div>\t\t\t<\/div>\n\t\t\t\t\t\t<div\n\t\t\t\tid=\"frm_field_716-last_container\"\n\t\t\t\tclass=\"frm_form_field form-field frm_form_subfield-last  frm6\"\n\t\t\t\tdata-sub-field-name=\"last\"\n\t\t\t>\n\t\t\t\t<label for=\"field_c80tv_last\" class=\"frm_screen_reader frm_hidden\">\n\t\t\t\t\tApellidos\t\t\t\t<\/label>\n\n\t\t\t\t<input  type=\"text\" id=\"field_c80tv_last\" value=\"\" name=\"item_meta[716][last]\" autocomplete=\"family-name\" data-reqmsg=\"Este campo no puede estar en blanco.\" aria-required=\"true\" data-invmsg=\"Nombre is invalid\" aria-invalid=\"false\"  \/><div class=\"frm_description\" id=\"frm_field_716_last_desc\">Apellidos<\/div>\t\t\t<\/div>\n\t\t\t\t<\/div>\n<\/fieldset>\n\r\n    \r\n    \r\n<\/div>\n<div id=\"frm_field_717_container\" class=\"frm_form_field form-field  frm_required_field frm_top_container\">\r\n    <label for=\"field_vdob8\" id=\"field_vdob8_label\" class=\"frm_primary_label\">Direcci\u00f3n\r\n        <span class=\"frm_required\" aria-hidden=\"true\">*<\/span>\r\n    <\/label>\r\n    <input type=\"text\" id=\"field_vdob8\" name=\"item_meta[717]\" value=\"\"  data-reqmsg=\"Este campo no puede estar en blanco.\" aria-required=\"true\" data-invmsg=\"Texto no es v\u00e1lido\" aria-invalid=\"false\"  \/>\r\n    \r\n    \r\n<\/div>\n<div id=\"frm_field_718_container\" class=\"frm_form_field form-field  frm_top_container\">\r\n    <label for=\"field_huy4k\" id=\"field_huy4k_label\" class=\"frm_primary_label\">Direcci\u00f3n\r\n        <span class=\"frm_required\" aria-hidden=\"true\"><\/span>\r\n    <\/label>\r\n    <input type=\"text\" id=\"field_huy4k\" name=\"item_meta[718]\" value=\"\"  data-invmsg=\"Texto no es v\u00e1lido\" aria-invalid=\"false\"  \/>\r\n    \r\n    \r\n<\/div>\n<div id=\"frm_field_719_container\" class=\"frm_form_field form-field  frm_required_field frm_top_container frm_fourth\">\r\n    <label for=\"field_p1kn4\" id=\"field_p1kn4_label\" class=\"frm_primary_label\">C\u00f3digo Postal\r\n        <span class=\"frm_required\" aria-hidden=\"true\">*<\/span>\r\n    <\/label>\r\n    <input type=\"text\" id=\"field_p1kn4\" name=\"item_meta[719]\" value=\"\"  data-reqmsg=\"Este campo no puede estar en blanco.\" aria-required=\"true\" data-invmsg=\"Texto no es v\u00e1lido\" aria-invalid=\"false\"  \/>\r\n    \r\n    \r\n<\/div>\n<div id=\"frm_field_720_container\" class=\"frm_form_field form-field  frm_required_field frm_top_container frm_three_fourths\">\r\n    <label for=\"field_t31ne\" id=\"field_t31ne_label\" class=\"frm_primary_label\">Ciudad\r\n        <span class=\"frm_required\" aria-hidden=\"true\">*<\/span>\r\n    <\/label>\r\n    <input type=\"text\" id=\"field_t31ne\" name=\"item_meta[720]\" value=\"\"  data-reqmsg=\"Este campo no puede estar en blanco.\" aria-required=\"true\" data-invmsg=\"Texto no es v\u00e1lido\" aria-invalid=\"false\"  \/>\r\n    \r\n    \r\n<\/div>\n<div id=\"frm_field_721_container\" class=\"frm_form_field form-field  frm_top_container\">\r\n    <label for=\"field_fq2ul\" id=\"field_fq2ul_label\" class=\"frm_primary_label\">Provincia\/Regi\u00f3n\r\n        <span class=\"frm_required\" aria-hidden=\"true\"><\/span>\r\n    <\/label>\r\n    <input type=\"text\" id=\"field_fq2ul\" name=\"item_meta[721]\" value=\"\"  data-invmsg=\"Texto no es v\u00e1lido\" aria-invalid=\"false\"  \/>\r\n    \r\n    \r\n<\/div>\n<div id=\"frm_field_722_container\" class=\"frm_form_field form-field  frm_top_container\">\r\n    <label for=\"field_arsnb\" id=\"field_arsnb_label\" class=\"frm_primary_label\">Pa\u00eds\r\n        <span class=\"frm_required\" aria-hidden=\"true\"><\/span>\r\n    <\/label>\r\n    <input type=\"text\" id=\"field_arsnb\" name=\"item_meta[722]\" value=\"\"  data-invmsg=\"Texto no es v\u00e1lido\" aria-invalid=\"false\"   aria-describedby=\"frm_desc_field_arsnb\"\/>\r\n    <div class=\"frm_description\" id=\"frm_desc_field_arsnb\">rellene este apartado si su pa\u00eds es otro que Espa\u00f1a<\/div>\r\n    \r\n<\/div>\n<div id=\"frm_field_729_container\" class=\"frm_form_field form-field  frm_top_container\">\r\n    <label for=\"field_r1iu1\" id=\"field_r1iu1_label\" class=\"frm_primary_label\">Perfil de facebook URL : www.facebook.com\/nombre.apellido o c\u00f3digo\r\n        <span class=\"frm_required\" aria-hidden=\"true\"><\/span>\r\n    <\/label>\r\n    <input type=\"text\" id=\"field_r1iu1\" name=\"item_meta[729]\" value=\"\"  data-invmsg=\"Texto no es v\u00e1lido\" aria-invalid=\"false\"  \/>\r\n    \r\n    \r\n<\/div>\n<div id=\"frm_field_735_container\" class=\"frm_form_field  frm_html_container form-field\">\n<hr style=\"height: 2px; background-color: #45b0e6;\" \/><\/div>\n<div id=\"frm_field_723_container\" class=\"frm_form_field  frm_html_container form-field\">\n<p><span style=\"font-size: 14pt;\">Silla de Amazona, tipo y n\u00famero<\/span><\/p>\n<\/div>\n<div id=\"frm_field_724_container\" class=\"frm_form_field form-field  frm_top_container frm3 frm_first vertical_radio\">\r\n    <div  id=\"field_3j5x7_label\" class=\"frm_primary_label\">Tipos deSilla\r\n        <span class=\"frm_required\" aria-hidden=\"true\"><\/span>\r\n    <\/div>\r\n    <div class=\"frm_opt_container\" aria-labelledby=\"field_3j5x7_label\" role=\"group\">\t\t<div class=\"frm_checkbox\" id=\"frm_checkbox_724-0\">\t\t\t<label  for=\"field_3j5x7-0\">\n\t\t\t<input type=\"checkbox\" name=\"item_meta[724][]\" id=\"field_3j5x7-0\" value=\"Inglesa\"  data-invmsg=\"Tipos deSilla is invalid\"   \/> Inglesa<\/label><\/div>\n\t\t<div class=\"frm_checkbox\" id=\"frm_checkbox_724-1\">\t\t\t<label  for=\"field_3j5x7-1\">\n\t\t\t<input type=\"checkbox\" name=\"item_meta[724][]\" id=\"field_3j5x7-1\" value=\"Vaquera\"  data-invmsg=\"Tipos deSilla is invalid\"   \/> Vaquera<\/label><\/div>\n\t\t<div class=\"frm_checkbox\" id=\"frm_checkbox_724-2\">\t\t\t<label  for=\"field_3j5x7-2\">\n\t\t\t<input type=\"checkbox\" name=\"item_meta[724][]\" id=\"field_3j5x7-2\" value=\"Otra\"  data-invmsg=\"Tipos deSilla is invalid\"   \/> Otra<\/label><\/div>\n<\/div>\r\n    \r\n    \r\n<\/div>\n<div id=\"frm_field_725_container\" class=\"frm_form_field form-field  frm_top_container frm3\">\r\n    <label for=\"field_tfwyf\" id=\"field_tfwyf_label\" class=\"frm_primary_label\">Inglesa N\u00ba\r\n        <span class=\"frm_required\" aria-hidden=\"true\"><\/span>\r\n    <\/label>\r\n    \t\t<select name=\"item_meta[725]\" id=\"field_tfwyf\"  data-invmsg=\"Inglesa N\u00ba is invalid\" aria-invalid=\"false\"  >\n\t\t<option  value=\"\" selected='selected'> <\/option><option  value=\"1\">1<\/option><option  value=\"2\">2<\/option><option  value=\"3\">3<\/option><option  value=\"4\">4<\/option><option  value=\"5\">5<\/option><option  value=\"6\">6<\/option><option  value=\"7\">7<\/option><option  value=\"8\">8<\/option><option  value=\"9\">9<\/option>\t<\/select>\n\t\r\n    \r\n    \r\n<\/div>\n<div id=\"frm_field_726_container\" class=\"frm_form_field form-field  frm_top_container frm3\">\r\n    <label for=\"field_taacg\" id=\"field_taacg_label\" class=\"frm_primary_label\">Vaquera n\u00ba\r\n        <span class=\"frm_required\" aria-hidden=\"true\"><\/span>\r\n    <\/label>\r\n    \t\t<select name=\"item_meta[726]\" id=\"field_taacg\"  data-invmsg=\"Vaquera n\u00ba is invalid\" aria-invalid=\"false\"  >\n\t\t<option  value=\"\" selected='selected'> <\/option><option  value=\"Opci\u00f3n 1\">Opci\u00f3n 1<\/option>\t<\/select>\n\t\r\n    \r\n    \r\n<\/div>\n<div id=\"frm_field_727_container\" class=\"frm_form_field form-field  frm_top_container frm3\">\r\n    <label for=\"field_8eny8\" id=\"field_8eny8_label\" class=\"frm_primary_label\">Otra n\u00ba\r\n        <span class=\"frm_required\" aria-hidden=\"true\"><\/span>\r\n    <\/label>\r\n    \t\t<select name=\"item_meta[727]\" id=\"field_8eny8\"  data-invmsg=\"Otra n\u00ba is invalid\" aria-invalid=\"false\"  >\n\t\t<option  value=\"\" selected='selected'> <\/option><option  value=\"1\">1<\/option><option  value=\"2\">2<\/option><option  value=\"3\">3<\/option><option  value=\"4\">4<\/option><option  value=\"5\">5<\/option><option  value=\"6\">6<\/option><option  value=\"7\">7<\/option><option  value=\"8\">8<\/option><option  value=\"9\">9<\/option>\t<\/select>\n\t\r\n    \r\n    \r\n<\/div>\n<div id=\"frm_field_728_container\" class=\"frm_form_field form-field  frm_top_container\">\r\n    <label for=\"field_6zc16\" id=\"field_6zc16_label\" class=\"frm_primary_label\">Descripci\u00f3n de la(s) silla(s) Marca\u00b7Modelo-Tama\u00f1o\u00b7A\u00f1o\r\n        <span class=\"frm_required\" aria-hidden=\"true\"><\/span>\r\n    <\/label>\r\n    <textarea name=\"item_meta[728]\" id=\"field_6zc16\" rows=\"5\"  data-invmsg=\"Descripci\u00f3n de la(s) silla(s) Marca\u00b7Modelo-Tama\u00f1o\u00b7A\u00f1o is invalid\" aria-invalid=\"false\"  ><\/textarea>\r\n    \r\n    \r\n<\/div>\n<div id=\"frm_field_730_container\" class=\"frm_form_field  frm_html_container form-field\">\n<hr style=\"height: 2px; background-color: #45b0e6;\" \/><\/div>\n<div id=\"frm_field_731_container\" class=\"frm_form_field  frm_html_container form-field\">\u00bfC\u00f3mo conoci\u00f3 la Asociaci\u00f3n?<\/div>\n<div id=\"frm_field_732_container\" class=\"frm_form_field form-field  frm_top_container frm6 frm_first vertical_radio\">\r\n    <div  id=\"field_tyat2_label\" class=\"frm_primary_label\">Casillas\r\n        <span class=\"frm_required\" aria-hidden=\"true\"><\/span>\r\n    <\/div>\r\n    <div class=\"frm_opt_container\" aria-labelledby=\"field_tyat2_label\" role=\"group\">\t\t<div class=\"frm_checkbox\" id=\"frm_checkbox_732-0\">\t\t\t<label  for=\"field_tyat2-0\">\n\t\t\t<input type=\"checkbox\" name=\"item_meta[732][]\" id=\"field_tyat2-0\" value=\"por Internet \/ Web \/ Foro\"  data-invmsg=\"Casillas is invalid\"   \/> por Internet \/ Web \/ Foro<\/label><\/div>\n\t\t<div class=\"frm_checkbox\" id=\"frm_checkbox_732-1\">\t\t\t<label  for=\"field_tyat2-1\">\n\t\t\t<input type=\"checkbox\" name=\"item_meta[732][]\" id=\"field_tyat2-1\" value=\"viendo una exhibici\u00f3n de AEMA\"  data-invmsg=\"Casillas is invalid\"   \/> viendo una exhibici\u00f3n de AEMA<\/label><\/div>\n\t\t<div class=\"frm_checkbox\" id=\"frm_checkbox_732-2\">\t\t\t<label  for=\"field_tyat2-2\">\n\t\t\t<input type=\"checkbox\" name=\"item_meta[732][]\" id=\"field_tyat2-2\" value=\"folleto \/ publicidad\"  data-invmsg=\"Casillas is invalid\"   \/> folleto \/ publicidad<\/label><\/div>\n<\/div>\r\n    \r\n    \r\n<\/div>\n<div id=\"frm_field_733_container\" class=\"frm_form_field form-field  frm_top_container frm6 vertical_radio\">\r\n    <div  id=\"field_iotvw_label\" class=\"frm_primary_label\">Casillas\r\n        <span class=\"frm_required\" aria-hidden=\"true\"><\/span>\r\n    <\/div>\r\n    <div class=\"frm_opt_container\" aria-labelledby=\"field_iotvw_label\" role=\"group\">\t\t<div class=\"frm_checkbox\" id=\"frm_checkbox_733-0\">\t\t\t<label  for=\"field_iotvw-0\">\n\t\t\t<input type=\"checkbox\" name=\"item_meta[733][]\" id=\"field_iotvw-0\" value=\"prensa \/ medios informativos\"  data-invmsg=\"Casillas is invalid\"   \/> prensa \/ medios informativos<\/label><\/div>\n\t\t<div class=\"frm_checkbox\" id=\"frm_checkbox_733-1\">\t\t\t<label  for=\"field_iotvw-1\">\n\t\t\t<input type=\"checkbox\" name=\"item_meta[733][]\" id=\"field_iotvw-1\" value=\"asist\u00ed a un curso \/ conferencia\"  data-invmsg=\"Casillas is invalid\"   \/> asist\u00ed a un curso \/ conferencia<\/label><\/div>\n\t\t<div class=\"frm_checkbox\" id=\"frm_checkbox_733-2\">\t\t\t<label  for=\"field_iotvw-2\">\n\t\t\t<input type=\"checkbox\" name=\"item_meta[733][]\" id=\"field_iotvw-2\" value=\"me hablaron de ella\"  data-invmsg=\"Casillas is invalid\"   \/> me hablaron de ella<\/label><\/div>\n<\/div>\r\n    \r\n    \r\n<\/div>\n<div id=\"frm_field_736_container\" class=\"frm_form_field form-field  frm_top_container frm_fourth vertical_radio\">\r\n    <div  id=\"field_ujh89_label\" class=\"frm_primary_label\">\r\n        <span class=\"frm_required\" aria-hidden=\"true\"><\/span>\r\n    <\/div>\r\n    <div class=\"frm_opt_container\" aria-labelledby=\"field_ujh89_label\" role=\"group\">\t\t<div class=\"frm_checkbox\" id=\"frm_checkbox_736-0\">\t\t\t<label  for=\"field_ujh89-0\">\n\t\t\t<input type=\"checkbox\" name=\"item_meta[736][]\" id=\"field_ujh89-0\" value=\"Otro medio\"  data-invmsg=\"This field is invalid\"   \/> Otro medio<\/label><\/div>\n<\/div>\r\n    \r\n    \r\n<\/div>\n<div id=\"frm_field_737_container\" class=\"frm_form_field form-field  frm_top_container frm_three_fourths\">\r\n    <label for=\"field_9r5ig\" id=\"field_9r5ig_label\" class=\"frm_primary_label\">Describa cual\r\n        <span class=\"frm_required\" aria-hidden=\"true\"><\/span>\r\n    <\/label>\r\n    <textarea name=\"item_meta[737]\" id=\"field_9r5ig\" rows=\"5\"  data-invmsg=\"Describa cual is invalid\" aria-invalid=\"false\"  ><\/textarea>\r\n    \r\n    \r\n<\/div>\n<div id=\"frm_field_734_container\" class=\"frm_form_field  frm_html_container form-field\">\n<hr style=\"height: 2px; background-color: #45b0e6;\" \/><\/div>\n<div id=\"frm_field_738_container\" class=\"frm_form_field  frm_html_container form-field\"><span style=\"font-size: 14pt;\"><u>Domiciliaci\u00f3n Bancaria<\/u><\/span><br \/>\n<span style=\"font-size: 10pt;\">Si desea domiciliar la cuota anual rellene los datos de su cuenta para la ORDEN BANCARIA del recibo presentado por la Asociaci\u00f3n Espa\u00f1ola de Monta a la Amazona<\/span><\/div>\n<div id=\"frm_field_740_container\" class=\"frm_form_field form-field  frm_top_container\">\r\n    <label for=\"field_smjtk\" id=\"field_smjtk_label\" class=\"frm_primary_label\">IBAN\r\n        <span class=\"frm_required\" aria-hidden=\"true\"><\/span>\r\n    <\/label>\r\n    <input type=\"text\" id=\"field_smjtk\" name=\"item_meta[740]\" value=\"\"  data-invmsg=\"Texto no es v\u00e1lido\" aria-invalid=\"false\"  \/>\r\n    \r\n    \r\n<\/div>\n<div id=\"frm_field_741_container\" class=\"frm_form_field form-field  frm_top_container\">\r\n    <label for=\"field_mqlv5\" id=\"field_mqlv5_label\" class=\"frm_primary_label\">Titular de la cuenta\r\n        <span class=\"frm_required\" aria-hidden=\"true\"><\/span>\r\n    <\/label>\r\n    <input type=\"text\" id=\"field_mqlv5\" name=\"item_meta[741]\" value=\"\"  data-invmsg=\"Texto no es v\u00e1lido\" aria-invalid=\"false\"  \/>\r\n    \r\n    \r\n<\/div>\n<div id=\"frm_field_742_container\" class=\"frm_form_field form-field  frm_top_container\">\r\n    <label for=\"field_tkmsc\" id=\"field_tkmsc_label\" class=\"frm_primary_label\">Banco o Caja\r\n        <span class=\"frm_required\" aria-hidden=\"true\"><\/span>\r\n    <\/label>\r\n    <input type=\"text\" id=\"field_tkmsc\" name=\"item_meta[742]\" value=\"\"  data-invmsg=\"Texto no es v\u00e1lido\" aria-invalid=\"false\"  \/>\r\n    \r\n    \r\n<\/div>\n<div id=\"frm_field_743_container\" class=\"frm_form_field form-field  frm_top_container frm_alignright frm_half\">\r\n    <label for=\"field_1yi9z\" id=\"field_1yi9z_label\" class=\"frm_primary_label\">Fecha\r\n        <span class=\"frm_required\" aria-hidden=\"true\"><\/span>\r\n    <\/label>\r\n    <input type=\"text\" id=\"field_1yi9z\" name=\"item_meta[743]\" value=\"\"  data-invmsg=\"Texto no es v\u00e1lido\" aria-invalid=\"false\"  \/>\r\n    \r\n    \r\n<\/div>\n<div id=\"frm_field_739_container\" class=\"frm_form_field  frm_html_container form-field\">\n<hr style=\"height: 2px; background-color: #45b0e6;\" \/><\/div>\n<div id=\"frm_field_744_container\" class=\"frm_form_field  frm_html_container form-field\"><span style=\"font-size: 12px;\">La informaci\u00f3n recogida en este formulario ser\u00e1 utilizada exclusivamente para los fines de la asociaci\u00f3n y puede ser modificada o anulada por el titular en la sede social de la Asociaci\u00f3n.<\/span><br \/>\n<span style=\"font-size: 12px;\"><a href=\"https:\/\/monta-amazona.x10.mx\/club\/privacy-policy\/\">Politica de Privacidad<\/a><\/span><\/div>\n<div id=\"frm_field_745_container\" class=\"frm_form_field  frm_html_container form-field\"><span style=\"font-size: 16px;\">Conexi\u00f3n Segura SSL<\/span><\/p>\n<p><img decoding=\"async\" src=\"https:\/\/monta-amazona.x10.mx\/club\/wp-content\/uploads\/2021\/01\/sectigo_trust_seal_sm_82x32.png\" alt=\"\" \/><\/div>\n<div id=\"frm_field_746_container\" class=\"frm_form_field  frm_html_container form-field\">\n<hr style=\"height: 2px; background-color: #45b0e6;\" \/><\/div>\n<div id=\"frm_field_824_container\" class=\"frm_form_field form-field \">\r\n\t<div class=\"frm_submit\">\r\n\r\n<button class=\"frm_button_submit\" type=\"submit\"  >Enviar<\/button>\r\n\r\n\r\n<\/div>\r\n<\/div>\n\t<input type=\"hidden\" name=\"item_key\" value=\"\" \/>\n\t\t\t<div id=\"frm_field_901_container\">\n\t\t\t<label for=\"field_tgegs\" >\n\t\t\t\tIf you are human, leave this field blank.\t\t\t<\/label>\n\t\t\t<input  id=\"field_tgegs\" type=\"text\" class=\"frm_form_field form-field frm_verify\" name=\"item_meta[901]\" value=\"\"  \/>\n\t\t<\/div>\n\t\t<input name=\"frm_state\" type=\"hidden\" value=\"Br+vvM2p3pO+31fjSihTJhajhAy6Ye6GM0MnXwCzhaU=\" \/><\/div>\n<\/fieldset>\n<\/div>\n\n<p style=\"display: none !important;\" class=\"akismet-fields-container\" data-prefix=\"ak_\"><label>&#916;<textarea name=\"ak_hp_textarea\" cols=\"45\" rows=\"8\" maxlength=\"100\"><\/textarea><\/label><input type=\"hidden\" id=\"ak_js_1\" name=\"ak_js\" value=\"234\"\/><script>document.getElementById( \"ak_js_1\" ).setAttribute( \"value\", ( new Date() ).getTime() );<\/script><\/p><\/form>\n<\/div>\n\n<hr \/>\n<p><span style=\"font-size: 12pt;\">Si prefiere el formulario en formato tradicional,<\/span><br \/>\n<span style=\"font-size: 12pt;\"><span style=\"color: black;\"><em>para rellenar a mano<\/em><\/span><\/span><br \/>\n<span style=\"font-size: 12pt;\">descargue <strong><a href=\"https:\/\/www.monta-amazona.com\/club\/inscripcion-2024-impresora\/\">Impreso de Inscripci\u00f3n 2024 para Impresora<\/a><\/strong><\/span><\/p>\n<p><span style=\"font-size: 12pt;\"><span style=\"color: black;\"><em>para rellenar en ordenador con programa Word<\/em><\/span><\/span><br \/>\n<span style=\"font-size: 12pt;\">descargue <a href=\"https:\/\/www.monta-amazona.com\/club\/inscripcion-2024-word\/\"><strong>Impreso de Inscripci\u00f3n 2024 Word<\/strong><\/a> para ordenador<\/span><br \/>\n<span style=\"font-size: 10pt;\">puede rellenarse en ordenador sin necesidad de imprimir,<br \/>\nesta opci\u00f3n no funciona en m\u00f3vil ni tableta<\/span><\/p>\n<p><span style=\"font-size: 12pt;\">Si desea realizar el ingreso mediante transferencia bancaria<\/span><\/p>\n<p><span style=\"font-size: 12pt;\">IBAN ES85 3081 0331 1729 7328 8323<br \/>\nBIC: ERSVES22<br \/>\nTitular: Asociaci\u00f3n Espa\u00f1ola de Monta a la Amazona<br \/>\nEntidad: EuroCaja Rural <\/span><\/p>\n<p>El formulario adquiere validez cuando se haya recibido el pago.<\/p>\n","protected":false},"excerpt":{"rendered":"<p><span style=\"font-size: 14pt;\">2024 New Member Registration<\/span><\/p>\n<p><span style=\"font-size: 8pt;\"> Por favor, rellene el formulario m\u00e1s abajo<\/span><\/p>","protected":false},"featured_media":1309,"comment_status":"closed","ping_status":"closed","template":"","meta":[],"product_brand":[],"product_cat":[31],"product_tag":[],"class_list":{"0":"post-1308","1":"product","2":"type-product","3":"status-publish","4":"has-post-thumbnail","6":"product_cat-asocia","8":"first","9":"instock","10":"virtual","11":"purchasable","12":"product-type-simple"},"_links":{"self":[{"href":"https:\/\/www.monta-amazona.com\/club\/en\/wp-json\/wp\/v2\/product\/1308","targetHints":{"allow":["GET"]}}],"collection":[{"href":"https:\/\/www.monta-amazona.com\/club\/en\/wp-json\/wp\/v2\/product"}],"about":[{"href":"https:\/\/www.monta-amazona.com\/club\/en\/wp-json\/wp\/v2\/types\/product"}],"replies":[{"embeddable":true,"href":"https:\/\/www.monta-amazona.com\/club\/en\/wp-json\/wp\/v2\/comments?post=1308"}],"wp:featuredmedia":[{"embeddable":true,"href":"https:\/\/www.monta-amazona.com\/club\/en\/wp-json\/wp\/v2\/media\/1309"}],"wp:attachment":[{"href":"https:\/\/www.monta-amazona.com\/club\/en\/wp-json\/wp\/v2\/media?parent=1308"}],"wp:term":[{"taxonomy":"product_brand","embeddable":true,"href":"https:\/\/www.monta-amazona.com\/club\/en\/wp-json\/wp\/v2\/product_brand?post=1308"},{"taxonomy":"product_cat","embeddable":true,"href":"https:\/\/www.monta-amazona.com\/club\/en\/wp-json\/wp\/v2\/product_cat?post=1308"},{"taxonomy":"product_tag","embeddable":true,"href":"https:\/\/www.monta-amazona.com\/club\/en\/wp-json\/wp\/v2\/product_tag?post=1308"}],"curies":[{"name":"wp","href":"https:\/\/api.w.org\/{rel}","templated":true}]}}