{"id":1338,"date":"2024-03-08T00:35:50","date_gmt":"2024-03-08T00:35:50","guid":{"rendered":"https:\/\/www.monta-amazona.com\/club\/?page_id=1338"},"modified":"2024-03-08T01:40:39","modified_gmt":"2024-03-08T01:40:39","slug":"inscripcion-240405-socias","status":"publish","type":"page","link":"https:\/\/www.monta-amazona.com\/club\/inscripcion-240405-socias\/","title":{"rendered":"Inscripcion 240405 Socias"},"content":{"rendered":"<div class=\"wp-block-image\">\n<figure class=\"aligncenter size-full is-resized\"><img loading=\"lazy\" decoding=\"async\" width=\"600\" height=\"600\" src=\"https:\/\/www.monta-amazona.com\/club\/wp-content\/uploads\/2024\/03\/240405_Inscrp-Socias.jpg\" alt=\"\" class=\"wp-image-1341\" style=\"width:300px;height:auto\" srcset=\"https:\/\/www.monta-amazona.com\/club\/wp-content\/uploads\/2024\/03\/240405_Inscrp-Socias.jpg 600w, https:\/\/www.monta-amazona.com\/club\/wp-content\/uploads\/2024\/03\/240405_Inscrp-Socias-300x300.jpg 300w, https:\/\/www.monta-amazona.com\/club\/wp-content\/uploads\/2024\/03\/240405_Inscrp-Socias-150x150.jpg 150w, https:\/\/www.monta-amazona.com\/club\/wp-content\/uploads\/2024\/03\/240405_Inscrp-Socias-12x12.jpg 12w, https:\/\/www.monta-amazona.com\/club\/wp-content\/uploads\/2024\/03\/240405_Inscrp-Socias-230x230.jpg 230w, https:\/\/www.monta-amazona.com\/club\/wp-content\/uploads\/2024\/03\/240405_Inscrp-Socias-80x80.jpg 80w, https:\/\/www.monta-amazona.com\/club\/wp-content\/uploads\/2024\/03\/240405_Inscrp-Socias-100x100.jpg 100w\" sizes=\"auto, (max-width: 600px) 100vw, 600px\" \/><\/figure>\n<\/div>\n\n\n<p class=\"has-text-align-center has-medium-font-size\"><span style=\"font-size: 16pt;\">Inscripci\u00f3n para Socias<\/span> AEMA y UEGH\u00e1<br><span style=\"font-size: 16pt;\">Curso AEMA de Monta a la Amazona<\/span><br>5-7 abril 2024 <\/p>\n\n\n\n<p class=\"has-text-align-center\"><span style=\"font-size:18px;\">Centro Ecuestre La Falsa Rienda<\/span> <br><span style=\"font-size:14px;\">Camino R\u00edo Pudio s\/n, 41928 Palomares del R\u00edo, Sevilla<\/span><\/p>\n\n\n\n<p class=\"has-text-align-center\" style=\"font-size:14px\">Inscripci\u00f3n para No Socias  <a href=\"https:\/\/www.monta-amazona.com\/club\/inscripcion-240405-nosocias\/\">aqu\u00ed<\/a><\/p>\n\n\n\n<div class=\"wp-block-columns is-layout-flex wp-container-core-columns-is-layout-9d6595d7 wp-block-columns-is-layout-flex\">\n<div class=\"wp-block-column is-layout-flow wp-block-column-is-layout-flow\" style=\"flex-basis:25%\"><\/div>\n\n\n\n<div class=\"wp-block-column is-layout-flow wp-block-column-is-layout-flow\" style=\"flex-basis:50%\">\n<div class=\"wp-block-buttons is-content-justification-center is-layout-flex wp-container-core-buttons-is-layout-16018d1d wp-block-buttons-is-layout-flex\">\n<div class=\"wp-block-button has-custom-width wp-block-button__width-75 has-custom-font-size is-style-outline is-style-outline--1\" style=\"font-size:12px\"><a class=\"wp-block-button__link has-white-color has-text-color has-background wp-element-button\" href=\"https:\/\/www.monta-amazona.com\/club\/wp-content\/uploads\/2022\/10\/AEMA_Normas_Curso_22.pdf\" style=\"background-color:#4ca6c1\">Normas de Asistencia a Cursos AEMA<\/a><\/div>\n<\/div>\n<\/div>\n\n\n\n<div class=\"wp-block-column is-layout-flow wp-block-column-is-layout-flow\" style=\"flex-basis:25%\"><\/div>\n<\/div>\n\n\n\n<div class=\"wp-block-columns is-layout-flex wp-container-core-columns-is-layout-9d6595d7 wp-block-columns-is-layout-flex\">\n<div class=\"wp-block-column is-layout-flow wp-block-column-is-layout-flow\"><\/div>\n\n\n\n<div class=\"wp-block-column is-layout-flow wp-block-column-is-layout-flow\">\n<div class=\"wp-block-buttons is-content-justification-center is-layout-flex wp-container-core-buttons-is-layout-16018d1d wp-block-buttons-is-layout-flex\">\n<div class=\"wp-block-button has-custom-font-size\" style=\"font-size:12px\"><a class=\"wp-block-button__link has-background wp-element-button\" href=\"https:\/\/www.monta-amazona.com\/club\/wp-content\/uploads\/2022\/10\/AEMA_AptitudAmazona_22.pdf\" style=\"background-color:#4ca6c1\">Aptitud de la Amazona<\/a><\/div>\n<\/div>\n<\/div>\n\n\n\n<div class=\"wp-block-column is-layout-flow wp-block-column-is-layout-flow\"><\/div>\n<\/div>\n\n\n\n<div class=\"wp-block-columns is-layout-flex wp-container-core-columns-is-layout-9d6595d7 wp-block-columns-is-layout-flex\">\n<div class=\"wp-block-column is-layout-flow wp-block-column-is-layout-flow\" style=\"flex-basis:150px\"><\/div>\n\n\n\n<div class=\"wp-block-column is-layout-flow wp-block-column-is-layout-flow\">\n<div class=\"wp-block-buttons is-content-justification-center is-layout-flex wp-container-core-buttons-is-layout-64b26803 wp-block-buttons-is-layout-flex\">\n<div class=\"wp-block-button has-custom-font-size\" style=\"font-size:12px\"><a class=\"wp-block-button__link has-white-color has-text-color has-background wp-element-button\" href=\"https:\/\/www.monta-amazona.com\/club\/wp-content\/uploads\/2022\/10\/DescargoAdultos_22.pdf\" style=\"background-color:#4ca6c1\">Descargo Adultos<\/a><\/div>\n<\/div>\n<\/div>\n\n\n\n<div class=\"wp-block-column is-vertically-aligned-center is-layout-flow wp-block-column-is-layout-flow\">\n<div class=\"wp-block-buttons is-content-justification-center is-layout-flex wp-container-core-buttons-is-layout-16018d1d wp-block-buttons-is-layout-flex\">\n<div class=\"wp-block-button has-custom-font-size\" style=\"font-size:12px\"><a class=\"wp-block-button__link has-white-color has-text-color has-background wp-element-button\" href=\"https:\/\/www.monta-amazona.com\/club\/wp-content\/uploads\/2022\/10\/DescargoMenores_22.pdf\" style=\"background-color:#4ca6c1\">Descargo Menores<\/a><\/div>\n<\/div>\n<\/div>\n\n\n\n<div class=\"wp-block-column is-layout-flow wp-block-column-is-layout-flow\" style=\"flex-basis:150px\"><\/div>\n<\/div>\n\n\n\n<p class=\"has-text-align-center\">\u23af\u23af\u23af\u23af\u23af\u23af\u23af\u23af\u23af\u23af\u23af\u23af\u23af\u23af\u23af\u23af\u23af\u23af\u23af\u23af\u23af\u23af\u23af\u23af\u23af\u23af\u23af\u23af\u23af\u23af\u23af\u23af\u23af\u23af\u23af<br>Rellene y env\u00ede el siguiente formulario<br>\u23af\u23af\u23af\u23af\u23af\u23af\u23af\u23af\u23af\u23af\u23af\u23af\u23af\u23af\u23af\u23af\u23af\u23af\u23af\u23af\u23af\u23af\u23af\u23af\u23af\u23af\u23af\u23af\u23af\u23af\u23af\u23af\u23af\u23af\u23af<br><\/p>\n\n\n<div class=\"frm_forms  with_frm_style frm_style_estilos-formidable\" id=\"frm_form_34_container\" data-token=\"078e6bb3237c250b011c76c29efacdc8\">\n<form enctype=\"multipart\/form-data\" method=\"post\" class=\"frm-show-form \" id=\"form_240405_sevilla_socias\" data-token=\"078e6bb3237c250b011c76c29efacdc8\">\n<div class=\"frm_form_fields \">\n<fieldset>\n<legend class=\"frm_screen_reader\">240405_Sevilla_Socias<\/legend>\r\n\r\n<div class=\"frm_fields_container\">\n<input type=\"hidden\" name=\"frm_action\" value=\"create\" \/>\n<input type=\"hidden\" name=\"form_id\" value=\"34\" \/>\n<input type=\"hidden\" name=\"frm_hide_fields_34\" id=\"frm_hide_fields_34\" value=\"\" \/>\n<input type=\"hidden\" name=\"form_key\" value=\"240405_sevilla_socias\" \/>\n<input type=\"hidden\" name=\"item_meta[0]\" value=\"\" \/>\n<input type=\"hidden\" id=\"frm_submit_entry_34\" name=\"frm_submit_entry_34\" value=\"598ee770b0\" \/><input type=\"hidden\" name=\"_wp_http_referer\" value=\"\/club\/wp-json\/wp\/v2\/pages\/1338\" \/><div id=\"frm_field_799_container\" class=\"frm_form_field  frm_html_container form-field\"><img loading=\"lazy\" decoding=\"async\" class=\"aligncenter\" src=\"https:\/\/www.monta-amazona.com\/club\/wp-content\/uploads\/2023\/08\/LogoAEMAColor_28-600x600.png\" alt=\"Logo AEMA\" width=\"100\" height=\"100\" \/><\/div>\n<div id=\"frm_field_800_container\" class=\"frm_form_field  frm_html_container form-field\">\n<p style=\"text-align: center;\"><span style=\"font-family: verdana,geneva,sans-serif;\"><strong><u><span style=\"font-size: 18px;\">Curso AEMA Sevilla 5-7 abril 2024<\/span><\/u><\/strong><\/span><\/p>\n<p style=\"text-align: center;\"><span style=\"font-family: verdana,geneva,sans-serif;\"><span style=\"font-size: 14px;\">colabora <\/span><strong><u><span style=\"font-size: 18px;\">UEGH\u00e1<\/span><\/u><\/strong><span style=\"font-size: 18px;\"><br \/><\/span><\/span><span style=\"font-size: 14px;\"><span style=\"font-family: verdana,geneva,sans-serif;\">Union de Ganaderos de Caballos Hispano-\u00e1rabes<\/span><\/span><\/p>\n<p style=\"text-align: center;\"><strong><u><span style=\"font-size: 16px;\">Inscripci\u00f3n para Socias AEMA y UEGH\u00e1<\/span><\/u><\/strong><br \/><span style=\"font-size: 14px;\">Inscripci\u00f3n para No Socias <a href=\"https:\/\/www.monta-amazona.com\/club\/inscripcion-240405-nosocias\/\">aqu\u00ed<\/a><\/span><\/p>\n<hr style=\"background: none; border-top: 2px solid #6868b2;\" \/>\n<p>Por favor, rellene los apartados obligatorios <strong><span style=\"color: #ff0000;\"><span style=\"font-size: 18px;\">*<\/span><\/span><\/strong> de este formulario, son necesarios para identificar su pago y enviarle la informaci\u00f3n del Curso.<br \/><span style=\"font-size: 14px;\">Haga la suma e ingrese la cantidad en la cuenta AEMA cuyos datos figuran al pie de esta p\u00e1gina, indicando su nombre en el concepto.<\/span><br \/><span style=\"font-size: 14px;\">El formulario solo es v\u00e1lido una vez recibido el pago correspondiente.<\/span><br \/><span style=\"font-size: 14px;\">\u200bPara cualquier aclaraci\u00f3n o duda, escriba a <em>aema.asociacion@gmail.com\u200b<\/em><\/span><\/p>\n<\/div>\n<div id=\"frm_field_801_container\" class=\"frm_form_field form-field  frm_required_field frm_top_container frm_third\">\r\n    <label for=\"field_2muzq2\" id=\"field_2muzq2_label\" class=\"frm_primary_label\">N\u00ba Socia AEMA\r\n        <span class=\"frm_required\" aria-hidden=\"true\">*<\/span>\r\n    <\/label>\r\n    <input type=\"number\" id=\"field_2muzq2\" name=\"item_meta[801]\" value=\"\"  data-reqmsg=\"Este campo no puede estar en blanco.\" aria-required=\"true\" data-invmsg=\"N\u00famero no es v\u00e1lido\" aria-invalid=\"false\"   min=\"191\" max=\"500\" step=\"any\"\/>\r\n    \r\n    \r\n<\/div>\n<div id=\"frm_field_802_container\" class=\"frm_form_field  frm6 frm_html_container form-field\"><span style=\"font-size: 10pt;\">si no recuerda su n\u00ba de socia,<br \/>\npregunte en <em>aema.asociacion@gmail.com<\/em><\/span><br \/>\n<span style=\"font-size: 10pt;\">o por m\u00f3vil o Telegram al 692 192 777<\/span><\/div>\n<div id=\"frm_field_803_container\" class=\"frm_form_field form-field  frm_required_field frm_top_container\">\r\n    <div  id=\"field_hk9wm4_label\" class=\"frm_primary_label\">Nombre y Apellido\r\n        <span class=\"frm_required\" aria-hidden=\"true\">*<\/span>\r\n    <\/div>\r\n    <fieldset aria-labelledby=\"field_hk9wm4_label\">\n\t<legend class=\"frm_screen_reader frm_hidden\">\n\t\tNombre y Apellido\t<\/legend>\n\n\t<div  class=\"frm_combo_inputs_container\" id=\"frm_combo_inputs_container_803\" data-name-layout=\"first_last\">\n\t\t\t\t\t<div\n\t\t\t\tid=\"frm_field_803-first_container\"\n\t\t\t\tclass=\"frm_form_field form-field frm_form_subfield-first  frm6\"\n\t\t\t\tdata-sub-field-name=\"first\"\n\t\t\t>\n\t\t\t\t<label for=\"field_hk9wm4_first\" class=\"frm_screen_reader frm_hidden\">\n\t\t\t\t\tNombre\t\t\t\t<\/label>\n\n\t\t\t\t<input  type=\"text\" id=\"field_hk9wm4_first\" value=\"\" name=\"item_meta[803][first]\" autocomplete=\"given-name\" data-reqmsg=\"Este campo no puede estar en blanco.\" aria-required=\"true\" data-invmsg=\"Nombre y Apellido no es v\u00e1lido\" aria-invalid=\"false\"  \/><div class=\"frm_description\" id=\"frm_field_803_first_desc\">Nombre<\/div>\t\t\t<\/div>\n\t\t\t\t\t\t<div\n\t\t\t\tid=\"frm_field_803-last_container\"\n\t\t\t\tclass=\"frm_form_field form-field frm_form_subfield-last  frm6\"\n\t\t\t\tdata-sub-field-name=\"last\"\n\t\t\t>\n\t\t\t\t<label for=\"field_hk9wm4_last\" class=\"frm_screen_reader frm_hidden\">\n\t\t\t\t\tApellidos\t\t\t\t<\/label>\n\n\t\t\t\t<input  type=\"text\" id=\"field_hk9wm4_last\" value=\"\" name=\"item_meta[803][last]\" autocomplete=\"family-name\" data-reqmsg=\"Este campo no puede estar en blanco.\" aria-required=\"true\" data-invmsg=\"Nombre y Apellido no es v\u00e1lido\" aria-invalid=\"false\"  \/><div class=\"frm_description\" id=\"frm_field_803_last_desc\">Apellidos<\/div>\t\t\t<\/div>\n\t\t\t\t<\/div>\n<\/fieldset>\n\r\n    \r\n    \r\n<\/div>\n<div id=\"frm_field_804_container\" class=\"frm_form_field form-field  frm_required_field frm_top_container frm_three_fourths\">\r\n    <label for=\"field_t912a4\" id=\"field_t912a4_label\" class=\"frm_primary_label\">Correo electr\u00f3nico\r\n        <span class=\"frm_required\" aria-hidden=\"true\">*<\/span>\r\n    <\/label>\r\n    <input type=\"email\" id=\"field_t912a4\" name=\"item_meta[804]\" value=\"\"  data-reqmsg=\"Este campo no puede estar en blanco.\" aria-required=\"true\" data-invmsg=\"Correo electr\u00f3nico no es v\u00e1lido\" aria-invalid=\"false\"  \/>\r\n    \r\n    \r\n<\/div>\n<div id=\"frm_field_805_container\" class=\"frm_form_field form-field  frm_required_field frm_top_container frm_fourth\">\r\n    <label for=\"field_huepy4\" id=\"field_huepy4_label\" class=\"frm_primary_label\">Tel\u00e9fono\r\n        <span class=\"frm_required\" aria-hidden=\"true\">*<\/span>\r\n    <\/label>\r\n    <input type=\"text\" id=\"field_huepy4\" name=\"item_meta[805]\" value=\"\"  data-reqmsg=\"Este campo no puede estar en blanco.\" aria-required=\"true\" data-invmsg=\"Texto no es v\u00e1lido\" aria-invalid=\"false\"  \/>\r\n    \r\n    \r\n<\/div>\n<div id=\"frm_field_806_container\" class=\"frm_form_field  frm_html_container form-field\"><span style=\"font-size: 12px;\">Por favor, no se olvide de proporcionar un email v\u00e1lido y su n\u00famero de m\u00f3vil.<br \/>\nRecibir\u00e1 toda la informaci\u00f3n del curso mediante e-mail, y le avisaremos por tel\u00e9fono o mensajer\u00eda en caso de que haya alg\u00fan ajuste de \u00faltima hora.\u200b<\/span><\/div>\n<div id=\"frm_field_807_container\" class=\"frm_form_field  frm_html_container form-field\">\n<hr style=\"height: 2px; background-color: #45b0e6;\" \/><\/div>\n<div id=\"frm_field_808_container\" class=\"frm_form_field  frm_html_container form-field\"><u><span style=\"font-family: verdana,geneva,sans-serif;\"><span style=\"font-size: 20px;\">Modalidad de Asistente al Curso AEMA<\/span><\/span><\/u><span style=\"font-family: verdana,geneva,sans-serif;\"><span style=\"font-size: 14px;\"><br \/>\n<span style=\"font-size: 12px;\">Marque una de las siguientes opciones de su elecci\u00f3n)<\/span><\/span><\/span><\/div>\n<div id=\"frm_field_809_container\" class=\"frm_form_field form-field  frm_top_container vertical_radio\">\r\n    <div  id=\"field_4pxvw4_label\" class=\"frm_primary_label\">Modalidad de Asistente\r\n        <span class=\"frm_required\" aria-hidden=\"true\"><\/span>\r\n    <\/div>\r\n    <div class=\"frm_opt_container\" aria-labelledby=\"field_4pxvw4_label\" role=\"radiogroup\">\t\t<div class=\"frm_radio\" id=\"frm_radio_809-0\">\t\t\t<label  for=\"field_4pxvw4-0\">\n\t\t\t\t\t<input type=\"radio\" name=\"item_meta[809]\" id=\"field_4pxvw4-0\" value=\"Socia - Oyente - 45\u20ac\"\n\t\t data-invmsg=\"Modalidad de Asistente no es v\u00e1lido\"   \/> Socia - Oyente - 45\u20ac<\/label><\/div>\n\t\t<div class=\"frm_radio\" id=\"frm_radio_809-2\">\t\t\t<label  for=\"field_4pxvw4-2\">\n\t\t\t\t\t<input type=\"radio\" name=\"item_meta[809]\" id=\"field_4pxvw4-2\" value=\"Socia - Teor\u00eda + Pr\u00e1cticas  con caballo propio  -  100\u20ac\"\n\t\t data-invmsg=\"Modalidad de Asistente no es v\u00e1lido\"   \/> Socia - Teor\u00eda + Pr\u00e1cticas  con caballo propio  -  100\u20ac<\/label><\/div>\n\t\t<div class=\"frm_radio\" id=\"frm_radio_809-3\">\t\t\t<label  for=\"field_4pxvw4-3\">\n\t\t\t\t\t<input type=\"radio\" name=\"item_meta[809]\" id=\"field_4pxvw4-3\" value=\"Socia - Teor\u00eda + Pr\u00e1cticas  con caballo del centro  -  125\u20ac\"\n\t\t data-invmsg=\"Modalidad de Asistente no es v\u00e1lido\"   \/> Socia - Teor\u00eda + Pr\u00e1cticas  con caballo del centro  -  125\u20ac<\/label><\/div>\n\t\t<div class=\"frm_radio\" id=\"frm_radio_809-4\">\t\t\t<label  for=\"field_4pxvw4-4\">\n\t\t\t\t\t<input type=\"radio\" name=\"item_meta[809]\" id=\"field_4pxvw4-4\" value=\"Socia - Menor de 15 a\u00f1os con caballo propio - 80\u20ac\"\n\t\t data-invmsg=\"Modalidad de Asistente no es v\u00e1lido\"   \/> Socia - Menor de 15 a\u00f1os con caballo propio - 80\u20ac<\/label><\/div>\n\t\t<div class=\"frm_radio\" id=\"frm_radio_809-5\">\t\t\t<label  for=\"field_4pxvw4-5\">\n\t\t\t\t\t<input type=\"radio\" name=\"item_meta[809]\" id=\"field_4pxvw4-5\" value=\"Socia - Menor de 15 a\u00f1os con caballo del centro - 105\u20ac\"\n\t\t data-invmsg=\"Modalidad de Asistente no es v\u00e1lido\"   \/> Socia - Menor de 15 a\u00f1os con caballo del centro - 105\u20ac<\/label><\/div>\n<\/div>\r\n    \r\n    \r\n<\/div>\n<div id=\"frm_field_810_container\" class=\"frm_form_field  frm_html_container form-field\">\n<hr style=\"height: 2px; background-color: #45b0e6;\" \/><\/div>\n<div id=\"frm_field_811_container\" class=\"frm_form_field  frm_html_container form-field\"><u><span style=\"font-family: verdana,geneva,sans-serif;\"><span style=\"font-size: 20px;\">Comidas<\/span><\/span><\/u><span style=\"font-family: verdana,geneva,sans-serif;\">\u00a0<span style=\"font-size: 14px;\">solo con reserva previa<\/span><br \/>\n<span style=\"font-size: 12px;\">No tenemos capacidad para aceptar comensales en el d\u00eda<\/span><br \/>\n<span style=\"font-family: verdana,geneva,sans-serif;\"><span style=\"font-size: 14px;\">Marque las opciones de su elecci\u00f3n<\/span><\/span><\/span><\/p>\n<p><span style=\"font-family: verdana,geneva,sans-serif;\">\u00a0<span style=\"font-size: 16px;\">Comida Men\u00fa Club\u00a0 con postre y bebidas.<\/span><\/span><br \/>\n<span style=\"font-family: verdana,geneva,sans-serif;\">\u00a0<span style=\"font-size: 14px;\">12\u20ac persona\/d\u00eda\u200b<\/span><\/span><\/div>\n<div id=\"frm_field_812_container\" class=\"frm_form_field form-field  frm_top_container vertical_radio\">\r\n    <div  id=\"field_zzef4_label\" class=\"frm_primary_label\">Comidas\r\n        <span class=\"frm_required\" aria-hidden=\"true\"><\/span>\r\n    <\/div>\r\n    <div class=\"frm_opt_container\" aria-labelledby=\"field_zzef4_label\" role=\"group\">\t\t<div class=\"frm_checkbox\" id=\"frm_checkbox_812-0\">\t\t\t<label  for=\"field_zzef4-0\">\n\t\t\t<input type=\"checkbox\" name=\"item_meta[812][]\" id=\"field_zzef4-0\" value=\"15\u20ac  \u00b7  S\u00e1bado 6 abr\"  data-invmsg=\"Comidas no es v\u00e1lido\"   \/> 15\u20ac  \u00b7  S\u00e1bado 6 abr<\/label><\/div>\n\t\t<div class=\"frm_checkbox\" id=\"frm_checkbox_812-1\">\t\t\t<label  for=\"field_zzef4-1\">\n\t\t\t<input type=\"checkbox\" name=\"item_meta[812][]\" id=\"field_zzef4-1\" value=\"15\u20ac  \u00b7  Domingo 7 abr\"  data-invmsg=\"Comidas no es v\u00e1lido\"   \/> 15\u20ac  \u00b7  Domingo 7 abr<\/label><\/div>\n<\/div>\r\n    \r\n    \r\n<\/div>\n<div id=\"frm_field_813_container\" class=\"frm_form_field  frm_html_container form-field\">\n<hr style=\"height: 2px; background-color: #45b0e6;\" \/><\/div>\n<div id=\"frm_field_814_container\" class=\"frm_form_field  frm_html_container form-field\">Por favor, lea el documento <a href=\"https:\/\/www.monta-amazona.com\/club\/wp-content\/uploads\/2022\/10\/AEMA_AptitudAmazona_22.pdf\"><span style=\"color: #ea72aa;\">Aptitud de la Amazona<\/span><\/a> para escribir en el siguiente apartado<\/div>\n<div id=\"frm_field_815_container\" class=\"frm_form_field form-field  frm_top_container\">\r\n    <label for=\"field_bw5664\" id=\"field_bw5664_label\" class=\"frm_primary_label\">Nota que quiera a\u00f1adir a su inscripci\u00f3n\r\n        <span class=\"frm_required\" aria-hidden=\"true\"><\/span>\r\n    <\/label>\r\n    <textarea name=\"item_meta[815]\" id=\"field_bw5664\" rows=\"5\"  data-invmsg=\"Nota que quiera a\u00f1adir a su inscripci\u00f3n no es v\u00e1lido\" aria-invalid=\"false\"  ><\/textarea>\r\n    \r\n    \r\n<\/div>\n<div id=\"frm_field_816_container\" class=\"frm_form_field  frm_html_container form-field\">\n<hr style=\"height: 2px; background-color: #45b0e6;\" \/><\/div>\n<div id=\"frm_field_817_container\" class=\"frm_form_field  frm_html_container form-field\">\n<p>Por favor, realice el ingreso mediante transferencia bancaria<\/p>\n<p>en el concepto escriba: <strong>050424<\/strong>, <strong>n\u00ba socia<\/strong> y\/o <strong>nombre<\/strong><\/p>\n<p>IBAN <span style=\"font-size: 16px;\"><strong>ES85 3081 0331 1729 7328 8323<\/strong><\/span><br \/>BIC: ERSVES22<br \/>Titular: Asoc. Esp. Monta Amazona<br \/>Entidad: EuroCaja Rural<\/p>\n<p>El formulario adquiere validez cuando se haya recibido el pago.<\/p>\n<\/div>\n<div id=\"frm_field_818_container\" class=\"frm_form_field  frm_html_container form-field\">\n<hr style=\"height: 2px; background-color: #45b0e6;\" \/><\/div>\n<div id=\"frm_field_819_container\" class=\"frm_form_field  frm_html_container form-field\"><span style=\"font-size: 12px;\">La informaci\u00f3n recogida en este formulario ser\u00e1 utilizada exclusivamente para los fines de la asociaci\u00f3n y puede ser modificada o anulada por el titular en la sede social de la Asociaci\u00f3n.<\/span><br \/>\n<span style=\"font-size: 12px;\"><a href=\"https:\/\/www.monta-amazona.com\/clubaema\/privacy-policy\/\">Pol\u00edtica de Privacidad<\/a><\/span><\/div>\n<div id=\"frm_field_820_container\" class=\"frm_form_field  frm_html_container form-field\"><span style=\"font-size: 16px;\">Conexi\u00f3n Segura SSL<\/span><\/p>\n<p><img decoding=\"async\" src=\"https:\/\/monta-amazona.x10.mx\/club\/wp-content\/uploads\/2021\/01\/sectigo_trust_seal_sm_82x32.png\" \/><\/div>\n<div id=\"frm_field_821_container\" class=\"frm_form_field  frm_html_container form-field\">\n<hr style=\"height: 2px; background-color: #45b0e6;\" \/><\/div>\n<div id=\"frm_field_823_container\" class=\"frm_form_field form-field \">\r\n\t<div class=\"frm_submit\">\r\n\r\n<button class=\"frm_button_submit\" type=\"submit\"  >Enviar<\/button>\r\n\r\n\r\n<\/div>\r\n<\/div>\n\t<input type=\"hidden\" name=\"item_key\" value=\"\" \/>\n\t\t\t<div id=\"frm_field_901_container\">\n\t\t\t<label for=\"field_g1w4q\" >\n\t\t\t\tSi eres humano, deja este campo en blanco.\t\t\t<\/label>\n\t\t\t<input  id=\"field_g1w4q\" type=\"text\" class=\"frm_form_field form-field frm_verify\" name=\"item_meta[901]\" value=\"\"  \/>\n\t\t<\/div>\n\t\t<input name=\"frm_state\" type=\"hidden\" value=\"Br+vvM2p3pO+31fjSihTJhajhAy6Ye6GM0MnXwCzhaU=\" \/><\/div>\n<\/fieldset>\n<\/div>\n\n<p style=\"display: none !important;\" class=\"akismet-fields-container\" data-prefix=\"ak_\"><label>&#916;<textarea name=\"ak_hp_textarea\" cols=\"45\" rows=\"8\" maxlength=\"100\"><\/textarea><\/label><input type=\"hidden\" id=\"ak_js_1\" name=\"ak_js\" value=\"119\"\/><script>document.getElementById( \"ak_js_1\" ).setAttribute( \"value\", ( new Date() ).getTime() );<\/script><\/p><\/form>\n<\/div>\n\n","protected":false},"excerpt":{"rendered":"<p>Inscripci\u00f3n para Socias AEMA y UEGH\u00e1Curso AEMA de Monta a la Amazona5-7 abril 2024 Centro Ecuestre La Falsa Rienda Camino R\u00edo Pudio s\/n, 41928 Palomares del R\u00edo, Sevilla Inscripci\u00f3n para No Socias aqu\u00ed \u23af\u23af\u23af\u23af\u23af\u23af\u23af\u23af\u23af\u23af\u23af\u23af\u23af\u23af\u23af\u23af\u23af\u23af\u23af\u23af\u23af\u23af\u23af\u23af\u23af\u23af\u23af\u23af\u23af\u23af\u23af\u23af\u23af\u23af\u23afRellene y env\u00ede el siguiente formulario\u23af\u23af\u23af\u23af\u23af\u23af\u23af\u23af\u23af\u23af\u23af\u23af\u23af\u23af\u23af\u23af\u23af\u23af\u23af\u23af\u23af\u23af\u23af\u23af\u23af\u23af\u23af\u23af\u23af\u23af\u23af\u23af\u23af\u23af\u23af<\/p>\n","protected":false},"author":1,"featured_media":0,"parent":0,"menu_order":0,"comment_status":"closed","ping_status":"closed","template":"","meta":{"footnotes":""},"folder":[],"class_list":["post-1338","page","type-page","status-publish","hentry"],"_links":{"self":[{"href":"https:\/\/www.monta-amazona.com\/club\/wp-json\/wp\/v2\/pages\/1338","targetHints":{"allow":["GET"]}}],"collection":[{"href":"https:\/\/www.monta-amazona.com\/club\/wp-json\/wp\/v2\/pages"}],"about":[{"href":"https:\/\/www.monta-amazona.com\/club\/wp-json\/wp\/v2\/types\/page"}],"author":[{"embeddable":true,"href":"https:\/\/www.monta-amazona.com\/club\/wp-json\/wp\/v2\/users\/1"}],"replies":[{"embeddable":true,"href":"https:\/\/www.monta-amazona.com\/club\/wp-json\/wp\/v2\/comments?post=1338"}],"version-history":[{"count":6,"href":"https:\/\/www.monta-amazona.com\/club\/wp-json\/wp\/v2\/pages\/1338\/revisions"}],"predecessor-version":[{"id":1349,"href":"https:\/\/www.monta-amazona.com\/club\/wp-json\/wp\/v2\/pages\/1338\/revisions\/1349"}],"wp:attachment":[{"href":"https:\/\/www.monta-amazona.com\/club\/wp-json\/wp\/v2\/media?parent=1338"}],"wp:term":[{"taxonomy":"folder","embeddable":true,"href":"https:\/\/www.monta-amazona.com\/club\/wp-json\/wp\/v2\/folder?post=1338"}],"curies":[{"name":"wp","href":"https:\/\/api.w.org\/{rel}","templated":true}]}}