{"id":23,"date":"2020-12-29T23:27:14","date_gmt":"2020-12-29T23:27:14","guid":{"rendered":"https:\/\/monta-amazona.x10.mx\/club\/?page_id=23"},"modified":"2023-10-30T01:56:34","modified_gmt":"2023-10-30T01:56:34","slug":"consejos","status":"publish","type":"page","link":"https:\/\/www.monta-amazona.com\/club\/consejos\/","title":{"rendered":"Consejos"},"content":{"rendered":"\n<p class=\"has-text-align-center\" style=\"font-size:28px\">Consejos e Instrucciones<\/p>\n\n\n<div class=\"wp-block-image\">\n<figure class=\"aligncenter size-large is-resized\"><img loading=\"lazy\" decoding=\"async\" width=\"512\" height=\"512\" src=\"https:\/\/monta-amazona.x10.mx\/club\/wp-content\/uploads\/2020\/12\/LogoAEMAColor_06_512.png\" alt=\"\" class=\"wp-image-5\" style=\"width:200px;height:200px\" srcset=\"https:\/\/www.monta-amazona.com\/club\/wp-content\/uploads\/2020\/12\/LogoAEMAColor_06_512.png 512w, https:\/\/www.monta-amazona.com\/club\/wp-content\/uploads\/2020\/12\/LogoAEMAColor_06_512-300x300.png 300w, https:\/\/www.monta-amazona.com\/club\/wp-content\/uploads\/2020\/12\/LogoAEMAColor_06_512-100x100.png 100w, https:\/\/www.monta-amazona.com\/club\/wp-content\/uploads\/2020\/12\/LogoAEMAColor_06_512-150x150.png 150w, https:\/\/www.monta-amazona.com\/club\/wp-content\/uploads\/2020\/12\/LogoAEMAColor_06_512-230x230.png 230w, https:\/\/www.monta-amazona.com\/club\/wp-content\/uploads\/2020\/12\/LogoAEMAColor_06_512-80x80.png 80w\" sizes=\"auto, (max-width: 512px) 100vw, 512px\" \/><\/figure>\n<\/div>\n\n\n<p class=\"has-text-align-right\" style=\"font-size:8px\"> language option in the footer<\/p>\n\n\n\n<p style=\"font-size:18px\"><strong>General<\/strong><\/p>\n\n\n\n<p style=\"font-size:16px\">El bienestar del caballo debe prevalecer por encima de todo.<br>Todas las personas deben participar en franca lid. <br>Apelamos, pues, a la honradez y esp\u00edritu deportivo de las participantes.<br>Todas las pruebas deben realizarse en silla de amazona.<br>Se puede participar con m\u00e1s de un caballo. Una misma amazona no podr\u00e1 inscribir m\u00e1s de dos caballos en la misma prueba.<br>Las restricciones de inscripci\u00f3n en varias categor\u00edas se aplican al binomio caballo-amazona.<br>Es preferible empezar por una prueba inferior a la que el caballo est\u00e1 acostumbrado para hacerlo bien e ir subiendo paulatinamente, que empezar con una prueba por encima de sus posibilidades para tener un resultado deficiente, y encontrarse que la prueba presenta dificultades; puesto que una vez clasificada entre las primeras de una prueba, no se permite, en eventos posteriores, apuntarse a una prueba de nivel inferior.<\/p>\n\n\n\n<p style=\"font-size:18px\"><strong>Atuendo y Arneses<\/strong><\/p>\n\n\n\n<p style=\"font-size:16px\">No es obligatorio vestir un traje formal o de concurso de equitaci\u00f3n a la amazona, pero puesto que desde AEMA incentivamos las pr\u00e1cticas apropiadas para la equitaci\u00f3n a la amazona, las pruebas tienen una nota de presentaci\u00f3n con el fin de promover la forma correcta en el vestir entre las amazonas espa\u00f1olas.<br>Recomendamos la vestimenta correcta para montar a la amazona, aunque no se excluir\u00e1 a nadie por no tener el atuendo perfecto de amazona. <meta charset=\"utf-8\">Por favor, vista ropa de montar discreta, de colores sobrios, evite los accesorios innecesarios y lleve el cabello recogido, idealmente en un mo\u00f1o peque\u00f1o de manera que el pelo no toque el cuello de la camisa.<br>Es obligatorio calzado de equitaci\u00f3n, pantalones de montar, sombrero o casco y guantes; las menores deben llevar un casco homologado.<br><meta charset=\"utf-8\"><meta charset=\"utf-8\">La amazona debe llevar vara o baqueta que no supere los 100cm cuando se monta sujetando las riendas con ambas manos y los 70cm cuando monta con las riendas solo en la mano izquierda.<br>Las amazonas de pa\u00edses con arneses tradicionales propios pueden vestir con atuendo y arneses acorde a su usanza<meta charset=\"utf-8\">, preferiblemente adaptando el estilo de la falda entera a la media falda.<\/p>\n\n\n\n<p style=\"font-size:16px\">Todas las pruebas deben realizarse en silla de amazona.<br>Se puede usar cualquier cabezada, Inglesa, Espa\u00f1ola, Goyesca o vaquera, y embocadura <em>\u00abrazonable\u00bb<\/em>, filete, pelham, filete y bocado, o bocado solo.<br>Se ruega evitar mezclar arneses de diferentes estilos, por ejemplo, cabezada inglesa con silla vaquera.<br>Se ruega no apretar la muserola al m\u00e1ximo.<br>Se prohibe el uso de toda clase de rendajes, riendas correderas, el\u00e1sticas o fijas, gamarras, tijerillas, protectores, campanas o vendas.<br>Solo se permite el uso de tijerillas, protectores, campanas o vendas en las pruebas de categor\u00eda 9 \u2248 Premio Musy \u2248<br>No es imprescindible trenzar al caballo.<\/p>\n\n\n\n<p class=\"has-normal-font-size\"><br><\/p>\n\n\n\n<div class=\"wp-block-media-text alignwide is-stacked-on-mobile\" style=\"grid-template-columns:28% auto\"><figure class=\"wp-block-media-text__media\"><img loading=\"lazy\" decoding=\"async\" width=\"200\" height=\"258\" src=\"https:\/\/monta-amazona.x10.mx\/club\/wp-content\/uploads\/2020\/12\/Pista40x20_10.png\" alt=\"\" class=\"wp-image-24 size-full\"\/><\/figure><div class=\"wp-block-media-text__content\">\n<p style=\"font-size:18px\"><strong>La Pista<\/strong><\/p>\n\n\n\n<p style=\"font-size:16px\">El tama\u00f1o de la pista debe ser de 40m x 20m, aproximadamente, a menos que la hoja de la prueba permita otro tama\u00f1o.<br>A ser posible que exista una franja libre de un par de metros todo alrededor de la pista para no restringir la visi\u00f3n.<br>El per\u00edmetro de la pista debe estar marcado o delimitado de alguna manera, e igualmente las letras del per\u00edmetro y las esquinas de la pista, que puede hacerse con macetas, estacas o algo similar que resulte visible en el v\u00eddeo, a ser posible con las letras correspondientes.<\/p>\n<\/div><\/div>\n\n\n\n<p style=\"font-size:18px\"><strong>Grabaci\u00f3n<\/strong><\/p>\n\n\n\n<p style=\"font-size:16px\">Para realizar la grabaci\u00f3n de la prueba, la persona con la c\u00e1mara o m\u00f3vil debe colocarse cerca de la letra B por fuera de la pista. La grabaci\u00f3n puede realizarse tambi\u00e9n con el sistema Pivo o similar.<br>La c\u00e1mara o m\u00f3vil debe colocarse en posici\u00f3n apaisada, horizontal. Es posible que rechacemos su video si est\u00e1 en posici\u00f3n vertical.<br>La grabaci\u00f3n debe realizarse de una sola vez, de forma continuada y sin interrupci\u00f3n, es decir sin cortes.<br>El volumen de la c\u00e1mara debe estar activado para grabar el sonido directo. Se debe poder o\u00edr las pisadas del caballo al pasar cerca de la c\u00e1mara.<br>No est\u00e1 permitido que la amazona use el empleo de la voz como ayuda.<br>No se permite recibir ayuda, indicaci\u00f3n externa o instrucciones de personas del entorno durante el transcurso de la prueba.<br>No se admitir\u00e1n videos editados, cortados y pegados, o sacados por partes, ni tampoco v\u00eddeos con el sonido directo anulado, cambiado o con m\u00fasica a\u00f1adida.<br>La grabaci\u00f3n debe iniciarse unos segundos antes de hacer su entrada en pista hasta su salida de la pista tras el saludo final.<br>La persona que graba tiene que anunciar de palabra el nombre de la participante, el caballo y la prueba que va a realizar cuando efect\u00faa la entrada en pista. Si se realiza la grabaci\u00f3n con el sistema Pivo, deber\u00e1 acercarse a la c\u00e1mara, decir en alto, nombre, caballo y prueba, para posteriormente dirigirse a la entrada de la pista y empezar su prueba.<br>Intente evitar grabaciones a contraluz, con luz deficiente o realizadas en picaderos cubiertos con escasa iluminaci\u00f3n en las que el caballo aparezca difuso o con poca claridad. Mantenga caballo y amazona por completo a la vista sin cortarle las patas, ni la cabeza de la amazona. Cuando el caballo se aleje es preferible utilizar el zoom de forma gradual, sin aproximar en exceso como para perder la referencia respecto de su posici\u00f3n en la pista o la letra.<br>Si la persona que graba tiene el pulso tembloroso, busque algo para apoyar la c\u00e1mara y mantenerla quieta.<\/p>\n\n\n\n<p style=\"font-size:18px\"><strong>Inscripci\u00f3n<\/strong><\/p>\n\n\n\n<p style=\"font-size:16px\">La cuota de inscripci\u00f3n para NO Socias es 15\u20ac por prueba. Gratuita para Socias AEMA.<br>La inscripci\u00f3n est\u00e1 disponible en esta web.\u00a0<a href=\"https:\/\/www.monta-amazona.com\/club\/socias-garbeo-8\/\">\u3008Inscripci\u00f3n Socias AEMA\u3009\u00a0<\/a>\u2013\u00a0<a href=\"https:\/\/www.monta-amazona.com\/club\/producto\/inscripcion-garbeo-8\/\" target=\"_blank\" rel=\"noreferrer noopener\">\u3008Inscripci\u00f3n NO Socias\u3009<\/a><br>Rogamos se facilite el nombre de la participante, nombre del caballo y prueba que se quiera realizar.<br>Una vez aceptada la inscripci\u00f3n, no se realizar\u00e1n reembolsos.<br>AEMA se reserva el derecho de rechazar una inscripci\u00f3n sin indicar un motivo.<\/p>\n\n\n\n<p style=\"font-size:18px\"><strong>Env\u00edenos su v\u00eddeo<\/strong><\/p>\n\n\n\n<p style=\"font-size:16px\">Ante la creciente exposici\u00f3n a los medios y redes sociales, AEMA es de la opini\u00f3n que la privacidad de las personas debe ser respetada. Por ello preferimos que nos env\u00ede su v\u00eddeo directamente sin subirlo a ninguna plataforma p\u00fablica.<br>Puesto que los correos electr\u00f3nicos no permiten adjuntar un archivo de m\u00e1s de 25Mb, insuficiente para un video de m\u00e1s de 3 minutos en una resoluci\u00f3n aceptable, aconsejamos utilizar el servicio&nbsp;<a rel=\"noreferrer noopener\" href=\"https:\/\/wetransfer.com\/\" target=\"_blank\">WeTransfer<\/a>, mediante el cual se pueden adjuntar v\u00eddeos de hasta 20Gb sin comprimir.<br>Basta abrir la web&nbsp;<a rel=\"noreferrer noopener\" href=\"https:\/\/wetransfer.com\/\" target=\"_blank\">WeTransfer<\/a>&nbsp;en cualquier navegador, adjuntar el video, indicando, su nombre, nombre del caballo y prueba en la que participa y enviarlo a&nbsp;aema.concurso@gmail.com. El tiempo de subida del v\u00eddeo depender\u00e1 de la velocidad de su conexi\u00f3n a internet.<br>La resoluci\u00f3n de v\u00eddeo, idealmente debe ser <u><strong>Full HD 1920\u200a\u00d7\u200a1080<\/strong><\/u>&nbsp;o como m\u00ednimo&nbsp;<u><strong>HD 1280\u200a\u00d7\u200a720<\/strong><\/u>. Los v\u00eddeos en resoluciones inferiores carecen enfoque y de calidad suficiente para apreciar detalles y podr\u00edan no ser admitidos.<br>Por favor,&nbsp;<u>no env\u00ede su v\u00eddeo por WhatsApp<\/u>, ni v\u00eddeos que han pasado por esa aplicaci\u00f3n, ya que lo comprime autom\u00e1ticamente pues no admite archivos de m\u00e1s de 64Mb y al reducir tanto la calidad, el resultado es demasiado peque\u00f1o.<br><a rel=\"noreferrer noopener\" href=\"https:\/\/telegram.org\/\" target=\"_blank\">Telegram<\/a>&nbsp;es la mejor opci\u00f3n para compartir archivos grandes por mensajer\u00eda m\u00f3vil, ya que permite enviar cualquier tipo de archivo hasta 2Gb. Si elige enviar su v\u00eddeo mediante Telegram al m\u00f3vil AEMA 692 192 777, por favor, recuerde seleccionar la resoluci\u00f3n correcta antes de presionar el bot\u00f3n \u00b7enviar\u00b7.<br>Las Socias AEMA participantes pueden ver sus v\u00eddeos y los v\u00eddeos de las amazonas que han participado con ellas en nuestra plataforma privada, sin acceso p\u00fablico y controlada por AEMA 100%.<br>La secci\u00f3n de V\u00eddeos-a-la-Carta de AEMA est\u00e1 disponible en la&nbsp;<a rel=\"noreferrer noopener\" href=\"https:\/\/www.monta-amazona.com\/salasocias\" target=\"_blank\">Sala de Socias<\/a>, que contiene las pruebas de los&nbsp;<em>\u00abGarbeos Virtuales\u00bb<\/em>&nbsp;celebrados hasta la fecha y otros v\u00eddeos de eventos realizados por AEMA o que sean de inter\u00e9s para nuestras socias amazonas.<\/p>\n\n\n<div class=\"wp-block-image\">\n<figure class=\"aligncenter size-full\"><img loading=\"lazy\" decoding=\"async\" width=\"100\" height=\"28\" src=\"https:\/\/www.monta-amazona.com\/club\/wp-content\/uploads\/2020\/12\/bandera12_100.png\" alt=\"\" class=\"wp-image-6\"\/><\/figure>\n<\/div>\n\n\n<p class=\"has-small-font-size\">\u00a9AEMA 2020<\/p>\n\n\n\n<p style=\"font-size:12px\"><\/p>\n","protected":false},"excerpt":{"rendered":"<p>Consejos e Instrucciones language option in the footer General El bienestar del caballo debe prevalecer por encima de todo.Todas las personas deben participar en franca lid. Apelamos, pues, a la honradez y esp\u00edritu deportivo de las participantes.Todas las pruebas deben&hellip; <\/p>\n","protected":false},"author":1,"featured_media":0,"parent":0,"menu_order":0,"comment_status":"closed","ping_status":"closed","template":"","meta":{"footnotes":""},"folder":[],"class_list":["post-23","page","type-page","status-publish","hentry"],"_links":{"self":[{"href":"https:\/\/www.monta-amazona.com\/club\/wp-json\/wp\/v2\/pages\/23","targetHints":{"allow":["GET"]}}],"collection":[{"href":"https:\/\/www.monta-amazona.com\/club\/wp-json\/wp\/v2\/pages"}],"about":[{"href":"https:\/\/www.monta-amazona.com\/club\/wp-json\/wp\/v2\/types\/page"}],"author":[{"embeddable":true,"href":"https:\/\/www.monta-amazona.com\/club\/wp-json\/wp\/v2\/users\/1"}],"replies":[{"embeddable":true,"href":"https:\/\/www.monta-amazona.com\/club\/wp-json\/wp\/v2\/comments?post=23"}],"version-history":[{"count":45,"href":"https:\/\/www.monta-amazona.com\/club\/wp-json\/wp\/v2\/pages\/23\/revisions"}],"predecessor-version":[{"id":1227,"href":"https:\/\/www.monta-amazona.com\/club\/wp-json\/wp\/v2\/pages\/23\/revisions\/1227"}],"wp:attachment":[{"href":"https:\/\/www.monta-amazona.com\/club\/wp-json\/wp\/v2\/media?parent=23"}],"wp:term":[{"taxonomy":"folder","embeddable":true,"href":"https:\/\/www.monta-amazona.com\/club\/wp-json\/wp\/v2\/folder?post=23"}],"curies":[{"name":"wp","href":"https:\/\/api.w.org\/{rel}","templated":true}]}}