{"id":418,"date":"2021-01-15T04:26:30","date_gmt":"2021-01-15T04:26:30","guid":{"rendered":"https:\/\/monta-amazona.x10.mx\/club\/?page_id=418"},"modified":"2022-05-11T05:39:27","modified_gmt":"2022-05-11T05:39:27","slug":"inscripcion-2021-word","status":"publish","type":"page","link":"https:\/\/www.monta-amazona.com\/club\/inscripcion-2021-word\/","title":{"rendered":"Inscripci\u00f3n 2021 Word"},"content":{"rendered":"\n<p class=\"has-text-align-center\"><span style=\"font-size: 12pt;\"><font color=\"black\"><em>para rellenar en ordenador con programa Word<\/em><\/font><\/span> <br><span style=\"font-size: 12pt;\"><a href=\"https:\/\/www.monta-amazona.com\/club\/wp-content\/uploads\/2021\/01\/Socia2021_AEMA.docx\"><strong>Impreso de Inscripci\u00f3n 2021 Word<\/strong><\/a> para ordenador<\/span> <br><span style=\"font-size: 10pt;\">puede rellenarse en ordenador sin necesidad de imprimir, <\/span><br><span style=\"font-size: 10pt;\">esta opci\u00f3n no funciona en m\u00f3vil ni tableta<\/span><\/p>\n\n\n\n<div class=\"wp-block-image\"><figure class=\"aligncenter size-large is-resized\"><a href=\"https:\/\/www.monta-amazona.com\/\/club\/wp-content\/uploads\/2021\/01\/Socia2021_AEMA.docx\"><img loading=\"lazy\" decoding=\"async\" src=\"https:\/\/monta-amazona.x10.mx\/club\/wp-content\/uploads\/2021\/01\/Socia2021e.jpg\" alt=\"\" class=\"wp-image-417\" width=\"390\" height=\"574\" srcset=\"https:\/\/www.monta-amazona.com\/club\/wp-content\/uploads\/2021\/01\/Socia2021e.jpg 640w, https:\/\/www.monta-amazona.com\/club\/wp-content\/uploads\/2021\/01\/Socia2021e-600x884.jpg 600w, https:\/\/www.monta-amazona.com\/club\/wp-content\/uploads\/2021\/01\/Socia2021e-204x300.jpg 204w, https:\/\/www.monta-amazona.com\/club\/wp-content\/uploads\/2021\/01\/Socia2021e-8x12.jpg 8w\" sizes=\"auto, (max-width: 390px) 100vw, 390px\" \/><\/a><\/figure><\/div>\n\n\n\n<div class=\"wp-block-buttons is-horizontal is-content-justification-center is-layout-flex wp-container-core-buttons-is-layout-499968f5 wp-block-buttons-is-layout-flex\">\n<div class=\"wp-block-button is-style-fill\"><a class=\"wp-block-button__link has-white-color has-vivid-cyan-blue-background-color has-text-color has-background\" href=\"https:\/\/www.monta-amazona.com\/club\/wp-content\/uploads\/2021\/01\/Socia2021_AEMA.docx\">Descarga<\/a><\/div>\n<\/div>\n","protected":false},"excerpt":{"rendered":"<p>para rellenar en ordenador con programa Word Impreso de Inscripci\u00f3n 2021 Word para ordenador puede rellenarse en ordenador sin necesidad de imprimir, esta opci\u00f3n no funciona en m\u00f3vil ni tableta<\/p>\n","protected":false},"author":1,"featured_media":0,"parent":0,"menu_order":0,"comment_status":"closed","ping_status":"closed","template":"","meta":{"footnotes":""},"folder":[],"class_list":["post-418","page","type-page","status-publish","hentry"],"_links":{"self":[{"href":"https:\/\/www.monta-amazona.com\/club\/wp-json\/wp\/v2\/pages\/418","targetHints":{"allow":["GET"]}}],"collection":[{"href":"https:\/\/www.monta-amazona.com\/club\/wp-json\/wp\/v2\/pages"}],"about":[{"href":"https:\/\/www.monta-amazona.com\/club\/wp-json\/wp\/v2\/types\/page"}],"author":[{"embeddable":true,"href":"https:\/\/www.monta-amazona.com\/club\/wp-json\/wp\/v2\/users\/1"}],"replies":[{"embeddable":true,"href":"https:\/\/www.monta-amazona.com\/club\/wp-json\/wp\/v2\/comments?post=418"}],"version-history":[{"count":11,"href":"https:\/\/www.monta-amazona.com\/club\/wp-json\/wp\/v2\/pages\/418\/revisions"}],"predecessor-version":[{"id":770,"href":"https:\/\/www.monta-amazona.com\/club\/wp-json\/wp\/v2\/pages\/418\/revisions\/770"}],"wp:attachment":[{"href":"https:\/\/www.monta-amazona.com\/club\/wp-json\/wp\/v2\/media?parent=418"}],"wp:term":[{"taxonomy":"folder","embeddable":true,"href":"https:\/\/www.monta-amazona.com\/club\/wp-json\/wp\/v2\/folder?post=418"}],"curies":[{"name":"wp","href":"https:\/\/api.w.org\/{rel}","templated":true}]}}