{"id":54,"date":"2020-12-30T01:19:10","date_gmt":"2020-12-30T01:19:10","guid":{"rendered":"https:\/\/monta-amazona.x10.mx\/club\/tienda\/"},"modified":"2023-05-26T16:33:12","modified_gmt":"2023-05-26T16:33:12","slug":"vitrina","status":"publish","type":"page","link":"https:\/\/www.monta-amazona.com\/club\/vitrina\/","title":{"rendered":"Vitrina AEMA"},"content":{"rendered":"\n<h2 class=\"wp-block-heading has-text-align-center\">Vitrina AEMA<\/h2>\n\n\n<div class=\"wp-block-image\">\n<figure class=\"aligncenter size-large is-resized\"><img loading=\"lazy\" decoding=\"async\" src=\"https:\/\/monta-amazona.x10.mx\/club\/wp-content\/uploads\/2020\/12\/LogoAEMAColor_15_520.png\" alt=\"\" class=\"wp-image-112\" width=\"154\" height=\"133\"\/><\/figure>\n<\/div>\n\n\n<p class=\"has-text-align-center has-medium-font-size\">Art\u00edculos exclusivos de la<br>Asociaci\u00f3n Espa\u00f1ola de Monta a la Amazona<\/p>\n\n\n\n<hr class=\"wp-block-separator has-css-opacity\"\/>\n\n\n\n<p class=\"has-text-align-center\">para cualquier informaci\u00f3n que necesite, le atendemos en  <br>\u2121  692 192 777  \u239c \u239c  <strong>@<\/strong> \ud83d\udce7  aema.club@monta-amazona.com<\/p>\n\n\n\n<p class=\"has-text-align-center\" style=\"font-size:10px\">para acceder a sus de pedidos, compras y realizar descargas<br><a href=\"https:\/\/www.monta-amazona.com\/club\/mi-cuenta\/\" target=\"_blank\" rel=\"noreferrer noopener\">Reg\u00edstrese como usuario con su email<\/a><\/p>\n\n\n\n<hr class=\"wp-block-separator has-css-opacity\"\/>\n\n\n\n<div class=\"wp-block-media-text alignwide is-stacked-on-mobile is-vertically-aligned-top\" style=\"grid-template-columns:48% auto\"><figure class=\"wp-block-media-text__media\"><a href=\"https:\/\/monta-amazona.x10.mx\/club\/categoria-producto\/conecta\/\"><img loading=\"lazy\" decoding=\"async\" width=\"800\" height=\"800\" src=\"https:\/\/monta-amazona.x10.mx\/club\/wp-content\/uploads\/2021\/01\/conexionAEMA.jpg\" alt=\"\" class=\"wp-image-293 size-full\" srcset=\"https:\/\/www.monta-amazona.com\/club\/wp-content\/uploads\/2021\/01\/conexionAEMA.jpg 800w, https:\/\/www.monta-amazona.com\/club\/wp-content\/uploads\/2021\/01\/conexionAEMA-300x300.jpg 300w, https:\/\/www.monta-amazona.com\/club\/wp-content\/uploads\/2021\/01\/conexionAEMA-100x100.jpg 100w, https:\/\/www.monta-amazona.com\/club\/wp-content\/uploads\/2021\/01\/conexionAEMA-600x600.jpg 600w, https:\/\/www.monta-amazona.com\/club\/wp-content\/uploads\/2021\/01\/conexionAEMA-150x150.jpg 150w, https:\/\/www.monta-amazona.com\/club\/wp-content\/uploads\/2021\/01\/conexionAEMA-768x768.jpg 768w, https:\/\/www.monta-amazona.com\/club\/wp-content\/uploads\/2021\/01\/conexionAEMA-12x12.jpg 12w, https:\/\/www.monta-amazona.com\/club\/wp-content\/uploads\/2021\/01\/conexionAEMA-230x230.jpg 230w, https:\/\/www.monta-amazona.com\/club\/wp-content\/uploads\/2021\/01\/conexionAEMA-80x80.jpg 80w\" sizes=\"auto, (max-width: 800px) 100vw, 800px\" \/><\/a><\/figure><div class=\"wp-block-media-text__content\">\n<hr class=\"wp-block-separator has-css-opacity is-style-wide\"\/>\n\n\n\n<p style=\"font-size:22px\"><a href=\"https:\/\/monta-amazona.x10.mx\/club\/conecta\/\">AE<\/a><a href=\"https:\/\/www.monta-amazona.com\/club\/conecta\/\">MA en l\u00ednea<\/a><\/p>\n\n\n\n<p style=\"font-size:18px\">\u26ac As\u00f3ciate<br>\u26ac Realiza tus inscripciones<br>\u26ac Renueva tu cuota anual<\/p>\n\n\n\n<hr class=\"wp-block-separator has-css-opacity is-style-wide\"\/>\n\n\n<div class=\"woocommerce columns-4\"><ul class=\"products columns-4\">\n<li class=\"product-category product first\">\n\t<a aria-label=\"Visitar la categor\u00eda de producto Inscripciones\" href=\"https:\/\/www.monta-amazona.com\/club\/categoria-producto\/conecta\/inscrip\/\"><img loading=\"lazy\" decoding=\"async\" src=\"https:\/\/www.monta-amazona.com\/club\/wp-content\/uploads\/2021\/01\/inscripcionAEMA-300x300.jpg\" alt=\"Inscripciones\" width=\"300\" height=\"300\" srcset=\"https:\/\/www.monta-amazona.com\/club\/wp-content\/uploads\/2021\/01\/inscripcionAEMA-300x300.jpg 300w, https:\/\/www.monta-amazona.com\/club\/wp-content\/uploads\/2021\/01\/inscripcionAEMA-100x100.jpg 100w, https:\/\/www.monta-amazona.com\/club\/wp-content\/uploads\/2021\/01\/inscripcionAEMA-600x600.jpg 600w, https:\/\/www.monta-amazona.com\/club\/wp-content\/uploads\/2021\/01\/inscripcionAEMA-150x150.jpg 150w, https:\/\/www.monta-amazona.com\/club\/wp-content\/uploads\/2021\/01\/inscripcionAEMA-768x768.jpg 768w, https:\/\/www.monta-amazona.com\/club\/wp-content\/uploads\/2021\/01\/inscripcionAEMA-12x12.jpg 12w, https:\/\/www.monta-amazona.com\/club\/wp-content\/uploads\/2021\/01\/inscripcionAEMA-230x230.jpg 230w, https:\/\/www.monta-amazona.com\/club\/wp-content\/uploads\/2021\/01\/inscripcionAEMA-80x80.jpg 80w, https:\/\/www.monta-amazona.com\/club\/wp-content\/uploads\/2021\/01\/inscripcionAEMA.jpg 800w\" sizes=\"auto, (max-width: 300px) 100vw, 300px\" \/>\t\t<h2 class=\"woocommerce-loop-category__title\">\n\t\t\tInscripciones <mark class=\"count\">(1)<\/mark>\t\t<\/h2>\n\t\t<\/a><\/li>\n<li class=\"product-category product\">\n\t<a aria-label=\"Visitar la categor\u00eda de producto Renovar Cuota\" href=\"https:\/\/www.monta-amazona.com\/club\/categoria-producto\/conecta\/renova\/\"><img loading=\"lazy\" decoding=\"async\" src=\"https:\/\/www.monta-amazona.com\/club\/wp-content\/uploads\/2023\/05\/renovacion23_900-300x300.jpg\" alt=\"Renovar Cuota\" width=\"300\" height=\"300\" srcset=\"https:\/\/www.monta-amazona.com\/club\/wp-content\/uploads\/2023\/05\/renovacion23_900-300x300.jpg 300w, https:\/\/www.monta-amazona.com\/club\/wp-content\/uploads\/2023\/05\/renovacion23_900-150x150.jpg 150w, https:\/\/www.monta-amazona.com\/club\/wp-content\/uploads\/2023\/05\/renovacion23_900-768x768.jpg 768w, https:\/\/www.monta-amazona.com\/club\/wp-content\/uploads\/2023\/05\/renovacion23_900-12x12.jpg 12w, https:\/\/www.monta-amazona.com\/club\/wp-content\/uploads\/2023\/05\/renovacion23_900-230x230.jpg 230w, https:\/\/www.monta-amazona.com\/club\/wp-content\/uploads\/2023\/05\/renovacion23_900-80x80.jpg 80w, https:\/\/www.monta-amazona.com\/club\/wp-content\/uploads\/2023\/05\/renovacion23_900-600x600.jpg 600w, https:\/\/www.monta-amazona.com\/club\/wp-content\/uploads\/2023\/05\/renovacion23_900-100x100.jpg 100w, https:\/\/www.monta-amazona.com\/club\/wp-content\/uploads\/2023\/05\/renovacion23_900.jpg 900w\" sizes=\"auto, (max-width: 300px) 100vw, 300px\" \/>\t\t<h2 class=\"woocommerce-loop-category__title\">\n\t\t\tRenovar Cuota <mark class=\"count\">(2)<\/mark>\t\t<\/h2>\n\t\t<\/a><\/li>\n<li class=\"product-category product\">\n\t<a aria-label=\"Visitar la categor\u00eda de producto Socia Nueva\" href=\"https:\/\/www.monta-amazona.com\/club\/categoria-producto\/conecta\/asocia\/\"><img loading=\"lazy\" decoding=\"async\" src=\"https:\/\/www.monta-amazona.com\/club\/wp-content\/uploads\/2022\/04\/SociaNueva22_900-1-300x300.jpg\" alt=\"Socia Nueva\" width=\"300\" height=\"300\" srcset=\"https:\/\/www.monta-amazona.com\/club\/wp-content\/uploads\/2022\/04\/SociaNueva22_900-1-300x300.jpg 300w, https:\/\/www.monta-amazona.com\/club\/wp-content\/uploads\/2022\/04\/SociaNueva22_900-1-150x150.jpg 150w, https:\/\/www.monta-amazona.com\/club\/wp-content\/uploads\/2022\/04\/SociaNueva22_900-1-768x768.jpg 768w, https:\/\/www.monta-amazona.com\/club\/wp-content\/uploads\/2022\/04\/SociaNueva22_900-1-12x12.jpg 12w, https:\/\/www.monta-amazona.com\/club\/wp-content\/uploads\/2022\/04\/SociaNueva22_900-1-230x230.jpg 230w, https:\/\/www.monta-amazona.com\/club\/wp-content\/uploads\/2022\/04\/SociaNueva22_900-1-80x80.jpg 80w, https:\/\/www.monta-amazona.com\/club\/wp-content\/uploads\/2022\/04\/SociaNueva22_900-1-600x600.jpg 600w, https:\/\/www.monta-amazona.com\/club\/wp-content\/uploads\/2022\/04\/SociaNueva22_900-1-100x100.jpg 100w, https:\/\/www.monta-amazona.com\/club\/wp-content\/uploads\/2022\/04\/SociaNueva22_900-1.jpg 900w\" sizes=\"auto, (max-width: 300px) 100vw, 300px\" \/>\t\t<h2 class=\"woocommerce-loop-category__title\">\n\t\t\tSocia Nueva <mark class=\"count\">(2)<\/mark>\t\t<\/h2>\n\t\t<\/a><\/li>\n<\/ul>\n<\/div>\n<\/div><\/div>\n\n\n\n<div class=\"wp-block-media-text alignwide is-stacked-on-mobile is-vertically-aligned-top\" style=\"grid-template-columns:48% auto\"><figure class=\"wp-block-media-text__media\"><a href=\"https:\/\/www.monta-amazona.com\/club\/inscripciones-socias\/\"><img loading=\"lazy\" decoding=\"async\" width=\"800\" height=\"800\" src=\"https:\/\/monta-amazona.x10.mx\/club\/wp-content\/uploads\/2021\/04\/conexionSociasAEMA.jpg\" alt=\"\" class=\"wp-image-515 size-full\" srcset=\"https:\/\/www.monta-amazona.com\/club\/wp-content\/uploads\/2021\/04\/conexionSociasAEMA.jpg 800w, https:\/\/www.monta-amazona.com\/club\/wp-content\/uploads\/2021\/04\/conexionSociasAEMA-300x300.jpg 300w, https:\/\/www.monta-amazona.com\/club\/wp-content\/uploads\/2021\/04\/conexionSociasAEMA-150x150.jpg 150w, https:\/\/www.monta-amazona.com\/club\/wp-content\/uploads\/2021\/04\/conexionSociasAEMA-768x768.jpg 768w, https:\/\/www.monta-amazona.com\/club\/wp-content\/uploads\/2021\/04\/conexionSociasAEMA-12x12.jpg 12w, https:\/\/www.monta-amazona.com\/club\/wp-content\/uploads\/2021\/04\/conexionSociasAEMA-230x230.jpg 230w, https:\/\/www.monta-amazona.com\/club\/wp-content\/uploads\/2021\/04\/conexionSociasAEMA-80x80.jpg 80w, https:\/\/www.monta-amazona.com\/club\/wp-content\/uploads\/2021\/04\/conexionSociasAEMA-600x600.jpg 600w, https:\/\/www.monta-amazona.com\/club\/wp-content\/uploads\/2021\/04\/conexionSociasAEMA-100x100.jpg 100w\" sizes=\"auto, (max-width: 800px) 100vw, 800px\" \/><\/a><\/figure><div class=\"wp-block-media-text__content\">\n<hr class=\"wp-block-separator has-css-opacity is-style-wide\"\/>\n\n\n\n<p style=\"font-size:22px\">Inscripciones para Socias AEMA <\/p>\n\n\n\n<hr class=\"wp-block-separator has-css-opacity is-style-wide\"\/>\n<\/div><\/div>\n\n\n\n<div class=\"wp-block-media-text alignwide is-stacked-on-mobile is-vertically-aligned-top\" style=\"grid-template-columns:48% auto\"><figure class=\"wp-block-media-text__media\"><a href=\"https:\/\/monta-amazona.x10.mx\/club\/categoria-producto\/disenos\/\"><img loading=\"lazy\" decoding=\"async\" width=\"640\" height=\"640\" src=\"https:\/\/monta-amazona.x10.mx\/club\/wp-content\/uploads\/2020\/12\/abanico3_640.png\" alt=\"\" class=\"wp-image-69 size-full\" srcset=\"https:\/\/www.monta-amazona.com\/club\/wp-content\/uploads\/2020\/12\/abanico3_640.png 640w, https:\/\/www.monta-amazona.com\/club\/wp-content\/uploads\/2020\/12\/abanico3_640-300x300.png 300w, https:\/\/www.monta-amazona.com\/club\/wp-content\/uploads\/2020\/12\/abanico3_640-100x100.png 100w, https:\/\/www.monta-amazona.com\/club\/wp-content\/uploads\/2020\/12\/abanico3_640-600x600.png 600w, https:\/\/www.monta-amazona.com\/club\/wp-content\/uploads\/2020\/12\/abanico3_640-150x150.png 150w, https:\/\/www.monta-amazona.com\/club\/wp-content\/uploads\/2020\/12\/abanico3_640-230x230.png 230w, https:\/\/www.monta-amazona.com\/club\/wp-content\/uploads\/2020\/12\/abanico3_640-80x80.png 80w\" sizes=\"auto, (max-width: 640px) 100vw, 640px\" \/><\/a><\/figure><div class=\"wp-block-media-text__content\">\n<hr class=\"wp-block-separator has-css-opacity is-style-wide\"\/>\n\n\n\n<p style=\"font-size:22px\">Dise\u00f1os AEMA <\/p>\n\n\n\n<p style=\"font-size:18px\">Regalos con el precioso distintivo de las amazonas, el logo AEMA.<\/p>\n\n\n\n<hr class=\"wp-block-separator has-css-opacity is-style-wide\"\/>\n\n\n<div class=\"woocommerce columns-4\"><ul class=\"products columns-4\">\n<li class=\"product-category product first\">\n\t<a aria-label=\"Visitar la categor\u00eda de producto Dise\u00f1os AEMA\" href=\"https:\/\/www.monta-amazona.com\/club\/categoria-producto\/disenos\/\"><img loading=\"lazy\" decoding=\"async\" src=\"https:\/\/www.monta-amazona.com\/club\/wp-content\/uploads\/2020\/12\/abanico3_640-300x300.png\" alt=\"Dise\u00f1os AEMA\" width=\"300\" height=\"300\" srcset=\"https:\/\/www.monta-amazona.com\/club\/wp-content\/uploads\/2020\/12\/abanico3_640-300x300.png 300w, https:\/\/www.monta-amazona.com\/club\/wp-content\/uploads\/2020\/12\/abanico3_640-100x100.png 100w, https:\/\/www.monta-amazona.com\/club\/wp-content\/uploads\/2020\/12\/abanico3_640-600x600.png 600w, https:\/\/www.monta-amazona.com\/club\/wp-content\/uploads\/2020\/12\/abanico3_640-150x150.png 150w, https:\/\/www.monta-amazona.com\/club\/wp-content\/uploads\/2020\/12\/abanico3_640-230x230.png 230w, https:\/\/www.monta-amazona.com\/club\/wp-content\/uploads\/2020\/12\/abanico3_640-80x80.png 80w, https:\/\/www.monta-amazona.com\/club\/wp-content\/uploads\/2020\/12\/abanico3_640.png 640w\" sizes=\"auto, (max-width: 300px) 100vw, 300px\" \/>\t\t<h2 class=\"woocommerce-loop-category__title\">\n\t\t\tDise\u00f1os AEMA <mark class=\"count\">(2)<\/mark>\t\t<\/h2>\n\t\t<\/a><\/li>\n<\/ul>\n<\/div>\n<\/div><\/div>\n\n\n\n<p class=\"has-text-align-center\" id=\"pruebas\"> <\/p>\n\n\n\n<hr class=\"wp-block-separator has-css-opacity\"\/>\n\n\n\n<div class=\"wp-block-media-text alignwide is-stacked-on-mobile is-vertically-aligned-top\" style=\"grid-template-columns:48% auto\"><figure class=\"wp-block-media-text__media\"><a href=\"https:\/\/monta-amazona.x10.mx\/club\/categoria-producto\/pruebas\/\"><img loading=\"lazy\" decoding=\"async\" width=\"626\" height=\"626\" src=\"https:\/\/monta-amazona.x10.mx\/club\/wp-content\/uploads\/2020\/12\/PruebasAEMA.jpg\" alt=\"\" class=\"wp-image-40 size-full\" srcset=\"https:\/\/www.monta-amazona.com\/club\/wp-content\/uploads\/2020\/12\/PruebasAEMA.jpg 626w, https:\/\/www.monta-amazona.com\/club\/wp-content\/uploads\/2020\/12\/PruebasAEMA-300x300.jpg 300w, https:\/\/www.monta-amazona.com\/club\/wp-content\/uploads\/2020\/12\/PruebasAEMA-100x100.jpg 100w, https:\/\/www.monta-amazona.com\/club\/wp-content\/uploads\/2020\/12\/PruebasAEMA-600x600.jpg 600w, https:\/\/www.monta-amazona.com\/club\/wp-content\/uploads\/2020\/12\/PruebasAEMA-150x150.jpg 150w, https:\/\/www.monta-amazona.com\/club\/wp-content\/uploads\/2020\/12\/PruebasAEMA-230x230.jpg 230w, https:\/\/www.monta-amazona.com\/club\/wp-content\/uploads\/2020\/12\/PruebasAEMA-80x80.jpg 80w\" sizes=\"auto, (max-width: 626px) 100vw, 626px\" \/><\/a><\/figure><div class=\"wp-block-media-text__content\">\n<hr class=\"wp-block-separator has-css-opacity is-style-wide\"\/>\n\n\n\n<p style=\"font-size:22px\">Todas las Pruebas AEMA <\/p>\n\n\n\n<hr class=\"wp-block-separator has-css-opacity is-style-wide\"\/>\n\n\n<div class=\"woocommerce columns-4\"><ul class=\"products columns-4\">\n<li class=\"product-category product first\">\n\t<a aria-label=\"Visitar la categor\u00eda de producto Pruebas AEMA\" href=\"https:\/\/www.monta-amazona.com\/club\/categoria-producto\/pruebas\/\"><img loading=\"lazy\" decoding=\"async\" src=\"https:\/\/www.monta-amazona.com\/club\/wp-content\/uploads\/2020\/12\/PruebasAEMA-300x300.jpg\" alt=\"Pruebas AEMA\" width=\"300\" height=\"300\" srcset=\"https:\/\/www.monta-amazona.com\/club\/wp-content\/uploads\/2020\/12\/PruebasAEMA-300x300.jpg 300w, https:\/\/www.monta-amazona.com\/club\/wp-content\/uploads\/2020\/12\/PruebasAEMA-100x100.jpg 100w, https:\/\/www.monta-amazona.com\/club\/wp-content\/uploads\/2020\/12\/PruebasAEMA-600x600.jpg 600w, https:\/\/www.monta-amazona.com\/club\/wp-content\/uploads\/2020\/12\/PruebasAEMA-150x150.jpg 150w, https:\/\/www.monta-amazona.com\/club\/wp-content\/uploads\/2020\/12\/PruebasAEMA-230x230.jpg 230w, https:\/\/www.monta-amazona.com\/club\/wp-content\/uploads\/2020\/12\/PruebasAEMA-80x80.jpg 80w, https:\/\/www.monta-amazona.com\/club\/wp-content\/uploads\/2020\/12\/PruebasAEMA.jpg 626w\" sizes=\"auto, (max-width: 300px) 100vw, 300px\" \/>\t\t<h2 class=\"woocommerce-loop-category__title\">\n\t\t\tPruebas AEMA <mark class=\"count\">(38)<\/mark>\t\t<\/h2>\n\t\t<\/a><\/li>\n<\/ul>\n<\/div>\n<\/div><\/div>\n\n\n\n<p class=\"has-medium-font-size\">Pruebas por Modalidad:  <br>Equitaci\u00f3n a la Amazona &#8211; Destreza &#8211; Premio Musy<\/p>\n\n\n<div class=\"woocommerce columns-4\"><ul class=\"products columns-4\">\n<li class=\"product-category product first\">\n\t<a aria-label=\"Visitar la categor\u00eda de producto Destreza\" href=\"https:\/\/www.monta-amazona.com\/club\/categoria-producto\/pruebas\/dex\/\"><img loading=\"lazy\" decoding=\"async\" src=\"https:\/\/www.monta-amazona.com\/club\/wp-content\/uploads\/2020\/12\/Destreza-300x300.jpg\" alt=\"Destreza\" width=\"300\" height=\"300\" srcset=\"https:\/\/www.monta-amazona.com\/club\/wp-content\/uploads\/2020\/12\/Destreza-300x300.jpg 300w, https:\/\/www.monta-amazona.com\/club\/wp-content\/uploads\/2020\/12\/Destreza-100x100.jpg 100w, https:\/\/www.monta-amazona.com\/club\/wp-content\/uploads\/2020\/12\/Destreza-600x600.jpg 600w, https:\/\/www.monta-amazona.com\/club\/wp-content\/uploads\/2020\/12\/Destreza-150x150.jpg 150w, https:\/\/www.monta-amazona.com\/club\/wp-content\/uploads\/2020\/12\/Destreza-230x230.jpg 230w, https:\/\/www.monta-amazona.com\/club\/wp-content\/uploads\/2020\/12\/Destreza-80x80.jpg 80w, https:\/\/www.monta-amazona.com\/club\/wp-content\/uploads\/2020\/12\/Destreza.jpg 626w\" sizes=\"auto, (max-width: 300px) 100vw, 300px\" \/>\t\t<h2 class=\"woocommerce-loop-category__title\">\n\t\t\tDestreza <mark class=\"count\">(1)<\/mark>\t\t<\/h2>\n\t\t<\/a><\/li>\n<li class=\"product-category product\">\n\t<a aria-label=\"Visitar la categor\u00eda de producto Equitaci\u00f3n a la Amazona\" href=\"https:\/\/www.monta-amazona.com\/club\/categoria-producto\/pruebas\/eq\/\"><img loading=\"lazy\" decoding=\"async\" src=\"https:\/\/www.monta-amazona.com\/club\/wp-content\/uploads\/2020\/12\/Equitacion_640-300x300.jpg\" alt=\"Equitaci\u00f3n a la Amazona\" width=\"300\" height=\"300\" srcset=\"https:\/\/www.monta-amazona.com\/club\/wp-content\/uploads\/2020\/12\/Equitacion_640-300x300.jpg 300w, https:\/\/www.monta-amazona.com\/club\/wp-content\/uploads\/2020\/12\/Equitacion_640-100x100.jpg 100w, https:\/\/www.monta-amazona.com\/club\/wp-content\/uploads\/2020\/12\/Equitacion_640-600x600.jpg 600w, https:\/\/www.monta-amazona.com\/club\/wp-content\/uploads\/2020\/12\/Equitacion_640-150x150.jpg 150w, https:\/\/www.monta-amazona.com\/club\/wp-content\/uploads\/2020\/12\/Equitacion_640-230x230.jpg 230w, https:\/\/www.monta-amazona.com\/club\/wp-content\/uploads\/2020\/12\/Equitacion_640-80x80.jpg 80w, https:\/\/www.monta-amazona.com\/club\/wp-content\/uploads\/2020\/12\/Equitacion_640.jpg 640w\" sizes=\"auto, (max-width: 300px) 100vw, 300px\" \/>\t\t<h2 class=\"woocommerce-loop-category__title\">\n\t\t\tEquitaci\u00f3n a la Amazona <mark class=\"count\">(22)<\/mark>\t\t<\/h2>\n\t\t<\/a><\/li>\n<li class=\"product-category product\">\n\t<a aria-label=\"Visitar la categor\u00eda de producto Premio Musy\" href=\"https:\/\/www.monta-amazona.com\/club\/categoria-producto\/pruebas\/musy\/\"><img loading=\"lazy\" decoding=\"async\" src=\"https:\/\/www.monta-amazona.com\/club\/wp-content\/uploads\/2020\/12\/Musy1-300x300.jpg\" alt=\"Premio Musy\" width=\"300\" height=\"300\" srcset=\"https:\/\/www.monta-amazona.com\/club\/wp-content\/uploads\/2020\/12\/Musy1-300x300.jpg 300w, https:\/\/www.monta-amazona.com\/club\/wp-content\/uploads\/2020\/12\/Musy1-100x100.jpg 100w, https:\/\/www.monta-amazona.com\/club\/wp-content\/uploads\/2020\/12\/Musy1-600x600.jpg 600w, https:\/\/www.monta-amazona.com\/club\/wp-content\/uploads\/2020\/12\/Musy1-150x150.jpg 150w, https:\/\/www.monta-amazona.com\/club\/wp-content\/uploads\/2020\/12\/Musy1-230x230.jpg 230w, https:\/\/www.monta-amazona.com\/club\/wp-content\/uploads\/2020\/12\/Musy1-80x80.jpg 80w, https:\/\/www.monta-amazona.com\/club\/wp-content\/uploads\/2020\/12\/Musy1.jpg 626w\" sizes=\"auto, (max-width: 300px) 100vw, 300px\" \/>\t\t<h2 class=\"woocommerce-loop-category__title\">\n\t\t\tPremio Musy <mark class=\"count\">(15)<\/mark>\t\t<\/h2>\n\t\t<\/a><\/li>\n<\/ul>\n<\/div>\n\n\n\n<hr class=\"wp-block-separator has-css-opacity\"\/>\n\n\n\n<p class=\"has-text-align-center\" style=\"font-size:10px\">para acceder a su historial de compras, pedidos y realizar descargas<br><a href=\"https:\/\/www.monta-amazona.com\/club\/mi-cuenta\/\" target=\"_blank\" rel=\"noreferrer noopener\">Reg\u00edstrese como usuario con su email<\/a><\/p>\n\n\n\n<hr class=\"wp-block-separator has-css-opacity\"\/>\n\n\n\n<p style=\"font-size:12px\">\u00a9AEMA 2020<\/p>\n","protected":false},"excerpt":{"rendered":"<p>Vitrina AEMA Art\u00edculos exclusivos de laAsociaci\u00f3n Espa\u00f1ola de Monta a la Amazona para cualquier informaci\u00f3n que necesite, le atendemos en \u2121 692 192 777 \u239c \u239c @ \ud83d\udce7 aema.club@monta-amazona.com para acceder a sus de pedidos, compras y realizar descargasReg\u00edstrese como&hellip; <\/p>\n","protected":false},"author":1,"featured_media":0,"parent":0,"menu_order":0,"comment_status":"closed","ping_status":"closed","template":"","meta":{"footnotes":""},"folder":[],"class_list":["post-54","page","type-page","status-publish","hentry"],"_links":{"self":[{"href":"https:\/\/www.monta-amazona.com\/club\/wp-json\/wp\/v2\/pages\/54","targetHints":{"allow":["GET"]}}],"collection":[{"href":"https:\/\/www.monta-amazona.com\/club\/wp-json\/wp\/v2\/pages"}],"about":[{"href":"https:\/\/www.monta-amazona.com\/club\/wp-json\/wp\/v2\/types\/page"}],"author":[{"embeddable":true,"href":"https:\/\/www.monta-amazona.com\/club\/wp-json\/wp\/v2\/users\/1"}],"replies":[{"embeddable":true,"href":"https:\/\/www.monta-amazona.com\/club\/wp-json\/wp\/v2\/comments?post=54"}],"version-history":[{"count":76,"href":"https:\/\/www.monta-amazona.com\/club\/wp-json\/wp\/v2\/pages\/54\/revisions"}],"predecessor-version":[{"id":1083,"href":"https:\/\/www.monta-amazona.com\/club\/wp-json\/wp\/v2\/pages\/54\/revisions\/1083"}],"wp:attachment":[{"href":"https:\/\/www.monta-amazona.com\/club\/wp-json\/wp\/v2\/media?parent=54"}],"wp:term":[{"taxonomy":"folder","embeddable":true,"href":"https:\/\/www.monta-amazona.com\/club\/wp-json\/wp\/v2\/folder?post=54"}],"curies":[{"name":"wp","href":"https:\/\/api.w.org\/{rel}","templated":true}]}}