{"id":1127,"date":"2023-05-26T22:59:37","date_gmt":"2023-05-26T22:59:37","guid":{"rendered":"https:\/\/www.monta-amazona.com\/club\/?post_type=product&#038;p=1127"},"modified":"2024-01-23T12:22:49","modified_gmt":"2024-01-23T12:22:49","slug":"socia-2023","status":"publish","type":"product","link":"https:\/\/www.monta-amazona.com\/club\/producto\/socia-2023\/","title":{"rendered":"Socia 2023"},"content":{"rendered":"<p><span style=\"font-size: 14pt;\">Inscripci\u00f3n Nueva Socia 2023<\/span><\/p>\n<p>Por favor, rellene los apartados del formulario siguiente y env\u00edelo antes de realizar el pago.<\/p>\n<p><span style=\"font-size: 10pt;\">Si ya es Socia y desea renovar su cuota, h\u00e1galo <a href=\"https:\/\/www.monta-amazona.com\/club\/producto\/renovacion\/\">aqu\u00ed<\/a>.<\/span><\/p>\n<div class=\"frm_forms  with_frm_style frm_style_estilos-formidable\" id=\"frm_form_24_container\" data-token=\"e3c8d8f47b278bf49a2ab87256227e7c\">\n<form enctype=\"multipart\/form-data\" method=\"post\" class=\"frm-show-form \" id=\"form_socia23\" data-token=\"e3c8d8f47b278bf49a2ab87256227e7c\">\n<div class=\"frm_form_fields \">\n<fieldset>\n<legend class=\"frm_screen_reader\">Socia 2023<\/legend>\r\n<\/br>\r\n<div class=\"frm_fields_container\">\n<input type=\"hidden\" name=\"frm_action\" value=\"create\" \/>\n<input type=\"hidden\" name=\"form_id\" value=\"24\" \/>\n<input type=\"hidden\" name=\"frm_hide_fields_24\" id=\"frm_hide_fields_24\" value=\"\" \/>\n<input type=\"hidden\" name=\"form_key\" value=\"socia23\" \/>\n<input type=\"hidden\" name=\"item_meta[0]\" value=\"\" \/>\n<input type=\"hidden\" id=\"frm_submit_entry_24\" name=\"frm_submit_entry_24\" value=\"b0d252ded2\" \/><input type=\"hidden\" name=\"_wp_http_referer\" value=\"\/club\/wp-json\/wp\/v2\/product\/1127\" \/><div id=\"frm_field_632_container\" class=\"frm_form_field  frm_html_container form-field\"><img loading=\"lazy\" decoding=\"async\" class=\"aligncenter\" src=\"https:\/\/www.monta-amazona.com\/club\/wp-content\/uploads\/2023\/08\/LogoAEMAColor_28-600x600.png\" alt=\"Logo AEMA\" width=\"100\" height=\"100\" \/><\/div>\n<div id=\"frm_field_520_container\" class=\"frm_form_field  br frm_html_container form-field\"><span style=\"font-size: 14pt;\"> Inscripci\u00f3n <\/span><span style=\"font-size: 14pt;\"><strong>Socia 2023<\/strong><\/span><br \/>\ncuota anual <strong>35\u20ac<\/strong><\/p>\n<p>validez hasta el 31 de diciembre<\/p>\n<p>Por favor, rellene los apartados de este formulario, son necesarios para enviarle la informaci\u00f3n de la Asociaci\u00f3n y su carnet de Socia.<\/p>\n<p>Env\u00ede el formulario antes de realizar el pago.<br \/>\nEl formulario solo es v\u00e1lido una vez recibido el pago correspondiente.<\/p>\n<p><span style=\"font-size: 10pt;\">para cualquier aclaraci\u00f3n o duda, escriba a <em>aema.asociacion@gmail.com<\/em><\/span><\/div>\n<div id=\"frm_field_521_container\" class=\"frm_form_field form-field  frm_required_field frm_top_container frm_two_thirds\">\r\n    <label for=\"field_r0uo32\" id=\"field_r0uo32_label\" class=\"frm_primary_label\">Correo electr\u00f3nico\r\n        <span class=\"frm_required\">*<\/span>\r\n    <\/label>\r\n    <input type=\"email\" id=\"field_r0uo32\" name=\"item_meta[521]\" value=\"\"  data-reqmsg=\"Este campo no puede estar en blanco.\" aria-required=\"true\" data-invmsg=\"Correo electr\u00f3nico no es v\u00e1lido\" aria-invalid=\"false\"  \/>\r\n    \r\n    \r\n<\/div>\n<div id=\"frm_field_522_container\" class=\"frm_form_field form-field  frm_required_field frm_top_container frm_third\">\r\n    <label for=\"field_kjrthaa422233453\" id=\"field_kjrthaa422233453_label\" class=\"frm_primary_label\">Tel\u00e9fono\r\n        <span class=\"frm_required\">*<\/span>\r\n    <\/label>\r\n    <input type=\"text\" id=\"field_kjrthaa422233453\" name=\"item_meta[522]\" value=\"\"  data-reqmsg=\"Este campo no puede estar en blanco.\" aria-required=\"true\" data-invmsg=\"Texto no es v\u00e1lido\" aria-invalid=\"false\"  \/>\r\n    \r\n    \r\n<\/div>\n<div id=\"frm_field_523_container\" class=\"frm_form_field  frm_html_container form-field\">Por favor, no se olvide de proporcionar un email v\u00e1lido.<br \/>\nRecibir\u00e1 toda la informaci\u00f3n de eventos, cursos, promociones, as\u00ed como su carnet y toda informaci\u00f3n relevante mediante e-mail.<\/div>\n<div id=\"frm_field_524_container\" class=\"frm_form_field form-field  frm_required_field frm_top_container frm_half\">\r\n    <label for=\"field_67m9gf8c0017fca3\" id=\"field_67m9gf8c0017fca3_label\" class=\"frm_primary_label\">Nombre\r\n        <span class=\"frm_required\">*<\/span>\r\n    <\/label>\r\n    <input type=\"text\" id=\"field_67m9gf8c0017fca3\" name=\"item_meta[524]\" value=\"\"  data-reqmsg=\"Este campo no puede estar en blanco.\" aria-required=\"true\" data-invmsg=\"Texto no es v\u00e1lido\" aria-invalid=\"false\"  \/>\r\n    \r\n    \r\n<\/div>\n<div id=\"frm_field_525_container\" class=\"frm_form_field form-field  frm_required_field frm_top_container frm_half\">\r\n    <label for=\"field_khy4n72b51abeb53\" id=\"field_khy4n72b51abeb53_label\" class=\"frm_primary_label\">Apellidos\r\n        <span class=\"frm_required\">*<\/span>\r\n    <\/label>\r\n    <input type=\"text\" id=\"field_khy4n72b51abeb53\" name=\"item_meta[525]\" value=\"\"  data-reqmsg=\"Este campo no puede estar en blanco.\" aria-required=\"true\" data-invmsg=\"Texto no es v\u00e1lido\" aria-invalid=\"false\"  \/>\r\n    \r\n    \r\n<\/div>\n<div id=\"frm_field_526_container\" class=\"frm_form_field form-field  frm_required_field frm_top_container\">\r\n    <label for=\"field_kj0k32\" id=\"field_kj0k32_label\" class=\"frm_primary_label\">Direcci\u00f3n\r\n        <span class=\"frm_required\">*<\/span>\r\n    <\/label>\r\n    <input type=\"text\" id=\"field_kj0k32\" name=\"item_meta[526]\" value=\"\"  data-reqmsg=\"Este campo no puede estar en blanco.\" aria-required=\"true\" data-invmsg=\"Texto no es v\u00e1lido\" aria-invalid=\"false\"  \/>\r\n    \r\n    \r\n<\/div>\n<div id=\"frm_field_527_container\" class=\"frm_form_field form-field  frm_top_container\">\r\n    <label for=\"field_iudz83\" id=\"field_iudz83_label\" class=\"frm_primary_label\">Direcci\u00f3n\r\n        <span class=\"frm_required\"><\/span>\r\n    <\/label>\r\n    <input type=\"text\" id=\"field_iudz83\" name=\"item_meta[527]\" value=\"\"  data-invmsg=\"Texto no es v\u00e1lido\" aria-invalid=\"false\"  \/>\r\n    \r\n    \r\n<\/div>\n<div id=\"frm_field_528_container\" class=\"frm_form_field form-field  frm_required_field frm_top_container frm_third\">\r\n    <label for=\"field_bigko8e3330edb03\" id=\"field_bigko8e3330edb03_label\" class=\"frm_primary_label\">C\u00f3digo Postal\r\n        <span class=\"frm_required\">*<\/span>\r\n    <\/label>\r\n    <input type=\"text\" id=\"field_bigko8e3330edb03\" name=\"item_meta[528]\" value=\"\"  data-reqmsg=\"Este campo no puede estar en blanco.\" aria-required=\"true\" data-invmsg=\"Texto no es v\u00e1lido\" aria-invalid=\"false\"  \/>\r\n    \r\n    \r\n<\/div>\n<div id=\"frm_field_529_container\" class=\"frm_form_field form-field  frm_required_field frm_top_container frm_two_thirds\">\r\n    <label for=\"field_ualacc0b28f237d3\" id=\"field_ualacc0b28f237d3_label\" class=\"frm_primary_label\">Ciudad\r\n        <span class=\"frm_required\">*<\/span>\r\n    <\/label>\r\n    <input type=\"text\" id=\"field_ualacc0b28f237d3\" name=\"item_meta[529]\" value=\"\"  data-reqmsg=\"Este campo no puede estar en blanco.\" aria-required=\"true\" data-invmsg=\"Texto no es v\u00e1lido\" aria-invalid=\"false\"  \/>\r\n    \r\n    \r\n<\/div>\n<div id=\"frm_field_530_container\" class=\"frm_form_field form-field  frm_top_container\">\r\n    <label for=\"field_iryv39db8ce156e3\" id=\"field_iryv39db8ce156e3_label\" class=\"frm_primary_label\">Provincia\/Regi\u00f3n\r\n        <span class=\"frm_required\"><\/span>\r\n    <\/label>\r\n    <input type=\"text\" id=\"field_iryv39db8ce156e3\" name=\"item_meta[530]\" value=\"\"  data-invmsg=\"Texto no es v\u00e1lido\" aria-invalid=\"false\"  \/>\r\n    \r\n    \r\n<\/div>\n<div id=\"frm_field_531_container\" class=\"frm_form_field form-field  frm_required_field frm_top_container\">\r\n    <label for=\"field_e0se164daa399503\" id=\"field_e0se164daa399503_label\" class=\"frm_primary_label\">Pa\u00eds\r\n        <span class=\"frm_required\">*<\/span>\r\n    <\/label>\r\n    <input type=\"text\" id=\"field_e0se164daa399503\" name=\"item_meta[531]\" value=\"\"  data-reqmsg=\"Este campo no puede estar en blanco.\" aria-required=\"true\" data-invmsg=\"Texto no es v\u00e1lido\" aria-invalid=\"false\"  \/>\r\n    \r\n    \r\n<\/div>\n<div id=\"frm_field_532_container\" class=\"frm_form_field  frm_html_container form-field\"><span style=\"font-size: 14pt;\"> Silla de Amazona, tipo y n\u00famero<\/span><\/div>\n<div id=\"frm_field_533_container\" class=\"frm_form_field form-field  frm_top_container frm_fourth vertical_radio\">\r\n    <div  id=\"field_7hxrp3_label\" class=\"frm_primary_label\">Tipos deSilla\r\n        <span class=\"frm_required\"><\/span>\r\n    <\/div>\r\n    <div class=\"frm_opt_container\" aria-labelledby=\"field_7hxrp3_label\" role=\"group\">\t\t<div class=\"frm_checkbox\" id=\"frm_checkbox_533-0\">\t\t\t<label  for=\"field_7hxrp3-0\">\n\t\t\t<input type=\"checkbox\" name=\"item_meta[533][]\" id=\"field_7hxrp3-0\" value=\"Inglesa\"  data-invmsg=\"Tipos deSilla no es v\u00e1lido\"   \/> Inglesa<\/label><\/div>\n\t\t<div class=\"frm_checkbox\" id=\"frm_checkbox_533-1\">\t\t\t<label  for=\"field_7hxrp3-1\">\n\t\t\t<input type=\"checkbox\" name=\"item_meta[533][]\" id=\"field_7hxrp3-1\" value=\"Vaquera\"  data-invmsg=\"Tipos deSilla no es v\u00e1lido\"   \/> Vaquera<\/label><\/div>\n\t\t<div class=\"frm_checkbox\" id=\"frm_checkbox_533-2\">\t\t\t<label  for=\"field_7hxrp3-2\">\n\t\t\t<input type=\"checkbox\" name=\"item_meta[533][]\" id=\"field_7hxrp3-2\" value=\"Otra\"  data-invmsg=\"Tipos deSilla no es v\u00e1lido\"   \/> Otra<\/label><\/div>\n<\/div>\r\n    \r\n    \r\n<\/div>\n<div id=\"frm_field_534_container\" class=\"frm_form_field form-field  frm_top_container frm_fourth\">\r\n    <label for=\"field_aj4ac3\" id=\"field_aj4ac3_label\" class=\"frm_primary_label\">Inglesa n\u00ba\r\n        <span class=\"frm_required\"><\/span>\r\n    <\/label>\r\n    \t\t<select name=\"item_meta[534]\" id=\"field_aj4ac3\"  data-invmsg=\"Inglesa n\u00ba no es v\u00e1lido\" aria-invalid=\"false\"  >\n\t\t<option  value=\"-\">-<\/option><option  value=\"1\">1<\/option><option  value=\"2\">2<\/option><option  value=\"3\">3<\/option><option  value=\"4\">4<\/option><option  value=\"5\">5<\/option><option  value=\"6\">6<\/option><option  value=\"7\">7<\/option><option  value=\"8\">8<\/option><option  value=\"9\">9<\/option>\t<\/select>\n\t\r\n    \r\n    \r\n<\/div>\n<div id=\"frm_field_535_container\" class=\"frm_form_field form-field  frm_top_container frm_fourth\">\r\n    <label for=\"field_l59zx3\" id=\"field_l59zx3_label\" class=\"frm_primary_label\">Vaquera n\u00ba\r\n        <span class=\"frm_required\"><\/span>\r\n    <\/label>\r\n    \t\t<select name=\"item_meta[535]\" id=\"field_l59zx3\"  data-invmsg=\"Vaquera n\u00ba no es v\u00e1lido\" aria-invalid=\"false\"  >\n\t\t<option  value=\"-\">-<\/option><option  value=\"1\">1<\/option><option  value=\"2\">2<\/option><option  value=\"3\">3<\/option><option  value=\"4\">4<\/option><option  value=\"5\">5<\/option><option  value=\"6\">6<\/option><option  value=\"7\">7<\/option><option  value=\"8\">8<\/option><option  value=\"9\">9<\/option>\t<\/select>\n\t\r\n    \r\n    \r\n<\/div>\n<div id=\"frm_field_536_container\" class=\"frm_form_field form-field  frm_top_container frm_fourth\">\r\n    <label for=\"field_j1y233\" id=\"field_j1y233_label\" class=\"frm_primary_label\">Otra n\u00ba\r\n        <span class=\"frm_required\"><\/span>\r\n    <\/label>\r\n    \t\t<select name=\"item_meta[536]\" id=\"field_j1y233\"  data-invmsg=\"Otra n\u00ba no es v\u00e1lido\" aria-invalid=\"false\"  >\n\t\t<option  value=\"-\">-<\/option><option  value=\"1\">1<\/option><option  value=\"2\">2<\/option><option  value=\"3\">3<\/option><option  value=\"4\">4<\/option><option  value=\"5\">5<\/option><option  value=\"6\">6<\/option><option  value=\"7\">7<\/option><option  value=\"8\">8<\/option><option  value=\"9\">9<\/option>\t<\/select>\n\t\r\n    \r\n    \r\n<\/div>\n<div id=\"frm_field_537_container\" class=\"frm_form_field form-field  frm_top_container frm12\">\r\n    <label for=\"field_7wxl03\" id=\"field_7wxl03_label\" class=\"frm_primary_label\">Descripci\u00f3n de la(s) silla(s) Marca\u00b7Modelo-Tama\u00f1o\u00b7A\u00f1o\r\n        <span class=\"frm_required\"><\/span>\r\n    <\/label>\r\n    <textarea name=\"item_meta[537]\" id=\"field_7wxl03\" rows=\"5\"  data-invmsg=\"Descripci\u00f3n de la(s) silla(s) Marca\u00b7Modelo-Tama\u00f1o\u00b7A\u00f1o no es v\u00e1lido\" aria-invalid=\"false\"  ><\/textarea>\r\n    \r\n    \r\n<\/div>\n<div id=\"frm_field_538_container\" class=\"frm_form_field form-field  frm_top_container\">\r\n    <label for=\"field_id6ug3\" id=\"field_id6ug3_label\" class=\"frm_primary_label\">Perfil de facebook URL : www.facebook.com\/nombre.apellido o c\u00f3digo\r\n        <span class=\"frm_required\"><\/span>\r\n    <\/label>\r\n    <input type=\"text\" id=\"field_id6ug3\" name=\"item_meta[538]\" value=\"\"  data-invmsg=\"Texto no es v\u00e1lido\" aria-invalid=\"false\"  \/>\r\n    \r\n    \r\n<\/div>\n<div id=\"frm_field_631_container\" class=\"frm_form_field  frm_html_container form-field\">\n<hr style=\"height: 2px; background-color: #45b0e6;\" \/><\/div>\n<div id=\"frm_field_539_container\" class=\"frm_form_field  frm_html_container form-field\">\u00bfC\u00f3mo conoci\u00f3 la Asociaci\u00f3n?<\/div>\n<div id=\"frm_field_540_container\" class=\"frm_form_field form-field  frm_top_container frm6 frm_first vertical_radio\">\r\n    <div  id=\"field_i44t93_label\" class=\"frm_primary_label\">\r\n        <span class=\"frm_required\"><\/span>\r\n    <\/div>\r\n    <div class=\"frm_opt_container\" aria-labelledby=\"field_i44t93_label\" role=\"group\">\t\t<div class=\"frm_checkbox\" id=\"frm_checkbox_540-0\">\t\t\t<label  for=\"field_i44t93-0\">\n\t\t\t<input type=\"checkbox\" name=\"item_meta[540][]\" id=\"field_i44t93-0\" value=\"por Internet \/ Web \/ Foro\"  data-invmsg=\"Este campo no es v\u00e1lido\"   \/> por Internet \/ Web \/ Foro<\/label><\/div>\n\t\t<div class=\"frm_checkbox\" id=\"frm_checkbox_540-1\">\t\t\t<label  for=\"field_i44t93-1\">\n\t\t\t<input type=\"checkbox\" name=\"item_meta[540][]\" id=\"field_i44t93-1\" value=\"viendo una exhibici\u00f3n de AEMA\"  data-invmsg=\"Este campo no es v\u00e1lido\"   \/> viendo una exhibici\u00f3n de AEMA<\/label><\/div>\n\t\t<div class=\"frm_checkbox\" id=\"frm_checkbox_540-2\">\t\t\t<label  for=\"field_i44t93-2\">\n\t\t\t<input type=\"checkbox\" name=\"item_meta[540][]\" id=\"field_i44t93-2\" value=\"folleto \/ publicidad\"  data-invmsg=\"Este campo no es v\u00e1lido\"   \/> folleto \/ publicidad<\/label><\/div>\n<\/div>\r\n    \r\n    \r\n<\/div>\n<div id=\"frm_field_542_container\" class=\"frm_form_field form-field  frm_top_container frm6 vertical_radio\">\r\n    <div  id=\"field_7q2303_label\" class=\"frm_primary_label\">\r\n        <span class=\"frm_required\"><\/span>\r\n    <\/div>\r\n    <div class=\"frm_opt_container\" aria-labelledby=\"field_7q2303_label\" role=\"group\">\t\t<div class=\"frm_checkbox\" id=\"frm_checkbox_542-0\">\t\t\t<label  for=\"field_7q2303-0\">\n\t\t\t<input type=\"checkbox\" name=\"item_meta[542][]\" id=\"field_7q2303-0\" value=\"prensa \/ medios informativos\"  data-invmsg=\"Este campo no es v\u00e1lido\"   \/> prensa \/ medios informativos<\/label><\/div>\n\t\t<div class=\"frm_checkbox\" id=\"frm_checkbox_542-1\">\t\t\t<label  for=\"field_7q2303-1\">\n\t\t\t<input type=\"checkbox\" name=\"item_meta[542][]\" id=\"field_7q2303-1\" value=\"asist\u00ed a un curso conferencia\"  data-invmsg=\"Este campo no es v\u00e1lido\"   \/> asist\u00ed a un curso conferencia<\/label><\/div>\n\t\t<div class=\"frm_checkbox\" id=\"frm_checkbox_542-2\">\t\t\t<label  for=\"field_7q2303-2\">\n\t\t\t<input type=\"checkbox\" name=\"item_meta[542][]\" id=\"field_7q2303-2\" value=\"me hablaron de ella\"  data-invmsg=\"Este campo no es v\u00e1lido\"   \/> me hablaron de ella<\/label><\/div>\n<\/div>\r\n    \r\n    \r\n<\/div>\n<div id=\"frm_field_543_container\" class=\"frm_form_field form-field  frm_top_container frm_sixth vertical_radio\">\r\n    <div  id=\"field_n45et3_label\" class=\"frm_primary_label\">\r\n        <span class=\"frm_required\"><\/span>\r\n    <\/div>\r\n    <div class=\"frm_opt_container\" aria-labelledby=\"field_n45et3_label\" role=\"group\">\t\t<div class=\"frm_checkbox\" id=\"frm_checkbox_543-0\">\t\t\t<label  for=\"field_n45et3-0\">\n\t\t\t<input type=\"checkbox\" name=\"item_meta[543][]\" id=\"field_n45et3-0\" value=\"Otro medio\"  data-invmsg=\"Este campo no es v\u00e1lido\"   \/> Otro medio<\/label><\/div>\n<\/div>\r\n    \r\n    \r\n<\/div>\n<div id=\"frm_field_544_container\" class=\"frm_form_field form-field  frm_top_container frm10\">\r\n    <label for=\"field_xf5jl3\" id=\"field_xf5jl3_label\" class=\"frm_primary_label\">Describa cual\r\n        <span class=\"frm_required\"><\/span>\r\n    <\/label>\r\n    <textarea name=\"item_meta[544]\" id=\"field_xf5jl3\" rows=\"5\"  data-invmsg=\"Describa cual no es v\u00e1lido\" aria-invalid=\"false\"  ><\/textarea>\r\n    \r\n    \r\n<\/div>\n<div id=\"frm_field_552_container\" class=\"frm_form_field  frm_html_container form-field\">\n<hr style=\"height: 2px; background-color: #45b0e6;\" \/><\/div>\n<div id=\"frm_field_545_container\" class=\"frm_form_field  frm_html_container form-field\"><span style=\"font-size: 14pt;\"><u>Domiciliaci\u00f3n Bancaria<\/u><\/span><br \/>\n<span style=\"font-size: 10pt;\">Si desea domiciliar la cuota anual rellene los datos de su cuenta para la ORDEN BANCARIA del recibo presentado por la Asociaci\u00f3n Espa\u00f1ola de Monta a la Amazona<\/span><\/div>\n<div id=\"frm_field_546_container\" class=\"frm_form_field form-field  frm_top_container\">\r\n    <label for=\"field_w6wao3\" id=\"field_w6wao3_label\" class=\"frm_primary_label\">IBAN\r\n        <span class=\"frm_required\"><\/span>\r\n    <\/label>\r\n    <input type=\"text\" id=\"field_w6wao3\" name=\"item_meta[546]\" value=\"\"  data-invmsg=\"Texto no es v\u00e1lido\" aria-invalid=\"false\"  \/>\r\n    \r\n    \r\n<\/div>\n<div id=\"frm_field_547_container\" class=\"frm_form_field form-field  frm_top_container\">\r\n    <label for=\"field_geu2k3\" id=\"field_geu2k3_label\" class=\"frm_primary_label\">Titular de la cuenta\r\n        <span class=\"frm_required\"><\/span>\r\n    <\/label>\r\n    <input type=\"text\" id=\"field_geu2k3\" name=\"item_meta[547]\" value=\"\"  data-invmsg=\"Texto no es v\u00e1lido\" aria-invalid=\"false\"  \/>\r\n    \r\n    \r\n<\/div>\n<div id=\"frm_field_548_container\" class=\"frm_form_field form-field  frm_top_container\">\r\n    <label for=\"field_rd16t3\" id=\"field_rd16t3_label\" class=\"frm_primary_label\">Banco o Caja\r\n        <span class=\"frm_required\"><\/span>\r\n    <\/label>\r\n    <input type=\"text\" id=\"field_rd16t3\" name=\"item_meta[548]\" value=\"\"  data-invmsg=\"Texto no es v\u00e1lido\" aria-invalid=\"false\"  \/>\r\n    \r\n    \r\n<\/div>\n<div id=\"frm_field_549_container\" class=\"frm_form_field form-field  frm_top_container frm_alignright frm_half\">\r\n    <label for=\"field_13gm63\" id=\"field_13gm63_label\" class=\"frm_primary_label\">Fecha\r\n        <span class=\"frm_required\"><\/span>\r\n    <\/label>\r\n    <input type=\"text\" id=\"field_13gm63\" name=\"item_meta[549]\" value=\"\"  data-invmsg=\"Texto no es v\u00e1lido\" aria-invalid=\"false\"  \/>\r\n    \r\n    \r\n<\/div>\n<div id=\"frm_field_629_container\" class=\"frm_form_field  frm_html_container form-field\">\n<hr style=\"height: 2px; background-color: #45b0e6;\" \/><\/div>\n<div id=\"frm_field_551_container\" class=\"frm_form_field  lt frm_html_container form-field\"><span style=\"font-size: 12px;\">La informaci\u00f3n recogida en este formulario ser\u00e1 utilizada exclusivamente para los fines de la asociaci\u00f3n y puede ser modificada o anulada por el titular en la sede social de la Asociaci\u00f3n.<\/span><br \/>\n<span style=\"font-size: 12px;\"><a href=\"https:\/\/monta-amazona.x10.mx\/club\/privacy-policy\/\">Politica de Privacidad<\/a><\/span><\/div>\n<div id=\"frm_field_550_container\" class=\"frm_form_field  frm_html_container form-field\"><span style=\"font-size: 16px;\">Conexi\u00f3n Segura SSL<\/span><\/p>\n<p><img decoding=\"async\" src=\"https:\/\/monta-amazona.x10.mx\/club\/wp-content\/uploads\/2021\/01\/sectigo_trust_seal_sm_82x32.png\" alt=\"\" \/><\/div>\n<div id=\"frm_field_630_container\" class=\"frm_form_field  frm_html_container form-field\">\n<hr style=\"height: 2px; background-color: #45b0e6;\" \/><\/div>\n\t<input type=\"hidden\" name=\"item_key\" value=\"\" \/>\n\t\t\t<div id=\"frm_field_901_container\">\n\t\t\t<label for=\"field_e35ta\" >\n\t\t\t\tSi eres humano, deja este campo en blanco.\t\t\t<\/label>\n\t\t\t<input  id=\"field_e35ta\" type=\"text\" class=\"frm_form_field form-field frm_verify\" name=\"item_meta[901]\" value=\"\"  \/>\n\t\t<\/div>\n\t\t<input name=\"frm_state\" type=\"hidden\" value=\"Br+vvM2p3pO+31fjSihTJhajhAy6Ye6GM0MnXwCzhaU=\" \/><div class=\"frm_submit\">\r\n\r\n<button class=\"frm_button_submit\" type=\"submit\"  >Enviar<\/button>\r\n\r\n<\/div><\/div>\n<\/fieldset>\n<\/div>\n\n<p style=\"display: none !important;\" class=\"akismet-fields-container\" data-prefix=\"ak_\"><label>&#916;<textarea name=\"ak_hp_textarea\" cols=\"45\" rows=\"8\" maxlength=\"100\"><\/textarea><\/label><input type=\"hidden\" id=\"ak_js_1\" name=\"ak_js\" value=\"245\"\/><script>document.getElementById( \"ak_js_1\" ).setAttribute( \"value\", ( new Date() ).getTime() );<\/script><\/p><\/form>\n<\/div>\n\n<hr \/>\n<p><span style=\"font-size: 12pt;\">Si prefiere el formulario en formato tradicional,<\/span><br \/>\n<span style=\"font-size: 12pt;\"><span style=\"color: black;\"><em>para rellenar a mano<\/em><\/span><\/span><br \/>\n<span style=\"font-size: 12pt;\">descargue <strong><a href=\"https:\/\/www.monta-amazona.com\/club\/wp-content\/uploads\/2023\/05\/Socia2023_AEMA.pdf\">Impreso de Inscripci\u00f3n 2023 para Impresora<\/a><\/strong><\/span><\/p>\n<p><span style=\"font-size: 12pt;\"><span style=\"color: black;\"><em>para rellenar en ordenador con programa Word<\/em><\/span><\/span><br \/>\n<span style=\"font-size: 12pt;\">descargue <a href=\"https:\/\/www.monta-amazona.com\/club\/wp-content\/uploads\/2023\/05\/Socia2023_AEMA.docx\"><strong>Impreso de Inscripci\u00f3n 2023 Word<\/strong><\/a> para ordenador<\/span><br \/>\n<span style=\"font-size: 10pt;\">puede rellenarse en ordenador sin necesidad de imprimir,<br \/>\nesta opci\u00f3n no funciona en m\u00f3vil ni tableta<\/span><\/p>\n<p><span style=\"font-size: 12pt;\">Si desea realizar el ingreso mediante transferencia bancaria<\/span><\/p>\n<p><span style=\"font-size: 12pt;\">IBAN ES85 3081 0331 1729 7328 8323<br \/>\nBIC: ERSVES22<br \/>\nTitular: Asociaci\u00f3n Espa\u00f1ola de Monta a la Amazona<br \/>\nEntidad: EuroCaja Rural <\/span><\/p>\n<p>El formulario adquiere validez cuando se haya recibido el pago.<\/p>\n","protected":false},"excerpt":{"rendered":"<p><span style=\"font-size: 14pt;\">Inscripci\u00f3n Nueva Socia 2023<\/span><\/p>\n<p><span style=\"font-size: 8pt;\"> Por favor, rellene el formulario m\u00e1s abajo<\/span><\/p>\n","protected":false},"featured_media":1122,"comment_status":"closed","ping_status":"closed","template":"","meta":[],"product_brand":[],"product_cat":[31],"product_tag":[],"class_list":{"0":"post-1127","1":"product","2":"type-product","3":"status-publish","4":"has-post-thumbnail","6":"product_cat-asocia","8":"first","9":"outofstock","10":"virtual","11":"purchasable","12":"product-type-simple"},"_links":{"self":[{"href":"https:\/\/www.monta-amazona.com\/club\/wp-json\/wp\/v2\/product\/1127","targetHints":{"allow":["GET"]}}],"collection":[{"href":"https:\/\/www.monta-amazona.com\/club\/wp-json\/wp\/v2\/product"}],"about":[{"href":"https:\/\/www.monta-amazona.com\/club\/wp-json\/wp\/v2\/types\/product"}],"replies":[{"embeddable":true,"href":"https:\/\/www.monta-amazona.com\/club\/wp-json\/wp\/v2\/comments?post=1127"}],"wp:featuredmedia":[{"embeddable":true,"href":"https:\/\/www.monta-amazona.com\/club\/wp-json\/wp\/v2\/media\/1122"}],"wp:attachment":[{"href":"https:\/\/www.monta-amazona.com\/club\/wp-json\/wp\/v2\/media?parent=1127"}],"wp:term":[{"taxonomy":"product_brand","embeddable":true,"href":"https:\/\/www.monta-amazona.com\/club\/wp-json\/wp\/v2\/product_brand?post=1127"},{"taxonomy":"product_cat","embeddable":true,"href":"https:\/\/www.monta-amazona.com\/club\/wp-json\/wp\/v2\/product_cat?post=1127"},{"taxonomy":"product_tag","embeddable":true,"href":"https:\/\/www.monta-amazona.com\/club\/wp-json\/wp\/v2\/product_tag?post=1127"}],"curies":[{"name":"wp","href":"https:\/\/api.w.org\/{rel}","templated":true}]}}