{"id":6598,"date":"2026-01-01T15:14:30","date_gmt":"2026-01-01T15:14:30","guid":{"rendered":"https:\/\/www.monta-amazona.com\/clubaema\/?page_id=6598"},"modified":"2026-02-03T09:16:05","modified_gmt":"2026-02-03T09:16:05","slug":"renovacion-socia-2026","status":"publish","type":"page","link":"https:\/\/www.monta-amazona.com\/clubaema\/renovacion-socia-2026\/","title":{"rendered":"Renovaci\u00f3n Socia 2026"},"content":{"rendered":"\n<p class=\"has-text-align-center\">Impreso de Inscripci\u00f3n para pago por transferencia bancaria<br><strong>Socia 2026<\/strong>\u00a0(datos)<\/p>\n\n\n\n<p class=\"has-text-align-center\">Renovaci\u00f3n<\/p>\n\n\n\n<p class=\"has-text-align-center\">Impreso para proporcionar sus datos como Socia AEMA<br>Por favor, rellene los apartados de este formulario para:<\/p>\n\n\n\n<p style=\"border-style:none;border-width:0px;padding-right:var(--wp--preset--spacing--80);padding-left:var(--wp--preset--spacing--80)\">\u00b7\u00a0\u200bproporcionar sus datos\u00a0(si todav\u00eda no lo hizo)<br> \u00b7\u00a0\u200brenovar cu Cuota Anual de Socia y pagar por transferencia bancaria<br> \u00b7\u00a0(datos de la cuenta al final de esta p\u00e1gina)<br> \u00b7\u00a0renovar sus datos si alguno ha cambiado<br> \u00b7\u00a0(solo rellene su nombre y el dato que ha cambiado)<\/p>\n\n\n\n<p style=\"padding-right:var(--wp--preset--spacing--80);padding-left:var(--wp--preset--spacing--80)\">puede realizar el pago por transferencia bancaria o domiciliaci\u00f3n consulte abajo al final de esta p\u00e1gina<\/p>\n\n\n\n<p class=\"has-text-align-center\" style=\"padding-right:var(--wp--preset--spacing--80);padding-left:var(--wp--preset--spacing--80)\">Si ya es Socia y desea renovar su cuota anual 35\u20ac, mediante transferencia bancaria a la cuenta de AEMA, los datos de la cuenta se encuentran abajo de esta p\u00e1gina<br>Si quiere inscribirse como Socia por 1\u00aa vez puede hacerlo mediante:<br>pago con tarjeta de cr\u00e9dito \u261e <a href=\"https:\/\/www.monta-amazona.com\/clubaema\/product\/socia-2026\/\">aqu\u00ed<\/a><br>pago por transferencia bancaria \u261e <a href=\"https:\/\/www.monta-amazona.com\/clubaema\/socia-2026\/\">aqu\u00ed<\/a><\/p>\n\n\n<div class=\"frm_forms  with_frm_style frm_style_estilo-de-formidable\" id=\"frm_form_49_container\" data-token=\"11a482d44d3751e154cbc4be1c1957f9\">\n<form enctype=\"multipart\/form-data\" method=\"post\" class=\"frm-show-form \" id=\"form_renova26\" data-token=\"11a482d44d3751e154cbc4be1c1957f9\">\n<div class=\"frm_form_fields \">\n<fieldset>\n<legend class=\"frm_screen_reader\">Renovaci\u00f3n Anual 2026<\/legend>\r\n\r\n<div class=\"frm_fields_container\">\n<input type=\"hidden\" name=\"frm_action\" value=\"create\" \/>\n<input type=\"hidden\" name=\"form_id\" value=\"49\" \/>\n<input type=\"hidden\" name=\"frm_hide_fields_49\" id=\"frm_hide_fields_49\" value=\"\" \/>\n<input type=\"hidden\" name=\"form_key\" value=\"renova26\" \/>\n<input type=\"hidden\" name=\"item_meta[0]\" value=\"\" \/>\n<input type=\"hidden\" id=\"frm_submit_entry_49\" name=\"frm_submit_entry_49\" value=\"df7880a4b8\" \/><input type=\"hidden\" name=\"_wp_http_referer\" value=\"\/clubaema\/wp-json\/wp\/v2\/pages\/6598\" \/><div id=\"frm_field_1150_container\" class=\"frm_form_field  frm_html_container form-field\"><img loading=\"lazy\" decoding=\"async\" class=\"aligncenter\" src=\"https:\/\/www.monta-amazona.com\/clubaema\/wp-content\/uploads\/files\/images\/LogoAEMAColor_33.png\" alt=\"Logo AEMA\" width=\"150\" height=\"150\" \/><\/div>\n<div id=\"frm_field_1151_container\" class=\"frm_form_field  frm_html_container form-field\">\n<p style=\"margin-left: 40px;\"><span style=\"font-size: 16px;\"><strong>Socia 2026<\/strong><\/span><\/p>\n<p style=\"margin-left: 40px;\"><span style=\"font-size: 14pt;\">Renovaci\u00f3n Cuota Anual<\/span><\/p>\n<p style=\"margin-left: 40px;\"><span style=\"font-size: 12pt;\">cuota anual\u00a0<strong>35\u20ac<\/strong><\/span><\/p>\n<p style=\"margin-left: 40px;\"><span style=\"font-size: 13px;\">Por favor, rellene los apartados obligatorios\u00a0<span style=\"color: #c0392b;\">*<\/span>\u00a0de este formulario, son necesarios para identificar su pago y enviarle la informaci\u00f3n de la Asociaci\u00f3n y su carnet de Socia. Los dem\u00e1s apartados solo es necesario rellenarlos si han cambiado desde el a\u00f1o anterior.<\/span><\/p>\n<p style=\"margin-left: 40px;\"><span style=\"font-size: 12px;\">Env\u00ede el formulario antes de realizar el pago.<\/span><\/p>\n<p style=\"margin-left: 40px;\"><span style=\"font-size: 12px;\">El formulario solo es v\u00e1lido una vez recibido el pago correspondiente.\u00a0<\/span><\/p>\n<p style=\"margin-left: 40px;\"><span style=\"font-size: 12px;\">para cualquier aclaraci\u00f3n o duda, escriba a\u00a0<em>aema.asociacion@gmail.com<\/em><\/span><\/p>\n<\/div>\n<div id=\"frm_field_1152_container\" class=\"frm_form_field form-field  frm_required_field frm_top_container frm_first frm_two_thirds\">\r\n\t<label for=\"field_mp7572\" id=\"field_mp7572_label\" class=\"frm_primary_label\">Correo eletr\u00f3nico\r\n\t\t<span class=\"frm_required\" aria-hidden=\"true\">*<\/span>\r\n\t<\/label>\r\n\t<input type=\"email\" id=\"field_mp7572\" name=\"item_meta[1152]\" value=\"\"  data-reqmsg=\"Correo eletr\u00f3nico no puede estar en blanco.\" aria-required=\"true\" data-invmsg=\"Correo eletr\u00f3nico no es v\u00e1lido\" aria-invalid=\"false\"  \/>\r\n\t\r\n\t\r\n<\/div>\n<div id=\"frm_field_1153_container\" class=\"frm_form_field form-field  frm_required_field frm_top_container frm_third\">\r\n\t<label for=\"field_fab5d2\" id=\"field_fab5d2_label\" class=\"frm_primary_label\">Tel\u00e9fono\r\n\t\t<span class=\"frm_required\" aria-hidden=\"true\">*<\/span>\r\n\t<\/label>\r\n\t<input type=\"text\" id=\"field_fab5d2\" name=\"item_meta[1153]\" value=\"\"  data-reqmsg=\"Tel\u00e9fono no puede estar en blanco.\" aria-required=\"true\" data-invmsg=\"Tel\u00e9fono no es v\u00e1lido\" aria-invalid=\"false\"  \/>\r\n\t\r\n\t\r\n<\/div>\n<div id=\"frm_field_1154_container\" class=\"frm_form_field  frm_html_container form-field\"><span style=\"font-size: 10pt;\">Por favor, no se olvide de proporcionar un email v\u00e1lido.<br \/>\nRecibir\u00e1 toda la informaci\u00f3n de eventos, cursos, promociones, as\u00ed como su carnet y toda informaci\u00f3n relevante mediante e-mail.<\/span><\/div>\n<div id=\"frm_field_1155_container\" class=\"frm_form_field form-field  frm_required_field frm_top_container\">\r\n\t<div  id=\"field_q9ihi2_label\" class=\"frm_primary_label\">Nombre\r\n\t\t<span class=\"frm_required\" aria-hidden=\"true\">*<\/span>\r\n\t<\/div>\r\n\t<fieldset aria-labelledby=\"field_q9ihi2_label\">\n\t<legend class=\"frm_screen_reader frm_hidden\">\n\t\tNombre\t<\/legend>\n\n\t<div  class=\"frm_combo_inputs_container\" id=\"frm_combo_inputs_container_1155\" data-name-layout=\"first_last\">\n\t\t\t\t\t<div\n\t\t\t\tid=\"frm_field_1155-first_container\"\n\t\t\t\tclass=\"frm_form_field form-field frm_form_subfield-first  frm6\"\n\t\t\t\tdata-sub-field-name=\"first\"\n\t\t\t>\n\t\t\t\t<label for=\"field_q9ihi2_first\" class=\"frm_screen_reader frm_hidden\">\n\t\t\t\t\tNombre\t\t\t\t<\/label>\n\n\t\t\t\t<input  type=\"text\" id=\"field_q9ihi2_first\" value=\"\" name=\"item_meta[1155][first]\" autocomplete=\"given-name\" data-reqmsg=\"Nombre no puede estar en blanco.\" aria-required=\"true\" data-invmsg=\"Nombre no es v\u00e1lido\" aria-invalid=\"false\"  \/><div class=\"frm_description\" id=\"frm_field_1155_first_desc\">Nombre<\/div>\t\t\t<\/div>\n\t\t\t\t\t\t<div\n\t\t\t\tid=\"frm_field_1155-last_container\"\n\t\t\t\tclass=\"frm_form_field form-field frm_form_subfield-last  frm6\"\n\t\t\t\tdata-sub-field-name=\"last\"\n\t\t\t>\n\t\t\t\t<label for=\"field_q9ihi2_last\" class=\"frm_screen_reader frm_hidden\">\n\t\t\t\t\tApellido\t\t\t\t<\/label>\n\n\t\t\t\t<input  type=\"text\" id=\"field_q9ihi2_last\" value=\"\" name=\"item_meta[1155][last]\" autocomplete=\"family-name\" data-reqmsg=\"Nombre no puede estar en blanco.\" aria-required=\"true\" data-invmsg=\"Nombre no es v\u00e1lido\" aria-invalid=\"false\"  \/><div class=\"frm_description\" id=\"frm_field_1155_last_desc\">Apellido<\/div>\t\t\t<\/div>\n\t\t\t\t<\/div>\n<\/fieldset>\n\r\n\t\r\n\t\r\n<\/div>\n<div id=\"frm_field_1156_container\" class=\"frm_form_field  frm_html_container form-field\">\n<hr style=\"height: 2px; background-color: #6868b2;\" data-mce-style=\"height: 2px; background-color: #6868b2;\"><\/div>\n<div id=\"frm_field_1157_container\" class=\"frm_form_field  frm_html_container form-field\">Rellene los siguientes campos SOLO si han cambiado o necesitan actualizarse<\/div>\n<div id=\"frm_field_1158_container\" class=\"frm_form_field form-field  frm_required_field frm_top_container\">\r\n\t<label for=\"field_p35gl2\" id=\"field_p35gl2_label\" class=\"frm_primary_label\">Direcci\u00f3n\r\n\t\t<span class=\"frm_required\" aria-hidden=\"true\">*<\/span>\r\n\t<\/label>\r\n\t<input type=\"text\" id=\"field_p35gl2\" name=\"item_meta[1158]\" value=\"\"  data-reqmsg=\"Direcci\u00f3n no puede estar en blanco.\" aria-required=\"true\" data-invmsg=\"Direcci\u00f3n no es v\u00e1lido\" aria-invalid=\"false\"  \/>\r\n\t\r\n\t\r\n<\/div>\n<div id=\"frm_field_1159_container\" class=\"frm_form_field form-field  frm_top_container\">\r\n\t<label for=\"field_yeeyz2\" id=\"field_yeeyz2_label\" class=\"frm_primary_label\">Direcci\u00f3n\r\n\t\t<span class=\"frm_required\" aria-hidden=\"true\"><\/span>\r\n\t<\/label>\r\n\t<input type=\"text\" id=\"field_yeeyz2\" name=\"item_meta[1159]\" value=\"\"  data-invmsg=\"Direcci\u00f3n no es v\u00e1lido\" aria-invalid=\"false\"  \/>\r\n\t\r\n\t\r\n<\/div>\n<div id=\"frm_field_1160_container\" class=\"frm_form_field form-field  frm_required_field frm_top_container frm_first frm_third\">\r\n\t<label for=\"field_94z4u2\" id=\"field_94z4u2_label\" class=\"frm_primary_label\">C\u00f3digo Postal\r\n\t\t<span class=\"frm_required\" aria-hidden=\"true\">*<\/span>\r\n\t<\/label>\r\n\t<input type=\"text\" id=\"field_94z4u2\" name=\"item_meta[1160]\" value=\"\"  data-reqmsg=\"C\u00f3digo Postal no puede estar en blanco.\" aria-required=\"true\" data-invmsg=\"C\u00f3digo Postal no es v\u00e1lido\" aria-invalid=\"false\"  \/>\r\n\t\r\n\t\r\n<\/div>\n<div id=\"frm_field_1161_container\" class=\"frm_form_field form-field  frm_required_field frm_top_container frm_two_thirds\">\r\n\t<label for=\"field_rm5bk2\" id=\"field_rm5bk2_label\" class=\"frm_primary_label\">Ciudad\r\n\t\t<span class=\"frm_required\" aria-hidden=\"true\">*<\/span>\r\n\t<\/label>\r\n\t<input type=\"text\" id=\"field_rm5bk2\" name=\"item_meta[1161]\" value=\"\"  data-reqmsg=\"Ciudad no puede estar en blanco.\" aria-required=\"true\" data-invmsg=\"Ciudad no es v\u00e1lido\" aria-invalid=\"false\"  \/>\r\n\t\r\n\t\r\n<\/div>\n<div id=\"frm_field_1162_container\" class=\"frm_form_field form-field  frm_top_container\">\r\n\t<label for=\"field_6jyd2\" id=\"field_6jyd2_label\" class=\"frm_primary_label\">Provincia\/Regi\u00f3n\r\n\t\t<span class=\"frm_required\" aria-hidden=\"true\"><\/span>\r\n\t<\/label>\r\n\t<input type=\"text\" id=\"field_6jyd2\" name=\"item_meta[1162]\" value=\"\"  data-invmsg=\"Provincia\/Regi\u00f3n no es v\u00e1lido\" aria-invalid=\"false\"  \/>\r\n\t\r\n\t\r\n<\/div>\n<div id=\"frm_field_1163_container\" class=\"frm_form_field form-field  frm_top_container\">\r\n\t<label for=\"field_e3os12\" id=\"field_e3os12_label\" class=\"frm_primary_label\">Pa\u00eds\r\n\t\t<span class=\"frm_required\" aria-hidden=\"true\"><\/span>\r\n\t<\/label>\r\n\t<input type=\"text\" id=\"field_e3os12\" name=\"item_meta[1163]\" value=\"\"  data-invmsg=\"Pa\u00eds no es v\u00e1lido\" aria-invalid=\"false\"   aria-describedby=\"frm_desc_field_e3os12\"\/>\r\n\t<div class=\"frm_description\" id=\"frm_desc_field_e3os12\">rellene este apartado si su pa\u00eds es otro que Espa\u00f1a<\/div>\r\n\t\r\n<\/div>\n<div id=\"frm_field_1164_container\" class=\"frm_form_field  frm_html_container form-field\">\n<hr style=\"height: 2px; background-color: #6868b2;\" data-mce-style=\"height: 2px; background-color: #6868b2;\"><\/div>\n<div id=\"frm_field_1165_container\" class=\"frm_form_field  frm_html_container form-field\"><span style=\"font-size: 14pt;\"> Silla de Amazona, tipo y n\u00famero<\/span><\/div>\n<div id=\"frm_field_1166_container\" class=\"frm_form_field form-field  frm_top_container frm3 frm_first vertical_radio\">\r\n\t<div  id=\"field_q6qv72_label\" class=\"frm_primary_label\">Tipos deSilla\r\n\t\t<span class=\"frm_required\" aria-hidden=\"true\"><\/span>\r\n\t<\/div>\r\n\t<div class=\"frm_opt_container\" aria-labelledby=\"field_q6qv72_label\" role=\"group\">\t\t<div class=\"frm_checkbox\" id=\"frm_checkbox_1166-0\">\t\t\t<label  for=\"field_q6qv72-0\">\n\t\t\t<input type=\"checkbox\" name=\"item_meta[1166][]\" id=\"field_q6qv72-0\" value=\"Inglesa\"  data-invmsg=\"Tipos deSilla no es v\u00e1lido\"   \/> Inglesa<\/label><\/div>\n\t\t<div class=\"frm_checkbox\" id=\"frm_checkbox_1166-1\">\t\t\t<label  for=\"field_q6qv72-1\">\n\t\t\t<input type=\"checkbox\" name=\"item_meta[1166][]\" id=\"field_q6qv72-1\" value=\"Vaquera\"  data-invmsg=\"Tipos deSilla no es v\u00e1lido\"   \/> Vaquera<\/label><\/div>\n\t\t<div class=\"frm_checkbox\" id=\"frm_checkbox_1166-2\">\t\t\t<label  for=\"field_q6qv72-2\">\n\t\t\t<input type=\"checkbox\" name=\"item_meta[1166][]\" id=\"field_q6qv72-2\" value=\"Otra\"  data-invmsg=\"Tipos deSilla no es v\u00e1lido\"   \/> Otra<\/label><\/div>\n<\/div>\r\n\t\r\n\t\r\n<\/div>\n<div id=\"frm_field_1167_container\" class=\"frm_form_field form-field  frm_top_container frm3\">\r\n\t<label for=\"field_vy68p2\" id=\"field_vy68p2_label\" class=\"frm_primary_label\">Inglesa N\u00ba\r\n\t\t<span class=\"frm_required\" aria-hidden=\"true\"><\/span>\r\n\t<\/label>\r\n\t\t\t<select name=\"item_meta[1167]\" id=\"field_vy68p2\"  data-invmsg=\"Inglesa N\u00ba no es v\u00e1lido\" aria-invalid=\"false\"  >\n\t\t<option  value=\"\" selected='selected'> <\/option><option  value=\"1\">1<\/option><option  value=\"2\">2<\/option><option  value=\"3\">3<\/option><option  value=\"4\">4<\/option><option  value=\"5\">5<\/option><option  value=\"6\">6<\/option><option  value=\"7\">7<\/option><option  value=\"8\">8<\/option><option  value=\"9\">9<\/option>\t<\/select>\n\t\r\n\t\r\n\t\r\n<\/div>\n<div id=\"frm_field_1168_container\" class=\"frm_form_field form-field  frm_top_container frm3\">\r\n\t<label for=\"field_6de7h2\" id=\"field_6de7h2_label\" class=\"frm_primary_label\">Vaquera n\u00ba\r\n\t\t<span class=\"frm_required\" aria-hidden=\"true\"><\/span>\r\n\t<\/label>\r\n\t\t\t<select name=\"item_meta[1168]\" id=\"field_6de7h2\"  data-invmsg=\"Vaquera n\u00ba no es v\u00e1lido\" aria-invalid=\"false\"  >\n\t\t<option  value=\"\" selected='selected'> <\/option><option  value=\"1\">1<\/option><option  value=\"2\">2<\/option><option  value=\"3\">3<\/option><option  value=\"4\">4<\/option><option  value=\"5\">5<\/option><option  value=\"6\">6<\/option><option  value=\"7\">7<\/option><option  value=\"8\">8<\/option><option  value=\"9\">9<\/option>\t<\/select>\n\t\r\n\t\r\n\t\r\n<\/div>\n<div id=\"frm_field_1169_container\" class=\"frm_form_field form-field  frm_top_container frm3\">\r\n\t<label for=\"field_l8k4o2\" id=\"field_l8k4o2_label\" class=\"frm_primary_label\">Otra n\u00ba\r\n\t\t<span class=\"frm_required\" aria-hidden=\"true\"><\/span>\r\n\t<\/label>\r\n\t\t\t<select name=\"item_meta[1169]\" id=\"field_l8k4o2\"  data-invmsg=\"Otra n\u00ba no es v\u00e1lido\" aria-invalid=\"false\"  >\n\t\t<option  value=\"\" selected='selected'> <\/option><option  value=\"1\">1<\/option><option  value=\"2\">2<\/option><option  value=\"3\">3<\/option><option  value=\"4\">4<\/option><option  value=\"5\">5<\/option><option  value=\"6\">6<\/option><option  value=\"7\">7<\/option><option  value=\"8\">8<\/option><option  value=\"9\">9<\/option>\t<\/select>\n\t\r\n\t\r\n\t\r\n<\/div>\n<div id=\"frm_field_1170_container\" class=\"frm_form_field form-field  frm_top_container\">\r\n\t<label for=\"field_f2qhq2\" id=\"field_f2qhq2_label\" class=\"frm_primary_label\">Descripci\u00f3n de la(s) silla(s) Marca\u00b7Modelo\u00b7Tama\u00f1o\u00b7A\u00f1o\r\n\t\t<span class=\"frm_required\" aria-hidden=\"true\"><\/span>\r\n\t<\/label>\r\n\t<textarea name=\"item_meta[1170]\" id=\"field_f2qhq2\" rows=\"5\"  data-invmsg=\"Descripci\u00f3n de la(s) silla(s) Marca\u00b7Modelo\u00b7Tama\u00f1o\u00b7A\u00f1o no es v\u00e1lido\" aria-invalid=\"false\"  ><\/textarea>\r\n\t\r\n\t\r\n<\/div>\n<div id=\"frm_field_1171_container\" class=\"frm_form_field form-field  frm_top_container\">\r\n\t<label for=\"field_r1r532\" id=\"field_r1r532_label\" class=\"frm_primary_label\">Perfil de facebook URL : www.facebook.com\/nombre.apellido o c\u00f3digo\r\n\t\t<span class=\"frm_required\" aria-hidden=\"true\"><\/span>\r\n\t<\/label>\r\n\t<input type=\"text\" id=\"field_r1r532\" name=\"item_meta[1171]\" value=\"\"  data-invmsg=\"Perfil de facebook URL : www.facebook.com\/nombre.apellido o c\u00f3digo no es v\u00e1lido\" aria-invalid=\"false\"  \/>\r\n\t\r\n\t\r\n<\/div>\n<div id=\"frm_field_1172_container\" class=\"frm_form_field  frm_html_container form-field\">\n<hr style=\"height: 2px; background-color: #6868b2;\" data-mce-style=\"height: 2px; background-color: #6868b2;\"><\/div>\n<div id=\"frm_field_1173_container\" class=\"frm_form_field  frm_html_container form-field\">\n<p style=\"margin-left: 40px;\"><span style=\"font-size:16px;\">Domiciliaci&oacute;n Bancaria<\/span><\/p>\n<p style=\"margin-left: 40px;\"><span style=\"font-size:14px;\">Si desea domiciliar la cuota anual rellene los datos de su cuenta para la ORDEN BANCARIA del recibo presentado por la Asociaci&oacute;n Espa&ntilde;ola de Monta a la Amazona<\/span><\/p>\n<\/div>\n<div id=\"frm_field_1174_container\" class=\"frm_form_field form-field  frm_top_container\">\r\n\t<label for=\"field_19hcp2\" id=\"field_19hcp2_label\" class=\"frm_primary_label\">IBAN\r\n\t\t<span class=\"frm_required\" aria-hidden=\"true\"><\/span>\r\n\t<\/label>\r\n\t<input type=\"text\" id=\"field_19hcp2\" name=\"item_meta[1174]\" value=\"\"  data-invmsg=\"IBAN no es v\u00e1lido\" aria-invalid=\"false\"  \/>\r\n\t\r\n\t\r\n<\/div>\n<div id=\"frm_field_1175_container\" class=\"frm_form_field form-field  frm_top_container\">\r\n\t<label for=\"field_4c6882\" id=\"field_4c6882_label\" class=\"frm_primary_label\">Titular de la cuenta\r\n\t\t<span class=\"frm_required\" aria-hidden=\"true\"><\/span>\r\n\t<\/label>\r\n\t<input type=\"text\" id=\"field_4c6882\" name=\"item_meta[1175]\" value=\"\"  data-invmsg=\"Titular de la cuenta no es v\u00e1lido\" aria-invalid=\"false\"  \/>\r\n\t\r\n\t\r\n<\/div>\n<div id=\"frm_field_1176_container\" class=\"frm_form_field form-field  frm_top_container\">\r\n\t<label for=\"field_6227h2\" id=\"field_6227h2_label\" class=\"frm_primary_label\">Banco o Caja\r\n\t\t<span class=\"frm_required\" aria-hidden=\"true\"><\/span>\r\n\t<\/label>\r\n\t<input type=\"text\" id=\"field_6227h2\" name=\"item_meta[1176]\" value=\"\"  data-invmsg=\"Banco o Caja no es v\u00e1lido\" aria-invalid=\"false\"  \/>\r\n\t\r\n\t\r\n<\/div>\n<div id=\"frm_field_1177_container\" class=\"frm_form_field form-field  frm_top_container frm_half frm_alignright\">\r\n\t<label for=\"field_9y7872\" id=\"field_9y7872_label\" class=\"frm_primary_label\">Fecha\r\n\t\t<span class=\"frm_required\" aria-hidden=\"true\"><\/span>\r\n\t<\/label>\r\n\t<input type=\"text\" id=\"field_9y7872\" name=\"item_meta[1177]\" value=\"\"  data-invmsg=\"Fecha no es v\u00e1lido\" aria-invalid=\"false\"  \/>\r\n\t\r\n\t\r\n<\/div>\n<div id=\"frm_field_1178_container\" class=\"frm_form_field  frm_html_container form-field\">\n<hr style=\"height: 2px; background-color: #6868b2;\" data-mce-style=\"height: 2px; background-color: #6868b2;\"><\/div>\n<div id=\"frm_field_1179_container\" class=\"frm_form_field  frm_html_container form-field\">\n<p style=\"margin-left: 40px;\"><span style=\"font-family:lucida sans unicode,lucida grande,sans-serif;\"><u>Transferencia Bancaria<\/u><\/span><\/p>\n<p style=\"margin-left: 40px;\"><span style=\"font-family: lucida sans unicode,lucida grande,sans-serif;\"><span style=\"font-size: 18px;\">IBAN ES85 3081 0331 1729 7328 8323<br \/>\nBIC: ERSVES22<\/span><\/span><br \/>\n<span style=\"font-size: 16px;\">Titular: <span style=\"font-family: lucida sans unicode,lucida grande,sans-serif;\">Asoc. Esp. Monta Amazona<\/span><br \/>\nEntidad: <span style=\"font-family: lucida sans unicode,lucida grande,sans-serif;\">EuroCaja Rural<\/span><\/span><\/p>\n<p style=\"margin-left: 40px;\"><span style=\"font-size:12px;\"><span style=\"font-family:lucida sans unicode,lucida grande,sans-serif;\">El formulario solo ser&aacute; validado despu&eacute;s de haber recibido el pago.<\/span><\/span><\/p>\n<\/div>\n<div id=\"frm_field_1180_container\" class=\"frm_form_field  frm_html_container form-field\">\n<hr style=\"height: 2px; background-color: #6868b2;\" data-mce-style=\"height: 2px; background-color: #6868b2;\"><\/div>\n<div id=\"frm_field_1181_container\" class=\"frm_form_field  frm_html_container form-field\">\n<p style=\"margin-left: 40px;\"><span style=\"font-size: 12px;\">La informaci&oacute;n recogida en este formulario ser&aacute; utilizada exclusivamente para los fines de la asociaci&oacute;n y puede ser modificada o anulada por el titular en la sede social de la Asociaci&oacute;n.<\/span> <span style=\"font-size: 12px;\"><a href=\"https:\/\/www.monta-amazona.com\/clubaema\/privacy-policy\/\" target=\"_blank\">Pol\u00edtica de Privacidad<\/a><\/span><\/p>\n<\/div>\n<div id=\"frm_field_1182_container\" class=\"frm_form_field  frm_html_container form-field\">\n<p style=\"margin-left: 40px;\"><span style=\"font-size: 16px;\">Conexi&oacute;n Segura SSL<\/span><\/p>\n<p style=\"margin-left: 40px;\"><img decoding=\"async\" alt=\"\" src=\"https:\/\/www.monta-amazona.com\/clubaema\/wp-content\/uploads\/files\/images\/sectigo_trust_seal_sm_82x32-80x32-1.png\" \/><\/p>\n<\/div>\n<div id=\"frm_field_1183_container\" class=\"frm_form_field  frm_html_container form-field\">\n<hr style=\"height: 2px; background-color: #6868b2;\" data-mce-style=\"height: 2px; background-color: #6868b2;\"><\/div>\n<div id=\"frm_field_1184_container\" class=\"frm_form_field form-field \">\r\n\t<div class=\"frm_submit frm_flex\">\r\n<button class=\"frm_button_submit\" type=\"submit\"  >Enviar<\/button>\r\n\r\n\r\n\r\n<\/div>\r\n<\/div>\n\t<input type=\"hidden\" name=\"item_key\" value=\"\" \/>\n\t\t\t<div id=\"frm_field_1224_container\">\n\t\t\t<label for=\"field_d9ej8\" >\n\t\t\t\tSi eres humano, deja este campo en blanco.\t\t\t<\/label>\n\t\t\t<input  id=\"field_d9ej8\" type=\"text\" class=\"frm_form_field form-field frm_verify\" name=\"item_meta[1224]\" value=\"\"  \/>\n\t\t<\/div>\n\t\t<input name=\"frm_state\" type=\"hidden\" value=\"e8RBtNLHOgtGmqv2mtYvgWPjZ3ogynFi6uNWg2Ao84w=\" \/><\/div>\n<\/fieldset>\n<\/div>\n\n<\/form>\n<\/div>\n","protected":false},"excerpt":{"rendered":"<p>Impreso de Inscripci\u00f3n para pago por transferencia bancariaSocia 2026\u00a0(datos) Renovaci\u00f3n Impreso para proporcionar sus datos como Socia AEMAPor favor, rellene los apartados de este formulario para: \u00b7\u00a0\u200bproporcionar sus datos\u00a0(si todav\u00eda no lo hizo) \u00b7\u00a0\u200brenovar cu Cuota Anual de Socia y pagar por transferencia bancaria \u00b7\u00a0(datos de la cuenta al final de esta p\u00e1gina) \u00b7\u00a0renovar sus&#8230;<\/p>\n","protected":false},"author":1,"featured_media":0,"parent":0,"menu_order":0,"comment_status":"closed","ping_status":"closed","template":"","meta":{"_kadence_starter_templates_imported_post":false,"_kad_post_transparent":"","_kad_post_title":"","_kad_post_layout":"","_kad_post_sidebar_id":"","_kad_post_content_style":"","_kad_post_vertical_padding":"","_kad_post_feature":"","_kad_post_feature_position":"","_kad_post_header":false,"_kad_post_footer":false,"_kad_post_classname":"","footnotes":""},"folder":[],"class_list":["post-6598","page","type-page","status-publish","hentry"],"_links":{"self":[{"href":"https:\/\/www.monta-amazona.com\/clubaema\/wp-json\/wp\/v2\/pages\/6598","targetHints":{"allow":["GET"]}}],"collection":[{"href":"https:\/\/www.monta-amazona.com\/clubaema\/wp-json\/wp\/v2\/pages"}],"about":[{"href":"https:\/\/www.monta-amazona.com\/clubaema\/wp-json\/wp\/v2\/types\/page"}],"author":[{"embeddable":true,"href":"https:\/\/www.monta-amazona.com\/clubaema\/wp-json\/wp\/v2\/users\/1"}],"replies":[{"embeddable":true,"href":"https:\/\/www.monta-amazona.com\/clubaema\/wp-json\/wp\/v2\/comments?post=6598"}],"version-history":[{"count":5,"href":"https:\/\/www.monta-amazona.com\/clubaema\/wp-json\/wp\/v2\/pages\/6598\/revisions"}],"predecessor-version":[{"id":6610,"href":"https:\/\/www.monta-amazona.com\/clubaema\/wp-json\/wp\/v2\/pages\/6598\/revisions\/6610"}],"wp:attachment":[{"href":"https:\/\/www.monta-amazona.com\/clubaema\/wp-json\/wp\/v2\/media?parent=6598"}],"wp:term":[{"taxonomy":"folder","embeddable":true,"href":"https:\/\/www.monta-amazona.com\/clubaema\/wp-json\/wp\/v2\/folder?post=6598"}],"curies":[{"name":"wp","href":"https:\/\/api.w.org\/{rel}","templated":true}]}}