{"id":6385,"date":"2025-04-30T10:12:04","date_gmt":"2025-04-30T10:12:04","guid":{"rendered":"https:\/\/www.monta-amazona.com\/clubaema\/?post_type=product&#038;p=6385"},"modified":"2025-09-08T21:26:52","modified_gmt":"2025-09-08T21:26:52","slug":"inscrip-curso-250531-ns","status":"publish","type":"product","link":"https:\/\/www.monta-amazona.com\/clubaema\/product\/inscrip-curso-250531-ns\/","title":{"rendered":"Inscripci\u00f3n Curso AEMA Guillena 31 mayo-1 junio 25"},"content":{"rendered":"<p style=\"text-align: center;\"><span style=\"font-size: 14pt;\">Inscripci\u00f3n <span style=\"font-family: lucida sans unicode,lucida grande,sans-serif;\">Curso AEMA <strong>Guillena<\/strong><\/span> 31 mayo-1 junio 2025<\/span><br \/>\n<span style=\"font-size: 14pt;\">Inscripci\u00f3n para -no Socias-<\/span><\/p>\n<p style=\"text-align: center;\"><span style=\"font-size: 14px;\">Inscripci\u00f3n para Socias AEMA <a href=\"https:\/\/www.monta-amazona.com\/clubaema\/product\/inscrip-curso-250531-socias\/\"> aqu\u00ed<\/a><\/span><\/p>\n<p><span style=\"font-size: 12pt;\">Inscripci\u00f3n <strong>hasta 28 de mayo<\/strong><\/span><br \/>\nSi va a venir a la comida con el grupo, marque la opci\u00f3n correspondiente para a\u00f1adir su nombre a la lista al hacer la reserva <strong>\u00a0el <span style=\"font-size: 12pt;\">28 de mayo<\/span><\/strong><\/p>\n<p><span style=\"font-size: 12pt;\">Los acompa\u00f1antes y todas las personas que deseen permanecer durante el desarrollo del curso deben inscribirse como Oyentes<\/span><\/p>\n<p><span style=\"font-size: 16px;\">Elija las opciones de su elecci\u00f3n<\/span><\/p>\n<hr style=\"background: none; width: 50%; border-top: 2px solid #6868b2;\" \/>\n<p><span style=\"font-size: 16px;\">rellene y env\u00ede el siguiente formulario <\/span><\/p>\n<hr style=\"background: none; width: 50%; border-top: 2px solid #6868b2;\" \/>\n<div class=\"frm_forms  with_frm_style frm_style_estilo-de-formidable\" id=\"frm_form_45_container\" data-token=\"f14e6765fbb9bba29a0b269c00686568\">\n<form enctype=\"multipart\/form-data\" method=\"post\" class=\"frm-show-form \" id=\"form_250531_guillena_nosocias\" data-token=\"f14e6765fbb9bba29a0b269c00686568\">\n<div class=\"frm_form_fields \">\n<fieldset>\n<legend class=\"frm_screen_reader\">250531_Guillena_NoSocias<\/legend>\r\n\r\n<div class=\"frm_fields_container\">\n<input type=\"hidden\" name=\"frm_action\" value=\"create\" \/>\n<input type=\"hidden\" name=\"form_id\" value=\"45\" \/>\n<input type=\"hidden\" name=\"frm_hide_fields_45\" id=\"frm_hide_fields_45\" value=\"\" \/>\n<input type=\"hidden\" name=\"form_key\" value=\"250531_guillena_nosocias\" \/>\n<input type=\"hidden\" name=\"item_meta[0]\" value=\"\" \/>\n<input type=\"hidden\" id=\"frm_submit_entry_45\" name=\"frm_submit_entry_45\" value=\"dec32211f7\" \/><input type=\"hidden\" name=\"_wp_http_referer\" value=\"\/clubaema\/wp-json\/wp\/v2\/product\/6385\" \/><div id=\"frm_field_1030_container\" class=\"frm_form_field  frm_html_container form-field\"><img loading=\"lazy\" decoding=\"async\" class=\"aligncenter\" src=\"https:\/\/www.monta-amazona.com\/clubaema\/wp-content\/uploads\/files\/images\/LogoAEMAColor_33.png\" alt=\"Logo AEMA\" width=\"150\" height=\"150\" \/><\/div>\n<div id=\"frm_field_1031_container\" class=\"frm_form_field  frm_html_container form-field\"><img loading=\"lazy\" decoding=\"async\" class=\"aligncenter\" src=\"https:\/\/www.monta-amazona.com\/clubaema\/wp-content\/uploads\/files\/Inscrip-Cursos\/250531_Inscrp-NoSocias.jpg\" alt=\"250531 Inscripci\u00f3n No Socias\" width=\"150\" height=\"150\" \/><\/div>\n<div id=\"frm_field_1032_container\" class=\"frm_form_field  frm_html_container form-field\">\n<p style=\"text-align: center;\"><span style=\"font-family: verdana,geneva,sans-serif;\"><strong><u><span style=\"font-size: 18px;\">Curso AEMA Guillena 31 mayo-1 junio 2025<\/span><\/u><\/strong><\/span><\/p>\n<p style=\"text-align: center;\"><span style=\"font-size: 16px;\"><u><strong>Inscripci\u00f3n para NO Socias<\/strong><\/u><\/span><\/p>\n<p style=\"text-align: center;\"><span style=\"font-size: 14px;\">Inscripci\u00f3n para Socias AEMA <a href=\"https:\/\/www.monta-amazona.com\/clubaema\/product\/inscrip-curso-250531-socias\">aqu\u00ed<\/a><\/span><\/p>\n<hr style=\"background: none; border-top: 2px solid #6868b2;\" \/>\n<p>Por favor, rellene los apartados obligatorios <strong><span style=\"color: #ff0000;\"><span style=\"font-size: 18px;\">*<\/span><\/span><\/strong> de este formulario, son necesarios para identificar su pago y enviarle la informaci\u00f3n del Curso.<br \/>\n<span style=\"font-size: 14px;\">Ingrese la cantidad en la cuenta AEMA cuyos datos figuran al pie de esta p\u00e1gina, indicando su nombre en el concepto.<\/span><br \/>\n<span style=\"font-size: 14px;\">El formulario solo es v\u00e1lido una vez recibido el pago correspondiente.<\/span><br \/>\n<span style=\"font-size: 14px;\">\u200bPara cualquier aclaraci\u00f3n o duda, escriba a <em>aema.asociacion@gmail.com\u200b<\/em><\/span><\/div>\n<div id=\"frm_field_1033_container\" class=\"frm_form_field form-field  frm_required_field frm_top_container\">\n\t<div  id=\"field_9pl785_label\" class=\"frm_primary_label\">Nombre\n\t\t<span class=\"frm_required\" aria-hidden=\"true\">*<\/span>\n\t<\/div>\n\t<fieldset aria-labelledby=\"field_9pl785_label\">\n\t<legend class=\"frm_screen_reader frm_hidden\">\n\t\tNombre\t<\/legend>\n\n\t<div  class=\"frm_combo_inputs_container\" id=\"frm_combo_inputs_container_1033\" data-name-layout=\"first_last\">\n\t\t\t\t\t<div\n\t\t\t\tid=\"frm_field_1033-first_container\"\n\t\t\t\tclass=\"frm_form_field form-field frm_form_subfield-first  frm6\"\n\t\t\t\tdata-sub-field-name=\"first\"\n\t\t\t>\n\t\t\t\t<label for=\"field_9pl785_first\" class=\"frm_screen_reader frm_hidden\">\n\t\t\t\t\tNombre\t\t\t\t<\/label>\n\n\t\t\t\t<input  type=\"text\" id=\"field_9pl785_first\" value=\"\" name=\"item_meta[1033][first]\" autocomplete=\"given-name\" data-reqmsg=\"Nombre no puede estar en blanco.\" aria-required=\"true\" data-invmsg=\"Nombre no es v\u00e1lido\" aria-invalid=\"false\"  \/><div class=\"frm_description\" id=\"frm_field_1033_first_desc\">Nombre<\/div>\t\t\t<\/div>\n\t\t\t\t\t\t<div\n\t\t\t\tid=\"frm_field_1033-last_container\"\n\t\t\t\tclass=\"frm_form_field form-field frm_form_subfield-last  frm6\"\n\t\t\t\tdata-sub-field-name=\"last\"\n\t\t\t>\n\t\t\t\t<label for=\"field_9pl785_last\" class=\"frm_screen_reader frm_hidden\">\n\t\t\t\t\tApellidos\t\t\t\t<\/label>\n\n\t\t\t\t<input  type=\"text\" id=\"field_9pl785_last\" value=\"\" name=\"item_meta[1033][last]\" autocomplete=\"family-name\" data-reqmsg=\"Nombre no puede estar en blanco.\" aria-required=\"true\" data-invmsg=\"Nombre no es v\u00e1lido\" aria-invalid=\"false\"  \/><div class=\"frm_description\" id=\"frm_field_1033_last_desc\">Apellidos<\/div>\t\t\t<\/div>\n\t\t\t\t<\/div>\n<\/fieldset>\n\n\t\n\t\n<\/div>\n<div id=\"frm_field_1034_container\" class=\"frm_form_field form-field  frm_required_field frm_top_container frm_two_thirds\">\n\t<label for=\"field_q51ig5\" id=\"field_q51ig5_label\" class=\"frm_primary_label\">Correo eletr\u00f3nico\n\t\t<span class=\"frm_required\" aria-hidden=\"true\">*<\/span>\n\t<\/label>\n\t<input type=\"email\" id=\"field_q51ig5\" name=\"item_meta[1034]\" value=\"\"  data-reqmsg=\"Correo eletr\u00f3nico no puede estar en blanco.\" aria-required=\"true\" data-invmsg=\"Correo eletr\u00f3nico no es v\u00e1lido\" aria-invalid=\"false\"  \/>\n\t\n\t\n<\/div>\n<div id=\"frm_field_1035_container\" class=\"frm_form_field form-field  frm_required_field frm_top_container frm_third\">\n\t<label for=\"field_g8wjk5\" id=\"field_g8wjk5_label\" class=\"frm_primary_label\">Tel\u00e9fono\n\t\t<span class=\"frm_required\" aria-hidden=\"true\">*<\/span>\n\t<\/label>\n\t<input type=\"text\" id=\"field_g8wjk5\" name=\"item_meta[1035]\" value=\"\"  maxlength=\"20\" data-reqmsg=\"Tel\u00e9fono no puede estar en blanco.\" aria-required=\"true\" data-invmsg=\"Tel\u00e9fono no es v\u00e1lido\" aria-invalid=\"false\"  \/>\n\t\n\t\n<\/div>\n<div id=\"frm_field_1036_container\" class=\"frm_form_field  frm_html_container form-field\">\n<p style=\"margin-left: 40px;\"><span style=\"font-size: 12px;\">Por favor, no se olvide de proporcionar un email v\u00e1lido y su n\u00famero de m\u00f3vil.<br \/>\nRecibir\u00e1 toda la informaci\u00f3n del curso mediante e-mail, y le avisaremos por tel\u00e9fono o mensajer\u00eda en caso de que haya alg\u00fan ajuste de \u00faltima hora.\u200b<\/span><\/p>\n<\/div>\n<div id=\"frm_field_1037_container\" class=\"frm_form_field  frm_html_container form-field\">\n<hr style=\"height: 2px; background-color: #6868b2;\" \/><\/div>\n<div id=\"frm_field_1038_container\" class=\"frm_form_field  frm_html_container form-field\">\n<p style=\"margin-left: 40px;\"><u><span style=\"font-family: verdana,geneva,sans-serif;\"><span style=\"font-size: 20px;\">Modalidad de Asistente al Curso AEMA<\/span><\/span><\/u><span style=\"font-family: verdana,geneva,sans-serif;\"><span style=\"font-size: 14px;\"><br \/>\n<span style=\"font-size: 12px;\">Marque una de las siguientes opciones de su elecci\u00f3n<\/span><\/span><\/span><\/p>\n<\/div>\n<div id=\"frm_field_1039_container\" class=\"frm_form_field form-field  frm_top_container vertical_radio\">\n\t<div  id=\"field_xa2yt5_label\" class=\"frm_primary_label\">Modalidad de Asistente\n\t\t<span class=\"frm_required\" aria-hidden=\"true\"><\/span>\n\t<\/div>\n\t<div class=\"frm_opt_container\" aria-labelledby=\"field_xa2yt5_label\" role=\"radiogroup\">\t\t<div class=\"frm_radio\" id=\"frm_radio_1039-0\">\t\t\t<label  for=\"field_xa2yt5-0\">\n\t\t\t\t\t<input type=\"radio\" name=\"item_meta[1039]\" id=\"field_xa2yt5-0\" value=\"No Socia - Oyente - 60\u20ac\"\n\t\t data-invmsg=\"Modalidad de Asistente no es v\u00e1lido\"   \/> No Socia - Oyente - 60\u20ac<\/label><\/div>\n\t\t<div class=\"frm_radio\" id=\"frm_radio_1039-1\">\t\t\t<label  for=\"field_xa2yt5-1\">\n\t\t\t\t\t<input type=\"radio\" name=\"item_meta[1039]\" id=\"field_xa2yt5-1\" value=\"No Socia - Teor\u00eda + Pr\u00e1cticas  con caballo propio  -  120\u20ac\"\n\t\t data-invmsg=\"Modalidad de Asistente no es v\u00e1lido\"   \/> No Socia - Teor\u00eda + Pr\u00e1cticas  con caballo propio  -  120\u20ac<\/label><\/div>\n\t\t<div class=\"frm_radio\" id=\"frm_radio_1039-2\">\t\t\t<label  for=\"field_xa2yt5-2\">\n\t\t\t\t\t<input type=\"radio\" name=\"item_meta[1039]\" id=\"field_xa2yt5-2\" value=\"No Socia - Teor\u00eda + Pr\u00e1cticas  con caballo del centro  -  140\u20ac\"\n\t\t data-invmsg=\"Modalidad de Asistente no es v\u00e1lido\"   \/> No Socia - Teor\u00eda + Pr\u00e1cticas  con caballo del centro  -  140\u20ac<\/label><\/div>\n\t\t<div class=\"frm_radio\" id=\"frm_radio_1039-3\">\t\t\t<label  for=\"field_xa2yt5-3\">\n\t\t\t\t\t<input type=\"radio\" name=\"item_meta[1039]\" id=\"field_xa2yt5-3\" value=\"No Socia - Menor de 13 a\u00f1os con caballo propio - 100\u20ac\"\n\t\t data-invmsg=\"Modalidad de Asistente no es v\u00e1lido\"   \/> No Socia - Menor de 13 a\u00f1os con caballo propio - 100\u20ac<\/label><\/div>\n\t\t<div class=\"frm_radio\" id=\"frm_radio_1039-4\">\t\t\t<label  for=\"field_xa2yt5-4\">\n\t\t\t\t\t<input type=\"radio\" name=\"item_meta[1039]\" id=\"field_xa2yt5-4\" value=\"No Socia - Menor de 15 a\u00f1os con caballo del centro - 120\u20ac\"\n\t\t data-invmsg=\"Modalidad de Asistente no es v\u00e1lido\"   \/> No Socia - Menor de 15 a\u00f1os con caballo del centro - 120\u20ac<\/label><\/div>\n<\/div>\n\t\n\t\n<\/div>\n<div id=\"frm_field_1040_container\" class=\"frm_form_field  frm_html_container form-field\"><u><span style=\"font-family: verdana,geneva,sans-serif;\"><span style=\"font-size: 16px;\">Con Caballo Propio<\/span><\/span><\/u><br \/>\nSi nunca ha venido a un curso AEMA y va a montar su propio caballo en el curso describa su silla de amazona, tipo, modelo y tama\u00f1o en el siguiente campo.<br \/>\nA ser posible env\u00ede unas fotos al email aema.asociacion@gmail.com o al n\u00famero 692192777<br \/>\nSi no tiene silla de amazona, y necesita una silla de amazona para su caballo, indique talla de silla que necesita; si no lo sabe, escriba cual es su altura en cent\u00edmetros. y cual es el per\u00edmetro tor\u00e1cico de su caballo en cent\u00edmetros. Seg\u00fan talla de amazona y\/o caballo, no se puede garantizar la disponibilidad de sillas. Pregunte al 692 192 777 o <em>aema.asociacion@gmai.com<\/em>.<br \/>\n<u><span style=\"font-family: verdana,geneva,sans-serif;\"><span style=\"font-size: 16px;\">Con Caballo del Centro<\/span><\/span><\/u><br \/>\nPor favor, lea el documento <span style=\"color: #ea72aa;\">Aptitud de la Amazona<\/span><\/div>\n<div id=\"frm_field_1041_container\" class=\"frm_form_field form-field  frm_top_container\">\n\t<label for=\"field_9afcl5\" id=\"field_9afcl5_label\" class=\"frm_primary_label\">Descripci\u00f3n de su silla de amazona si realiza el curso caballo con caballo propio\n\t\t<span class=\"frm_required\" aria-hidden=\"true\"><\/span>\n\t<\/label>\n\t<textarea name=\"item_meta[1041]\" id=\"field_9afcl5\" rows=\"3\"  data-invmsg=\"Descripci\u00f3n de su silla de amazona si realiza el curso caballo con caballo propio no es v\u00e1lido\" aria-invalid=\"false\"   aria-describedby=\"frm_desc_field_9afcl5\"><\/textarea>\n\t<div class=\"frm_description\" id=\"frm_desc_field_9afcl5\">Por favor, lea el documento <span style=\"color: #ea72aa;\">Aptitud de la Amazona<\/span> si necesita que le proporcionemos una silla de amazona<\/div>\n\t\n<\/div>\n<div id=\"frm_field_1042_container\" class=\"frm_form_field  frm_html_container form-field\">\n<hr style=\"height: 2px; background-color: #6868b2;\" \/><\/div>\n<div id=\"frm_field_1043_container\" class=\"frm_form_field  frm_html_container form-field\">\n<p style=\"margin-left: 40px;\"><span style=\"font-family: verdana,geneva,sans-serif;\"><span style=\"font-size: 20px;\"><u>Comidas<\/u><\/span><\/span><span style=\"font-family: verdana,geneva,sans-serif;\">\u00a0<span style=\"font-size: 14px;\">solo con reserva previa<br \/>\npara ir a comer con el grupo a un restaurante cercano<br \/>\ny a\u00f1adir su nombre a la lista de la reserva<span style=\"font-family: verdana,geneva,sans-serif;\"><br \/>\nMarque las opciones de su elecci\u00f3n <\/span><\/span><\/span><\/p>\n<p style=\"margin-left: 40px;\"><span style=\"font-family: verdana, geneva, sans-serif;\"><span style=\"font-size: 14px;\">Cada uno paga lo suyo directamente en el restaurante<\/span>\u00a0<\/span><\/p>\n<\/div>\n<div id=\"frm_field_1044_container\" class=\"frm_form_field form-field  frm_top_container vertical_radio\">\n\t<div  id=\"field_cmqnv4_label\" class=\"frm_primary_label\">Comidas\n\t\t<span class=\"frm_required\" aria-hidden=\"true\"><\/span>\n\t<\/div>\n\t<div class=\"frm_opt_container\" aria-labelledby=\"field_cmqnv4_label\" role=\"group\">\t\t<div class=\"frm_checkbox\" id=\"frm_checkbox_1044-0\">\t\t\t<label  for=\"field_cmqnv4-0\">\n\t\t\t<input type=\"checkbox\" name=\"item_meta[1044][]\" id=\"field_cmqnv4-0\" value=\"S\u00e1bado 31 mayo\"  data-invmsg=\"Comidas no es v\u00e1lido\"   \/> S\u00e1bado 31 mayo<\/label><\/div>\n\t\t<div class=\"frm_checkbox\" id=\"frm_checkbox_1044-1\">\t\t\t<label  for=\"field_cmqnv4-1\">\n\t\t\t<input type=\"checkbox\" name=\"item_meta[1044][]\" id=\"field_cmqnv4-1\" value=\"Domingo 1 junio\"  data-invmsg=\"Comidas no es v\u00e1lido\"   \/> Domingo 1 junio<\/label><\/div>\n<\/div>\n\t\n\t\n<\/div>\n<div id=\"frm_field_1045_container\" class=\"frm_form_field  frm_html_container form-field\">\n<hr style=\"height: 2px; background-color: #6868b2;\" \/><\/div>\n<div id=\"frm_field_1046_container\" class=\"frm_form_field  frm_html_container form-field\">\n<p style=\"margin-left: 40px;\"><span style=\"font-family: verdana, geneva, sans-serif; text-decoration-line: underline; font-size: 20px;\">Nota que quiera a\u00f1adir a su inscripci\u00f3n<\/span><\/p>\n<p style=\"margin-left: 40px;\">Por favor, lea el documento <span style=\"color: #ea72aa;\">Aptitud de la Amazona<\/span><\/a> para escribir en el siguiente apartado<\/p>\n<\/div>\n<div id=\"frm_field_1047_container\" class=\"frm_form_field form-field  frm_top_container\">\n\t<label for=\"field_1cw0p5\" id=\"field_1cw0p5_label\" class=\"frm_primary_label\">Nota que quiera a\u00f1adir a su inscripci\u00f3n\n\t\t<span class=\"frm_required\" aria-hidden=\"true\"><\/span>\n\t<\/label>\n\t<textarea name=\"item_meta[1047]\" id=\"field_1cw0p5\" rows=\"5\"  data-invmsg=\"Nota que quiera a\u00f1adir a su inscripci\u00f3n no es v\u00e1lido\" aria-invalid=\"false\"  ><\/textarea>\n\t\n\t\n<\/div>\n<div id=\"frm_field_1048_container\" class=\"frm_form_field  frm_html_container form-field\">\n<hr style=\"height: 2px; background-color: #6868b2;\" \/><\/div>\n<div id=\"frm_field_1049_container\" class=\"frm_form_field  frm_html_container form-field\">\n<p style=\"margin-left: 40px;\">Por favor, realice el ingreso mediante transferencia bancaria<\/p>\n<p style=\"margin-left: 40px;\">en el concepto escriba:\u00a0<strong>310525 y<\/strong>\u00a0\u00a0<strong>nombre<\/strong><\/p>\n<p style=\"margin-left: 40px;\">IBAN <span style=\"font-size: 16px;\"><strong>ES85 3081 0331 1729 7328 8323<\/strong><\/span><br \/>\nBIC: ERSVES22<br \/>\nTitular: Asoc. Esp. Monta Amazona<br \/>\nEntidad: EuroCaja Rural<\/p>\n<p style=\"margin-left: 40px;\">El formulario adquiere validez cuando se haya recibido el pago.<\/p>\n<\/div>\n<div id=\"frm_field_1050_container\" class=\"frm_form_field  frm_html_container form-field\">\n<hr style=\"height: 2px; background-color: #6868b2;\" \/><\/div>\n<div id=\"frm_field_1051_container\" class=\"frm_form_field  frm_html_container form-field\">\n<p style=\"margin-left: 40px;\"><span style=\"font-size: 12px;\">La informaci\u00f3n recogida en este formulario ser\u00e1 utilizada exclusivamente para los fines de la asociaci\u00f3n y puede ser modificada o anulada por el titular en la sede social de la Asociaci\u00f3n.<\/span><br \/>\n<span style=\"font-size: 12px;\"><a href=\"https:\/\/www.monta-amazona.com\/clubaema\/privacy-policy\/\">Pol\u00edtica de Privacidad<\/a><\/span><\/p>\n<\/div>\n<div id=\"frm_field_1052_container\" class=\"frm_form_field  frm_html_container form-field\">\n<p style=\"margin-left: 40px;\"><span style=\"font-size: 16px;\">Conexi\u00f3n Segura SSL<\/span><\/p>\n<p style=\"margin-left: 40px;\"><img decoding=\"async\" src=\"https:\/\/www.monta-amazona.com\/clubaema\/wp-content\/uploads\/files\/images\/sectigo_trust_seal_sm_82x32-80x32-1.png\" \/><\/p>\n<\/div>\n<div id=\"frm_field_1053_container\" class=\"frm_form_field  frm_html_container form-field\">\n<hr style=\"height: 2px; background-color: #6868b2;\" \/><\/div>\n<div id=\"frm_field_1054_container\" class=\"frm_form_field form-field \">\n\t<div class=\"frm_submit frm_flex\">\r\n<button class=\"frm_button_submit\" type=\"submit\"  >Enviar<\/button>\r\n\r\n\r\n\r\n<\/div>\n<\/div>\n\t<input type=\"hidden\" name=\"item_key\" value=\"\" \/>\n\t\t\t<div id=\"frm_field_1224_container\">\n\t\t\t<label for=\"field_orgvl\" >\n\t\t\t\tSi eres humano, deja este campo en blanco.\t\t\t<\/label>\n\t\t\t<input  id=\"field_orgvl\" type=\"text\" class=\"frm_form_field form-field frm_verify\" name=\"item_meta[1224]\" value=\"\"  \/>\n\t\t<\/div>\n\t\t<input name=\"frm_state\" type=\"hidden\" value=\"e8RBtNLHOgtGmqv2mtYvgWPjZ3ogynFi6uNWg2Ao84w=\" \/><\/div>\n<\/fieldset>\n<\/div>\n\n<\/form>\n<\/div>\n\n","protected":false},"excerpt":{"rendered":"<p><span style=\"font-size: 14pt;\">Inscripci\u00f3n <span style=\"font-family: lucida sans unicode,lucida grande,sans-serif;\">Curso AEMA<br \/>\n<strong>Guillena<\/strong><\/span> 31 mayo-1 junio 2025<\/span><br \/>\n<span style=\"font-size: 14pt;\">Inscripci\u00f3n para <strong>-no Socias-<\/strong><br \/>\nhasta <strong>28 de mayo<\/strong><\/span><\/p>\n<p><span style=\"font-size: 12px;\">Inscripci\u00f3n para Socias AEMA <a href=\"https:\/\/www.monta-amazona.com\/clubaema\/product\/inscrip-curso-250531-socias\/\">aqu\u00ed<\/a><\/span><\/p>\n","protected":false},"featured_media":6380,"comment_status":"open","ping_status":"closed","template":"","meta":{"_kadence_starter_templates_imported_post":false,"_kad_post_transparent":"default","_kad_post_title":"","_kad_post_layout":"default","_kad_post_sidebar_id":"","_kad_post_content_style":"default","_kad_post_vertical_padding":"default","_kad_post_feature":"","_kad_post_feature_position":"","_kad_post_header":false,"_kad_post_footer":false,"_kad_post_classname":""},"product_brand":[],"product_cat":[116,64,59],"product_tag":[72,70,68],"class_list":{"0":"post-6385","1":"product","2":"type-product","3":"status-publish","4":"has-post-thumbnail","6":"product_cat-cursos","7":"product_cat-inscrip","8":"product_cat-inscripno","9":"product_tag-cursos","10":"product_tag-inscripcion-no-socias","11":"product_tag-inscripciones","13":"first","14":"outofstock","15":"shipping-taxable","16":"purchasable","17":"product-type-variable","18":"entry","19":"content-bg","20":"loop-entry"},"_links":{"self":[{"href":"https:\/\/www.monta-amazona.com\/clubaema\/wp-json\/wp\/v2\/product\/6385","targetHints":{"allow":["GET"]}}],"collection":[{"href":"https:\/\/www.monta-amazona.com\/clubaema\/wp-json\/wp\/v2\/product"}],"about":[{"href":"https:\/\/www.monta-amazona.com\/clubaema\/wp-json\/wp\/v2\/types\/product"}],"replies":[{"embeddable":true,"href":"https:\/\/www.monta-amazona.com\/clubaema\/wp-json\/wp\/v2\/comments?post=6385"}],"wp:featuredmedia":[{"embeddable":true,"href":"https:\/\/www.monta-amazona.com\/clubaema\/wp-json\/wp\/v2\/media\/6380"}],"wp:attachment":[{"href":"https:\/\/www.monta-amazona.com\/clubaema\/wp-json\/wp\/v2\/media?parent=6385"}],"wp:term":[{"taxonomy":"product_brand","embeddable":true,"href":"https:\/\/www.monta-amazona.com\/clubaema\/wp-json\/wp\/v2\/product_brand?post=6385"},{"taxonomy":"product_cat","embeddable":true,"href":"https:\/\/www.monta-amazona.com\/clubaema\/wp-json\/wp\/v2\/product_cat?post=6385"},{"taxonomy":"product_tag","embeddable":true,"href":"https:\/\/www.monta-amazona.com\/clubaema\/wp-json\/wp\/v2\/product_tag?post=6385"}],"curies":[{"name":"wp","href":"https:\/\/api.w.org\/{rel}","templated":true}]}}