{"id":6392,"date":"2025-04-30T10:30:34","date_gmt":"2025-04-30T10:30:34","guid":{"rendered":"https:\/\/www.monta-amazona.com\/clubaema\/?post_type=product&#038;p=6392"},"modified":"2025-09-08T21:27:04","modified_gmt":"2025-09-08T21:27:04","slug":"inscrip-curso-250531-socias","status":"publish","type":"product","link":"https:\/\/www.monta-amazona.com\/clubaema\/product\/inscrip-curso-250531-socias\/","title":{"rendered":"Inscripci\u00f3n Curso AEMA Guillena 31 mayo-1 junio 25 \u2248Socias\u2248"},"content":{"rendered":"<p style=\"text-align: center;\"><span style=\"font-size: 14pt;\">Inscripci\u00f3n <span style=\"font-family: lucida sans unicode,lucida grande,sans-serif;\">Curso AEMA <strong>Guillena<\/strong><\/span> 31 mayo-1 junio 2025<\/span><br \/>\n<span style=\"font-size: 14pt;\">Inscripci\u00f3n para -Socias AEMA-<\/span><\/p>\n<p style=\"text-align: center;\"><span style=\"font-size: 14px;\">Inscripci\u00f3n para Socias AEMA <a href=\"https:\/\/www.monta-amazona.com\/clubaema\/product\/inscrip-curso-250531-ns\/\"> aqu\u00ed<\/a><\/span><\/p>\n<p><span style=\"font-size: 12pt;\">Inscripci\u00f3n <strong>hasta 28 de mayo<\/strong><\/span><br \/>\nSi va a venir a la comida con el grupo, marque la opci\u00f3n correspondiente para a\u00f1adir su nombre a la lista al hacer la reserva <strong>\u00a0el <span style=\"font-size: 12pt;\">28 de mayo<\/span><\/strong><\/p>\n<p><span style=\"font-size: 12pt;\">Los acompa\u00f1antes y todas las personas que deseen permanecer durante el desarrollo del curso deben inscribirse como Oyentes<\/span><\/p>\n<p><span style=\"font-size: 16px;\">Elija las opciones de su elecci\u00f3n<\/span><\/p>\n<hr style=\"background: none; width: 50%; border-top: 2px solid #6868b2;\" \/>\n<p><span style=\"font-size: 16px;\">rellene y env\u00ede el siguiente formulario <\/span><\/p>\n<hr style=\"background: none; width: 50%; border-top: 2px solid #6868b2;\" \/>\n<div class=\"frm_forms  with_frm_style frm_style_estilo-de-formidable\" id=\"frm_form_46_container\" data-token=\"08e32fc6bce08cb57db37254245e5953\">\n<form enctype=\"multipart\/form-data\" method=\"post\" class=\"frm-show-form \" id=\"form_250531_guillena_socias\" data-token=\"08e32fc6bce08cb57db37254245e5953\">\n<div class=\"frm_form_fields \">\n<fieldset>\n<legend class=\"frm_screen_reader\">250531_Guillena_Socias<\/legend>\n\n<div class=\"frm_fields_container\">\n<input type=\"hidden\" name=\"frm_action\" value=\"create\" \/>\n<input type=\"hidden\" name=\"form_id\" value=\"46\" \/>\n<input type=\"hidden\" name=\"frm_hide_fields_46\" id=\"frm_hide_fields_46\" value=\"\" \/>\n<input type=\"hidden\" name=\"form_key\" value=\"250531_guillena_socias\" \/>\n<input type=\"hidden\" name=\"item_meta[0]\" value=\"\" \/>\n<input type=\"hidden\" id=\"frm_submit_entry_46\" name=\"frm_submit_entry_46\" value=\"364aff0e29\" \/><input type=\"hidden\" name=\"_wp_http_referer\" value=\"\/clubaema\/wp-json\/wp\/v2\/product\/6392\" \/><div id=\"frm_field_1055_container\" class=\"frm_form_field  frm12 frm_first frm_html_container form-field\"><img loading=\"lazy\" decoding=\"async\" class=\"aligncenter\" src=\"https:\/\/www.monta-amazona.com\/clubaema\/wp-content\/uploads\/files\/images\/LogoAEMAColor_33.png\" alt=\"Logo AEMA\" width=\"150\" height=\"150\" \/><\/div>\n<div id=\"frm_field_1056_container\" class=\"frm_form_field  frm_html_container form-field\"><img loading=\"lazy\" decoding=\"async\" class=\"aligncenter\" src=\"https:\/\/www.monta-amazona.com\/clubaema\/wp-content\/uploads\/files\/Inscrip-Cursos\/250531_Inscrp-Socias.jpg\" alt=\"250531 Inscripci\u00f3n No Socias\" width=\"150\" height=\"150\" \/><\/div>\n<div id=\"frm_field_1057_container\" class=\"frm_form_field  frm_html_container form-field\">\n<p style=\"text-align: center;\"><span style=\"font-family: verdana,geneva,sans-serif;\"><strong><u><span style=\"font-size: 18px;\">Curso AEMA Guillena 31 mayo-1 junio 2025<\/span><\/u><\/strong><\/span><\/p>\n<p style=\"text-align: center;\"><span style=\"font-size: 16px;\"><u><strong>Inscripci\u00f3n para Socias AEMA<\/strong><\/u><\/span><\/p>\n<p style=\"text-align: center;\"><span style=\"font-size: 14px;\">Inscripci\u00f3n para No Socias <a href=\"https:\/\/www.monta-amazona.com\/clubaema\/product\/inscrip-curso-250531-ns\">aqu\u00ed<\/a><\/span><\/p>\n<hr style=\"background: none; border-top: 2px solid #6868b2;\" \/>\n<p>Por favor, rellene los apartados obligatorios <strong><span style=\"color: #ff0000;\"><span style=\"font-size: 18px;\">*<\/span><\/span><\/strong> de este formulario, son necesarios para identificar su pago y enviarle la informaci\u00f3n del Curso.<br \/>\n<span style=\"font-size: 14px;\">Ingrese la cantidad en la cuenta AEMA cuyos datos figuran al pie de esta p\u00e1gina, indicando su nombre en el concepto.<\/span><br \/>\n<span style=\"font-size: 14px;\">El formulario solo es v\u00e1lido una vez recibido el pago correspondiente.<\/span><br \/>\n<span style=\"font-size: 14px;\">\u200bPara cualquier aclaraci\u00f3n o duda, escriba a <em>aema.asociacion@gmail.com\u200b<\/em><\/span><\/div>\n<div id=\"frm_field_1058_container\" class=\"frm_form_field form-field  frm_required_field frm_top_container frm3 frm_first\">\n\t<label for=\"field_iyzf8\" id=\"field_iyzf8_label\" class=\"frm_primary_label\">N\u00ba Socia AEMA\n\t\t<span class=\"frm_required\" aria-hidden=\"true\">*<\/span>\n\t<\/label>\n\t<input type=\"number\" id=\"field_iyzf8\" name=\"item_meta[1058]\" value=\"\"  data-reqmsg=\"N\u00ba Socia AEMA no puede estar en blanco.\" aria-required=\"true\" data-invmsg=\"N\u00ba Socia AEMA no es v\u00e1lido\" aria-invalid=\"false\"   min=\"101\" max=\"500\" step=\"any\"\/>\n\t\n\t\n<\/div>\n<div id=\"frm_field_1059_container\" class=\"frm_form_field  frm6 frm_html_container form-field\"><span style=\"font-size: 10pt;\">si no recuerda su n\u00ba de socia,<br \/>\npregunte en <em>aema.asociacion@gmail.com<\/em><\/span><br \/>\n<span style=\"font-size: 10pt;\">o por m\u00f3vil o Telegram al 692 192 777<\/span><\/div>\n<div id=\"frm_field_1060_container\" class=\"frm_form_field form-field  frm_required_field frm_top_container\">\n\t<div  id=\"field_db7e7_label\" class=\"frm_primary_label\">Nombre\n\t\t<span class=\"frm_required\" aria-hidden=\"true\">*<\/span>\n\t<\/div>\n\t<fieldset aria-labelledby=\"field_db7e7_label\">\n\t<legend class=\"frm_screen_reader frm_hidden\">\n\t\tNombre\t<\/legend>\n\n\t<div  class=\"frm_combo_inputs_container\" id=\"frm_combo_inputs_container_1060\" data-name-layout=\"first_last\">\n\t\t\t\t\t<div\n\t\t\t\tid=\"frm_field_1060-first_container\"\n\t\t\t\tclass=\"frm_form_field form-field frm_form_subfield-first  frm6\"\n\t\t\t\tdata-sub-field-name=\"first\"\n\t\t\t>\n\t\t\t\t<label for=\"field_db7e7_first\" class=\"frm_screen_reader frm_hidden\">\n\t\t\t\t\tNombre\t\t\t\t<\/label>\n\n\t\t\t\t<input  type=\"text\" id=\"field_db7e7_first\" value=\"\" name=\"item_meta[1060][first]\" autocomplete=\"given-name\" data-reqmsg=\"Nombre no puede estar en blanco.\" aria-required=\"true\" data-invmsg=\"Nombre no es v\u00e1lido\" aria-invalid=\"false\"  \/><div class=\"frm_description\" id=\"frm_field_1060_first_desc\">Nombre<\/div>\t\t\t<\/div>\n\t\t\t\t\t\t<div\n\t\t\t\tid=\"frm_field_1060-last_container\"\n\t\t\t\tclass=\"frm_form_field form-field frm_form_subfield-last  frm6\"\n\t\t\t\tdata-sub-field-name=\"last\"\n\t\t\t>\n\t\t\t\t<label for=\"field_db7e7_last\" class=\"frm_screen_reader frm_hidden\">\n\t\t\t\t\tApellido\t\t\t\t<\/label>\n\n\t\t\t\t<input  type=\"text\" id=\"field_db7e7_last\" value=\"\" name=\"item_meta[1060][last]\" autocomplete=\"family-name\" data-reqmsg=\"Nombre no puede estar en blanco.\" aria-required=\"true\" data-invmsg=\"Nombre no es v\u00e1lido\" aria-invalid=\"false\"  \/><div class=\"frm_description\" id=\"frm_field_1060_last_desc\">Apellido<\/div>\t\t\t<\/div>\n\t\t\t\t<\/div>\n<\/fieldset>\n\n\t\n\t\n<\/div>\n<div id=\"frm_field_1061_container\" class=\"frm_form_field form-field  frm_required_field frm_top_container frm_first frm_two_thirds\">\n\t<label for=\"field_qto6z\" id=\"field_qto6z_label\" class=\"frm_primary_label\">Correo eletr\u00f3nico\n\t\t<span class=\"frm_required\" aria-hidden=\"true\">*<\/span>\n\t<\/label>\n\t<input type=\"email\" id=\"field_qto6z\" name=\"item_meta[1061]\" value=\"\"  data-reqmsg=\"Correo eletr\u00f3nico no puede estar en blanco.\" aria-required=\"true\" data-invmsg=\"Correo eletr\u00f3nico no es v\u00e1lido\" aria-invalid=\"false\"  \/>\n\t\n\t\n<\/div>\n<div id=\"frm_field_1062_container\" class=\"frm_form_field form-field  frm_top_container frm_third\">\n\t<label for=\"field_62ln4\" id=\"field_62ln4_label\" class=\"frm_primary_label\">Tel\u00e9fono\n\t\t<span class=\"frm_required\" aria-hidden=\"true\"><\/span>\n\t<\/label>\n\t<input type=\"tel\" id=\"field_62ln4\" name=\"item_meta[1062]\" value=\"\"  data-invmsg=\"Tel\u00e9fono no es v\u00e1lido\" aria-invalid=\"false\" pattern=\"((\\+\\d{1,3}(-|.| )?\\(?\\d\\)?(-| |.)?\\d{1,5})|(\\(?\\d{2,6}\\)?))(-|.| )?(\\d{3,4})(-|.| )?(\\d{4})(( x| ext)\\d{1,5}){0,1}$\"  \/>\n\t\n\t\n<\/div>\n<div id=\"frm_field_1063_container\" class=\"frm_form_field  frm_html_container form-field\">\n<p style=\"margin-left: 40px;\"><span style=\"font-size: 12px;\">Por favor, no se olvide de proporcionar un email v\u00e1lido y su n\u00famero de m\u00f3vil.<br \/>\nRecibir\u00e1 toda la informaci\u00f3n del curso mediante e-mail, y le avisaremos por tel\u00e9fono o mensajer\u00eda en caso de que haya alg\u00fan ajuste de \u00faltima hora.\u200b<\/span><\/p>\n<\/div>\n<div id=\"frm_field_1064_container\" class=\"frm_form_field  frm_html_container form-field\">\n<hr style=\"height: 2px; background-color: #6868b2;\" \/><\/div>\n<div id=\"frm_field_1065_container\" class=\"frm_form_field  frm_html_container form-field\">\n<p style=\"margin-left: 40px;\"><u><span style=\"font-family: verdana,geneva,sans-serif;\"><span style=\"font-size: 20px;\">Modalidad de Asistente al Curso AEMA<\/span><\/span><\/u><span style=\"font-family: verdana,geneva,sans-serif;\"><span style=\"font-size: 14px;\"><br \/>\n<span style=\"font-size: 12px;\">Marque una de las siguientes opciones de su elecci\u00f3n<\/span><\/span><\/span><\/p>\n<\/div>\n<div id=\"frm_field_1066_container\" class=\"frm_form_field form-field  frm_top_container frm12 frm_first vertical_radio\">\n\t<div  id=\"field_1kh37_label\" class=\"frm_primary_label\">Modalidad de Asistente\n\t\t<span class=\"frm_required\" aria-hidden=\"true\"><\/span>\n\t<\/div>\n\t<div class=\"frm_opt_container\" aria-labelledby=\"field_1kh37_label\" role=\"radiogroup\">\t\t<div class=\"frm_radio\" id=\"frm_radio_1066-0\">\t\t\t<label  for=\"field_1kh37-0\">\n\t\t\t\t\t<input type=\"radio\" name=\"item_meta[1066]\" id=\"field_1kh37-0\" value=\"Socia AEMA - Oyente - 45\u20ac\"\n\t\t data-invmsg=\"Modalidad de Asistente no es v\u00e1lido\"   \/> Socia AEMA - Oyente - 45\u20ac<\/label><\/div>\n\t\t<div class=\"frm_radio\" id=\"frm_radio_1066-1\">\t\t\t<label  for=\"field_1kh37-1\">\n\t\t\t\t\t<input type=\"radio\" name=\"item_meta[1066]\" id=\"field_1kh37-1\" value=\"Socia AEMA - Teor\u00eda + Pr\u00e1cticas  con caballo propio  -  105\u20ac\"\n\t\t data-invmsg=\"Modalidad de Asistente no es v\u00e1lido\"   \/> Socia AEMA - Teor\u00eda + Pr\u00e1cticas  con caballo propio  -  105\u20ac<\/label><\/div>\n\t\t<div class=\"frm_radio\" id=\"frm_radio_1066-2\">\t\t\t<label  for=\"field_1kh37-2\">\n\t\t\t\t\t<input type=\"radio\" name=\"item_meta[1066]\" id=\"field_1kh37-2\" value=\"Socia AEMA - Teor\u00eda + Pr\u00e1cticas  con caballo del centro  -  125\u20ac\"\n\t\t data-invmsg=\"Modalidad de Asistente no es v\u00e1lido\"   \/> Socia AEMA - Teor\u00eda + Pr\u00e1cticas  con caballo del centro  -  125\u20ac<\/label><\/div>\n\t\t<div class=\"frm_radio\" id=\"frm_radio_1066-3\">\t\t\t<label  for=\"field_1kh37-3\">\n\t\t\t\t\t<input type=\"radio\" name=\"item_meta[1066]\" id=\"field_1kh37-3\" value=\"Socia AEMA - Menor de 13 a\u00f1os con caballo propio - 85\u20ac\"\n\t\t data-invmsg=\"Modalidad de Asistente no es v\u00e1lido\"   \/> Socia AEMA - Menor de 13 a\u00f1os con caballo propio - 85\u20ac<\/label><\/div>\n\t\t<div class=\"frm_radio\" id=\"frm_radio_1066-4\">\t\t\t<label  for=\"field_1kh37-4\">\n\t\t\t\t\t<input type=\"radio\" name=\"item_meta[1066]\" id=\"field_1kh37-4\" value=\"Socia AEMA - Menor de 13 a\u00f1os con caballo del centro - 105\u20ac\"\n\t\t data-invmsg=\"Modalidad de Asistente no es v\u00e1lido\"   \/> Socia AEMA - Menor de 13 a\u00f1os con caballo del centro - 105\u20ac<\/label><\/div>\n<\/div>\n\t\n\t\n<\/div>\n<div id=\"frm_field_1067_container\" class=\"frm_form_field  frm_html_container form-field\"><u><span style=\"font-family: verdana,geneva,sans-serif;\"><span style=\"font-size: 16px;\">Con Caballo Propio<\/span><\/span><\/u><br \/>\nSi nunca ha venido a un curso AEMA y  va a montar su propio caballo en el curso describa su silla de amazona, tipo, modelo y tama\u00f1o en el siguiente campo.<br \/>\nA ser posible env\u00ede unas fotos al email aema.asociacion@gmail.com o al n\u00famero 692192777<br \/>\nSi no tiene silla de amazona, y necesita una silla de amazona para su caballo, indique talla de silla que necesita, si no lo sabe, escriba cual es su altura en cent\u00edmetros. y cual es el per\u00edmetro tor\u00e1cico de su caballo en cent\u00edmetros. Seg\u00fan talla de amazona y\/o caballo, no se puede garantizar la disponibilidad de sillas. Pregunte al 692 192 777 o <em>aema.asociacion@gmai.com<\/em>.<br \/>\n<u><span style=\"font-family: verdana,geneva,sans-serif;\"><span style=\"font-size: 16px;\">Con Caballo del Centro<\/span><\/span><\/u><br \/>\nPor favor, lea el documento <span style=\"color: #ea72aa;\">Aptitud de la Amazona<\/span><\/div>\n<div id=\"frm_field_1068_container\" class=\"frm_form_field form-field  frm_top_container\">\n\t<label for=\"field_7fz2d\" id=\"field_7fz2d_label\" class=\"frm_primary_label\">Descripci\u00f3n de su silla de amazona si realiza el curso caballo con caballo propio\n\t\t<span class=\"frm_required\" aria-hidden=\"true\"><\/span>\n\t<\/label>\n\t<textarea name=\"item_meta[1068]\" id=\"field_7fz2d\" rows=\"3\"  data-invmsg=\"Descripci\u00f3n de su silla de amazona si realiza el curso caballo con caballo propio no es v\u00e1lido\" aria-invalid=\"false\"   aria-describedby=\"frm_desc_field_7fz2d\"><\/textarea>\n\t<div class=\"frm_description\" id=\"frm_desc_field_7fz2d\">Por favor, lea el documento <span style=\"color: #ea72aa;\">Aptitud de la Amazona<\/span>. si necesita que le proporcionemos una silla de amazona<\/div>\n\t\n<\/div>\n<div id=\"frm_field_1069_container\" class=\"frm_form_field  frm_html_container form-field\">\n<hr style=\"height: 2px; background-color: #6868b2;\" \/><\/div>\n<div id=\"frm_field_1070_container\" class=\"frm_form_field  frm_html_container form-field\">\n<p style=\"margin-left: 40px;\"><span style=\"font-family: verdana,geneva,sans-serif;\"><span style=\"font-size: 20px;\"><u>Comidas<\/u><\/span><\/span><span style=\"font-family: verdana,geneva,sans-serif;\">\u00a0<span style=\"font-size: 14px;\">solo con reserva previa<br \/>\npara ir a comer con el grupo a un restaurante cercano<br \/>\ny a\u00f1adir su nombre a la lista de la reserva<span style=\"font-family: verdana,geneva,sans-serif;\"><br \/>\nMarque las opciones de su elecci\u00f3n <\/span><\/span><\/span><\/p>\n<p style=\"margin-left: 40px;\"><span style=\"font-family: verdana, geneva, sans-serif;\"><span style=\"font-size: 14px;\">Cada uno paga lo suyo directamente en el restaurante<\/span>\u00a0<\/span><\/p>\n<\/div>\n<div id=\"frm_field_1071_container\" class=\"frm_form_field form-field  frm_top_container vertical_radio\">\n\t<div  id=\"field_qjlul_label\" class=\"frm_primary_label\">Casillas\n\t\t<span class=\"frm_required\" aria-hidden=\"true\"><\/span>\n\t<\/div>\n\t<div class=\"frm_opt_container\" aria-labelledby=\"field_qjlul_label\" role=\"group\">\t\t<div class=\"frm_checkbox\" id=\"frm_checkbox_1071-0\">\t\t\t<label  for=\"field_qjlul-0\">\n\t\t\t<input type=\"checkbox\" name=\"item_meta[1071][]\" id=\"field_qjlul-0\" value=\"S\u00e1bado 31 mayo\"  data-invmsg=\"Casillas no es v\u00e1lido\"   \/> S\u00e1bado 31 mayo<\/label><\/div>\n\t\t<div class=\"frm_checkbox\" id=\"frm_checkbox_1071-1\">\t\t\t<label  for=\"field_qjlul-1\">\n\t\t\t<input type=\"checkbox\" name=\"item_meta[1071][]\" id=\"field_qjlul-1\" value=\"Domingo 1 junio\"  data-invmsg=\"Casillas no es v\u00e1lido\"   \/> Domingo 1 junio<\/label><\/div>\n<\/div>\n\t\n\t\n<\/div>\n<div id=\"frm_field_1072_container\" class=\"frm_form_field  frm_html_container form-field\">\n<hr style=\"height: 2px; background-color: #6868b2;\" \/><\/div>\n<div id=\"frm_field_1073_container\" class=\"frm_form_field  frm_html_container form-field\">\n<p style=\"margin-left: 40px;\"><span style=\"font-family: verdana, geneva, sans-serif; text-decoration-line: underline; font-size: 20px;\">Nota que quiera a\u00f1adir a su inscripci\u00f3n<\/span><\/p>\n<p style=\"margin-left: 40px;\">Por favor, lea el documento <span style=\"color: #ea72aa;\">Aptitud de la Amazona<\/span><\/a> para escribir en el siguiente apartado<\/p>\n<\/div>\n<div id=\"frm_field_1074_container\" class=\"frm_form_field form-field  frm_top_container\">\n\t<label for=\"field_d2j8q\" id=\"field_d2j8q_label\" class=\"frm_primary_label\">escriba cualquier informaci\u00f3n que considere importante o de inter\u00e9s para su inscripci\u00f3n\n\t\t<span class=\"frm_required\" aria-hidden=\"true\"><\/span>\n\t<\/label>\n\t<textarea name=\"item_meta[1074]\" id=\"field_d2j8q\" rows=\"5\"  data-invmsg=\"escriba cualquier informaci\u00f3n que considere importante o de inter\u00e9s para su inscripci\u00f3n no es v\u00e1lido\" aria-invalid=\"false\"  ><\/textarea>\n\t\n\t\n<\/div>\n<div id=\"frm_field_1075_container\" class=\"frm_form_field  frm_html_container form-field\">\n<hr style=\"height: 2px; background-color: #6868b2;\" \/><\/div>\n<div id=\"frm_field_1076_container\" class=\"frm_form_field  frm_html_container form-field\">\n<p style=\"margin-left: 40px;\">Por favor, realice el ingreso mediante transferencia bancaria<\/p>\n<p style=\"margin-left: 40px;\">en el concepto escriba:\u00a0<strong>310525 y<\/strong>\u00a0\u00a0<strong>nombre<\/strong><\/p>\n<p style=\"margin-left: 40px;\">IBAN <span style=\"font-size: 16px;\"><strong>ES85 3081 0331 1729 7328 8323<\/strong><\/span><br \/>\nBIC: ERSVES22<br \/>\nTitular: Asoc. Esp. Monta Amazona<br \/>\nEntidad: EuroCaja Rural<\/p>\n<p style=\"margin-left: 40px;\">El formulario adquiere validez cuando se haya recibido el pago.<\/p>\n<\/div>\n<div id=\"frm_field_1077_container\" class=\"frm_form_field  frm_html_container form-field\">\n<hr style=\"height: 2px; background-color: #6868b2;\" \/><\/div>\n<div id=\"frm_field_1078_container\" class=\"frm_form_field  frm_html_container form-field\">\n<p style=\"margin-left: 40px;\"><span style=\"font-size: 12px;\">La informaci\u00f3n recogida en este formulario ser\u00e1 utilizada exclusivamente para los fines de la asociaci\u00f3n y puede ser modificada o anulada por el titular en la sede social de la Asociaci\u00f3n.<\/span><br \/>\n<span style=\"font-size: 12px;\"><a href=\"https:\/\/www.monta-amazona.com\/clubaema\/privacy-policy\/\">Pol\u00edtica de Privacidad<\/a><\/span><\/p>\n<\/div>\n<div id=\"frm_field_1079_container\" class=\"frm_form_field  frm_html_container form-field\">\n<p style=\"margin-left: 40px;\"><span style=\"font-size: 16px;\">Conexi\u00f3n Segura SSL<\/span><\/p>\n<p style=\"margin-left: 40px;\"><img decoding=\"async\" src=\"https:\/\/www.monta-amazona.com\/clubaema\/wp-content\/uploads\/files\/images\/sectigo_trust_seal_sm_82x32-80x32-1.png\" \/><\/p>\n<\/div>\n<div id=\"frm_field_1080_container\" class=\"frm_form_field  frm12 frm_first frm_html_container form-field\">\n<hr style=\"height: 2px; background-color: #6868b2;\" \/><\/div>\n<div id=\"frm_field_1081_container\" class=\"frm_form_field form-field  frm12 frm_first\">\n\t<div class=\"frm_submit frm_flex\">\n<button class=\"frm_button_submit\" type=\"submit\"  >Enviar<\/button>\n\n\n\n<\/div>\n<\/div>\n\t<input type=\"hidden\" name=\"item_key\" value=\"\" \/>\n\t\t\t<div id=\"frm_field_1224_container\">\n\t\t\t<label for=\"field_uq16a\" >\n\t\t\t\tSi eres humano, deja este campo en blanco.\t\t\t<\/label>\n\t\t\t<input  id=\"field_uq16a\" type=\"text\" class=\"frm_form_field form-field frm_verify\" name=\"item_meta[1224]\" value=\"\"  \/>\n\t\t<\/div>\n\t\t<input name=\"frm_state\" type=\"hidden\" value=\"e8RBtNLHOgtGmqv2mtYvgWPjZ3ogynFi6uNWg2Ao84w=\" \/><\/div>\n<\/fieldset>\n<\/div>\n\n<\/form>\n<\/div>\n\n","protected":false},"excerpt":{"rendered":"<p><span style=\"font-size: 14pt;\">Inscripci\u00f3n <span style=\"font-family: lucida sans unicode,lucida grande,sans-serif;\">Curso AEMA<br \/>\n<strong>Guillena<\/strong><\/span> 31 mayo-1 junio 2025<\/span><br \/>\n<span style=\"font-size: 14pt;\">Inscripci\u00f3n para <strong>-Socias AEMA-<\/strong><br \/>\nhasta <strong>28 de mayo<\/strong><\/span><\/p>\n<p><span style=\"font-size: 12px;\">Inscripci\u00f3n para No Socias <a href=\"https:\/\/www.monta-amazona.com\/clubaema\/product\/inscrip-curso-250531-ns\/\">aqu\u00ed<\/a><\/span><\/p>\n","protected":false},"featured_media":6382,"comment_status":"open","ping_status":"closed","template":"","meta":{"_kadence_starter_templates_imported_post":false,"_kad_post_transparent":"default","_kad_post_title":"","_kad_post_layout":"default","_kad_post_sidebar_id":"","_kad_post_content_style":"default","_kad_post_vertical_padding":"default","_kad_post_feature":"","_kad_post_feature_position":"","_kad_post_header":false,"_kad_post_footer":false,"_kad_post_classname":""},"product_brand":[],"product_cat":[116,64,62],"product_tag":[72,69,68],"class_list":{"0":"post-6392","1":"product","2":"type-product","3":"status-publish","4":"has-post-thumbnail","6":"product_cat-cursos","7":"product_cat-inscrip","8":"product_cat-inscripsi","9":"product_tag-cursos","10":"product_tag-inscripcion-socias","11":"product_tag-inscripciones","13":"first","14":"outofstock","15":"shipping-taxable","16":"purchasable","17":"product-type-variable","18":"entry","19":"content-bg","20":"loop-entry"},"_links":{"self":[{"href":"https:\/\/www.monta-amazona.com\/clubaema\/wp-json\/wp\/v2\/product\/6392","targetHints":{"allow":["GET"]}}],"collection":[{"href":"https:\/\/www.monta-amazona.com\/clubaema\/wp-json\/wp\/v2\/product"}],"about":[{"href":"https:\/\/www.monta-amazona.com\/clubaema\/wp-json\/wp\/v2\/types\/product"}],"replies":[{"embeddable":true,"href":"https:\/\/www.monta-amazona.com\/clubaema\/wp-json\/wp\/v2\/comments?post=6392"}],"wp:featuredmedia":[{"embeddable":true,"href":"https:\/\/www.monta-amazona.com\/clubaema\/wp-json\/wp\/v2\/media\/6382"}],"wp:attachment":[{"href":"https:\/\/www.monta-amazona.com\/clubaema\/wp-json\/wp\/v2\/media?parent=6392"}],"wp:term":[{"taxonomy":"product_brand","embeddable":true,"href":"https:\/\/www.monta-amazona.com\/clubaema\/wp-json\/wp\/v2\/product_brand?post=6392"},{"taxonomy":"product_cat","embeddable":true,"href":"https:\/\/www.monta-amazona.com\/clubaema\/wp-json\/wp\/v2\/product_cat?post=6392"},{"taxonomy":"product_tag","embeddable":true,"href":"https:\/\/www.monta-amazona.com\/clubaema\/wp-json\/wp\/v2\/product_tag?post=6392"}],"curies":[{"name":"wp","href":"https:\/\/api.w.org\/{rel}","templated":true}]}}