{"id":6555,"date":"2025-10-01T08:50:30","date_gmt":"2025-10-01T08:50:30","guid":{"rendered":"https:\/\/www.monta-amazona.com\/clubaema\/?post_type=product&#038;p=6555"},"modified":"2026-02-03T09:37:19","modified_gmt":"2026-02-03T09:37:19","slug":"bolsa-aema","status":"publish","type":"product","link":"https:\/\/www.monta-amazona.com\/clubaema\/product\/bolsa-aema\/","title":{"rendered":"Bolsa  AEMA"},"content":{"rendered":"<p><span style=\"font-size: 14pt;\"> Bolsa AEMA<\/span><\/p>\n<p><span style=\"font-size: 12pt;\">Algod\u00f3n 100%, Azul con el logo rosa en un lado<br \/>\nMedidas de la bolsa:<br \/>\nAlto 49cm, Ancho 38cm, Largo 79cm, Largo de asas 64cm<br \/>\nInstrucciones de lavado:<br \/>\nLavar a m\u00e1ximo 30\u00b0, Separar de otros colores, No usar Lej\u00eda, No secar en secadora, Planchar tejido a temperatura media, No planchar el logo<\/span><\/p>\n<p><span style=\"font-size: 10pt;\">Precio 10\u20ac +env\u00edo<br \/>\nPara env\u00edo a Espa\u00f1a Peninsular debe a\u00f1adir el art\u00edculo \u00abEnv\u00edo\u00bb a su carrito<br \/>\nPara otros destinos consulte en aema.club@monta-amazona.com<\/span><\/p>\n","protected":false},"excerpt":{"rendered":"<p>Bolsa AEMA<br \/>\nPrecio 10\u20ac +env\u00edo<span style=\"font-size: 10pt;\"><br \/>\nPara env\u00edo a Espa\u00f1a Peninsular debe a\u00f1adir el art\u00edculo \u00abEnv\u00edo\u00bb a su carrito<br \/>\nPara otros destinos consulte en aema.club@monta-amazona.com<\/span><\/p>\n","protected":false},"featured_media":6556,"comment_status":"open","ping_status":"closed","template":"","meta":{"_kadence_starter_templates_imported_post":false,"_kad_post_transparent":"default","_kad_post_title":"","_kad_post_layout":"default","_kad_post_sidebar_id":"","_kad_post_content_style":"default","_kad_post_vertical_padding":"default","_kad_post_feature":"","_kad_post_feature_position":"","_kad_post_header":false,"_kad_post_footer":false,"_kad_post_classname":""},"product_brand":[],"product_cat":[65,117],"product_tag":[66],"class_list":{"0":"post-6555","1":"product","2":"type-product","3":"status-publish","4":"has-post-thumbnail","6":"product_cat-disenos","7":"product_cat-reciente","8":"product_tag-disenos-aema","10":"first","11":"instock","12":"featured","13":"shipping-taxable","14":"purchasable","15":"product-type-simple","16":"entry","17":"content-bg","18":"loop-entry"},"_links":{"self":[{"href":"https:\/\/www.monta-amazona.com\/clubaema\/wp-json\/wp\/v2\/product\/6555","targetHints":{"allow":["GET"]}}],"collection":[{"href":"https:\/\/www.monta-amazona.com\/clubaema\/wp-json\/wp\/v2\/product"}],"about":[{"href":"https:\/\/www.monta-amazona.com\/clubaema\/wp-json\/wp\/v2\/types\/product"}],"replies":[{"embeddable":true,"href":"https:\/\/www.monta-amazona.com\/clubaema\/wp-json\/wp\/v2\/comments?post=6555"}],"wp:featuredmedia":[{"embeddable":true,"href":"https:\/\/www.monta-amazona.com\/clubaema\/wp-json\/wp\/v2\/media\/6556"}],"wp:attachment":[{"href":"https:\/\/www.monta-amazona.com\/clubaema\/wp-json\/wp\/v2\/media?parent=6555"}],"wp:term":[{"taxonomy":"product_brand","embeddable":true,"href":"https:\/\/www.monta-amazona.com\/clubaema\/wp-json\/wp\/v2\/product_brand?post=6555"},{"taxonomy":"product_cat","embeddable":true,"href":"https:\/\/www.monta-amazona.com\/clubaema\/wp-json\/wp\/v2\/product_cat?post=6555"},{"taxonomy":"product_tag","embeddable":true,"href":"https:\/\/www.monta-amazona.com\/clubaema\/wp-json\/wp\/v2\/product_tag?post=6555"}],"curies":[{"name":"wp","href":"https:\/\/api.w.org\/{rel}","templated":true}]}}