{"id":6565,"date":"2025-10-01T08:50:14","date_gmt":"2025-10-01T08:50:14","guid":{"rendered":"https:\/\/www.monta-amazona.com\/clubaema\/?post_type=product&#038;p=6565"},"modified":"2025-10-01T08:50:14","modified_gmt":"2025-10-01T08:50:14","slug":"envio-peninsula","status":"publish","type":"product","link":"https:\/\/www.monta-amazona.com\/clubaema\/product\/envio-peninsula\/","title":{"rendered":"Env\u00edo Pen\u00ednsula"},"content":{"rendered":"<p><span style=\"font-size: 12pt;\u201d>A\u00f1ada este env\u00edo a su carrito si desea recibir el art\u00edculo en su casa.<br \/>\nEl env\u00edo se realiza por mensajer\u00eda<\/span><\/p>\n<p><span style=\"font-size: 12pt;\u201d>Solo para Espa\u00f1a Peninsular<br \/>\nOtros destinos consulte aema.club@monta-amazona.com<\/span><\/p>\n","protected":false},"excerpt":{"rendered":"<p>Env\u00edo por mensajer\u00eda a Espa\u00f1a Peninsular<br \/>\nA\u00f1ada este env\u00edo a su carrito para recibir el art\u00edculo comprado en su domicilio<\/p>\n","protected":false},"featured_media":6563,"comment_status":"open","ping_status":"closed","template":"","meta":{"_kadence_starter_templates_imported_post":false,"_kad_post_transparent":"default","_kad_post_title":"","_kad_post_layout":"default","_kad_post_sidebar_id":"","_kad_post_content_style":"default","_kad_post_vertical_padding":"default","_kad_post_feature":"","_kad_post_feature_position":"","_kad_post_header":false,"_kad_post_footer":false,"_kad_post_classname":""},"product_brand":[],"product_cat":[65],"product_tag":[],"class_list":{"0":"post-6565","1":"product","2":"type-product","3":"status-publish","4":"has-post-thumbnail","6":"product_cat-disenos","8":"first","9":"instock","10":"shipping-taxable","11":"purchasable","12":"product-type-simple","13":"entry","14":"content-bg","15":"loop-entry"},"_links":{"self":[{"href":"https:\/\/www.monta-amazona.com\/clubaema\/wp-json\/wp\/v2\/product\/6565","targetHints":{"allow":["GET"]}}],"collection":[{"href":"https:\/\/www.monta-amazona.com\/clubaema\/wp-json\/wp\/v2\/product"}],"about":[{"href":"https:\/\/www.monta-amazona.com\/clubaema\/wp-json\/wp\/v2\/types\/product"}],"replies":[{"embeddable":true,"href":"https:\/\/www.monta-amazona.com\/clubaema\/wp-json\/wp\/v2\/comments?post=6565"}],"wp:featuredmedia":[{"embeddable":true,"href":"https:\/\/www.monta-amazona.com\/clubaema\/wp-json\/wp\/v2\/media\/6563"}],"wp:attachment":[{"href":"https:\/\/www.monta-amazona.com\/clubaema\/wp-json\/wp\/v2\/media?parent=6565"}],"wp:term":[{"taxonomy":"product_brand","embeddable":true,"href":"https:\/\/www.monta-amazona.com\/clubaema\/wp-json\/wp\/v2\/product_brand?post=6565"},{"taxonomy":"product_cat","embeddable":true,"href":"https:\/\/www.monta-amazona.com\/clubaema\/wp-json\/wp\/v2\/product_cat?post=6565"},{"taxonomy":"product_tag","embeddable":true,"href":"https:\/\/www.monta-amazona.com\/clubaema\/wp-json\/wp\/v2\/product_tag?post=6565"}],"curies":[{"name":"wp","href":"https:\/\/api.w.org\/{rel}","templated":true}]}}