{"id":1274,"date":"2020-12-04T23:58:22","date_gmt":"2020-08-04T23:58:22","guid":{"rendered":"https:\/\/www.monta-amazona.com\/clubaema1\/?post_type=product&#038;p=1274"},"modified":"2025-09-07T20:12:14","modified_gmt":"2025-09-07T20:12:14","slug":"renova-2021","status":"publish","type":"product","link":"https:\/\/www.monta-amazona.com\/clubaema1\/product\/renova-2021\/","title":{"rendered":"Renovaci\u00f3n Cuota Anual 2021"},"content":{"rendered":"<p><span style=\"font-size: 14pt;\">Renovaci\u00f3n Cuota Anual 2021<\/span><\/p>\n<p>Por favor, rellene los apartados necesarios del formulario siguiente, email, m\u00f3vil, nombre y apellido, y env\u00edelo antes de realizar el pago.<\/p>\n<p><span style=\"font-size: 10pt;\">Si se inscribe por primera vez como Socia Nueva, h\u00e1galo <a href=\"https:\/\/www.monta-amazona.com\/clubaema1\/producto\/socia-2021\/\">aqu\u00ed<\/a>.<\/span><\/p>\n<div class=\"frm_forms  with_frm_style frm_style_estilo-de-formidable\" id=\"frm_form_5_container\" >\n<form enctype=\"multipart\/form-data\" method=\"post\" class=\"frm-show-form \" id=\"form_renova21\" >\n<div class=\"frm_form_fields \">\n<fieldset>\n<legend class=\"frm_screen_reader\">Renovaci\u00f3n Anual 2021<\/legend>\r\n<\/br>\r\n<div class=\"frm_fields_container\">\n<input type=\"hidden\" name=\"frm_action\" value=\"create\" \/>\n<input type=\"hidden\" name=\"form_id\" value=\"5\" \/>\n<input type=\"hidden\" name=\"frm_hide_fields_5\" id=\"frm_hide_fields_5\" value=\"\" \/>\n<input type=\"hidden\" name=\"form_key\" value=\"renova21\" \/>\n<input type=\"hidden\" name=\"item_meta[0]\" value=\"\" \/>\n<input type=\"hidden\" id=\"frm_submit_entry_5\" name=\"frm_submit_entry_5\" value=\"14a931e232\" \/><input type=\"hidden\" name=\"_wp_http_referer\" value=\"\/clubaema1\/wp-json\/wp\/v2\/product\/1274\" \/><div id=\"frm_field_59_container\" class=\"frm_form_field  br frm_html_container form-field\">\n<p><span style=\"font-size:16px\">Renovaci\u00f3n Cuota Anual&nbsp; <strong>Socia 2021<\/strong><\/span><br \/>\n&nbsp;<span style=\"font-size:16px\">cuota anual&nbsp; 35&euro;<\/span><\/p>\n<p><span style=\"font-size:14px\">Por favor, rellene los apartados obligatorios <span style=\"color:#c0392b\">*<\/span> de este formulario, son necesarios para enviarle la informaci\u00f3n de la Asociaci\u00f3n y su carnet de Socia.<br \/>\nLos dem\u00e1s apartados solo es necesario rellenarlos si han cambiado desde el a\u00f1o anterior.<\/span><\/p>\n<p>Env\u00ede el formulario antes de realizar el pago.<br \/>\nEl formulario solo es v\u00e1lido una vez recibido el pago correspondiente.<\/p>\n<p>para cualquier aclaraci\u00f3n o duda, escriba a <em>aema.asociacion@gmail.com<\/em><\/p>\n<\/div>\n<div id=\"frm_field_60_container\" class=\"frm_form_field form-field  frm_required_field frm_top_container frm_two_thirds\">\r\n    <label for=\"field_r0uo572c1390ca\" id=\"field_r0uo572c1390ca_label\" class=\"frm_primary_label\">Correo electr\u00f3nico\r\n        <span class=\"frm_required\">*<\/span>\r\n    <\/label>\r\n    <input type=\"email\" id=\"field_r0uo572c1390ca\" name=\"item_meta[60]\" value=\"\"  data-reqmsg=\"Este campo no puede estar en blanco.\" aria-required=\"true\" data-invmsg=\"Correo electr\u00f3nico no es v\u00e1lido\" aria-invalid=\"false\"  \/>\r\n    \r\n    \r\n<\/div>\n<div id=\"frm_field_61_container\" class=\"frm_form_field form-field  frm_required_field frm_top_container frm_third\">\r\n    <label for=\"field_kjrthaa42223345295562a57d\" id=\"field_kjrthaa42223345295562a57d_label\" class=\"frm_primary_label\">Tel\u00e9fono\r\n        <span class=\"frm_required\">*<\/span>\r\n    <\/label>\r\n    <input type=\"text\" id=\"field_kjrthaa42223345295562a57d\" name=\"item_meta[61]\" value=\"\"  data-reqmsg=\"Este campo no puede estar en blanco.\" aria-required=\"true\" data-invmsg=\"Texto no es v\u00e1lido\" aria-invalid=\"false\"  \/>\r\n    \r\n    \r\n<\/div>\n<div id=\"frm_field_62_container\" class=\"frm_form_field  frm_html_container form-field\">Por favor, no se olvide de proporcionar un email v\u00e1lido.<br \/>\nRecibir\u00e1 toda la informaci\u00f3n de eventos, cursos, promociones, as\u00ed como su carnet y toda informaci\u00f3n relevante mediante e-mail.\n<\/div>\n<div id=\"frm_field_63_container\" class=\"frm_form_field form-field  frm_required_field frm_top_container frm_half\">\r\n    <label for=\"field_67m9gf8c0017fcab8930dd7df\" id=\"field_67m9gf8c0017fcab8930dd7df_label\" class=\"frm_primary_label\">Nombre\r\n        <span class=\"frm_required\">*<\/span>\r\n    <\/label>\r\n    <input type=\"text\" id=\"field_67m9gf8c0017fcab8930dd7df\" name=\"item_meta[63]\" value=\"\"  data-reqmsg=\"Este campo no puede estar en blanco.\" aria-required=\"true\" data-invmsg=\"Texto no es v\u00e1lido\" aria-invalid=\"false\"  \/>\r\n    \r\n    \r\n<\/div>\n<div id=\"frm_field_64_container\" class=\"frm_form_field form-field  frm_required_field frm_top_container frm_half\">\r\n    <label for=\"field_khy4n72b51abeb5a2927b77e0\" id=\"field_khy4n72b51abeb5a2927b77e0_label\" class=\"frm_primary_label\">Apellidos\r\n        <span class=\"frm_required\">*<\/span>\r\n    <\/label>\r\n    <input type=\"text\" id=\"field_khy4n72b51abeb5a2927b77e0\" name=\"item_meta[64]\" value=\"\"  data-reqmsg=\"Este campo no puede estar en blanco.\" aria-required=\"true\" data-invmsg=\"Texto no es v\u00e1lido\" aria-invalid=\"false\"  \/>\r\n    \r\n    \r\n<\/div>\n<div id=\"frm_field_65_container\" class=\"frm_form_field  frm_html_container form-field\">Rellene los siguientes campos SOLO si han cambiado o necesitan actualizarse<\/div>\n<div id=\"frm_field_66_container\" class=\"frm_form_field form-field  frm_top_container\">\r\n    <label for=\"field_kj0k42dc461c76\" id=\"field_kj0k42dc461c76_label\" class=\"frm_primary_label\">Direcci\u00f3n\r\n        <span class=\"frm_required\"><\/span>\r\n    <\/label>\r\n    <input type=\"text\" id=\"field_kj0k42dc461c76\" name=\"item_meta[66]\" value=\"\"  data-invmsg=\"Texto no es v\u00e1lido\" aria-invalid=\"false\"  \/>\r\n    \r\n    \r\n<\/div>\n<div id=\"frm_field_67_container\" class=\"frm_form_field form-field  frm_top_container\">\r\n    <label for=\"field_iudz862499c2030\" id=\"field_iudz862499c2030_label\" class=\"frm_primary_label\">Direcci\u00f3n\r\n        <span class=\"frm_required\"><\/span>\r\n    <\/label>\r\n    <input type=\"text\" id=\"field_iudz862499c2030\" name=\"item_meta[67]\" value=\"\"  data-invmsg=\"Texto no es v\u00e1lido\" aria-invalid=\"false\"  \/>\r\n    \r\n    \r\n<\/div>\n<div id=\"frm_field_68_container\" class=\"frm_form_field form-field  frm_top_container frm_third\">\r\n    <label for=\"field_bigko8e3330edb0474e19fd01\" id=\"field_bigko8e3330edb0474e19fd01_label\" class=\"frm_primary_label\">C\u00f3digo Postal\r\n        <span class=\"frm_required\"><\/span>\r\n    <\/label>\r\n    <input type=\"text\" id=\"field_bigko8e3330edb0474e19fd01\" name=\"item_meta[68]\" value=\"\"  data-invmsg=\"Texto no es v\u00e1lido\" aria-invalid=\"false\"  \/>\r\n    \r\n    \r\n<\/div>\n<div id=\"frm_field_69_container\" class=\"frm_form_field form-field  frm_top_container frm_two_thirds\">\r\n    <label for=\"field_ualacc0b28f237d4a37bd0d50\" id=\"field_ualacc0b28f237d4a37bd0d50_label\" class=\"frm_primary_label\">Ciudad\r\n        <span class=\"frm_required\"><\/span>\r\n    <\/label>\r\n    <input type=\"text\" id=\"field_ualacc0b28f237d4a37bd0d50\" name=\"item_meta[69]\" value=\"\"  data-invmsg=\"Texto no es v\u00e1lido\" aria-invalid=\"false\"  \/>\r\n    \r\n    \r\n<\/div>\n<div id=\"frm_field_70_container\" class=\"frm_form_field form-field  frm_top_container\">\r\n    <label for=\"field_iryv39db8ce156ee21f2d3932\" id=\"field_iryv39db8ce156ee21f2d3932_label\" class=\"frm_primary_label\">Provincia\/Regi\u00f3n\r\n        <span class=\"frm_required\"><\/span>\r\n    <\/label>\r\n    <input type=\"text\" id=\"field_iryv39db8ce156ee21f2d3932\" name=\"item_meta[70]\" value=\"\"  data-invmsg=\"Texto no es v\u00e1lido\" aria-invalid=\"false\"  \/>\r\n    \r\n    \r\n<\/div>\n<div id=\"frm_field_71_container\" class=\"frm_form_field form-field  frm_top_container\">\r\n    <label for=\"field_e0se164daa399507cbfa508bb\" id=\"field_e0se164daa399507cbfa508bb_label\" class=\"frm_primary_label\">Pa\u00eds\r\n        <span class=\"frm_required\"><\/span>\r\n    <\/label>\r\n    <input type=\"text\" id=\"field_e0se164daa399507cbfa508bb\" name=\"item_meta[71]\" value=\"\"  data-invmsg=\"Texto no es v\u00e1lido\" aria-invalid=\"false\"  \/>\r\n    \r\n    \r\n<\/div>\n<div id=\"frm_field_72_container\" class=\"frm_form_field  frm_html_container form-field\"><\/br><span style=\"font-size: 14pt;\"> Silla de Amazona, tipo y n\u00famero<\/span><\/div>\n<div id=\"frm_field_73_container\" class=\"frm_form_field form-field  frm_top_container frm_fourth vertical_radio\">\r\n    <div  id=\"field_7hxrp19e44ec6e7_label\" class=\"frm_primary_label\">Tipos deSilla\r\n        <span class=\"frm_required\"><\/span>\r\n    <\/div>\r\n    <div class=\"frm_opt_container\" aria-labelledby=\"field_7hxrp19e44ec6e7_label\" role=\"radiogroup\">\t\t<div class=\"frm_radio\" id=\"frm_radio_73-0\">\t\t\t<label  for=\"field_7hxrp19e44ec6e7-0\">\n\t\t\t\t\t<input type=\"radio\" name=\"item_meta[73]\" id=\"field_7hxrp19e44ec6e7-0\" value=\"Inglesa\"\n\t\t   data-invmsg=\"Tipos deSilla no es v\u00e1lido\"  \/> Inglesa<\/label><\/div>\n\t\t<div class=\"frm_radio\" id=\"frm_radio_73-1\">\t\t\t<label  for=\"field_7hxrp19e44ec6e7-1\">\n\t\t\t\t\t<input type=\"radio\" name=\"item_meta[73]\" id=\"field_7hxrp19e44ec6e7-1\" value=\"Vaquera\"\n\t\t   data-invmsg=\"Tipos deSilla no es v\u00e1lido\"  \/> Vaquera<\/label><\/div>\n\t\t<div class=\"frm_radio\" id=\"frm_radio_73-2\">\t\t\t<label  for=\"field_7hxrp19e44ec6e7-2\">\n\t\t\t\t\t<input type=\"radio\" name=\"item_meta[73]\" id=\"field_7hxrp19e44ec6e7-2\" value=\"Otra\"\n\t\t   data-invmsg=\"Tipos deSilla no es v\u00e1lido\"  \/> Otra<\/label><\/div>\n<\/div>\r\n    \r\n    \r\n<\/div>\n<div id=\"frm_field_74_container\" class=\"frm_form_field form-field  frm_top_container frm_fourth\">\r\n    <label for=\"field_aj4ac3e6f3c1600\" id=\"field_aj4ac3e6f3c1600_label\" class=\"frm_primary_label\">Inglesa n\u00ba\r\n        <span class=\"frm_required\"><\/span>\r\n    <\/label>\r\n    \t\t<select name=\"item_meta[74]\" id=\"field_aj4ac3e6f3c1600\"  data-invmsg=\"Inglesa n\u00ba no es v\u00e1lido\" aria-invalid=\"false\"  >\n\t\t<option  value=\"-\">-<\/option><option  value=\"1\">1<\/option><option  value=\"2\">2<\/option><option  value=\"3\">3<\/option><option  value=\"4\">4<\/option><option  value=\"5\">5<\/option><option  value=\"6\">6<\/option><option  value=\"7\">7<\/option><option  value=\"8\">8<\/option><option  value=\"9\">9<\/option>\t<\/select>\n\t\r\n    \r\n    \r\n<\/div>\n<div id=\"frm_field_75_container\" class=\"frm_form_field form-field  frm_top_container frm_fourth\">\r\n    <label for=\"field_l59zx54f5bdbe3b\" id=\"field_l59zx54f5bdbe3b_label\" class=\"frm_primary_label\">Vaquera n\u00ba\r\n        <span class=\"frm_required\"><\/span>\r\n    <\/label>\r\n    \t\t<select name=\"item_meta[75]\" id=\"field_l59zx54f5bdbe3b\"  data-invmsg=\"Vaquera n\u00ba no es v\u00e1lido\" aria-invalid=\"false\"  >\n\t\t<option  value=\"-\">-<\/option><option  value=\"1\">1<\/option><option  value=\"2\">2<\/option><option  value=\"3\">3<\/option><option  value=\"4\">4<\/option><option  value=\"5\">5<\/option><option  value=\"6\">6<\/option><option  value=\"7\">7<\/option><option  value=\"8\">8<\/option><option  value=\"9\">9<\/option>\t<\/select>\n\t\r\n    \r\n    \r\n<\/div>\n<div id=\"frm_field_76_container\" class=\"frm_form_field form-field  frm_top_container frm_fourth\">\r\n    <label for=\"field_j1y237dee944b98\" id=\"field_j1y237dee944b98_label\" class=\"frm_primary_label\">Otra n\u00ba\r\n        <span class=\"frm_required\"><\/span>\r\n    <\/label>\r\n    \t\t<select name=\"item_meta[76]\" id=\"field_j1y237dee944b98\"  data-invmsg=\"Otra n\u00ba no es v\u00e1lido\" aria-invalid=\"false\"  >\n\t\t<option  value=\"-\">-<\/option><option  value=\"1\">1<\/option><option  value=\"2\">2<\/option><option  value=\"3\">3<\/option><option  value=\"4\">4<\/option><option  value=\"5\">5<\/option><option  value=\"6\">6<\/option><option  value=\"7\">7<\/option><option  value=\"8\">8<\/option><option  value=\"9\">9<\/option>\t<\/select>\n\t\r\n    \r\n    \r\n<\/div>\n<div id=\"frm_field_77_container\" class=\"frm_form_field form-field  frm_top_container frm12\">\r\n    <label for=\"field_7wxl03eefcd2db1\" id=\"field_7wxl03eefcd2db1_label\" class=\"frm_primary_label\">Descripci\u00f3n de la(s) silla(s) Marca\u00b7Modelo-Tama\u00f1o\u00b7A\u00f1o\r\n        <span class=\"frm_required\"><\/span>\r\n    <\/label>\r\n    <textarea name=\"item_meta[77]\" id=\"field_7wxl03eefcd2db1\" rows=\"5\"  data-invmsg=\"Descripci\u00f3n de la(s) silla(s) Marca\u00b7Modelo-Tama\u00f1o\u00b7A\u00f1o no es v\u00e1lido\" aria-invalid=\"false\"  ><\/textarea>\r\n    \r\n    \r\n<\/div>\n<div id=\"frm_field_78_container\" class=\"frm_form_field form-field  frm_top_container\">\r\n    <label for=\"field_id6ug7dd39d09dc\" id=\"field_id6ug7dd39d09dc_label\" class=\"frm_primary_label\">Perfil de facebook URL : www.facebook.com\/nombre.apellido\r\n        <span class=\"frm_required\"><\/span>\r\n    <\/label>\r\n    <input type=\"text\" id=\"field_id6ug7dd39d09dc\" name=\"item_meta[78]\" value=\"\"  data-invmsg=\"Texto no es v\u00e1lido\" aria-invalid=\"false\"  \/>\r\n    \r\n    \r\n<\/div>\n<div id=\"frm_field_79_container\" class=\"frm_form_field  frm_html_container form-field\">Si desea domiciliar la cuota anual rellene los datos de su cuenta para la ORDEN BANCARIA del recibo presentado por la Asociaci\u00f3n Espa\u00f1ola de Monta a la Amazona\n<\/div>\n<div id=\"frm_field_80_container\" class=\"frm_form_field form-field  frm_top_container\">\r\n    <label for=\"field_w6waoc8956c08c2\" id=\"field_w6waoc8956c08c2_label\" class=\"frm_primary_label\">IBAN\r\n        <span class=\"frm_required\"><\/span>\r\n    <\/label>\r\n    <input type=\"text\" id=\"field_w6waoc8956c08c2\" name=\"item_meta[80]\" value=\"\"  data-invmsg=\"Texto no es v\u00e1lido\" aria-invalid=\"false\"  \/>\r\n    \r\n    \r\n<\/div>\n<div id=\"frm_field_81_container\" class=\"frm_form_field form-field  frm_top_container\">\r\n    <label for=\"field_geu2k25265bb8ae\" id=\"field_geu2k25265bb8ae_label\" class=\"frm_primary_label\">Titular de la cuenta\r\n        <span class=\"frm_required\"><\/span>\r\n    <\/label>\r\n    <input type=\"text\" id=\"field_geu2k25265bb8ae\" name=\"item_meta[81]\" value=\"\"  data-invmsg=\"Texto no es v\u00e1lido\" aria-invalid=\"false\"  \/>\r\n    \r\n    \r\n<\/div>\n<div id=\"frm_field_82_container\" class=\"frm_form_field form-field  frm_top_container\">\r\n    <label for=\"field_rd16t371ebf8c44\" id=\"field_rd16t371ebf8c44_label\" class=\"frm_primary_label\">Banco o Caja\r\n        <span class=\"frm_required\"><\/span>\r\n    <\/label>\r\n    <input type=\"text\" id=\"field_rd16t371ebf8c44\" name=\"item_meta[82]\" value=\"\"  data-invmsg=\"Texto no es v\u00e1lido\" aria-invalid=\"false\"  \/>\r\n    \r\n    \r\n<\/div>\n<div id=\"frm_field_83_container\" class=\"frm_form_field form-field  frm_top_container frm_alignright frm_half\">\r\n    <label for=\"field_13gm63d3ad1d0cb\" id=\"field_13gm63d3ad1d0cb_label\" class=\"frm_primary_label\">Fecha\r\n        <span class=\"frm_required\"><\/span>\r\n    <\/label>\r\n    <input type=\"text\" id=\"field_13gm63d3ad1d0cb\" name=\"item_meta[83]\" value=\"\"  data-invmsg=\"Texto no es v\u00e1lido\" aria-invalid=\"false\"  \/>\r\n    \r\n    \r\n<\/div>\n<div id=\"frm_field_84_container\" class=\"frm_form_field  frm_html_container form-field\">\n<p><span style=\"font-size: 16px;\">Conexi\u00f3n Segura SSL<\/span><br \/>\n<br \/><img decoding=\"async\" src=\"https:\/\/monta-amazona.x10.mx\/club\/wp-content\/uploads\/2021\/01\/sectigo_trust_seal_sm_82x32.png\"\talt=\"\"><\/div>\n<div id=\"frm_field_85_container\" class=\"frm_form_field  lt frm_html_container form-field\">\n<p><span style=\"font-size: 12px;\">La informaci\u00f3n recogida en este formulario ser\u00e1 utilizada exclusivamente para los fines de la asociaci\u00f3n y puede ser modificada o anulada por el titular en la sede social de la Asociaci\u00f3n.<\/span><br \/>\n<span style=\"font-size: 12px;\"><a href=\"https:\/\/monta-amazona.x10.mx\/club\/privacy-policy\/\">Politica de Privacidad<\/a><\/span>\n<\/div>\n\t<input type=\"hidden\" name=\"item_key\" value=\"\" \/>\n\t\t\t<div id=\"frm_field_1150_container\">\n\t\t\t<label for=\"field_trb8f\" >\n\t\t\t\tSi eres humano, deja este campo en blanco.\t\t\t<\/label>\n\t\t\t<input  id=\"field_trb8f\" type=\"text\" class=\"frm_form_field form-field frm_verify\" name=\"item_meta[1150]\" value=\"\"  \/>\n\t\t<\/div>\n\t\t<input name=\"frm_state\" type=\"hidden\" value=\"e8RBtNLHOgtGmqv2mtYvgSc6DNZbQ\/vKQQQgg5UXo4k=\" \/><div class=\"frm_submit\">\r\n\r\n<button class=\"frm_button_submit\" type=\"submit\"  >Enviar<\/button>\r\n\r\n<\/div><\/div>\n<\/fieldset>\n<\/div>\n\n<\/form>\n<\/div>\n\n<hr \/>\n<p>Si desea renovar mediante transferencia bancaria<\/p>\n<p>IBAN ES85 3081 0331 1729 7328 8323<br \/>\nBIC: BCOEESMM081<br \/>\nTitular: Asociaci\u00f3n Espa\u00f1ola de Monta a la Amazona<br \/>\nEntidad: EuroCaja Rural<\/p>\n","protected":false},"excerpt":{"rendered":"<p><span style=\"font-size: 14pt;\">Renovaci\u00f3n Cuota Anual 2021<\/span><\/p>\n<p><span style=\"font-size: 8pt;\"> Por favor, rellene\u00a0en el formulario m\u00e1s abajo, email, m\u00f3vil, nombre y apellido.<\/span><\/p>\n","protected":false},"featured_media":1206,"comment_status":"open","ping_status":"closed","template":"","meta":{"_kadence_starter_templates_imported_post":false,"_kad_post_transparent":"default","_kad_post_title":"","_kad_post_layout":"default","_kad_post_sidebar_id":"","_kad_post_content_style":"default","_kad_post_vertical_padding":"default","_kad_post_feature":"","_kad_post_feature_position":"","_kad_post_header":false,"_kad_post_footer":false,"_kad_post_classname":""},"product_brand":[],"product_cat":[61,63],"product_tag":[82],"class_list":{"0":"post-1274","1":"product","2":"type-product","3":"status-publish","4":"has-post-thumbnail","6":"product_cat-conexsocias","7":"product_cat-renova","8":"product_tag-renovar-cuota-2021","10":"first","11":"outofstock","12":"virtual","13":"sold-individually","14":"purchasable","15":"product-type-simple","16":"entry","17":"content-bg","18":"loop-entry"},"_links":{"self":[{"href":"https:\/\/www.monta-amazona.com\/clubaema1\/wp-json\/wp\/v2\/product\/1274","targetHints":{"allow":["GET"]}}],"collection":[{"href":"https:\/\/www.monta-amazona.com\/clubaema1\/wp-json\/wp\/v2\/product"}],"about":[{"href":"https:\/\/www.monta-amazona.com\/clubaema1\/wp-json\/wp\/v2\/types\/product"}],"replies":[{"embeddable":true,"href":"https:\/\/www.monta-amazona.com\/clubaema1\/wp-json\/wp\/v2\/comments?post=1274"}],"wp:featuredmedia":[{"embeddable":true,"href":"https:\/\/www.monta-amazona.com\/clubaema1\/wp-json\/wp\/v2\/media\/1206"}],"wp:attachment":[{"href":"https:\/\/www.monta-amazona.com\/clubaema1\/wp-json\/wp\/v2\/media?parent=1274"}],"wp:term":[{"taxonomy":"product_brand","embeddable":true,"href":"https:\/\/www.monta-amazona.com\/clubaema1\/wp-json\/wp\/v2\/product_brand?post=1274"},{"taxonomy":"product_cat","embeddable":true,"href":"https:\/\/www.monta-amazona.com\/clubaema1\/wp-json\/wp\/v2\/product_cat?post=1274"},{"taxonomy":"product_tag","embeddable":true,"href":"https:\/\/www.monta-amazona.com\/clubaema1\/wp-json\/wp\/v2\/product_tag?post=1274"}],"curies":[{"name":"wp","href":"https:\/\/api.w.org\/{rel}","templated":true}]}}