{"id":1275,"date":"2020-12-04T23:58:34","date_gmt":"2020-12-04T23:58:34","guid":{"rendered":"https:\/\/www.monta-amazona.com\/clubaema1\/?post_type=product&#038;p=1275"},"modified":"2025-09-07T20:13:59","modified_gmt":"2025-09-07T20:13:59","slug":"socia-2021","status":"publish","type":"product","link":"https:\/\/www.monta-amazona.com\/clubaema1\/product\/socia-2021\/","title":{"rendered":"Socia 2021"},"content":{"rendered":"<p><span style=\"font-size: 14pt;\">Inscripci\u00f3n Nueva Socia 2021<\/span><\/p>\n<p>Por favor, rellene los apartados del formulario siguiente y env\u00edelo antes de realizar el pago.<\/p>\n<p><span style=\"font-size: 10pt;\">Si ya es Socia y desea renovar su cuota, h\u00e1galo <a href=\"https:\/\/www.monta-amazona.com\/clubaema1\/product\/renova-2021\/\">aqu\u00ed<\/a>.<\/span><\/p>\n<div class=\"frm_forms  with_frm_style frm_style_estilo-de-formidable\" id=\"frm_form_4_container\" >\n<form enctype=\"multipart\/form-data\" method=\"post\" class=\"frm-show-form \" id=\"form_socia21\" >\n<div class=\"frm_form_fields \">\n<fieldset>\n<legend class=\"frm_screen_reader\">Socia 2021<\/legend>\r\n<\/br>\r\n<div class=\"frm_fields_container\">\n<input type=\"hidden\" name=\"frm_action\" value=\"create\" \/>\n<input type=\"hidden\" name=\"form_id\" value=\"4\" \/>\n<input type=\"hidden\" name=\"frm_hide_fields_4\" id=\"frm_hide_fields_4\" value=\"\" \/>\n<input type=\"hidden\" name=\"form_key\" value=\"socia21\" \/>\n<input type=\"hidden\" name=\"item_meta[0]\" value=\"\" \/>\n<input type=\"hidden\" id=\"frm_submit_entry_4\" name=\"frm_submit_entry_4\" value=\"14a931e232\" \/><input type=\"hidden\" name=\"_wp_http_referer\" value=\"\/clubaema1\/wp-json\/wp\/v2\/product\/1275\" \/><div id=\"frm_field_28_container\" class=\"frm_form_field  br frm_html_container form-field\"><img loading=\"lazy\" decoding=\"async\" class=\"aligncenter\" src=\"https:\/\/www.monta-amazona.com\/clubaema1\/wp-content\/uploads\/files\/images\/LogoAEMAColor_33-150x150.png\" alt=\"Logo AEMA\" width=\"150\" height=\"150\" \/><\/p>\n<p><span style=\"color: #6868b2;\"><span style=\"font-size: 14pt;\"> Inscripci\u00f3n <strong>Socia 2021<\/strong><br \/>\ncuota anual <strong>35\u20ac<\/strong><\/span><\/span><\/p>\n<p><span style=\"color: #6868b2;\">Por favor, rellene los apartados de este formulario, son necesarios para enviarle la informaci\u00f3n de la Asociaci\u00f3n y su carnet de Socia.<\/span><\/p>\n<p><span style=\"color: #6868b2;\">Env\u00ede el formulario antes de realizar el pago.<br \/>\nEl formulario solo es v\u00e1lido una vez recibido el pago correspondiente.<\/span><\/p>\n<p><span style=\"color: #6868b2;\"><span style=\"font-size: 10pt;\">para cualquier aclaraci\u00f3n o duda, escriba a <em>aema.asociacion@gmail.com<\/em><\/span><\/span><\/div>\n<div id=\"frm_field_29_container\" class=\"frm_form_field form-field  frm_required_field frm_top_container frm_two_thirds\">\r\n    <label for=\"field_r0uo\" id=\"field_r0uo_label\" class=\"frm_primary_label\">Correo electr\u00f3nico\r\n        <span class=\"frm_required\">*<\/span>\r\n    <\/label>\r\n    <input type=\"email\" id=\"field_r0uo\" name=\"item_meta[29]\" value=\"\"  data-reqmsg=\"Este campo no puede estar en blanco.\" aria-required=\"true\" data-invmsg=\"Correo electr\u00f3nico no es v\u00e1lido\" aria-invalid=\"false\"  \/>\r\n    \r\n    \r\n<\/div>\n<div id=\"frm_field_30_container\" class=\"frm_form_field form-field  frm_required_field frm_top_container frm_third\">\r\n    <label for=\"field_kjrthaa42223345\" id=\"field_kjrthaa42223345_label\" class=\"frm_primary_label\">Tel\u00e9fono\r\n        <span class=\"frm_required\">*<\/span>\r\n    <\/label>\r\n    <input type=\"text\" id=\"field_kjrthaa42223345\" name=\"item_meta[30]\" value=\"\"  data-reqmsg=\"Este campo no puede estar en blanco.\" aria-required=\"true\" data-invmsg=\"Texto no es v\u00e1lido\" aria-invalid=\"false\"  \/>\r\n    \r\n    \r\n<\/div>\n<div id=\"frm_field_31_container\" class=\"frm_form_field  frm_html_container form-field\"><span style=\"font-size: 10pt;\"><span style=\"color: #6868b2;\">Por favor, no se olvide de proporcionar un email v\u00e1lido.<br \/>\nRecibir\u00e1 toda la informaci\u00f3n de eventos, cursos, promociones, as\u00ed como su carnet y toda informaci\u00f3n relevante mediante e-mail.<\/span><\/span><\/div>\n<div id=\"frm_field_32_container\" class=\"frm_form_field form-field  frm_required_field frm_top_container frm_half\">\r\n    <label for=\"field_67m9gf8c0017fca\" id=\"field_67m9gf8c0017fca_label\" class=\"frm_primary_label\">Nombre\r\n        <span class=\"frm_required\">*<\/span>\r\n    <\/label>\r\n    <input type=\"text\" id=\"field_67m9gf8c0017fca\" name=\"item_meta[32]\" value=\"\"  data-reqmsg=\"Este campo no puede estar en blanco.\" aria-required=\"true\" data-invmsg=\"Texto no es v\u00e1lido\" aria-invalid=\"false\"  \/>\r\n    \r\n    \r\n<\/div>\n<div id=\"frm_field_33_container\" class=\"frm_form_field form-field  frm_required_field frm_top_container frm_half\">\r\n    <label for=\"field_khy4n72b51abeb5\" id=\"field_khy4n72b51abeb5_label\" class=\"frm_primary_label\">Apellidos\r\n        <span class=\"frm_required\">*<\/span>\r\n    <\/label>\r\n    <input type=\"text\" id=\"field_khy4n72b51abeb5\" name=\"item_meta[33]\" value=\"\"  data-reqmsg=\"Este campo no puede estar en blanco.\" aria-required=\"true\" data-invmsg=\"Texto no es v\u00e1lido\" aria-invalid=\"false\"  \/>\r\n    \r\n    \r\n<\/div>\n<div id=\"frm_field_34_container\" class=\"frm_form_field form-field  frm_required_field frm_top_container\">\r\n    <label for=\"field_kj0k\" id=\"field_kj0k_label\" class=\"frm_primary_label\">Direcci\u00f3n\r\n        <span class=\"frm_required\">*<\/span>\r\n    <\/label>\r\n    <input type=\"text\" id=\"field_kj0k\" name=\"item_meta[34]\" value=\"\"  data-reqmsg=\"Este campo no puede estar en blanco.\" aria-required=\"true\" data-invmsg=\"Texto no es v\u00e1lido\" aria-invalid=\"false\"  \/>\r\n    \r\n    \r\n<\/div>\n<div id=\"frm_field_35_container\" class=\"frm_form_field form-field  frm_top_container\">\r\n    <label for=\"field_iudz8\" id=\"field_iudz8_label\" class=\"frm_primary_label\">Direcci\u00f3n\r\n        <span class=\"frm_required\"><\/span>\r\n    <\/label>\r\n    <input type=\"text\" id=\"field_iudz8\" name=\"item_meta[35]\" value=\"\"  data-invmsg=\"Texto no es v\u00e1lido\" aria-invalid=\"false\"  \/>\r\n    \r\n    \r\n<\/div>\n<div id=\"frm_field_36_container\" class=\"frm_form_field form-field  frm_required_field frm_top_container frm_third\">\r\n    <label for=\"field_bigko8e3330edb0\" id=\"field_bigko8e3330edb0_label\" class=\"frm_primary_label\">C\u00f3digo Postal\r\n        <span class=\"frm_required\">*<\/span>\r\n    <\/label>\r\n    <input type=\"text\" id=\"field_bigko8e3330edb0\" name=\"item_meta[36]\" value=\"\"  data-reqmsg=\"Este campo no puede estar en blanco.\" aria-required=\"true\" data-invmsg=\"Texto no es v\u00e1lido\" aria-invalid=\"false\"  \/>\r\n    \r\n    \r\n<\/div>\n<div id=\"frm_field_37_container\" class=\"frm_form_field form-field  frm_required_field frm_top_container frm_two_thirds\">\r\n    <label for=\"field_ualacc0b28f237d\" id=\"field_ualacc0b28f237d_label\" class=\"frm_primary_label\">Ciudad\r\n        <span class=\"frm_required\">*<\/span>\r\n    <\/label>\r\n    <input type=\"text\" id=\"field_ualacc0b28f237d\" name=\"item_meta[37]\" value=\"\"  data-reqmsg=\"Este campo no puede estar en blanco.\" aria-required=\"true\" data-invmsg=\"Texto no es v\u00e1lido\" aria-invalid=\"false\"  \/>\r\n    \r\n    \r\n<\/div>\n<div id=\"frm_field_38_container\" class=\"frm_form_field form-field  frm_top_container\">\r\n    <label for=\"field_iryv39db8ce156e\" id=\"field_iryv39db8ce156e_label\" class=\"frm_primary_label\">Provincia\/Regi\u00f3n\r\n        <span class=\"frm_required\"><\/span>\r\n    <\/label>\r\n    <input type=\"text\" id=\"field_iryv39db8ce156e\" name=\"item_meta[38]\" value=\"\"  data-invmsg=\"Texto no es v\u00e1lido\" aria-invalid=\"false\"  \/>\r\n    \r\n    \r\n<\/div>\n<div id=\"frm_field_39_container\" class=\"frm_form_field form-field  frm_required_field frm_top_container\">\r\n    <label for=\"field_e0se164daa39950\" id=\"field_e0se164daa39950_label\" class=\"frm_primary_label\">Pa\u00eds\r\n        <span class=\"frm_required\">*<\/span>\r\n    <\/label>\r\n    <input type=\"text\" id=\"field_e0se164daa39950\" name=\"item_meta[39]\" value=\"\"  data-reqmsg=\"Este campo no puede estar en blanco.\" aria-required=\"true\" data-invmsg=\"Texto no es v\u00e1lido\" aria-invalid=\"false\"  \/>\r\n    \r\n    \r\n<\/div>\n<div id=\"frm_field_40_container\" class=\"frm_form_field  frm_html_container form-field\"><span style=\"color: #6868b2;\"><span style=\"font-size: 14pt;\"> Silla de Amazona, tipo y n\u00famero<\/span><\/span><\/div>\n<div id=\"frm_field_41_container\" class=\"frm_form_field form-field  frm_top_container frm_fourth vertical_radio\">\n    <div  id=\"field_7hxrp_label\" class=\"frm_primary_label\">Tipos deSilla\n        <span class=\"frm_required\"><\/span>\n    <\/div>\n    <div class=\"frm_opt_container\" aria-labelledby=\"field_7hxrp_label\" role=\"radiogroup\">\t\t<div class=\"frm_radio\" id=\"frm_radio_41-0\">\t\t\t<label  for=\"field_7hxrp-0\">\n\t\t\t\t\t<input type=\"radio\" name=\"item_meta[41]\" id=\"field_7hxrp-0\" value=\"Inglesa\"\n\t\t   data-invmsg=\"Tipos deSilla no es v\u00e1lido\"  \/> Inglesa<\/label><\/div>\n\t\t<div class=\"frm_radio\" id=\"frm_radio_41-1\">\t\t\t<label  for=\"field_7hxrp-1\">\n\t\t\t\t\t<input type=\"radio\" name=\"item_meta[41]\" id=\"field_7hxrp-1\" value=\"Vaquera\"\n\t\t   data-invmsg=\"Tipos deSilla no es v\u00e1lido\"  \/> Vaquera<\/label><\/div>\n\t\t<div class=\"frm_radio\" id=\"frm_radio_41-2\">\t\t\t<label  for=\"field_7hxrp-2\">\n\t\t\t\t\t<input type=\"radio\" name=\"item_meta[41]\" id=\"field_7hxrp-2\" value=\"Otra\"\n\t\t   data-invmsg=\"Tipos deSilla no es v\u00e1lido\"  \/> Otra<\/label><\/div>\n<\/div>\n    \n    \n<\/div>\n<div id=\"frm_field_42_container\" class=\"frm_form_field form-field  frm_top_container frm_fourth\">\n    <label for=\"field_aj4ac\" id=\"field_aj4ac_label\" class=\"frm_primary_label\">Inglesa n\u00ba\n        <span class=\"frm_required\"><\/span>\n    <\/label>\n    \t\t<select name=\"item_meta[42]\" id=\"field_aj4ac\"  data-invmsg=\"Inglesa n\u00ba no es v\u00e1lido\" aria-invalid=\"false\"  >\n\t\t<option  value=\"-\">-<\/option><option  value=\"1\">1<\/option><option  value=\"2\">2<\/option><option  value=\"3\">3<\/option><option  value=\"4\">4<\/option><option  value=\"5\">5<\/option><option  value=\"6\">6<\/option><option  value=\"7\">7<\/option><option  value=\"8\">8<\/option><option  value=\"9\">9<\/option>\t<\/select>\n\t\n    \n    \n<\/div>\n<div id=\"frm_field_43_container\" class=\"frm_form_field form-field  frm_top_container frm_fourth\">\n    <label for=\"field_l59zx\" id=\"field_l59zx_label\" class=\"frm_primary_label\">Vaquera n\u00ba\n        <span class=\"frm_required\"><\/span>\n    <\/label>\n    \t\t<select name=\"item_meta[43]\" id=\"field_l59zx\"  data-invmsg=\"Vaquera n\u00ba no es v\u00e1lido\" aria-invalid=\"false\"  >\n\t\t<option  value=\"-\">-<\/option><option  value=\"1\">1<\/option><option  value=\"2\">2<\/option><option  value=\"3\">3<\/option><option  value=\"4\">4<\/option><option  value=\"5\">5<\/option><option  value=\"6\">6<\/option><option  value=\"7\">7<\/option><option  value=\"8\">8<\/option><option  value=\"9\">9<\/option>\t<\/select>\n\t\n    \n    \n<\/div>\n<div id=\"frm_field_44_container\" class=\"frm_form_field form-field  frm_top_container frm_fourth\">\n    <label for=\"field_j1y23\" id=\"field_j1y23_label\" class=\"frm_primary_label\">Otra n\u00ba\n        <span class=\"frm_required\"><\/span>\n    <\/label>\n    \t\t<select name=\"item_meta[44]\" id=\"field_j1y23\"  data-invmsg=\"Otra n\u00ba no es v\u00e1lido\" aria-invalid=\"false\"  >\n\t\t<option  value=\"-\">-<\/option><option  value=\"1\">1<\/option><option  value=\"2\">2<\/option><option  value=\"3\">3<\/option><option  value=\"4\">4<\/option><option  value=\"5\">5<\/option><option  value=\"6\">6<\/option><option  value=\"7\">7<\/option><option  value=\"8\">8<\/option><option  value=\"9\">9<\/option>\t<\/select>\n\t\n    \n    \n<\/div>\n<div id=\"frm_field_45_container\" class=\"frm_form_field form-field  frm_top_container frm12\">\n    <label for=\"field_7wxl0\" id=\"field_7wxl0_label\" class=\"frm_primary_label\">Descripci\u00f3n de la(s) silla(s) Marca\u00b7Modelo-Tama\u00f1o\u00b7A\u00f1o\n        <span class=\"frm_required\"><\/span>\n    <\/label>\n    <textarea name=\"item_meta[45]\" id=\"field_7wxl0\" rows=\"5\"  data-invmsg=\"Descripci\u00f3n de la(s) silla(s) Marca\u00b7Modelo-Tama\u00f1o\u00b7A\u00f1o no es v\u00e1lido\" aria-invalid=\"false\"  ><\/textarea>\n    \n    \n<\/div>\n<div id=\"frm_field_46_container\" class=\"frm_form_field form-field  frm_top_container\">\n    <label for=\"field_id6ug\" id=\"field_id6ug_label\" class=\"frm_primary_label\">Perfil de facebook URL : www.facebook.com\/nombre.apellido\n        <span class=\"frm_required\"><\/span>\n    <\/label>\n    <input type=\"text\" id=\"field_id6ug\" name=\"item_meta[46]\" value=\"\"  data-invmsg=\"Texto no es v\u00e1lido\" aria-invalid=\"false\"  \/>\n    \n    \n<\/div>\n<div id=\"frm_field_47_container\" class=\"frm_form_field  frm_html_container form-field\"><span style=\"color: #6868b2;\">\u00bfC\u00f3mo conoci\u00f3 la Asociaci\u00f3n?<\/span><\/div>\n<div id=\"frm_field_48_container\" class=\"frm_form_field form-field  frm_top_container frm6 frm_first vertical_radio\">\n    <div  id=\"field_i44t9_label\" class=\"frm_primary_label\">\n        <span class=\"frm_required\"><\/span>\n    <\/div>\n    <div class=\"frm_opt_container\" aria-labelledby=\"field_i44t9_label\" role=\"group\">\t\t<div class=\"frm_checkbox\" id=\"frm_checkbox_48-0\">\t\t\t<label  for=\"field_i44t9-0\">\n\t\t\t<input type=\"checkbox\" name=\"item_meta[48][]\" id=\"field_i44t9-0\" value=\"por Internet \/ Web \/ Foro\"  data-invmsg=\"Este campo no es v\u00e1lido\"   \/> por Internet \/ Web \/ Foro<\/label><\/div>\n\t\t<div class=\"frm_checkbox\" id=\"frm_checkbox_48-1\">\t\t\t<label  for=\"field_i44t9-1\">\n\t\t\t<input type=\"checkbox\" name=\"item_meta[48][]\" id=\"field_i44t9-1\" value=\"viendo una exhibici\u00f3n de AEMA\"  data-invmsg=\"Este campo no es v\u00e1lido\"   \/> viendo una exhibici\u00f3n de AEMA<\/label><\/div>\n\t\t<div class=\"frm_checkbox\" id=\"frm_checkbox_48-2\">\t\t\t<label  for=\"field_i44t9-2\">\n\t\t\t<input type=\"checkbox\" name=\"item_meta[48][]\" id=\"field_i44t9-2\" value=\"folleto\/publicidad\"  data-invmsg=\"Este campo no es v\u00e1lido\"   \/> folleto\/publicidad<\/label><\/div>\n<\/div>\n    \n    \n<\/div>\n<div id=\"frm_field_49_container\" class=\"frm_form_field form-field  frm_top_container frm6 vertical_radio\">\n    <div  id=\"field_7q230_label\" class=\"frm_primary_label\">\n        <span class=\"frm_required\"><\/span>\n    <\/div>\n    <div class=\"frm_opt_container\" aria-labelledby=\"field_7q230_label\" role=\"group\">\t\t<div class=\"frm_checkbox\" id=\"frm_checkbox_49-0\">\t\t\t<label  for=\"field_7q230-0\">\n\t\t\t<input type=\"checkbox\" name=\"item_meta[49][]\" id=\"field_7q230-0\" value=\"prensa \/ medios informativos\"  data-invmsg=\"Este campo no es v\u00e1lido\"   \/> prensa \/ medios informativos<\/label><\/div>\n\t\t<div class=\"frm_checkbox\" id=\"frm_checkbox_49-1\">\t\t\t<label  for=\"field_7q230-1\">\n\t\t\t<input type=\"checkbox\" name=\"item_meta[49][]\" id=\"field_7q230-1\" value=\"asist\u00ed a un curso conferencia\"  data-invmsg=\"Este campo no es v\u00e1lido\"   \/> asist\u00ed a un curso conferencia<\/label><\/div>\n\t\t<div class=\"frm_checkbox\" id=\"frm_checkbox_49-2\">\t\t\t<label  for=\"field_7q230-2\">\n\t\t\t<input type=\"checkbox\" name=\"item_meta[49][]\" id=\"field_7q230-2\" value=\"me hablaron de ella\"  data-invmsg=\"Este campo no es v\u00e1lido\"   \/> me hablaron de ella<\/label><\/div>\n<\/div>\n    \n    \n<\/div>\n<div id=\"frm_field_50_container\" class=\"frm_form_field form-field  frm_top_container frm12 frm_first vertical_radio\">\n    <div  id=\"field_n45et_label\" class=\"frm_primary_label\">\n        <span class=\"frm_required\"><\/span>\n    <\/div>\n    <div class=\"frm_opt_container\" aria-labelledby=\"field_n45et_label\" role=\"group\">\t\t<div class=\"frm_checkbox\" id=\"frm_checkbox_50-0\">\t\t\t<label  for=\"field_n45et-0\">\n\t\t\t<input type=\"checkbox\" name=\"item_meta[50][]\" id=\"field_n45et-0\" value=\"Otro medio\"  data-invmsg=\"Este campo no es v\u00e1lido\"   \/> Otro medio<\/label><\/div>\n<\/div>\n    \n    \n<\/div>\n<div id=\"frm_field_51_container\" class=\"frm_form_field form-field  frm_top_container frm10\">\n    <label for=\"field_xf5jl\" id=\"field_xf5jl_label\" class=\"frm_primary_label\">Describa cual\n        <span class=\"frm_required\"><\/span>\n    <\/label>\n    <textarea name=\"item_meta[51]\" id=\"field_xf5jl\" rows=\"5\"  data-invmsg=\"Describa cual no es v\u00e1lido\" aria-invalid=\"false\"  ><\/textarea>\n    \n    \n<\/div>\n<div id=\"frm_field_52_container\" class=\"frm_form_field  frm_html_container form-field\">Si desea domiciliar la cuota anual rellene los datos de su cuenta para la ORDEN BANCARIA del recibo presentado por la Asociaci\u00f3n Espa\u00f1ola de Monta a la Amazona\n<\/div>\n<div id=\"frm_field_53_container\" class=\"frm_form_field form-field  frm_top_container\">\n    <label for=\"field_w6wao\" id=\"field_w6wao_label\" class=\"frm_primary_label\">IBAN\n        <span class=\"frm_required\"><\/span>\n    <\/label>\n    <input type=\"text\" id=\"field_w6wao\" name=\"item_meta[53]\" value=\"\"  data-invmsg=\"Texto no es v\u00e1lido\" aria-invalid=\"false\"  \/>\n    \n    \n<\/div>\n<div id=\"frm_field_54_container\" class=\"frm_form_field form-field  frm_top_container\">\n    <label for=\"field_geu2k\" id=\"field_geu2k_label\" class=\"frm_primary_label\">Titular de la cuenta\n        <span class=\"frm_required\"><\/span>\n    <\/label>\n    <input type=\"text\" id=\"field_geu2k\" name=\"item_meta[54]\" value=\"\"  data-invmsg=\"Texto no es v\u00e1lido\" aria-invalid=\"false\"  \/>\n    \n    \n<\/div>\n<div id=\"frm_field_55_container\" class=\"frm_form_field form-field  frm_top_container\">\n    <label for=\"field_rd16t\" id=\"field_rd16t_label\" class=\"frm_primary_label\">Banco o Caja\n        <span class=\"frm_required\"><\/span>\n    <\/label>\n    <input type=\"text\" id=\"field_rd16t\" name=\"item_meta[55]\" value=\"\"  data-invmsg=\"Texto no es v\u00e1lido\" aria-invalid=\"false\"  \/>\n    \n    \n<\/div>\n<div id=\"frm_field_56_container\" class=\"frm_form_field form-field  frm_top_container frm_alignright frm_half\">\n    <label for=\"field_13gm6\" id=\"field_13gm6_label\" class=\"frm_primary_label\">Fecha\n        <span class=\"frm_required\"><\/span>\n    <\/label>\n    <input type=\"text\" id=\"field_13gm6\" name=\"item_meta[56]\" value=\"\"  data-invmsg=\"Texto no es v\u00e1lido\" aria-invalid=\"false\"  \/>\n    \n    \n<\/div>\n<div id=\"frm_field_57_container\" class=\"frm_form_field  frm_html_container form-field\"><span style=\"color: #6868b2;\"><span style=\"font-size: 16px;\">Conexi\u00f3n Segura SSL<\/span><\/span><\/p>\n<p><img decoding=\"async\" src=\"https:\/\/monta-amazona.x10.mx\/club\/wp-content\/uploads\/2021\/01\/sectigo_trust_seal_sm_82x32.png\" alt=\"\" \/><\/div>\n<div id=\"frm_field_58_container\" class=\"frm_form_field  lt frm_html_container form-field\"><span style=\"color: #6868b2;\"><span style=\"font-size: 12px;\">La informaci\u00f3n recogida en este formulario ser\u00e1 utilizada exclusivamente para los fines de la asociaci\u00f3n y puede ser modificada o anulada por el titular en la sede social de la Asociaci\u00f3n.<\/span><br \/>\n<span style=\"font-size: 12px;\"><a href=\"https:\/\/monta-amazona.x10.mx\/club\/privacy-policy\/\">Politica de Privacidad<\/a><\/span><\/span><\/div>\n<div id=\"frm_field_1134_container\" class=\"frm_form_field form-field \">\n\t<div class=\"frm_submit\">\r\n\r\n<button class=\"frm_button_submit\" type=\"submit\"  >Enviar<\/button>\r\n\r\n<\/div>\n<\/div>\n\t<input type=\"hidden\" name=\"item_key\" value=\"\" \/>\n\t\t\t<div id=\"frm_field_1150_container\">\n\t\t\t<label for=\"field_vmqea\" >\n\t\t\t\tSi eres humano, deja este campo en blanco.\t\t\t<\/label>\n\t\t\t<input  id=\"field_vmqea\" type=\"text\" class=\"frm_form_field form-field frm_verify\" name=\"item_meta[1150]\" value=\"\"  \/>\n\t\t<\/div>\n\t\t<input name=\"frm_state\" type=\"hidden\" value=\"e8RBtNLHOgtGmqv2mtYvgSc6DNZbQ\/vKQQQgg5UXo4k=\" \/><\/div>\n<\/fieldset>\n<\/div>\n\n<\/form>\n<\/div>\n\n<hr \/>\n<p><span style=\"font-size: 12pt;\">Si prefiere el formulario en formato tradicional,<\/span><br \/>\n<span style=\"font-size: 12pt;\"><span style=\"color: black;\"><em>para rellenar a mano<\/em><\/span><\/span><br \/>\n<span style=\"font-size: 12pt;\">descargue <strong><a href=\"https:\/\/www.monta-amazona.com\/clubaema1\/wp-content\/uploads\/files\/inscrip-socia\/Socia2021_AEMA.pdf\">Impreso de Inscripci\u00f3n 2021 para Impresora<\/a><\/strong><\/span><\/p>\n<p><span style=\"font-size: 12pt;\"><span style=\"color: black;\"><em>para rellenar en ordenador con programa Word<\/em><\/span><\/span><br \/>\n<span style=\"font-size: 12pt;\">descargue <a href=\"https:\/\/www.monta-amazona.com\/clubaema1\/wp-content\/uploads\/files\/inscrip-socia\/Socia2021_AEMA.docx\/\"><strong>Impreso de Inscripci\u00f3n 2021 Word<\/strong><\/a> para ordenador<\/span><br \/>\n<span style=\"font-size: 10pt;\">puede rellenarse en ordenador sin necesidad de imprimir,<br \/>\nesta opci\u00f3n no funciona en m\u00f3vil ni tableta<\/span><\/p>\n<p><span style=\"font-size: 12pt;\">Si desea realizar el ingreso mediante transferencia bancaria<\/span><\/p>\n<p><span style=\"font-size: 12pt;\">IBAN ES85 3081 0331 1729 7328 8323<br \/>\nBIC: BCOEESMM081<br \/>\nTitular: Asociaci\u00f3n Espa\u00f1ola de Monta a la Amazona<br \/>\nEntidad: EuroCaja Rural <\/span><\/p>\n<p>El formulario adquiere validez cuando se haya recibido el pago.<\/p>\n","protected":false},"excerpt":{"rendered":"<p><span style=\"font-size: 14pt;\">Inscripci\u00f3n Nueva Socia 2021<\/span><\/p>\n<p><span style=\"font-size: 8pt;\"> Por favor, rellene el formulario m\u00e1s abajo<\/span><\/p>\n","protected":false},"featured_media":1205,"comment_status":"open","ping_status":"closed","template":"","meta":{"_kadence_starter_templates_imported_post":false,"_kad_post_transparent":"default","_kad_post_title":"","_kad_post_layout":"default","_kad_post_sidebar_id":"","_kad_post_content_style":"default","_kad_post_vertical_padding":"default","_kad_post_feature":"","_kad_post_feature_position":"","_kad_post_header":false,"_kad_post_footer":false,"_kad_post_classname":""},"product_brand":[],"product_cat":[58,60],"product_tag":[],"class_list":{"0":"post-1275","1":"product","2":"type-product","3":"status-publish","4":"has-post-thumbnail","6":"product_cat-conexnosocias","7":"product_cat-asocia","9":"first","10":"outofstock","11":"virtual","12":"sold-individually","13":"purchasable","14":"product-type-simple","15":"entry","16":"content-bg","17":"loop-entry"},"_links":{"self":[{"href":"https:\/\/www.monta-amazona.com\/clubaema1\/wp-json\/wp\/v2\/product\/1275","targetHints":{"allow":["GET"]}}],"collection":[{"href":"https:\/\/www.monta-amazona.com\/clubaema1\/wp-json\/wp\/v2\/product"}],"about":[{"href":"https:\/\/www.monta-amazona.com\/clubaema1\/wp-json\/wp\/v2\/types\/product"}],"replies":[{"embeddable":true,"href":"https:\/\/www.monta-amazona.com\/clubaema1\/wp-json\/wp\/v2\/comments?post=1275"}],"wp:featuredmedia":[{"embeddable":true,"href":"https:\/\/www.monta-amazona.com\/clubaema1\/wp-json\/wp\/v2\/media\/1205"}],"wp:attachment":[{"href":"https:\/\/www.monta-amazona.com\/clubaema1\/wp-json\/wp\/v2\/media?parent=1275"}],"wp:term":[{"taxonomy":"product_brand","embeddable":true,"href":"https:\/\/www.monta-amazona.com\/clubaema1\/wp-json\/wp\/v2\/product_brand?post=1275"},{"taxonomy":"product_cat","embeddable":true,"href":"https:\/\/www.monta-amazona.com\/clubaema1\/wp-json\/wp\/v2\/product_cat?post=1275"},{"taxonomy":"product_tag","embeddable":true,"href":"https:\/\/www.monta-amazona.com\/clubaema1\/wp-json\/wp\/v2\/product_tag?post=1275"}],"curies":[{"name":"wp","href":"https:\/\/api.w.org\/{rel}","templated":true}]}}