{"id":5985,"date":"2020-12-12T22:40:26","date_gmt":"2020-12-12T22:40:26","guid":{"rendered":"https:\/\/www.monta-amazona.com\/clubaema1\/?post_type=product&#038;p=5985"},"modified":"2020-12-13T06:44:35","modified_gmt":"2020-12-13T06:44:35","slug":"inscrip-gv-1-socias","status":"publish","type":"product","link":"https:\/\/www.monta-amazona.com\/clubaema1\/product\/inscrip-gv-1-socias\/","title":{"rendered":"Inscripci\u00f3n \u00abGarbeo Virtual 1\u00bb \u2248Socias\u2248"},"content":{"rendered":"<p><span style=\"font-size: 14pt;\">Inscripci\u00f3n \u00abGarbeo Virtual 1\u00bb Invierno 2020-21<\/span><br \/>\n<span style=\"font-size: 14pt;\">\u2248Socias AEMA\u2248<\/span><br \/>\n<span style=\"font-size: 12pt;\">Concurso AEMA de Pr\u00e1cticas y Entrenamiento -no presencial-<\/span><\/p>\n<p><span style=\"font-size: 16px;\">termina el <strong>31 enero 2021<\/strong><\/span><br \/>\n<span style=\"font-size: 14px;\">Rellene el formulario m\u00e1s abajo<\/span><\/p>\n<p><span style=\"font-size: 14px;\">Esta inscripci\u00f3n es para Socias AEMA con cuota en vigor.<br \/>\nPuede actualizar su Cuota Anual <a href=\"https:\/\/www.monta-amazona.com\/clubaema1\/product\/renova-2021\/\">aqu\u00ed<\/a>.<br \/>\nSi no tiene su cuota de socia actualizada, tiene dudas o desconoce su n\u00famero de socia,<br \/>\np\u00f3ngase en contacto por email <em><a href=\"mailto:aema.asociacion@gmail.com\">aema.asociacion@gmail.com<\/a><\/em>,<br \/>\npor tel\u00e9fono o Telegram al 692 192 777<\/span><\/p>\n<hr style=\"background: none; border-top: 2px solid #6868b2;\" \/>\n<p><span style=\"font-size: 14px;\">Si no es Socia,<br \/>\npuede acceder a la inscripci\u00f3n para No Socias <a href=\"https:\/\/www.monta-amazona.com\/clubaema1\/product\/inscrip-gv-1-ns\/\">aqu\u00ed<\/a>.<br \/>\no puede hacerse Socia <a href=\"https:\/\/www.monta-amazona.com\/clubaema1\/product\/socia-2021\/\">aqu\u00ed<\/a><\/span>.<\/p>\n<hr style=\"background: none; border-top: 2px solid #6868b2;\" \/>\n<p>&nbsp;<\/p>\n<div class=\"frm_forms  with_frm_style frm_style_estilo-de-formidable\" id=\"frm_form_6_container\" >\n<form enctype=\"multipart\/form-data\" method=\"post\" class=\"frm-show-form \" id=\"form_garbeo1socias\" >\n<div class=\"frm_form_fields \">\n<fieldset>\n<legend class=\"frm_screen_reader\">\u00abGarbeo Virtual\u00bb Invierno 2020-21 -Socias-<\/legend>\r\n<\/br>\r\n<div class=\"frm_fields_container\">\n<input type=\"hidden\" name=\"frm_action\" value=\"create\" \/>\n<input type=\"hidden\" name=\"form_id\" value=\"6\" \/>\n<input type=\"hidden\" name=\"frm_hide_fields_6\" id=\"frm_hide_fields_6\" value=\"\" \/>\n<input type=\"hidden\" name=\"form_key\" value=\"garbeo1socias\" \/>\n<input type=\"hidden\" name=\"item_meta[0]\" value=\"\" \/>\n<input type=\"hidden\" id=\"frm_submit_entry_6\" name=\"frm_submit_entry_6\" value=\"14a931e232\" \/><input type=\"hidden\" name=\"_wp_http_referer\" value=\"\/clubaema1\/wp-json\/wp\/v2\/product\/5985\" \/><div id=\"frm_field_86_container\" class=\"frm_form_field  br frm_html_container form-field\"><\/br><span style=\"font-size: 14pt;\">Registro de Inscripci\u00f3n<\/span> para el  <span style=\"font-size: 14pt;\"><strong>\u00abGarbeo Virtual\u00bb<\/strong> Invierno 2020-21<\/span><\/br><br \/>\nEste formulario es para <strong>Socias AEMA<\/strong> <\/p>\n<p>Inscripci\u00f3n y entrega de v\u00eddeos de las pruebas <strong>hasta el 31 enero  2021<\/strong><br \/>\n<span style=\"font-size: 8pt;\">Consulte las instrucciones para grabaci\u00f3n y env\u00edo de v\u00eddeo en <a href=\"https:\/\/monta-amazona.x10.mx\/club\/consejos\/\" data-type=\"URL\" data-id=\"https:\/\/monta-amazona.x10.mx\/club\/consejos\/\">Consejos<\/a> <\/span> <\/p>\n<p><span style=\"font-size: 8pt;\">Por favor, rellene los apartados de este formulario, son necesarios para enviarle el resultado y el premio.<\/span><br \/>\n<span style=\"font-size: 8pt;\">Marque las pruebas en las que va a participar en cada grupo<br \/>\nConsulte las incompatibilidades de inscripci\u00f3n en diferentes grupos de pruebas en <a href=\"https:\/\/monta-amazona.x10.mx\/club\/normas\/\" data-type=\"URL\" data-id=\"https:\/\/monta-amazona.x10.mx\/club\/normas\/\">Normas<\/a><\/span><\/p>\n<p><span style=\"font-size: 8pt;\">para cualquier aclaraci\u00f3n o duda, escriba a <em>aema.concurso@gmail.com<\/em><\/span><\/div>\n<div id=\"frm_field_87_container\" class=\"frm_form_field form-field  frm_required_field frm_top_container frm_fourth\">\r\n    <label for=\"field_cqdfq\" id=\"field_cqdfq_label\" class=\"frm_primary_label\">Socia AEMA n\u00ba\r\n        <span class=\"frm_required\">*<\/span>\r\n    <\/label>\r\n    <input type=\"text\" id=\"field_cqdfq\" name=\"item_meta[87]\" value=\"\"  data-reqmsg=\"Este campo no puede estar en blanco.\" aria-required=\"true\" data-invmsg=\"Texto no es v\u00e1lido\" aria-invalid=\"false\"  \/>\r\n    \r\n    \r\n<\/div>\n<div id=\"frm_field_88_container\" class=\"frm_form_field form-field  frm_required_field frm_top_container frm_three_fourths\">\r\n    <label for=\"field_r0uo0ffd04c618\" id=\"field_r0uo0ffd04c618_label\" class=\"frm_primary_label\">Correo electr\u00f3nico\r\n        <span class=\"frm_required\">*<\/span>\r\n    <\/label>\r\n    <input type=\"email\" id=\"field_r0uo0ffd04c618\" name=\"item_meta[88]\" value=\"\"  data-reqmsg=\"Este campo no puede estar en blanco.\" aria-required=\"true\" data-invmsg=\"Correo electr\u00f3nico no es v\u00e1lido\" aria-invalid=\"false\"  \/>\r\n    \r\n    \r\n<\/div>\n<div id=\"frm_field_89_container\" class=\"frm_form_field form-field  frm_required_field frm_top_container frm_half\">\r\n    <label for=\"field_67m9g99c5e18703\" id=\"field_67m9g99c5e18703_label\" class=\"frm_primary_label\">Nombre\r\n        <span class=\"frm_required\">*<\/span>\r\n    <\/label>\r\n    <input type=\"text\" id=\"field_67m9g99c5e18703\" name=\"item_meta[89]\" value=\"\"  data-reqmsg=\"Este campo no puede estar en blanco.\" aria-required=\"true\" data-invmsg=\"Texto no es v\u00e1lido\" aria-invalid=\"false\"  \/>\r\n    \r\n    \r\n<\/div>\n<div id=\"frm_field_90_container\" class=\"frm_form_field form-field  frm_required_field frm_top_container frm_half\">\r\n    <label for=\"field_khy4n634df9d9f0\" id=\"field_khy4n634df9d9f0_label\" class=\"frm_primary_label\">Apellido\r\n        <span class=\"frm_required\">*<\/span>\r\n    <\/label>\r\n    <input type=\"text\" id=\"field_khy4n634df9d9f0\" name=\"item_meta[90]\" value=\"\"  data-reqmsg=\"Este campo no puede estar en blanco.\" aria-required=\"true\" data-invmsg=\"Texto no es v\u00e1lido\" aria-invalid=\"false\"  \/>\r\n    \r\n    \r\n<\/div>\n<div id=\"frm_field_91_container\" class=\"frm_form_field form-field  frm_required_field frm_top_container frm_third\">\r\n    <label for=\"field_kjrthf3618df0d2\" id=\"field_kjrthf3618df0d2_label\" class=\"frm_primary_label\">Tel\u00e9fono\r\n        <span class=\"frm_required\">*<\/span>\r\n    <\/label>\r\n    <input type=\"text\" id=\"field_kjrthf3618df0d2\" name=\"item_meta[91]\" value=\"\"  data-reqmsg=\"Este campo no puede estar en blanco.\" aria-required=\"true\" data-invmsg=\"Texto no es v\u00e1lido\" aria-invalid=\"false\"  \/>\r\n    \r\n    \r\n<\/div>\n<div id=\"frm_field_92_container\" class=\"frm_form_field form-field  frm_required_field frm_top_container frm_two_thirds\">\r\n    <label for=\"field_hkr38beb2beb37b\" id=\"field_hkr38beb2beb37b_label\" class=\"frm_primary_label\">Nombre del Caballo\r\n        <span class=\"frm_required\">*<\/span>\r\n    <\/label>\r\n    <input type=\"text\" id=\"field_hkr38beb2beb37b\" name=\"item_meta[92]\" value=\"\"  data-reqmsg=\"Este campo no puede estar en blanco.\" aria-required=\"true\" data-invmsg=\"Texto no es v\u00e1lido\" aria-invalid=\"false\"  \/>\r\n    \r\n    \r\n<\/div>\n<div id=\"frm_field_93_container\" class=\"frm_form_field form-field  frm_top_container frm_half\">\r\n    <label for=\"field_kif20c1d4ddd68e\" id=\"field_kif20c1d4ddd68e_label\" class=\"frm_primary_label\">Equitaci\u00f3n 100 \u2248Paso\u2248\r\n        <span class=\"frm_required\"><\/span>\r\n    <\/label>\r\n    \t\t<select name=\"item_meta[93]\" id=\"field_kif20c1d4ddd68e\"  data-invmsg=\"Equitaci\u00f3n 100 \u2248Paso\u2248 no es v\u00e1lido\" aria-invalid=\"false\"  >\n\t\t<option  value=\"-\">-<\/option><option  value=\"Prueba AEMA 101c \u2248Paso\u2248\">Prueba AEMA 101c \u2248Paso\u2248<\/option><option  value=\"Prueba AEMA 102c \u2248Paso\u2248\">Prueba AEMA 102c \u2248Paso\u2248<\/option><option  value=\"Prueba AEMA 103c \u2248Paso\u2248\">Prueba AEMA 103c \u2248Paso\u2248<\/option><option  value=\"Prueba AEMA 104c \u2248Paso\u2248\">Prueba AEMA 104c \u2248Paso\u2248<\/option>\t<\/select>\n\t\r\n    \r\n    \r\n<\/div>\n<div id=\"frm_field_94_container\" class=\"frm_form_field form-field  frm_top_container frm_half\">\r\n    <label for=\"field_fic5t1e2ec40c44\" id=\"field_fic5t1e2ec40c44_label\" class=\"frm_primary_label\">Equitaci\u00f3n 200 \u2248Paso-Trote\u2248\r\n        <span class=\"frm_required\"><\/span>\r\n    <\/label>\r\n    \t\t<select name=\"item_meta[94]\" id=\"field_fic5t1e2ec40c44\"  data-invmsg=\"Equitaci\u00f3n 200 \u2248Paso-Trote\u2248 no es v\u00e1lido\" aria-invalid=\"false\"  >\n\t\t<option  value=\"-\">-<\/option><option  value=\"Prueba AEMA 201c \u2248Paso-Trote\u2248\">Prueba AEMA 201c \u2248Paso-Trote\u2248<\/option><option  value=\"Prueba AEMA 202c \u2248Paso-Trote\u2248\">Prueba AEMA 202c \u2248Paso-Trote\u2248<\/option><option  value=\"Prueba AEMA 203c \u2248Paso-Trote\u2248\">Prueba AEMA 203c \u2248Paso-Trote\u2248<\/option><option  value=\"Prueba AEMA 204c \u2248Paso-Trote\u2248\">Prueba AEMA 204c \u2248Paso-Trote\u2248<\/option><option  value=\"Prueba AEMA 205c \u2248Paso-Trote\u2248\">Prueba AEMA 205c \u2248Paso-Trote\u2248<\/option>\t<\/select>\n\t\r\n    \r\n    \r\n<\/div>\n<div id=\"frm_field_95_container\" class=\"frm_form_field form-field  frm_top_container frm_half\">\r\n    <label for=\"field_komgif3ae2074eb\" id=\"field_komgif3ae2074eb_label\" class=\"frm_primary_label\">Equitaci\u00f3n 300 \u2248Paso-Trote-Galope\u2248\r\n        <span class=\"frm_required\"><\/span>\r\n    <\/label>\r\n    \t\t<select name=\"item_meta[95]\" id=\"field_komgif3ae2074eb\"  data-invmsg=\"Equitaci\u00f3n 300 \u2248Paso-Trote-Galope\u2248 no es v\u00e1lido\" aria-invalid=\"false\"  >\n\t\t<option  value=\"-\">-<\/option><option  value=\"Prueba AEMA 301c \u2248Paso-Trote-Galope\u2248\">Prueba AEMA 301c \u2248Paso-Trote-Galope\u2248<\/option><option  value=\"Prueba AEMA 302c \u2248Paso-Trote-Galope\u2248\">Prueba AEMA 302c \u2248Paso-Trote-Galope\u2248<\/option><option  value=\"Prueba AEMA 303c \u2248Paso-Trote-Galope\u2248\">Prueba AEMA 303c \u2248Paso-Trote-Galope\u2248<\/option><option  value=\"Prueba AEMA 304c \u2248Paso-Trote-Galope\u2248\">Prueba AEMA 304c \u2248Paso-Trote-Galope\u2248<\/option><option  value=\"Prueba AEMA 305c \u2248Paso-Trote-Galope\u2248\">Prueba AEMA 305c \u2248Paso-Trote-Galope\u2248<\/option><option  value=\"Prueba AEMA 306c \u2248Paso-Trote-Galope\u2248\">Prueba AEMA 306c \u2248Paso-Trote-Galope\u2248<\/option>\t<\/select>\n\t\r\n    \r\n    \r\n<\/div>\n<div id=\"frm_field_96_container\" class=\"frm_form_field form-field  frm_top_container frm_half\">\r\n    <label for=\"field_q7gjr46db0b1215\" id=\"field_q7gjr46db0b1215_label\" class=\"frm_primary_label\">Equitaci\u00f3n 400 \u2248Paso-Galope\u2248\r\n        <span class=\"frm_required\"><\/span>\r\n    <\/label>\r\n    \t\t<select name=\"item_meta[96]\" id=\"field_q7gjr46db0b1215\"  data-invmsg=\"Equitaci\u00f3n 400 \u2248Paso-Galope\u2248 no es v\u00e1lido\" aria-invalid=\"false\"  >\n\t\t<option  value=\"-\">-<\/option><option  value=\"Prueba AEMA 401c \u2248Paso-Galope\u2248\">Prueba AEMA 401c \u2248Paso-Galope\u2248<\/option><option  value=\"Prueba AEMA 402c \u2248Paso-Galope\u2248\">Prueba AEMA 402c \u2248Paso-Galope\u2248<\/option><option  value=\"Prueba AEMA 403c \u2248Paso-Galope\u2248\">Prueba AEMA 403c \u2248Paso-Galope\u2248<\/option><option  value=\"Prueba AEMA 404c \u2248Paso-Galope\u2248\">Prueba AEMA 404c \u2248Paso-Galope\u2248<\/option><option  value=\"Prueba AEMA 405c \u2248Paso-Galope\u2248\">Prueba AEMA 405c \u2248Paso-Galope\u2248<\/option><option  value=\"Prueba AEMA 406c \u2248Paso-Galope\u2248\">Prueba AEMA 406c \u2248Paso-Galope\u2248<\/option>\t<\/select>\n\t\r\n    \r\n    \r\n<\/div>\n<div id=\"frm_field_97_container\" class=\"frm_form_field form-field  frm_top_container frm_half\">\r\n    <label for=\"field_inwava192e21d83\" id=\"field_inwava192e21d83_label\" class=\"frm_primary_label\">\ud83c\udfc6 \u00abPremio Musy\u00bb \ud83c\udfc6\r\n        <span class=\"frm_required\"><\/span>\r\n    <\/label>\r\n    \t\t<select name=\"item_meta[97]\" id=\"field_inwava192e21d83\"  data-invmsg=\"\ud83c\udfc6 \u00abPremio Musy\u00bb \ud83c\udfc6 no es v\u00e1lido\" aria-invalid=\"false\"  >\n\t\t<option  value=\"-\">-<\/option><option  value=\"Premio Musy 911c\">Premio Musy 911c<\/option><option  value=\"Premio Musy 912c\">Premio Musy 912c<\/option><option  value=\"Premio Musy 913c\">Premio Musy 913c<\/option><option  value=\"Premio Musy 914c\">Premio Musy 914c<\/option><option  value=\"Premio Musy 921c\">Premio Musy 921c<\/option><option  value=\"Premio Musy 922c\">Premio Musy 922c<\/option><option  value=\"Premio Musy 923c\">Premio Musy 923c<\/option><option  value=\"Premio Musy 924c\">Premio Musy 924c<\/option><option  value=\"Premio Musy 925c\">Premio Musy 925c<\/option><option  value=\"Premio Musy 931c\">Premio Musy 931c<\/option><option  value=\"Premio Musy 932c\">Premio Musy 932c<\/option><option  value=\"Premio Musy 933c\">Premio Musy 933c<\/option><option  value=\"Premio Musy 934c\">Premio Musy 934c<\/option><option  value=\"Premio Musy 935c\">Premio Musy 935c<\/option><option  value=\"Premio Musy 936c\">Premio Musy 936c<\/option>\t<\/select>\n\t\r\n    \r\n    \r\n<\/div>\n<div id=\"frm_field_98_container\" class=\"frm_form_field form-field  frm_required_field frm_top_container\">\r\n    <label for=\"field_mktv180c9e9f4a2\" id=\"field_mktv180c9e9f4a2_label\" class=\"frm_primary_label\">Direcci\u00f3n\r\n        <span class=\"frm_required\">*<\/span>\r\n    <\/label>\r\n    <input type=\"text\" id=\"field_mktv180c9e9f4a2\" name=\"item_meta[98]\" value=\"\"  data-reqmsg=\"Este campo no puede estar en blanco.\" aria-required=\"true\" data-invmsg=\"Texto no es v\u00e1lido\" aria-invalid=\"false\"  \/>\r\n    \r\n    \r\n<\/div>\n<div id=\"frm_field_99_container\" class=\"frm_form_field form-field  frm_top_container\">\r\n    <label for=\"field_kj0k07c5f4a222\" id=\"field_kj0k07c5f4a222_label\" class=\"frm_primary_label\">Direcci\u00f3n\r\n        <span class=\"frm_required\"><\/span>\r\n    <\/label>\r\n    <input type=\"text\" id=\"field_kj0k07c5f4a222\" name=\"item_meta[99]\" value=\"\"  data-invmsg=\"Texto no es v\u00e1lido\" aria-invalid=\"false\"  \/>\r\n    \r\n    \r\n<\/div>\n<div id=\"frm_field_100_container\" class=\"frm_form_field form-field  frm_required_field frm_top_container frm_third\">\r\n    <label for=\"field_bigko0bfcd0f4d8\" id=\"field_bigko0bfcd0f4d8_label\" class=\"frm_primary_label\">C\u00f3digo Postal\r\n        <span class=\"frm_required\">*<\/span>\r\n    <\/label>\r\n    <input type=\"text\" id=\"field_bigko0bfcd0f4d8\" name=\"item_meta[100]\" value=\"\"  data-reqmsg=\"Este campo no puede estar en blanco.\" aria-required=\"true\" data-invmsg=\"Texto no es v\u00e1lido\" aria-invalid=\"false\"  \/>\r\n    \r\n    \r\n<\/div>\n<div id=\"frm_field_101_container\" class=\"frm_form_field form-field  frm_required_field frm_top_container frm_two_thirds\">\r\n    <label for=\"field_ualacd1286b3a8e\" id=\"field_ualacd1286b3a8e_label\" class=\"frm_primary_label\">Ciudad\r\n        <span class=\"frm_required\">*<\/span>\r\n    <\/label>\r\n    <input type=\"text\" id=\"field_ualacd1286b3a8e\" name=\"item_meta[101]\" value=\"\"  data-reqmsg=\"Este campo no puede estar en blanco.\" aria-required=\"true\" data-invmsg=\"Texto no es v\u00e1lido\" aria-invalid=\"false\"  \/>\r\n    \r\n    \r\n<\/div>\n<div id=\"frm_field_102_container\" class=\"frm_form_field form-field  frm_top_container\">\r\n    <label for=\"field_iryv38af9126828\" id=\"field_iryv38af9126828_label\" class=\"frm_primary_label\">Provincia\/Regi\u00f3n\r\n        <span class=\"frm_required\"><\/span>\r\n    <\/label>\r\n    <input type=\"text\" id=\"field_iryv38af9126828\" name=\"item_meta[102]\" value=\"\"  data-invmsg=\"Texto no es v\u00e1lido\" aria-invalid=\"false\"  \/>\r\n    \r\n    \r\n<\/div>\n<div id=\"frm_field_103_container\" class=\"frm_form_field form-field  frm_required_field frm_top_container\">\r\n    <label for=\"field_e0se1ae7888a264\" id=\"field_e0se1ae7888a264_label\" class=\"frm_primary_label\">Pa\u00eds\r\n        <span class=\"frm_required\">*<\/span>\r\n    <\/label>\r\n    <input type=\"text\" id=\"field_e0se1ae7888a264\" name=\"item_meta[103]\" value=\"\"  data-reqmsg=\"Este campo no puede estar en blanco.\" aria-required=\"true\" data-invmsg=\"Texto no es v\u00e1lido\" aria-invalid=\"false\"  \/>\r\n    \r\n    \r\n<\/div>\n<div id=\"frm_field_104_container\" class=\"frm_form_field form-field  frm_top_container\">\r\n    <label for=\"field_3i800\" id=\"field_3i800_label\" class=\"frm_primary_label\">Nota que quiera a\u00f1adir a su inscripci\u00f3n\r\n        <span class=\"frm_required\"><\/span>\r\n    <\/label>\r\n    <textarea name=\"item_meta[104]\" id=\"field_3i800\" rows=\"5\"  data-invmsg=\"Nota que quiera a\u00f1adir a su inscripci\u00f3n no es v\u00e1lido\" aria-invalid=\"false\"  ><\/textarea>\r\n    \r\n    \r\n<\/div>\n\t<input type=\"hidden\" name=\"item_key\" value=\"\" \/>\n\t\t\t<div id=\"frm_field_1150_container\">\n\t\t\t<label for=\"field_zp8fo\" >\n\t\t\t\tSi eres humano, deja este campo en blanco.\t\t\t<\/label>\n\t\t\t<input  id=\"field_zp8fo\" type=\"text\" class=\"frm_form_field form-field frm_verify\" name=\"item_meta[1150]\" value=\"\"  \/>\n\t\t<\/div>\n\t\t<input name=\"frm_state\" type=\"hidden\" value=\"e8RBtNLHOgtGmqv2mtYvgSc6DNZbQ\/vKQQQgg5UXo4k=\" \/><div class=\"frm_submit\">\r\n\r\n<button class=\"frm_button_submit\" type=\"submit\"  >Enviar<\/button>\r\n\r\n<\/div><\/div>\n<\/fieldset>\n<\/div>\n\n<\/form>\n<\/div>\n\n","protected":false},"excerpt":{"rendered":"<p><span style=\"font-size: 16px;\">Inscripci\u00f3n \u00ab<span style=\"font-family: orbitron, sans-serif;\">Garbeo Virtual <\/span><strong>1<\/strong>\u00bb <\/span><span style=\"font-size: 12pt;\">Invierno 2020-21<\/span><br \/>\n<span style=\"font-size: 12pt;\">Concurso AEMA de Pr\u00e1cticas y Entrenamiento -no presencial-<\/span><br \/>\ntermina el <strong>31 enero 2021<\/strong><\/span><br \/>\n<span style=\"font-size: 14px;\">Esta Inscripci\u00f3n es para <strong>Socias AEMA<\/strong><\/span><br \/>\n<span style=\"font-size: 12px;\">\u00a0Solo es necesario rellenar y enviar el formulario m\u00e1s abajo<\/span><br \/>\n<span style=\"font-size: 11px;\">Inscripci\u00f3n para <strong>No Socias<\/strong> <a href=\"https:\/\/www.monta-amazona.com\/clubaema1\/product\/inscrip-gv-1-ns\/\">aqu\u00ed<\/a><\/span><\/p>\n","protected":false},"featured_media":5789,"comment_status":"open","ping_status":"closed","template":"","meta":{"_kadence_starter_templates_imported_post":false,"_kad_post_transparent":"default","_kad_post_title":"","_kad_post_layout":"default","_kad_post_sidebar_id":"","_kad_post_content_style":"default","_kad_post_vertical_padding":"default","_kad_post_feature":"","_kad_post_feature_position":"","_kad_post_header":false,"_kad_post_footer":false,"_kad_post_classname":""},"product_brand":[],"product_cat":[97,64,62],"product_tag":[71,69,68],"class_list":{"0":"post-5985","1":"product","2":"type-product","3":"status-publish","4":"has-post-thumbnail","6":"product_cat-garbeo","7":"product_cat-inscrip","8":"product_cat-inscripsi","9":"product_tag-garbeo-virtual","10":"product_tag-inscripcion-socias","11":"product_tag-inscripciones","13":"first","14":"outofstock","15":"shipping-taxable","16":"purchasable","17":"product-type-simple","18":"entry","19":"content-bg","20":"loop-entry"},"_links":{"self":[{"href":"https:\/\/www.monta-amazona.com\/clubaema1\/wp-json\/wp\/v2\/product\/5985","targetHints":{"allow":["GET"]}}],"collection":[{"href":"https:\/\/www.monta-amazona.com\/clubaema1\/wp-json\/wp\/v2\/product"}],"about":[{"href":"https:\/\/www.monta-amazona.com\/clubaema1\/wp-json\/wp\/v2\/types\/product"}],"replies":[{"embeddable":true,"href":"https:\/\/www.monta-amazona.com\/clubaema1\/wp-json\/wp\/v2\/comments?post=5985"}],"wp:featuredmedia":[{"embeddable":true,"href":"https:\/\/www.monta-amazona.com\/clubaema1\/wp-json\/wp\/v2\/media\/5789"}],"wp:attachment":[{"href":"https:\/\/www.monta-amazona.com\/clubaema1\/wp-json\/wp\/v2\/media?parent=5985"}],"wp:term":[{"taxonomy":"product_brand","embeddable":true,"href":"https:\/\/www.monta-amazona.com\/clubaema1\/wp-json\/wp\/v2\/product_brand?post=5985"},{"taxonomy":"product_cat","embeddable":true,"href":"https:\/\/www.monta-amazona.com\/clubaema1\/wp-json\/wp\/v2\/product_cat?post=5985"},{"taxonomy":"product_tag","embeddable":true,"href":"https:\/\/www.monta-amazona.com\/clubaema1\/wp-json\/wp\/v2\/product_tag?post=5985"}],"curies":[{"name":"wp","href":"https:\/\/api.w.org\/{rel}","templated":true}]}}