{"id":5995,"date":"2021-03-20T20:27:27","date_gmt":"2021-03-20T20:27:27","guid":{"rendered":"https:\/\/www.monta-amazona.com\/clubaema1\/?post_type=product&#038;p=5995"},"modified":"2021-03-20T20:45:58","modified_gmt":"2021-03-20T20:45:58","slug":"inscrip-gv-2-socias","status":"publish","type":"product","link":"https:\/\/www.monta-amazona.com\/clubaema1\/product\/inscrip-gv-2-socias\/","title":{"rendered":"Inscripci\u00f3n \u00abGarbeo Virtual 2\u00bb \u2248Socias\u2248"},"content":{"rendered":"<p><span style=\"font-size: 14pt;\">Inscripci\u00f3n \u00ab<span style=\"font-family: lucida sans unicode,lucida grande,sans-serif;\">Garbeo Virtual <strong>2<\/strong><\/span>\u00bb Primavera 2021 \u2248Socias\u2248<br \/>\n<span style=\"font-size: 14pt;\">Concurso AEMA de Pr\u00e1cticas y Entrenamiento -no presencial-<\/span><\/span><\/p>\n<p><span style=\"font-size: 18px;\">Socias AEMA<\/span><br \/>\n<span style=\"font-size: 18px;\">termina el <strong>31 mayo 2021<\/strong><\/span><br \/>\n<span style=\"font-size: 16px;\">marque el n\u00ba de pruebas en las que va a participar<\/span><br \/>\n<span style=\"font-size: 16px;\">\u00a0y rellene el formulario m\u00e1s abajo<\/span><\/p>\n<p><span style=\"font-size: 16px;\">Esta inscripci\u00f3n es para Socias AEMA con cuota en vigor.<br \/>\nSi no tiene su cuota de socia actualizada, tiene dudas o desconoce su n\u00famero de socia,<br \/>\np\u00f3ngase en contacto por email <em><a href=\"mailto:aema.asociacion@gmail.com\">aema.asociacion@gmail.com<\/a><\/em>,<br \/>\npor tel\u00e9fono o Telegram al 692 192 777<\/span><\/p>\n<hr style=\"background: none; border-top: 2px solid #6868b2;\" \/>\n<p><span style=\"font-size: 14px;\">Si no es Socia,<br \/>\npuede acceder a la inscripci\u00f3n para No Socias <a href=\"https:\/\/www.monta-amazona.com\/clubaema1\/product\/inscrip-gv-2-ns\/\">aqu\u00ed<\/a>.<br \/>\no puede hacerse Socia <a href=\"https:\/\/www.monta-amazona.com\/aema\/asociate\/\">aqu\u00ed<\/a><\/span>.<\/p>\n<hr style=\"background: none; border-top: 2px solid #6868b2;\" \/>\n<p>&nbsp;<\/p>\n<div class=\"frm_forms  with_frm_style frm_style_estilo-de-formidable\" id=\"frm_form_8_container\" >\n<form enctype=\"multipart\/form-data\" method=\"post\" class=\"frm-show-form \" id=\"form_garbeo2socias\" >\n<div class=\"frm_form_fields \">\n<fieldset>\n<legend class=\"frm_screen_reader\">\u00abGarbeo Virtual 2\u00bb Primavera 2021 -Socias-<\/legend>\r\n<\/br>\r\n<div class=\"frm_fields_container\">\n<input type=\"hidden\" name=\"frm_action\" value=\"create\" \/>\n<input type=\"hidden\" name=\"form_id\" value=\"8\" \/>\n<input type=\"hidden\" name=\"frm_hide_fields_8\" id=\"frm_hide_fields_8\" value=\"\" \/>\n<input type=\"hidden\" name=\"form_key\" value=\"garbeo2socias\" \/>\n<input type=\"hidden\" name=\"item_meta[0]\" value=\"\" \/>\n<input type=\"hidden\" id=\"frm_submit_entry_8\" name=\"frm_submit_entry_8\" value=\"14a931e232\" \/><input type=\"hidden\" name=\"_wp_http_referer\" value=\"\/clubaema1\/wp-json\/wp\/v2\/product\/5995\" \/><div id=\"frm_field_122_container\" class=\"frm_form_field  br frm_html_container form-field\">\n<p><img loading=\"lazy\" decoding=\"async\" class=\"aligncenter\" src=\"https:\/\/www.monta-amazona.com\/clubaema1\/wp-content\/uploads\/files\/images\/LogoAEMAColor_33-150x150.png\" alt=\"Logo AEMA\" width=\"150\" height=\"150\" \/><span style=\"font-size: 14pt;\">Registro de Inscripci\u00f3n<\/span> para el <span style=\"font-size: 14pt;\"><strong>\u00abGarbeo Virtual2 \u00bb<\/strong> Primavera 2021<\/span><br \/>Este formulario es para <strong>Socias AEMA<\/strong><\/p>\n<p>Inscripci\u00f3n y entrega de v\u00eddeos de las pruebas <strong>hasta el 31 mayo 2021<\/strong><br \/><span style=\"font-size: 8pt;\">Consulte las instrucciones para grabaci\u00f3n y env\u00edo de v\u00eddeo en <a href=\"https:\/\/monta-amazona.x10.mx\/club\/consejos\/\" data-type=\"URL\" data-id=\"https:\/\/monta-amazona.x10.mx\/club\/consejos\/\">Consejos<\/a> <\/span><\/p>\n<p><span style=\"font-size: 8pt;\">Por favor, rellene los apartados de este formulario, son necesarios para enviarle el resultado y el premio.<\/span><br \/><span style=\"font-size: 8pt;\">Marque las pruebas en las que va a participar en cada grupo<br \/>Consulte las incompatibilidades de inscripci\u00f3n en diferentes grupos de pruebas en <a href=\"https:\/\/monta-amazona.x10.mx\/club\/normas\/\" data-type=\"URL\" data-id=\"https:\/\/monta-amazona.x10.mx\/club\/normas\/\">Normas<\/a><\/span><\/p>\n<p><span style=\"font-size: 8pt;\">para cualquier aclaraci\u00f3n o duda, escriba a <em>aema.concurso@gmail.com<\/em><\/span><\/p>\n<\/div>\n<div id=\"frm_field_123_container\" class=\"frm_form_field form-field  frm_required_field frm_top_container frm_fourth\">\r\n    <label for=\"field_cqdfqa619e5edb6\" id=\"field_cqdfqa619e5edb6_label\" class=\"frm_primary_label\">Socia AEMA n\u00ba\r\n        <span class=\"frm_required\">*<\/span>\r\n    <\/label>\r\n    <input type=\"text\" id=\"field_cqdfqa619e5edb6\" name=\"item_meta[123]\" value=\"\"  data-reqmsg=\"Este campo no puede estar en blanco.\" aria-required=\"true\" data-invmsg=\"Texto no es v\u00e1lido\" aria-invalid=\"false\"  \/>\r\n    \r\n    \r\n<\/div>\n<div id=\"frm_field_124_container\" class=\"frm_form_field form-field  frm_required_field frm_top_container frm_three_fourths\">\r\n    <label for=\"field_r0uo0ffd04c6185954399098\" id=\"field_r0uo0ffd04c6185954399098_label\" class=\"frm_primary_label\">Correo electr\u00f3nico\r\n        <span class=\"frm_required\">*<\/span>\r\n    <\/label>\r\n    <input type=\"email\" id=\"field_r0uo0ffd04c6185954399098\" name=\"item_meta[124]\" value=\"\"  data-reqmsg=\"Este campo no puede estar en blanco.\" aria-required=\"true\" data-invmsg=\"Correo electr\u00f3nico no es v\u00e1lido\" aria-invalid=\"false\"  \/>\r\n    \r\n    \r\n<\/div>\n<div id=\"frm_field_125_container\" class=\"frm_form_field form-field  frm_required_field frm_top_container frm_half\">\r\n    <label for=\"field_67m9g99c5e18703aa6a6d204b\" id=\"field_67m9g99c5e18703aa6a6d204b_label\" class=\"frm_primary_label\">Nombre\r\n        <span class=\"frm_required\">*<\/span>\r\n    <\/label>\r\n    <input type=\"text\" id=\"field_67m9g99c5e18703aa6a6d204b\" name=\"item_meta[125]\" value=\"\"  data-reqmsg=\"Este campo no puede estar en blanco.\" aria-required=\"true\" data-invmsg=\"Texto no es v\u00e1lido\" aria-invalid=\"false\"  \/>\r\n    \r\n    \r\n<\/div>\n<div id=\"frm_field_126_container\" class=\"frm_form_field form-field  frm_required_field frm_top_container frm_half\">\r\n    <label for=\"field_khy4n634df9d9f0c0293008b9\" id=\"field_khy4n634df9d9f0c0293008b9_label\" class=\"frm_primary_label\">Apellido\r\n        <span class=\"frm_required\">*<\/span>\r\n    <\/label>\r\n    <input type=\"text\" id=\"field_khy4n634df9d9f0c0293008b9\" name=\"item_meta[126]\" value=\"\"  data-reqmsg=\"Este campo no puede estar en blanco.\" aria-required=\"true\" data-invmsg=\"Texto no es v\u00e1lido\" aria-invalid=\"false\"  \/>\r\n    \r\n    \r\n<\/div>\n<div id=\"frm_field_127_container\" class=\"frm_form_field form-field  frm_required_field frm_top_container frm_third\">\r\n    <label for=\"field_kjrthf3618df0d\" id=\"field_kjrthf3618df0d_label\" class=\"frm_primary_label\">Tel\u00e9fono\r\n        <span class=\"frm_required\">*<\/span>\r\n    <\/label>\r\n    <input type=\"text\" id=\"field_kjrthf3618df0d\" name=\"item_meta[127]\" value=\"\"  data-reqmsg=\"Este campo no puede estar en blanco.\" aria-required=\"true\" data-invmsg=\"Texto no es v\u00e1lido\" aria-invalid=\"false\"  \/>\r\n    \r\n    \r\n<\/div>\n<div id=\"frm_field_128_container\" class=\"frm_form_field form-field  frm_required_field frm_top_container frm_two_thirds\">\r\n    <label for=\"field_hkr38beb2beb37bbf0facb579\" id=\"field_hkr38beb2beb37bbf0facb579_label\" class=\"frm_primary_label\">Nombre del Caballo\r\n        <span class=\"frm_required\">*<\/span>\r\n    <\/label>\r\n    <input type=\"text\" id=\"field_hkr38beb2beb37bbf0facb579\" name=\"item_meta[128]\" value=\"\"  data-reqmsg=\"Este campo no puede estar en blanco.\" aria-required=\"true\" data-invmsg=\"Texto no es v\u00e1lido\" aria-invalid=\"false\"  \/>\r\n    \r\n    \r\n<\/div>\n<div id=\"frm_field_129_container\" class=\"frm_form_field form-field  frm_top_container frm_half\">\r\n    <label for=\"field_kif20c1d4ddd68e21ce9b6ded\" id=\"field_kif20c1d4ddd68e21ce9b6ded_label\" class=\"frm_primary_label\">Equitaci\u00f3n 100 \u2248Paso\u2248\r\n        <span class=\"frm_required\"><\/span>\r\n    <\/label>\r\n    \t\t<select name=\"item_meta[129]\" id=\"field_kif20c1d4ddd68e21ce9b6ded\"  data-invmsg=\"Equitaci\u00f3n 100 \u2248Paso\u2248 no es v\u00e1lido\" aria-invalid=\"false\"  >\n\t\t<option  value=\"-\">-<\/option><option  value=\"Prueba AEMA 101c \u2248Paso\u2248\">Prueba AEMA 101c \u2248Paso\u2248<\/option><option  value=\"Prueba AEMA 102c \u2248Paso\u2248\">Prueba AEMA 102c \u2248Paso\u2248<\/option><option  value=\"Prueba AEMA 103c \u2248Paso\u2248\">Prueba AEMA 103c \u2248Paso\u2248<\/option><option  value=\"Prueba AEMA 104c \u2248Paso\u2248\">Prueba AEMA 104c \u2248Paso\u2248<\/option>\t<\/select>\n\t\r\n    \r\n    \r\n<\/div>\n<div id=\"frm_field_130_container\" class=\"frm_form_field form-field  frm_top_container frm_half\">\r\n    <label for=\"field_fic5t1e2ec40c444a585ba84f\" id=\"field_fic5t1e2ec40c444a585ba84f_label\" class=\"frm_primary_label\">Equitaci\u00f3n 200 \u2248Paso-Trote\u2248\r\n        <span class=\"frm_required\"><\/span>\r\n    <\/label>\r\n    \t\t<select name=\"item_meta[130]\" id=\"field_fic5t1e2ec40c444a585ba84f\"  data-invmsg=\"Equitaci\u00f3n 200 \u2248Paso-Trote\u2248 no es v\u00e1lido\" aria-invalid=\"false\"  >\n\t\t<option  value=\"-\">-<\/option><option  value=\"Prueba AEMA 201c \u2248Paso-Trote\u2248\">Prueba AEMA 201c \u2248Paso-Trote\u2248<\/option><option  value=\"Prueba AEMA 202c \u2248Paso-Trote\u2248\">Prueba AEMA 202c \u2248Paso-Trote\u2248<\/option><option  value=\"Prueba AEMA 203c \u2248Paso-Trote\u2248\">Prueba AEMA 203c \u2248Paso-Trote\u2248<\/option><option  value=\"Prueba AEMA 204c \u2248Paso-Trote\u2248\">Prueba AEMA 204c \u2248Paso-Trote\u2248<\/option><option  value=\"Prueba AEMA 205c \u2248Paso-Trote\u2248\">Prueba AEMA 205c \u2248Paso-Trote\u2248<\/option>\t<\/select>\n\t\r\n    \r\n    \r\n<\/div>\n<div id=\"frm_field_131_container\" class=\"frm_form_field form-field  frm_top_container frm_half\">\r\n    <label for=\"field_komgif3ae2074eb74b5621f3f\" id=\"field_komgif3ae2074eb74b5621f3f_label\" class=\"frm_primary_label\">Equitaci\u00f3n 300 \u2248Paso-Trote-Galope\u2248\r\n        <span class=\"frm_required\"><\/span>\r\n    <\/label>\r\n    \t\t<select name=\"item_meta[131]\" id=\"field_komgif3ae2074eb74b5621f3f\"  data-invmsg=\"Equitaci\u00f3n 300 \u2248Paso-Trote-Galope\u2248 no es v\u00e1lido\" aria-invalid=\"false\"  >\n\t\t<option  value=\"-\">-<\/option><option  value=\"Prueba AEMA 301c \u2248Paso-Trote-Galope\u2248\">Prueba AEMA 301c \u2248Paso-Trote-Galope\u2248<\/option><option  value=\"Prueba AEMA 302c \u2248Paso-Trote-Galope\u2248\">Prueba AEMA 302c \u2248Paso-Trote-Galope\u2248<\/option><option  value=\"Prueba AEMA 303c \u2248Paso-Trote-Galope\u2248\">Prueba AEMA 303c \u2248Paso-Trote-Galope\u2248<\/option><option  value=\"Prueba AEMA 304c \u2248Paso-Trote-Galope\u2248\">Prueba AEMA 304c \u2248Paso-Trote-Galope\u2248<\/option><option  value=\"Prueba AEMA 305c \u2248Paso-Trote-Galope\u2248\">Prueba AEMA 305c \u2248Paso-Trote-Galope\u2248<\/option><option  value=\"Prueba AEMA 306c \u2248Paso-Trote-Galope\u2248\">Prueba AEMA 306c \u2248Paso-Trote-Galope\u2248<\/option>\t<\/select>\n\t\r\n    \r\n    \r\n<\/div>\n<div id=\"frm_field_132_container\" class=\"frm_form_field form-field  frm_top_container frm_half\">\r\n    <label for=\"field_q7gjr46db0b121556689aaba9\" id=\"field_q7gjr46db0b121556689aaba9_label\" class=\"frm_primary_label\">Equitaci\u00f3n 400 \u2248Paso-Galope\u2248\r\n        <span class=\"frm_required\"><\/span>\r\n    <\/label>\r\n    \t\t<select name=\"item_meta[132]\" id=\"field_q7gjr46db0b121556689aaba9\"  data-invmsg=\"Equitaci\u00f3n 400 \u2248Paso-Galope\u2248 no es v\u00e1lido\" aria-invalid=\"false\"  >\n\t\t<option  value=\"-\">-<\/option><option  value=\"Prueba AEMA 401c \u2248Paso-Galope\u2248\">Prueba AEMA 401c \u2248Paso-Galope\u2248<\/option><option  value=\"Prueba AEMA 402c \u2248Paso-Galope\u2248\">Prueba AEMA 402c \u2248Paso-Galope\u2248<\/option><option  value=\"Prueba AEMA 403c \u2248Paso-Galope\u2248\">Prueba AEMA 403c \u2248Paso-Galope\u2248<\/option><option  value=\"Prueba AEMA 404c \u2248Paso-Galope\u2248\">Prueba AEMA 404c \u2248Paso-Galope\u2248<\/option><option  value=\"Prueba AEMA 405c \u2248Paso-Galope\u2248\">Prueba AEMA 405c \u2248Paso-Galope\u2248<\/option><option  value=\"Prueba AEMA 406c \u2248Paso-Galope\u2248\">Prueba AEMA 406c \u2248Paso-Galope\u2248<\/option>\t<\/select>\n\t\r\n    \r\n    \r\n<\/div>\n<div id=\"frm_field_133_container\" class=\"frm_form_field form-field  frm_top_container frm_half\">\r\n    <label for=\"field_inwava192e21d83dcca1812d9\" id=\"field_inwava192e21d83dcca1812d9_label\" class=\"frm_primary_label\">\ud83c\udfc6 \u00abPremio Musy\u00bb \ud83c\udfc6\r\n        <span class=\"frm_required\"><\/span>\r\n    <\/label>\r\n    \t\t<select name=\"item_meta[133]\" id=\"field_inwava192e21d83dcca1812d9\"  data-invmsg=\"\ud83c\udfc6 \u00abPremio Musy\u00bb \ud83c\udfc6 no es v\u00e1lido\" aria-invalid=\"false\"  >\n\t\t<option  value=\"-\">-<\/option><option  value=\"Premio Musy 911c\">Premio Musy 911c<\/option><option  value=\"Premio Musy 912c\">Premio Musy 912c<\/option><option  value=\"Premio Musy 913c\">Premio Musy 913c<\/option><option  value=\"Premio Musy 914c\">Premio Musy 914c<\/option><option  value=\"Premio Musy 921c\">Premio Musy 921c<\/option><option  value=\"Premio Musy 922c\">Premio Musy 922c<\/option><option  value=\"Premio Musy 923c\">Premio Musy 923c<\/option><option  value=\"Premio Musy 924c\">Premio Musy 924c<\/option><option  value=\"Premio Musy 925c\">Premio Musy 925c<\/option><option  value=\"Premio Musy 931c\">Premio Musy 931c<\/option><option  value=\"Premio Musy 932c\">Premio Musy 932c<\/option><option  value=\"Premio Musy 933c\">Premio Musy 933c<\/option><option  value=\"Premio Musy 934c\">Premio Musy 934c<\/option><option  value=\"Premio Musy 935c\">Premio Musy 935c<\/option><option  value=\"Premio Musy 936c\">Premio Musy 936c<\/option>\t<\/select>\n\t\r\n    \r\n    \r\n<\/div>\n<div id=\"frm_field_134_container\" class=\"frm_form_field form-field  frm_required_field frm_top_container\">\r\n    <label for=\"field_mktv180c9e9f4a\" id=\"field_mktv180c9e9f4a_label\" class=\"frm_primary_label\">Direcci\u00f3n\r\n        <span class=\"frm_required\">*<\/span>\r\n    <\/label>\r\n    <input type=\"text\" id=\"field_mktv180c9e9f4a\" name=\"item_meta[134]\" value=\"\"  data-reqmsg=\"Este campo no puede estar en blanco.\" aria-required=\"true\" data-invmsg=\"Texto no es v\u00e1lido\" aria-invalid=\"false\"  \/>\r\n    \r\n    \r\n<\/div>\n<div id=\"frm_field_135_container\" class=\"frm_form_field form-field  frm_top_container\">\r\n    <label for=\"field_kj0k07c5f4a\" id=\"field_kj0k07c5f4a_label\" class=\"frm_primary_label\">Direcci\u00f3n\r\n        <span class=\"frm_required\"><\/span>\r\n    <\/label>\r\n    <input type=\"text\" id=\"field_kj0k07c5f4a\" name=\"item_meta[135]\" value=\"\"  data-invmsg=\"Texto no es v\u00e1lido\" aria-invalid=\"false\"  \/>\r\n    \r\n    \r\n<\/div>\n<div id=\"frm_field_136_container\" class=\"frm_form_field form-field  frm_required_field frm_top_container frm_third\">\r\n    <label for=\"field_bigko0bfcd0f4d8d8efed8445\" id=\"field_bigko0bfcd0f4d8d8efed8445_label\" class=\"frm_primary_label\">C\u00f3digo Postal\r\n        <span class=\"frm_required\">*<\/span>\r\n    <\/label>\r\n    <input type=\"text\" id=\"field_bigko0bfcd0f4d8d8efed8445\" name=\"item_meta[136]\" value=\"\"  data-reqmsg=\"Este campo no puede estar en blanco.\" aria-required=\"true\" data-invmsg=\"Texto no es v\u00e1lido\" aria-invalid=\"false\"  \/>\r\n    \r\n    \r\n<\/div>\n<div id=\"frm_field_137_container\" class=\"frm_form_field form-field  frm_required_field frm_top_container frm_two_thirds\">\r\n    <label for=\"field_ualacd1286b3a8efc0d8dc507\" id=\"field_ualacd1286b3a8efc0d8dc507_label\" class=\"frm_primary_label\">Ciudad\r\n        <span class=\"frm_required\">*<\/span>\r\n    <\/label>\r\n    <input type=\"text\" id=\"field_ualacd1286b3a8efc0d8dc507\" name=\"item_meta[137]\" value=\"\"  data-reqmsg=\"Este campo no puede estar en blanco.\" aria-required=\"true\" data-invmsg=\"Texto no es v\u00e1lido\" aria-invalid=\"false\"  \/>\r\n    \r\n    \r\n<\/div>\n<div id=\"frm_field_138_container\" class=\"frm_form_field form-field  frm_top_container\">\r\n    <label for=\"field_iryv38af912682829f0727c42\" id=\"field_iryv38af912682829f0727c42_label\" class=\"frm_primary_label\">Provincia\/Regi\u00f3n\r\n        <span class=\"frm_required\"><\/span>\r\n    <\/label>\r\n    <input type=\"text\" id=\"field_iryv38af912682829f0727c42\" name=\"item_meta[138]\" value=\"\"  data-invmsg=\"Texto no es v\u00e1lido\" aria-invalid=\"false\"  \/>\r\n    \r\n    \r\n<\/div>\n<div id=\"frm_field_139_container\" class=\"frm_form_field form-field  frm_required_field frm_top_container\">\r\n    <label for=\"field_e0se1ae7888a264044b9e274d\" id=\"field_e0se1ae7888a264044b9e274d_label\" class=\"frm_primary_label\">Pa\u00eds\r\n        <span class=\"frm_required\">*<\/span>\r\n    <\/label>\r\n    <input type=\"text\" id=\"field_e0se1ae7888a264044b9e274d\" name=\"item_meta[139]\" value=\"\"  data-reqmsg=\"Este campo no puede estar en blanco.\" aria-required=\"true\" data-invmsg=\"Texto no es v\u00e1lido\" aria-invalid=\"false\"  \/>\r\n    \r\n    \r\n<\/div>\n<div id=\"frm_field_140_container\" class=\"frm_form_field form-field  frm_top_container\">\r\n    <label for=\"field_3i800d4f26bce7a\" id=\"field_3i800d4f26bce7a_label\" class=\"frm_primary_label\">Nota que quiera a\u00f1adir a su inscripci\u00f3n\r\n        <span class=\"frm_required\"><\/span>\r\n    <\/label>\r\n    <textarea name=\"item_meta[140]\" id=\"field_3i800d4f26bce7a\" rows=\"5\"  data-invmsg=\"Nota que quiera a\u00f1adir a su inscripci\u00f3n no es v\u00e1lido\" aria-invalid=\"false\"  ><\/textarea>\r\n    \r\n    \r\n<\/div>\n<div id=\"frm_field_1143_container\" class=\"frm_form_field form-field \">\n\t<div class=\"frm_submit\">\r\n\r\n<button class=\"frm_button_submit\" type=\"submit\"  >Enviar<\/button>\r\n\r\n<\/div>\n<\/div>\n\t<input type=\"hidden\" name=\"item_key\" value=\"\" \/>\n\t\t\t<div id=\"frm_field_1150_container\">\n\t\t\t<label for=\"field_e4b29\" >\n\t\t\t\tSi eres humano, deja este campo en blanco.\t\t\t<\/label>\n\t\t\t<input  id=\"field_e4b29\" type=\"text\" class=\"frm_form_field form-field frm_verify\" name=\"item_meta[1150]\" value=\"\"  \/>\n\t\t<\/div>\n\t\t<input name=\"frm_state\" type=\"hidden\" value=\"e8RBtNLHOgtGmqv2mtYvgSc6DNZbQ\/vKQQQgg5UXo4k=\" \/><\/div>\n<\/fieldset>\n<\/div>\n\n<\/form>\n<\/div>\n\n","protected":false},"excerpt":{"rendered":"<p><span style=\"font-size: 18px;\">Inscripci\u00f3n \u00ab<span style=\"font-family: lucida sans unicode,lucida grande,sans-serif;\">Garbeo Virtual <strong>2<\/strong><\/span>\u00bb Primavera 2021<br \/>\ntermina el <strong>31 mayo 2021<\/strong><\/span><br \/>\n<span style=\"font-size: 18px;\">Inscripci\u00f3n para <strong>Socias AEMA<\/strong><\/span><br \/>\n<span style=\"font-size: 14px;\">\u00a0Solo es necesario rellenar y enviar el formulario m\u00e1s abajo<\/span><br \/>\n<span style=\"font-size: 14px;\">\u00a0No necesita realizar compra por el carrito<\/span><\/p>\n<p><span style=\"font-size: 14px;\">Inscripci\u00f3n para <strong>No Socias<\/strong> <a href=\"https:\/\/www.monta-amazona.com\/clubaema1\/product\/inscrip-gv-2-ns\/\">aqu\u00ed<\/a><\/span><\/p>\n","protected":false},"featured_media":5992,"comment_status":"open","ping_status":"closed","template":"","meta":{"_kadence_starter_templates_imported_post":false,"_kad_post_transparent":"default","_kad_post_title":"","_kad_post_layout":"default","_kad_post_sidebar_id":"","_kad_post_content_style":"default","_kad_post_vertical_padding":"default","_kad_post_feature":"","_kad_post_feature_position":"","_kad_post_header":false,"_kad_post_footer":false,"_kad_post_classname":""},"product_brand":[],"product_cat":[97,64,62],"product_tag":[71,69,68],"class_list":{"0":"post-5995","1":"product","2":"type-product","3":"status-publish","4":"has-post-thumbnail","6":"product_cat-garbeo","7":"product_cat-inscrip","8":"product_cat-inscripsi","9":"product_tag-garbeo-virtual","10":"product_tag-inscripcion-socias","11":"product_tag-inscripciones","13":"first","14":"outofstock","15":"virtual","16":"purchasable","17":"product-type-simple","18":"entry","19":"content-bg","20":"loop-entry"},"_links":{"self":[{"href":"https:\/\/www.monta-amazona.com\/clubaema1\/wp-json\/wp\/v2\/product\/5995","targetHints":{"allow":["GET"]}}],"collection":[{"href":"https:\/\/www.monta-amazona.com\/clubaema1\/wp-json\/wp\/v2\/product"}],"about":[{"href":"https:\/\/www.monta-amazona.com\/clubaema1\/wp-json\/wp\/v2\/types\/product"}],"replies":[{"embeddable":true,"href":"https:\/\/www.monta-amazona.com\/clubaema1\/wp-json\/wp\/v2\/comments?post=5995"}],"wp:featuredmedia":[{"embeddable":true,"href":"https:\/\/www.monta-amazona.com\/clubaema1\/wp-json\/wp\/v2\/media\/5992"}],"wp:attachment":[{"href":"https:\/\/www.monta-amazona.com\/clubaema1\/wp-json\/wp\/v2\/media?parent=5995"}],"wp:term":[{"taxonomy":"product_brand","embeddable":true,"href":"https:\/\/www.monta-amazona.com\/clubaema1\/wp-json\/wp\/v2\/product_brand?post=5995"},{"taxonomy":"product_cat","embeddable":true,"href":"https:\/\/www.monta-amazona.com\/clubaema1\/wp-json\/wp\/v2\/product_cat?post=5995"},{"taxonomy":"product_tag","embeddable":true,"href":"https:\/\/www.monta-amazona.com\/clubaema1\/wp-json\/wp\/v2\/product_tag?post=5995"}],"curies":[{"name":"wp","href":"https:\/\/api.w.org\/{rel}","templated":true}]}}