{"id":6018,"date":"2021-12-30T06:46:46","date_gmt":"2021-12-30T06:46:46","guid":{"rendered":"https:\/\/www.monta-amazona.com\/clubaema1\/?post_type=product&#038;p=6018"},"modified":"2021-12-30T06:57:02","modified_gmt":"2021-12-30T06:57:02","slug":"renova-2022","status":"publish","type":"product","link":"https:\/\/www.monta-amazona.com\/clubaema1\/product\/renova-2022\/","title":{"rendered":"Renovaci\u00f3n Cuota Anual 2022"},"content":{"rendered":"<p><span style=\"font-size: 14pt;\">Renovaci\u00f3n Cuota Anual 2022<\/span><\/p>\n<p>Por favor, rellene los apartados necesarios del formulario siguiente, email, m\u00f3vil, nombre y apellido, y env\u00edelo antes de realizar el pago.<\/p>\n<p><span style=\"font-size: 10pt;\">Si se inscribe por primera vez como Socia Nueva, h\u00e1galo <a href=\"https:\/\/www.monta-amazona.com\/clubaema1\/product\/socia-2022\/\">aqu\u00ed<\/a>.<\/span><\/p>\n<div class=\"frm_forms  with_frm_style frm_style_estilo-de-formidable\" id=\"frm_form_13_container\" >\n<form enctype=\"multipart\/form-data\" method=\"post\" class=\"frm-show-form \" id=\"form_renova22\" >\n<div class=\"frm_form_fields \">\n<fieldset>\n<legend class=\"frm_screen_reader\">Renovaci\u00f3n Anual 2022<\/legend>\r\n<\/br>\r\n<div class=\"frm_fields_container\">\n<input type=\"hidden\" name=\"frm_action\" value=\"create\" \/>\n<input type=\"hidden\" name=\"form_id\" value=\"13\" \/>\n<input type=\"hidden\" name=\"frm_hide_fields_13\" id=\"frm_hide_fields_13\" value=\"\" \/>\n<input type=\"hidden\" name=\"form_key\" value=\"renova22\" \/>\n<input type=\"hidden\" name=\"item_meta[0]\" value=\"\" \/>\n<input type=\"hidden\" id=\"frm_submit_entry_13\" name=\"frm_submit_entry_13\" value=\"14a931e232\" \/><input type=\"hidden\" name=\"_wp_http_referer\" value=\"\/clubaema1\/wp-json\/wp\/v2\/product\/6018\" \/><div id=\"frm_field_213_container\" class=\"frm_form_field  br frm_html_container form-field\">\n<p><img loading=\"lazy\" decoding=\"async\" class=\"aligncenter\" src=\"https:\/\/www.monta-amazona.com\/clubaema1\/wp-content\/uploads\/files\/images\/LogoAEMAColor_33-150x150.png\" alt=\"Logo AEMA\" width=\"150\" height=\"150\" \/><span style=\"font-size: 16px;\">Renovaci\u00f3n Cuota Anual\u00a0 <strong>Socia 2022<\/strong><\/span><br \/><span style=\"font-size: 16px;\">cuota anual\u00a0 35\u20ac<\/span><\/p>\n<p><span style=\"font-size: 14px;\">Por favor, rellene los apartados obligatorios <span style=\"color: #c0392b;\">*<\/span> de este formulario, son necesarios para identificar su pago y enviarle la informaci\u00f3n de la Asociaci\u00f3n y su carnet de Socia.<br \/>Los dem\u00e1s apartados solo es necesario rellenarlos si han cambiado desde el a\u00f1o anterior.<\/span><\/p>\n<p>Env\u00ede el formulario antes de realizar el pago.<br \/>El formulario solo es v\u00e1lido una vez recibido el pago correspondiente.<\/p>\n<p>para cualquier aclaraci\u00f3n o duda, escriba a <em>aema.asociacion@gmail.com<\/em><\/p>\n<\/div>\n<div id=\"frm_field_214_container\" class=\"frm_form_field form-field  frm_required_field frm_top_container frm_two_thirds\">\r\n    <label for=\"field_r0uo572c1390ca2\" id=\"field_r0uo572c1390ca2_label\" class=\"frm_primary_label\">Correo electr\u00f3nico\r\n        <span class=\"frm_required\">*<\/span>\r\n    <\/label>\r\n    <input type=\"email\" id=\"field_r0uo572c1390ca2\" name=\"item_meta[214]\" value=\"\"  data-reqmsg=\"Este campo no puede estar en blanco.\" aria-required=\"true\" data-invmsg=\"Correo electr\u00f3nico no es v\u00e1lido\" aria-invalid=\"false\"  \/>\r\n    \r\n    \r\n<\/div>\n<div id=\"frm_field_215_container\" class=\"frm_form_field form-field  frm_required_field frm_top_container frm_third\">\r\n    <label for=\"field_kjrthaa42223345295562a57d2\" id=\"field_kjrthaa42223345295562a57d2_label\" class=\"frm_primary_label\">Tel\u00e9fono\r\n        <span class=\"frm_required\">*<\/span>\r\n    <\/label>\r\n    <input type=\"text\" id=\"field_kjrthaa42223345295562a57d2\" name=\"item_meta[215]\" value=\"\"  data-reqmsg=\"Este campo no puede estar en blanco.\" aria-required=\"true\" data-invmsg=\"Texto no es v\u00e1lido\" aria-invalid=\"false\"  \/>\r\n    \r\n    \r\n<\/div>\n<div id=\"frm_field_216_container\" class=\"frm_form_field  frm_html_container form-field\">Por favor, no se olvide de proporcionar un email v\u00e1lido.<br \/>\nRecibir\u00e1 toda la informaci\u00f3n de eventos, cursos, promociones, as\u00ed como su carnet y toda informaci\u00f3n relevante mediante e-mail.<\/div>\n<div id=\"frm_field_217_container\" class=\"frm_form_field form-field  frm_required_field frm_top_container frm_half\">\r\n    <label for=\"field_67m9gf8c0017fcab8930dd7df2\" id=\"field_67m9gf8c0017fcab8930dd7df2_label\" class=\"frm_primary_label\">Nombre\r\n        <span class=\"frm_required\">*<\/span>\r\n    <\/label>\r\n    <input type=\"text\" id=\"field_67m9gf8c0017fcab8930dd7df2\" name=\"item_meta[217]\" value=\"\"  data-reqmsg=\"Este campo no puede estar en blanco.\" aria-required=\"true\" data-invmsg=\"Texto no es v\u00e1lido\" aria-invalid=\"false\"  \/>\r\n    \r\n    \r\n<\/div>\n<div id=\"frm_field_218_container\" class=\"frm_form_field form-field  frm_required_field frm_top_container frm_half\">\r\n    <label for=\"field_khy4n72b51abeb5a2927b77e02\" id=\"field_khy4n72b51abeb5a2927b77e02_label\" class=\"frm_primary_label\">Apellidos\r\n        <span class=\"frm_required\">*<\/span>\r\n    <\/label>\r\n    <input type=\"text\" id=\"field_khy4n72b51abeb5a2927b77e02\" name=\"item_meta[218]\" value=\"\"  data-reqmsg=\"Este campo no puede estar en blanco.\" aria-required=\"true\" data-invmsg=\"Texto no es v\u00e1lido\" aria-invalid=\"false\"  \/>\r\n    \r\n    \r\n<\/div>\n<div id=\"frm_field_219_container\" class=\"frm_form_field  frm_html_container form-field\">Rellene los siguientes campos SOLO si han cambiado o necesitan actualizarse<\/div>\n<div id=\"frm_field_220_container\" class=\"frm_form_field form-field  frm_top_container\">\r\n    <label for=\"field_kj0k42dc461c762\" id=\"field_kj0k42dc461c762_label\" class=\"frm_primary_label\">Direcci\u00f3n\r\n        <span class=\"frm_required\"><\/span>\r\n    <\/label>\r\n    <input type=\"text\" id=\"field_kj0k42dc461c762\" name=\"item_meta[220]\" value=\"\"  data-invmsg=\"Texto no es v\u00e1lido\" aria-invalid=\"false\"  \/>\r\n    \r\n    \r\n<\/div>\n<div id=\"frm_field_221_container\" class=\"frm_form_field form-field  frm_top_container\">\r\n    <label for=\"field_iudz862499c20302\" id=\"field_iudz862499c20302_label\" class=\"frm_primary_label\">Direcci\u00f3n\r\n        <span class=\"frm_required\"><\/span>\r\n    <\/label>\r\n    <input type=\"text\" id=\"field_iudz862499c20302\" name=\"item_meta[221]\" value=\"\"  data-invmsg=\"Texto no es v\u00e1lido\" aria-invalid=\"false\"  \/>\r\n    \r\n    \r\n<\/div>\n<div id=\"frm_field_222_container\" class=\"frm_form_field form-field  frm_top_container frm_third\">\r\n    <label for=\"field_bigko8e3330edb0474e19fd012\" id=\"field_bigko8e3330edb0474e19fd012_label\" class=\"frm_primary_label\">C\u00f3digo Postal\r\n        <span class=\"frm_required\"><\/span>\r\n    <\/label>\r\n    <input type=\"text\" id=\"field_bigko8e3330edb0474e19fd012\" name=\"item_meta[222]\" value=\"\"  data-invmsg=\"Texto no es v\u00e1lido\" aria-invalid=\"false\"  \/>\r\n    \r\n    \r\n<\/div>\n<div id=\"frm_field_223_container\" class=\"frm_form_field form-field  frm_top_container frm_two_thirds\">\r\n    <label for=\"field_ualacc0b28f237d4a37bd0d502\" id=\"field_ualacc0b28f237d4a37bd0d502_label\" class=\"frm_primary_label\">Ciudad\r\n        <span class=\"frm_required\"><\/span>\r\n    <\/label>\r\n    <input type=\"text\" id=\"field_ualacc0b28f237d4a37bd0d502\" name=\"item_meta[223]\" value=\"\"  data-invmsg=\"Texto no es v\u00e1lido\" aria-invalid=\"false\"  \/>\r\n    \r\n    \r\n<\/div>\n<div id=\"frm_field_224_container\" class=\"frm_form_field form-field  frm_top_container\">\r\n    <label for=\"field_iryv39db8ce156ee21f2d393\" id=\"field_iryv39db8ce156ee21f2d393_label\" class=\"frm_primary_label\">Provincia\/Regi\u00f3n\r\n        <span class=\"frm_required\"><\/span>\r\n    <\/label>\r\n    <input type=\"text\" id=\"field_iryv39db8ce156ee21f2d393\" name=\"item_meta[224]\" value=\"\"  data-invmsg=\"Texto no es v\u00e1lido\" aria-invalid=\"false\"  \/>\r\n    \r\n    \r\n<\/div>\n<div id=\"frm_field_225_container\" class=\"frm_form_field form-field  frm_top_container\">\r\n    <label for=\"field_e0se164daa399507cbfa508bb2\" id=\"field_e0se164daa399507cbfa508bb2_label\" class=\"frm_primary_label\">Pa\u00eds\r\n        <span class=\"frm_required\"><\/span>\r\n    <\/label>\r\n    <input type=\"text\" id=\"field_e0se164daa399507cbfa508bb2\" name=\"item_meta[225]\" value=\"\"  data-invmsg=\"Texto no es v\u00e1lido\" aria-invalid=\"false\"  \/>\r\n    \r\n    \r\n<\/div>\n<div id=\"frm_field_226_container\" class=\"frm_form_field  frm_html_container form-field\"><span style=\"font-size: 14pt;\"> Silla de Amazona, tipo y n\u00famero<\/span><\/div>\n<div id=\"frm_field_227_container\" class=\"frm_form_field form-field  frm_top_container frm_fourth vertical_radio\">\r\n    <div  id=\"field_7hxrp19e44ec6e72_label\" class=\"frm_primary_label\">Tipos deSilla\r\n        <span class=\"frm_required\"><\/span>\r\n    <\/div>\r\n    <div class=\"frm_opt_container\" aria-labelledby=\"field_7hxrp19e44ec6e72_label\" role=\"radiogroup\">\t\t<div class=\"frm_radio\" id=\"frm_radio_227-0\">\t\t\t<label  for=\"field_7hxrp19e44ec6e72-0\">\n\t\t\t\t\t<input type=\"radio\" name=\"item_meta[227]\" id=\"field_7hxrp19e44ec6e72-0\" value=\"Inglesa\"\n\t\t   data-invmsg=\"Tipos deSilla no es v\u00e1lido\"  \/> Inglesa<\/label><\/div>\n\t\t<div class=\"frm_radio\" id=\"frm_radio_227-1\">\t\t\t<label  for=\"field_7hxrp19e44ec6e72-1\">\n\t\t\t\t\t<input type=\"radio\" name=\"item_meta[227]\" id=\"field_7hxrp19e44ec6e72-1\" value=\"Vaquera\"\n\t\t   data-invmsg=\"Tipos deSilla no es v\u00e1lido\"  \/> Vaquera<\/label><\/div>\n\t\t<div class=\"frm_radio\" id=\"frm_radio_227-2\">\t\t\t<label  for=\"field_7hxrp19e44ec6e72-2\">\n\t\t\t\t\t<input type=\"radio\" name=\"item_meta[227]\" id=\"field_7hxrp19e44ec6e72-2\" value=\"Otra\"\n\t\t   data-invmsg=\"Tipos deSilla no es v\u00e1lido\"  \/> Otra<\/label><\/div>\n<\/div>\r\n    \r\n    \r\n<\/div>\n<div id=\"frm_field_228_container\" class=\"frm_form_field form-field  frm_top_container frm_fourth\">\r\n    <label for=\"field_aj4ac3e6f3c16002\" id=\"field_aj4ac3e6f3c16002_label\" class=\"frm_primary_label\">Inglesa n\u00ba\r\n        <span class=\"frm_required\"><\/span>\r\n    <\/label>\r\n    \t\t<select name=\"item_meta[228]\" id=\"field_aj4ac3e6f3c16002\"  data-invmsg=\"Inglesa n\u00ba no es v\u00e1lido\" aria-invalid=\"false\"  >\n\t\t<option  value=\"-\">-<\/option><option  value=\"1\">1<\/option><option  value=\"2\">2<\/option><option  value=\"3\">3<\/option><option  value=\"4\">4<\/option><option  value=\"5\">5<\/option><option  value=\"6\">6<\/option><option  value=\"7\">7<\/option><option  value=\"8\">8<\/option><option  value=\"9\">9<\/option>\t<\/select>\n\t\r\n    \r\n    \r\n<\/div>\n<div id=\"frm_field_229_container\" class=\"frm_form_field form-field  frm_top_container frm_fourth\">\r\n    <label for=\"field_l59zx54f5bdbe3b2\" id=\"field_l59zx54f5bdbe3b2_label\" class=\"frm_primary_label\">Vaquera n\u00ba\r\n        <span class=\"frm_required\"><\/span>\r\n    <\/label>\r\n    \t\t<select name=\"item_meta[229]\" id=\"field_l59zx54f5bdbe3b2\"  data-invmsg=\"Vaquera n\u00ba no es v\u00e1lido\" aria-invalid=\"false\"  >\n\t\t<option  value=\"-\">-<\/option><option  value=\"1\">1<\/option><option  value=\"2\">2<\/option><option  value=\"3\">3<\/option><option  value=\"4\">4<\/option><option  value=\"5\">5<\/option><option  value=\"6\">6<\/option><option  value=\"7\">7<\/option><option  value=\"8\">8<\/option><option  value=\"9\">9<\/option>\t<\/select>\n\t\r\n    \r\n    \r\n<\/div>\n<div id=\"frm_field_230_container\" class=\"frm_form_field form-field  frm_top_container frm_fourth\">\r\n    <label for=\"field_j1y237dee944b982\" id=\"field_j1y237dee944b982_label\" class=\"frm_primary_label\">Otra n\u00ba\r\n        <span class=\"frm_required\"><\/span>\r\n    <\/label>\r\n    \t\t<select name=\"item_meta[230]\" id=\"field_j1y237dee944b982\"  data-invmsg=\"Otra n\u00ba no es v\u00e1lido\" aria-invalid=\"false\"  >\n\t\t<option  value=\"-\">-<\/option><option  value=\"1\">1<\/option><option  value=\"2\">2<\/option><option  value=\"3\">3<\/option><option  value=\"4\">4<\/option><option  value=\"5\">5<\/option><option  value=\"6\">6<\/option><option  value=\"7\">7<\/option><option  value=\"8\">8<\/option><option  value=\"9\">9<\/option>\t<\/select>\n\t\r\n    \r\n    \r\n<\/div>\n<div id=\"frm_field_231_container\" class=\"frm_form_field form-field  frm_top_container frm12\">\r\n    <label for=\"field_7wxl03eefcd2db12\" id=\"field_7wxl03eefcd2db12_label\" class=\"frm_primary_label\">Descripci\u00f3n de la(s) silla(s) Marca\u00b7Modelo-Tama\u00f1o\u00b7A\u00f1o\r\n        <span class=\"frm_required\"><\/span>\r\n    <\/label>\r\n    <textarea name=\"item_meta[231]\" id=\"field_7wxl03eefcd2db12\" rows=\"5\"  data-invmsg=\"Descripci\u00f3n de la(s) silla(s) Marca\u00b7Modelo-Tama\u00f1o\u00b7A\u00f1o no es v\u00e1lido\" aria-invalid=\"false\"  ><\/textarea>\r\n    \r\n    \r\n<\/div>\n<div id=\"frm_field_232_container\" class=\"frm_form_field form-field  frm_top_container\">\r\n    <label for=\"field_id6ug7dd39d09dc2\" id=\"field_id6ug7dd39d09dc2_label\" class=\"frm_primary_label\">Perfil de facebook URL : www.facebook.com\/nombre.apellido\r\n        <span class=\"frm_required\"><\/span>\r\n    <\/label>\r\n    <input type=\"text\" id=\"field_id6ug7dd39d09dc2\" name=\"item_meta[232]\" value=\"\"  data-invmsg=\"Texto no es v\u00e1lido\" aria-invalid=\"false\"  \/>\r\n    \r\n    \r\n<\/div>\n<div id=\"frm_field_233_container\" class=\"frm_form_field  frm_html_container form-field\">Si desea domiciliar la cuota anual rellene los datos de su cuenta para la ORDEN BANCARIA del recibo presentado por la Asociaci\u00f3n Espa\u00f1ola de Monta a la Amazona<\/div>\n<div id=\"frm_field_234_container\" class=\"frm_form_field form-field  frm_top_container\">\r\n    <label for=\"field_w6waoc8956c08c\" id=\"field_w6waoc8956c08c_label\" class=\"frm_primary_label\">IBAN\r\n        <span class=\"frm_required\"><\/span>\r\n    <\/label>\r\n    <input type=\"text\" id=\"field_w6waoc8956c08c\" name=\"item_meta[234]\" value=\"\"  data-invmsg=\"Texto no es v\u00e1lido\" aria-invalid=\"false\"  \/>\r\n    \r\n    \r\n<\/div>\n<div id=\"frm_field_235_container\" class=\"frm_form_field form-field  frm_top_container\">\r\n    <label for=\"field_geu2k25265bb8ae2\" id=\"field_geu2k25265bb8ae2_label\" class=\"frm_primary_label\">Titular de la cuenta\r\n        <span class=\"frm_required\"><\/span>\r\n    <\/label>\r\n    <input type=\"text\" id=\"field_geu2k25265bb8ae2\" name=\"item_meta[235]\" value=\"\"  data-invmsg=\"Texto no es v\u00e1lido\" aria-invalid=\"false\"  \/>\r\n    \r\n    \r\n<\/div>\n<div id=\"frm_field_236_container\" class=\"frm_form_field form-field  frm_top_container\">\r\n    <label for=\"field_rd16t371ebf8c442\" id=\"field_rd16t371ebf8c442_label\" class=\"frm_primary_label\">Banco o Caja\r\n        <span class=\"frm_required\"><\/span>\r\n    <\/label>\r\n    <input type=\"text\" id=\"field_rd16t371ebf8c442\" name=\"item_meta[236]\" value=\"\"  data-invmsg=\"Texto no es v\u00e1lido\" aria-invalid=\"false\"  \/>\r\n    \r\n    \r\n<\/div>\n<div id=\"frm_field_237_container\" class=\"frm_form_field form-field  frm_top_container frm_alignright frm_half\">\r\n    <label for=\"field_13gm63d3ad1d0cb2\" id=\"field_13gm63d3ad1d0cb2_label\" class=\"frm_primary_label\">Fecha\r\n        <span class=\"frm_required\"><\/span>\r\n    <\/label>\r\n    <input type=\"text\" id=\"field_13gm63d3ad1d0cb2\" name=\"item_meta[237]\" value=\"\"  data-invmsg=\"Texto no es v\u00e1lido\" aria-invalid=\"false\"  \/>\r\n    \r\n    \r\n<\/div>\n<div id=\"frm_field_238_container\" class=\"frm_form_field  frm_html_container form-field\"><span style=\"font-size: 16px;\">Conexi\u00f3n Segura SSL<\/span><\/p>\n<p><img decoding=\"async\" src=\"https:\/\/monta-amazona.x10.mx\/club\/wp-content\/uploads\/2021\/01\/sectigo_trust_seal_sm_82x32.png\" alt=\"\" \/><\/div>\n<div id=\"frm_field_239_container\" class=\"frm_form_field  lt frm_html_container form-field\"><span style=\"font-size: 12px;\">La informaci\u00f3n recogida en este formulario ser\u00e1 utilizada exclusivamente para los fines de la asociaci\u00f3n y puede ser modificada o anulada por el titular en la sede social de la Asociaci\u00f3n.<\/span><br \/>\n<span style=\"font-size: 12px;\"><a href=\"https:\/\/monta-amazona.x10.mx\/club\/privacy-policy\/\">Politica de Privacidad<\/a><\/span><\/div>\n<div id=\"frm_field_1138_container\" class=\"frm_form_field form-field \">\n\t<div class=\"frm_submit\">\r\n\r\n<button class=\"frm_button_submit\" type=\"submit\"  >Enviar<\/button>\r\n\r\n<\/div>\n<\/div>\n\t<input type=\"hidden\" name=\"item_key\" value=\"\" \/>\n\t\t\t<div id=\"frm_field_1150_container\">\n\t\t\t<label for=\"field_27wpi\" >\n\t\t\t\tSi eres humano, deja este campo en blanco.\t\t\t<\/label>\n\t\t\t<input  id=\"field_27wpi\" type=\"text\" class=\"frm_form_field form-field frm_verify\" name=\"item_meta[1150]\" value=\"\"  \/>\n\t\t<\/div>\n\t\t<input name=\"frm_state\" type=\"hidden\" value=\"e8RBtNLHOgtGmqv2mtYvgSc6DNZbQ\/vKQQQgg5UXo4k=\" \/><\/div>\n<\/fieldset>\n<\/div>\n\n<\/form>\n<\/div>\n\n<hr \/>\n<p>Si desea renovar mediante transferencia bancaria<\/p>\n<p>IBAN ES85 3081 0331 1729 7328 8323<br \/>\nBIC: ERSVES22<br \/>\nTitular: Asociaci\u00f3n Espa\u00f1ola de Monta a la Amazona<br \/>\nEntidad: EuroCaja Rural<\/p>\n","protected":false},"excerpt":{"rendered":"<p><span style=\"font-size: 14pt;\">Renovaci\u00f3n Cuota Anual 2022<\/span><\/p>\n<p><span style=\"font-size: 10pt;\"> Por favor, rellene\u00a0en el formulario m\u00e1s abajo, email, m\u00f3vil, nombre y apellido.<\/span><\/p>\n","protected":false},"featured_media":6015,"comment_status":"open","ping_status":"closed","template":"","meta":{"_kadence_starter_templates_imported_post":false,"_kad_post_transparent":"default","_kad_post_title":"","_kad_post_layout":"default","_kad_post_sidebar_id":"","_kad_post_content_style":"default","_kad_post_vertical_padding":"default","_kad_post_feature":"","_kad_post_feature_position":"","_kad_post_header":false,"_kad_post_footer":false,"_kad_post_classname":""},"product_brand":[],"product_cat":[61,63],"product_tag":[67],"class_list":{"0":"post-6018","1":"product","2":"type-product","3":"status-publish","4":"has-post-thumbnail","6":"product_cat-conexsocias","7":"product_cat-renova","8":"product_tag-renovar-cuota","10":"first","11":"outofstock","12":"virtual","13":"purchasable","14":"product-type-simple","15":"entry","16":"content-bg","17":"loop-entry"},"_links":{"self":[{"href":"https:\/\/www.monta-amazona.com\/clubaema1\/wp-json\/wp\/v2\/product\/6018","targetHints":{"allow":["GET"]}}],"collection":[{"href":"https:\/\/www.monta-amazona.com\/clubaema1\/wp-json\/wp\/v2\/product"}],"about":[{"href":"https:\/\/www.monta-amazona.com\/clubaema1\/wp-json\/wp\/v2\/types\/product"}],"replies":[{"embeddable":true,"href":"https:\/\/www.monta-amazona.com\/clubaema1\/wp-json\/wp\/v2\/comments?post=6018"}],"wp:featuredmedia":[{"embeddable":true,"href":"https:\/\/www.monta-amazona.com\/clubaema1\/wp-json\/wp\/v2\/media\/6015"}],"wp:attachment":[{"href":"https:\/\/www.monta-amazona.com\/clubaema1\/wp-json\/wp\/v2\/media?parent=6018"}],"wp:term":[{"taxonomy":"product_brand","embeddable":true,"href":"https:\/\/www.monta-amazona.com\/clubaema1\/wp-json\/wp\/v2\/product_brand?post=6018"},{"taxonomy":"product_cat","embeddable":true,"href":"https:\/\/www.monta-amazona.com\/clubaema1\/wp-json\/wp\/v2\/product_cat?post=6018"},{"taxonomy":"product_tag","embeddable":true,"href":"https:\/\/www.monta-amazona.com\/clubaema1\/wp-json\/wp\/v2\/product_tag?post=6018"}],"curies":[{"name":"wp","href":"https:\/\/api.w.org\/{rel}","templated":true}]}}