{"id":6019,"date":"2021-12-30T07:00:37","date_gmt":"2021-12-30T07:00:37","guid":{"rendered":"https:\/\/www.monta-amazona.com\/clubaema1\/?post_type=product&#038;p=6019"},"modified":"2021-12-30T07:00:37","modified_gmt":"2021-12-30T07:00:37","slug":"socia-2022","status":"publish","type":"product","link":"https:\/\/www.monta-amazona.com\/clubaema1\/product\/socia-2022\/","title":{"rendered":"Socia 2022"},"content":{"rendered":"<p><span style=\"font-size: 14pt;\">Inscripci\u00f3n Nueva Socia 2022<\/span><\/p>\n<p>Por favor, rellene los apartados del formulario siguiente y env\u00edelo antes de realizar el pago.<\/p>\n<p><span style=\"font-size: 10pt;\">Si ya es Socia y desea renovar su cuota, h\u00e1galo <a href=\"https:\/\/www.monta-amazona.com\/clubaema1\/product\/renova-2022\/\">aqu\u00ed<\/a>.<\/span><\/p>\n<div class=\"frm_forms  with_frm_style frm_style_estilo-de-formidable\" id=\"frm_form_14_container\" >\n<form enctype=\"multipart\/form-data\" method=\"post\" class=\"frm-show-form \" id=\"form_socia22\" >\n<div class=\"frm_form_fields \">\n<fieldset>\n<legend class=\"frm_screen_reader\">Socia 2022<\/legend>\r\n<\/br>\r\n<div class=\"frm_fields_container\">\n<input type=\"hidden\" name=\"frm_action\" value=\"create\" \/>\n<input type=\"hidden\" name=\"form_id\" value=\"14\" \/>\n<input type=\"hidden\" name=\"frm_hide_fields_14\" id=\"frm_hide_fields_14\" value=\"\" \/>\n<input type=\"hidden\" name=\"form_key\" value=\"socia22\" \/>\n<input type=\"hidden\" name=\"item_meta[0]\" value=\"\" \/>\n<input type=\"hidden\" id=\"frm_submit_entry_14\" name=\"frm_submit_entry_14\" value=\"14a931e232\" \/><input type=\"hidden\" name=\"_wp_http_referer\" value=\"\/clubaema1\/wp-json\/wp\/v2\/product\/6019\" \/><div id=\"frm_field_240_container\" class=\"frm_form_field  br frm_html_container form-field\"><img loading=\"lazy\" decoding=\"async\" class=\"aligncenter\" src=\"https:\/\/www.monta-amazona.com\/clubaema1\/wp-content\/uploads\/files\/images\/LogoAEMAColor_33-150x150.png\" alt=\"Logo AEMA\" width=\"150\" height=\"150\" \/><span style=\"font-size: 14pt;\"> Inscripci\u00f3n <\/span><span style=\"font-size: 14pt;\"><strong>Socia 2022<\/strong><\/span><br \/>\ncuota anual <strong>35\u20ac<\/strong><\/p>\n<p>Por favor, rellene los apartados de este formulario, son necesarios para enviarle la informaci\u00f3n de la Asociaci\u00f3n y su carnet de Socia.<\/p>\n<p>Env\u00ede el formulario antes de realizar el pago.<br \/>\nEl formulario solo es v\u00e1lido una vez recibido el pago correspondiente.<\/p>\n<p><span style=\"font-size: 10pt;\">para cualquier aclaraci\u00f3n o duda, escriba a <em>aema.asociacion@gmail.com<\/em><\/span><\/div>\n<div id=\"frm_field_241_container\" class=\"frm_form_field form-field  frm_required_field frm_top_container frm_two_thirds\">\r\n    <label for=\"field_r0uo3\" id=\"field_r0uo3_label\" class=\"frm_primary_label\">Correo electr\u00f3nico\r\n        <span class=\"frm_required\">*<\/span>\r\n    <\/label>\r\n    <input type=\"email\" id=\"field_r0uo3\" name=\"item_meta[241]\" value=\"\"  data-reqmsg=\"Este campo no puede estar en blanco.\" aria-required=\"true\" data-invmsg=\"Correo electr\u00f3nico no es v\u00e1lido\" aria-invalid=\"false\"  \/>\r\n    \r\n    \r\n<\/div>\n<div id=\"frm_field_242_container\" class=\"frm_form_field form-field  frm_required_field frm_top_container frm_third\">\r\n    <label for=\"field_kjrthaa422233452\" id=\"field_kjrthaa422233452_label\" class=\"frm_primary_label\">Tel\u00e9fono\r\n        <span class=\"frm_required\">*<\/span>\r\n    <\/label>\r\n    <input type=\"text\" id=\"field_kjrthaa422233452\" name=\"item_meta[242]\" value=\"\"  data-reqmsg=\"Este campo no puede estar en blanco.\" aria-required=\"true\" data-invmsg=\"Texto no es v\u00e1lido\" aria-invalid=\"false\"  \/>\r\n    \r\n    \r\n<\/div>\n<div id=\"frm_field_243_container\" class=\"frm_form_field  frm_html_container form-field\">\n<p>Por favor, no se olvide de proporcionar un email v\u00e1lido.<br \/>Recibir\u00e1 toda la informaci\u00f3n de eventos, cursos, promociones, as\u00ed como su carnet y toda informaci\u00f3n relevante mediante e-mail.<\/p>\n<\/div>\n<div id=\"frm_field_244_container\" class=\"frm_form_field form-field  frm_required_field frm_top_container frm_half\">\r\n    <label for=\"field_67m9gf8c0017fca2\" id=\"field_67m9gf8c0017fca2_label\" class=\"frm_primary_label\">Nombre\r\n        <span class=\"frm_required\">*<\/span>\r\n    <\/label>\r\n    <input type=\"text\" id=\"field_67m9gf8c0017fca2\" name=\"item_meta[244]\" value=\"\"  data-reqmsg=\"Este campo no puede estar en blanco.\" aria-required=\"true\" data-invmsg=\"Texto no es v\u00e1lido\" aria-invalid=\"false\"  \/>\r\n    \r\n    \r\n<\/div>\n<div id=\"frm_field_245_container\" class=\"frm_form_field form-field  frm_required_field frm_top_container frm_half\">\r\n    <label for=\"field_khy4n72b51abeb52\" id=\"field_khy4n72b51abeb52_label\" class=\"frm_primary_label\">Apellidos\r\n        <span class=\"frm_required\">*<\/span>\r\n    <\/label>\r\n    <input type=\"text\" id=\"field_khy4n72b51abeb52\" name=\"item_meta[245]\" value=\"\"  data-reqmsg=\"Este campo no puede estar en blanco.\" aria-required=\"true\" data-invmsg=\"Texto no es v\u00e1lido\" aria-invalid=\"false\"  \/>\r\n    \r\n    \r\n<\/div>\n<div id=\"frm_field_246_container\" class=\"frm_form_field form-field  frm_required_field frm_top_container\">\r\n    <label for=\"field_kj0k3\" id=\"field_kj0k3_label\" class=\"frm_primary_label\">Direcci\u00f3n\r\n        <span class=\"frm_required\">*<\/span>\r\n    <\/label>\r\n    <input type=\"text\" id=\"field_kj0k3\" name=\"item_meta[246]\" value=\"\"  data-reqmsg=\"Este campo no puede estar en blanco.\" aria-required=\"true\" data-invmsg=\"Texto no es v\u00e1lido\" aria-invalid=\"false\"  \/>\r\n    \r\n    \r\n<\/div>\n<div id=\"frm_field_247_container\" class=\"frm_form_field form-field  frm_top_container\">\r\n    <label for=\"field_iudz82\" id=\"field_iudz82_label\" class=\"frm_primary_label\">Direcci\u00f3n\r\n        <span class=\"frm_required\"><\/span>\r\n    <\/label>\r\n    <input type=\"text\" id=\"field_iudz82\" name=\"item_meta[247]\" value=\"\"  data-invmsg=\"Texto no es v\u00e1lido\" aria-invalid=\"false\"  \/>\r\n    \r\n    \r\n<\/div>\n<div id=\"frm_field_248_container\" class=\"frm_form_field form-field  frm_required_field frm_top_container frm_third\">\r\n    <label for=\"field_bigko8e3330edb02\" id=\"field_bigko8e3330edb02_label\" class=\"frm_primary_label\">C\u00f3digo Postal\r\n        <span class=\"frm_required\">*<\/span>\r\n    <\/label>\r\n    <input type=\"text\" id=\"field_bigko8e3330edb02\" name=\"item_meta[248]\" value=\"\"  data-reqmsg=\"Este campo no puede estar en blanco.\" aria-required=\"true\" data-invmsg=\"Texto no es v\u00e1lido\" aria-invalid=\"false\"  \/>\r\n    \r\n    \r\n<\/div>\n<div id=\"frm_field_249_container\" class=\"frm_form_field form-field  frm_required_field frm_top_container frm_two_thirds\">\r\n    <label for=\"field_ualacc0b28f237d2\" id=\"field_ualacc0b28f237d2_label\" class=\"frm_primary_label\">Ciudad\r\n        <span class=\"frm_required\">*<\/span>\r\n    <\/label>\r\n    <input type=\"text\" id=\"field_ualacc0b28f237d2\" name=\"item_meta[249]\" value=\"\"  data-reqmsg=\"Este campo no puede estar en blanco.\" aria-required=\"true\" data-invmsg=\"Texto no es v\u00e1lido\" aria-invalid=\"false\"  \/>\r\n    \r\n    \r\n<\/div>\n<div id=\"frm_field_250_container\" class=\"frm_form_field form-field  frm_top_container\">\r\n    <label for=\"field_iryv39db8ce156e2\" id=\"field_iryv39db8ce156e2_label\" class=\"frm_primary_label\">Provincia\/Regi\u00f3n\r\n        <span class=\"frm_required\"><\/span>\r\n    <\/label>\r\n    <input type=\"text\" id=\"field_iryv39db8ce156e2\" name=\"item_meta[250]\" value=\"\"  data-invmsg=\"Texto no es v\u00e1lido\" aria-invalid=\"false\"  \/>\r\n    \r\n    \r\n<\/div>\n<div id=\"frm_field_251_container\" class=\"frm_form_field form-field  frm_required_field frm_top_container\">\r\n    <label for=\"field_e0se164daa399502\" id=\"field_e0se164daa399502_label\" class=\"frm_primary_label\">Pa\u00eds\r\n        <span class=\"frm_required\">*<\/span>\r\n    <\/label>\r\n    <input type=\"text\" id=\"field_e0se164daa399502\" name=\"item_meta[251]\" value=\"\"  data-reqmsg=\"Este campo no puede estar en blanco.\" aria-required=\"true\" data-invmsg=\"Texto no es v\u00e1lido\" aria-invalid=\"false\"  \/>\r\n    \r\n    \r\n<\/div>\n<div id=\"frm_field_252_container\" class=\"frm_form_field  frm_html_container form-field\">\n<p><span style=\"font-size: 14pt;\" data-mce-style=\"font-size: 14pt;\"> Silla de Amazona, tipo y n\u00famero<\/span><\/p>\n<\/div>\n<div id=\"frm_field_253_container\" class=\"frm_form_field form-field  frm_top_container frm_fourth vertical_radio\">\r\n    <div  id=\"field_7hxrp2_label\" class=\"frm_primary_label\">Tipos deSilla\r\n        <span class=\"frm_required\"><\/span>\r\n    <\/div>\r\n    <div class=\"frm_opt_container\" aria-labelledby=\"field_7hxrp2_label\" role=\"radiogroup\">\t\t<div class=\"frm_radio\" id=\"frm_radio_253-0\">\t\t\t<label  for=\"field_7hxrp2-0\">\n\t\t\t\t\t<input type=\"radio\" name=\"item_meta[253]\" id=\"field_7hxrp2-0\" value=\"Inglesa\"\n\t\t   data-invmsg=\"Tipos deSilla no es v\u00e1lido\"  \/> Inglesa<\/label><\/div>\n\t\t<div class=\"frm_radio\" id=\"frm_radio_253-1\">\t\t\t<label  for=\"field_7hxrp2-1\">\n\t\t\t\t\t<input type=\"radio\" name=\"item_meta[253]\" id=\"field_7hxrp2-1\" value=\"Vaquera\"\n\t\t   data-invmsg=\"Tipos deSilla no es v\u00e1lido\"  \/> Vaquera<\/label><\/div>\n\t\t<div class=\"frm_radio\" id=\"frm_radio_253-2\">\t\t\t<label  for=\"field_7hxrp2-2\">\n\t\t\t\t\t<input type=\"radio\" name=\"item_meta[253]\" id=\"field_7hxrp2-2\" value=\"Otra\"\n\t\t   data-invmsg=\"Tipos deSilla no es v\u00e1lido\"  \/> Otra<\/label><\/div>\n<\/div>\r\n    \r\n    \r\n<\/div>\n<div id=\"frm_field_254_container\" class=\"frm_form_field form-field  frm_top_container frm_fourth\">\r\n    <label for=\"field_aj4ac2\" id=\"field_aj4ac2_label\" class=\"frm_primary_label\">Inglesa n\u00ba\r\n        <span class=\"frm_required\"><\/span>\r\n    <\/label>\r\n    \t\t<select name=\"item_meta[254]\" id=\"field_aj4ac2\"  data-invmsg=\"Inglesa n\u00ba no es v\u00e1lido\" aria-invalid=\"false\"  >\n\t\t<option  value=\"-\">-<\/option><option  value=\"1\">1<\/option><option  value=\"2\">2<\/option><option  value=\"3\">3<\/option><option  value=\"4\">4<\/option><option  value=\"5\">5<\/option><option  value=\"6\">6<\/option><option  value=\"7\">7<\/option><option  value=\"8\">8<\/option><option  value=\"9\">9<\/option>\t<\/select>\n\t\r\n    \r\n    \r\n<\/div>\n<div id=\"frm_field_255_container\" class=\"frm_form_field form-field  frm_top_container frm_fourth\">\r\n    <label for=\"field_l59zx2\" id=\"field_l59zx2_label\" class=\"frm_primary_label\">Vaquera n\u00ba\r\n        <span class=\"frm_required\"><\/span>\r\n    <\/label>\r\n    \t\t<select name=\"item_meta[255]\" id=\"field_l59zx2\"  data-invmsg=\"Vaquera n\u00ba no es v\u00e1lido\" aria-invalid=\"false\"  >\n\t\t<option  value=\"-\">-<\/option><option  value=\"1\">1<\/option><option  value=\"2\">2<\/option><option  value=\"3\">3<\/option><option  value=\"4\">4<\/option><option  value=\"5\">5<\/option><option  value=\"6\">6<\/option><option  value=\"7\">7<\/option><option  value=\"8\">8<\/option><option  value=\"9\">9<\/option>\t<\/select>\n\t\r\n    \r\n    \r\n<\/div>\n<div id=\"frm_field_256_container\" class=\"frm_form_field form-field  frm_top_container frm_fourth\">\r\n    <label for=\"field_j1y232\" id=\"field_j1y232_label\" class=\"frm_primary_label\">Otra n\u00ba\r\n        <span class=\"frm_required\"><\/span>\r\n    <\/label>\r\n    \t\t<select name=\"item_meta[256]\" id=\"field_j1y232\"  data-invmsg=\"Otra n\u00ba no es v\u00e1lido\" aria-invalid=\"false\"  >\n\t\t<option  value=\"-\">-<\/option><option  value=\"1\">1<\/option><option  value=\"2\">2<\/option><option  value=\"3\">3<\/option><option  value=\"4\">4<\/option><option  value=\"5\">5<\/option><option  value=\"6\">6<\/option><option  value=\"7\">7<\/option><option  value=\"8\">8<\/option><option  value=\"9\">9<\/option>\t<\/select>\n\t\r\n    \r\n    \r\n<\/div>\n<div id=\"frm_field_257_container\" class=\"frm_form_field form-field  frm_top_container frm12\">\r\n    <label for=\"field_7wxl02\" id=\"field_7wxl02_label\" class=\"frm_primary_label\">Descripci\u00f3n de la(s) silla(s) Marca\u00b7Modelo-Tama\u00f1o\u00b7A\u00f1o\r\n        <span class=\"frm_required\"><\/span>\r\n    <\/label>\r\n    <textarea name=\"item_meta[257]\" id=\"field_7wxl02\" rows=\"5\"  data-invmsg=\"Descripci\u00f3n de la(s) silla(s) Marca\u00b7Modelo-Tama\u00f1o\u00b7A\u00f1o no es v\u00e1lido\" aria-invalid=\"false\"  ><\/textarea>\r\n    \r\n    \r\n<\/div>\n<div id=\"frm_field_258_container\" class=\"frm_form_field form-field  frm_top_container\">\r\n    <label for=\"field_id6ug2\" id=\"field_id6ug2_label\" class=\"frm_primary_label\">Perfil de facebook URL : www.facebook.com\/nombre.apellido\r\n        <span class=\"frm_required\"><\/span>\r\n    <\/label>\r\n    <input type=\"text\" id=\"field_id6ug2\" name=\"item_meta[258]\" value=\"\"  data-invmsg=\"Texto no es v\u00e1lido\" aria-invalid=\"false\"  \/>\r\n    \r\n    \r\n<\/div>\n<div id=\"frm_field_259_container\" class=\"frm_form_field  frm_html_container form-field\">\n<p>\u00bfC\u00f3mo conoci\u00f3 la Asociaci\u00f3n?<\/p>\n<\/div>\n<div id=\"frm_field_260_container\" class=\"frm_form_field form-field  frm_top_container frm_third vertical_radio\">\r\n    <div  id=\"field_i44t92_label\" class=\"frm_primary_label\">\r\n        <span class=\"frm_required\"><\/span>\r\n    <\/div>\r\n    <div class=\"frm_opt_container\" aria-labelledby=\"field_i44t92_label\" role=\"group\">\t\t<div class=\"frm_checkbox\" id=\"frm_checkbox_260-0\">\t\t\t<label  for=\"field_i44t92-0\">\n\t\t\t<input type=\"checkbox\" name=\"item_meta[260][]\" id=\"field_i44t92-0\" value=\"por Internet \/ Web \/ Foro\"  data-invmsg=\"Este campo no es v\u00e1lido\"   \/> por Internet \/ Web \/ Foro<\/label><\/div>\n\t\t<div class=\"frm_checkbox\" id=\"frm_checkbox_260-1\">\t\t\t<label  for=\"field_i44t92-1\">\n\t\t\t<input type=\"checkbox\" name=\"item_meta[260][]\" id=\"field_i44t92-1\" value=\"viendo una exhibici\u00f3n de AEMA\"  data-invmsg=\"Este campo no es v\u00e1lido\"   \/> viendo una exhibici\u00f3n de AEMA<\/label><\/div>\n<\/div>\r\n    \r\n    \r\n<\/div>\n<div id=\"frm_field_261_container\" class=\"frm_form_field form-field  frm_top_container frm_third vertical_radio\">\r\n    <div  id=\"field_2zdbu2_label\" class=\"frm_primary_label\">\r\n        <span class=\"frm_required\"><\/span>\r\n    <\/div>\r\n    <div class=\"frm_opt_container\" aria-labelledby=\"field_2zdbu2_label\" role=\"group\">\t\t<div class=\"frm_checkbox\" id=\"frm_checkbox_261-0\">\t\t\t<label  for=\"field_2zdbu2-0\">\n\t\t\t<input type=\"checkbox\" name=\"item_meta[261][]\" id=\"field_2zdbu2-0\" value=\"folleto \/ publicidad\"  data-invmsg=\"Este campo no es v\u00e1lido\"   \/> folleto \/ publicidad<\/label><\/div>\n\t\t<div class=\"frm_checkbox\" id=\"frm_checkbox_261-1\">\t\t\t<label  for=\"field_2zdbu2-1\">\n\t\t\t<input type=\"checkbox\" name=\"item_meta[261][]\" id=\"field_2zdbu2-1\" value=\"me hablaron de ella\"  data-invmsg=\"Este campo no es v\u00e1lido\"   \/> me hablaron de ella<\/label><\/div>\n<\/div>\r\n    \r\n    \r\n<\/div>\n<div id=\"frm_field_262_container\" class=\"frm_form_field form-field  frm_top_container frm_third vertical_radio\">\r\n    <div  id=\"field_7q2302_label\" class=\"frm_primary_label\">\r\n        <span class=\"frm_required\"><\/span>\r\n    <\/div>\r\n    <div class=\"frm_opt_container\" aria-labelledby=\"field_7q2302_label\" role=\"group\">\t\t<div class=\"frm_checkbox\" id=\"frm_checkbox_262-0\">\t\t\t<label  for=\"field_7q2302-0\">\n\t\t\t<input type=\"checkbox\" name=\"item_meta[262][]\" id=\"field_7q2302-0\" value=\"prensa \/ medios informativos\"  data-invmsg=\"Este campo no es v\u00e1lido\"   \/> prensa \/ medios informativos<\/label><\/div>\n\t\t<div class=\"frm_checkbox\" id=\"frm_checkbox_262-1\">\t\t\t<label  for=\"field_7q2302-1\">\n\t\t\t<input type=\"checkbox\" name=\"item_meta[262][]\" id=\"field_7q2302-1\" value=\"asist\u00ed a un curso conferencia\"  data-invmsg=\"Este campo no es v\u00e1lido\"   \/> asist\u00ed a un curso conferencia<\/label><\/div>\n<\/div>\r\n    \r\n    \r\n<\/div>\n<div id=\"frm_field_263_container\" class=\"frm_form_field form-field  frm_top_container frm_sixth vertical_radio\">\r\n    <div  id=\"field_n45et2_label\" class=\"frm_primary_label\">\r\n        <span class=\"frm_required\"><\/span>\r\n    <\/div>\r\n    <div class=\"frm_opt_container\" aria-labelledby=\"field_n45et2_label\" role=\"group\">\t\t<div class=\"frm_checkbox\" id=\"frm_checkbox_263-0\">\t\t\t<label  for=\"field_n45et2-0\">\n\t\t\t<input type=\"checkbox\" name=\"item_meta[263][]\" id=\"field_n45et2-0\" value=\"Otro medio\"  data-invmsg=\"Este campo no es v\u00e1lido\"   \/> Otro medio<\/label><\/div>\n<\/div>\r\n    \r\n    \r\n<\/div>\n<div id=\"frm_field_264_container\" class=\"frm_form_field form-field  frm_top_container frm10\">\r\n    <label for=\"field_xf5jl2\" id=\"field_xf5jl2_label\" class=\"frm_primary_label\">Describa cual\r\n        <span class=\"frm_required\"><\/span>\r\n    <\/label>\r\n    <textarea name=\"item_meta[264]\" id=\"field_xf5jl2\" rows=\"5\"  data-invmsg=\"Describa cual no es v\u00e1lido\" aria-invalid=\"false\"  ><\/textarea>\r\n    \r\n    \r\n<\/div>\n<div id=\"frm_field_265_container\" class=\"frm_form_field  frm_html_container form-field\">Si desea domiciliar la cuota anual rellene los datos de su cuenta para la ORDEN BANCARIA del recibo presentado por la Asociaci\u00f3n Espa\u00f1ola de Monta a la Amazona\n<\/div>\n<div id=\"frm_field_266_container\" class=\"frm_form_field form-field  frm_top_container\">\r\n    <label for=\"field_w6wao2\" id=\"field_w6wao2_label\" class=\"frm_primary_label\">IBAN\r\n        <span class=\"frm_required\"><\/span>\r\n    <\/label>\r\n    <input type=\"text\" id=\"field_w6wao2\" name=\"item_meta[266]\" value=\"\"  data-invmsg=\"Texto no es v\u00e1lido\" aria-invalid=\"false\"  \/>\r\n    \r\n    \r\n<\/div>\n<div id=\"frm_field_267_container\" class=\"frm_form_field form-field  frm_top_container\">\r\n    <label for=\"field_geu2k2\" id=\"field_geu2k2_label\" class=\"frm_primary_label\">Titular de la cuenta\r\n        <span class=\"frm_required\"><\/span>\r\n    <\/label>\r\n    <input type=\"text\" id=\"field_geu2k2\" name=\"item_meta[267]\" value=\"\"  data-invmsg=\"Texto no es v\u00e1lido\" aria-invalid=\"false\"  \/>\r\n    \r\n    \r\n<\/div>\n<div id=\"frm_field_268_container\" class=\"frm_form_field form-field  frm_top_container\">\r\n    <label for=\"field_rd16t2\" id=\"field_rd16t2_label\" class=\"frm_primary_label\">Banco o Caja\r\n        <span class=\"frm_required\"><\/span>\r\n    <\/label>\r\n    <input type=\"text\" id=\"field_rd16t2\" name=\"item_meta[268]\" value=\"\"  data-invmsg=\"Texto no es v\u00e1lido\" aria-invalid=\"false\"  \/>\r\n    \r\n    \r\n<\/div>\n<div id=\"frm_field_269_container\" class=\"frm_form_field form-field  frm_top_container frm_alignright frm_half\">\r\n    <label for=\"field_13gm62\" id=\"field_13gm62_label\" class=\"frm_primary_label\">Fecha\r\n        <span class=\"frm_required\"><\/span>\r\n    <\/label>\r\n    <input type=\"text\" id=\"field_13gm62\" name=\"item_meta[269]\" value=\"\"  data-invmsg=\"Texto no es v\u00e1lido\" aria-invalid=\"false\"  \/>\r\n    \r\n    \r\n<\/div>\n<div id=\"frm_field_270_container\" class=\"frm_form_field  frm_html_container form-field\">\n<p><span style=\"font-size: 16px;\" data-mce-style=\"font-size: 16px;\">Conexi\u00f3n Segura SSL<\/span><\/p>\n<p><img decoding=\"async\" src=\"https:\/\/monta-amazona.x10.mx\/club\/wp-content\/uploads\/2021\/01\/sectigo_trust_seal_sm_82x32.png\" alt=\"\" data-mce-src=\"https:\/\/monta-amazona.x10.mx\/club\/wp-content\/uploads\/2021\/01\/sectigo_trust_seal_sm_82x32.png\"><\/p>\n<\/div>\n<div id=\"frm_field_271_container\" class=\"frm_form_field  lt frm_html_container form-field\">\n<p><span style=\"font-size: 12px;\" data-mce-style=\"font-size: 12px;\">La informaci\u00f3n recogida en este formulario ser\u00e1 utilizada exclusivamente para los fines de la asociaci\u00f3n y puede ser modificada o anulada por el titular en la sede social de la Asociaci\u00f3n.<\/span><br \/><span style=\"font-size: 12px;\" data-mce-style=\"font-size: 12px;\"><a href=\"https:\/\/monta-amazona.x10.mx\/club\/privacy-policy\/\" data-mce-href=\"https:\/\/monta-amazona.x10.mx\/club\/privacy-policy\/\">Politica de Privacidad<\/a><\/span><\/p>\n<\/div>\n<div id=\"frm_field_1135_container\" class=\"frm_form_field form-field \">\n\t<div class=\"frm_submit\">\r\n\r\n<button class=\"frm_button_submit\" type=\"submit\"  >Enviar<\/button>\r\n\r\n<\/div>\n<\/div>\n\t<input type=\"hidden\" name=\"item_key\" value=\"\" \/>\n\t\t\t<div id=\"frm_field_1150_container\">\n\t\t\t<label for=\"field_rxfaa\" >\n\t\t\t\tSi eres humano, deja este campo en blanco.\t\t\t<\/label>\n\t\t\t<input  id=\"field_rxfaa\" type=\"text\" class=\"frm_form_field form-field frm_verify\" name=\"item_meta[1150]\" value=\"\"  \/>\n\t\t<\/div>\n\t\t<input name=\"frm_state\" type=\"hidden\" value=\"e8RBtNLHOgtGmqv2mtYvgSc6DNZbQ\/vKQQQgg5UXo4k=\" \/><\/div>\n<\/fieldset>\n<\/div>\n\n<\/form>\n<\/div>\n\n<hr \/>\n<p><span style=\"font-size: 12pt;\">Si prefiere el formulario en formato tradicional,<\/span><br \/>\n<span style=\"font-size: 12pt;\"><span style=\"color: black;\"><em>para rellenar a mano<\/em><\/span><\/span><br \/>\n<span style=\"font-size: 12pt;\">descargue <strong><a href=\"href=\"https:\/\/www.monta-amazona.com\/clubaema1\/wp-content\/uploads\/files\/inscrip-socias\/Socia2022_AEMA.pdf\">Impreso de Inscripci\u00f3n 2022 para Impresora<\/a><\/strong><\/span><\/p>\n<p><span style=\"font-size: 12pt;\"><span style=\"color: black;\"><em>para rellenar en ordenador con programa Word<\/em><\/span><\/span><br \/>\n<span style=\"font-size: 12pt;\">descargue <a href=\"https:\/\/www.monta-amazona.com\/clubaema1\/wp-content\/uploads\/files\/Inscrip-socias\/Socia2022_AEMA.docx\/\"><strong>Impreso de Inscripci\u00f3n 2022 Word<\/strong><\/a> para ordenador<\/span><br \/>\n<span style=\"font-size: 10pt;\">puede rellenarse en ordenador sin necesidad de imprimir,<br \/>\nesta opci\u00f3n no funciona en m\u00f3vil ni tableta<\/span><\/p>\n<p><span style=\"font-size: 12pt;\">Si desea realizar el ingreso mediante transferencia bancaria<\/span><\/p>\n<p><span style=\"font-size: 12pt;\">IBAN ES85 3081 0331 1729 7328 8323<br \/>\nBIC: ERSVES22<br \/>\nTitular: Asociaci\u00f3n Espa\u00f1ola de Monta a la Amazona<br \/>\nEntidad: EuroCaja Rural <\/span><\/p>\n<p>El formulario adquiere validez cuando se haya recibido el pago.<\/p>\n","protected":false},"excerpt":{"rendered":"<p><span style=\"font-size: 14pt;\">Inscripci\u00f3n Nueva Socia 2022<\/span><\/p>\n<p><span style=\"font-size: 8pt;\"> Por favor, rellene el formulario m\u00e1s abajo<\/span><\/p>\n","protected":false},"featured_media":6014,"comment_status":"open","ping_status":"closed","template":"","meta":{"_kadence_starter_templates_imported_post":false,"_kad_post_transparent":"default","_kad_post_title":"","_kad_post_layout":"default","_kad_post_sidebar_id":"","_kad_post_content_style":"default","_kad_post_vertical_padding":"default","_kad_post_feature":"","_kad_post_feature_position":"","_kad_post_header":false,"_kad_post_footer":false,"_kad_post_classname":""},"product_brand":[],"product_cat":[58,60],"product_tag":[98],"class_list":{"0":"post-6019","1":"product","2":"type-product","3":"status-publish","4":"has-post-thumbnail","6":"product_cat-conexnosocias","7":"product_cat-asocia","8":"product_tag-nueva-socia","10":"first","11":"outofstock","12":"virtual","13":"purchasable","14":"product-type-simple","15":"entry","16":"content-bg","17":"loop-entry"},"_links":{"self":[{"href":"https:\/\/www.monta-amazona.com\/clubaema1\/wp-json\/wp\/v2\/product\/6019","targetHints":{"allow":["GET"]}}],"collection":[{"href":"https:\/\/www.monta-amazona.com\/clubaema1\/wp-json\/wp\/v2\/product"}],"about":[{"href":"https:\/\/www.monta-amazona.com\/clubaema1\/wp-json\/wp\/v2\/types\/product"}],"replies":[{"embeddable":true,"href":"https:\/\/www.monta-amazona.com\/clubaema1\/wp-json\/wp\/v2\/comments?post=6019"}],"wp:featuredmedia":[{"embeddable":true,"href":"https:\/\/www.monta-amazona.com\/clubaema1\/wp-json\/wp\/v2\/media\/6014"}],"wp:attachment":[{"href":"https:\/\/www.monta-amazona.com\/clubaema1\/wp-json\/wp\/v2\/media?parent=6019"}],"wp:term":[{"taxonomy":"product_brand","embeddable":true,"href":"https:\/\/www.monta-amazona.com\/clubaema1\/wp-json\/wp\/v2\/product_brand?post=6019"},{"taxonomy":"product_cat","embeddable":true,"href":"https:\/\/www.monta-amazona.com\/clubaema1\/wp-json\/wp\/v2\/product_cat?post=6019"},{"taxonomy":"product_tag","embeddable":true,"href":"https:\/\/www.monta-amazona.com\/clubaema1\/wp-json\/wp\/v2\/product_tag?post=6019"}],"curies":[{"name":"wp","href":"https:\/\/api.w.org\/{rel}","templated":true}]}}