{"id":6093,"date":"2022-09-10T21:07:17","date_gmt":"2022-09-10T21:07:17","guid":{"rendered":"https:\/\/www.monta-amazona.com\/clubaema1\/?post_type=product&#038;p=6093"},"modified":"2025-09-08T21:22:46","modified_gmt":"2025-09-08T21:22:46","slug":"inscrip-curso-221022-ns","status":"publish","type":"product","link":"https:\/\/www.monta-amazona.com\/clubaema1\/product\/inscrip-curso-221022-ns\/","title":{"rendered":"Inscripci\u00f3n Curso AEMA Aznalc\u00e1zar 22-23 oct 22"},"content":{"rendered":"<p style=\"text-align: center;\"><span style=\"font-size: 14pt;\">Inscripci\u00f3n <span style=\"font-family: lucida sans unicode,lucida grande,sans-serif;\">Curso AEMA <strong>Aznalc\u00e1zar<\/strong><\/span> 22-23 octubre 2022<\/span><br \/>\n<span style=\"font-size: 14pt;\">Inscripci\u00f3n para -no Socias-<\/span><\/p>\n<p style=\"text-align: center;\"><span style=\"font-size: 14px;\">Inscripci\u00f3n para Socias AEMA <a href=\"https:\/\/www.monta-amazona.com\/clubaema1\/product\/inscrip-curso-221022-socias\/\"> aqu\u00ed<\/a><\/span><\/p>\n<p><span style=\"font-size: 12pt;\">Inscripci\u00f3n <strong>hasta 20 de Octubre<\/strong><\/span><br \/>\nEl plazo de reservas para las Comidas tanto para Asistentes al Curso y para acompa\u00f1antes\u00a0 termina <strong>\u00a0el <span style=\"font-size: 12pt;\">mi\u00e9rcoles 19 de Octubre<\/span> <\/strong><\/p>\n<p><span style=\"font-size: 12pt;\">Los acompa\u00f1antes y todas las personas que deseen permanecer durante el desarrollo del curso deben inscribirse como Oyentes<\/span><\/p>\n<p><span style=\"font-size: 16px;\">Elija las opciones de su elecci\u00f3n<\/span><\/p>\n<hr style=\"background: none; width: 50%; border-top: 2px solid #6868b2;\" \/>\n<p><span style=\"font-size: 16px;\">rellene y env\u00ede el siguiente formulario <\/span><\/p>\n<hr style=\"background: none; width: 50%; border-top: 2px solid #6868b2;\" \/>\n<div class=\"frm_forms  with_frm_style frm_style_estilo-de-formidable\" id=\"frm_form_20_container\" data-token=\"15d36b8dc987eaef265c1578aa63eeb5\">\n<form enctype=\"multipart\/form-data\" method=\"post\" class=\"frm-show-form \" id=\"form_221022_cursoaznalcazar_nosocias\" data-token=\"15d36b8dc987eaef265c1578aa63eeb5\">\n<div class=\"frm_form_fields \">\n<fieldset>\n<legend class=\"frm_screen_reader\">221022_CursoAznalcazar_noSocias<\/legend>\r\n\r\n<div class=\"frm_fields_container\">\n<input type=\"hidden\" name=\"frm_action\" value=\"create\" \/>\n<input type=\"hidden\" name=\"form_id\" value=\"20\" \/>\n<input type=\"hidden\" name=\"frm_hide_fields_20\" id=\"frm_hide_fields_20\" value=\"\" \/>\n<input type=\"hidden\" name=\"form_key\" value=\"221022_cursoaznalcazar_nosocias\" \/>\n<input type=\"hidden\" name=\"item_meta[0]\" value=\"\" \/>\n<input type=\"hidden\" id=\"frm_submit_entry_20\" name=\"frm_submit_entry_20\" value=\"14a931e232\" \/><input type=\"hidden\" name=\"_wp_http_referer\" value=\"\/clubaema1\/wp-json\/wp\/v2\/product\/6093\" \/><div id=\"frm_field_371_container\" class=\"frm_form_field  frm_html_container form-field\"><img loading=\"lazy\" decoding=\"async\" class=\"aligncenter\" src=\"https:\/\/www.monta-amazona.com\/clubaema1\/wp-content\/uploads\/files\/images\/LogoAEMAColor_33-150x150.png\" alt=\"Logo AEMA\" width=\"150\" height=\"150\" \/><\/p>\n<p style=\"text-align: center;\"><span style=\"font-family: verdana,geneva,sans-serif;\"><strong><u><span style=\"font-size: 18px;\">Curso AEMA Aznalc\u00e1zar 22-23 octubre 2022<\/span><\/u><\/strong><\/span><\/p>\n<p style=\"text-align: center;\"><strong><u><span style=\"font-size: 16px;\">Petici\u00f3n de plaza para NO Socias<\/span><\/u><\/strong><\/p>\n<p style=\"text-align: center;\"><span style=\"font-size: 14px;\">Inscripci\u00f3n para Socias AEMA <a href=\"https:\/\/www.monta-amazona.com\/clubaema1\/product\/inscrip-curso-221022-socias\/\"> aqu\u00ed<\/a><\/span><\/p>\n<hr style=\"background: none; border-top: 2px solid #6868b2;\" \/>\n<p><span style=\"font-size: 14px;\">\u00a1\u00a1ATENCI\u00d3N!!<br \/>\nDado la alta demanda para este curso, las plazas para NO Socias se atenderan por estricto orden de recepci\u00f3n a partir\u00a0 del d\u00eda 15 de octubre.<br \/>\nPuede enviar su inscripci\u00f3n mediante este formulario, pero no realice ning\u00fan pago hasta no recibir la confirmaci\u00f3n de disponibilidad de plaza.\u200b\u200b\u2014\u2014\u2014\u2014\u2014\u2014\u2014\u2014\u2014<\/span><span style=\"font-size: 14px;\">\u2014<\/span><span style=\"font-size: 14px;\">\u2014<\/span><span style=\"font-size: 14px;\">\u2014<\/span><span style=\"font-size: 14px;\">\u2014<\/span><span style=\"font-size: 14px;\">\u2014<\/span><span style=\"font-size: 14px;\">\u2014\u2014\u2014<\/span><span style=\"font-size: 14px;\">\u2014<\/span><span style=\"font-size: 14px;\">\u2014<\/span><span style=\"font-size: 14px;\">\u2014<\/span><span style=\"font-size: 14px;\">\u2014<\/span><span style=\"font-size: 14px;\">\u2014<\/span><span style=\"font-size: 14px;\">\u2014\u2014\u2014<\/span><span style=\"font-size: 14px;\">\u2014<\/span><span style=\"font-size: 14px;\">\u2014<\/span><span style=\"font-size: 14px;\">\u2014<\/span><span style=\"font-size: 14px;\">\u2014<\/span><span style=\"font-size: 14px;\">\u2014<\/span><span style=\"font-size: 14px;\">\u2014<\/span><span style=\"font-size: 14px;\">\u2014\u2014\u2014\u2014\u2014\u2014\u2014\u2014\u2014\u2014\u2014\u2014\u2014<br \/>\nPor favor, rellene los apartados obligatorios <strong><span style=\"color: #ff0000;\"><span style=\"font-size: 18px;\">*<\/span><\/span><\/strong> de este formulario, son necesarios para confirmarle la adjudicaci\u00f3n de plaza en el curso, y para, en su caso, identificar su pago y enviarle la informaci\u00f3n del Curso.<\/span><br \/>\n<span style=\"font-size: 14px;\">Las plazas para NO socias de este curso se adjudicar\u00e1n por estricto orden de recepci\u00f3n a partir del d\u00eda 15 de octubre. Cuanto antes lo env\u00ede, m\u00e1s probabilidad tiene de obtener plaza en el curso. El env\u00edo de este formulario no garantiza una plaza en el curso.<br \/>\nLe enviaremos un mensaje inform\u00e1ndole de la adjudicaci\u00f3n de su plaza, con la informaci\u00f3n bancaria para que realice el pago.\u00a0<\/span><br \/>\n<span style=\"font-size: 14px;\">\u200bPara cualquier aclaraci\u00f3n o duda, escriba a <em>aema.asociacion@gmail.com\u200b<\/em><\/span><\/div>\n<div id=\"frm_field_372_container\" class=\"frm_form_field form-field  frm_required_field frm_top_container\">\r\n    <div  id=\"field_lg07v2_label\" class=\"frm_primary_label\">Nombre\r\n        <span class=\"frm_required\" aria-hidden=\"true\">*<\/span>\r\n    <\/div>\r\n    <fieldset aria-labelledby=\"field_lg07v2_label\">\n\t<legend class=\"frm_screen_reader frm_hidden\">\n\t\tNombre\t<\/legend>\n\n\t<div  class=\"frm_combo_inputs_container\" id=\"frm_combo_inputs_container_372\" data-name-layout=\"first_last\">\n\t\t\t\t\t<div\n\t\t\t\tid=\"frm_field_372-first_container\"\n\t\t\t\tclass=\"frm_form_field form-field frm_form_subfield-first  frm6\"\n\t\t\t\tdata-sub-field-name=\"first\"\n\t\t\t>\n\t\t\t\t<label for=\"field_lg07v2_first\" class=\"frm_screen_reader frm_hidden\">\n\t\t\t\t\tNombre\t\t\t\t<\/label>\n\n\t\t\t\t<input  type=\"text\" id=\"field_lg07v2_first\" value=\"\" name=\"item_meta[372][first]\" autocomplete=\"given-name\" data-reqmsg=\"Este campo no puede estar en blanco.\" aria-required=\"true\" data-invmsg=\"Nombre no es v\u00e1lido\" aria-invalid=\"false\"  \/><div class=\"frm_description\" id=\"frm_field_372_first_desc\">Nombre<\/div>\t\t\t<\/div>\n\t\t\t\t\t\t<div\n\t\t\t\tid=\"frm_field_372-last_container\"\n\t\t\t\tclass=\"frm_form_field form-field frm_form_subfield-last  frm6\"\n\t\t\t\tdata-sub-field-name=\"last\"\n\t\t\t>\n\t\t\t\t<label for=\"field_lg07v2_last\" class=\"frm_screen_reader frm_hidden\">\n\t\t\t\t\tApellidos\t\t\t\t<\/label>\n\n\t\t\t\t<input  type=\"text\" id=\"field_lg07v2_last\" value=\"\" name=\"item_meta[372][last]\" autocomplete=\"family-name\" data-reqmsg=\"Este campo no puede estar en blanco.\" aria-required=\"true\" data-invmsg=\"Nombre no es v\u00e1lido\" aria-invalid=\"false\"  \/><div class=\"frm_description\" id=\"frm_field_372_last_desc\">Apellidos<\/div>\t\t\t<\/div>\n\t\t\t\t<\/div>\n<\/fieldset>\n\r\n    \r\n    \r\n<\/div>\n<div id=\"frm_field_373_container\" class=\"frm_form_field form-field  frm_required_field frm_top_container frm9 frm_first frm_two_thirds\">\r\n    <label for=\"field_970mm2\" id=\"field_970mm2_label\" class=\"frm_primary_label\">Correo electr\u00f3nico\r\n        <span class=\"frm_required\" aria-hidden=\"true\">*<\/span>\r\n    <\/label>\r\n    <input type=\"email\" id=\"field_970mm2\" name=\"item_meta[373]\" value=\"\"  data-reqmsg=\"Este campo no puede estar en blanco.\" aria-required=\"true\" data-invmsg=\"Correo electr\u00f3nico no es v\u00e1lido\" aria-invalid=\"false\"  \/>\r\n    \r\n    \r\n<\/div>\n<div id=\"frm_field_374_container\" class=\"frm_form_field form-field  frm_required_field frm_top_container frm3 frm_third\">\r\n    <label for=\"field_62ejf2\" id=\"field_62ejf2_label\" class=\"frm_primary_label\">Tel\u00e9fono\r\n        <span class=\"frm_required\" aria-hidden=\"true\">*<\/span>\r\n    <\/label>\r\n    <input type=\"tel\" id=\"field_62ejf2\" name=\"item_meta[374]\" value=\"\"  data-reqmsg=\"Este campo no puede estar en blanco.\" aria-required=\"true\" data-invmsg=\"Tel\u00e9fono no es v\u00e1lido\" aria-invalid=\"false\" pattern=\"((\\+\\d{1,3}(-|.| )?\\(?\\d\\)?(-| |.)?\\d{1,5})|(\\(?\\d{2,6}\\)?))(-|.| )?(\\d{3,4})(-|.| )?(\\d{4})(( x| ext)\\d{1,5}){0,1}$\"  \/>\r\n    \r\n    \r\n<\/div>\n<div id=\"frm_field_375_container\" class=\"frm_form_field  frm12 frm_first frm_html_container form-field\">\n<p><span style=\"font-size: 12px;\">Por favor, no se olvide de proporcionar un email v\u00e1lido y su n\u00famero de m\u00f3vil.<br \/>Recibir\u00e1 por email el aviso de disponibilidad de su plaza para el curso, y toda la informaci\u00f3n del curso mediante e-mail, y le avisaremos por tel\u00e9fono o mensajer\u00eda en caso de que haya alg\u00fan ajuste de \u00faltima hora.\u200b<\/span><\/p>\n<\/div>\n<div id=\"frm_field_376_container\" class=\"frm_form_field  frm12 frm_first frm_html_container form-field\">\n<hr style=\"height: 2px; background-color: #6868b2;\" \/><\/div>\n<div id=\"frm_field_377_container\" class=\"frm_form_field  frm_html_container form-field\"><u><span style=\"font-family: verdana,geneva,sans-serif;\"><span style=\"font-size: 20px;\">Modalidad de Asistente al Curso AEMA<\/span><\/span><\/u><span style=\"font-family: verdana,geneva,sans-serif;\"><span style=\"font-size: 14px;\"><br \/>\n<span style=\"font-size: 12px;\">(marque una de las siguientes opciones de su elecci\u00f3n)<br \/>\n<span style=\"color: #ff0000; font-size: 18px;\">No quedan plazas con caballo del centro<\/span><\/span><\/span><\/span><\/div>\n<div id=\"frm_field_378_container\" class=\"frm_form_field form-field  frm_required_field frm_left_container frm12 vertical_radio\">\r\n    <div  id=\"field_tmwnv2_label\" class=\"frm_primary_label\">Modalidad de Asistente\r\n        <span class=\"frm_required\" aria-hidden=\"true\">*<\/span>\r\n    <\/div>\r\n    <div class=\"frm_opt_container\" aria-labelledby=\"field_tmwnv2_label\" role=\"radiogroup\" aria-required=\"true\">\t\t<div class=\"frm_radio\" id=\"frm_radio_378-0\">\t\t\t<label  for=\"field_tmwnv2-0\">\n\t\t\t\t\t<input type=\"radio\" name=\"item_meta[378]\" id=\"field_tmwnv2-0\" value=\"No Socia - Oyente\t-55\u20ac\"\n\t\t   data-reqmsg=\"Este campo no puede estar en blanco.\" data-invmsg=\"Modalidad de Asistente no es v\u00e1lido\"  \/> No Socia - Oyente\t-55\u20ac<\/label><\/div>\n\t\t<div class=\"frm_radio\" id=\"frm_radio_378-1\">\t\t\t<label  for=\"field_tmwnv2-1\">\n\t\t\t\t\t<input type=\"radio\" name=\"item_meta[378]\" id=\"field_tmwnv2-1\" value=\"No Socia - Teor\u00eda + Pr\u00e1cticas  con caballo propio  -  110\u20ac\"\n\t\t   data-reqmsg=\"Este campo no puede estar en blanco.\" data-invmsg=\"Modalidad de Asistente no es v\u00e1lido\"  \/> No Socia - Teor\u00eda + Pr\u00e1cticas  con caballo propio  -  110\u20ac<\/label><\/div>\n<\/div>\r\n    \r\n    \r\n<\/div>\n<div id=\"frm_field_379_container\" class=\"frm_form_field  frm12 frm_first frm_html_container form-field\">\n<hr style=\"height: 2px; background-color: #6868b2;\" \/><\/div>\n<div id=\"frm_field_380_container\" class=\"frm_form_field  frm_html_container form-field\"><u><span style=\"font-family: verdana,geneva,sans-serif;\"><span style=\"font-size: 20px;\">Comidas<\/span><\/span><\/u><span style=\"font-family: verdana,geneva,sans-serif;\">\u00a0<span style=\"font-size: 12px;\">solo con reserva previa<\/span><\/span><\/p>\n<p><span style=\"font-family: verdana,geneva,sans-serif;\">\u00a0<span style=\"font-size: 12px;\">Marque las opciones de su elecci\u00f3n<\/span><\/span><br \/>\n<span style=\"font-size: 12px;\">No tenemos capacidad para aceptar comensales en el d\u00eda<br \/>\nEl precio por d\u00eda incluye Caf\u00e9 con boller\u00eda por la ma\u00f1ana. Comida con postre y bebidas.<\/span>\u200b<\/div>\n<div id=\"frm_field_381_container\" class=\"frm_form_field form-field  frm_top_container frm_alignright frm10 vertical_radio\">\r\n    <div  id=\"field_kce62_label\" class=\"frm_primary_label\">Comidas\r\n        <span class=\"frm_required\" aria-hidden=\"true\"><\/span>\r\n    <\/div>\r\n    <div class=\"frm_opt_container\" aria-labelledby=\"field_kce62_label\" role=\"group\">\t\t<div class=\"frm_checkbox\" id=\"frm_checkbox_381-0\">\t\t\t<label  for=\"field_kce62-0\">\n\t\t\t<input type=\"checkbox\" name=\"item_meta[381][]\" id=\"field_kce62-0\" value=\"15\u20ac  \u00b7  S\u00e1bado 22 \u00b7 Desayuno y Comida \u00b7\"  data-invmsg=\"Comidas no es v\u00e1lido\"   \/> 15\u20ac  \u00b7  S\u00e1bado 22 \u00b7 Desayuno y Comida \u00b7<\/label><\/div>\n\t\t<div class=\"frm_checkbox\" id=\"frm_checkbox_381-1\">\t\t\t<label  for=\"field_kce62-1\">\n\t\t\t<input type=\"checkbox\" name=\"item_meta[381][]\" id=\"field_kce62-1\" value=\"15\u20ac  \u00b7  Domingo 23 \u00b7 Desayuno y Comida \u00b7\"  data-invmsg=\"Comidas no es v\u00e1lido\"   \/> 15\u20ac  \u00b7  Domingo 23 \u00b7 Desayuno y Comida \u00b7<\/label><\/div>\n<\/div>\r\n    \r\n    \r\n<\/div>\n<div id=\"frm_field_382_container\" class=\"frm_form_field  frm_html_container form-field\"><span style=\"font-size: 12px;\">Necesitamos conocer con antelaci\u00f3n el numero de asistentes cada d\u00eda para hacer una previsi\u00f3n de comidas.<\/span>\u200b<br \/>\n<span style=\"font-size: 12px;\"><strong>El plazo de reserva para las comidas cierra el jueves 20 de octubre<\/strong>.<\/span>\u200b<br \/>\n<span style=\"font-size: 12px;\">Carecemos de capacidad para admitir comensales en el d\u00eda.<\/span>\u200b<\/div>\n<div id=\"frm_field_383_container\" class=\"frm_form_field  frm12 frm_first frm_html_container form-field\">\n<hr style=\"height: 2px; background-color: #6868b2;\" \/><\/div>\n<div id=\"frm_field_384_container\" class=\"frm_form_field  frm_html_container form-field\">\n<p>Por favor, lea el documento <span style=\"color: #ea72aa;\">Aptitud de la Amazona<\/span> para escribir en el siguiente apartado<\/p>\n<\/div>\n<div id=\"frm_field_385_container\" class=\"frm_form_field form-field  frm_top_container\">\r\n    <label for=\"field_3zxez2\" id=\"field_3zxez2_label\" class=\"frm_primary_label\">Nota que quiera a\u00f1adir a su inscripci\u00f3n\r\n        <span class=\"frm_required\" aria-hidden=\"true\"><\/span>\r\n    <\/label>\r\n    <textarea name=\"item_meta[385]\" id=\"field_3zxez2\" rows=\"5\"  data-invmsg=\"Nota que quiera a\u00f1adir a su inscripci\u00f3n no es v\u00e1lido\" aria-invalid=\"false\"  ><\/textarea>\r\n    \r\n    \r\n<\/div>\n<div id=\"frm_field_386_container\" class=\"frm_form_field  frm12 frm_first frm_html_container form-field\">\n<hr style=\"height: 2px; background-color: #6868b2;\" \/><\/div>\n<div id=\"frm_field_387_container\" class=\"frm_form_field  frm_html_container form-field\"><span style=\"font-size: 10pt;\">No realice ning\u00fan pago hasta no recibir un email con la conformidad de disponibilidad de su plaza.<br \/>\nEn el email le daremos la informaci\u00f3n bancaria para que realice el pago del curso.<\/span><\/p>\n<p><span style=\"font-size: 10pt;\">Los formularios de petici\u00f3n de plaza para el curso se atender\u00e1n por orden de recepci\u00f3n, cuanto antes lo env\u00ede, m\u00e1s probabilidad tiene de obtener plaza en el curso.<\/span><\/p>\n<p><span style=\"font-size: 10pt;\">Una vez adjudica su plaza, el formulario no adquiere validez hasta no haber\u00a0 recibido el pago.<\/span><\/div>\n<div id=\"frm_field_388_container\" class=\"frm_form_field  frm12 frm_first frm_html_container form-field\">\n<hr style=\"height: 2px; background-color: #6868b2;\" \/><\/div>\n<div id=\"frm_field_389_container\" class=\"frm_form_field  frm_html_container form-field\"><span style=\"font-size: 16px;\">Conexi\u00f3n Segura SSL<\/span><\/p>\n<p><img decoding=\"async\" src=\"https:\/\/www.monta-amazona.com\/clubaema1\/wp-content\/uploads\/files\/images\/sectigo_trust_seal_sm_82x32-80x32-1.png\" alt=\"\" \/><\/div>\n<div id=\"frm_field_390_container\" class=\"frm_form_field  frm_html_container form-field\"><span style=\"font-size: 12px;\">La informaci\u00f3n recogida en este formulario ser\u00e1 utilizada exclusivamente para los fines de la asociaci\u00f3n y puede ser modificada o anulada por el titular en la sede social de la Asociaci\u00f3n.<\/span><\/div>\n<div id=\"frm_field_391_container\" class=\"frm_form_field  frm12 frm_first frm_html_container form-field\">\n<hr style=\"height: 2px; background-color: #6868b2;\" \/><\/div>\n<div id=\"frm_field_392_container\" class=\"frm_form_field form-field \">\n\t<div class=\"frm_submit\">\r\n\r\n<button class=\"frm_button_submit\" type=\"submit\"  >Enviar<\/button>\r\n\r\n\r\n<\/div>\n<\/div>\n\t<input type=\"hidden\" name=\"item_key\" value=\"\" \/>\n\t\t\t<div id=\"frm_field_1150_container\">\n\t\t\t<label for=\"field_mkrgp\" >\n\t\t\t\tSi eres humano, deja este campo en blanco.\t\t\t<\/label>\n\t\t\t<input  id=\"field_mkrgp\" type=\"text\" class=\"frm_form_field form-field frm_verify\" name=\"item_meta[1150]\" value=\"\"  \/>\n\t\t<\/div>\n\t\t<input name=\"frm_state\" type=\"hidden\" value=\"e8RBtNLHOgtGmqv2mtYvgSc6DNZbQ\/vKQQQgg5UXo4k=\" \/><\/div>\n<\/fieldset>\n<\/div>\n\n<\/form>\n<\/div>\n\n","protected":false},"excerpt":{"rendered":"<p><span style=\"font-size: 14pt;\">Inscripci\u00f3n <span style=\"font-family: lucida sans unicode,lucida grande,sans-serif;\">Curso AEMA<br \/>\n<strong>Aznalc\u00e1zar<\/strong><\/span> 22-23 octubre 2022<\/span><br \/>\n<span style=\"font-size: 14pt;\">Inscripci\u00f3n para <strong>-no Socias-<\/strong><br \/>\nhasta <strong>20 de Octubre<\/strong><\/span><\/p>\n<p><span style=\"font-size: 12px;\">Inscripci\u00f3n para Socias AEMA <a href=\"https:\/\/www.monta-amazona.com\/clubaema1\/product\/inscrip-curso-221022-socias\/\">aqu\u00ed<\/a><\/span><\/p>\n","protected":false},"featured_media":6088,"comment_status":"open","ping_status":"closed","template":"","meta":{"_kadence_starter_templates_imported_post":false,"_kad_post_transparent":"default","_kad_post_title":"","_kad_post_layout":"default","_kad_post_sidebar_id":"","_kad_post_content_style":"default","_kad_post_vertical_padding":"default","_kad_post_feature":"","_kad_post_feature_position":"","_kad_post_header":false,"_kad_post_footer":false,"_kad_post_classname":""},"product_brand":[],"product_cat":[116,64,59],"product_tag":[72,70,68],"class_list":{"0":"post-6093","1":"product","2":"type-product","3":"status-publish","4":"has-post-thumbnail","6":"product_cat-cursos","7":"product_cat-inscrip","8":"product_cat-inscripno","9":"product_tag-cursos","10":"product_tag-inscripcion-no-socias","11":"product_tag-inscripciones","13":"first","14":"outofstock","15":"shipping-taxable","16":"purchasable","17":"product-type-variable","18":"entry","19":"content-bg","20":"loop-entry"},"_links":{"self":[{"href":"https:\/\/www.monta-amazona.com\/clubaema1\/wp-json\/wp\/v2\/product\/6093","targetHints":{"allow":["GET"]}}],"collection":[{"href":"https:\/\/www.monta-amazona.com\/clubaema1\/wp-json\/wp\/v2\/product"}],"about":[{"href":"https:\/\/www.monta-amazona.com\/clubaema1\/wp-json\/wp\/v2\/types\/product"}],"replies":[{"embeddable":true,"href":"https:\/\/www.monta-amazona.com\/clubaema1\/wp-json\/wp\/v2\/comments?post=6093"}],"wp:featuredmedia":[{"embeddable":true,"href":"https:\/\/www.monta-amazona.com\/clubaema1\/wp-json\/wp\/v2\/media\/6088"}],"wp:attachment":[{"href":"https:\/\/www.monta-amazona.com\/clubaema1\/wp-json\/wp\/v2\/media?parent=6093"}],"wp:term":[{"taxonomy":"product_brand","embeddable":true,"href":"https:\/\/www.monta-amazona.com\/clubaema1\/wp-json\/wp\/v2\/product_brand?post=6093"},{"taxonomy":"product_cat","embeddable":true,"href":"https:\/\/www.monta-amazona.com\/clubaema1\/wp-json\/wp\/v2\/product_cat?post=6093"},{"taxonomy":"product_tag","embeddable":true,"href":"https:\/\/www.monta-amazona.com\/clubaema1\/wp-json\/wp\/v2\/product_tag?post=6093"}],"curies":[{"name":"wp","href":"https:\/\/api.w.org\/{rel}","templated":true}]}}