{"id":6112,"date":"2022-09-11T05:09:57","date_gmt":"2022-09-11T05:09:57","guid":{"rendered":"https:\/\/www.monta-amazona.com\/clubaema1\/?post_type=product&#038;p=6112"},"modified":"2025-09-08T21:23:02","modified_gmt":"2025-09-08T21:23:02","slug":"inscrip-curso-221022-socias","status":"publish","type":"product","link":"https:\/\/www.monta-amazona.com\/clubaema1\/product\/inscrip-curso-221022-socias\/","title":{"rendered":"Inscripci\u00f3n Curso AEMA Aznalc\u00e1zar 22-23 oct 22 \u2248Socias\u2248"},"content":{"rendered":"<p style=\"text-align: center;\"><span style=\"font-size: 14pt;\">Inscripci\u00f3n <span style=\"font-family: lucida sans unicode,lucida grande,sans-serif;\">Curso AEMA <strong>Aznalc\u00e1zar<\/strong><\/span> 22-23 octubre 2022<\/span><br \/>\n<span style=\"font-size: 14pt;\">Inscripci\u00f3n para -Socias AEMA-<\/span><\/p>\n<p style=\"text-align: center;\"><span style=\"font-size: 14px;\">Inscripci\u00f3n para No Socias <a href=\"https:\/\/www.monta-amazona.com\/clubaema1\/product\/inscrip-curso-221022-ns\/\">aqu\u00ed<\/a><\/span><\/p>\n<p><span style=\"font-size: 12pt;\">Inscripci\u00f3n <strong>hasta 20 de Octubre<\/strong><\/span><br \/>\nEl plazo de reservas para las Comidas tanto para Asistentes al Curso y para acompa\u00f1antes\u00a0 termina <strong>\u00a0el <span style=\"font-size: 12pt;\">mi\u00e9rcoles 19 de Octubre<\/span> <\/strong><\/p>\n<p><span style=\"font-size: 12pt;\">Los acompa\u00f1antes y todas las personas que deseen permanecer durante el desarrollo del curso deben inscribirse como Oyentes<\/span><\/p>\n<p><span style=\"font-size: 16px;\">Elija las opciones de su elecci\u00f3n<\/span><\/p>\n<hr style=\"background: none; width: 50%; border-top: 2px solid #6868b2;\" \/>\n<p><span style=\"font-size: 16px;\">rellene y env\u00ede el siguiente formulario <\/span><\/p>\n<hr style=\"background: none; width: 50%; border-top: 2px solid #6868b2;\" \/>\n<div class=\"frm_forms  with_frm_style frm_style_estilo-de-formidable\" id=\"frm_form_19_container\" data-token=\"15d36b8dc987eaef265c1578aa63eeb5\">\n<form enctype=\"multipart\/form-data\" method=\"post\" class=\"frm-show-form \" id=\"form_221022_cursoaznalcazar_socias\" data-token=\"15d36b8dc987eaef265c1578aa63eeb5\">\n<div class=\"frm_form_fields \">\n<fieldset>\n<legend class=\"frm_screen_reader\">221022_CursoAznalcazar_Socias<\/legend>\r\n\r\n<div class=\"frm_fields_container\">\n<input type=\"hidden\" name=\"frm_action\" value=\"create\" \/>\n<input type=\"hidden\" name=\"form_id\" value=\"19\" \/>\n<input type=\"hidden\" name=\"frm_hide_fields_19\" id=\"frm_hide_fields_19\" value=\"\" \/>\n<input type=\"hidden\" name=\"form_key\" value=\"221022_cursoaznalcazar_socias\" \/>\n<input type=\"hidden\" name=\"item_meta[0]\" value=\"\" \/>\n<input type=\"hidden\" id=\"frm_submit_entry_19\" name=\"frm_submit_entry_19\" value=\"14a931e232\" \/><input type=\"hidden\" name=\"_wp_http_referer\" value=\"\/clubaema1\/wp-json\/wp\/v2\/product\/6112\" \/><div id=\"frm_field_344_container\" class=\"frm_form_field  frm_html_container form-field\"><img loading=\"lazy\" decoding=\"async\" class=\"aligncenter\" src=\"https:\/\/www.monta-amazona.com\/clubaema1\/wp-content\/uploads\/files\/images\/LogoAEMAColor_33-150x150.png\" alt=\"Logo AEMA\" width=\"150\" height=\"150\" \/><\/p>\n<p style=\"text-align: center;\"><span style=\"font-family: verdana,geneva,sans-serif;\"><strong><u><span style=\"font-size: 18px;\">Curso AEMA Aznalc\u00e1zar 22-23 octubre 2022<\/span><\/u><\/strong><\/span><\/p>\n<p style=\"text-align: center;\"><strong><u><span style=\"font-size: 16px;\">Inscripci\u00f3n para Socias AEMA<\/span><\/u><\/strong><\/p>\n<p style=\"text-align: center;\"><span style=\"font-size: 14px;\">Inscripci\u00f3n para No Socias <a href=\"https:\/\/www.monta-amazona.com\/clubaema1\/product\/inscrip-curso-221022-ns\/\"> aqu\u00ed<\/a><\/span><\/p>\n<hr style=\"background: none; border-top: 2px solid #6868b2;\" \/>\n<p><span style=\"font-size: 14px;\">\u00a1\u00a1ATENCI\u00d3N!!<br \/>\nDado la alta demanda para este curso, solo podemos garantizar plazas para las Socias hasta el d\u00eda 15 de octubre.<br \/>\nLas socias que quieran asegurar su plaza, rogamos realicen su inscripci\u00f3n y pago antes del 15 de octubre.<br \/>\nA partir de ese d\u00eda se aceptar\u00e1n solicitudes de NO socias,<br \/>\n\u200b\u200b\u2014\u2014\u2014\u2014\u2014\u2014\u2014\u2014\u2014<\/span><span style=\"font-size: 14px;\">\u2014<\/span><span style=\"font-size: 14px;\">\u2014<\/span><span style=\"font-size: 14px;\">\u2014<\/span><span style=\"font-size: 14px;\">\u2014<\/span><span style=\"font-size: 14px;\">\u2014<\/span><span style=\"font-size: 14px;\">\u2014\u2014\u2014<\/span><span style=\"font-size: 14px;\">\u2014<\/span><span style=\"font-size: 14px;\">\u2014<\/span><span style=\"font-size: 14px;\">\u2014<\/span><span style=\"font-size: 14px;\">\u2014<\/span><span style=\"font-size: 14px;\">\u2014<\/span><span style=\"font-size: 14px;\">\u2014\u2014\u2014<\/span><span style=\"font-size: 14px;\">\u2014<\/span><span style=\"font-size: 14px;\">\u2014<\/span><span style=\"font-size: 14px;\">\u2014<\/span><span style=\"font-size: 14px;\">\u2014<\/span><span style=\"font-size: 14px;\">\u2014<\/span><span style=\"font-size: 14px;\">\u2014<\/span><span style=\"font-size: 14px;\">\u2014\u2014\u2014\u2014\u2014\u2014\u2014\u2014\u2014\u2014\u2014\u2014\u2014<br \/>\nPor favor, rellene los apartados obligatorios <strong><span style=\"color: #ff0000;\"><span style=\"font-size: 18px;\">*<\/span><\/span><\/strong> de este formulario, son necesarios para identificar su pago y enviarle la informaci\u00f3n del Curso.<\/span><br \/>\n<span style=\"font-size: 14px;\">Haga la suma e ingrese la cantidad en la cuenta AEMA cuyos datos figuran al pie de esta p\u00e1gina, indicando su nombre en el concepto.<\/span><br \/>\n<span style=\"font-size: 14px;\">El formulario solo es v\u00e1lido una vez recibido el pago correspondiente.<\/span><br \/>\n<span style=\"font-size: 14px;\">\u200bPara cualquier aclaraci\u00f3n o duda, escriba a <em>aema.asociacion@gmail.com\u200b<\/em><\/span><\/div>\n<div id=\"frm_field_345_container\" class=\"frm_form_field form-field  frm_required_field frm_top_container frm_fourth frm6  frm12 frm_first\">\r\n    <label for=\"field_yeu9d\" id=\"field_yeu9d_label\" class=\"frm_primary_label\">N\u00famero de Socia AEMA\r\n        <span class=\"frm_required\" aria-hidden=\"true\">*<\/span>\r\n    <\/label>\r\n    <input type=\"number\" id=\"field_yeu9d\" name=\"item_meta[345]\" value=\"\"  data-reqmsg=\"Este campo no puede estar en blanco.\" aria-required=\"true\" data-invmsg=\"N\u00famero no es v\u00e1lido\" aria-invalid=\"false\"   min=\"100\" max=\"500\" step=\"1\"\/>\r\n    \r\n    \r\n<\/div>\n<div id=\"frm_field_346_container\" class=\"frm_form_field form-field  frm_required_field frm_top_container\">\r\n    <div  id=\"field_lg07v_label\" class=\"frm_primary_label\">Nombre\r\n        <span class=\"frm_required\" aria-hidden=\"true\">*<\/span>\r\n    <\/div>\r\n    <fieldset aria-labelledby=\"field_lg07v_label\">\n\t<legend class=\"frm_screen_reader frm_hidden\">\n\t\tNombre\t<\/legend>\n\n\t<div  class=\"frm_combo_inputs_container\" id=\"frm_combo_inputs_container_346\" data-name-layout=\"first_last\">\n\t\t\t\t\t<div\n\t\t\t\tid=\"frm_field_346-first_container\"\n\t\t\t\tclass=\"frm_form_field form-field frm_form_subfield-first  frm6\"\n\t\t\t\tdata-sub-field-name=\"first\"\n\t\t\t>\n\t\t\t\t<label for=\"field_lg07v_first\" class=\"frm_screen_reader frm_hidden\">\n\t\t\t\t\tNombre\t\t\t\t<\/label>\n\n\t\t\t\t<input  type=\"text\" id=\"field_lg07v_first\" value=\"\" name=\"item_meta[346][first]\" autocomplete=\"given-name\" data-reqmsg=\"Nombre no puede estar en blanco.\" aria-required=\"true\" data-invmsg=\"Nombre no es v\u00e1lido\" aria-invalid=\"false\"  \/><div class=\"frm_description\" id=\"frm_field_346_first_desc\">Nombre<\/div>\t\t\t<\/div>\n\t\t\t\t\t\t<div\n\t\t\t\tid=\"frm_field_346-last_container\"\n\t\t\t\tclass=\"frm_form_field form-field frm_form_subfield-last  frm6\"\n\t\t\t\tdata-sub-field-name=\"last\"\n\t\t\t>\n\t\t\t\t<label for=\"field_lg07v_last\" class=\"frm_screen_reader frm_hidden\">\n\t\t\t\t\tApellidos\t\t\t\t<\/label>\n\n\t\t\t\t<input  type=\"text\" id=\"field_lg07v_last\" value=\"\" name=\"item_meta[346][last]\" autocomplete=\"family-name\" data-reqmsg=\"Nombre no puede estar en blanco.\" aria-required=\"true\" data-invmsg=\"Nombre no es v\u00e1lido\" aria-invalid=\"false\"  \/><div class=\"frm_description\" id=\"frm_field_346_last_desc\">Apellidos<\/div>\t\t\t<\/div>\n\t\t\t\t<\/div>\n<\/fieldset>\n\r\n    \r\n    \r\n<\/div>\n<div id=\"frm_field_347_container\" class=\"frm_form_field form-field  frm_required_field frm_top_container frm9 frm_first frm_two_thirds\">\r\n    <label for=\"field_970mm\" id=\"field_970mm_label\" class=\"frm_primary_label\">Correo electr\u00f3nico\r\n        <span class=\"frm_required\" aria-hidden=\"true\">*<\/span>\r\n    <\/label>\r\n    <input type=\"email\" id=\"field_970mm\" name=\"item_meta[347]\" value=\"\"  data-reqmsg=\"Correo electr\u00f3nico no puede estar en blanco.\" aria-required=\"true\" data-invmsg=\"Correo electr\u00f3nico no es v\u00e1lido\" aria-invalid=\"false\"  \/>\r\n    \r\n    \r\n<\/div>\n<div id=\"frm_field_348_container\" class=\"frm_form_field form-field  frm_required_field frm_top_container frm3 frm_third\">\r\n    <label for=\"field_62ejf\" id=\"field_62ejf_label\" class=\"frm_primary_label\">Tel\u00e9fono\r\n        <span class=\"frm_required\" aria-hidden=\"true\">*<\/span>\r\n    <\/label>\r\n    <input type=\"tel\" id=\"field_62ejf\" name=\"item_meta[348]\" value=\"\"  data-reqmsg=\"Tel\u00e9fono no puede estar en blanco.\" aria-required=\"true\" data-invmsg=\"Tel\u00e9fono no es v\u00e1lido\" aria-invalid=\"false\" pattern=\"((\\+\\d{1,3}(-|.| )?\\(?\\d\\)?(-| |.)?\\d{1,5})|(\\(?\\d{2,6}\\)?))(-|.| )?(\\d{3,4})(-|.| )?(\\d{4})(( x| ext)\\d{1,5}){0,1}$\"  \/>\r\n    \r\n    \r\n<\/div>\n<div id=\"frm_field_349_container\" class=\"frm_form_field  frm12 frm_first frm_html_container form-field\">\n<p><span style=\"font-size: 12px;\">Por favor, no se olvide de proporcionar un email v\u00e1lido y su n\u00famero de m\u00f3vil.<br \/>Recibir\u00e1 toda la informaci\u00f3n del curso mediante e-mail, y le avisaremos por tel\u00e9fono o mensajer\u00eda en caso de que haya alg\u00fan ajuste de \u00faltima hora.\u200b<\/span><\/p>\n<\/div>\n<div id=\"frm_field_350_container\" class=\"frm_form_field  frm12 frm_first frm_html_container form-field\">\n<hr style=\"height: 2px; background-color: #6868b2;\" \/><\/div>\n<div id=\"frm_field_351_container\" class=\"frm_form_field  frm_html_container form-field\"><u><span style=\"font-family: verdana,geneva,sans-serif;\"><span style=\"font-size: 20px;\">Modalidad de Asistente al Curso AEMA<\/span><\/span><\/u><span style=\"font-family: verdana,geneva,sans-serif;\"><span style=\"font-size: 14px;\"><br \/>\n<span style=\"font-size: 12px;\">(marque una de las siguientes opciones de su elecci\u00f3n)<br \/>\n<span style=\"color: #ff0000; font-size: 18px;\">No quedan plazas con caballo del centro<\/span><\/span><\/span><\/span><\/div>\n<div id=\"frm_field_352_container\" class=\"frm_form_field form-field  frm_required_field frm_left_container frm12 vertical_radio\">\r\n    <div  id=\"field_tmwnv_label\" class=\"frm_primary_label\">Modalidad de Asistente\r\n        <span class=\"frm_required\" aria-hidden=\"true\">*<\/span>\r\n    <\/div>\r\n    <div class=\"frm_opt_container\" aria-labelledby=\"field_tmwnv_label\" role=\"radiogroup\" aria-required=\"true\">\t\t<div class=\"frm_radio\" id=\"frm_radio_352-0\">\t\t\t<label  for=\"field_tmwnv-0\">\n\t\t\t\t\t<input type=\"radio\" name=\"item_meta[352]\" id=\"field_tmwnv-0\" value=\"Socia - Oyente\t-40\u20ac\"\n\t\t   data-reqmsg=\"Este campo no puede estar en blanco.\" data-invmsg=\"Modalidad de Asistente no es v\u00e1lido\"  \/> Socia - Oyente\t-40\u20ac<\/label><\/div>\n\t\t<div class=\"frm_radio\" id=\"frm_radio_352-1\">\t\t\t<label  for=\"field_tmwnv-1\">\n\t\t\t\t\t<input type=\"radio\" name=\"item_meta[352]\" id=\"field_tmwnv-1\" value=\"Socia - Teor\u00eda + Pr\u00e1cticas  con caballo propio  -  90\u20ac\"\n\t\t   data-reqmsg=\"Este campo no puede estar en blanco.\" data-invmsg=\"Modalidad de Asistente no es v\u00e1lido\"  \/> Socia - Teor\u00eda + Pr\u00e1cticas  con caballo propio  -  90\u20ac<\/label><\/div>\n<\/div>\r\n    \r\n    \r\n<\/div>\n<div id=\"frm_field_353_container\" class=\"frm_form_field  frm12 frm_first frm_html_container form-field\">\n<hr style=\"height: 2px; background-color: #6868b2;\" \/><\/div>\n<div id=\"frm_field_354_container\" class=\"frm_form_field  frm_html_container form-field\"><u><span style=\"font-family: verdana,geneva,sans-serif;\"><span style=\"font-size: 20px;\">Comidas<\/span><\/span><\/u><span style=\"font-family: verdana,geneva,sans-serif;\">\u00a0<span style=\"font-size: 12px;\">solo con reserva previa<\/span><\/span><\/p>\n<p><span style=\"font-family: verdana,geneva,sans-serif;\">\u00a0<span style=\"font-size: 12px;\">Marque las opciones de su elecci\u00f3n<\/span><\/span><br \/>\n<span style=\"font-size: 12px;\">No tenemos capacidad para aceptar comensales en el d\u00eda<br \/>\nEl precio por d\u00eda incluye Caf\u00e9 con boller\u00eda por la ma\u00f1ana. Comida con postre y bebidas.<\/span>\u200b<\/div>\n<div id=\"frm_field_355_container\" class=\"frm_form_field form-field  frm_top_container frm_alignright frm10 vertical_radio\">\r\n    <div  id=\"field_kce6_label\" class=\"frm_primary_label\">Comidas\r\n        <span class=\"frm_required\" aria-hidden=\"true\"><\/span>\r\n    <\/div>\r\n    <div class=\"frm_opt_container\" aria-labelledby=\"field_kce6_label\" role=\"group\">\t\t<div class=\"frm_checkbox\" id=\"frm_checkbox_355-0\">\t\t\t<label  for=\"field_kce6-0\">\n\t\t\t<input type=\"checkbox\" name=\"item_meta[355][]\" id=\"field_kce6-0\" value=\"15\u20ac  \u00b7  S\u00e1bado 22 \u00b7 Desayuno y Comida \u00b7\"  data-invmsg=\"Comidas no es v\u00e1lido\"   \/> 15\u20ac  \u00b7  S\u00e1bado 22 \u00b7 Desayuno y Comida \u00b7<\/label><\/div>\n\t\t<div class=\"frm_checkbox\" id=\"frm_checkbox_355-1\">\t\t\t<label  for=\"field_kce6-1\">\n\t\t\t<input type=\"checkbox\" name=\"item_meta[355][]\" id=\"field_kce6-1\" value=\"15\u20ac  \u00b7  Domingo 23 \u00b7 Desayuno y Comida \u00b7\"  data-invmsg=\"Comidas no es v\u00e1lido\"   \/> 15\u20ac  \u00b7  Domingo 23 \u00b7 Desayuno y Comida \u00b7<\/label><\/div>\n<\/div>\r\n    \r\n    \r\n<\/div>\n<div id=\"frm_field_356_container\" class=\"frm_form_field  frm_html_container form-field\"><span style=\"font-size: 12px;\">Necesitamos conocer con antelaci\u00f3n el numero de asistentes cada d\u00eda para hacer una previsi\u00f3n de comidas.<\/span>\u200b<br \/>\n<span style=\"font-size: 12px;\"><strong>El plazo de reserva para las comidas cierra el jueves 20 de octubre<\/strong>.<\/span>\u200b<br \/>\n<span style=\"font-size: 12px;\">Carecemos de capacidad para admitir comensales en el d\u00eda.<\/span>\u200b<\/div>\n<div id=\"frm_field_357_container\" class=\"frm_form_field  frm12 frm_first frm_html_container form-field\">\n<hr style=\"height: 2px; background-color: #6868b2;\" \/><\/div>\n<div id=\"frm_field_358_container\" class=\"frm_form_field  frm12 frm_first frm_html_container form-field\"><u><span style=\"font-family: verdana,geneva,sans-serif;\"><span style=\"font-size: 20px;\">Comida para Acompa\u00f1ante<\/span><\/span><\/u><span style=\"font-family: verdana,geneva,sans-serif;\"><span style=\"font-size: 14px;\"><br \/>\n<span style=\"font-size: 12px;\">Escriba el nombre de su acompa\u00f1ante a las Comidas y marque las opciones de su elecci\u00f3n <\/span><\/span><\/span><\/div>\n<div id=\"frm_field_359_container\" class=\"frm_form_field form-field  frm_top_container\">\r\n    <div  id=\"field_1ryxt_label\" class=\"frm_primary_label\">Nombre del Acompa\u00f1ante\r\n        <span class=\"frm_required\" aria-hidden=\"true\"><\/span>\r\n    <\/div>\r\n    <fieldset aria-labelledby=\"field_1ryxt_label\">\n\t<legend class=\"frm_screen_reader frm_hidden\">\n\t\tNombre del Acompa\u00f1ante\t<\/legend>\n\n\t<div  class=\"frm_combo_inputs_container\" id=\"frm_combo_inputs_container_359\" data-name-layout=\"first_last\">\n\t\t\t\t\t<div\n\t\t\t\tid=\"frm_field_359-first_container\"\n\t\t\t\tclass=\"frm_form_field form-field frm_form_subfield-first  frm6\"\n\t\t\t\tdata-sub-field-name=\"first\"\n\t\t\t>\n\t\t\t\t<label for=\"field_1ryxt_first\" class=\"frm_screen_reader frm_hidden\">\n\t\t\t\t\tNombre\t\t\t\t<\/label>\n\n\t\t\t\t<input  type=\"text\" id=\"field_1ryxt_first\" value=\"\" name=\"item_meta[359][first]\" data-invmsg=\"Nombre del Acompa\u00f1ante no es v\u00e1lido\" aria-invalid=\"false\"  \/><div class=\"frm_description\" id=\"frm_field_359_first_desc\">Nombre<\/div>\t\t\t<\/div>\n\t\t\t\t\t\t<div\n\t\t\t\tid=\"frm_field_359-last_container\"\n\t\t\t\tclass=\"frm_form_field form-field frm_form_subfield-last  frm6\"\n\t\t\t\tdata-sub-field-name=\"last\"\n\t\t\t>\n\t\t\t\t<label for=\"field_1ryxt_last\" class=\"frm_screen_reader frm_hidden\">\n\t\t\t\t\tApellidos\t\t\t\t<\/label>\n\n\t\t\t\t<input  type=\"text\" id=\"field_1ryxt_last\" value=\"\" name=\"item_meta[359][last]\" data-invmsg=\"Nombre del Acompa\u00f1ante no es v\u00e1lido\" aria-invalid=\"false\"  \/><div class=\"frm_description\" id=\"frm_field_359_last_desc\">Apellidos<\/div>\t\t\t<\/div>\n\t\t\t\t<\/div>\n<\/fieldset>\n\r\n    \r\n    \r\n<\/div>\n<div id=\"frm_field_360_container\" class=\"frm_form_field form-field  frm_top_container frm_alignright frm10 vertical_radio\">\r\n    <div  id=\"field_b2ana_label\" class=\"frm_primary_label\">Comidas Acompa\u00f1ante\r\n        <span class=\"frm_required\" aria-hidden=\"true\"><\/span>\r\n    <\/div>\r\n    <div class=\"frm_opt_container\" aria-labelledby=\"field_b2ana_label\" role=\"group\">\t\t<div class=\"frm_checkbox\" id=\"frm_checkbox_360-0\">\t\t\t<label  for=\"field_b2ana-0\">\n\t\t\t<input type=\"checkbox\" name=\"item_meta[360][]\" id=\"field_b2ana-0\" value=\"15\u20ac  \u00b7  S\u00e1bado 22 \u00b7 Desayuno y Comida \u00b7\"  data-invmsg=\"Comidas Acompa\u00f1ante no es v\u00e1lido\"   \/> 15\u20ac  \u00b7  S\u00e1bado 22 \u00b7 Desayuno y Comida \u00b7<\/label><\/div>\n\t\t<div class=\"frm_checkbox\" id=\"frm_checkbox_360-1\">\t\t\t<label  for=\"field_b2ana-1\">\n\t\t\t<input type=\"checkbox\" name=\"item_meta[360][]\" id=\"field_b2ana-1\" value=\"15\u20ac  \u00b7  Domingo 23 \u00b7 Desayuno y Comida \u00b7\"  data-invmsg=\"Comidas Acompa\u00f1ante no es v\u00e1lido\"   \/> 15\u20ac  \u00b7  Domingo 23 \u00b7 Desayuno y Comida \u00b7<\/label><\/div>\n<\/div>\r\n    \r\n    \r\n<\/div>\n<div id=\"frm_field_361_container\" class=\"frm_form_field  frm12 frm_first frm_html_container form-field\">\n<hr style=\"height: 2px; background-color: #6868b2;\" \/><\/div>\n<div id=\"frm_field_362_container\" class=\"frm_form_field  frm12 frm_first frm_html_container form-field\">\n<p>Por favor, lea el documento <span style=\"color: #ea72aa;\">Aptitud de la Amazona<\/span> para escribir en el siguiente apartado<\/p>\n<\/div>\n<div id=\"frm_field_363_container\" class=\"frm_form_field form-field  frm_top_container\">\r\n    <label for=\"field_3zxez\" id=\"field_3zxez_label\" class=\"frm_primary_label\">Nota que quiera a\u00f1adir a su inscripci\u00f3n\r\n        <span class=\"frm_required\" aria-hidden=\"true\"><\/span>\r\n    <\/label>\r\n    <textarea name=\"item_meta[363]\" id=\"field_3zxez\" rows=\"5\"  data-invmsg=\"Nota que quiera a\u00f1adir a su inscripci\u00f3n no es v\u00e1lido\" aria-invalid=\"false\"  ><\/textarea>\r\n    \r\n    \r\n<\/div>\n<div id=\"frm_field_364_container\" class=\"frm_form_field  frm12 frm_first frm_html_container form-field\">\n<hr style=\"height: 2px; background-color: #6868b2;\" \/><\/div>\n<div id=\"frm_field_365_container\" class=\"frm_form_field  frm12 frm_first frm_html_container form-field\">\n<p><span style=\"font-size: 12pt;\">Ingreso mediante transferencia bancaria<\/span><\/p>\n<p><span style=\"font-size: 12pt;\">IBAN ES85 3081 0331 1729 7328 8323<br \/>BIC: ERSVES22<br \/>Titular: Asoc. Espa\u00f1ola de Monta a la Amazona<br \/>Entidad: EuroCaja Rural <\/span><\/p>\n<p>El formulario adquiere validez cuando se haya recibido el pago.<\/p>\n<\/div>\n<div id=\"frm_field_366_container\" class=\"frm_form_field  frm12 frm_first frm_html_container form-field\">\n<hr style=\"height: 2px; background-color: #6868b2;\" \/><\/div>\n<div id=\"frm_field_367_container\" class=\"frm_form_field  frm_html_container form-field\"><span style=\"font-size: 16px;\">Conexi\u00f3n Segura SSL<\/span><\/p>\n<p><img decoding=\"async\" src=\"https:\/\/www.monta-amazona.com\/clubaema1\/wp-content\/uploads\/files\/images\/sectigo_trust_seal_sm_82x32-80x32-1.png\" alt=\"\" \/><\/div>\n<div id=\"frm_field_368_container\" class=\"frm_form_field  frm_html_container form-field\"><span style=\"font-size: 12px;\">La informaci\u00f3n recogida en este formulario ser\u00e1 utilizada exclusivamente para los fines de la asociaci\u00f3n y puede ser modificada o anulada por el titular en la sede social de la Asociaci\u00f3n.<\/span><\/div>\n<div id=\"frm_field_369_container\" class=\"frm_form_field  frm12 frm_first frm_html_container form-field\">\n<hr style=\"height: 2px; background-color: #6868b2;\" \/><\/div>\n<div id=\"frm_field_370_container\" class=\"frm_form_field form-field \">\n\t<div class=\"frm_submit\">\r\n\r\n<button class=\"frm_button_submit\" type=\"submit\"  >Enviar<\/button>\r\n\r\n\r\n<\/div>\n<\/div>\n\t<input type=\"hidden\" name=\"item_key\" value=\"\" \/>\n\t\t\t<div id=\"frm_field_1150_container\">\n\t\t\t<label for=\"field_rqynf\" >\n\t\t\t\tSi eres humano, deja este campo en blanco.\t\t\t<\/label>\n\t\t\t<input  id=\"field_rqynf\" type=\"text\" class=\"frm_form_field form-field frm_verify\" name=\"item_meta[1150]\" value=\"\"  \/>\n\t\t<\/div>\n\t\t<input name=\"frm_state\" type=\"hidden\" value=\"e8RBtNLHOgtGmqv2mtYvgSc6DNZbQ\/vKQQQgg5UXo4k=\" \/><\/div>\n<\/fieldset>\n<\/div>\n\n<\/form>\n<\/div>\n\n","protected":false},"excerpt":{"rendered":"<p><span style=\"font-size: 14pt;\">Inscripci\u00f3n <span style=\"font-family: lucida sans unicode,lucida grande,sans-serif;\">Curso AEMA<br \/>\n<strong>Aznalc\u00e1zar<\/strong><\/span> 22-23 octubre 2022<\/span><br \/>\n<span style=\"font-size: 14pt;\">Inscripci\u00f3n para <strong>-Socias AEMA-<\/strong><br \/>\nhasta <strong>20 de Octubre<\/strong><\/span><\/p>\n<p><span style=\"font-size: 12px;\">Inscripci\u00f3n para No Socias\u00a0 <a href=\"https:\/\/www.monta-amazona.com\/clubaema1\/product\/inscrip-curso-221022-ns\/\">aqu\u00ed<\/a><\/span><\/p>\n","protected":false},"featured_media":6090,"comment_status":"open","ping_status":"closed","template":"","meta":{"_kadence_starter_templates_imported_post":false,"_kad_post_transparent":"default","_kad_post_title":"","_kad_post_layout":"default","_kad_post_sidebar_id":"","_kad_post_content_style":"default","_kad_post_vertical_padding":"default","_kad_post_feature":"","_kad_post_feature_position":"","_kad_post_header":false,"_kad_post_footer":false,"_kad_post_classname":""},"product_brand":[],"product_cat":[116,64,62],"product_tag":[72,69,68],"class_list":{"0":"post-6112","1":"product","2":"type-product","3":"status-publish","4":"has-post-thumbnail","6":"product_cat-cursos","7":"product_cat-inscrip","8":"product_cat-inscripsi","9":"product_tag-cursos","10":"product_tag-inscripcion-socias","11":"product_tag-inscripciones","13":"first","14":"outofstock","15":"shipping-taxable","16":"purchasable","17":"product-type-variable","18":"entry","19":"content-bg","20":"loop-entry"},"_links":{"self":[{"href":"https:\/\/www.monta-amazona.com\/clubaema1\/wp-json\/wp\/v2\/product\/6112","targetHints":{"allow":["GET"]}}],"collection":[{"href":"https:\/\/www.monta-amazona.com\/clubaema1\/wp-json\/wp\/v2\/product"}],"about":[{"href":"https:\/\/www.monta-amazona.com\/clubaema1\/wp-json\/wp\/v2\/types\/product"}],"replies":[{"embeddable":true,"href":"https:\/\/www.monta-amazona.com\/clubaema1\/wp-json\/wp\/v2\/comments?post=6112"}],"wp:featuredmedia":[{"embeddable":true,"href":"https:\/\/www.monta-amazona.com\/clubaema1\/wp-json\/wp\/v2\/media\/6090"}],"wp:attachment":[{"href":"https:\/\/www.monta-amazona.com\/clubaema1\/wp-json\/wp\/v2\/media?parent=6112"}],"wp:term":[{"taxonomy":"product_brand","embeddable":true,"href":"https:\/\/www.monta-amazona.com\/clubaema1\/wp-json\/wp\/v2\/product_brand?post=6112"},{"taxonomy":"product_cat","embeddable":true,"href":"https:\/\/www.monta-amazona.com\/clubaema1\/wp-json\/wp\/v2\/product_cat?post=6112"},{"taxonomy":"product_tag","embeddable":true,"href":"https:\/\/www.monta-amazona.com\/clubaema1\/wp-json\/wp\/v2\/product_tag?post=6112"}],"curies":[{"name":"wp","href":"https:\/\/api.w.org\/{rel}","templated":true}]}}