{"id":6187,"date":"2023-08-20T21:46:10","date_gmt":"2023-08-20T21:46:10","guid":{"rendered":"https:\/\/www.monta-amazona.com\/clubaema1\/?post_type=product&#038;p=6187"},"modified":"2025-09-08T21:24:10","modified_gmt":"2025-09-08T21:24:10","slug":"inscrip-curso-231006-socias","status":"publish","type":"product","link":"https:\/\/www.monta-amazona.com\/clubaema1\/product\/inscrip-curso-231006-socias\/","title":{"rendered":"Inscripci\u00f3n Curso AEMA Cartagena 6-8 oct 23 \u2248Socias\u2248"},"content":{"rendered":"<p style=\"text-align: center;\"><span style=\"font-size: 14pt;\">Inscripci\u00f3n <span style=\"font-family: lucida sans unicode,lucida grande,sans-serif;\">Curso AEMA <strong>Cartagena<\/strong><\/span> 6-8 octubre 2023<\/span><br \/>\n<span style=\"font-size: 14pt;\">Inscripci\u00f3n para -Socias AEMA-<\/span><\/p>\n<p style=\"text-align: center;\"><span style=\"font-size: 14px;\">Inscripci\u00f3n para No Socias <a href=\"https:\/\/www.monta-amazona.com\/clubaema1\/product\/inscrip-curso-231006-ns\/\">aqu\u00ed<\/a><\/span><\/p>\n<p><span style=\"font-size: 12pt;\">Inscripci\u00f3n <strong>hasta 4 de octubre<\/strong><\/span><br \/>\nEl plazo de reservas para las Comidas tanto para Asistentes al Curso y para acompa\u00f1antes tambi\u00e9n termina <strong>\u00a0el <span style=\"font-size: 12pt;\">4 de octubre<\/span> <\/strong><\/p>\n<p><span style=\"font-size: 12pt;\">Los acompa\u00f1antes y todas las personas que deseen permanecer durante el desarrollo del curso deben inscribirse como Oyentes<\/span><\/p>\n<p><span style=\"font-size: 16px;\">Elija las opciones de su elecci\u00f3n<\/span><\/p>\n<hr style=\"background: none; width: 50%; border-top: 2px solid #6868b2;\" \/>\n<p><span style=\"font-size: 16px;\">rellene y env\u00ede el siguiente formulario <\/span><\/p>\n<hr style=\"background: none; width: 50%; border-top: 2px solid #6868b2;\" \/>\n<div class=\"frm_forms  with_frm_style frm_style_estilo-de-formidable\" id=\"frm_form_27_container\" data-token=\"15d36b8dc987eaef265c1578aa63eeb5\">\n<form enctype=\"multipart\/form-data\" method=\"post\" class=\"frm-show-form \" id=\"form_231006_cartagena_socias\" data-token=\"15d36b8dc987eaef265c1578aa63eeb5\">\n<div class=\"frm_form_fields \">\n<fieldset>\n<legend class=\"frm_screen_reader\">231006_Cartagena_Socias<\/legend>\n\n<div class=\"frm_fields_container\">\n<input type=\"hidden\" name=\"frm_action\" value=\"create\" \/>\n<input type=\"hidden\" name=\"form_id\" value=\"27\" \/>\n<input type=\"hidden\" name=\"frm_hide_fields_27\" id=\"frm_hide_fields_27\" value=\"\" \/>\n<input type=\"hidden\" name=\"form_key\" value=\"231006_cartagena_socias\" \/>\n<input type=\"hidden\" name=\"item_meta[0]\" value=\"\" \/>\n<input type=\"hidden\" id=\"frm_submit_entry_27\" name=\"frm_submit_entry_27\" value=\"14a931e232\" \/><input type=\"hidden\" name=\"_wp_http_referer\" value=\"\/clubaema1\/wp-json\/wp\/v2\/product\/6187\" \/><div id=\"frm_field_548_container\" class=\"frm_form_field  frm_html_container form-field\"><img loading=\"lazy\" decoding=\"async\" class=\"aligncenter\" src=\"https:\/\/www.monta-amazona.com\/clubaema1\/wp-content\/uploads\/files\/images\/LogoAEMAColor_33.png\" alt=\"Logo AEMA\" width=\"150\" height=\"150\" \/><\/div>\n<div id=\"frm_field_549_container\" class=\"frm_form_field  frm_html_container form-field\">\n<p style=\"text-align: center;\"><span style=\"font-family: verdana,geneva,sans-serif;\"><strong><u><span style=\"font-size: 18px;\">Curso AEMA Cartagena 6-8 octubre 2023<\/span><\/u><\/strong><\/span><\/p>\n<p style=\"text-align: center;\"><strong><u><span style=\"font-size: 16px;\">Inscripci\u00f3n para Socias AEMA<\/span><\/u><\/strong><br \/><span style=\"font-size: 14px;\">Inscripci\u00f3n para No Socias <a href=\"https:\/\/www.monta-amazona.com\/club\/inscripcion-curso-231006-no-socias\/\">aqu\u00ed<\/a><\/span><\/p>\n<hr style=\"background: none; border-top: 2px solid #6868b2;\" \/>\n<p>Por favor, rellene los apartados obligatorios <strong><span style=\"color: #ff0000;\"><span style=\"font-size: 18px;\">*<\/span><\/span><\/strong> de este formulario, son necesarios para identificar su pago y enviarle la informaci\u00f3n del Curso.<br \/><span style=\"font-size: 14px;\">Haga la suma e ingrese la cantidad en la cuenta AEMA cuyos datos figuran al pie de esta p\u00e1gina, indicando su nombre en el concepto.<\/span><br \/><span style=\"font-size: 14px;\">El formulario solo es v\u00e1lido una vez recibido el pago correspondiente.<\/span><br \/><span style=\"font-size: 14px;\">\u200bPara cualquier aclaraci\u00f3n o duda, escriba a <em>aema.asociacion@gmail.com\u200b<\/em><\/span><\/p>\n<\/div>\n<div id=\"frm_field_550_container\" class=\"frm_form_field form-field  frm_required_field frm_top_container frm_third\">\n    <label for=\"field_2muzq\" id=\"field_2muzq_label\" class=\"frm_primary_label\">N\u00ba Socia AEMA\n        <span class=\"frm_required\" aria-hidden=\"true\">*<\/span>\n    <\/label>\n    <input type=\"number\" id=\"field_2muzq\" name=\"item_meta[550]\" value=\"\"  data-reqmsg=\"N\u00ba Socia AEMA no puede estar en blanco.\" aria-required=\"true\" data-invmsg=\"N\u00famero no es v\u00e1lido\" aria-invalid=\"false\"   min=\"191\" max=\"500\" step=\"any\"\/>\n    \n    \n<\/div>\n<div id=\"frm_field_551_container\" class=\"frm_form_field  frm6 frm_html_container form-field\"><span style=\"font-size: 10pt;\">si no recuerda su n\u00ba de socia,<br \/>\npregunte en <em>aema.asociacion@gmail.com<\/em><\/span><br \/>\n<span style=\"font-size: 10pt;\">o por m\u00f3vil o Telegram al 692 192 777<\/span><\/div>\n<div id=\"frm_field_552_container\" class=\"frm_form_field form-field  frm_required_field frm_top_container\">\n    <div  id=\"field_hk9wm_label\" class=\"frm_primary_label\">Nombre y Apellido\n        <span class=\"frm_required\" aria-hidden=\"true\">*<\/span>\n    <\/div>\n    <fieldset aria-labelledby=\"field_hk9wm_label\">\n\t<legend class=\"frm_screen_reader frm_hidden\">\n\t\tNombre y Apellido\t<\/legend>\n\n\t<div  class=\"frm_combo_inputs_container\" id=\"frm_combo_inputs_container_552\" data-name-layout=\"first_last\">\n\t\t\t\t\t<div\n\t\t\t\tid=\"frm_field_552-first_container\"\n\t\t\t\tclass=\"frm_form_field form-field frm_form_subfield-first  frm6\"\n\t\t\t\tdata-sub-field-name=\"first\"\n\t\t\t>\n\t\t\t\t<label for=\"field_hk9wm_first\" class=\"frm_screen_reader frm_hidden\">\n\t\t\t\t\tNombre\t\t\t\t<\/label>\n\n\t\t\t\t<input  type=\"text\" id=\"field_hk9wm_first\" value=\"\" name=\"item_meta[552][first]\" autocomplete=\"given-name\" data-reqmsg=\"Este campo no puede estar en blanco.\" aria-required=\"true\" data-invmsg=\"Nombre y Apellido no es v\u00e1lido\" aria-invalid=\"false\"  \/><div class=\"frm_description\" id=\"frm_field_552_first_desc\">Nombre<\/div>\t\t\t<\/div>\n\t\t\t\t\t\t<div\n\t\t\t\tid=\"frm_field_552-last_container\"\n\t\t\t\tclass=\"frm_form_field form-field frm_form_subfield-last  frm6\"\n\t\t\t\tdata-sub-field-name=\"last\"\n\t\t\t>\n\t\t\t\t<label for=\"field_hk9wm_last\" class=\"frm_screen_reader frm_hidden\">\n\t\t\t\t\tApellidos\t\t\t\t<\/label>\n\n\t\t\t\t<input  type=\"text\" id=\"field_hk9wm_last\" value=\"\" name=\"item_meta[552][last]\" autocomplete=\"family-name\" data-reqmsg=\"Este campo no puede estar en blanco.\" aria-required=\"true\" data-invmsg=\"Nombre y Apellido no es v\u00e1lido\" aria-invalid=\"false\"  \/><div class=\"frm_description\" id=\"frm_field_552_last_desc\">Apellidos<\/div>\t\t\t<\/div>\n\t\t\t\t<\/div>\n<\/fieldset>\n\n    \n    \n<\/div>\n<div id=\"frm_field_553_container\" class=\"frm_form_field form-field  frm_required_field frm_top_container frm_three_fourths\">\n    <label for=\"field_t912a\" id=\"field_t912a_label\" class=\"frm_primary_label\">Correo electr\u00f3nico\n        <span class=\"frm_required\" aria-hidden=\"true\">*<\/span>\n    <\/label>\n    <input type=\"email\" id=\"field_t912a\" name=\"item_meta[553]\" value=\"\"  data-reqmsg=\"Este campo no puede estar en blanco.\" aria-required=\"true\" data-invmsg=\"Correo electr\u00f3nico no es v\u00e1lido\" aria-invalid=\"false\"  \/>\n    \n    \n<\/div>\n<div id=\"frm_field_554_container\" class=\"frm_form_field form-field  frm_required_field frm_top_container frm_fourth\">\n    <label for=\"field_huepy\" id=\"field_huepy_label\" class=\"frm_primary_label\">Tel\u00e9fono\n        <span class=\"frm_required\" aria-hidden=\"true\">*<\/span>\n    <\/label>\n    <input type=\"text\" id=\"field_huepy\" name=\"item_meta[554]\" value=\"\"  data-reqmsg=\"Este campo no puede estar en blanco.\" aria-required=\"true\" data-invmsg=\"Texto no es v\u00e1lido\" aria-invalid=\"false\"  \/>\n    \n    \n<\/div>\n<div id=\"frm_field_555_container\" class=\"frm_form_field  frm_html_container form-field\"><span style=\"font-size: 12px;\">Por favor, no se olvide de proporcionar un email v\u00e1lido y su n\u00famero de m\u00f3vil.<br \/>\nRecibir\u00e1 toda la informaci\u00f3n del curso mediante e-mail, y le avisaremos por tel\u00e9fono o mensajer\u00eda en caso de que haya alg\u00fan ajuste de \u00faltima hora.\u200b<\/span><\/div>\n<div id=\"frm_field_556_container\" class=\"frm_form_field  frm_html_container form-field\">\n<hr style=\"height: 2px; background-color: #45b0e6;\" \/><\/div>\n<div id=\"frm_field_557_container\" class=\"frm_form_field  frm_html_container form-field\"><u><span style=\"font-family: verdana,geneva,sans-serif;\"><span style=\"font-size: 20px;\">Modalidad de Asistente al Curso AEMA<\/span><\/span><\/u><span style=\"font-family: verdana,geneva,sans-serif;\"><span style=\"font-size: 14px;\"><br \/>\n<span style=\"font-size: 12px;\">Marque una de las siguientes opciones de su elecci\u00f3n)<\/span><\/span><\/span><\/div>\n<div id=\"frm_field_558_container\" class=\"frm_form_field form-field  frm_top_container vertical_radio\">\n    <div  id=\"field_4pxvw_label\" class=\"frm_primary_label\">Modalidad de Asistente\n        <span class=\"frm_required\" aria-hidden=\"true\"><\/span>\n    <\/div>\n    <div class=\"frm_opt_container\" aria-labelledby=\"field_4pxvw_label\" role=\"radiogroup\">\t\t<div class=\"frm_radio\" id=\"frm_radio_558-0\">\t\t\t<label  for=\"field_4pxvw-0\">\n\t\t\t\t\t<input type=\"radio\" name=\"item_meta[558]\" id=\"field_4pxvw-0\" value=\"Socia - Oyente - 40\u20ac\"\n\t\t   data-invmsg=\"Modalidad de Asistente no es v\u00e1lido\"  \/> Socia - Oyente - 40\u20ac<\/label><\/div>\n\t\t<div class=\"frm_radio\" id=\"frm_radio_558-2\">\t\t\t<label  for=\"field_4pxvw-2\">\n\t\t\t\t\t<input type=\"radio\" name=\"item_meta[558]\" id=\"field_4pxvw-2\" value=\"Socia - Teor\u00eda + Pr\u00e1cticas  con caballo propio  -  90\u20ac\"\n\t\t   data-invmsg=\"Modalidad de Asistente no es v\u00e1lido\"  \/> Socia - Teor\u00eda + Pr\u00e1cticas  con caballo propio  -  90\u20ac<\/label><\/div>\n\t\t<div class=\"frm_radio\" id=\"frm_radio_558-3\">\t\t\t<label  for=\"field_4pxvw-3\">\n\t\t\t\t\t<input type=\"radio\" name=\"item_meta[558]\" id=\"field_4pxvw-3\" value=\"Socia - Teor\u00eda + Pr\u00e1cticas  con caballo del centro  -  115\u20ac\"\n\t\t   data-invmsg=\"Modalidad de Asistente no es v\u00e1lido\"  \/> Socia - Teor\u00eda + Pr\u00e1cticas  con caballo del centro  -  115\u20ac<\/label><\/div>\n\t\t<div class=\"frm_radio\" id=\"frm_radio_558-4\">\t\t\t<label  for=\"field_4pxvw-4\">\n\t\t\t\t\t<input type=\"radio\" name=\"item_meta[558]\" id=\"field_4pxvw-4\" value=\"Socia - Menor de 15 a\u00f1os con caballo propio - 65\u20ac\"\n\t\t   data-invmsg=\"Modalidad de Asistente no es v\u00e1lido\"  \/> Socia - Menor de 15 a\u00f1os con caballo propio - 65\u20ac<\/label><\/div>\n\t\t<div class=\"frm_radio\" id=\"frm_radio_558-5\">\t\t\t<label  for=\"field_4pxvw-5\">\n\t\t\t\t\t<input type=\"radio\" name=\"item_meta[558]\" id=\"field_4pxvw-5\" value=\"Socia - Menor de 15 a\u00f1os con caballo del centro - 90\u20ac\"\n\t\t   data-invmsg=\"Modalidad de Asistente no es v\u00e1lido\"  \/> Socia - Menor de 15 a\u00f1os con caballo del centro - 90\u20ac<\/label><\/div>\n<\/div>\n    \n    \n<\/div>\n<div id=\"frm_field_559_container\" class=\"frm_form_field  frm_html_container form-field\">\n<p>Si va a montar su propio caballo en el curso describa su silla de amazona, tipo, modelo y tama\u00f1o en el siguiente campo.<br \/>A ser posible env\u00ede unas fotos al email aema.asociacion@gmail.com o al n\u00famero 692192777<br \/>Si no tiene silla de amazona, indique talla de silla que necesita, si no lo sabe, escriba cual es su altura en cent\u00edmetros. y cual es el per\u00edmetro tor\u00e1cico de su caballo en cent\u00edmetros.<\/p>\n<\/div>\n<div id=\"frm_field_560_container\" class=\"frm_form_field form-field  frm_top_container\">\n\t<label for=\"field_s4tus\" id=\"field_s4tus_label\" class=\"frm_primary_label\">Descripci\u00f3n de su silla de amazona si realiza el curso caballo con caballo propio\n\t\t<span class=\"frm_required\" aria-hidden=\"true\"><\/span>\n\t<\/label>\n\t<textarea name=\"item_meta[560]\" id=\"field_s4tus\" rows=\"5\"  data-invmsg=\"Descripci\u00f3n de su silla de amazona si realiza el curso caballo con caballo propio no es v\u00e1lido\" aria-invalid=\"false\"  ><\/textarea>\n\t\n\t\n<\/div>\n<div id=\"frm_field_561_container\" class=\"frm_form_field  frm_html_container form-field\">\n<hr style=\"height: 2px; background-color: #45b0e6;\" \/><\/div>\n<div id=\"frm_field_562_container\" class=\"frm_form_field  frm_html_container form-field\">\n<p><u><span style=\"font-family: verdana,geneva,sans-serif;\" data-mce-style=\"font-family: verdana,geneva,sans-serif;\"><span style=\"font-size: 20px;\" data-mce-style=\"font-size: 20px;\">Comidas<\/span><\/span><\/u><span style=\"font-family: verdana,geneva,sans-serif;\" data-mce-style=\"font-family: verdana,geneva,sans-serif;\">&nbsp;<span style=\"font-size: 14px;\" data-mce-style=\"font-size: 14px;\">solo con reserva previa<\/span><br \/><span style=\"font-size: 12px;\" data-mce-style=\"font-size: 12px;\">No tenemos capacidad para aceptar comensales en el d\u00eda<\/span><br \/><span style=\"font-family: verdana,geneva,sans-serif;\" data-mce-style=\"font-family: verdana,geneva,sans-serif;\"><span style=\"font-size: 14px;\" data-mce-style=\"font-size: 14px;\">Marque las opciones de su elecci\u00f3n<\/span><\/span><\/span><\/p>\n<p><span style=\"font-family: verdana,geneva,sans-serif;\" data-mce-style=\"font-family: verdana,geneva,sans-serif;\">&nbsp;<span style=\"font-size: 16px;\" data-mce-style=\"font-size: 16px;\">Comida Men\u00fa Club&nbsp; con postre y bebidas.<\/span><\/span><br \/><span style=\"font-family: verdana,geneva,sans-serif;\" data-mce-style=\"font-family: verdana,geneva,sans-serif;\">&nbsp;<span style=\"font-size: 14px;\" data-mce-style=\"font-size: 14px;\">12\u20ac persona\/d\u00eda\u200b<\/span><\/span><\/p>\n<\/div>\n<div id=\"frm_field_563_container\" class=\"frm_form_field form-field  frm_top_container vertical_radio\">\n    <div  id=\"field_zzef2_label\" class=\"frm_primary_label\">Comidas\n        <span class=\"frm_required\" aria-hidden=\"true\"><\/span>\n    <\/div>\n    <div class=\"frm_opt_container\" aria-labelledby=\"field_zzef2_label\" role=\"group\">\t\t<div class=\"frm_checkbox\" id=\"frm_checkbox_563-0\">\t\t\t<label  for=\"field_zzef2-0\">\n\t\t\t<input type=\"checkbox\" name=\"item_meta[563][]\" id=\"field_zzef2-0\" value=\"12\u20ac  \u00b7  S\u00e1bado 7 oct\"  data-invmsg=\"Comidas no es v\u00e1lido\"   \/> 12\u20ac  \u00b7  S\u00e1bado 7 oct<\/label><\/div>\n\t\t<div class=\"frm_checkbox\" id=\"frm_checkbox_563-1\">\t\t\t<label  for=\"field_zzef2-1\">\n\t\t\t<input type=\"checkbox\" name=\"item_meta[563][]\" id=\"field_zzef2-1\" value=\"12\u20ac  \u00b7  Domingo 8 oct\"  data-invmsg=\"Comidas no es v\u00e1lido\"   \/> 12\u20ac  \u00b7  Domingo 8 oct<\/label><\/div>\n<\/div>\n    \n    \n<\/div>\n<div id=\"frm_field_564_container\" class=\"frm_form_field  frm_html_container form-field\">\n<hr style=\"height: 2px; background-color: #45b0e6;\" \/><\/div>\n<div id=\"frm_field_565_container\" class=\"frm_form_field  frm_html_container form-field\">Por favor, lea el documento <a href=\"https:\/\/www.monta-amazona.com\/club\/wp-content\/uploads\/2022\/10\/AEMA_AptitudAmazona_22.pdf\"><span style=\"color: #ea72aa;\">Aptitud de la Amazona<\/span><\/a> para escribir en el siguiente apartado<\/div>\n<div id=\"frm_field_566_container\" class=\"frm_form_field form-field  frm_top_container\">\n    <label for=\"field_bw566\" id=\"field_bw566_label\" class=\"frm_primary_label\">Nota que quiera a\u00f1adir a su inscripci\u00f3n\n        <span class=\"frm_required\" aria-hidden=\"true\"><\/span>\n    <\/label>\n    <textarea name=\"item_meta[566]\" id=\"field_bw566\" rows=\"5\"  data-invmsg=\"Nota que quiera a\u00f1adir a su inscripci\u00f3n no es v\u00e1lido\" aria-invalid=\"false\"  ><\/textarea>\n    \n    \n<\/div>\n<div id=\"frm_field_567_container\" class=\"frm_form_field  frm_html_container form-field\">\n<hr style=\"height: 2px; background-color: #45b0e6;\" \/><\/div>\n<div id=\"frm_field_568_container\" class=\"frm_form_field  frm_html_container form-field\">Por favor, realice el ingreso mediante transferencia bancaria<\/p>\n<p>en el concepto escriba:\u00a0<strong>061023<\/strong>, <strong>n\u00ba socia<\/strong> y\/o <strong>nombre<\/strong><\/p>\n<p>IBAN <span style=\"font-size: 16px;\"><strong>ES85 3081 0331 1729 7328 8323<\/strong><\/span><br \/>\nBIC: ERSVES22<br \/>\nTitular: Asociaci\u00f3n Espa\u00f1ola de Monta a la Amazona<br \/>\nEntidad: EuroCaja Rural<\/p>\n<p>El formulario adquiere validez cuando se haya recibido el pago.<\/p><\/div>\n<div id=\"frm_field_569_container\" class=\"frm_form_field  frm_html_container form-field\">\n<hr style=\"height: 2px; background-color: #45b0e6;\" \/><\/div>\n<div id=\"frm_field_570_container\" class=\"frm_form_field  frm_html_container form-field\"><span style=\"font-size: 12px;\">La informaci\u00f3n recogida en este formulario ser\u00e1 utilizada exclusivamente para los fines de la asociaci\u00f3n y puede ser modificada o anulada por el titular en la sede social de la Asociaci\u00f3n.<\/span><br \/>\n<span style=\"font-size: 12px;\"><a href=\"https:\/\/www.monta-amazona.com\/clubaema1\/privacy-policy\/\">Pol\u00edtica de Privacidad<\/a><\/span><\/div>\n<div id=\"frm_field_571_container\" class=\"frm_form_field  frm_html_container form-field\"><span style=\"font-size: 16px;\">Conexi\u00f3n Segura SSL<\/span><\/p>\n<p><img decoding=\"async\" src=\"https:\/\/monta-amazona.x10.mx\/club\/wp-content\/uploads\/2021\/01\/sectigo_trust_seal_sm_82x32.png\" \/><\/div>\n<div id=\"frm_field_572_container\" class=\"frm_form_field  frm_html_container form-field\">\n<hr style=\"height: 2px; background-color: #45b0e6;\" \/><\/div>\n<div id=\"frm_field_573_container\" class=\"frm_form_field form-field \">\n\t<div class=\"frm_submit\">\n\n<button class=\"frm_button_submit\" type=\"submit\"  >Enviar<\/button>\n\n\n<\/div>\n<\/div>\n\t<input type=\"hidden\" name=\"item_key\" value=\"\" \/>\n\t\t\t<div id=\"frm_field_1150_container\">\n\t\t\t<label for=\"field_txz2q\" >\n\t\t\t\tSi eres humano, deja este campo en blanco.\t\t\t<\/label>\n\t\t\t<input  id=\"field_txz2q\" type=\"text\" class=\"frm_form_field form-field frm_verify\" name=\"item_meta[1150]\" value=\"\"  \/>\n\t\t<\/div>\n\t\t<input name=\"frm_state\" type=\"hidden\" value=\"e8RBtNLHOgtGmqv2mtYvgSc6DNZbQ\/vKQQQgg5UXo4k=\" \/><\/div>\n<\/fieldset>\n<\/div>\n\n<\/form>\n<\/div>\n\n","protected":false},"excerpt":{"rendered":"<p><span style=\"font-size: 14pt;\">Inscripci\u00f3n <span style=\"font-family: lucida sans unicode,lucida grande,sans-serif;\">Curso AEMA<br \/>\n<strong>Cartagena<\/strong><\/span> 6-8 octubre 2022<\/span><br \/>\n<span style=\"font-size: 14pt;\">Inscripci\u00f3n para <strong>-Socias AEMA-<\/strong><br \/>\nhasta <strong>4 de octubre<\/strong><\/span><\/p>\n<p><span style=\"font-size: 12px;\">Inscripci\u00f3n para No Socias <a href=\"https:\/\/www.monta-amazona.com\/clubaema1\/product\/inscrip-curso-231006-ns\/\">aqu\u00ed<\/a><\/span><\/p>\n","protected":false},"featured_media":6159,"comment_status":"open","ping_status":"closed","template":"","meta":{"_kadence_starter_templates_imported_post":false,"_kad_post_transparent":"default","_kad_post_title":"","_kad_post_layout":"default","_kad_post_sidebar_id":"","_kad_post_content_style":"default","_kad_post_vertical_padding":"default","_kad_post_feature":"","_kad_post_feature_position":"","_kad_post_header":false,"_kad_post_footer":false,"_kad_post_classname":""},"product_brand":[],"product_cat":[61,116,64,62],"product_tag":[72,69,68],"class_list":{"0":"post-6187","1":"product","2":"type-product","3":"status-publish","4":"has-post-thumbnail","6":"product_cat-conexsocias","7":"product_cat-cursos","8":"product_cat-inscrip","9":"product_cat-inscripsi","10":"product_tag-cursos","11":"product_tag-inscripcion-socias","12":"product_tag-inscripciones","14":"first","15":"outofstock","16":"shipping-taxable","17":"purchasable","18":"product-type-variable","19":"entry","20":"content-bg","21":"loop-entry"},"_links":{"self":[{"href":"https:\/\/www.monta-amazona.com\/clubaema1\/wp-json\/wp\/v2\/product\/6187","targetHints":{"allow":["GET"]}}],"collection":[{"href":"https:\/\/www.monta-amazona.com\/clubaema1\/wp-json\/wp\/v2\/product"}],"about":[{"href":"https:\/\/www.monta-amazona.com\/clubaema1\/wp-json\/wp\/v2\/types\/product"}],"replies":[{"embeddable":true,"href":"https:\/\/www.monta-amazona.com\/clubaema1\/wp-json\/wp\/v2\/comments?post=6187"}],"wp:featuredmedia":[{"embeddable":true,"href":"https:\/\/www.monta-amazona.com\/clubaema1\/wp-json\/wp\/v2\/media\/6159"}],"wp:attachment":[{"href":"https:\/\/www.monta-amazona.com\/clubaema1\/wp-json\/wp\/v2\/media?parent=6187"}],"wp:term":[{"taxonomy":"product_brand","embeddable":true,"href":"https:\/\/www.monta-amazona.com\/clubaema1\/wp-json\/wp\/v2\/product_brand?post=6187"},{"taxonomy":"product_cat","embeddable":true,"href":"https:\/\/www.monta-amazona.com\/clubaema1\/wp-json\/wp\/v2\/product_cat?post=6187"},{"taxonomy":"product_tag","embeddable":true,"href":"https:\/\/www.monta-amazona.com\/clubaema1\/wp-json\/wp\/v2\/product_tag?post=6187"}],"curies":[{"name":"wp","href":"https:\/\/api.w.org\/{rel}","templated":true}]}}