{"id":6220,"date":"2023-08-22T22:38:02","date_gmt":"2023-08-22T22:38:02","guid":{"rendered":"https:\/\/www.monta-amazona.com\/clubaema1\/?post_type=product&#038;p=6220"},"modified":"2025-09-16T15:22:25","modified_gmt":"2025-09-16T15:22:25","slug":"inscrip-gv-8-ns","status":"publish","type":"product","link":"https:\/\/www.monta-amazona.com\/clubaema1\/product\/inscrip-gv-8-ns\/","title":{"rendered":"Inscripci\u00f3n \u00abGarbeo Virtual 8\u00bb"},"content":{"rendered":"<p><span style=\"font-size: 14pt;\">Inscripci\u00f3n \u00ab<span style=\"font-family: orbitron,sans-serif;\">Garbeo Virtual <strong>8<\/strong><\/span>\u00bb Verano-Oto\u00f1o 2023<\/span><br \/>\n<span style=\"font-size: 12pt;\">Concurso AEMA de Pr\u00e1cticas y Entrenamiento -no presencial-<\/span><\/p>\n<p><span style=\"font-size: 14pt;\">Termina el <strong>2 noviembre 2023<\/strong>\u00a0<\/span><\/p>\n<p><span style=\"font-size: 12pt;\">Inscripci\u00f3n hasta <strong>30 <\/strong>de octubre<br \/>\n\u200bEntrega de v\u00eddeos de las pruebas <strong>hasta el 2 noviembre 2023\u00a0<\/strong><\/span><\/p>\n<p><span style=\"font-size: 14px;\">Rellene el formulario m\u00e1s abajo<\/span><br \/>\n<span style=\"font-size: 14px;\">Marque el n\u00famero de\u00a0 prueba(s) en las que va a participar\u00a0<\/span><br \/>\n<span style=\"font-size: 10pt;\">Si va a participar en m\u00e1s de un grupo, consulte las incompatibilidades de inscripci\u00f3n en diferentes grupos de pruebas en <a href=\"https:\/\/www.monta-amazona.com\/club\/normas\/\" target=\"_blank\" rel=\"noopener\" data-id=\"https:\/\/www.monta-amazona.com\/club\/normas\/\" data-type=\"URL\">Normas<\/a><\/span><\/p>\n<hr style=\"background: none; border-top: 2px solid #6868b2;\" \/>\n<p><span style=\"font-size: 12px;\">Si no es Socia, puede acceder a la inscripci\u00f3n para No Socias <a href=\"https:\/\/www.monta-amazona.com\/clubaema1\/product\/inscrip-gv-8-socias\/\">aqu\u00ed<\/a>.<br \/>\no puede hacerse Socia <a href=\"https:\/\/www.monta-amazona.com\/asociate\/\">aqu\u00ed<\/a><\/span>.<\/p>\n<hr style=\"background: none; border-top: 2px solid #6868b2;\" \/>\n<div class=\"frm_forms  with_frm_style frm_style_estilo-de-formidable\" id=\"frm_form_25_container\" data-token=\"15d36b8dc987eaef265c1578aa63eeb5\">\n<form enctype=\"multipart\/form-data\" method=\"post\" class=\"frm-show-form \" id=\"form_garbeo8\" data-token=\"15d36b8dc987eaef265c1578aa63eeb5\">\n<div class=\"frm_form_fields \">\n<fieldset>\n<legend class=\"frm_screen_reader\">\u00abGarbeo Virtual 8\u00bb Oto\u00f1o 2023<\/legend>\r\n\r\n<div class=\"frm_fields_container\">\n<input type=\"hidden\" name=\"frm_action\" value=\"create\" \/>\n<input type=\"hidden\" name=\"form_id\" value=\"25\" \/>\n<input type=\"hidden\" name=\"frm_hide_fields_25\" id=\"frm_hide_fields_25\" value=\"\" \/>\n<input type=\"hidden\" name=\"form_key\" value=\"garbeo8\" \/>\n<input type=\"hidden\" name=\"item_meta[0]\" value=\"\" \/>\n<input type=\"hidden\" id=\"frm_submit_entry_25\" name=\"frm_submit_entry_25\" value=\"14a931e232\" \/><input type=\"hidden\" name=\"_wp_http_referer\" value=\"\/clubaema1\/wp-json\/wp\/v2\/product\/6220\" \/><div id=\"frm_field_500_container\" class=\"frm_form_field  frm_html_container form-field\"><img loading=\"lazy\" decoding=\"async\" class=\"aligncenter\" src=\"https:\/\/www.monta-amazona.com\/clubaema1\/wp-content\/uploads\/files\/images\/LogoAEMAColor_33.png\" alt=\"Logo AEMA\" width=\"150\" height=\"150\" \/><\/div>\n<div id=\"frm_field_501_container\" class=\"frm_form_field  frm_html_container form-field\">\n<p><span style=\"font-size: 14pt;\">Registro de Inscripci\u00f3n<\/span> para el <span style=\"font-size: 14pt;\"><strong>\u00abGarbeo Virtual 8\u00bb<\/strong> Oto\u00f1o 2023<\/span><br \/><strong>15\u20ac<\/strong> por caballo y prueba<br \/><span style=\"font-size: 10pt;\">En opciones de pago elija el n\u00famero de pruebas en las que se inscribe.<\/span><br \/>Inscripci\u00f3n <strong>hasta <span style=\"font-size: 12pt;\">30 de octubre<\/span><\/strong><br \/>Entrega de v\u00eddeos de las pruebas <strong><span style=\"font-size: 12pt;\">hasta 2 noviembre 2023 <\/span><\/strong><br \/><span style=\"font-size: 10pt;\">Marque las pruebas en las que va a participar en cada grupo en este formulario <br \/><\/span><span style=\"font-size: 10pt;\">Consulte las incompatibilidades de inscripci\u00f3n en diferentes grupos de pruebas en <a href=\"https:\/\/www.monta-amazona.com\/club\/normas\/\" target=\"_blank\" rel=\"noopener\" data-id=\"https:\/\/www.monta-amazona.com\/club\/normas\/\" data-type=\"URL\">Normas<\/a><\/span><\/p>\n<p><span style=\"font-size: 10pt;\">Por favor, rellene todos los apartados de este formulario, son necesarios para enviarle el resultado y el premio.<\/span><span style=\"font-size: 10pt;\"><br \/><span style=\"font-size: 10pt;\">Env\u00ede el formulario antes de realizar el pago.<br \/>La inscripci\u00f3n se formaliza una vez realizado el pago correspondiente.<\/span><\/span><\/p>\n<p><span style=\"font-size: 10pt;\">Consulte las instrucciones para grabaci\u00f3n y env\u00edo de v\u00eddeo en <a href=\"https:\/\/www.monta-amazona.com\/club\/consejos\/\" target=\"_blank\" rel=\"noopener\" data-id=\"https:\/\/www.monta-amazona.com\/club\/consejos\/\" data-type=\"URL\">Consejos<\/a><\/span><\/p>\n<p><span style=\"font-size: 10pt;\">para cualquier aclaraci\u00f3n o duda, escriba a <em>aema.concurso@gmail.com<\/em><\/span><\/p>\n<\/div>\n<div id=\"frm_field_502_container\" class=\"frm_form_field form-field  frm_required_field frm_top_container frm_three_fourths\">\r\n    <label for=\"field_79kci\" id=\"field_79kci_label\" class=\"frm_primary_label\">Correo electr\u00f3nico\r\n        <span class=\"frm_required\" aria-hidden=\"true\">*<\/span>\r\n    <\/label>\r\n    <input type=\"email\" id=\"field_79kci\" name=\"item_meta[502]\" value=\"\"  data-reqmsg=\"Correo electr\u00f3nico no puede estar en blanco.\" aria-required=\"true\" data-invmsg=\"Correo electr\u00f3nico no es v\u00e1lido\" aria-invalid=\"false\"  \/>\r\n    \r\n    \r\n<\/div>\n<div id=\"frm_field_503_container\" class=\"frm_form_field form-field  frm_required_field frm_top_container frm_fourth\">\r\n    <label for=\"field_rs60u\" id=\"field_rs60u_label\" class=\"frm_primary_label\">Tel\u00e9fono\r\n        <span class=\"frm_required\" aria-hidden=\"true\">*<\/span>\r\n    <\/label>\r\n    <input type=\"text\" id=\"field_rs60u\" name=\"item_meta[503]\" value=\"\"  data-reqmsg=\"Tel\u00e9fono no puede estar en blanco.\" aria-required=\"true\" data-invmsg=\"Texto no es v\u00e1lido\" aria-invalid=\"false\"  \/>\r\n    \r\n    \r\n<\/div>\n<div id=\"frm_field_504_container\" class=\"frm_form_field form-field  frm_required_field frm_top_container\">\r\n    <div  id=\"field_ah329_label\" class=\"frm_primary_label\">Nombre y Apellido\r\n        <span class=\"frm_required\" aria-hidden=\"true\">*<\/span>\r\n    <\/div>\r\n    <fieldset aria-labelledby=\"field_ah329_label\">\n\t<legend class=\"frm_screen_reader frm_hidden\">\n\t\tNombre y Apellido\t<\/legend>\n\n\t<div  class=\"frm_combo_inputs_container\" id=\"frm_combo_inputs_container_504\" data-name-layout=\"first_last\">\n\t\t\t\t\t<div\n\t\t\t\tid=\"frm_field_504-first_container\"\n\t\t\t\tclass=\"frm_form_field form-field frm_form_subfield-first  frm6\"\n\t\t\t\tdata-sub-field-name=\"first\"\n\t\t\t>\n\t\t\t\t<label for=\"field_ah329_first\" class=\"frm_screen_reader frm_hidden\">\n\t\t\t\t\tNombre\t\t\t\t<\/label>\n\n\t\t\t\t<input  type=\"text\" id=\"field_ah329_first\" value=\"\" name=\"item_meta[504][first]\" autocomplete=\"given-name\" data-reqmsg=\"Nombre y Apellido no puede estar en blanco.\" aria-required=\"true\" data-invmsg=\"Nombre y Apellido no es v\u00e1lido\" aria-invalid=\"false\"  \/><div class=\"frm_description\" id=\"frm_field_504_first_desc\">Nombre<\/div>\t\t\t<\/div>\n\t\t\t\t\t\t<div\n\t\t\t\tid=\"frm_field_504-last_container\"\n\t\t\t\tclass=\"frm_form_field form-field frm_form_subfield-last  frm6\"\n\t\t\t\tdata-sub-field-name=\"last\"\n\t\t\t>\n\t\t\t\t<label for=\"field_ah329_last\" class=\"frm_screen_reader frm_hidden\">\n\t\t\t\t\tApellidos\t\t\t\t<\/label>\n\n\t\t\t\t<input  type=\"text\" id=\"field_ah329_last\" value=\"\" name=\"item_meta[504][last]\" autocomplete=\"family-name\" data-reqmsg=\"Nombre y Apellido no puede estar en blanco.\" aria-required=\"true\" data-invmsg=\"Nombre y Apellido no es v\u00e1lido\" aria-invalid=\"false\"  \/><div class=\"frm_description\" id=\"frm_field_504_last_desc\">Apellidos<\/div>\t\t\t<\/div>\n\t\t\t\t<\/div>\n<\/fieldset>\n\r\n    \r\n    \r\n<\/div>\n<div id=\"frm_field_505_container\" class=\"frm_form_field form-field  frm_required_field frm_top_container\">\r\n    <label for=\"field_9adfu\" id=\"field_9adfu_label\" class=\"frm_primary_label\">Nombre del Caballo\r\n        <span class=\"frm_required\" aria-hidden=\"true\">*<\/span>\r\n    <\/label>\r\n    <input type=\"text\" id=\"field_9adfu\" name=\"item_meta[505]\" value=\"\"  data-reqmsg=\"Nombre del Caballo no puede estar en blanco.\" aria-required=\"true\" data-invmsg=\"Texto no es v\u00e1lido\" aria-invalid=\"false\"  \/>\r\n    \r\n    \r\n<\/div>\n<div id=\"frm_field_506_container\" class=\"frm_form_field form-field  frm_top_container frm6 frm_first\">\r\n    <label for=\"field_22q93\" id=\"field_22q93_label\" class=\"frm_primary_label\">Equitaci\u00f3n 100 \u2248Paso\u2248\r\n        <span class=\"frm_required\" aria-hidden=\"true\"><\/span>\r\n    <\/label>\r\n    \t\t<select name=\"item_meta[506]\" id=\"field_22q93\"  data-invmsg=\"Equitaci\u00f3n 100 \u2248Paso\u2248 no es v\u00e1lido\" aria-invalid=\"false\"  >\n\t\t<option  value=\"-\">-<\/option><option  value=\"Prueba AEMA 101c \u2248Paso\u2248\">Prueba AEMA 101c \u2248Paso\u2248<\/option><option  value=\"Prueba AEMA 102c \u2248Paso\u2248\">Prueba AEMA 102c \u2248Paso\u2248<\/option><option  value=\"Prueba AEMA 103c \u2248Paso\u2248\">Prueba AEMA 103c \u2248Paso\u2248<\/option><option  value=\"Prueba AEMA 104c \u2248Paso\u2248\">Prueba AEMA 104c \u2248Paso\u2248<\/option>\t<\/select>\n\t\r\n    \r\n    \r\n<\/div>\n<div id=\"frm_field_507_container\" class=\"frm_form_field form-field  frm_top_container frm6\">\r\n    <label for=\"field_wlz4c\" id=\"field_wlz4c_label\" class=\"frm_primary_label\">Equitaci\u00f3n 200 \u2248Paso-Trote\u2248\r\n        <span class=\"frm_required\" aria-hidden=\"true\"><\/span>\r\n    <\/label>\r\n    \t\t<select name=\"item_meta[507]\" id=\"field_wlz4c\"  data-invmsg=\"Equitaci\u00f3n 200 \u2248Paso-Trote\u2248 no es v\u00e1lido\" aria-invalid=\"false\"  >\n\t\t<option  value=\"-\">-<\/option><option  value=\"Prueba AEMA 201c \u2248Paso-Trote\u2248\">Prueba AEMA 201c \u2248Paso-Trote\u2248<\/option><option  value=\"Prueba AEMA 202c \u2248Paso-Trote\u2248\">Prueba AEMA 202c \u2248Paso-Trote\u2248<\/option><option  value=\"Prueba AEMA 203c \u2248Paso-Trote\u2248\">Prueba AEMA 203c \u2248Paso-Trote\u2248<\/option><option  value=\"Prueba AEMA 204c \u2248Paso-Trote\u2248\">Prueba AEMA 204c \u2248Paso-Trote\u2248<\/option><option  value=\"Prueba AEMA 205c \u2248Paso-Trote\u2248\">Prueba AEMA 205c \u2248Paso-Trote\u2248<\/option>\t<\/select>\n\t\r\n    \r\n    \r\n<\/div>\n<div id=\"frm_field_508_container\" class=\"frm_form_field form-field  frm_top_container frm6 frm_first\">\r\n    <label for=\"field_41u3p\" id=\"field_41u3p_label\" class=\"frm_primary_label\">Equitaci\u00f3n 300 \u2248Paso-Trote-Galope\u2248\r\n        <span class=\"frm_required\" aria-hidden=\"true\"><\/span>\r\n    <\/label>\r\n    \t\t<select name=\"item_meta[508]\" id=\"field_41u3p\"  data-invmsg=\"Equitaci\u00f3n 300 \u2248Paso-Trote-Galope\u2248 no es v\u00e1lido\" aria-invalid=\"false\"  >\n\t\t<option  value=\"-\">-<\/option><option  value=\"Prueba AEMA 301c \u2248Paso-Trote-Galope\u2248\">Prueba AEMA 301c \u2248Paso-Trote-Galope\u2248<\/option><option  value=\"Prueba AEMA 302c \u2248Paso-Trote-Galope\u2248\">Prueba AEMA 302c \u2248Paso-Trote-Galope\u2248<\/option><option  value=\"Prueba AEMA 303c \u2248Paso-Trote-Galope\u2248\">Prueba AEMA 303c \u2248Paso-Trote-Galope\u2248<\/option><option  value=\"Prueba AEMA 304c \u2248Paso-Trote-Galope\u2248\">Prueba AEMA 304c \u2248Paso-Trote-Galope\u2248<\/option><option  value=\"Prueba AEMA 305c \u2248Paso-Trote-Galope\u2248\">Prueba AEMA 305c \u2248Paso-Trote-Galope\u2248<\/option><option  value=\"Prueba AEMA 306c \u2248Paso-Trote-Galope\u2248\">Prueba AEMA 306c \u2248Paso-Trote-Galope\u2248<\/option>\t<\/select>\n\t\r\n    \r\n    \r\n<\/div>\n<div id=\"frm_field_509_container\" class=\"frm_form_field form-field  frm_top_container frm6\">\r\n    <label for=\"field_xqozp\" id=\"field_xqozp_label\" class=\"frm_primary_label\">Equitaci\u00f3n 400 \u2248Paso-Galope\u2248\r\n        <span class=\"frm_required\" aria-hidden=\"true\"><\/span>\r\n    <\/label>\r\n    \t\t<select name=\"item_meta[509]\" id=\"field_xqozp\"  data-invmsg=\"Equitaci\u00f3n 400 \u2248Paso-Galope\u2248 no es v\u00e1lido\" aria-invalid=\"false\"  >\n\t\t<option  value=\"-\">-<\/option><option  value=\"Prueba AEMA 401c \u2248Paso-Galope\u2248\">Prueba AEMA 401c \u2248Paso-Galope\u2248<\/option><option  value=\"Prueba AEMA 402c \u2248Paso-Galope\u2248\">Prueba AEMA 402c \u2248Paso-Galope\u2248<\/option><option  value=\"Prueba AEMA 403c \u2248Paso-Galope\u2248\">Prueba AEMA 403c \u2248Paso-Galope\u2248<\/option><option  value=\"Prueba AEMA 404c \u2248Paso-Galope\u2248\">Prueba AEMA 404c \u2248Paso-Galope\u2248<\/option><option  value=\"Prueba AEMA 405c \u2248Paso-Galope\u2248\">Prueba AEMA 405c \u2248Paso-Galope\u2248<\/option><option  value=\"Prueba AEMA 406c \u2248Paso-Galope\u2248\">Prueba AEMA 406c \u2248Paso-Galope\u2248<\/option>\t<\/select>\n\t\r\n    \r\n    \r\n<\/div>\n<div id=\"frm_field_510_container\" class=\"frm_form_field form-field  frm_top_container frm6 frm_first\">\r\n    <label for=\"field_qkjre\" id=\"field_qkjre_label\" class=\"frm_primary_label\">\ud83c\udfc6 \u00abPremio Musy\u00bb \ud83c\udfc6\r\n        <span class=\"frm_required\" aria-hidden=\"true\"><\/span>\r\n    <\/label>\r\n    \t\t<select name=\"item_meta[510]\" id=\"field_qkjre\"  data-invmsg=\"\ud83c\udfc6 \u00abPremio Musy\u00bb \ud83c\udfc6 no es v\u00e1lido\" aria-invalid=\"false\"  >\n\t\t<option  value=\"-\">-<\/option><option  value=\"Premio Musy 911c\">Premio Musy 911c<\/option><option  value=\"Premio Musy 912c\">Premio Musy 912c<\/option><option  value=\"Premio Musy 913c\">Premio Musy 913c<\/option><option  value=\"Premio Musy 914c\">Premio Musy 914c<\/option><option  value=\"Premio Musy 921c\">Premio Musy 921c<\/option><option  value=\"Premio Musy 922c\">Premio Musy 922c<\/option><option  value=\"Premio Musy 923c\">Premio Musy 923c<\/option><option  value=\"Premio Musy 924c\">Premio Musy 924c<\/option><option  value=\"Premio Musy 925c\">Premio Musy 925c<\/option><option  value=\"Premio Musy 931c\">Premio Musy 931c<\/option><option  value=\"Premio Musy 932c\">Premio Musy 932c<\/option><option  value=\"Premio Musy 933c\">Premio Musy 933c<\/option><option  value=\"Premio Musy 934c\">Premio Musy 934c<\/option><option  value=\"Premio Musy 935c\">Premio Musy 935c<\/option><option  value=\"Premio Musy 936c\">Premio Musy 936c<\/option>\t<\/select>\n\t\r\n    \r\n    \r\n<\/div>\n<div id=\"frm_field_511_container\" class=\"frm_form_field form-field  frm_top_container frm6\">\r\n    <label for=\"field_1h54c\" id=\"field_1h54c_label\" class=\"frm_primary_label\">Equitaci\u00f3n 600 \u2248Pruebas Libres\u2248\r\n        <span class=\"frm_required\" aria-hidden=\"true\"><\/span>\r\n    <\/label>\r\n    \t\t<select name=\"item_meta[511]\" id=\"field_1h54c\"  data-invmsg=\"Equitaci\u00f3n 600 \u2248Pruebas Libres\u2248 no es v\u00e1lido\" aria-invalid=\"false\"  >\n\t\t<option  value=\"-\">-<\/option><option  value=\"Prueba Libre ~Paso-Trote-Galope~\">Prueba Libre ~Paso-Trote-Galope~<\/option><option  value=\"Prueba Libre ~Paso-Galope~\">Prueba Libre ~Paso-Galope~<\/option>\t<\/select>\n\t\r\n    \r\n    \r\n<\/div>\n<div id=\"frm_field_512_container\" class=\"frm_form_field form-field  frm_required_field frm_top_container\">\r\n    <label for=\"field_1fco2\" id=\"field_1fco2_label\" class=\"frm_primary_label\">Direcci\u00f3n\r\n        <span class=\"frm_required\" aria-hidden=\"true\">*<\/span>\r\n    <\/label>\r\n    <input type=\"text\" id=\"field_1fco2\" name=\"item_meta[512]\" value=\"\"  data-reqmsg=\"Este campo no puede estar en blanco.\" aria-required=\"true\" data-invmsg=\"Texto no es v\u00e1lido\" aria-invalid=\"false\"  \/>\r\n    \r\n    \r\n<\/div>\n<div id=\"frm_field_513_container\" class=\"frm_form_field form-field  frm_top_container\">\r\n    <label for=\"field_oay4m\" id=\"field_oay4m_label\" class=\"frm_primary_label\">Direcci\u00f3n\r\n        <span class=\"frm_required\" aria-hidden=\"true\"><\/span>\r\n    <\/label>\r\n    <input type=\"text\" id=\"field_oay4m\" name=\"item_meta[513]\" value=\"\"  data-invmsg=\"Texto no es v\u00e1lido\" aria-invalid=\"false\"  \/>\r\n    \r\n    \r\n<\/div>\n<div id=\"frm_field_514_container\" class=\"frm_form_field form-field  frm_required_field frm_top_container frm_fourth\">\r\n    <label for=\"field_qc9um\" id=\"field_qc9um_label\" class=\"frm_primary_label\">C\u00f3digo Postal\r\n        <span class=\"frm_required\" aria-hidden=\"true\">*<\/span>\r\n    <\/label>\r\n    <input type=\"text\" id=\"field_qc9um\" name=\"item_meta[514]\" value=\"\"  data-reqmsg=\"Este campo no puede estar en blanco.\" aria-required=\"true\" data-invmsg=\"Texto no es v\u00e1lido\" aria-invalid=\"false\"  \/>\r\n    \r\n    \r\n<\/div>\n<div id=\"frm_field_515_container\" class=\"frm_form_field form-field  frm_required_field frm_top_container frm_three_fourths\">\r\n    <label for=\"field_1gzxn\" id=\"field_1gzxn_label\" class=\"frm_primary_label\">Ciudad\r\n        <span class=\"frm_required\" aria-hidden=\"true\">*<\/span>\r\n    <\/label>\r\n    <input type=\"text\" id=\"field_1gzxn\" name=\"item_meta[515]\" value=\"\"  data-reqmsg=\"Este campo no puede estar en blanco.\" aria-required=\"true\" data-invmsg=\"Texto no es v\u00e1lido\" aria-invalid=\"false\"  \/>\r\n    \r\n    \r\n<\/div>\n<div id=\"frm_field_516_container\" class=\"frm_form_field form-field  frm_top_container\">\r\n    <label for=\"field_zvgkf\" id=\"field_zvgkf_label\" class=\"frm_primary_label\">Provincia\/Regi\u00f3n\r\n        <span class=\"frm_required\" aria-hidden=\"true\"><\/span>\r\n    <\/label>\r\n    <input type=\"text\" id=\"field_zvgkf\" name=\"item_meta[516]\" value=\"\"  data-invmsg=\"Texto no es v\u00e1lido\" aria-invalid=\"false\"  \/>\r\n    \r\n    \r\n<\/div>\n<div id=\"frm_field_517_container\" class=\"frm_form_field form-field  frm_top_container\">\r\n    <label for=\"field_3j25c\" id=\"field_3j25c_label\" class=\"frm_primary_label\">Pa\u00eds\r\n        <span class=\"frm_required\" aria-hidden=\"true\"><\/span>\r\n    <\/label>\r\n    <input type=\"text\" id=\"field_3j25c\" name=\"item_meta[517]\" value=\"\"  data-invmsg=\"Texto no es v\u00e1lido\" aria-invalid=\"false\"  \/>\r\n    \r\n    \r\n<\/div>\n<div id=\"frm_field_518_container\" class=\"frm_form_field form-field  frm_top_container\">\r\n    <label for=\"field_aex4y\" id=\"field_aex4y_label\" class=\"frm_primary_label\">Nota que quiera a\u00f1adir a su inscripci\u00f3n\r\n        <span class=\"frm_required\" aria-hidden=\"true\"><\/span>\r\n    <\/label>\r\n    <textarea name=\"item_meta[518]\" id=\"field_aex4y\" rows=\"5\"  data-invmsg=\"Nota que quiera a\u00f1adir a su inscripci\u00f3n no es v\u00e1lido\" aria-invalid=\"false\"  ><\/textarea>\r\n    \r\n    \r\n<\/div>\n<div id=\"frm_field_519_container\" class=\"frm_form_field  frm_html_container form-field\">\n<hr style=\"height: 2px; background-color: #45b0e6;\" \/><\/div>\n<div id=\"frm_field_520_container\" class=\"frm_form_field  frm_html_container form-field\"><span style=\"font-size: 16px;\">Conexi\u00f3n Segura SSL<\/span><\/p>\n<p><img decoding=\"async\" src=\"https:\/\/www.monta-amazona.com\/club\/wp-content\/uploads\/2021\/01\/sectigo_trust_seal_sm_82x32.png\" \/><\/div>\n<div id=\"frm_field_521_container\" class=\"frm_form_field  frm_html_container form-field\"><span style=\"font-size: 12px;\">La informaci\u00f3n recogida en este formulario ser\u00e1 utilizada exclusivamente para los fines de la asociaci\u00f3n y puede ser modificada o anulada por el titular en la sede social de la Asociaci\u00f3n.<\/span><br \/>\n<span style=\"font-size: 12px;\"><a href=\"https:\/\/www.monta-amazona.com\/clubaema1\/privacy-policy\/\">Pol\u00edtica de Privacidad<\/a><\/span><\/div>\n<div id=\"frm_field_522_container\" class=\"frm_form_field  frm_html_container form-field\">\n<hr style=\"height: 2px; background-color: #45b0e6;\" \/><\/div>\n<div id=\"frm_field_1147_container\" class=\"frm_form_field form-field \">\n\t<div class=\"frm_submit\">\r\n\r\n<button class=\"frm_button_submit\" type=\"submit\"  >Enviar<\/button>\r\n\r\n\r\n<\/div>\n<\/div>\n\t<input type=\"hidden\" name=\"item_key\" value=\"\" \/>\n\t\t\t<div id=\"frm_field_1150_container\">\n\t\t\t<label for=\"field_2j8su\" >\n\t\t\t\tSi eres humano, deja este campo en blanco.\t\t\t<\/label>\n\t\t\t<input  id=\"field_2j8su\" type=\"text\" class=\"frm_form_field form-field frm_verify\" name=\"item_meta[1150]\" value=\"\"  \/>\n\t\t<\/div>\n\t\t<input name=\"frm_state\" type=\"hidden\" value=\"e8RBtNLHOgtGmqv2mtYvgSc6DNZbQ\/vKQQQgg5UXo4k=\" \/><\/div>\n<\/fieldset>\n<\/div>\n\n<\/form>\n<\/div>\n\n<p>&nbsp;<\/p>\n","protected":false},"excerpt":{"rendered":"<p><span style=\"font-size: 18px;\">Inscripci\u00f3n \u00ab<span style=\"font-family: orbitron,sans-serif;\">Garbeo Virtual <strong>8<\/strong><\/span>\u00bb Verano-Oto\u00f1o 2023<\/span><br \/>\ntermina el <strong>2 noviembre 2023<\/strong><\/p>\n<p><strong>15\u20ac<\/strong>\u00a0por caballo y prueba<br \/>\nmarque el n\u00ba de pruebas en las que va a participar<br \/>\n\u200b<span style=\"font-size: 10pt;\">y rellene el formulario m\u00e1s abajo<\/span><\/p>\n<p><span style=\"font-size: 12px;\">Inscripci\u00f3n para <strong>Socias AEMA<\/strong> <a href=\"https:\/\/www.monta-amazona.com\/clubaema1\/product\/inscrip-gv-8-socias\/\">aqu\u00ed<\/a><\/span><\/p>\n","protected":false},"featured_media":6217,"comment_status":"open","ping_status":"closed","template":"","meta":{"_kadence_starter_templates_imported_post":false,"_kad_post_transparent":"default","_kad_post_title":"","_kad_post_layout":"default","_kad_post_sidebar_id":"","_kad_post_content_style":"default","_kad_post_vertical_padding":"default","_kad_post_feature":"","_kad_post_feature_position":"","_kad_post_header":false,"_kad_post_footer":false,"_kad_post_classname":""},"product_brand":[],"product_cat":[97,64,59,118],"product_tag":[71,70,68],"class_list":{"0":"post-6220","1":"product","2":"type-product","3":"status-publish","4":"has-post-thumbnail","6":"product_cat-garbeo","7":"product_cat-inscrip","8":"product_cat-inscripno","9":"product_cat-reciente","10":"product_tag-garbeo-virtual","11":"product_tag-inscripcion-no-socias","12":"product_tag-inscripciones","14":"first","15":"outofstock","16":"virtual","17":"purchasable","18":"product-type-simple","19":"entry","20":"content-bg","21":"loop-entry"},"_links":{"self":[{"href":"https:\/\/www.monta-amazona.com\/clubaema1\/wp-json\/wp\/v2\/product\/6220","targetHints":{"allow":["GET"]}}],"collection":[{"href":"https:\/\/www.monta-amazona.com\/clubaema1\/wp-json\/wp\/v2\/product"}],"about":[{"href":"https:\/\/www.monta-amazona.com\/clubaema1\/wp-json\/wp\/v2\/types\/product"}],"replies":[{"embeddable":true,"href":"https:\/\/www.monta-amazona.com\/clubaema1\/wp-json\/wp\/v2\/comments?post=6220"}],"wp:featuredmedia":[{"embeddable":true,"href":"https:\/\/www.monta-amazona.com\/clubaema1\/wp-json\/wp\/v2\/media\/6217"}],"wp:attachment":[{"href":"https:\/\/www.monta-amazona.com\/clubaema1\/wp-json\/wp\/v2\/media?parent=6220"}],"wp:term":[{"taxonomy":"product_brand","embeddable":true,"href":"https:\/\/www.monta-amazona.com\/clubaema1\/wp-json\/wp\/v2\/product_brand?post=6220"},{"taxonomy":"product_cat","embeddable":true,"href":"https:\/\/www.monta-amazona.com\/clubaema1\/wp-json\/wp\/v2\/product_cat?post=6220"},{"taxonomy":"product_tag","embeddable":true,"href":"https:\/\/www.monta-amazona.com\/clubaema1\/wp-json\/wp\/v2\/product_tag?post=6220"}],"curies":[{"name":"wp","href":"https:\/\/api.w.org\/{rel}","templated":true}]}}