{"id":6231,"date":"2023-12-29T00:39:24","date_gmt":"2023-12-29T00:39:24","guid":{"rendered":"https:\/\/www.monta-amazona.com\/clubaema1\/?post_type=product&#038;p=6231"},"modified":"2023-12-29T00:39:25","modified_gmt":"2023-12-29T00:39:25","slug":"renova-2024","status":"publish","type":"product","link":"https:\/\/www.monta-amazona.com\/clubaema1\/product\/renova-2024\/","title":{"rendered":"Renovaci\u00f3n Cuota Anual 2024"},"content":{"rendered":"<p><span style=\"font-size: 14pt;\">Renovaci\u00f3n Cuota Anual 2024<\/span><\/p>\n<p>Por favor, rellene los apartados necesarios del formulario siguiente, email, m\u00f3vil, nombre y apellido, y env\u00edelo antes de realizar el pago.<br \/>\nLos dem\u00e1s apartados solo es necesario rellenarlos si han cambiado desde el a\u00f1o anterior.<\/p>\n<p><span style=\"font-size: 10pt;\">Si se inscribe por primera vez como Socia Nueva, h\u00e1galo <a href=\"https:\/\/www.monta-amazona.com\/clubaema1\/product\/socia-2024\/\">aqu\u00ed<\/a>.<\/span><\/p>\n<div class=\"frm_forms  with_frm_style frm_style_estilo-de-formidable\" id=\"frm_form_32_container\" data-token=\"15d36b8dc987eaef265c1578aa63eeb5\">\n<form enctype=\"multipart\/form-data\" method=\"post\" class=\"frm-show-form \" id=\"form_renova24\" data-token=\"15d36b8dc987eaef265c1578aa63eeb5\">\n<div class=\"frm_form_fields \">\n<fieldset>\n<legend class=\"frm_screen_reader\">Renovaci\u00f3n Anual 2024<\/legend>\r\n\r\n<div class=\"frm_fields_container\">\n<input type=\"hidden\" name=\"frm_action\" value=\"create\" \/>\n<input type=\"hidden\" name=\"form_id\" value=\"32\" \/>\n<input type=\"hidden\" name=\"frm_hide_fields_32\" id=\"frm_hide_fields_32\" value=\"\" \/>\n<input type=\"hidden\" name=\"form_key\" value=\"renova24\" \/>\n<input type=\"hidden\" name=\"item_meta[0]\" value=\"\" \/>\n<input type=\"hidden\" id=\"frm_submit_entry_32\" name=\"frm_submit_entry_32\" value=\"14a931e232\" \/><input type=\"hidden\" name=\"_wp_http_referer\" value=\"\/clubaema1\/wp-json\/wp\/v2\/product\/6231\" \/><div id=\"frm_field_684_container\" class=\"frm_form_field  frm_html_container form-field\"><img loading=\"lazy\" decoding=\"async\" class=\"aligncenter\" src=\"https:\/\/www.monta-amazona.com\/clubaema1\/wp-content\/uploads\/files\/images\/LogoAEMAColor_33.png\" alt=\"Logo AEMA\" width=\"150\" height=\"150\" \/><\/div>\n<div id=\"frm_field_685_container\" class=\"frm_form_field  frm12 frm_first frm_html_container form-field\">\n<p><span style=\"font-size: 16px;\">Renovaci\u00f3n Cuota Anual\u00a0 <strong>Socia 2024<\/strong><\/span><br \/><span style=\"font-size: 16px;\">cuota anual\u00a0 35\u20ac<\/span><\/p>\n<p><span style=\"font-size: 14px;\">Por favor, rellene los apartados obligatorios <span style=\"color: #c0392b;\">*<\/span> de este formulario, son necesarios para identificar su pago y enviarle la informaci\u00f3n de la Asociaci\u00f3n y su carnet de Socia.<br \/>Los dem\u00e1s apartados solo es necesario rellenarlos si han cambiado desde el a\u00f1o anterior.<\/span><\/p>\n<p>Env\u00ede el formulario antes de realizar el pago.<br \/>El formulario solo es v\u00e1lido una vez recibido el pago correspondiente.<\/p>\n<p>para cualquier aclaraci\u00f3n o duda, escriba a <em>aema.asociacion@gmail.com<\/em><\/p>\n<\/div>\n<div id=\"frm_field_686_container\" class=\"frm_form_field form-field  frm_required_field frm_top_container frm6 frm_first frm_two_thirds\">\r\n    <label for=\"field_ahhtz2\" id=\"field_ahhtz2_label\" class=\"frm_primary_label\">Correo electr\u00f3nico\r\n        <span class=\"frm_required\" aria-hidden=\"true\">*<\/span>\r\n    <\/label>\r\n    <input type=\"email\" id=\"field_ahhtz2\" name=\"item_meta[686]\" value=\"\"  data-reqmsg=\"Este campo no puede estar en blanco.\" aria-required=\"true\" data-invmsg=\"Correo electr\u00f3nico no es v\u00e1lido\" aria-invalid=\"false\"  \/>\r\n    \r\n    \r\n<\/div>\n<div id=\"frm_field_687_container\" class=\"frm_form_field form-field  frm_required_field frm_top_container frm6 frm_third\">\r\n    <label for=\"field_n14vg2\" id=\"field_n14vg2_label\" class=\"frm_primary_label\">Tel\u00e9fono\r\n        <span class=\"frm_required\" aria-hidden=\"true\">*<\/span>\r\n    <\/label>\r\n    <input type=\"tel\" id=\"field_n14vg2\" name=\"item_meta[687]\" value=\"\"  data-reqmsg=\"Este campo no puede estar en blanco.\" aria-required=\"true\" data-invmsg=\"Tel\u00e9fono no es v\u00e1lido\" aria-invalid=\"false\" pattern=\"((\\+\\d{1,3}(-|.| )?\\(?\\d\\)?(-| |.)?\\d{1,5})|(\\(?\\d{2,6}\\)?))(-|.| )?(\\d{3,4})(-|.| )?(\\d{4})(( x| ext)\\d{1,5}){0,1}$\"  \/>\r\n    \r\n    \r\n<\/div>\n<div id=\"frm_field_688_container\" class=\"frm_form_field  frm_html_container form-field\"><span style=\"font-size: 10pt;\">Por favor, no se olvide de proporcionar un email v\u00e1lido.<br \/>\nRecibir\u00e1 toda la informaci\u00f3n de eventos, cursos, promociones, as\u00ed como su carnet y toda informaci\u00f3n relevante mediante e-mail.<\/span><\/div>\n<div id=\"frm_field_689_container\" class=\"frm_form_field form-field  frm_required_field frm_top_container\">\r\n    <div  id=\"field_oe1w2_label\" class=\"frm_primary_label\">Nombre\r\n        <span class=\"frm_required\" aria-hidden=\"true\">*<\/span>\r\n    <\/div>\r\n    <fieldset aria-labelledby=\"field_oe1w2_label\">\n\t<legend class=\"frm_screen_reader frm_hidden\">\n\t\tNombre\t<\/legend>\n\n\t<div  class=\"frm_combo_inputs_container\" id=\"frm_combo_inputs_container_689\" data-name-layout=\"first_last\">\n\t\t\t\t\t<div\n\t\t\t\tid=\"frm_field_689-first_container\"\n\t\t\t\tclass=\"frm_form_field form-field frm_form_subfield-first  frm6\"\n\t\t\t\tdata-sub-field-name=\"first\"\n\t\t\t>\n\t\t\t\t<label for=\"field_oe1w2_first\" class=\"frm_screen_reader frm_hidden\">\n\t\t\t\t\tNombre\t\t\t\t<\/label>\n\n\t\t\t\t<input  type=\"text\" id=\"field_oe1w2_first\" value=\"\" name=\"item_meta[689][first]\" autocomplete=\"given-name\" data-reqmsg=\"Este campo no puede estar en blanco.\" aria-required=\"true\" data-invmsg=\"Nombre no es v\u00e1lido\" aria-invalid=\"false\"  \/><div class=\"frm_description\" id=\"frm_field_689_first_desc\">Nombre<\/div>\t\t\t<\/div>\n\t\t\t\t\t\t<div\n\t\t\t\tid=\"frm_field_689-last_container\"\n\t\t\t\tclass=\"frm_form_field form-field frm_form_subfield-last  frm6\"\n\t\t\t\tdata-sub-field-name=\"last\"\n\t\t\t>\n\t\t\t\t<label for=\"field_oe1w2_last\" class=\"frm_screen_reader frm_hidden\">\n\t\t\t\t\tApellidos\t\t\t\t<\/label>\n\n\t\t\t\t<input  type=\"text\" id=\"field_oe1w2_last\" value=\"\" name=\"item_meta[689][last]\" autocomplete=\"family-name\" data-reqmsg=\"Este campo no puede estar en blanco.\" aria-required=\"true\" data-invmsg=\"Nombre no es v\u00e1lido\" aria-invalid=\"false\"  \/><div class=\"frm_description\" id=\"frm_field_689_last_desc\">Apellidos<\/div>\t\t\t<\/div>\n\t\t\t\t<\/div>\n<\/fieldset>\n\r\n    \r\n    \r\n<\/div>\n<div id=\"frm_field_690_container\" class=\"frm_form_field  frm_html_container form-field\">\n<hr style=\"height: 2px; background-color: #6868b2;\" data-mce-style=\"height: 2px; background-color: #6868b2;\"><\/div>\n<div id=\"frm_field_691_container\" class=\"frm_form_field  frm_html_container form-field\">Rellene los siguientes campos SOLO si han cambiado o necesitan actualizarse<\/div>\n<div id=\"frm_field_692_container\" class=\"frm_form_field form-field  frm_top_container\">\r\n    <label for=\"field_f5zd12\" id=\"field_f5zd12_label\" class=\"frm_primary_label\">Direcci\u00f3n\r\n        <span class=\"frm_required\" aria-hidden=\"true\"><\/span>\r\n    <\/label>\r\n    <input type=\"text\" id=\"field_f5zd12\" name=\"item_meta[692]\" value=\"\"  data-invmsg=\"Texto no es v\u00e1lido\" aria-invalid=\"false\"  \/>\r\n    \r\n    \r\n<\/div>\n<div id=\"frm_field_693_container\" class=\"frm_form_field form-field  frm_top_container\">\r\n    <label for=\"field_t8x1m2\" id=\"field_t8x1m2_label\" class=\"frm_primary_label\">Direcci\u00f3n\r\n        <span class=\"frm_required\" aria-hidden=\"true\"><\/span>\r\n    <\/label>\r\n    <input type=\"text\" id=\"field_t8x1m2\" name=\"item_meta[693]\" value=\"\"  data-invmsg=\"Texto no es v\u00e1lido\" aria-invalid=\"false\"  \/>\r\n    \r\n    \r\n<\/div>\n<div id=\"frm_field_694_container\" class=\"frm_form_field form-field  frm_top_container frm6 frm_first frm_third\">\r\n    <label for=\"field_nhgqn2\" id=\"field_nhgqn2_label\" class=\"frm_primary_label\">C\u00f3digo Postal\r\n        <span class=\"frm_required\" aria-hidden=\"true\"><\/span>\r\n    <\/label>\r\n    <input type=\"text\" id=\"field_nhgqn2\" name=\"item_meta[694]\" value=\"\"  data-invmsg=\"Texto no es v\u00e1lido\" aria-invalid=\"false\"  \/>\r\n    \r\n    \r\n<\/div>\n<div id=\"frm_field_695_container\" class=\"frm_form_field form-field  frm_top_container frm6 frm_two_thirds\">\r\n    <label for=\"field_k4vq42\" id=\"field_k4vq42_label\" class=\"frm_primary_label\">Ciudad\r\n        <span class=\"frm_required\" aria-hidden=\"true\"><\/span>\r\n    <\/label>\r\n    <input type=\"text\" id=\"field_k4vq42\" name=\"item_meta[695]\" value=\"\"  data-invmsg=\"Texto no es v\u00e1lido\" aria-invalid=\"false\"  \/>\r\n    \r\n    \r\n<\/div>\n<div id=\"frm_field_696_container\" class=\"frm_form_field form-field  frm_top_container\">\r\n    <label for=\"field_5ak9e2\" id=\"field_5ak9e2_label\" class=\"frm_primary_label\">Provincia\/Regi\u00f3n\r\n        <span class=\"frm_required\" aria-hidden=\"true\"><\/span>\r\n    <\/label>\r\n    <input type=\"text\" id=\"field_5ak9e2\" name=\"item_meta[696]\" value=\"\"  data-invmsg=\"Texto no es v\u00e1lido\" aria-invalid=\"false\"  \/>\r\n    \r\n    \r\n<\/div>\n<div id=\"frm_field_697_container\" class=\"frm_form_field form-field  frm_top_container\">\r\n    <label for=\"field_kcrio2\" id=\"field_kcrio2_label\" class=\"frm_primary_label\">Pa\u00eds\r\n        <span class=\"frm_required\" aria-hidden=\"true\"><\/span>\r\n    <\/label>\r\n    <input type=\"text\" id=\"field_kcrio2\" name=\"item_meta[697]\" value=\"\"  data-invmsg=\"Texto no es v\u00e1lido\" aria-invalid=\"false\"   aria-describedby=\"frm_desc_field_kcrio2\"\/>\r\n    <div class=\"frm_description\" id=\"frm_desc_field_kcrio2\">rellene este apartado si su pa\u00eds es otro que Espa\u00f1a<\/div>\r\n    \r\n<\/div>\n<div id=\"frm_field_698_container\" class=\"frm_form_field  frm_html_container form-field\"><span style=\"font-size: 14pt;\"> Silla de Amazona, tipo y n\u00famero<\/span><\/div>\n<div id=\"frm_field_699_container\" class=\"frm_form_field form-field  frm_top_container frm3 frm_first vertical_radio\">\r\n    <div  id=\"field_xsx752_label\" class=\"frm_primary_label\">Tipos deSilla\r\n        <span class=\"frm_required\" aria-hidden=\"true\"><\/span>\r\n    <\/div>\r\n    <div class=\"frm_opt_container\" aria-labelledby=\"field_xsx752_label\" role=\"group\">\t\t<div class=\"frm_checkbox\" id=\"frm_checkbox_699-0\">\t\t\t<label  for=\"field_xsx752-0\">\n\t\t\t<input type=\"checkbox\" name=\"item_meta[699][]\" id=\"field_xsx752-0\" value=\"Inglesa\"  data-invmsg=\"Tipos deSilla no es v\u00e1lido\"   \/> Inglesa<\/label><\/div>\n\t\t<div class=\"frm_checkbox\" id=\"frm_checkbox_699-1\">\t\t\t<label  for=\"field_xsx752-1\">\n\t\t\t<input type=\"checkbox\" name=\"item_meta[699][]\" id=\"field_xsx752-1\" value=\"Vaquera\"  data-invmsg=\"Tipos deSilla no es v\u00e1lido\"   \/> Vaquera<\/label><\/div>\n\t\t<div class=\"frm_checkbox\" id=\"frm_checkbox_699-2\">\t\t\t<label  for=\"field_xsx752-2\">\n\t\t\t<input type=\"checkbox\" name=\"item_meta[699][]\" id=\"field_xsx752-2\" value=\"Otra\"  data-invmsg=\"Tipos deSilla no es v\u00e1lido\"   \/> Otra<\/label><\/div>\n<\/div>\r\n    \r\n    \r\n<\/div>\n<div id=\"frm_field_700_container\" class=\"frm_form_field form-field  frm_top_container frm3\">\r\n    <label for=\"field_94ha12\" id=\"field_94ha12_label\" class=\"frm_primary_label\">Inglesa n\u00ba\r\n        <span class=\"frm_required\" aria-hidden=\"true\"><\/span>\r\n    <\/label>\r\n    \t\t<select name=\"item_meta[700]\" id=\"field_94ha12\"  data-invmsg=\"Inglesa n\u00ba no es v\u00e1lido\" aria-invalid=\"false\"  >\n\t\t<option  value=\"-\">-<\/option><option  value=\"1\">1<\/option><option  value=\"2\">2<\/option><option  value=\"3\">3<\/option><option  value=\"4\">4<\/option><option  value=\"5\">5<\/option><option  value=\"6\">6<\/option><option  value=\"7\">7<\/option><option  value=\"8\">8<\/option><option  value=\"9\">9<\/option>\t<\/select>\n\t\r\n    \r\n    \r\n<\/div>\n<div id=\"frm_field_701_container\" class=\"frm_form_field form-field  frm_top_container frm3\">\r\n    <label for=\"field_ctgqz2\" id=\"field_ctgqz2_label\" class=\"frm_primary_label\">Vaquera n\u00ba\r\n        <span class=\"frm_required\" aria-hidden=\"true\"><\/span>\r\n    <\/label>\r\n    \t\t<select name=\"item_meta[701]\" id=\"field_ctgqz2\"  data-invmsg=\"Vaquera n\u00ba no es v\u00e1lido\" aria-invalid=\"false\"  >\n\t\t<option  value=\"-\">-<\/option><option  value=\"1\">1<\/option><option  value=\"2\">2<\/option><option  value=\"3\">3<\/option><option  value=\"4\">4<\/option><option  value=\"5\">5<\/option><option  value=\"6\">6<\/option><option  value=\"7\">7<\/option><option  value=\"8\">8<\/option><option  value=\"9\">9<\/option>\t<\/select>\n\t\r\n    \r\n    \r\n<\/div>\n<div id=\"frm_field_702_container\" class=\"frm_form_field form-field  frm_top_container frm_fourth\">\r\n    <label for=\"field_na1v62\" id=\"field_na1v62_label\" class=\"frm_primary_label\">Otra n\u00ba\r\n        <span class=\"frm_required\" aria-hidden=\"true\"><\/span>\r\n    <\/label>\r\n    \t\t<select name=\"item_meta[702]\" id=\"field_na1v62\"  data-invmsg=\"Otra n\u00ba no es v\u00e1lido\" aria-invalid=\"false\"  >\n\t\t<option  value=\"-\">-<\/option><option  value=\"1\">1<\/option><option  value=\"2\">2<\/option><option  value=\"3\">3<\/option><option  value=\"4\">4<\/option><option  value=\"5\">5<\/option><option  value=\"6\">6<\/option><option  value=\"7\">7<\/option><option  value=\"8\">8<\/option><option  value=\"9\">9<\/option>\t<\/select>\n\t\r\n    \r\n    \r\n<\/div>\n<div id=\"frm_field_703_container\" class=\"frm_form_field form-field  frm_top_container frm12\">\r\n    <label for=\"field_tydh72\" id=\"field_tydh72_label\" class=\"frm_primary_label\">Descripci\u00f3n de la(s) silla(s) Marca\u00b7Modelo-Tama\u00f1o\u00b7A\u00f1o\r\n        <span class=\"frm_required\" aria-hidden=\"true\"><\/span>\r\n    <\/label>\r\n    <input type=\"text\" id=\"field_tydh72\" name=\"item_meta[703]\" value=\"\"  data-invmsg=\"Texto no es v\u00e1lido\" aria-invalid=\"false\"  \/>\r\n    \r\n    \r\n<\/div>\n<div id=\"frm_field_704_container\" class=\"frm_form_field form-field  frm_top_container\">\r\n    <label for=\"field_gujvt2\" id=\"field_gujvt2_label\" class=\"frm_primary_label\">Perfil de facebook URL : www.facebook.com\/nombre.apellido o c\u00f3digo\r\n        <span class=\"frm_required\" aria-hidden=\"true\"><\/span>\r\n    <\/label>\r\n    <input type=\"text\" id=\"field_gujvt2\" name=\"item_meta[704]\" value=\"\"  data-invmsg=\"Texto no es v\u00e1lido\" aria-invalid=\"false\"  \/>\r\n    \r\n    \r\n<\/div>\n<div id=\"frm_field_705_container\" class=\"frm_form_field  frm_html_container form-field\">\n<hr style=\"height: 2px; background-color: #6868b2;\" data-mce-style=\"height: 2px; background-color: #6868b2;\"><\/div>\n<div id=\"frm_field_706_container\" class=\"frm_form_field  frm_html_container form-field\">\n<p>Si desea domiciliar la cuota anual rellene los datos de su cuenta para la ORDEN BANCARIA del recibo presentado por la Asociaci\u00f3n Espa\u00f1ola de Monta a la Amazona<\/p>\n<\/div>\n<div id=\"frm_field_707_container\" class=\"frm_form_field form-field  frm_top_container\">\r\n    <label for=\"field_wt5ix2\" id=\"field_wt5ix2_label\" class=\"frm_primary_label\">IBAN\r\n        <span class=\"frm_required\" aria-hidden=\"true\"><\/span>\r\n    <\/label>\r\n    <input type=\"text\" id=\"field_wt5ix2\" name=\"item_meta[707]\" value=\"\"  data-invmsg=\"Texto no es v\u00e1lido\" aria-invalid=\"false\"  \/>\r\n    \r\n    \r\n<\/div>\n<div id=\"frm_field_708_container\" class=\"frm_form_field form-field  frm_top_container\">\r\n    <label for=\"field_3qyer2\" id=\"field_3qyer2_label\" class=\"frm_primary_label\">Titular de la cuenta\r\n        <span class=\"frm_required\" aria-hidden=\"true\"><\/span>\r\n    <\/label>\r\n    <input type=\"text\" id=\"field_3qyer2\" name=\"item_meta[708]\" value=\"\"  data-invmsg=\"Texto no es v\u00e1lido\" aria-invalid=\"false\"  \/>\r\n    \r\n    \r\n<\/div>\n<div id=\"frm_field_709_container\" class=\"frm_form_field form-field  frm_top_container\">\r\n    <label for=\"field_dtl0n2\" id=\"field_dtl0n2_label\" class=\"frm_primary_label\">Banco o Caja\r\n        <span class=\"frm_required\" aria-hidden=\"true\"><\/span>\r\n    <\/label>\r\n    <input type=\"text\" id=\"field_dtl0n2\" name=\"item_meta[709]\" value=\"\"  data-invmsg=\"Texto no es v\u00e1lido\" aria-invalid=\"false\"  \/>\r\n    \r\n    \r\n<\/div>\n<div id=\"frm_field_710_container\" class=\"frm_form_field form-field  frm_top_container frm_half frm_alignright\">\r\n    <label for=\"field_vf06r2\" id=\"field_vf06r2_label\" class=\"frm_primary_label\">Fecha\r\n        <span class=\"frm_required\" aria-hidden=\"true\"><\/span>\r\n    <\/label>\r\n    <input type=\"text\" id=\"field_vf06r2\" name=\"item_meta[710]\" value=\"\"  data-invmsg=\"Texto no es v\u00e1lido\" aria-invalid=\"false\"  \/>\r\n    \r\n    \r\n<\/div>\n<div id=\"frm_field_711_container\" class=\"frm_form_field  frm_html_container form-field\">\n<hr style=\"height: 2px; background-color: #6868b2;\" \/><\/div>\n<div id=\"frm_field_712_container\" class=\"frm_form_field  frm_html_container form-field\"><span style=\"font-size: 12px;\">La informaci\u00f3n recogida en este formulario ser\u00e1 utilizada exclusivamente para los fines de la asociaci\u00f3n y puede ser modificada o anulada por el titular en la sede social de la Asociaci\u00f3n.<\/span><br \/>\n<span style=\"font-size: 12px;\"><a href=\"https:\/\/monta-amazona.x10.mx\/club\/privacy-policy\/\">Politica de Privacidad<\/a><\/span><\/div>\n<div id=\"frm_field_713_container\" class=\"frm_form_field  frm_html_container form-field\"><span style=\"font-size: 16px;\">Conexi\u00f3n Segura SSL<\/span><\/p>\n<p><img decoding=\"async\" src=\"https:\/\/www.monta-amazona.com\/clubaema1\/wp-content\/uploads\/files\/images\/sectigo_trust_seal_sm_82x32-80x32-1.png\" alt=\"\" \/><\/div>\n<div id=\"frm_field_714_container\" class=\"frm_form_field  frm_html_container form-field\">\n<hr style=\"height: 2px; background-color: #6868b2;\" \/><\/div>\n<div id=\"frm_field_715_container\" class=\"frm_form_field form-field \">\n\t<div class=\"frm_submit\">\r\n\r\n<button class=\"frm_button_submit\" type=\"submit\"  >Enviar<\/button>\r\n\r\n\r\n<\/div>\n<\/div>\n\t<input type=\"hidden\" name=\"item_key\" value=\"\" \/>\n\t\t\t<div id=\"frm_field_1150_container\">\n\t\t\t<label for=\"field_mdoax\" >\n\t\t\t\tSi eres humano, deja este campo en blanco.\t\t\t<\/label>\n\t\t\t<input  id=\"field_mdoax\" type=\"text\" class=\"frm_form_field form-field frm_verify\" name=\"item_meta[1150]\" value=\"\"  \/>\n\t\t<\/div>\n\t\t<input name=\"frm_state\" type=\"hidden\" value=\"e8RBtNLHOgtGmqv2mtYvgSc6DNZbQ\/vKQQQgg5UXo4k=\" \/><\/div>\n<\/fieldset>\n<\/div>\n\n<\/form>\n<\/div>\n\n<hr \/>\n<p>Si desea renovar mediante transferencia bancaria<\/p>\n<p>IBAN ES85 3081 0331 1729 7328 8323<br \/>\nBIC: ERSVES22<br \/>\nTitular: Asociaci\u00f3n Espa\u00f1ola de Monta a la Amazona<br \/>\nEntidad: EuroCaja Rural<\/p>\n","protected":false},"excerpt":{"rendered":"<p><span style=\"font-size: 14pt;\">Renovaci\u00f3n Cuota Anual 2024<\/span><\/p>\n<p><span style=\"font-size: 10pt;\"> Por favor, rellene y env\u00ede los apartados email, m\u00f3vil, nombre y apellido del formulario m\u00e1s abajo.<br \/>\nLos dem\u00e1s apartados solo es necesario rellenarlos si han cambiado desde el a\u00f1o anterior.<\/span><\/p>\n<p><span style=\"font-size: 10pt;\">Si se inscribe por primera vez como Socia Nueva, h\u00e1galo <a href=\"https:\/\/www.monta-amazona.com\/clubaema1\/product\/socia-2024\/\">aqu\u00ed<\/a>.<\/span><\/p>\n","protected":false},"featured_media":6228,"comment_status":"open","ping_status":"closed","template":"","meta":{"_kadence_starter_templates_imported_post":false,"_kad_post_transparent":"default","_kad_post_title":"","_kad_post_layout":"default","_kad_post_sidebar_id":"","_kad_post_content_style":"default","_kad_post_vertical_padding":"default","_kad_post_feature":"","_kad_post_feature_position":"","_kad_post_header":false,"_kad_post_footer":false,"_kad_post_classname":""},"product_brand":[],"product_cat":[63],"product_tag":[67],"class_list":{"0":"post-6231","1":"product","2":"type-product","3":"status-publish","4":"has-post-thumbnail","6":"product_cat-renova","7":"product_tag-renovar-cuota","9":"first","10":"outofstock","11":"virtual","12":"purchasable","13":"product-type-simple","14":"entry","15":"content-bg","16":"loop-entry"},"_links":{"self":[{"href":"https:\/\/www.monta-amazona.com\/clubaema1\/wp-json\/wp\/v2\/product\/6231","targetHints":{"allow":["GET"]}}],"collection":[{"href":"https:\/\/www.monta-amazona.com\/clubaema1\/wp-json\/wp\/v2\/product"}],"about":[{"href":"https:\/\/www.monta-amazona.com\/clubaema1\/wp-json\/wp\/v2\/types\/product"}],"replies":[{"embeddable":true,"href":"https:\/\/www.monta-amazona.com\/clubaema1\/wp-json\/wp\/v2\/comments?post=6231"}],"wp:featuredmedia":[{"embeddable":true,"href":"https:\/\/www.monta-amazona.com\/clubaema1\/wp-json\/wp\/v2\/media\/6228"}],"wp:attachment":[{"href":"https:\/\/www.monta-amazona.com\/clubaema1\/wp-json\/wp\/v2\/media?parent=6231"}],"wp:term":[{"taxonomy":"product_brand","embeddable":true,"href":"https:\/\/www.monta-amazona.com\/clubaema1\/wp-json\/wp\/v2\/product_brand?post=6231"},{"taxonomy":"product_cat","embeddable":true,"href":"https:\/\/www.monta-amazona.com\/clubaema1\/wp-json\/wp\/v2\/product_cat?post=6231"},{"taxonomy":"product_tag","embeddable":true,"href":"https:\/\/www.monta-amazona.com\/clubaema1\/wp-json\/wp\/v2\/product_tag?post=6231"}],"curies":[{"name":"wp","href":"https:\/\/api.w.org\/{rel}","templated":true}]}}