{"id":6232,"date":"2023-12-29T04:11:35","date_gmt":"2023-12-29T04:11:35","guid":{"rendered":"https:\/\/www.monta-amazona.com\/clubaema1\/?post_type=product&#038;p=6232"},"modified":"2023-12-29T04:11:35","modified_gmt":"2023-12-29T04:11:35","slug":"socia-2024","status":"publish","type":"product","link":"https:\/\/www.monta-amazona.com\/clubaema1\/product\/socia-2024\/","title":{"rendered":"Socia 2024"},"content":{"rendered":"<p><span style=\"font-size: 14pt;\">Inscripci\u00f3n Nueva Socia 2024<\/span><\/p>\n<p>Por favor, rellene los apartados del formulario siguiente y env\u00edelo antes de realizar el pago.<\/p>\n<p><span style=\"font-size: 10pt;\">Si ya es o ha sido Socia con anterioridad, puede renovar su cuota anual <a href=\"https:\/\/www.monta-amazona.com\/clubaema1\/product\/renova-2024\/\">aqu\u00ed<\/a>.<\/span><\/p>\n<div class=\"frm_forms \" id=\"frm_form_31_container\" data-token=\"15d36b8dc987eaef265c1578aa63eeb5\">\n<form enctype=\"multipart\/form-data\" method=\"post\" class=\"frm-show-form \" id=\"form_socia2024\" data-token=\"15d36b8dc987eaef265c1578aa63eeb5\">\n<div class=\"frm_form_fields \">\n<fieldset>\n<legend class=\"frm_screen_reader\">Socia 2024<\/legend>\n\n<div class=\"frm_fields_container\">\n<input type=\"hidden\" name=\"frm_action\" value=\"create\" \/>\n<input type=\"hidden\" name=\"form_id\" value=\"31\" \/>\n<input type=\"hidden\" name=\"frm_hide_fields_31\" id=\"frm_hide_fields_31\" value=\"\" \/>\n<input type=\"hidden\" name=\"form_key\" value=\"socia2024\" \/>\n<input type=\"hidden\" name=\"item_meta[0]\" value=\"\" \/>\n<input type=\"hidden\" id=\"frm_submit_entry_31\" name=\"frm_submit_entry_31\" value=\"14a931e232\" \/><input type=\"hidden\" name=\"_wp_http_referer\" value=\"\/clubaema1\/wp-json\/wp\/v2\/product\/6232\" \/><div id=\"frm_field_647_container\" class=\"frm_form_field  frm_html_container form-field\"><img loading=\"lazy\" decoding=\"async\" class=\"aligncenter\" src=\"https:\/\/www.monta-amazona.com\/clubaema1\/wp-content\/uploads\/files\/images\/LogoAEMAColor_33.png\" alt=\"Logo AEMA\" width=\"150\" height=\"150\" \/><\/div>\n<div id=\"frm_field_648_container\" class=\"frm_form_field  frm_html_container form-field\"><span style=\"font-size: 14pt;\"> Inscripci\u00f3n <\/span><span style=\"font-size: 14pt;\"><strong>Socia 2024<\/strong><\/span><br \/>\ncuota anual <strong>35\u20ac<\/strong><\/p>\n<p>validez hasta el 31 de diciembre 2024<\/p>\n<p>Por favor, rellene los apartados de este formulario, son necesarios para enviarle la informaci\u00f3n de la Asociaci\u00f3n y su carnet de Socia.<\/p>\n<p>Env\u00ede el formulario antes de realizar el pago.<br \/>\nEl formulario solo es v\u00e1lido una vez recibido el pago correspondiente.<\/p>\n<p><span style=\"font-size: 10pt;\">para cualquier aclaraci\u00f3n o duda, escriba a <em>aema.asociacion@gmail.com<\/em><\/span><\/div>\n<div id=\"frm_field_649_container\" class=\"frm_form_field form-field  frm_required_field frm_top_container frm_two_thirds\">\n\t<label for=\"field_gftuf\" id=\"field_gftuf_label\" class=\"frm_primary_label\">Correo eletr\u00f3nico\n\t\t<span class=\"frm_required\" aria-hidden=\"true\">*<\/span>\n\t<\/label>\n\t<input type=\"email\" id=\"field_gftuf\" name=\"item_meta[649]\" value=\"\"  data-reqmsg=\"Correo eletr\u00f3nico no puede estar en blanco.\" aria-required=\"true\" data-invmsg=\"Correo eletr\u00f3nico no es v\u00e1lido\" aria-invalid=\"false\"  \/>\n\t\n\t\n<\/div>\n<div id=\"frm_field_650_container\" class=\"frm_form_field form-field  frm_top_container frm_third\">\n\t<label for=\"field_mlf6z\" id=\"field_mlf6z_label\" class=\"frm_primary_label\">Tel\u00e9fono\n\t\t<span class=\"frm_required\" aria-hidden=\"true\"><\/span>\n\t<\/label>\n\t<input type=\"text\" id=\"field_mlf6z\" name=\"item_meta[650]\" value=\"\"  data-invmsg=\"Tel\u00e9fono no es v\u00e1lido\" aria-invalid=\"false\"  \/>\n\t\n\t\n<\/div>\n<div id=\"frm_field_651_container\" class=\"frm_form_field  frm_html_container form-field\">Por favor, no se olvide de proporcionar un email v\u00e1lido.<br \/>\nRecibir\u00e1 toda la informaci\u00f3n de eventos, cursos, promociones, as\u00ed como su carnet y toda informaci\u00f3n relevante mediante e-mail.<\/div>\n<div id=\"frm_field_652_container\" class=\"frm_form_field form-field  frm_required_field frm_top_container\">\n\t<div  id=\"field_gkm88_label\" class=\"frm_primary_label\">Nombre\n\t\t<span class=\"frm_required\" aria-hidden=\"true\">*<\/span>\n\t<\/div>\n\t<fieldset aria-labelledby=\"field_gkm88_label\">\n\t<legend class=\"frm_screen_reader frm_hidden\">\n\t\tNombre\t<\/legend>\n\n\t<div  class=\"frm_combo_inputs_container\" id=\"frm_combo_inputs_container_652\" data-name-layout=\"first_last\">\n\t\t\t\t\t<div\n\t\t\t\tid=\"frm_field_652-first_container\"\n\t\t\t\tclass=\"frm_form_field form-field frm_form_subfield-first  frm6\"\n\t\t\t\tdata-sub-field-name=\"first\"\n\t\t\t>\n\t\t\t\t<label for=\"field_gkm88_first\" class=\"frm_screen_reader frm_hidden\">\n\t\t\t\t\tNombre\t\t\t\t<\/label>\n\n\t\t\t\t<input  type=\"text\" id=\"field_gkm88_first\" value=\"\" name=\"item_meta[652][first]\" autocomplete=\"given-name\" data-reqmsg=\"Nombre no puede estar en blanco.\" aria-required=\"true\" data-invmsg=\"Nombre no es v\u00e1lido\" aria-invalid=\"false\"  \/><div class=\"frm_description\" id=\"frm_field_652_first_desc\">Nombre<\/div>\t\t\t<\/div>\n\t\t\t\t\t\t<div\n\t\t\t\tid=\"frm_field_652-last_container\"\n\t\t\t\tclass=\"frm_form_field form-field frm_form_subfield-last  frm6\"\n\t\t\t\tdata-sub-field-name=\"last\"\n\t\t\t>\n\t\t\t\t<label for=\"field_gkm88_last\" class=\"frm_screen_reader frm_hidden\">\n\t\t\t\t\tApellidos\t\t\t\t<\/label>\n\n\t\t\t\t<input  type=\"text\" id=\"field_gkm88_last\" value=\"\" name=\"item_meta[652][last]\" autocomplete=\"family-name\" data-reqmsg=\"Nombre no puede estar en blanco.\" aria-required=\"true\" data-invmsg=\"Nombre no es v\u00e1lido\" aria-invalid=\"false\"  \/><div class=\"frm_description\" id=\"frm_field_652_last_desc\">Apellidos<\/div>\t\t\t<\/div>\n\t\t\t\t<\/div>\n<\/fieldset>\n\n\t\n\t\n<\/div>\n<div id=\"frm_field_653_container\" class=\"frm_form_field form-field  frm_required_field frm_top_container\">\n\t<label for=\"field_15my7\" id=\"field_15my7_label\" class=\"frm_primary_label\">Direcci\u00f3n\n\t\t<span class=\"frm_required\" aria-hidden=\"true\">*<\/span>\n\t<\/label>\n\t<input type=\"text\" id=\"field_15my7\" name=\"item_meta[653]\" value=\"\"  data-reqmsg=\"Direcci\u00f3n no puede estar en blanco.\" aria-required=\"true\" data-invmsg=\"Direcci\u00f3n no es v\u00e1lido\" aria-invalid=\"false\"  \/>\n\t\n\t\n<\/div>\n<div id=\"frm_field_654_container\" class=\"frm_form_field form-field  frm_top_container\">\n\t<label for=\"field_jaybg\" id=\"field_jaybg_label\" class=\"frm_primary_label\">Direcci\u00f3n\n\t\t<span class=\"frm_required\" aria-hidden=\"true\"><\/span>\n\t<\/label>\n\t<input type=\"text\" id=\"field_jaybg\" name=\"item_meta[654]\" value=\"\"  data-invmsg=\"Direcci\u00f3n no es v\u00e1lido\" aria-invalid=\"false\"  \/>\n\t\n\t\n<\/div>\n<div id=\"frm_field_655_container\" class=\"frm_form_field form-field  frm_required_field frm_top_container frm_fourth\">\n\t<label for=\"field_g8n3x\" id=\"field_g8n3x_label\" class=\"frm_primary_label\">C\u00f3digo Postal\n\t\t<span class=\"frm_required\" aria-hidden=\"true\">*<\/span>\n\t<\/label>\n\t<input type=\"text\" id=\"field_g8n3x\" name=\"item_meta[655]\" value=\"\"  data-reqmsg=\"C\u00f3digo Postal no puede estar en blanco.\" aria-required=\"true\" data-invmsg=\"C\u00f3digo Postal no es v\u00e1lido\" aria-invalid=\"false\"  \/>\n\t\n\t\n<\/div>\n<div id=\"frm_field_656_container\" class=\"frm_form_field form-field  frm_required_field frm_top_container frm_three_fourths\">\n\t<label for=\"field_n2a0t\" id=\"field_n2a0t_label\" class=\"frm_primary_label\">Ciudad\n\t\t<span class=\"frm_required\" aria-hidden=\"true\">*<\/span>\n\t<\/label>\n\t<input type=\"text\" id=\"field_n2a0t\" name=\"item_meta[656]\" value=\"\"  data-reqmsg=\"Ciudad no puede estar en blanco.\" aria-required=\"true\" data-invmsg=\"Ciudad no es v\u00e1lido\" aria-invalid=\"false\"  \/>\n\t\n\t\n<\/div>\n<div id=\"frm_field_657_container\" class=\"frm_form_field form-field  frm_top_container\">\n\t<label for=\"field_zy1ss\" id=\"field_zy1ss_label\" class=\"frm_primary_label\">Provincia\/Regi\u00f3n\n\t\t<span class=\"frm_required\" aria-hidden=\"true\"><\/span>\n\t<\/label>\n\t<input type=\"text\" id=\"field_zy1ss\" name=\"item_meta[657]\" value=\"\"  data-invmsg=\"Provincia\/Regi\u00f3n no es v\u00e1lido\" aria-invalid=\"false\"  \/>\n\t\n\t\n<\/div>\n<div id=\"frm_field_658_container\" class=\"frm_form_field form-field  frm_top_container\">\n\t<label for=\"field_iathp\" id=\"field_iathp_label\" class=\"frm_primary_label\">Pa\u00eds\n\t\t<span class=\"frm_required\" aria-hidden=\"true\"><\/span>\n\t<\/label>\n\t<input type=\"text\" id=\"field_iathp\" name=\"item_meta[658]\" value=\"\"  data-invmsg=\"Pa\u00eds no es v\u00e1lido\" aria-invalid=\"false\"   aria-describedby=\"frm_desc_field_iathp\"\/>\n\t<div class=\"frm_description\" id=\"frm_desc_field_iathp\">rellene este apartado si su pa\u00eds es otro que Espa\u00f1a<\/div>\n\t\n<\/div>\n<div id=\"frm_field_659_container\" class=\"frm_form_field form-field  frm_top_container\">\n\t<label for=\"field_y4d19\" id=\"field_y4d19_label\" class=\"frm_primary_label\">Perfil de facebook URL : www.facebook.com\/nombre.apellido o c\u00f3digo\n\t\t<span class=\"frm_required\" aria-hidden=\"true\"><\/span>\n\t<\/label>\n\t<input type=\"text\" id=\"field_y4d19\" name=\"item_meta[659]\" value=\"\"  data-invmsg=\"Perfil de facebook URL : www.facebook.com\/nombre.apellido o c\u00f3digo no es v\u00e1lido\" aria-invalid=\"false\"  \/>\n\t\n\t\n<\/div>\n<div id=\"frm_field_660_container\" class=\"frm_form_field  frm_html_container form-field\">\n<hr style=\"height: 2px; background-color: #6868b2;\" \/><\/div>\n<div id=\"frm_field_661_container\" class=\"frm_form_field  frm_html_container form-field\"><span style=\"font-size: 14pt;\">Silla de Amazona, tipo y n\u00famero<\/span><\/div>\n<div id=\"frm_field_662_container\" class=\"frm_form_field form-field  frm_top_container frm3 frm_first vertical_radio\">\n\t<div  id=\"field_m4fz6_label\" class=\"frm_primary_label\">Tipos de Silla\n\t\t<span class=\"frm_required\" aria-hidden=\"true\"><\/span>\n\t<\/div>\n\t<div class=\"frm_opt_container\" aria-labelledby=\"field_m4fz6_label\" role=\"group\">\t\t<div class=\"frm_checkbox\" id=\"frm_checkbox_662-0\">\t\t\t<label  for=\"field_m4fz6-0\">\n\t\t\t<input type=\"checkbox\" name=\"item_meta[662][]\" id=\"field_m4fz6-0\" value=\"Inglesa\"  data-invmsg=\"Tipos de Silla no es v\u00e1lido\"   \/> Inglesa<\/label><\/div>\n\t\t<div class=\"frm_checkbox\" id=\"frm_checkbox_662-1\">\t\t\t<label  for=\"field_m4fz6-1\">\n\t\t\t<input type=\"checkbox\" name=\"item_meta[662][]\" id=\"field_m4fz6-1\" value=\"Vaquera\"  data-invmsg=\"Tipos de Silla no es v\u00e1lido\"   \/> Vaquera<\/label><\/div>\n\t\t<div class=\"frm_checkbox\" id=\"frm_checkbox_662-2\">\t\t\t<label  for=\"field_m4fz6-2\">\n\t\t\t<input type=\"checkbox\" name=\"item_meta[662][]\" id=\"field_m4fz6-2\" value=\"Otra\"  data-invmsg=\"Tipos de Silla no es v\u00e1lido\"   \/> Otra<\/label><\/div>\n<\/div>\n\t\n\t\n<\/div>\n<div id=\"frm_field_663_container\" class=\"frm_form_field form-field  frm_top_container frm3\">\n\t<label for=\"field_8x14o\" id=\"field_8x14o_label\" class=\"frm_primary_label\">Inglesa N\u00ba\n\t\t<span class=\"frm_required\" aria-hidden=\"true\"><\/span>\n\t<\/label>\n\t\t\t<select name=\"item_meta[663]\" id=\"field_8x14o\"  data-invmsg=\"Inglesa N\u00ba no es v\u00e1lido\" aria-invalid=\"false\"  >\n\t\t<option  value=\"\" selected='selected'> <\/option><option  value=\"1\">1<\/option><option  value=\"2\">2<\/option><option  value=\"3\">3<\/option><option  value=\"4\">4<\/option><option  value=\"5\">5<\/option><option  value=\"6\">6<\/option><option  value=\"7\">7<\/option><option  value=\"8\">8<\/option><option  value=\"9\">9<\/option>\t<\/select>\n\t\n\t\n\t\n<\/div>\n<div id=\"frm_field_664_container\" class=\"frm_form_field form-field  frm_top_container frm3\">\n\t<label for=\"field_9bgv0\" id=\"field_9bgv0_label\" class=\"frm_primary_label\">Vaquera n\u00ba\n\t\t<span class=\"frm_required\" aria-hidden=\"true\"><\/span>\n\t<\/label>\n\t\t\t<select name=\"item_meta[664]\" id=\"field_9bgv0\"  data-invmsg=\"Vaquera n\u00ba no es v\u00e1lido\" aria-invalid=\"false\"  >\n\t\t<option  value=\"\" selected='selected'> <\/option><option  value=\"1\">1<\/option><option  value=\"2\">2<\/option><option  value=\"3\">3<\/option><option  value=\"4\">4<\/option><option  value=\"5\">5<\/option><option  value=\"6\">6<\/option><option  value=\"7\">7<\/option><option  value=\"8\">8<\/option><option  value=\"9\">9<\/option>\t<\/select>\n\t\n\t\n\t\n<\/div>\n<div id=\"frm_field_665_container\" class=\"frm_form_field form-field  frm_top_container frm3\">\n\t<label for=\"field_sahou\" id=\"field_sahou_label\" class=\"frm_primary_label\">Otra n\u00ba\n\t\t<span class=\"frm_required\" aria-hidden=\"true\"><\/span>\n\t<\/label>\n\t\t\t<select name=\"item_meta[665]\" id=\"field_sahou\"  data-invmsg=\"Otra n\u00ba no es v\u00e1lido\" aria-invalid=\"false\"  >\n\t\t<option  value=\"\" selected='selected'> <\/option><option  value=\"1\">1<\/option><option  value=\"2\">2<\/option><option  value=\"3\">3<\/option><option  value=\"4\">4<\/option><option  value=\"5\">5<\/option><option  value=\"6\">6<\/option><option  value=\"7\">7<\/option><option  value=\"8\">8<\/option><option  value=\"9\">9<\/option>\t<\/select>\n\t\n\t\n\t\n<\/div>\n<div id=\"frm_field_666_container\" class=\"frm_form_field form-field  frm_top_container\">\n\t<label for=\"field_yh7e6\" id=\"field_yh7e6_label\" class=\"frm_primary_label\">Descripci\u00f3n de la(s) silla(s) \u00b7 Marca \u00b7 Modelo \u00b7 Tama\u00f1o \u00b7 A\u00f1o\n\t\t<span class=\"frm_required\" aria-hidden=\"true\"><\/span>\n\t<\/label>\n\t<textarea name=\"item_meta[666]\" id=\"field_yh7e6\" rows=\"5\"  data-invmsg=\"Descripci\u00f3n de la(s) silla(s) \u00b7 Marca \u00b7 Modelo \u00b7 Tama\u00f1o \u00b7 A\u00f1o no es v\u00e1lido\" aria-invalid=\"false\"  ><\/textarea>\n\t\n\t\n<\/div>\n<div id=\"frm_field_667_container\" class=\"frm_form_field  frm_html_container form-field\">\n<hr style=\"height: 2px; background-color: #6868b2;\" data-mce-style=\"height: 2px; background-color: #6868b2;\"><\/div>\n<div id=\"frm_field_668_container\" class=\"frm_form_field  frm_html_container form-field\">\u00bfC\u00f3mo conoci\u00f3 la Asociaci\u00f3n?<\/div>\n<div id=\"frm_field_669_container\" class=\"frm_form_field form-field  frm_top_container frm6 frm_first vertical_radio\">\n\t<div  id=\"field_vkz5p_label\" class=\"frm_primary_label\">\n\t\t<span class=\"frm_required\" aria-hidden=\"true\"><\/span>\n\t<\/div>\n\t<div class=\"frm_opt_container\" aria-labelledby=\"field_vkz5p_label\" role=\"group\">\t\t<div class=\"frm_checkbox\" id=\"frm_checkbox_669-0\">\t\t\t<label  for=\"field_vkz5p-0\">\n\t\t\t<input type=\"checkbox\" name=\"item_meta[669][]\" id=\"field_vkz5p-0\" value=\"por Internet \/ Web \/ Foro\"  data-invmsg=\"Este campo no es v\u00e1lido\"   \/> por Internet \/ Web \/ Foro<\/label><\/div>\n\t\t<div class=\"frm_checkbox\" id=\"frm_checkbox_669-1\">\t\t\t<label  for=\"field_vkz5p-1\">\n\t\t\t<input type=\"checkbox\" name=\"item_meta[669][]\" id=\"field_vkz5p-1\" value=\"viendo una exhibici\u00f3n de AEMA\"  data-invmsg=\"Este campo no es v\u00e1lido\"   \/> viendo una exhibici\u00f3n de AEMA<\/label><\/div>\n\t\t<div class=\"frm_checkbox\" id=\"frm_checkbox_669-2\">\t\t\t<label  for=\"field_vkz5p-2\">\n\t\t\t<input type=\"checkbox\" name=\"item_meta[669][]\" id=\"field_vkz5p-2\" value=\"folleto \/ publicidad\"  data-invmsg=\"Este campo no es v\u00e1lido\"   \/> folleto \/ publicidad<\/label><\/div>\n<\/div>\n\t\n\t\n<\/div>\n<div id=\"frm_field_670_container\" class=\"frm_form_field form-field  frm_top_container frm6 vertical_radio\">\n\t<div  id=\"field_jmymu_label\" class=\"frm_primary_label\">\n\t\t<span class=\"frm_required\" aria-hidden=\"true\"><\/span>\n\t<\/div>\n\t<div class=\"frm_opt_container\" aria-labelledby=\"field_jmymu_label\" role=\"group\">\t\t<div class=\"frm_checkbox\" id=\"frm_checkbox_670-0\">\t\t\t<label  for=\"field_jmymu-0\">\n\t\t\t<input type=\"checkbox\" name=\"item_meta[670][]\" id=\"field_jmymu-0\" value=\"prensa \/ medios informativos\"  data-invmsg=\"Este campo no es v\u00e1lido\"   \/> prensa \/ medios informativos<\/label><\/div>\n\t\t<div class=\"frm_checkbox\" id=\"frm_checkbox_670-1\">\t\t\t<label  for=\"field_jmymu-1\">\n\t\t\t<input type=\"checkbox\" name=\"item_meta[670][]\" id=\"field_jmymu-1\" value=\"asist\u00ed a un curso o conferencia\"  data-invmsg=\"Este campo no es v\u00e1lido\"   \/> asist\u00ed a un curso o conferencia<\/label><\/div>\n\t\t<div class=\"frm_checkbox\" id=\"frm_checkbox_670-2\">\t\t\t<label  for=\"field_jmymu-2\">\n\t\t\t<input type=\"checkbox\" name=\"item_meta[670][]\" id=\"field_jmymu-2\" value=\"me hablaron de ella\"  data-invmsg=\"Este campo no es v\u00e1lido\"   \/> me hablaron de ella<\/label><\/div>\n<\/div>\n\t\n\t\n<\/div>\n<div id=\"frm_field_671_container\" class=\"frm_form_field form-field  frm_top_container frm_fourth vertical_radio\">\n\t<div  id=\"field_r1979_label\" class=\"frm_primary_label\">\n\t\t<span class=\"frm_required\" aria-hidden=\"true\"><\/span>\n\t<\/div>\n\t<div class=\"frm_opt_container\" aria-labelledby=\"field_r1979_label\" role=\"group\">\t\t<div class=\"frm_checkbox\" id=\"frm_checkbox_671-0\">\t\t\t<label  for=\"field_r1979-0\">\n\t\t\t<input type=\"checkbox\" name=\"item_meta[671][]\" id=\"field_r1979-0\" value=\"Otro medio\"  data-invmsg=\"Este campo no es v\u00e1lido\"   \/> Otro medio<\/label><\/div>\n<\/div>\n\t\n\t\n<\/div>\n<div id=\"frm_field_672_container\" class=\"frm_form_field form-field  frm_top_container frm_three_fourths\">\n\t<label for=\"field_8wvb3\" id=\"field_8wvb3_label\" class=\"frm_primary_label\">Describa cual\n\t\t<span class=\"frm_required\" aria-hidden=\"true\"><\/span>\n\t<\/label>\n\t<textarea name=\"item_meta[672]\" id=\"field_8wvb3\" rows=\"5\"  data-invmsg=\"Describa cual no es v\u00e1lido\" aria-invalid=\"false\"  ><\/textarea>\n\t\n\t\n<\/div>\n<div id=\"frm_field_673_container\" class=\"frm_form_field  frm_html_container form-field\">\n<hr style=\"height: 2px; background-color: #6868b2;\" \/><\/div>\n<div id=\"frm_field_674_container\" class=\"frm_form_field  frm_html_container form-field\"><span style=\"font-size: 14pt;\"><u>Domiciliaci\u00f3n Bancaria<\/u><\/span><br \/>\n<span style=\"font-size: 10pt;\">Si desea domiciliar la cuota anual rellene los datos de su cuenta para la ORDEN BANCARIA del recibo presentado por la Asociaci\u00f3n Espa\u00f1ola de Monta a la Amazona<\/span><\/div>\n<div id=\"frm_field_675_container\" class=\"frm_form_field form-field  frm_top_container\">\n\t<label for=\"field_a6up0\" id=\"field_a6up0_label\" class=\"frm_primary_label\">IBAN\n\t\t<span class=\"frm_required\" aria-hidden=\"true\"><\/span>\n\t<\/label>\n\t<input type=\"text\" id=\"field_a6up0\" name=\"item_meta[675]\" value=\"\"  data-invmsg=\"IBAN no es v\u00e1lido\" aria-invalid=\"false\"  \/>\n\t\n\t\n<\/div>\n<div id=\"frm_field_676_container\" class=\"frm_form_field form-field  frm_top_container\">\n\t<label for=\"field_dnp3u\" id=\"field_dnp3u_label\" class=\"frm_primary_label\">Titular de la cuenta\n\t\t<span class=\"frm_required\" aria-hidden=\"true\"><\/span>\n\t<\/label>\n\t<input type=\"text\" id=\"field_dnp3u\" name=\"item_meta[676]\" value=\"\"  data-invmsg=\"Titular de la cuenta no es v\u00e1lido\" aria-invalid=\"false\"  \/>\n\t\n\t\n<\/div>\n<div id=\"frm_field_677_container\" class=\"frm_form_field form-field  frm_top_container\">\n\t<label for=\"field_s3jzm\" id=\"field_s3jzm_label\" class=\"frm_primary_label\">Banco o Caja\n\t\t<span class=\"frm_required\" aria-hidden=\"true\"><\/span>\n\t<\/label>\n\t<input type=\"text\" id=\"field_s3jzm\" name=\"item_meta[677]\" value=\"\"  data-invmsg=\"Banco o Caja no es v\u00e1lido\" aria-invalid=\"false\"  \/>\n\t\n\t\n<\/div>\n<div id=\"frm_field_678_container\" class=\"frm_form_field form-field  frm_top_container frm_alignright frm6\">\n\t<label for=\"field_czbx8\" id=\"field_czbx8_label\" class=\"frm_primary_label\">Fecha\n\t\t<span class=\"frm_required\" aria-hidden=\"true\"><\/span>\n\t<\/label>\n\t<input type=\"text\" id=\"field_czbx8\" name=\"item_meta[678]\" value=\"\"  data-invmsg=\"Fecha no es v\u00e1lido\" aria-invalid=\"false\"  \/>\n\t\n\t\n<\/div>\n<div id=\"frm_field_679_container\" class=\"frm_form_field  frm_html_container form-field\">\n<hr style=\"height: 2px; background-color: #6868b2;\" \/><\/div>\n<div id=\"frm_field_680_container\" class=\"frm_form_field  frm_html_container form-field\"><span style=\"font-size: 12px;\">La informaci\u00f3n recogida en este formulario ser\u00e1 utilizada exclusivamente para los fines de la asociaci\u00f3n y puede ser modificada o anulada por el titular en la sede social de la Asociaci\u00f3n.<\/span><br \/>\n<span style=\"font-size: 12px;\"><a href=\"https:\/\/monta-amazona.x10.mx\/club\/privacy-policy\/\">Politica de Privacidad<\/a><\/span><\/div>\n<div id=\"frm_field_681_container\" class=\"frm_form_field  frm_html_container form-field\"><span style=\"font-size: 16px;\">Conexi\u00f3n Segura SSL<\/span><\/p>\n<p><img decoding=\"async\" src=\"https:\/\/www.monta-amazona.com\/clubaema1\/wp-content\/uploads\/files\/images\/sectigo_trust_seal_sm_82x32-80x32-1.png\" alt=\"\" \/><\/div>\n<div id=\"frm_field_682_container\" class=\"frm_form_field  frm_html_container form-field\">\n<hr style=\"height: 2px; background-color: #6868b2;\" \/><\/div>\n<div id=\"frm_field_683_container\" class=\"frm_form_field form-field \">\n\t<div class=\"frm_submit\">\n\n<button class=\"frm_button_submit\" type=\"submit\"  >Enviar<\/button>\n\n\n<\/div>\n<\/div>\n\t<input type=\"hidden\" name=\"item_key\" value=\"\" \/>\n\t\t\t<div id=\"frm_field_1150_container\">\n\t\t\t<label for=\"field_ntgo8\" >\n\t\t\t\tSi eres humano, deja este campo en blanco.\t\t\t<\/label>\n\t\t\t<input  id=\"field_ntgo8\" type=\"text\" class=\"frm_form_field form-field frm_verify\" name=\"item_meta[1150]\" value=\"\"  \/>\n\t\t<\/div>\n\t\t<input name=\"frm_state\" type=\"hidden\" value=\"e8RBtNLHOgtGmqv2mtYvgSc6DNZbQ\/vKQQQgg5UXo4k=\" \/><\/div>\n<\/fieldset>\n<\/div>\n\n<\/form>\n<\/div>\n\n<hr \/>\n<p><span style=\"font-size: 12pt;\">Si prefiere el formulario en formato tradicional,<\/span><br \/>\n<span style=\"font-size: 12pt;\"><span style=\"color: black;\"><em>para rellenar a mano<\/em><\/span><\/span><br \/>\n<span style=\"font-size: 12pt;\">descargue <strong><a href=\"https:\/\/www.monta-amazona.com\/clubaema1\/wp-content\/uploads\/files\/Inscrip-socias\/Socia2024_AEMA.pdf\">Impreso de Inscripci\u00f3n 2023 para Impresora<\/a><\/strong><\/span><\/p>\n<p><span style=\"font-size: 12pt;\"><span style=\"color: black;\"><em>para rellenar en ordenador con programa Word<\/em><\/span><\/span><br \/>\n<span style=\"font-size: 12pt;\">descargue <a href=\"https:\/\/www.monta-amazona.com\/clubaema1\/wp-content\/uploads\/files\/Inscrip-socias\/Socia2024_AEMA.docx\/\"><strong>Impreso de Inscripci\u00f3n 2024 Word<\/strong><\/a> para ordenador<\/span><br \/>\n<span style=\"font-size: 10pt;\">puede rellenarse en ordenador sin necesidad de imprimir,<br \/>\nesta opci\u00f3n no funciona en m\u00f3vil, ni tableta<\/span><\/p>\n<p><span style=\"font-size: 12pt;\">Si desea realizar el ingreso mediante transferencia bancaria<\/span><\/p>\n<p><span style=\"font-size: 12pt;\">IBAN ES85 3081 0331 1729 7328 8323<br \/>\nBIC: ERSVES22<br \/>\nTitular: Asociaci\u00f3n Espa\u00f1ola de Monta a la Amazona<br \/>\nEntidad: EuroCaja Rural <\/span><\/p>\n<p>El formulario adquiere validez cuando se haya recibido el pago.<\/p>\n","protected":false},"excerpt":{"rendered":"<p><span style=\"font-size: 14pt;\">Inscripci\u00f3n Nueva Socia 2024<\/span><\/p>\n<p><span style=\"font-size: 8pt;\"> Por favor, rellene el formulario m\u00e1s abajo<\/span><\/p>\n<p><span style=\"font-size: 8pt;\">Si ya es Socia y desea renovar su cuota, h\u00e1galo <a href=\"https:\/\/www.monta-amazona.com\/clubaema1\/product\/renova-2024\/\">aqu\u00ed<\/a>.<\/span><\/p>\n","protected":false},"featured_media":6227,"comment_status":"open","ping_status":"closed","template":"","meta":{"_kadence_starter_templates_imported_post":false,"_kad_post_transparent":"default","_kad_post_title":"","_kad_post_layout":"default","_kad_post_sidebar_id":"","_kad_post_content_style":"default","_kad_post_vertical_padding":"default","_kad_post_feature":"","_kad_post_feature_position":"","_kad_post_header":false,"_kad_post_footer":false,"_kad_post_classname":""},"product_brand":[],"product_cat":[60],"product_tag":[98],"class_list":{"0":"post-6232","1":"product","2":"type-product","3":"status-publish","4":"has-post-thumbnail","6":"product_cat-asocia","7":"product_tag-nueva-socia","9":"first","10":"outofstock","11":"virtual","12":"purchasable","13":"product-type-simple","14":"entry","15":"content-bg","16":"loop-entry"},"_links":{"self":[{"href":"https:\/\/www.monta-amazona.com\/clubaema1\/wp-json\/wp\/v2\/product\/6232","targetHints":{"allow":["GET"]}}],"collection":[{"href":"https:\/\/www.monta-amazona.com\/clubaema1\/wp-json\/wp\/v2\/product"}],"about":[{"href":"https:\/\/www.monta-amazona.com\/clubaema1\/wp-json\/wp\/v2\/types\/product"}],"replies":[{"embeddable":true,"href":"https:\/\/www.monta-amazona.com\/clubaema1\/wp-json\/wp\/v2\/comments?post=6232"}],"wp:featuredmedia":[{"embeddable":true,"href":"https:\/\/www.monta-amazona.com\/clubaema1\/wp-json\/wp\/v2\/media\/6227"}],"wp:attachment":[{"href":"https:\/\/www.monta-amazona.com\/clubaema1\/wp-json\/wp\/v2\/media?parent=6232"}],"wp:term":[{"taxonomy":"product_brand","embeddable":true,"href":"https:\/\/www.monta-amazona.com\/clubaema1\/wp-json\/wp\/v2\/product_brand?post=6232"},{"taxonomy":"product_cat","embeddable":true,"href":"https:\/\/www.monta-amazona.com\/clubaema1\/wp-json\/wp\/v2\/product_cat?post=6232"},{"taxonomy":"product_tag","embeddable":true,"href":"https:\/\/www.monta-amazona.com\/clubaema1\/wp-json\/wp\/v2\/product_tag?post=6232"}],"curies":[{"name":"wp","href":"https:\/\/api.w.org\/{rel}","templated":true}]}}