{"id":6233,"date":"2024-03-03T11:00:59","date_gmt":"2024-03-03T11:00:59","guid":{"rendered":"https:\/\/www.monta-amazona.com\/clubaema1\/?post_type=product&#038;p=6233"},"modified":"2025-09-08T21:24:27","modified_gmt":"2025-09-08T21:24:27","slug":"inscrip-curso-240405-ns","status":"publish","type":"product","link":"https:\/\/www.monta-amazona.com\/clubaema1\/product\/inscrip-curso-240405-ns\/","title":{"rendered":"Inscripci\u00f3n Curso AEMA Sevilla 5-7 abr 24"},"content":{"rendered":"<p style=\"text-align: center;\"><span style=\"font-size: 14pt;\">Inscripci\u00f3n <span style=\"font-family: lucida sans unicode,lucida grande,sans-serif;\">Curso AEMA <strong>Sevilla<\/strong><\/span> 5-7 abril 2024<\/span><br \/>\n<span style=\"font-size: 14pt;\">Inscripci\u00f3n para -no Socias-<\/span><\/p>\n<p style=\"text-align: center;\"><span style=\"font-size: 14px;\">Inscripci\u00f3n para Socias AEMA <a href=\"https:\/\/www.monta-amazona.com\/clubaema1\/product\/inscrip-curso-240405-socias\/\"> aqu\u00ed<\/a><\/span><\/p>\n<p><span style=\"font-size: 12pt;\">Inscripci\u00f3n <strong>hasta 4 de abril<\/strong><\/span><br \/>\nEl plazo de reservas para las Comidas tanto para Asistentes al Curso y para acompa\u00f1antes tambi\u00e9n termina <strong>\u00a0el <span style=\"font-size: 12pt;\">4 de abril<\/span><\/strong><\/p>\n<p><span style=\"font-size: 12pt;\">Los acompa\u00f1antes y todas las personas que deseen permanecer durante el desarrollo del curso deben inscribirse como Oyentes<\/span><\/p>\n<p><span style=\"font-size: 16px;\">Elija las opciones de su elecci\u00f3n<\/span><\/p>\n<hr style=\"background: none; width: 50%; border-top: 2px solid #6868b2;\" align=\"left\" \/>\n<p><span style=\"font-size: 16px;\"><br \/>\nrellene y env\u00ede el siguiente formulario <\/span><\/p>\n<hr style=\"background: none; width: 50%; border-top: 2px solid #6868b2;\" align=\"left\" \/>\n<div class=\"frm_forms  with_frm_style frm_style_estilo-de-formidable\" id=\"frm_form_33_container\" data-token=\"15d36b8dc987eaef265c1578aa63eeb5\">\n<form enctype=\"multipart\/form-data\" method=\"post\" class=\"frm-show-form \" id=\"form_240405_sevilla_nosocias\" data-token=\"15d36b8dc987eaef265c1578aa63eeb5\">\n<div class=\"frm_form_fields \">\n<fieldset>\n<legend class=\"frm_screen_reader\">240405_Sevilla_NoSocias<\/legend>\r\n\r\n<div class=\"frm_fields_container\">\n<input type=\"hidden\" name=\"frm_action\" value=\"create\" \/>\n<input type=\"hidden\" name=\"form_id\" value=\"33\" \/>\n<input type=\"hidden\" name=\"frm_hide_fields_33\" id=\"frm_hide_fields_33\" value=\"\" \/>\n<input type=\"hidden\" name=\"form_key\" value=\"240405_sevilla_nosocias\" \/>\n<input type=\"hidden\" name=\"item_meta[0]\" value=\"\" \/>\n<input type=\"hidden\" id=\"frm_submit_entry_33\" name=\"frm_submit_entry_33\" value=\"14a931e232\" \/><input type=\"hidden\" name=\"_wp_http_referer\" value=\"\/clubaema1\/wp-json\/wp\/v2\/product\/6233\" \/><div id=\"frm_field_716_container\" class=\"frm_form_field  frm_html_container form-field\"><img loading=\"lazy\" decoding=\"async\" class=\"aligncenter\" src=\"https:\/\/www.monta-amazona.com\/clubaema1\/wp-content\/uploads\/files\/images\/LogoAEMAColor_33.png\" alt=\"Logo AEMA\" width=\"150\" height=\"150\" \/><\/div>\n<div id=\"frm_field_717_container\" class=\"frm_form_field  frm_html_container form-field\">\n<p style=\"text-align: center;\"><span style=\"font-family: verdana,geneva,sans-serif;\"><strong><u><span style=\"font-size: 18px;\">Curso AEMA Sevilla 5-7 abril 2024<\/span><\/u><\/strong><\/span><\/p>\n<p style=\"text-align: center;\"><span style=\"font-family: verdana,geneva,sans-serif;\"><span style=\"font-size: 14px;\">colabora <\/span><strong><u><span style=\"font-size: 18px;\">UEGH\u00e1<\/span><\/u><\/strong><span style=\"font-size: 18px;\"><br \/><\/span><\/span><span style=\"font-size: 14px;\"><span style=\"font-family: verdana,geneva,sans-serif;\">Union de Ganaderos de Caballos Hispano-\u00e1rabes<\/span><\/span><\/p>\n<p style=\"text-align: center;\"><span style=\"font-size: 16px;\"><u><strong>Inscripci\u00f3n para NO Socias<\/strong><\/u><\/span><\/p>\n<p style=\"text-align: center;\"><span style=\"font-size: 14px;\">Inscripci\u00f3n para Socias AEMA <a href=\"https:\/\/www.monta-amazona.com\/clubaema1\/product\/inscrip-curso-240405-socias\">aqu\u00ed<\/a><\/span><\/p>\n<hr style=\"background: none; border-top: 2px solid #6868b2;\" \/>\n<p>Por favor, rellene los apartados obligatorios <strong><span style=\"color: #ff0000;\"><span style=\"font-size: 18px;\">*<\/span><\/span><\/strong> de este formulario, son necesarios para identificar su pago y enviarle la informaci\u00f3n del Curso.<br \/><span style=\"font-size: 14px;\">Haga la suma e ingrese la cantidad en la cuenta AEMA cuyos datos figuran al pie de esta p\u00e1gina, indicando su nombre en el concepto.<\/span><br \/><span style=\"font-size: 14px;\">El formulario solo es v\u00e1lido una vez recibido el pago correspondiente.<\/span><br \/><span style=\"font-size: 14px;\">\u200bPara cualquier aclaraci\u00f3n o duda, escriba a <em>aema.asociacion@gmail.com\u200b<\/em><\/span><\/p>\n<\/div>\n<div id=\"frm_field_718_container\" class=\"frm_form_field form-field  frm_required_field frm_top_container\">\r\n    <div  id=\"field_hk9wm3_label\" class=\"frm_primary_label\">Nombre y Apellido\r\n        <span class=\"frm_required\" aria-hidden=\"true\">*<\/span>\r\n    <\/div>\r\n    <fieldset aria-labelledby=\"field_hk9wm3_label\">\n\t<legend class=\"frm_screen_reader frm_hidden\">\n\t\tNombre y Apellido\t<\/legend>\n\n\t<div  class=\"frm_combo_inputs_container\" id=\"frm_combo_inputs_container_718\" data-name-layout=\"first_last\">\n\t\t\t\t\t<div\n\t\t\t\tid=\"frm_field_718-first_container\"\n\t\t\t\tclass=\"frm_form_field form-field frm_form_subfield-first  frm6\"\n\t\t\t\tdata-sub-field-name=\"first\"\n\t\t\t>\n\t\t\t\t<label for=\"field_hk9wm3_first\" class=\"frm_screen_reader frm_hidden\">\n\t\t\t\t\tNombre\t\t\t\t<\/label>\n\n\t\t\t\t<input  type=\"text\" id=\"field_hk9wm3_first\" value=\"\" name=\"item_meta[718][first]\" autocomplete=\"given-name\" data-reqmsg=\"Este campo no puede estar en blanco.\" aria-required=\"true\" data-invmsg=\"Nombre y Apellido no es v\u00e1lido\" aria-invalid=\"false\"  \/><div class=\"frm_description\" id=\"frm_field_718_first_desc\">Nombre<\/div>\t\t\t<\/div>\n\t\t\t\t\t\t<div\n\t\t\t\tid=\"frm_field_718-last_container\"\n\t\t\t\tclass=\"frm_form_field form-field frm_form_subfield-last  frm6\"\n\t\t\t\tdata-sub-field-name=\"last\"\n\t\t\t>\n\t\t\t\t<label for=\"field_hk9wm3_last\" class=\"frm_screen_reader frm_hidden\">\n\t\t\t\t\tApellidos\t\t\t\t<\/label>\n\n\t\t\t\t<input  type=\"text\" id=\"field_hk9wm3_last\" value=\"\" name=\"item_meta[718][last]\" autocomplete=\"family-name\" data-reqmsg=\"Este campo no puede estar en blanco.\" aria-required=\"true\" data-invmsg=\"Nombre y Apellido no es v\u00e1lido\" aria-invalid=\"false\"  \/><div class=\"frm_description\" id=\"frm_field_718_last_desc\">Apellidos<\/div>\t\t\t<\/div>\n\t\t\t\t<\/div>\n<\/fieldset>\n\r\n    \r\n    \r\n<\/div>\n<div id=\"frm_field_719_container\" class=\"frm_form_field form-field  frm_required_field frm_top_container frm_three_fourths\">\r\n    <label for=\"field_t912a3\" id=\"field_t912a3_label\" class=\"frm_primary_label\">Correo electr\u00f3nico\r\n        <span class=\"frm_required\" aria-hidden=\"true\">*<\/span>\r\n    <\/label>\r\n    <input type=\"email\" id=\"field_t912a3\" name=\"item_meta[719]\" value=\"\"  data-reqmsg=\"Este campo no puede estar en blanco.\" aria-required=\"true\" data-invmsg=\"Correo electr\u00f3nico no es v\u00e1lido\" aria-invalid=\"false\"  \/>\r\n    \r\n    \r\n<\/div>\n<div id=\"frm_field_720_container\" class=\"frm_form_field form-field  frm_required_field frm_top_container frm_fourth\">\r\n    <label for=\"field_huepy3\" id=\"field_huepy3_label\" class=\"frm_primary_label\">Tel\u00e9fono\r\n        <span class=\"frm_required\" aria-hidden=\"true\">*<\/span>\r\n    <\/label>\r\n    <input type=\"text\" id=\"field_huepy3\" name=\"item_meta[720]\" value=\"\"  data-reqmsg=\"Este campo no puede estar en blanco.\" aria-required=\"true\" data-invmsg=\"Texto no es v\u00e1lido\" aria-invalid=\"false\"  \/>\r\n    \r\n    \r\n<\/div>\n<div id=\"frm_field_721_container\" class=\"frm_form_field  frm_html_container form-field\"><span style=\"font-size: 12px;\">Por favor, no se olvide de proporcionar un email v\u00e1lido y su n\u00famero de m\u00f3vil.<br \/>\nRecibir\u00e1 toda la informaci\u00f3n del curso mediante e-mail, y le avisaremos por tel\u00e9fono o mensajer\u00eda en caso de que haya alg\u00fan ajuste de \u00faltima hora.\u200b<\/span><\/div>\n<div id=\"frm_field_722_container\" class=\"frm_form_field  frm_html_container form-field\">\n<hr style=\"height: 2px; background-color: #6868b2;\" \/><\/div>\n<div id=\"frm_field_723_container\" class=\"frm_form_field  frm_html_container form-field\"><u><span style=\"font-family: verdana,geneva,sans-serif;\"><span style=\"font-size: 20px;\">Modalidad de Asistente al Curso AEMA<\/span><\/span><\/u><span style=\"font-family: verdana,geneva,sans-serif;\"><span style=\"font-size: 14px;\"><br \/>\n<span style=\"font-size: 12px;\">Marque una de las siguientes opciones de su elecci\u00f3n<\/span><\/span><\/span><\/div>\n<div id=\"frm_field_724_container\" class=\"frm_form_field form-field  frm_top_container vertical_radio\">\r\n    <div  id=\"field_4pxvw3_label\" class=\"frm_primary_label\">Modalidad de Asistente\r\n        <span class=\"frm_required\" aria-hidden=\"true\"><\/span>\r\n    <\/div>\r\n    <div class=\"frm_opt_container\" aria-labelledby=\"field_4pxvw3_label\" role=\"radiogroup\">\t\t<div class=\"frm_radio\" id=\"frm_radio_724-0\">\t\t\t<label  for=\"field_4pxvw3-0\">\n\t\t\t\t\t<input type=\"radio\" name=\"item_meta[724]\" id=\"field_4pxvw3-0\" value=\"No Socia - Oyente - 60\u20ac\"\n\t\t   data-invmsg=\"Modalidad de Asistente no es v\u00e1lido\"  \/> No Socia - Oyente - 60\u20ac<\/label><\/div>\n\t\t<div class=\"frm_radio\" id=\"frm_radio_724-2\">\t\t\t<label  for=\"field_4pxvw3-2\">\n\t\t\t\t\t<input type=\"radio\" name=\"item_meta[724]\" id=\"field_4pxvw3-2\" value=\"No Socia - Teor\u00eda + Pr\u00e1cticas  con caballo propio  -  115\u20ac\"\n\t\t   data-invmsg=\"Modalidad de Asistente no es v\u00e1lido\"  \/> No Socia - Teor\u00eda + Pr\u00e1cticas  con caballo propio  -  115\u20ac<\/label><\/div>\n\t\t<div class=\"frm_radio\" id=\"frm_radio_724-3\">\t\t\t<label  for=\"field_4pxvw3-3\">\n\t\t\t\t\t<input type=\"radio\" name=\"item_meta[724]\" id=\"field_4pxvw3-3\" value=\"No Socia - Teor\u00eda + Pr\u00e1cticas  con caballo del centro  -  140\u20ac\"\n\t\t   data-invmsg=\"Modalidad de Asistente no es v\u00e1lido\"  \/> No Socia - Teor\u00eda + Pr\u00e1cticas  con caballo del centro  -  140\u20ac<\/label><\/div>\n\t\t<div class=\"frm_radio\" id=\"frm_radio_724-4\">\t\t\t<label  for=\"field_4pxvw3-4\">\n\t\t\t\t\t<input type=\"radio\" name=\"item_meta[724]\" id=\"field_4pxvw3-4\" value=\"No Socia - Menor de 15 a\u00f1os con caballo propio - 95\u20ac\"\n\t\t   data-invmsg=\"Modalidad de Asistente no es v\u00e1lido\"  \/> No Socia - Menor de 15 a\u00f1os con caballo propio - 95\u20ac<\/label><\/div>\n\t\t<div class=\"frm_radio\" id=\"frm_radio_724-5\">\t\t\t<label  for=\"field_4pxvw3-5\">\n\t\t\t\t\t<input type=\"radio\" name=\"item_meta[724]\" id=\"field_4pxvw3-5\" value=\"No Socia - Menor de 15 a\u00f1os con caballo del centro - 120\u20ac\"\n\t\t   data-invmsg=\"Modalidad de Asistente no es v\u00e1lido\"  \/> No Socia - Menor de 15 a\u00f1os con caballo del centro - 120\u20ac<\/label><\/div>\n<\/div>\r\n    \r\n    \r\n<\/div>\n<div id=\"frm_field_725_container\" class=\"frm_form_field  frm_html_container form-field\">\n<hr style=\"height: 2px; background-color: #6868b2;\" \/><\/div>\n<div id=\"frm_field_726_container\" class=\"frm_form_field  frm_html_container form-field\"><u><span style=\"font-family: verdana,geneva,sans-serif;\"><span style=\"font-size: 20px;\">Comidas<\/span><\/span><\/u><span style=\"font-family: verdana,geneva,sans-serif;\">\u00a0<span style=\"font-size: 14px;\">solo con reserva previa<\/span><\/span><br \/>\n<span style=\"font-family: verdana,geneva,sans-serif;\"><span style=\"font-family: verdana,geneva,sans-serif;\"><span style=\"font-size: 14px;\">Marque las opciones de su elecci\u00f3n<\/span><\/span><\/span> <span style=\"font-family: verdana,geneva,sans-serif;\">\u00a0<\/span><\/p>\n<p><span style=\"font-family: verdana,geneva,sans-serif;\"><span style=\"font-size: 16px;\">Comida Men\u00fa Club\u00a0 <\/span><span style=\"font-size: 14px;\">15\u20ac persona\/d\u00eda\u200b<br \/>\nincluye 1 bebida, postre y caf\u00e9. (alcohol aparte)<\/span><\/span>\u00a0<span style=\"font-family: verdana,geneva,sans-serif;\">\u00a0<\/span><\/div>\n<div id=\"frm_field_727_container\" class=\"frm_form_field form-field  frm_top_container vertical_radio\">\r\n    <div  id=\"field_zzef3_label\" class=\"frm_primary_label\">Comidas\r\n        <span class=\"frm_required\" aria-hidden=\"true\"><\/span>\r\n    <\/div>\r\n    <div class=\"frm_opt_container\" aria-labelledby=\"field_zzef3_label\" role=\"group\">\t\t<div class=\"frm_checkbox\" id=\"frm_checkbox_727-0\">\t\t\t<label  for=\"field_zzef3-0\">\n\t\t\t<input type=\"checkbox\" name=\"item_meta[727][]\" id=\"field_zzef3-0\" value=\"15\u20ac  \u00b7  S\u00e1bado 6 abr\"  data-invmsg=\"Comidas no es v\u00e1lido\"   \/> 15\u20ac  \u00b7  S\u00e1bado 6 abr<\/label><\/div>\n\t\t<div class=\"frm_checkbox\" id=\"frm_checkbox_727-1\">\t\t\t<label  for=\"field_zzef3-1\">\n\t\t\t<input type=\"checkbox\" name=\"item_meta[727][]\" id=\"field_zzef3-1\" value=\"15\u20ac  \u00b7  Domingo 7 abr\"  data-invmsg=\"Comidas no es v\u00e1lido\"   \/> 15\u20ac  \u00b7  Domingo 7 abr<\/label><\/div>\n<\/div>\r\n    \r\n    \r\n<\/div>\n<div id=\"frm_field_728_container\" class=\"frm_form_field  frm_html_container form-field\">\n<hr style=\"height: 2px; background-color: #6868b2;\" \/><\/div>\n<div id=\"frm_field_729_container\" class=\"frm_form_field  frm_html_container form-field\">\n<p>Por favor, lea el documento <span style=\"color: #ea72aa;\">Aptitud de la Amazona<\/span> para escribir en el siguiente apartado<\/p>\n<\/div>\n<div id=\"frm_field_730_container\" class=\"frm_form_field form-field  frm_top_container\">\r\n    <label for=\"field_bw5663\" id=\"field_bw5663_label\" class=\"frm_primary_label\">Nota que quiera a\u00f1adir a su inscripci\u00f3n\r\n        <span class=\"frm_required\" aria-hidden=\"true\"><\/span>\r\n    <\/label>\r\n    <textarea name=\"item_meta[730]\" id=\"field_bw5663\" rows=\"5\"  data-invmsg=\"Nota que quiera a\u00f1adir a su inscripci\u00f3n no es v\u00e1lido\" aria-invalid=\"false\"  ><\/textarea>\r\n    \r\n    \r\n<\/div>\n<div id=\"frm_field_731_container\" class=\"frm_form_field  frm_html_container form-field\">\n<hr style=\"height: 2px; background-color: #6868b2;\" \/><\/div>\n<div id=\"frm_field_732_container\" class=\"frm_form_field  frm_html_container form-field\">\n<p>Por favor, realice el ingreso mediante transferencia bancaria<\/p>\n<p>en el concepto escriba:&nbsp;<strong>050424 y<\/strong>&nbsp;&nbsp;<strong>nombre<\/strong><\/p>\n<p>IBAN <span style=\"font-size: 16px;\" data-mce-style=\"font-size: 16px;\"><strong>ES85 3081 0331 1729 7328 8323<\/strong><\/span><br \/>BIC: ERSVES22<br \/>Titular: Asoc. Esp. Monta Amazona<br \/>Entidad: EuroCaja Rural<\/p>\n<p>El formulario adquiere validez cuando se haya recibido el pago.<\/p>\n<\/div>\n<div id=\"frm_field_733_container\" class=\"frm_form_field  frm_html_container form-field\">\n<hr style=\"height: 2px; background-color: #6868b2;\" \/><\/div>\n<div id=\"frm_field_734_container\" class=\"frm_form_field  frm_html_container form-field\"><span style=\"font-size: 12px;\">La informaci\u00f3n recogida en este formulario ser\u00e1 utilizada exclusivamente para los fines de la asociaci\u00f3n y puede ser modificada o anulada por el titular en la sede social de la Asociaci\u00f3n.<\/span><br \/>\n<span style=\"font-size: 12px;\"><a href=\"https:\/\/www.monta-amazona.com\/clubaema1\/privacy-policy\/\">Pol\u00edtica de Privacidad<\/a><\/span><\/div>\n<div id=\"frm_field_735_container\" class=\"frm_form_field  frm_html_container form-field\"><span style=\"font-size: 16px;\">Conexi\u00f3n Segura SSL<\/span><\/p>\n<p><img decoding=\"async\" src=\"https:\/\/www.monta-amazona.com\/clubaema1\/wp-content\/uploads\/files\/images\/sectigo_trust_seal_sm_82x32-80x32-1.png\" \/><\/div>\n<div id=\"frm_field_736_container\" class=\"frm_form_field  frm_html_container form-field\">\n<hr style=\"height: 2px; background-color: #6868b2;\" \/><\/div>\n<div id=\"frm_field_737_container\" class=\"frm_form_field form-field \">\n\t<div class=\"frm_submit\">\r\n\r\n<button class=\"frm_button_submit\" type=\"submit\"  >Enviar<\/button>\r\n\r\n\r\n<\/div>\n<\/div>\n\t<input type=\"hidden\" name=\"item_key\" value=\"\" \/>\n\t\t\t<div id=\"frm_field_1150_container\">\n\t\t\t<label for=\"field_wqoua\" >\n\t\t\t\tSi eres humano, deja este campo en blanco.\t\t\t<\/label>\n\t\t\t<input  id=\"field_wqoua\" type=\"text\" class=\"frm_form_field form-field frm_verify\" name=\"item_meta[1150]\" value=\"\"  \/>\n\t\t<\/div>\n\t\t<input name=\"frm_state\" type=\"hidden\" value=\"e8RBtNLHOgtGmqv2mtYvgSc6DNZbQ\/vKQQQgg5UXo4k=\" \/><\/div>\n<\/fieldset>\n<\/div>\n\n<\/form>\n<\/div>\n\n","protected":false},"excerpt":{"rendered":"<p><span style=\"font-size: 14pt;\">Inscripci\u00f3n <span style=\"font-family: lucida sans unicode,lucida grande,sans-serif;\">Curso AEMA<br \/>\n<strong>Sevilla<\/strong><\/span>\u00a05-7 abril 2024<\/span><br \/>\n<span style=\"font-size: 14pt;\">Inscripci\u00f3n para <strong>-no Socias-<\/strong><br \/>\nhasta <strong>4 de octubre<\/strong><\/span><\/p>\n<p><span style=\"font-size: 12px;\">Inscripci\u00f3n para Socias AEMA <a href=\"https:\/\/www.monta-amazona.com\/clubaema1\/product\/inscrip-curso-240405-socias\/\">aqu\u00ed<\/a><\/span><\/p>\n","protected":false},"featured_media":6258,"comment_status":"open","ping_status":"closed","template":"","meta":{"_kadence_starter_templates_imported_post":false,"_kad_post_transparent":"default","_kad_post_title":"","_kad_post_layout":"default","_kad_post_sidebar_id":"","_kad_post_content_style":"default","_kad_post_vertical_padding":"default","_kad_post_feature":"","_kad_post_feature_position":"","_kad_post_header":false,"_kad_post_footer":false,"_kad_post_classname":""},"product_brand":[],"product_cat":[116,64,59],"product_tag":[72,70,68],"class_list":{"0":"post-6233","1":"product","2":"type-product","3":"status-publish","4":"has-post-thumbnail","6":"product_cat-cursos","7":"product_cat-inscrip","8":"product_cat-inscripno","9":"product_tag-cursos","10":"product_tag-inscripcion-no-socias","11":"product_tag-inscripciones","13":"first","14":"outofstock","15":"shipping-taxable","16":"purchasable","17":"product-type-variable","18":"entry","19":"content-bg","20":"loop-entry"},"_links":{"self":[{"href":"https:\/\/www.monta-amazona.com\/clubaema1\/wp-json\/wp\/v2\/product\/6233","targetHints":{"allow":["GET"]}}],"collection":[{"href":"https:\/\/www.monta-amazona.com\/clubaema1\/wp-json\/wp\/v2\/product"}],"about":[{"href":"https:\/\/www.monta-amazona.com\/clubaema1\/wp-json\/wp\/v2\/types\/product"}],"replies":[{"embeddable":true,"href":"https:\/\/www.monta-amazona.com\/clubaema1\/wp-json\/wp\/v2\/comments?post=6233"}],"wp:featuredmedia":[{"embeddable":true,"href":"https:\/\/www.monta-amazona.com\/clubaema1\/wp-json\/wp\/v2\/media\/6258"}],"wp:attachment":[{"href":"https:\/\/www.monta-amazona.com\/clubaema1\/wp-json\/wp\/v2\/media?parent=6233"}],"wp:term":[{"taxonomy":"product_brand","embeddable":true,"href":"https:\/\/www.monta-amazona.com\/clubaema1\/wp-json\/wp\/v2\/product_brand?post=6233"},{"taxonomy":"product_cat","embeddable":true,"href":"https:\/\/www.monta-amazona.com\/clubaema1\/wp-json\/wp\/v2\/product_cat?post=6233"},{"taxonomy":"product_tag","embeddable":true,"href":"https:\/\/www.monta-amazona.com\/clubaema1\/wp-json\/wp\/v2\/product_tag?post=6233"}],"curies":[{"name":"wp","href":"https:\/\/api.w.org\/{rel}","templated":true}]}}