{"id":6288,"date":"2024-08-24T15:27:32","date_gmt":"2024-08-24T15:27:32","guid":{"rendered":"https:\/\/www.monta-amazona.com\/clubaema1\/?post_type=product&#038;p=6288"},"modified":"2025-09-08T21:24:53","modified_gmt":"2025-09-08T21:24:53","slug":"inscrip-curso-241011-ns","status":"publish","type":"product","link":"https:\/\/www.monta-amazona.com\/clubaema1\/product\/inscrip-curso-241011-ns\/","title":{"rendered":"Inscripci\u00f3n Curso AEMA Cartagena 11-13 oct 24"},"content":{"rendered":"<p style=\"text-align: center;\"><span style=\"font-size: 14pt;\">Inscripci\u00f3n <span style=\"font-family: lucida sans unicode,lucida grande,sans-serif;\">Curso AEMA <strong>Cartagena<\/strong><\/span> 11-13 octubre 2024<\/span><br \/>\n<span style=\"font-size: 14pt;\">Inscripci\u00f3n para -no Socias-<\/span><\/p>\n<p style=\"text-align: center;\"><span style=\"font-size: 14px;\">Inscripci\u00f3n para Socias AEMA <a href=\"https:\/\/www.monta-amazona.com\/clubaema1\/product\/inscrip-curso-251003-socias\/\"> aqu\u00ed<\/a><\/span><\/p>\n<p><span style=\"font-size: 12pt;\">Inscripci\u00f3n <strong>hasta 8 de octubre<\/strong><\/span><br \/>\nEl plazo de reservas para las Comidas tanto para Asistentes al Curso y para acompa\u00f1antes tambi\u00e9n termina <strong>\u00a0el 8 de <span style=\"font-size: 12pt;\">octu<\/span>bre<\/strong><\/p>\n<p><span style=\"font-size: 12pt;\">Los acompa\u00f1antes y todas las personas que deseen permanecer durante el desarrollo del curso deben inscribirse como Oyentes<\/span><\/p>\n<p><span style=\"font-size: 16px;\">Elija las opciones de su elecci\u00f3n<\/span><\/p>\n<hr style=\"background: none; width: 50%; border-top: 2px solid #6868b2;\" \/>\n<p><span style=\"font-size: 16px;\">rellene y env\u00ede el siguiente formulario <\/span><\/p>\n<hr style=\"background: none; width: 50%; border-top: 2px solid #6868b2;\" \/>\n<div class=\"frm_forms  with_frm_style frm_style_estilo-de-formidable\" id=\"frm_form_37_container\" data-token=\"15d36b8dc987eaef265c1578aa63eeb5\">\n<form enctype=\"multipart\/form-data\" method=\"post\" class=\"frm-show-form \" id=\"form_241011_cartagena_nosocias\" data-token=\"15d36b8dc987eaef265c1578aa63eeb5\">\n<div class=\"frm_form_fields \">\n<fieldset>\n<legend class=\"frm_screen_reader\">241011_Cartagena_NoSocias<\/legend>\n\n<div class=\"frm_fields_container\">\n<input type=\"hidden\" name=\"frm_action\" value=\"create\" \/>\n<input type=\"hidden\" name=\"form_id\" value=\"37\" \/>\n<input type=\"hidden\" name=\"frm_hide_fields_37\" id=\"frm_hide_fields_37\" value=\"\" \/>\n<input type=\"hidden\" name=\"form_key\" value=\"241011_cartagena_nosocias\" \/>\n<input type=\"hidden\" name=\"item_meta[0]\" value=\"\" \/>\n<input type=\"hidden\" id=\"frm_submit_entry_37\" name=\"frm_submit_entry_37\" value=\"14a931e232\" \/><input type=\"hidden\" name=\"_wp_http_referer\" value=\"\/clubaema1\/wp-json\/wp\/v2\/product\/6288\" \/><div id=\"frm_field_810_container\" class=\"frm_form_field  frm_html_container form-field\"><img loading=\"lazy\" decoding=\"async\" class=\"aligncenter\" src=\"https:\/\/www.monta-amazona.com\/clubaema1\/wp-content\/uploads\/files\/images\/LogoAEMAColor_33.png\" alt=\"Logo AEMA\" width=\"150\" height=\"150\" \/><\/div>\n<div id=\"frm_field_811_container\" class=\"frm_form_field  frm_html_container form-field\">\n<p style=\"text-align: center;\"><span style=\"font-family: verdana,geneva,sans-serif;\"><strong><u><span style=\"font-size: 18px;\">Curso AEMA Cartagena 11-13 octubre 2024<\/span><\/u><\/strong><\/span><\/p>\n<p style=\"text-align: center;\"><span style=\"font-size: 16px;\"><u><strong>Inscripci\u00f3n para NO Socias<\/strong><\/u><\/span><\/p>\n<p style=\"text-align: center;\"><span style=\"font-size: 14px;\">Inscripci\u00f3n para Socias AEMA <a href=\"https:\/\/www.monta-amazona.com\/clubaema1\/product\/inscrip-curso-241011-socias\">aqu\u00ed<\/a><\/span><\/p>\n<hr style=\"background: none; border-top: 2px solid #6868b2;\" \/>\n<p>Por favor, rellene los apartados obligatorios <strong><span style=\"color: #ff0000;\"><span style=\"font-size: 18px;\">*<\/span><\/span><\/strong> de este formulario, son necesarios para identificar su pago y enviarle la informaci\u00f3n del Curso.<br \/>\n<span style=\"font-size: 14px;\">Haga la suma e ingrese la cantidad en la cuenta AEMA cuyos datos figuran al pie de esta p\u00e1gina, indicando su nombre en el concepto.<\/span><br \/>\n<span style=\"font-size: 14px;\">El formulario solo es v\u00e1lido una vez recibido el pago correspondiente.<\/span><br \/>\n<span style=\"font-size: 14px;\">\u200bPara cualquier aclaraci\u00f3n o duda, escriba a <em>aema.asociacion@gmail.com\u200b<\/em><\/span><\/div>\n<div id=\"frm_field_812_container\" class=\"frm_form_field form-field  frm_required_field frm_top_container\">\n\t<div  id=\"field_9pl78_label\" class=\"frm_primary_label\">Nombre\n\t\t<span class=\"frm_required\" aria-hidden=\"true\">*<\/span>\n\t<\/div>\n\t<fieldset aria-labelledby=\"field_9pl78_label\">\n\t<legend class=\"frm_screen_reader frm_hidden\">\n\t\tNombre\t<\/legend>\n\n\t<div  class=\"frm_combo_inputs_container\" id=\"frm_combo_inputs_container_812\" data-name-layout=\"first_last\">\n\t\t\t\t\t<div\n\t\t\t\tid=\"frm_field_812-first_container\"\n\t\t\t\tclass=\"frm_form_field form-field frm_form_subfield-first  frm6\"\n\t\t\t\tdata-sub-field-name=\"first\"\n\t\t\t>\n\t\t\t\t<label for=\"field_9pl78_first\" class=\"frm_screen_reader frm_hidden\">\n\t\t\t\t\tNombre\t\t\t\t<\/label>\n\n\t\t\t\t<input  type=\"text\" id=\"field_9pl78_first\" value=\"\" name=\"item_meta[812][first]\" autocomplete=\"given-name\" data-reqmsg=\"Nombre no puede estar en blanco.\" aria-required=\"true\" data-invmsg=\"Nombre no es v\u00e1lido\" aria-invalid=\"false\"  \/><div class=\"frm_description\" id=\"frm_field_812_first_desc\">Nombre<\/div>\t\t\t<\/div>\n\t\t\t\t\t\t<div\n\t\t\t\tid=\"frm_field_812-last_container\"\n\t\t\t\tclass=\"frm_form_field form-field frm_form_subfield-last  frm6\"\n\t\t\t\tdata-sub-field-name=\"last\"\n\t\t\t>\n\t\t\t\t<label for=\"field_9pl78_last\" class=\"frm_screen_reader frm_hidden\">\n\t\t\t\t\tApellidos\t\t\t\t<\/label>\n\n\t\t\t\t<input  type=\"text\" id=\"field_9pl78_last\" value=\"\" name=\"item_meta[812][last]\" autocomplete=\"family-name\" data-reqmsg=\"Nombre no puede estar en blanco.\" aria-required=\"true\" data-invmsg=\"Nombre no es v\u00e1lido\" aria-invalid=\"false\"  \/><div class=\"frm_description\" id=\"frm_field_812_last_desc\">Apellidos<\/div>\t\t\t<\/div>\n\t\t\t\t<\/div>\n<\/fieldset>\n\n\t\n\t\n<\/div>\n<div id=\"frm_field_813_container\" class=\"frm_form_field form-field  frm_required_field frm_top_container frm_two_thirds\">\n\t<label for=\"field_q51ig\" id=\"field_q51ig_label\" class=\"frm_primary_label\">Correo eletr\u00f3nico\n\t\t<span class=\"frm_required\" aria-hidden=\"true\">*<\/span>\n\t<\/label>\n\t<input type=\"email\" id=\"field_q51ig\" name=\"item_meta[813]\" value=\"\"  data-reqmsg=\"Correo eletr\u00f3nico no puede estar en blanco.\" aria-required=\"true\" data-invmsg=\"Correo eletr\u00f3nico no es v\u00e1lido\" aria-invalid=\"false\"  \/>\n\t\n\t\n<\/div>\n<div id=\"frm_field_814_container\" class=\"frm_form_field form-field  frm_required_field frm_top_container frm_third\">\n\t<label for=\"field_g8wjk\" id=\"field_g8wjk_label\" class=\"frm_primary_label\">Tel\u00e9fono\n\t\t<span class=\"frm_required\" aria-hidden=\"true\">*<\/span>\n\t<\/label>\n\t<input type=\"text\" id=\"field_g8wjk\" name=\"item_meta[814]\" value=\"\"  maxlength=\"20\" data-reqmsg=\"Tel\u00e9fono no puede estar en blanco.\" aria-required=\"true\" data-invmsg=\"Tel\u00e9fono no es v\u00e1lido\" aria-invalid=\"false\"  \/>\n\t\n\t\n<\/div>\n<div id=\"frm_field_815_container\" class=\"frm_form_field  frm_html_container form-field\"><span style=\"font-size: 12px;\">Por favor, no se olvide de proporcionar un email v\u00e1lido y su n\u00famero de m\u00f3vil.<br \/>\nRecibir\u00e1 toda la informaci\u00f3n del curso mediante e-mail, y le avisaremos por tel\u00e9fono o mensajer\u00eda en caso de que haya alg\u00fan ajuste de \u00faltima hora.\u200b<\/span><\/div>\n<div id=\"frm_field_816_container\" class=\"frm_form_field  frm_html_container form-field\">\n<hr style=\"height: 2px; background-color: #6868b2;\" \/><\/div>\n<div id=\"frm_field_817_container\" class=\"frm_form_field  frm_html_container form-field\"><u><span style=\"font-family: verdana,geneva,sans-serif;\"><span style=\"font-size: 20px;\">Modalidad de Asistente al Curso AEMA<\/span><\/span><\/u><span style=\"font-family: verdana,geneva,sans-serif;\"><span style=\"font-size: 14px;\"><br \/>\n<span style=\"font-size: 12px;\">Marque una de las siguientes opciones de su elecci\u00f3n<\/span><\/span><\/span><\/div>\n<div id=\"frm_field_818_container\" class=\"frm_form_field form-field  frm_top_container vertical_radio\">\n\t<div  id=\"field_xa2yt_label\" class=\"frm_primary_label\">Modalidad de Asistente\n\t\t<span class=\"frm_required\" aria-hidden=\"true\"><\/span>\n\t<\/div>\n\t<div class=\"frm_opt_container\" aria-labelledby=\"field_xa2yt_label\" role=\"radiogroup\">\t\t<div class=\"frm_radio\" id=\"frm_radio_818-0\">\t\t\t<label  for=\"field_xa2yt-0\">\n\t\t\t\t\t<input type=\"radio\" name=\"item_meta[818]\" id=\"field_xa2yt-0\" value=\"No Socia - Oyente - 60\u20ac\"\n\t\t   data-invmsg=\"Modalidad de Asistente no es v\u00e1lido\"  \/> No Socia - Oyente - 60\u20ac<\/label><\/div>\n\t\t<div class=\"frm_radio\" id=\"frm_radio_818-1\">\t\t\t<label  for=\"field_xa2yt-1\">\n\t\t\t\t\t<input type=\"radio\" name=\"item_meta[818]\" id=\"field_xa2yt-1\" value=\"No Socia - Teor\u00eda + Pr\u00e1cticas  con caballo propio  -  115\u20ac\"\n\t\t   data-invmsg=\"Modalidad de Asistente no es v\u00e1lido\"  \/> No Socia - Teor\u00eda + Pr\u00e1cticas  con caballo propio  -  115\u20ac<\/label><\/div>\n\t\t<div class=\"frm_radio\" id=\"frm_radio_818-2\">\t\t\t<label  for=\"field_xa2yt-2\">\n\t\t\t\t\t<input type=\"radio\" name=\"item_meta[818]\" id=\"field_xa2yt-2\" value=\"No Socia - Teor\u00eda + Pr\u00e1cticas  con caballo del centro  -  140\u20ac\"\n\t\t   data-invmsg=\"Modalidad de Asistente no es v\u00e1lido\"  \/> No Socia - Teor\u00eda + Pr\u00e1cticas  con caballo del centro  -  140\u20ac<\/label><\/div>\n\t\t<div class=\"frm_radio\" id=\"frm_radio_818-3\">\t\t\t<label  for=\"field_xa2yt-3\">\n\t\t\t\t\t<input type=\"radio\" name=\"item_meta[818]\" id=\"field_xa2yt-3\" value=\"No Socia - Menor de 15 a\u00f1os con caballo propio - 95\u20ac\"\n\t\t   data-invmsg=\"Modalidad de Asistente no es v\u00e1lido\"  \/> No Socia - Menor de 15 a\u00f1os con caballo propio - 95\u20ac<\/label><\/div>\n\t\t<div class=\"frm_radio\" id=\"frm_radio_818-4\">\t\t\t<label  for=\"field_xa2yt-4\">\n\t\t\t\t\t<input type=\"radio\" name=\"item_meta[818]\" id=\"field_xa2yt-4\" value=\"No Socia - Menor de 15 a\u00f1os con caballo del centro - 120\u20ac\"\n\t\t   data-invmsg=\"Modalidad de Asistente no es v\u00e1lido\"  \/> No Socia - Menor de 15 a\u00f1os con caballo del centro - 120\u20ac<\/label><\/div>\n<\/div>\n\t\n\t\n<\/div>\n<div id=\"frm_field_819_container\" class=\"frm_form_field  frm_html_container form-field\"><u><span style=\"font-family: verdana,geneva,sans-serif;\"><span style=\"font-size: 16px;\">Con Caballo Propio<\/span><\/span><\/u><br \/>\nSi nunca ha venido a un curso AEMA y va a montar su propio caballo en el curso describa su silla de amazona, tipo, modelo y tama\u00f1o en el siguiente campo.<br \/>\nA ser posible env\u00ede unas fotos al email aema.asociacion@gmail.com o al n\u00famero 692192777<br \/>\nSi no tiene silla de amazona, indique talla de silla que necesita, si no lo sabe, escriba cual es su altura en cent\u00edmetros. y cual es el per\u00edmetro tor\u00e1cico de su caballo en cent\u00edmetros. Seg\u00fan talla de amazona y\/o caballo, no se puede garantizar la disponibilidad de sillas. Pregunte al 692 192 777 o <em>aema.asociacion@gmai.com<\/em>.<br \/>\n<u><span style=\"font-family: verdana,geneva,sans-serif;\"><span style=\"font-size: 16px;\">Con Caballo del Centro<\/span><\/span><\/u><br \/>\nPor favor, lea el documento <span style=\"color: #ea72aa;\">Aptitud de la Amazona<\/span><\/div>\n<div id=\"frm_field_820_container\" class=\"frm_form_field form-field  frm_top_container\">\n\t<label for=\"field_9afcl\" id=\"field_9afcl_label\" class=\"frm_primary_label\">Descripci\u00f3n de su silla de amazona si realiza el curso caballo con caballo propio\n\t\t<span class=\"frm_required\" aria-hidden=\"true\"><\/span>\n\t<\/label>\n\t<textarea name=\"item_meta[820]\" id=\"field_9afcl\" rows=\"3\"  data-invmsg=\"Descripci\u00f3n de su silla de amazona si realiza el curso caballo con caballo propio no es v\u00e1lido\" aria-invalid=\"false\"   aria-describedby=\"frm_desc_field_9afcl\"><\/textarea>\n\t<div class=\"frm_description\" id=\"frm_desc_field_9afcl\">Por favor, lea el documento <span style=\"color: #ea72aa;\">Aptitud de la Amazona<\/span>. si necesita que le proporcionemos una silla de amazona<\/div>\n\t\n<\/div>\n<div id=\"frm_field_821_container\" class=\"frm_form_field  frm_html_container form-field\">\n<hr style=\"height: 2px; background-color: #6868b2;\" \/><\/div>\n<div id=\"frm_field_822_container\" class=\"frm_form_field  frm_html_container form-field\"><u><span style=\"font-family: verdana,geneva,sans-serif;\"><span style=\"font-size: 20px;\">Comidas<\/span><\/span><\/u><span style=\"font-family: verdana,geneva,sans-serif;\">\u00a0<span style=\"font-size: 14px;\">solo con reserva previa<\/span><\/span><br \/>\n<span style=\"font-family: verdana,geneva,sans-serif;\"><span style=\"font-family: verdana,geneva,sans-serif;\"><span style=\"font-size: 14px;\">Marque las opciones de su elecci\u00f3n<\/span><\/span><\/span> <span style=\"font-family: verdana,geneva,sans-serif;\">\u00a0<\/span><\/p>\n<p><span style=\"font-family: verdana,geneva,sans-serif;\"><span style=\"font-size: 16px;\">Comida Men\u00fa Club\u00a0 <\/span><span style=\"font-size: 14px;\">15\u20ac persona\/d\u00eda\u200b<br \/>\nincluye 1 bebida, postre y caf\u00e9. (alcohol aparte)<\/span><\/span>\u00a0<span style=\"font-family: verdana,geneva,sans-serif;\">\u00a0<\/span><\/div>\n<div id=\"frm_field_823_container\" class=\"frm_form_field form-field  frm_top_container vertical_radio\">\n\t<div  id=\"field_cmqnv_label\" class=\"frm_primary_label\">Comidas\n\t\t<span class=\"frm_required\" aria-hidden=\"true\"><\/span>\n\t<\/div>\n\t<div class=\"frm_opt_container\" aria-labelledby=\"field_cmqnv_label\" role=\"group\">\t\t<div class=\"frm_checkbox\" id=\"frm_checkbox_823-0\">\t\t\t<label  for=\"field_cmqnv-0\">\n\t\t\t<input type=\"checkbox\" name=\"item_meta[823][]\" id=\"field_cmqnv-0\" value=\"15\u20ac  \u00b7  S\u00e1bado 12 oct\"  data-invmsg=\"Comidas no es v\u00e1lido\"   \/> 15\u20ac  \u00b7  S\u00e1bado 12 oct<\/label><\/div>\n\t\t<div class=\"frm_checkbox\" id=\"frm_checkbox_823-1\">\t\t\t<label  for=\"field_cmqnv-1\">\n\t\t\t<input type=\"checkbox\" name=\"item_meta[823][]\" id=\"field_cmqnv-1\" value=\"15\u20ac  \u00b7  Domingo 13 oct\"  data-invmsg=\"Comidas no es v\u00e1lido\"   \/> 15\u20ac  \u00b7  Domingo 13 oct<\/label><\/div>\n<\/div>\n\t\n\t\n<\/div>\n<div id=\"frm_field_824_container\" class=\"frm_form_field  frm_html_container form-field\">\n<hr style=\"height: 2px; background-color: #6868b2;\" \/><\/div>\n<div id=\"frm_field_825_container\" class=\"frm_form_field  frm_html_container form-field\">Por favor, lea el documento <span style=\"color: #ea72aa;\">Aptitud de la Amazona<\/span><\/a> para escribir en el siguiente apartado<\/div>\n<div id=\"frm_field_826_container\" class=\"frm_form_field form-field  frm_top_container\">\n\t<label for=\"field_1cw0p\" id=\"field_1cw0p_label\" class=\"frm_primary_label\">Nota que quiera a\u00f1adir a su inscripci\u00f3n\n\t\t<span class=\"frm_required\" aria-hidden=\"true\"><\/span>\n\t<\/label>\n\t<textarea name=\"item_meta[826]\" id=\"field_1cw0p\" rows=\"5\"  data-invmsg=\"Nota que quiera a\u00f1adir a su inscripci\u00f3n no es v\u00e1lido\" aria-invalid=\"false\"  ><\/textarea>\n\t\n\t\n<\/div>\n<div id=\"frm_field_827_container\" class=\"frm_form_field  frm_html_container form-field\">\n<hr style=\"height: 2px; background-color: #6868b2;\" \/><\/div>\n<div id=\"frm_field_828_container\" class=\"frm_form_field  frm_html_container form-field\">\n<p>Por favor, realice el ingreso mediante transferencia bancaria<\/p>\n<p>en el concepto escriba:\u00a0<strong>111024 y<\/strong>\u00a0\u00a0<strong>nombre<\/strong><\/p>\n<p>IBAN <span style=\"font-size: 16px;\"><strong>ES85 3081 0331 1729 7328 8323<\/strong><\/span><br \/>BIC: ERSVES22<br \/>Titular: Asoc. Esp. Monta Amazona<br \/>Entidad: EuroCaja Rural<\/p>\n<p>El formulario adquiere validez cuando se haya recibido el pago.<\/p>\n<\/div>\n<div id=\"frm_field_829_container\" class=\"frm_form_field  frm_html_container form-field\">\n<hr style=\"height: 2px; background-color: #6868b2;\" \/><\/div>\n<div id=\"frm_field_830_container\" class=\"frm_form_field  frm_html_container form-field\"><span style=\"font-size: 12px;\">La informaci\u00f3n recogida en este formulario ser\u00e1 utilizada exclusivamente para los fines de la asociaci\u00f3n y puede ser modificada o anulada por el titular en la sede social de la Asociaci\u00f3n.<\/span><br \/>\n<span style=\"font-size: 12px;\"><a href=\"https:\/\/www.monta-amazona.com\/clubaema1\/privacy-policy\/\">Pol\u00edtica de Privacidad<\/a><\/span><\/div>\n<div id=\"frm_field_831_container\" class=\"frm_form_field  frm_html_container form-field\"><span style=\"font-size: 16px;\">Conexi\u00f3n Segura SSL<\/span><\/p>\n<p><img decoding=\"async\" src=\"https:\/\/www.monta-amazona.com\/clubaema1\/wp-content\/uploads\/files\/images\/sectigo_trust_seal_sm_82x32-80x32-1.png\" \/><\/div>\n<div id=\"frm_field_832_container\" class=\"frm_form_field  frm_html_container form-field\">\n<hr style=\"height: 2px; background-color: #6868b2;\" \/><\/div>\n<div id=\"frm_field_833_container\" class=\"frm_form_field form-field \">\n\t<div class=\"frm_submit frm_flex\">\n<button class=\"frm_button_submit\" type=\"submit\"  >Enviar<\/button>\n\n\n\n<\/div>\n<\/div>\n\t<input type=\"hidden\" name=\"item_key\" value=\"\" \/>\n\t\t\t<div id=\"frm_field_1150_container\">\n\t\t\t<label for=\"field_5wiy8\" >\n\t\t\t\tSi eres humano, deja este campo en blanco.\t\t\t<\/label>\n\t\t\t<input  id=\"field_5wiy8\" type=\"text\" class=\"frm_form_field form-field frm_verify\" name=\"item_meta[1150]\" value=\"\"  \/>\n\t\t<\/div>\n\t\t<input name=\"frm_state\" type=\"hidden\" value=\"e8RBtNLHOgtGmqv2mtYvgSc6DNZbQ\/vKQQQgg5UXo4k=\" \/><\/div>\n<\/fieldset>\n<\/div>\n\n<\/form>\n<\/div>\n\n","protected":false},"excerpt":{"rendered":"<p><span style=\"font-size: 14pt;\">Inscripci\u00f3n <span style=\"font-family: lucida sans unicode,lucida grande,sans-serif;\">Curso AEMA<br \/>\n<strong>Cartagena<\/strong><\/span> 11-13 oct 2024<\/span><br \/>\n<span style=\"font-size: 14pt;\">Inscripci\u00f3n para <strong>-no Socias-<\/strong><br \/>\nhasta <strong>8 de octubre<\/strong><\/span><\/p>\n<p><span style=\"font-size: 12px;\">Inscripci\u00f3n para Socias AEMA <a href=\"https:\/\/www.monta-amazona.com\/clubaema1\/product\/inscrip-curso-241011-socias\/\">aqu\u00ed<\/a><\/span><\/p>\n","protected":false},"featured_media":6313,"comment_status":"open","ping_status":"closed","template":"","meta":{"_kadence_starter_templates_imported_post":false,"_kad_post_transparent":"default","_kad_post_title":"","_kad_post_layout":"default","_kad_post_sidebar_id":"","_kad_post_content_style":"default","_kad_post_vertical_padding":"default","_kad_post_feature":"","_kad_post_feature_position":"","_kad_post_header":false,"_kad_post_footer":false,"_kad_post_classname":""},"product_brand":[],"product_cat":[116,64,59],"product_tag":[72,69,68],"class_list":{"0":"post-6288","1":"product","2":"type-product","3":"status-publish","4":"has-post-thumbnail","6":"product_cat-cursos","7":"product_cat-inscrip","8":"product_cat-inscripno","9":"product_tag-cursos","10":"product_tag-inscripcion-socias","11":"product_tag-inscripciones","13":"first","14":"outofstock","15":"shipping-taxable","16":"purchasable","17":"product-type-variable","18":"entry","19":"content-bg","20":"loop-entry"},"_links":{"self":[{"href":"https:\/\/www.monta-amazona.com\/clubaema1\/wp-json\/wp\/v2\/product\/6288","targetHints":{"allow":["GET"]}}],"collection":[{"href":"https:\/\/www.monta-amazona.com\/clubaema1\/wp-json\/wp\/v2\/product"}],"about":[{"href":"https:\/\/www.monta-amazona.com\/clubaema1\/wp-json\/wp\/v2\/types\/product"}],"replies":[{"embeddable":true,"href":"https:\/\/www.monta-amazona.com\/clubaema1\/wp-json\/wp\/v2\/comments?post=6288"}],"wp:featuredmedia":[{"embeddable":true,"href":"https:\/\/www.monta-amazona.com\/clubaema1\/wp-json\/wp\/v2\/media\/6313"}],"wp:attachment":[{"href":"https:\/\/www.monta-amazona.com\/clubaema1\/wp-json\/wp\/v2\/media?parent=6288"}],"wp:term":[{"taxonomy":"product_brand","embeddable":true,"href":"https:\/\/www.monta-amazona.com\/clubaema1\/wp-json\/wp\/v2\/product_brand?post=6288"},{"taxonomy":"product_cat","embeddable":true,"href":"https:\/\/www.monta-amazona.com\/clubaema1\/wp-json\/wp\/v2\/product_cat?post=6288"},{"taxonomy":"product_tag","embeddable":true,"href":"https:\/\/www.monta-amazona.com\/clubaema1\/wp-json\/wp\/v2\/product_tag?post=6288"}],"curies":[{"name":"wp","href":"https:\/\/api.w.org\/{rel}","templated":true}]}}