{"id":6353,"date":"2024-12-27T19:53:59","date_gmt":"2024-12-27T19:53:59","guid":{"rendered":"https:\/\/www.monta-amazona.com\/clubaema1\/?post_type=product&#038;p=6353"},"modified":"2025-09-15T16:26:19","modified_gmt":"2025-09-15T16:26:19","slug":"socia-2025","status":"publish","type":"product","link":"https:\/\/www.monta-amazona.com\/clubaema1\/product\/socia-2025\/","title":{"rendered":"Socia 2025"},"content":{"rendered":"<p><span style=\"font-size: 14pt;\">Inscripci\u00f3n Nueva Socia 2025<\/span><\/p>\n<p>Por favor, rellene los apartados del formulario siguiente y env\u00edelo antes de realizar el pago.<\/p>\n<p><span style=\"font-size: 10pt;\">Si ya es o ha sido Socia con anterioridad, puede renovar su cuota anual <a href=\"https:\/\/www.monta-amazona.com\/clubaema1\/product\/renova-2025\/\">aqu\u00ed<\/a>.<\/span><\/p>\n<div class=\"frm_forms  with_frm_style frm_style_estilo-de-formidable\" id=\"frm_form_40_container\" data-token=\"15d36b8dc987eaef265c1578aa63eeb5\">\n<form enctype=\"multipart\/form-data\" method=\"post\" class=\"frm-show-form \" id=\"form_socia2025\" data-token=\"15d36b8dc987eaef265c1578aa63eeb5\">\n<div class=\"frm_form_fields \">\n<fieldset>\n<legend class=\"frm_screen_reader\">Socia 2025<\/legend>\r\n\r\n<div class=\"frm_fields_container\">\n<input type=\"hidden\" name=\"frm_action\" value=\"create\" \/>\n<input type=\"hidden\" name=\"form_id\" value=\"40\" \/>\n<input type=\"hidden\" name=\"frm_hide_fields_40\" id=\"frm_hide_fields_40\" value=\"\" \/>\n<input type=\"hidden\" name=\"form_key\" value=\"socia2025\" \/>\n<input type=\"hidden\" name=\"item_meta[0]\" value=\"\" \/>\n<input type=\"hidden\" id=\"frm_submit_entry_40\" name=\"frm_submit_entry_40\" value=\"14a931e232\" \/><input type=\"hidden\" name=\"_wp_http_referer\" value=\"\/clubaema1\/wp-json\/wp\/v2\/product\/6353\" \/><div id=\"frm_field_895_container\" class=\"frm_form_field  frm_html_container form-field\"><img loading=\"lazy\" decoding=\"async\" class=\"aligncenter\" src=\"https:\/\/www.monta-amazona.com\/clubaema1\/wp-content\/uploads\/files\/images\/LogoAEMAColor_33.png\" alt=\"Logo AEMA\" width=\"150\" height=\"150\" \/><\/div>\n<div id=\"frm_field_896_container\" class=\"frm_form_field  frm_html_container form-field\">\n<p style=\"margin-left: 40px;\"><span style=\"font-size: 16px;\"><strong>Socia 2025<\/strong><\/span><\/p>\n<p style=\"margin-left: 40px;\"><span style=\"font-size: 14pt;\">Inscripci\u00f3n Socia Nueva<\/span><\/p>\n<p style=\"margin-left: 40px;\"><span style=\"font-size: 12pt;\">cuota anual\u00a0<strong>35\u20ac<\/strong><\/span><\/p>\n<p style=\"margin-left: 40px;\"><span style=\"font-size: 13px;\">Por favor, rellene los apartados obligatorios\u00a0<span style=\"color: #c0392b;\">*<\/span>\u00a0de este formulario, son necesarios para identificar su pago y enviarle la informaci\u00f3n de la Asociaci\u00f3n y su carnet de Socia. Los dem\u00e1s apartados solo es necesario rellenarlos si han cambiado desde el a\u00f1o anterior.<\/span><\/p>\n<p style=\"margin-left: 40px;\"><span style=\"font-size: 12px;\">Env\u00ede el formulario antes de realizar el pago.<\/span><\/p>\n<p style=\"margin-left: 40px;\"><span style=\"font-size: 12px;\">El formulario solo es v\u00e1lido una vez recibido el pago correspondiente.\u00a0<\/span><\/p>\n<p style=\"margin-left: 40px;\"><span style=\"font-size: 12px;\">para cualquier aclaraci\u00f3n o duda, escriba a\u00a0<em>aema.asociacion@gmail.com<\/em><\/span><\/p>\n<\/div>\n<div id=\"frm_field_897_container\" class=\"frm_form_field form-field  frm_required_field frm_top_container frm9 frm_first\">\n\t<label for=\"field_dkfa7\" id=\"field_dkfa7_label\" class=\"frm_primary_label\">Correo eletr\u00f3nico\n\t\t<span class=\"frm_required\" aria-hidden=\"true\">*<\/span>\n\t<\/label>\n\t<input type=\"email\" id=\"field_dkfa7\" name=\"item_meta[897]\" value=\"\"  data-reqmsg=\"Correo eletr\u00f3nico no puede estar en blanco.\" aria-required=\"true\" data-invmsg=\"Correo eletr\u00f3nico no es v\u00e1lido\" aria-invalid=\"false\"  \/>\n\t\n\t\n<\/div>\n<div id=\"frm_field_898_container\" class=\"frm_form_field form-field  frm_required_field frm_top_container frm3\">\n\t<label for=\"field_21zpl\" id=\"field_21zpl_label\" class=\"frm_primary_label\">Tel\u00e9fono\n\t\t<span class=\"frm_required\" aria-hidden=\"true\">*<\/span>\n\t<\/label>\n\t<input type=\"text\" id=\"field_21zpl\" name=\"item_meta[898]\" value=\"\"  data-reqmsg=\"Tel\u00e9fono no puede estar en blanco.\" aria-required=\"true\" data-invmsg=\"Tel\u00e9fono no es v\u00e1lido\" aria-invalid=\"false\"  \/>\n\t\n\t\n<\/div>\n<div id=\"frm_field_899_container\" class=\"frm_form_field  frm_html_container form-field\">Por favor, no se olvide de proporcionar un email v\u00e1lido.<br \/>\nRecibir\u00e1 toda la informaci\u00f3n de eventos, cursos, promociones, as\u00ed como su carnet y toda informaci\u00f3n relevante mediante e-mail.<\/div>\n<div id=\"frm_field_900_container\" class=\"frm_form_field form-field  frm_required_field frm_top_container\">\n\t<div  id=\"field_4qhq2_label\" class=\"frm_primary_label\">Nombre\n\t\t<span class=\"frm_required\" aria-hidden=\"true\">*<\/span>\n\t<\/div>\n\t<fieldset aria-labelledby=\"field_4qhq2_label\">\n\t<legend class=\"frm_screen_reader frm_hidden\">\n\t\tNombre\t<\/legend>\n\n\t<div  class=\"frm_combo_inputs_container\" id=\"frm_combo_inputs_container_900\" data-name-layout=\"first_last\">\n\t\t\t\t\t<div\n\t\t\t\tid=\"frm_field_900-first_container\"\n\t\t\t\tclass=\"frm_form_field form-field frm_form_subfield-first  frm6\"\n\t\t\t\tdata-sub-field-name=\"first\"\n\t\t\t>\n\t\t\t\t<label for=\"field_4qhq2_first\" class=\"frm_screen_reader frm_hidden\">\n\t\t\t\t\tNombre\t\t\t\t<\/label>\n\n\t\t\t\t<input  type=\"text\" id=\"field_4qhq2_first\" value=\"\" name=\"item_meta[900][first]\" autocomplete=\"given-name\" data-reqmsg=\"Nombre no puede estar en blanco.\" aria-required=\"true\" data-invmsg=\"Nombre no es v\u00e1lido\" aria-invalid=\"false\"  \/><div class=\"frm_description\" id=\"frm_field_900_first_desc\">Nombre<\/div>\t\t\t<\/div>\n\t\t\t\t\t\t<div\n\t\t\t\tid=\"frm_field_900-last_container\"\n\t\t\t\tclass=\"frm_form_field form-field frm_form_subfield-last  frm6\"\n\t\t\t\tdata-sub-field-name=\"last\"\n\t\t\t>\n\t\t\t\t<label for=\"field_4qhq2_last\" class=\"frm_screen_reader frm_hidden\">\n\t\t\t\t\tApellido\t\t\t\t<\/label>\n\n\t\t\t\t<input  type=\"text\" id=\"field_4qhq2_last\" value=\"\" name=\"item_meta[900][last]\" autocomplete=\"family-name\" data-reqmsg=\"Nombre no puede estar en blanco.\" aria-required=\"true\" data-invmsg=\"Nombre no es v\u00e1lido\" aria-invalid=\"false\"  \/><div class=\"frm_description\" id=\"frm_field_900_last_desc\">Apellido<\/div>\t\t\t<\/div>\n\t\t\t\t<\/div>\n<\/fieldset>\n\n\t\n\t\n<\/div>\n<div id=\"frm_field_901_container\" class=\"frm_form_field form-field  frm_required_field frm_top_container\">\n\t<label for=\"field_f7r2s\" id=\"field_f7r2s_label\" class=\"frm_primary_label\">Direcci\u00f3n\n\t\t<span class=\"frm_required\" aria-hidden=\"true\">*<\/span>\n\t<\/label>\n\t<input type=\"text\" id=\"field_f7r2s\" name=\"item_meta[901]\" value=\"\"  data-reqmsg=\"Direcci\u00f3n no puede estar en blanco.\" aria-required=\"true\" data-invmsg=\"Direcci\u00f3n no es v\u00e1lido\" aria-invalid=\"false\"  \/>\n\t\n\t\n<\/div>\n<div id=\"frm_field_902_container\" class=\"frm_form_field form-field  frm_top_container\">\n\t<label for=\"field_du9fg\" id=\"field_du9fg_label\" class=\"frm_primary_label\">Direcci\u00f3n\n\t\t<span class=\"frm_required\" aria-hidden=\"true\"><\/span>\n\t<\/label>\n\t<input type=\"text\" id=\"field_du9fg\" name=\"item_meta[902]\" value=\"\"  data-invmsg=\"Direcci\u00f3n no es v\u00e1lido\" aria-invalid=\"false\"  \/>\n\t\n\t\n<\/div>\n<div id=\"frm_field_903_container\" class=\"frm_form_field form-field  frm_required_field frm_top_container frm3 frm_first\">\n\t<label for=\"field_fbxnr\" id=\"field_fbxnr_label\" class=\"frm_primary_label\">C\u00f3digo Postal\n\t\t<span class=\"frm_required\" aria-hidden=\"true\">*<\/span>\n\t<\/label>\n\t<input type=\"text\" id=\"field_fbxnr\" name=\"item_meta[903]\" value=\"\"  data-reqmsg=\"C\u00f3digo Postal no puede estar en blanco.\" aria-required=\"true\" data-invmsg=\"C\u00f3digo Postal no es v\u00e1lido\" aria-invalid=\"false\"  \/>\n\t\n\t\n<\/div>\n<div id=\"frm_field_904_container\" class=\"frm_form_field form-field  frm_required_field frm_top_container frm9\">\n\t<label for=\"field_iexjf\" id=\"field_iexjf_label\" class=\"frm_primary_label\">Ciudad\n\t\t<span class=\"frm_required\" aria-hidden=\"true\">*<\/span>\n\t<\/label>\n\t<input type=\"text\" id=\"field_iexjf\" name=\"item_meta[904]\" value=\"\"  data-reqmsg=\"Ciudad no puede estar en blanco.\" aria-required=\"true\" data-invmsg=\"Ciudad no es v\u00e1lido\" aria-invalid=\"false\"  \/>\n\t\n\t\n<\/div>\n<div id=\"frm_field_905_container\" class=\"frm_form_field form-field  frm_top_container\">\n\t<label for=\"field_iva8x\" id=\"field_iva8x_label\" class=\"frm_primary_label\">Provincia\/Regi\u00f3n\n\t\t<span class=\"frm_required\" aria-hidden=\"true\"><\/span>\n\t<\/label>\n\t<input type=\"text\" id=\"field_iva8x\" name=\"item_meta[905]\" value=\"\"  data-invmsg=\"Provincia\/Regi\u00f3n no es v\u00e1lido\" aria-invalid=\"false\"  \/>\n\t\n\t\n<\/div>\n<div id=\"frm_field_906_container\" class=\"frm_form_field form-field  frm_top_container\">\n\t<label for=\"field_fs2ma\" id=\"field_fs2ma_label\" class=\"frm_primary_label\">Pa\u00eds\n\t\t<span class=\"frm_required\" aria-hidden=\"true\"><\/span>\n\t<\/label>\n\t<input type=\"text\" id=\"field_fs2ma\" name=\"item_meta[906]\" value=\"\"  data-invmsg=\"Pa\u00eds no es v\u00e1lido\" aria-invalid=\"false\"   aria-describedby=\"frm_desc_field_fs2ma\"\/>\n\t<div class=\"frm_description\" id=\"frm_desc_field_fs2ma\">rellene este apartado si su pa\u00eds es otro que Espa\u00f1a<\/div>\n\t\n<\/div>\n<div id=\"frm_field_907_container\" class=\"frm_form_field form-field  frm_top_container\">\n\t<label for=\"field_k2bwk\" id=\"field_k2bwk_label\" class=\"frm_primary_label\">Perfil de facebook URL : www.facebook.com\/nombre.apellido o c\u00f3digo\n\t\t<span class=\"frm_required\" aria-hidden=\"true\"><\/span>\n\t<\/label>\n\t<input type=\"text\" id=\"field_k2bwk\" name=\"item_meta[907]\" value=\"\"  data-invmsg=\"Perfil de facebook URL : www.facebook.com\/nombre.apellido o c\u00f3digo no es v\u00e1lido\" aria-invalid=\"false\"  \/>\n\t\n\t\n<\/div>\n<div id=\"frm_field_908_container\" class=\"frm_form_field  frm_html_container form-field\">\n<hr style=\"height: 2px; background-color: #6868b2;\" data-mce-style=\"height: 2px; background-color: #6868b2;\"><\/div>\n<div id=\"frm_field_909_container\" class=\"frm_form_field  frm_html_container form-field\"><span style=\"font-size: 14pt;\">Silla de Amazona, tipo y n\u00famero<\/span><\/div>\n<div id=\"frm_field_910_container\" class=\"frm_form_field form-field  frm_top_container frm3 frm_first vertical_radio\">\n\t<div  id=\"field_nxli_label\" class=\"frm_primary_label\">Tipos de Silla\n\t\t<span class=\"frm_required\" aria-hidden=\"true\"><\/span>\n\t<\/div>\n\t<div class=\"frm_opt_container\" aria-labelledby=\"field_nxli_label\" role=\"group\">\t\t<div class=\"frm_checkbox\" id=\"frm_checkbox_910-0\">\t\t\t<label  for=\"field_nxli-0\">\n\t\t\t<input type=\"checkbox\" name=\"item_meta[910][]\" id=\"field_nxli-0\" value=\"Inglesa\"  data-invmsg=\"Tipos de Silla no es v\u00e1lido\"   \/> Inglesa<\/label><\/div>\n\t\t<div class=\"frm_checkbox\" id=\"frm_checkbox_910-1\">\t\t\t<label  for=\"field_nxli-1\">\n\t\t\t<input type=\"checkbox\" name=\"item_meta[910][]\" id=\"field_nxli-1\" value=\"Vaquera\"  data-invmsg=\"Tipos de Silla no es v\u00e1lido\"   \/> Vaquera<\/label><\/div>\n\t\t<div class=\"frm_checkbox\" id=\"frm_checkbox_910-2\">\t\t\t<label  for=\"field_nxli-2\">\n\t\t\t<input type=\"checkbox\" name=\"item_meta[910][]\" id=\"field_nxli-2\" value=\"Otra\"  data-invmsg=\"Tipos de Silla no es v\u00e1lido\"   \/> Otra<\/label><\/div>\n<\/div>\n\t\n\t\n<\/div>\n<div id=\"frm_field_911_container\" class=\"frm_form_field form-field  frm_top_container frm3\">\n\t<label for=\"field_t3aao\" id=\"field_t3aao_label\" class=\"frm_primary_label\">Inglesa N\u00ba\n\t\t<span class=\"frm_required\" aria-hidden=\"true\"><\/span>\n\t<\/label>\n\t\t\t<select name=\"item_meta[911]\" id=\"field_t3aao\"  data-invmsg=\"Inglesa N\u00ba no es v\u00e1lido\" aria-invalid=\"false\"  >\n\t\t<option  value=\"\" selected='selected'> <\/option><option  value=\"1\">1<\/option><option  value=\"2\">2<\/option><option  value=\"3\">3<\/option><option  value=\"4\">4<\/option><option  value=\"5\">5<\/option><option  value=\"6\">6<\/option><option  value=\"7\">7<\/option><option  value=\"8\">8<\/option><option  value=\"9\">9<\/option>\t<\/select>\n\t\n\t\n\t\n<\/div>\n<div id=\"frm_field_912_container\" class=\"frm_form_field form-field  frm_top_container frm3\">\n\t<label for=\"field_uzit6\" id=\"field_uzit6_label\" class=\"frm_primary_label\">Vaquera n\u00ba\n\t\t<span class=\"frm_required\" aria-hidden=\"true\"><\/span>\n\t<\/label>\n\t\t\t<select name=\"item_meta[912]\" id=\"field_uzit6\"  data-invmsg=\"Vaquera n\u00ba no es v\u00e1lido\" aria-invalid=\"false\"  >\n\t\t<option  value=\"\" selected='selected'> <\/option><option  value=\"1\">1<\/option><option  value=\"2\">2<\/option><option  value=\"3\">3<\/option><option  value=\"4\">4<\/option><option  value=\"5\">5<\/option><option  value=\"6\">6<\/option><option  value=\"7\">7<\/option><option  value=\"8\">8<\/option><option  value=\"9\">9<\/option>\t<\/select>\n\t\n\t\n\t\n<\/div>\n<div id=\"frm_field_913_container\" class=\"frm_form_field form-field  frm_top_container frm3\">\n\t<label for=\"field_keftx\" id=\"field_keftx_label\" class=\"frm_primary_label\">Otra n\u00ba\n\t\t<span class=\"frm_required\" aria-hidden=\"true\"><\/span>\n\t<\/label>\n\t\t\t<select name=\"item_meta[913]\" id=\"field_keftx\"  data-invmsg=\"Otra n\u00ba no es v\u00e1lido\" aria-invalid=\"false\"  >\n\t\t<option  value=\"\" selected='selected'> <\/option><option  value=\"1\">1<\/option><option  value=\"2\">2<\/option><option  value=\"3\">3<\/option><option  value=\"4\">4<\/option><option  value=\"5\">5<\/option><option  value=\"6\">6<\/option><option  value=\"7\">7<\/option><option  value=\"8\">8<\/option><option  value=\"9\">9<\/option>\t<\/select>\n\t\n\t\n\t\n<\/div>\n<div id=\"frm_field_914_container\" class=\"frm_form_field form-field  frm_top_container\">\n\t<label for=\"field_wgpgj\" id=\"field_wgpgj_label\" class=\"frm_primary_label\">Descripci\u00f3n de la(s) silla(s) \u00b7 Marca \u00b7 Modelo \u00b7 Tama\u00f1o \u00b7 A\u00f1o\n\t\t<span class=\"frm_required\" aria-hidden=\"true\"><\/span>\n\t<\/label>\n\t<textarea name=\"item_meta[914]\" id=\"field_wgpgj\" rows=\"5\"  data-invmsg=\"Descripci\u00f3n de la(s) silla(s) \u00b7 Marca \u00b7 Modelo \u00b7 Tama\u00f1o \u00b7 A\u00f1o no es v\u00e1lido\" aria-invalid=\"false\"  ><\/textarea>\n\t\n\t\n<\/div>\n<div id=\"frm_field_915_container\" class=\"frm_form_field  frm_html_container form-field\">\n<hr style=\"height: 2px; background-color: #6868b2;\" data-mce-style=\"height: 2px; background-color: #6868b2;\"><\/div>\n<div id=\"frm_field_916_container\" class=\"frm_form_field  frm_html_container form-field\">\u00bfC\u00f3mo conoci\u00f3 la Asociaci\u00f3n?<\/div>\n<div id=\"frm_field_917_container\" class=\"frm_form_field form-field  frm_top_container frm6 frm_first vertical_radio\">\n\t<div  id=\"field_68n0z_label\" class=\"frm_primary_label\">\n\t\t<span class=\"frm_required\" aria-hidden=\"true\"><\/span>\n\t<\/div>\n\t<div class=\"frm_opt_container\" aria-labelledby=\"field_68n0z_label\" role=\"group\">\t\t<div class=\"frm_checkbox\" id=\"frm_checkbox_917-0\">\t\t\t<label  for=\"field_68n0z-0\">\n\t\t\t<input type=\"checkbox\" name=\"item_meta[917][]\" id=\"field_68n0z-0\" value=\"por Internet \/ Web \/ Foro\"  data-invmsg=\"Este campo no es v\u00e1lido\"   \/> por Internet \/ Web \/ Foro<\/label><\/div>\n\t\t<div class=\"frm_checkbox\" id=\"frm_checkbox_917-1\">\t\t\t<label  for=\"field_68n0z-1\">\n\t\t\t<input type=\"checkbox\" name=\"item_meta[917][]\" id=\"field_68n0z-1\" value=\"viendo una exhibici\u00f3n de AEMA\"  data-invmsg=\"Este campo no es v\u00e1lido\"   \/> viendo una exhibici\u00f3n de AEMA<\/label><\/div>\n\t\t<div class=\"frm_checkbox\" id=\"frm_checkbox_917-2\">\t\t\t<label  for=\"field_68n0z-2\">\n\t\t\t<input type=\"checkbox\" name=\"item_meta[917][]\" id=\"field_68n0z-2\" value=\"folleto \/ publicidad\"  data-invmsg=\"Este campo no es v\u00e1lido\"   \/> folleto \/ publicidad<\/label><\/div>\n<\/div>\n\t\n\t\n<\/div>\n<div id=\"frm_field_918_container\" class=\"frm_form_field form-field  frm_top_container frm6 vertical_radio\">\n\t<div  id=\"field_zr90h_label\" class=\"frm_primary_label\">\n\t\t<span class=\"frm_required\" aria-hidden=\"true\"><\/span>\n\t<\/div>\n\t<div class=\"frm_opt_container\" aria-labelledby=\"field_zr90h_label\" role=\"group\">\t\t<div class=\"frm_checkbox\" id=\"frm_checkbox_918-0\">\t\t\t<label  for=\"field_zr90h-0\">\n\t\t\t<input type=\"checkbox\" name=\"item_meta[918][]\" id=\"field_zr90h-0\" value=\"prensa \/ medios informativos\"  data-invmsg=\"Este campo no es v\u00e1lido\"   \/> prensa \/ medios informativos<\/label><\/div>\n\t\t<div class=\"frm_checkbox\" id=\"frm_checkbox_918-1\">\t\t\t<label  for=\"field_zr90h-1\">\n\t\t\t<input type=\"checkbox\" name=\"item_meta[918][]\" id=\"field_zr90h-1\" value=\"asist\u00ed a un curso o conferencia\"  data-invmsg=\"Este campo no es v\u00e1lido\"   \/> asist\u00ed a un curso o conferencia<\/label><\/div>\n\t\t<div class=\"frm_checkbox\" id=\"frm_checkbox_918-2\">\t\t\t<label  for=\"field_zr90h-2\">\n\t\t\t<input type=\"checkbox\" name=\"item_meta[918][]\" id=\"field_zr90h-2\" value=\"me hablaron de ella\"  data-invmsg=\"Este campo no es v\u00e1lido\"   \/> me hablaron de ella<\/label><\/div>\n<\/div>\n\t\n\t\n<\/div>\n<div id=\"frm_field_919_container\" class=\"frm_form_field form-field  frm_top_container frm3 frm_first vertical_radio\">\n\t<div  id=\"field_8a9e1_label\" class=\"frm_primary_label\">\n\t\t<span class=\"frm_required\" aria-hidden=\"true\"><\/span>\n\t<\/div>\n\t<div class=\"frm_opt_container\" aria-labelledby=\"field_8a9e1_label\" role=\"group\">\t\t<div class=\"frm_checkbox\" id=\"frm_checkbox_919-0\">\t\t\t<label  for=\"field_8a9e1-0\">\n\t\t\t<input type=\"checkbox\" name=\"item_meta[919][]\" id=\"field_8a9e1-0\" value=\"Otro medio\"  data-invmsg=\"Este campo no es v\u00e1lido\"   \/> Otro medio<\/label><\/div>\n<\/div>\n\t\n\t\n<\/div>\n<div id=\"frm_field_920_container\" class=\"frm_form_field form-field  frm_top_container frm9\">\n\t<label for=\"field_twkcj\" id=\"field_twkcj_label\" class=\"frm_primary_label\">Describa cual\n\t\t<span class=\"frm_required\" aria-hidden=\"true\"><\/span>\n\t<\/label>\n\t<textarea name=\"item_meta[920]\" id=\"field_twkcj\" rows=\"5\"  data-invmsg=\"Describa cual no es v\u00e1lido\" aria-invalid=\"false\"  ><\/textarea>\n\t\n\t\n<\/div>\n<div id=\"frm_field_921_container\" class=\"frm_form_field  frm_html_container form-field\">\n<hr style=\"height: 2px; background-color: #6868b2;\" data-mce-style=\"height: 2px; background-color: #6868b2;\"><\/div>\n<div id=\"frm_field_922_container\" class=\"frm_form_field  frm_html_container form-field\"><span style=\"font-size: 14pt;\"><u>Domiciliaci\u00f3n Bancaria<\/u><\/span><br \/>\n<span style=\"font-size: 10pt;\">Si desea domiciliar la cuota anual rellene los datos de su cuenta para la ORDEN BANCARIA del recibo presentado por la Asociaci\u00f3n Espa\u00f1ola de Monta a la Amazona<\/span><\/div>\n<div id=\"frm_field_923_container\" class=\"frm_form_field form-field  frm_top_container\">\n\t<label for=\"field_8rclq\" id=\"field_8rclq_label\" class=\"frm_primary_label\">IBAN\n\t\t<span class=\"frm_required\" aria-hidden=\"true\"><\/span>\n\t<\/label>\n\t<input type=\"text\" id=\"field_8rclq\" name=\"item_meta[923]\" value=\"\"  data-invmsg=\"IBAN no es v\u00e1lido\" aria-invalid=\"false\"  \/>\n\t\n\t\n<\/div>\n<div id=\"frm_field_924_container\" class=\"frm_form_field form-field  frm_top_container\">\n\t<label for=\"field_jfys3\" id=\"field_jfys3_label\" class=\"frm_primary_label\">Titular de la cuenta\n\t\t<span class=\"frm_required\" aria-hidden=\"true\"><\/span>\n\t<\/label>\n\t<input type=\"text\" id=\"field_jfys3\" name=\"item_meta[924]\" value=\"\"  data-invmsg=\"Titular de la cuenta no es v\u00e1lido\" aria-invalid=\"false\"  \/>\n\t\n\t\n<\/div>\n<div id=\"frm_field_925_container\" class=\"frm_form_field form-field  frm_top_container\">\n\t<label for=\"field_853ue\" id=\"field_853ue_label\" class=\"frm_primary_label\">Banco o Caja\n\t\t<span class=\"frm_required\" aria-hidden=\"true\"><\/span>\n\t<\/label>\n\t<input type=\"text\" id=\"field_853ue\" name=\"item_meta[925]\" value=\"\"  data-invmsg=\"Banco o Caja no es v\u00e1lido\" aria-invalid=\"false\"  \/>\n\t\n\t\n<\/div>\n<div id=\"frm_field_926_container\" class=\"frm_form_field form-field  frm_top_container frm_alignright frm6\">\n\t<label for=\"field_cnjda\" id=\"field_cnjda_label\" class=\"frm_primary_label\">Fecha\n\t\t<span class=\"frm_required\" aria-hidden=\"true\"><\/span>\n\t<\/label>\n\t<input type=\"text\" id=\"field_cnjda\" name=\"item_meta[926]\" value=\"\"  data-invmsg=\"Fecha no es v\u00e1lido\" aria-invalid=\"false\"  \/>\n\t\n\t\n<\/div>\n<div id=\"frm_field_927_container\" class=\"frm_form_field  frm_html_container form-field\">\n<hr style=\"height: 2px; background-color: #6868b2;\" data-mce-style=\"height: 2px; background-color: #6868b2;\"><\/div>\n<div id=\"frm_field_928_container\" class=\"frm_form_field  frm_html_container form-field\">\n<p style=\"margin-left: 40px;\"><span style=\"font-family: lucida sans unicode,lucida grande,sans-serif;\"><u>Transferencia Bancaria<\/u><\/span><\/p>\n<p style=\"margin-left: 40px;\"><span style=\"font-family: lucida sans unicode,lucida grande,sans-serif;\"><span style=\"font-size: 18px;\">IBAN ES85 3081 0331 1729 7328 8323<br \/>\nBIC: ERSVES22<\/span><\/span><br \/>\n<span style=\"font-size: 16px;\">Titular: <span style=\"font-family: lucida sans unicode,lucida grande,sans-serif;\">Asoc. Esp. Monta Amazona<\/span><br \/>\nEntidad: <span style=\"font-family: lucida sans unicode,lucida grande,sans-serif;\">EuroCaja Rural<\/span><\/span><\/p>\n<p style=\"margin-left: 40px;\"><span style=\"font-size: 12px;\"><span style=\"font-family: lucida sans unicode,lucida grande,sans-serif;\">El formulario solo ser\u00e1 validado despu\u00e9s de haber recibido el pago.<\/span><\/span><\/p>\n<\/div>\n<div id=\"frm_field_929_container\" class=\"frm_form_field  frm_html_container form-field\">\n<hr style=\"height: 2px; background-color: #6868b2;\" data-mce-style=\"height: 2px; background-color: #6868b2;\"><\/div>\n<div id=\"frm_field_930_container\" class=\"frm_form_field  frm_html_container form-field\">\n<p style=\"margin-left: 40px;\"><span style=\"font-size: 12px;\">La informaci&oacute;n recogida en este formulario ser&aacute; utilizada exclusivamente para los fines de la asociaci&oacute;n y puede ser modificada o anulada por el titular en la sede social de la Asociaci&oacute;n.<\/span> <span style=\"font-size: 12px;\"><a href=\"https:\/\/www.monta-amazona.com\/clubaema1\/privacy-policy\/\" target=\"_blank\">Pol\u00edtica de Privacidad<\/a><\/span><\/p>\n<\/div>\n<div id=\"frm_field_931_container\" class=\"frm_form_field  frm_html_container form-field\">\n<p style=\"margin-left: 40px;\"><span style=\"font-size: 16px;\">Conexi&oacute;n Segura SSL<\/span><\/p>\n<p style=\"margin-left: 40px;\"><img decoding=\"async\" alt=\"\" src=\"https:\/\/www.monta-amazona.com\/clubaema1\/wp-content\/uploads\/files\/images\/sectigo_trust_seal_sm_82x32-80x32-1.png\" \/><\/p>\n<\/div>\n<div id=\"frm_field_932_container\" class=\"frm_form_field  frm_html_container form-field\">\n<hr style=\"height: 2px; background-color: #6868b2;\" data-mce-style=\"height: 2px; background-color: #6868b2;\"><\/div>\n<div id=\"frm_field_933_container\" class=\"frm_form_field form-field \">\n\t<div class=\"frm_submit frm_flex\">\r\n<button class=\"frm_button_submit\" type=\"submit\"  >Enviar<\/button>\r\n\r\n\r\n\r\n<\/div>\n<\/div>\n\t<input type=\"hidden\" name=\"item_key\" value=\"\" \/>\n\t\t\t<div id=\"frm_field_1150_container\">\n\t\t\t<label for=\"field_x0k96\" >\n\t\t\t\tSi eres humano, deja este campo en blanco.\t\t\t<\/label>\n\t\t\t<input  id=\"field_x0k96\" type=\"text\" class=\"frm_form_field form-field frm_verify\" name=\"item_meta[1150]\" value=\"\"  \/>\n\t\t<\/div>\n\t\t<input name=\"frm_state\" type=\"hidden\" value=\"e8RBtNLHOgtGmqv2mtYvgSc6DNZbQ\/vKQQQgg5UXo4k=\" \/><\/div>\n<\/fieldset>\n<\/div>\n\n<\/form>\n<\/div>\n\n<hr \/>\n<p>Transferencia Bancaria<\/p>\n<p>IBAN ES85 3081 0331 1729 7328 8323<br \/>\nBIC: ERSVES22<br \/>\nTitular: Asociaci\u00f3n Espa\u00f1ola de Monta a la Amazona<br \/>\nEntidad: EuroCaja Rural<\/p>\n<p>El formulario adquiere validez cuando se haya recibido el pago.<\/p>\n","protected":false},"excerpt":{"rendered":"<p><span style=\"font-size: 14pt;\">Inscripci\u00f3n Nueva Socia 2025<\/span><\/p>\n<p><span style=\"font-size: 8pt;\"> Por favor, rellene el formulario m\u00e1s abajo<\/span><\/p>\n<p><span style=\"font-size: 8pt;\">Si ya es Socia y desea renovar su cuota, h\u00e1galo <a href=\"https:\/\/www.monta-amazona.com\/clubaema1\/product\/renova-2025\/\">aqu\u00ed<\/a>.<\/span><\/p>\n","protected":false},"featured_media":6351,"comment_status":"open","ping_status":"closed","template":"","meta":{"_kadence_starter_templates_imported_post":false,"_kad_post_transparent":"default","_kad_post_title":"","_kad_post_layout":"default","_kad_post_sidebar_id":"","_kad_post_content_style":"default","_kad_post_vertical_padding":"default","_kad_post_feature":"","_kad_post_feature_position":"","_kad_post_header":false,"_kad_post_footer":false,"_kad_post_classname":""},"product_brand":[],"product_cat":[57,58,118,60],"product_tag":[98,117],"class_list":{"0":"post-6353","1":"product","2":"type-product","3":"status-publish","4":"has-post-thumbnail","6":"product_cat-conecta","7":"product_cat-conexnosocias","8":"product_cat-reciente","9":"product_cat-asocia","10":"product_tag-nueva-socia","11":"product_tag-reciente","13":"first","14":"instock","15":"featured","16":"virtual","17":"purchasable","18":"product-type-simple","19":"entry","20":"content-bg","21":"loop-entry"},"_links":{"self":[{"href":"https:\/\/www.monta-amazona.com\/clubaema1\/wp-json\/wp\/v2\/product\/6353","targetHints":{"allow":["GET"]}}],"collection":[{"href":"https:\/\/www.monta-amazona.com\/clubaema1\/wp-json\/wp\/v2\/product"}],"about":[{"href":"https:\/\/www.monta-amazona.com\/clubaema1\/wp-json\/wp\/v2\/types\/product"}],"replies":[{"embeddable":true,"href":"https:\/\/www.monta-amazona.com\/clubaema1\/wp-json\/wp\/v2\/comments?post=6353"}],"wp:featuredmedia":[{"embeddable":true,"href":"https:\/\/www.monta-amazona.com\/clubaema1\/wp-json\/wp\/v2\/media\/6351"}],"wp:attachment":[{"href":"https:\/\/www.monta-amazona.com\/clubaema1\/wp-json\/wp\/v2\/media?parent=6353"}],"wp:term":[{"taxonomy":"product_brand","embeddable":true,"href":"https:\/\/www.monta-amazona.com\/clubaema1\/wp-json\/wp\/v2\/product_brand?post=6353"},{"taxonomy":"product_cat","embeddable":true,"href":"https:\/\/www.monta-amazona.com\/clubaema1\/wp-json\/wp\/v2\/product_cat?post=6353"},{"taxonomy":"product_tag","embeddable":true,"href":"https:\/\/www.monta-amazona.com\/clubaema1\/wp-json\/wp\/v2\/product_tag?post=6353"}],"curies":[{"name":"wp","href":"https:\/\/api.w.org\/{rel}","templated":true}]}}