{"id":6378,"date":"2025-04-28T09:28:57","date_gmt":"2025-04-28T09:28:57","guid":{"rendered":"https:\/\/www.monta-amazona.com\/clubaema1\/?post_type=product&#038;p=6378"},"modified":"2025-09-16T15:36:02","modified_gmt":"2025-09-16T15:36:02","slug":"inscrip-tusilla-250526-ns","status":"publish","type":"product","link":"https:\/\/www.monta-amazona.com\/clubaema1\/product\/inscrip-tusilla-250526-ns\/","title":{"rendered":"Inscripci\u00f3n Sesi\u00f3n TU SILLA Sevilla 26-30 mayo 25"},"content":{"rendered":"<p style=\"text-align: center;\"><span style=\"font-size: 14pt;\">Inscripci\u00f3n <span style=\"font-family: lucida sans unicode,lucida grande,sans-serif;\">Sesi\u00f3n AEMA <u><strong>TU SILLA<\/strong> de Amazona<\/u><\/span>\u00a026-30 mayo 2025<\/span><br \/>\n<span style=\"font-size: 14pt;\">Inscripci\u00f3n para -No Socias-<\/span><\/p>\n<p style=\"text-align: center;\"><span style=\"font-size: 14px;\">Inscripci\u00f3n para Socias AEMA <a href=\"https:\/\/www.monta-amazona.com\/clubaema1\/product\/inscrip-tusilla-250526-socias\/\">aqu\u00ed<\/a><\/span><\/p>\n<p><span style=\"font-size: 12pt;\">Inscripci\u00f3n <strong>hasta 24 de mayo<\/strong><\/span><\/p>\n<p><span style=\"font-size: 10pt;\">Cada sesi\u00f3n es individualizada y privada, por lo tanto, por motivos de confidencialidad, no se permiten oyentes.<\/span><\/p>\n<hr style=\"background: none; width: 50%; border-top: 2px solid #6868b2;\" \/>\n<p><span style=\"font-size: 14px;\">rellene y env\u00ede el siguiente formulario <\/span><\/p>\n<hr style=\"background: none; width: 50%; border-top: 2px solid #6868b2;\" \/>\n<div class=\"frm_forms  with_frm_style frm_style_estilo-de-formidable\" id=\"frm_form_43_container\" data-token=\"15d36b8dc987eaef265c1578aa63eeb5\">\n<form enctype=\"multipart\/form-data\" method=\"post\" class=\"frm-show-form \" id=\"form_250526_tusilla_nosocias\" data-token=\"15d36b8dc987eaef265c1578aa63eeb5\">\n<div class=\"frm_form_fields \">\n<fieldset>\n<legend class=\"frm_screen_reader\">250526_TuSilla_NoSocias<\/legend>\r\n\r\n<div class=\"frm_fields_container\">\n<input type=\"hidden\" name=\"frm_action\" value=\"create\" \/>\n<input type=\"hidden\" name=\"form_id\" value=\"43\" \/>\n<input type=\"hidden\" name=\"frm_hide_fields_43\" id=\"frm_hide_fields_43\" value=\"\" \/>\n<input type=\"hidden\" name=\"form_key\" value=\"250526_tusilla_nosocias\" \/>\n<input type=\"hidden\" name=\"item_meta[0]\" value=\"\" \/>\n<input type=\"hidden\" id=\"frm_submit_entry_43\" name=\"frm_submit_entry_43\" value=\"14a931e232\" \/><input type=\"hidden\" name=\"_wp_http_referer\" value=\"\/clubaema1\/wp-json\/wp\/v2\/product\/6378\" \/><div id=\"frm_field_984_container\" class=\"frm_form_field  frm_html_container form-field\"><img loading=\"lazy\" decoding=\"async\" class=\"aligncenter\" src=\"https:\/\/www.monta-amazona.com\/clubaema1\/wp-content\/uploads\/files\/images\/LogoAEMAColor_33.png\" alt=\"Logo AEMA\" width=\"150\" height=\"150\" \/><\/div>\n<div id=\"frm_field_985_container\" class=\"frm_form_field  frm_html_container form-field\"><img loading=\"lazy\" decoding=\"async\" class=\"aligncenter\" src=\"https:\/\/www.monta-amazona.com\/clubaema1\/wp-content\/uploads\/files\/Inscrip-Cursos\/250526_Inscrp-NoSocias.jpg\" alt=\"250526 Inscripci\u00f3n No Socias\" width=\"150\" height=\"150\" \/><\/div>\n<div id=\"frm_field_986_container\" class=\"frm_form_field  frm_html_container form-field\">\n<p style=\"text-align: center;\"><span style=\"font-family: verdana,geneva,sans-serif;\"><strong><u><span style=\"font-size: 18px;\">Sesi\u00f3n AEMA \u00b7 Tu Silla de Amazona \u00b7\u00a0 26-30 mayo 2025<\/span><\/u><\/strong><\/span><\/p>\n<p style=\"text-align: center;\"><span style=\"font-size: 18px;\">Asesoramiento para<br \/>TU SILLA de Amazona<br \/>Adaptaci\u00f3n, Ajuste y Colocaci\u00f3n<span style=\"font-size: 16px;\"><br \/><\/span><span style=\"font-size: 16px;\"><u><strong>Inscripci\u00f3n para NO Socias<\/strong><\/u><\/span><\/span><\/p>\n<p style=\"text-align: center;\"><span style=\"font-size: 16px;\">Duraci\u00f3n de la sesi\u00f3n: entre 30min y 60min<\/span><\/p>\n<p style=\"text-align: center;\"><span style=\"font-size: 14px;\"><br \/>Inscripci\u00f3n para Socias AEMA <a href=\"https:\/\/www.monta-amazona.com\/clubaema1\/product\/inscrip-curso-250524-socias\">aqu\u00ed<\/a><\/span><\/p>\n<hr style=\"background: none; border-top: 2px solid #6868b2;\" \/>\n<p>Por favor, rellene los apartados obligatorios <strong><span style=\"color: #ff0000;\"><span style=\"font-size: 18px;\">*<\/span><\/span><\/strong> de este formulario, son necesarios para identificar su pago y enviarle la informaci\u00f3n de la Sesi\u00f3n AEMA <strong>\u00b7Tu Silla\u00b7 <\/strong><br \/><span style=\"font-size: 14px;\">Ingrese la cantidad en la cuenta AEMA cuyos datos figuran al pie de esta p\u00e1gina, indicando su nombre en el concepto.<\/span><br \/><span style=\"font-size: 14px;\">El formulario solo es v\u00e1lido una vez recibido el pago correspondiente.<\/span><br \/><span style=\"font-size: 14px;\">\u200bPara cualquier aclaraci\u00f3n o duda, escriba a <em>aema.asociacion@gmail.com\u200b<\/em><\/span><\/p>\n<\/div>\n<div id=\"frm_field_987_container\" class=\"frm_form_field form-field  frm_required_field frm_top_container\">\n\t<div  id=\"field_9pl784_label\" class=\"frm_primary_label\">Nombre\n\t\t<span class=\"frm_required\" aria-hidden=\"true\">*<\/span>\n\t<\/div>\n\t<fieldset aria-labelledby=\"field_9pl784_label\">\n\t<legend class=\"frm_screen_reader frm_hidden\">\n\t\tNombre\t<\/legend>\n\n\t<div  class=\"frm_combo_inputs_container\" id=\"frm_combo_inputs_container_987\" data-name-layout=\"first_last\">\n\t\t\t\t\t<div\n\t\t\t\tid=\"frm_field_987-first_container\"\n\t\t\t\tclass=\"frm_form_field form-field frm_form_subfield-first  frm6\"\n\t\t\t\tdata-sub-field-name=\"first\"\n\t\t\t>\n\t\t\t\t<label for=\"field_9pl784_first\" class=\"frm_screen_reader frm_hidden\">\n\t\t\t\t\tNombre\t\t\t\t<\/label>\n\n\t\t\t\t<input  type=\"text\" id=\"field_9pl784_first\" value=\"\" name=\"item_meta[987][first]\" autocomplete=\"given-name\" data-reqmsg=\"Nombre no puede estar en blanco.\" aria-required=\"true\" data-invmsg=\"Nombre no es v\u00e1lido\" aria-invalid=\"false\"  \/><div class=\"frm_description\" id=\"frm_field_987_first_desc\">Nombre<\/div>\t\t\t<\/div>\n\t\t\t\t\t\t<div\n\t\t\t\tid=\"frm_field_987-last_container\"\n\t\t\t\tclass=\"frm_form_field form-field frm_form_subfield-last  frm6\"\n\t\t\t\tdata-sub-field-name=\"last\"\n\t\t\t>\n\t\t\t\t<label for=\"field_9pl784_last\" class=\"frm_screen_reader frm_hidden\">\n\t\t\t\t\tApellidos\t\t\t\t<\/label>\n\n\t\t\t\t<input  type=\"text\" id=\"field_9pl784_last\" value=\"\" name=\"item_meta[987][last]\" autocomplete=\"family-name\" data-reqmsg=\"Nombre no puede estar en blanco.\" aria-required=\"true\" data-invmsg=\"Nombre no es v\u00e1lido\" aria-invalid=\"false\"  \/><div class=\"frm_description\" id=\"frm_field_987_last_desc\">Apellidos<\/div>\t\t\t<\/div>\n\t\t\t\t<\/div>\n<\/fieldset>\n\n\t\n\t\n<\/div>\n<div id=\"frm_field_988_container\" class=\"frm_form_field form-field  frm_required_field frm_top_container frm_two_thirds\">\n\t<label for=\"field_q51ig4\" id=\"field_q51ig4_label\" class=\"frm_primary_label\">Correo eletr\u00f3nico\n\t\t<span class=\"frm_required\" aria-hidden=\"true\">*<\/span>\n\t<\/label>\n\t<input type=\"email\" id=\"field_q51ig4\" name=\"item_meta[988]\" value=\"\"  data-reqmsg=\"Correo eletr\u00f3nico no puede estar en blanco.\" aria-required=\"true\" data-invmsg=\"Correo eletr\u00f3nico no es v\u00e1lido\" aria-invalid=\"false\"  \/>\n\t\n\t\n<\/div>\n<div id=\"frm_field_989_container\" class=\"frm_form_field form-field  frm_required_field frm_top_container frm_third\">\n\t<label for=\"field_g8wjk4\" id=\"field_g8wjk4_label\" class=\"frm_primary_label\">Tel\u00e9fono\n\t\t<span class=\"frm_required\" aria-hidden=\"true\">*<\/span>\n\t<\/label>\n\t<input type=\"text\" id=\"field_g8wjk4\" name=\"item_meta[989]\" value=\"\"  maxlength=\"20\" data-reqmsg=\"Tel\u00e9fono no puede estar en blanco.\" aria-required=\"true\" data-invmsg=\"Tel\u00e9fono no es v\u00e1lido\" aria-invalid=\"false\"  \/>\n\t\n\t\n<\/div>\n<div id=\"frm_field_990_container\" class=\"frm_form_field  frm_html_container form-field\">\n<p style=\"margin-left: 40px;\"><span style=\"font-size: 12px;\">Por favor, no se olvide de proporcionar un email v\u00e1lido y su n\u00famero de m\u00f3vil.<br \/>\nRecibir\u00e1 toda la informaci\u00f3n del curso mediante e-mail, y le avisaremos por tel\u00e9fono o mensajer\u00eda en caso de que haya alg\u00fan ajuste de \u00faltima hora.\u200b<\/span>\u200b<\/p>\n<\/div>\n<div id=\"frm_field_991_container\" class=\"frm_form_field  frm_html_container form-field\">\n<hr style=\"height: 2px; background-color: #6868b2;\" \/><\/div>\n<div id=\"frm_field_992_container\" class=\"frm_form_field  frm_html_container form-field\">\n<p style=\"margin-left: 40px;\"><u><span style=\"font-family: verdana,geneva,sans-serif;\"><span style=\"font-size: 18px;\">Sesi\u00f3n AEMA <strong>\u00b7 TU SILLA \u00b7<\/strong><\/span><\/span><\/u><\/p>\n<p style=\"margin-left: 40px;\"><span style=\"font-family: verdana,geneva,sans-serif;\"><span style=\"font-size: 14px;\">Marque la opci\u00f3n<\/span><\/span><\/p>\n<\/div>\n<div id=\"frm_field_993_container\" class=\"frm_form_field form-field  frm_top_container vertical_radio\">\n\t<div  id=\"field_xa2yt4_label\" class=\"frm_primary_label\">Modalidad de Asistente\n\t\t<span class=\"frm_required\" aria-hidden=\"true\"><\/span>\n\t<\/div>\n\t<div class=\"frm_opt_container\" aria-labelledby=\"field_xa2yt4_label\" role=\"radiogroup\">\t\t<div class=\"frm_radio\" id=\"frm_radio_993-0\">\t\t\t<label  for=\"field_xa2yt4-0\">\n\t\t\t\t\t<input type=\"radio\" name=\"item_meta[993]\" id=\"field_xa2yt4-0\" value=\"Sesi\u00f3n AEMA \u00b7 TU SILLA\u00b7 No Socia - 40\u20ac\"\n\t\t   data-invmsg=\"Modalidad de Asistente no es v\u00e1lido\"  \/> Sesi\u00f3n AEMA \u00b7 TU SILLA\u00b7 No Socia - 40\u20ac<\/label><\/div>\n<\/div>\n\t\n\t\n<\/div>\n<div id=\"frm_field_994_container\" class=\"frm_form_field  frm_html_container form-field\">\n<p style=\"margin-left: 40px;\"><span style=\"font-family: verdana,geneva,sans-serif;\"><span style=\"font-size: 12px;\">Cada sesi\u00f3n es individualizada y privada, por lo tanto, por motivos de confidencialidad, no se permiten oyentes.<\/span><\/span><\/p>\n<p style=\"margin-left: 40px;\"><\/span><\/p>\n<p style=\"margin-left: 40px;\"><u><span style=\"font-family: verdana,geneva,sans-serif;\"><span style=\"font-size: 20px;\">Descripci\u00f3n de Silla y Caballo<\/span><\/span><\/u><\/p>\n<p style=\"margin-left: 40px;\"><span style=\"font-family: verdana,geneva,sans-serif;\"><span style=\"font-size: 15px;\">Describa su silla de amazona, tipo, vaquera o inglesa, modelo y tama\u00f1o en el siguiente campo.<br \/>\nSi es posible, por favor, env\u00ede unas fotos desde los 4 lados, derecho, izquierdo, anterior y posterior de su caballo con la silla de amazona puesta al email aema.asociacion@gmail.com o al n\u00famero 692192777<\/span><\/span><\/p>\n<\/div>\n<div id=\"frm_field_995_container\" class=\"frm_form_field form-field  frm_top_container\">\n\t<label for=\"field_9afcl4\" id=\"field_9afcl4_label\" class=\"frm_primary_label\">Descripci\u00f3n de su silla de amazona \n\t\t<span class=\"frm_required\" aria-hidden=\"true\"><\/span>\n\t<\/label>\n\t<textarea name=\"item_meta[995]\" id=\"field_9afcl4\" rows=\"3\"  data-invmsg=\"Descripci\u00f3n de su silla de amazona  no es v\u00e1lido\" aria-invalid=\"false\"  ><\/textarea>\n\t\n\t\n<\/div>\n<div id=\"frm_field_996_container\" class=\"frm_form_field  frm_html_container form-field\">\n<hr style=\"height: 2px; background-color: #6868b2;\" \/><\/div>\n<div id=\"frm_field_997_container\" class=\"frm_form_field  frm_html_container form-field\">\n<p style=\"margin-left: 40px;\"><span style=\"font-family: verdana, geneva, sans-serif; text-decoration-line: underline; font-size: 20px;\">Nota que quiera a\u00f1adir a su inscripci\u00f3n<\/span><\/p>\n<\/div>\n<div id=\"frm_field_998_container\" class=\"frm_form_field form-field  frm_top_container\">\n\t<label for=\"field_1cw0p4\" id=\"field_1cw0p4_label\" class=\"frm_primary_label\">escriba cualquier informaci\u00f3n que considere importante o de inter\u00e9s para su inscripci\u00f3n\n\t\t<span class=\"frm_required\" aria-hidden=\"true\"><\/span>\n\t<\/label>\n\t<textarea name=\"item_meta[998]\" id=\"field_1cw0p4\" rows=\"5\"  data-invmsg=\"escriba cualquier informaci\u00f3n que considere importante o de inter\u00e9s para su inscripci\u00f3n no es v\u00e1lido\" aria-invalid=\"false\"  ><\/textarea>\n\t\n\t\n<\/div>\n<div id=\"frm_field_999_container\" class=\"frm_form_field  frm_html_container form-field\">\n<hr style=\"height: 2px; background-color: #6868b2;\" \/><\/div>\n<div id=\"frm_field_1000_container\" class=\"frm_form_field  frm_html_container form-field\">\n<p style=\"margin-left: 40px;\"><span style=\"font-family: verdana,geneva,sans-serif;\"><span style=\"font-size: 14px;\">\u200bPor favor, realice el ingreso mediante transferencia bancaria <\/span><\/span><br \/>\n<span style=\"font-family: verdana,geneva,sans-serif;\"><span style=\"font-size: 14px;\">en el concepto escriba:\u00a0<strong>240526<\/strong>\u00a0y\u00a0<strong>nombre<\/strong> <\/span><\/span><\/p>\n<p style=\"margin-left: 40px;\"><span style=\"font-family: verdana,geneva,sans-serif;\"><span style=\"font-size: 14px;\">IBAN <span style=\"font-size: 16px;\"><strong>ES85 3081 0331 1729 7328 8323<\/strong><\/span><br \/>\nBIC: ERSVES22<br \/>\nTitular: Asoc. Esp. Monta Amazona<br \/>\nEntidad: EuroCaja Rural <\/span><\/span><\/p>\n<p style=\"margin-left: 40px;\"><span style=\"font-family: verdana,geneva,sans-serif;\"><span style=\"font-size: 14px;\">El formulario adquiere validez cuando se haya recibido el pago.\u200b<\/span><\/span><\/p>\n<\/div>\n<div id=\"frm_field_1001_container\" class=\"frm_form_field  frm_html_container form-field\">\n<hr style=\"height: 2px; background-color: #6868b2;\" \/><\/div>\n<div id=\"frm_field_1002_container\" class=\"frm_form_field  frm_html_container form-field\">\n<p style=\"margin-left: 40px;\"><span style=\"font-size: 12px;\">La informaci\u00f3n recogida en este formulario ser\u00e1 utilizada exclusivamente para los fines de la asociaci\u00f3n y puede ser modificada o anulada por el titular en la sede social de la Asociaci\u00f3n.<\/span><\/p>\n<p style=\"margin-left: 40px;\"><span style=\"font-size: 12px;\"><a href=\"https:\/\/www.monta-amazona.com\/clubaema1\/privacy-policy\/\">Pol\u00edtica de Privacidad<\/a><\/span><\/p>\n<\/div>\n<div id=\"frm_field_1003_container\" class=\"frm_form_field  frm_html_container form-field\">\n<p style=\"margin-left: 40px;\"><span style=\"font-size: 16px;\">Conexi\u00f3n Segura SSL<\/span><\/p>\n<p style=\"margin-left: 40px;\"><img decoding=\"async\" src=\"https:\/\/www.monta-amazona.com\/clubaema1\/wp-content\/uploads\/files\/images\/sectigo_trust_seal_sm_82x32-80x32-1.png\" \/><\/p>\n<\/div>\n<div id=\"frm_field_1004_container\" class=\"frm_form_field  frm_html_container form-field\">\n<hr style=\"height: 2px; background-color: #6868b2;\" \/><\/div>\n<div id=\"frm_field_1005_container\" class=\"frm_form_field form-field \">\n\t<div class=\"frm_submit frm_flex\">\r\n<button class=\"frm_button_submit\" type=\"submit\"  >Enviar<\/button>\r\n\r\n\r\n\r\n<\/div>\n<\/div>\n\t<input type=\"hidden\" name=\"item_key\" value=\"\" \/>\n\t\t\t<div id=\"frm_field_1150_container\">\n\t\t\t<label for=\"field_7sgbw\" >\n\t\t\t\tSi eres humano, deja este campo en blanco.\t\t\t<\/label>\n\t\t\t<input  id=\"field_7sgbw\" type=\"text\" class=\"frm_form_field form-field frm_verify\" name=\"item_meta[1150]\" value=\"\"  \/>\n\t\t<\/div>\n\t\t<input name=\"frm_state\" type=\"hidden\" value=\"e8RBtNLHOgtGmqv2mtYvgSc6DNZbQ\/vKQQQgg5UXo4k=\" \/><\/div>\n<\/fieldset>\n<\/div>\n\n<\/form>\n<\/div>\n\n","protected":false},"excerpt":{"rendered":"<p><span style=\"font-size: 14pt;\">Inscripci\u00f3n <span style=\"font-family: lucida sans unicode,lucida grande,sans-serif;\">Sesi\u00f3n AEMA<br \/>\n<strong>TU SILLA<\/strong> de Amazona<\/span> 26-30 mayo 2025<\/span><br \/>\n<span style=\"font-size: 14pt;\">Inscripci\u00f3n para <strong>&#8211; No Socias &#8211;<\/strong><br \/>\n<span style=\"font-size: 12px;\">hasta <strong>24 de mayo<\/strong><\/span><\/span><\/p>\n<p><span style=\"font-size: 12px;\">Inscripci\u00f3n para Socias AEMA<a href=\"https:\/\/www.monta-amazona.com\/clubaema1\/product\/inscrip-tusilla-250526-socias\/\">aqu\u00ed<\/a><\/span><\/p>\n","protected":false},"featured_media":6373,"comment_status":"open","ping_status":"closed","template":"","meta":{"_kadence_starter_templates_imported_post":false,"_kad_post_transparent":"default","_kad_post_title":"","_kad_post_layout":"default","_kad_post_sidebar_id":"","_kad_post_content_style":"default","_kad_post_vertical_padding":"default","_kad_post_feature":"","_kad_post_feature_position":"","_kad_post_header":false,"_kad_post_footer":false,"_kad_post_classname":""},"product_brand":[],"product_cat":[116,64,59],"product_tag":[70,68,117],"class_list":{"0":"post-6378","1":"product","2":"type-product","3":"status-publish","4":"has-post-thumbnail","6":"product_cat-cursos","7":"product_cat-inscrip","8":"product_cat-inscripno","9":"product_tag-inscripcion-no-socias","10":"product_tag-inscripciones","11":"product_tag-reciente","13":"first","14":"outofstock","15":"featured","16":"virtual","17":"purchasable","18":"product-type-simple","19":"entry","20":"content-bg","21":"loop-entry"},"_links":{"self":[{"href":"https:\/\/www.monta-amazona.com\/clubaema1\/wp-json\/wp\/v2\/product\/6378","targetHints":{"allow":["GET"]}}],"collection":[{"href":"https:\/\/www.monta-amazona.com\/clubaema1\/wp-json\/wp\/v2\/product"}],"about":[{"href":"https:\/\/www.monta-amazona.com\/clubaema1\/wp-json\/wp\/v2\/types\/product"}],"replies":[{"embeddable":true,"href":"https:\/\/www.monta-amazona.com\/clubaema1\/wp-json\/wp\/v2\/comments?post=6378"}],"wp:featuredmedia":[{"embeddable":true,"href":"https:\/\/www.monta-amazona.com\/clubaema1\/wp-json\/wp\/v2\/media\/6373"}],"wp:attachment":[{"href":"https:\/\/www.monta-amazona.com\/clubaema1\/wp-json\/wp\/v2\/media?parent=6378"}],"wp:term":[{"taxonomy":"product_brand","embeddable":true,"href":"https:\/\/www.monta-amazona.com\/clubaema1\/wp-json\/wp\/v2\/product_brand?post=6378"},{"taxonomy":"product_cat","embeddable":true,"href":"https:\/\/www.monta-amazona.com\/clubaema1\/wp-json\/wp\/v2\/product_cat?post=6378"},{"taxonomy":"product_tag","embeddable":true,"href":"https:\/\/www.monta-amazona.com\/clubaema1\/wp-json\/wp\/v2\/product_tag?post=6378"}],"curies":[{"name":"wp","href":"https:\/\/api.w.org\/{rel}","templated":true}]}}