{"id":450,"date":"2024-03-07T15:06:57","date_gmt":"2024-03-07T15:06:57","guid":{"rendered":"https:\/\/www.monta-amazona.com\/eventos\/?page_id=450"},"modified":"2025-06-03T04:34:14","modified_gmt":"2025-06-03T04:34:14","slug":"ev2021","status":"publish","type":"page","link":"https:\/\/www.monta-amazona.com\/eventos\/ev2021\/","title":{"rendered":"2021"},"content":{"rendered":"\n\n\n\n\n\n\n\n\n<p>2021<\/p>\n\n\n\n\n\n\n\n\n\n\n\n\n\n\n\n<p style=\"text-align: center;\"><em><em style=\"font-size: 12px; color: rgb(165, 165, 165);\"><a href=\"https:\/\/www.monta-amazona.com\/eventos\/wp-content\/uploads\/inscrip\/Socia2021_AEMA.pdf\">Impreso de Inscripci\u00f3n Socia 2021<\/a><\/em><\/em><\/p>\n\n\n\n\n\n\n\n\n\n\n\n\n\n\n\n\n<p style=\"text-align: center;\"><em><em style=\"font-size: 10px; color: rgb(165, 165, 165);\">pincha sobre la imagen para ver grande<\/em><\/em><\/p>\n\n\n<p style=\"font-size: 24px; font-weight: 700; text-align: center; color: rgb(123, 31, 70); font-family: Orbitron;\"><span style=\"\"><span style=\"\"><span style=\"\">Garbeo Virtual 1<\/span><\/span><\/span><\/p>\n\n<p>&nbsp;<br><\/p>\n\n<p style=\"font-size: 14px; color: rgb(60, 60, 140); text-align: center;\">Bimestral Invierno&nbsp;<\/p>\n\n<p style=\"font-size: 14px;  font-weight: 700; color: rgb(60, 60, 140); text-align: center;\">hasta el 31 enero 2020<\/p>\n\n<p style=\"font-size: 14px; color: rgb(60, 60, 140); text-align: center;\">Concurso AEMA no presencial<\/p>\n\n<p style=\"font-size: 12px; color: rgb(60, 60, 140); text-align: center;\">Todos los niveles<\/p>\n\n<p style=\"font-size: 12px; color: rgb(60, 60, 140); text-align: center;\">Muchas pruebas<\/p>\n\n<p>&nbsp;<\/p>\n\n<p style=\"font-size: 14px; color: rgb(60, 60, 140); text-align: center;\">Equitaci\u00f3n a la Amazona<\/p>\n\n<p style=\"font-size: 12px; color: rgb(60, 60, 140); text-align: center;\">\u2022 Paso \u2022 Paso-Trote \u2022 Paso-Trote-Galope \u2022 Paso-Galope \u2022<\/p>\n\n<p style=\"font-size: 12px; color: rgb(60, 60, 140); text-align: center;\">diferentes niveles en cada grupo<\/p>\n\n<p>&nbsp;<\/p>\n\n<p style=\"font-size: 14px; color: rgb(60, 60, 140); text-align: center;\">Premio Musy<\/p>\n\n<p style=\"font-size: 12px; color: rgb(60, 60, 140); text-align: center;\">\u2022 1, 2 o 3 Saltos en Pista \u2022<\/p>\n\n<p style=\"font-size: 12px; color: rgb(60, 60, 140); text-align: center;\">\u2022 Preliminar \u2022 Intermedio \u2022 Entrenamiento \u2022<\/p>\n\n<p>&nbsp;<\/p>\n\n<p style=\"font-size: 14px; color: rgb(60, 60, 140); text-align: center;\">Destreza<\/p>\n\n<p style=\"font-size: 12px; color: rgb(60, 60, 140); text-align: center;\">\u2022 hasta 5 obst\u00e1culos en Pista \u2022<\/p>\n<p style=\"font-size: 12px; color: rgb(60, 60, 140); text-align: center;\">\u2022 Paso \u2022 Paso-Trote \u2022 Paso-Trote-Galope \u2022Paso-Galope \u2022<\/p>\n<p style=\"font-size: 12px; color: rgb(60, 60, 140); text-align: center;\">en tu propia pista<\/p>\n<p style=\"font-size: 12px; color: rgb(60, 60, 140); text-align: center;\">sin desplazamiento<\/p>\n\n\n\nInscripci\u00f3n Socias AEMA\nInscripci\u00f3n No Socias\n\n\n\n\n\n\n\n\n\n\n\n\n\n\n\n\n\n\n\n\n\n<p style=\"text-align: center; font-size: 12px;\"><em style=\"font-family: &quot;Comic Sans MS&quot;, Textile, cursive, sans-serif; color: rgb(127, 127, 127);\">pincha en \u25b6\ufe0e del centro para ver aqu\u00ed<\/em><\/p>\n\n\n<p style=\"text-align: center;\"><span style=\"font-size: 20px; color: rgb(70, 70, 170); font-weight: 700;\"><span style=\"font-family:Orbitron;\">\u00abGarbeo Virtual 1\u00bb<\/span><\/span><\/p>\n<p style=\"text-align: center;\"><span style=\"font-size: 16px; color: rgb(70, 70, 170); font-weight: 600;\">Invierno 2020-2021<\/span><\/p>\n<p style=\"text-align: center;\"><span style=\"font-size: 14px; color: rgb(70, 70, 170); font-weight: 500;\">Bimestral \u00b7 Concluido 31 enero 2021\n<\/span><\/p>\n\n<p style=\"text-align: center;\"><span style=\"font-size: 12px; color: rgb(60, 60, 140);\">Resumen de participaci\u00f3n<\/span><\/p>\n<p style=\"text-align: center;\"><span style=\"font-size: 11px; color: rgb(60, 60, 140);\">8 amazonas en 13 pruebas<\/span><\/p>\n\n\n\n\n\n\n\n\n\n\n\n\n\n<p style=\"text-align: center;\"><span style=\"font-size: 18px; color: rgb(70, 70, 170); font-weight: 700;\">Garbeo Virtual 1\n<\/span><\/p>\n<p style=\"text-align: center;\"><span style=\"font-size: 16px; color: rgb(70, 70, 170); font-weight: 600;\">Invierno 2020-2021<\/span><\/p>\n<p style=\"text-align: center;\"><span style=\"font-size: 14px; color: rgb(70, 70, 170); font-weight: 500;\">Bimestral \u00b7 Concluido 31 enero 2021\n<\/span><\/p>\n\n<p style=\"text-align: center;\"><span style=\"font-size: 12px; color: rgb(60, 60, 140);\">Resumen de participaci\u00f3n<\/span><\/p>\n<p style=\"text-align: center;\"><span style=\"font-size: 11px; color: rgb(60, 60, 140);\">8 amazonas en 13 pruebas<\/span><\/p>\n\n\n\n\n<div style=\"width: 100%; height: null; position: relative; padding-top: 56.25%\"><iframe style=\"position: absolute; top: 0; left: 0; width: 100%; height: 100%\" allowtransparency=\"true\"   src=\"https:\/\/adilo.bigcommand.com\/watch\/5hXt7g3m \"  frameborder=\"0\" allowfullscreen mozallowfullscreen webkitallowfullscreen oallowfullscreen msallowfullscreen scrolling=\"no\"><\/iframe><\/div>\n\n\n\n\n\n\n\n\n\n\n\n\n\n\n\n\n\n\n\n<p style=\"text-align: center;\"><em><em style=\"color: rgb(104, 104, 178); font-size: 12px;\">pincha sobre la imagen para ver grande<\/em><\/em><\/p>\n\n\n\n<p style=\"font-size: 22px; font-weight: 700; text-align: center; color: rgb(60, 60, 140); font-family: Orbitron;\">\u00abGarbeo Virtual 2\u00bb<span style=\"font-size: 12px; font-family: &quot;Open Sans&quot;; font-weight: 400;\">s<\/span><\/p>\n<p style=\"text-align: center;\"><font color=\"#6868b2\" style=\"\"><span style=\"font-size: 15px;\">Bimestral  Primavera<br><\/span><\/font><span style=\"font-size: 14px; color: rgb(104, 104, 178);\">hasta el 31 mayo 2021<\/span><\/p>\n\n<span style=\"font-size:14px;\"><p style=\"text-align: center;\"><font color=\"#6868b2\"><br>Concurso AEMA no presencial<\/font><\/p><\/span>\n\n<span style=\"font-size:12px;\"><p style=\"text-align: center;\"><font color=\"#6868b2\"><br>Todos los niveles<\/font><\/p><\/span>\n\n<span style=\"font-size:12px;\"><p style=\"text-align: center;\"><font color=\"#6868b2\">Muchas pruebas<\/font><\/p><\/span>\n<p style=\"text-align: center; font-size: 18px; color: rgb(102, 163, 224); font-family: &quot;Roboto Slab&quot;;\">&#8211; Terminado &#8211;<\/p>\n\n<p style=\"font-size: 12px; color: rgb(60, 60, 140); text-align: center;\">\n<\/p><p style=\"font-size: 14px; color: rgb(60, 60, 140); text-align: center;\"><br><\/p><p style=\"font-size: 12px; color: rgb(60, 60, 140); text-align: center;\">en tu propia pista\n<\/p><p style=\"font-size: 12px; color: rgb(60, 60, 140); text-align: center;\">sin desplazamiento\n <\/p>\n\n\n\n\nInscripci\u00f3n Socias AEMA\nInscripci\u00f3n No Socias\n\n\n\n\n\n\n\n\n\n\n\n\n\n\n\n\n\n\n<p style=\"text-align: center;\"><em><em style=\"color: rgb(104, 104, 178); font-size: 12px;\">pincha sobre la imagen para ver grande<\/em><\/em><\/p>\n\n\n\n<p style=\"text-align: center;\"><span style=\"font-family:Rakkas;\"><span style=\"font-size: 28px; font-family: Rakkas; color: rgb(180, 48, 157);\"><span style=\"font-family: &quot;Black Ops One&quot;;\">\u00abVerbena Digital\u00bb<\/span><\/span><\/span><\/p>\n<p><span style=\"font-size:15px;\"><p style=\"text-align: center;\"><font color=\"#6868b2\">Online<\/font><\/p><font color=\"#6868b2\">\n\n<span style=\"font-size:15px;\"><p style=\"text-align: center;\"><font color=\"#6868b2\"><span style=\"font-family:Space Mono;\">Domingo 4 Julio 2021  |  18h<\/span><\/span>\n\n\n\n\n<p><\/p><span style=\"font-size:12px;\"><p style=\"text-align: center;\"><font color=\"#6868b2\">Exclusivo Socias AEMA<\/font><\/p><\/span><\/font><\/span><\/font><\/span>\n\n<p style=\"text-align: center;\"><font color=\"#6868b2\">amenizada con\n<\/font><\/p><p style=\"text-align: center; font-size: 20px; color: rgb(104, 104, 178);\"><strong>3<\/strong> PONENCIAS <strong>3<\/strong><\/p>\n<p>\n<\/p>\n<p style=\"text-align: center;\"><font color=\"#6868b2\"><span style=\"font-size:14px;\">Experiencias del Campeonato del Mundo <br>\u00b7 \nMarta Ferrer Comas \u00b7<\/span><\/p>\n<p style=\"text-align: center;\"><font color=\"#6868b2\"><span style=\"font-size:14px;\">Evaluaci\u00f3n de un caballo <br>para ser montado a la amazona&nbsp; <br>\u00b7 Marisol L\u00f3pez Candel \u00b7<\/span><\/p>\n<p style=\"text-align: center;\"><font color=\"#6868b2\"><span style=\"font-size:14px;\">Atuendo de Amazona Inglesa<br>Tradici\u00f3n y Funci\u00f3n&nbsp;<\/span><\/font><\/p><p style=\"text-align: center;\"><font color=\"#6868b2\">&nbsp;\u00b7 Lien Deraedt \u00b7&nbsp;<\/font><\/p>\n\n<p style=\"text-align: center;\"><font color=\"#6868b2\"><span style=\"font-family:Indie Flower;\"><strong style=\"font-size: 20px;\">\u00a1 3 mini conferencias <br>que no te puedes perder !<\/strong><\/span><\/span><\/font><\/p>\n\n\n\n\n\n\n\n\n\n\n\n\n\n\n\n\n<p style=\"text-align: center;\"><em><em style=\"color: rgb(104, 104, 178); font-size: 12px;\">pincha sobre la imagen para ver grande<\/em><\/em><\/p>\n\n\n\n<p style=\"font-size: 22px; font-weight: 700; text-align: center; color: rgb(60, 60, 140); font-family: Orbitron;\">\u00abGarbeo Virtual 3\u00bb<span style=\"font-size: 12px; font-family: &quot;Open Sans&quot;; font-weight: 400;\">s<\/span><\/p>\n<p><\/p><span style=\"font-size:15px;\"><p style=\"text-align: center;\"><font color=\"#6868b2\">Bimestral  Verano<\/font><\/p><font color=\"#6868b2\">\n\n<p><\/p><span style=\"font-size:14px;\"><p style=\"text-align: center;\"><font color=\"#6868b2\">hasta el 20 Septiembre 2021<\/font><\/p><font color=\"#6868b2\">\n\n<p><\/p><span style=\"font-size:14px;\"><p style=\"text-align: center;\"><font color=\"#6868b2\"><br>Concurso AEMA no presencial<br><\/font><\/p><p style=\"color: rgb(60, 60, 140); text-align: center;\"><span style=\"font-size: 12px;\"><\/span><\/p><span style=\"color:#6868b2;\"><p style=\"text-align: center;\"><span style=\"font-size: 12px;\">en tu propia pista<\/span><br><\/p><p style=\"font-size: 12px; text-align: center;\">sin desplazamiento<\/p><\/span><p style=\"font-size: 12px; color: rgb(60, 60, 140); text-align: center;\"><\/p><font color=\"#6868b2\">\n\n<p><\/p><span style=\"font-size:12px;\"><p style=\"text-align: center;\"><font color=\"#6868b2\"><br>Todos los niveles<\/font><\/p><font color=\"#6868b2\">\n\n<p><\/p><span style=\"font-size:12px;\"><p style=\"text-align: center;\"><font color=\"#6868b2\">Muchas pruebas<\/font><\/p><\/span><\/font><\/span><\/font><\/span><\/font><\/span><\/font><\/span>\n\n<p style=\"text-align: center; font-size: 18px; color: rgb(102, 163, 224); font-family: &quot;Roboto Slab&quot;;\">&#8211; Terminado &#8211;<\/p>\n\n<p><span style=\"font-family: 'Open Sans', sans-serif; font-size: 12px; text-align: center; color: #7f7f7f;\"><a href=\"https:\/\/www.monta-amazona.com\/club\">Informaci\u00f3n para participar<\/a><\/span><\/p>\n\n\n\n\nInscripci\u00f3n Socias AEMA\nInscripci\u00f3n No Socias\n\n\n\n\n\n\n\n\n\n\n\n\n\n\n\n\n\n\n\n<p style=\"text-align: center;\"><em><em style=\"color: rgb(104, 104, 178); font-size: 12px;\">pincha sobre la imagen para ver grande<\/em><\/em><\/p>\n\n\n\n<p style=\"font-size: 22px; font-weight: 700; text-align: center; color: rgb(60, 60, 140); font-family: Orbitron;\">\u00abGarbeo Virtual 4\u00bb<span style=\"font-size: 12px; font-family: &quot;Open Sans&quot;; font-weight: 400;\">s<\/span><\/p>\n<p><\/p><span style=\"font-size:15px;\"><p style=\"text-align: center;\"><font color=\"#6868b2\">Bimestral  Oto\u00f1o<\/font><\/p><font color=\"#6868b2\">\n\n<p><\/p><span style=\"font-size:14px;\"><p style=\"text-align: center;\"><font color=\"#6868b2\">hasta el 30 de noviembre  2021<\/font><\/p>\n\n<p><\/p><span style=\"font-size:14px;\"><p style=\"text-align: center;\"><font color=\"#6868b2\"><br><\/font><\/p><p style=\"text-align: center;\"><font color=\"#6868b2\">Concurso AEMA no presencial<br><\/font><\/p><p style=\"color: rgb(60, 60, 140); text-align: center;\"><span style=\"font-size: 12px;\"><\/span><\/p><p style=\"text-align: center;\"><span style=\"font-size: 12px;\">en tu propia pista<\/span><br><\/p><p style=\"font-size: 12px; text-align: center;\">sin desplazamiento<\/p><p style=\"font-size: 12px; color: rgb(60, 60, 140); text-align: center;\"><\/p><p><\/p><p style=\"text-align: center;\"><font color=\"#6868b2\"><br>Todos los niveles<\/font><\/p><p><\/p><p style=\"text-align: center;\"><span style=\"font-family: Dosis; text-align: start;\"><\/span><font color=\"#6868b2\" style=\"font-family: Dosis; text-align: start;\"><span style=\"font-size: 12px;\"><font color=\"#6868b2\"><\/font><\/span><\/font><\/p><p style=\"box-sizing: border-box; padding: 0px; margin: 1px; overflow-wrap: break-word; font-family: &quot;Open Sans&quot;; font-style: normal; font-weight: 400; text-align: center;\"><font color=\"#6868b2\" style=\"box-sizing: border-box; padding: 0px; margin: 0px; overflow-wrap: break-word;\">Muchas pruebas<\/font><\/p><\/span><\/span><\/font><\/span>\n\n<p style=\"text-align: center; font-size: 18px; color: rgb(102, 163, 224); font-family: &quot;Roboto Slab&quot;;\">&#8211; Terminado &#8211;<\/p>\n\n<p><span style=\"font-family: 'Open Sans', sans-serif; font-size: 12px; text-align: center; color: #7f7f7f;\"><a href=\"https:\/\/www.monta-amazona.com\/club\">Informaci\u00f3n para participar<\/a><\/span><\/p>\n\n\n\nInscripci\u00f3n Socias AEMA\nInscripci\u00f3n No Socias\n\n\n\n\n\n\n\n\n\n\n\n\n\n\n\n\n\n\n\n\n\n\n<p style=\"text-align: center;\"><em><em style=\"color: rgb(187, 187, 187);\">pincha sobre la imagen para ver grande<\/em><\/em><\/p>\n\n\n\n<p style=\"font-size: 20px; text-align: center;\"><span style=\"font-family:Cinzel Decorative;\"><\/span><\/p><span style=\"color:#ffd556;\"><p style=\"font-size: 20px; text-align: center;\"><span style=\"font-family:Cinzel Decorative;\">Feliz Navidad&nbsp;<\/span><span style=\"font-family: Italianno; white-space-collapse: preserve;\">y\n<\/span><span style=\"font-family: &quot;Cinzel Decorative&quot;;\">Pr\u00f3spero A\u00f1o 2022<\/span><\/p><\/span><span style=\"color:#ffde5e;\">\n<p><\/p><\/span>\n<p style=\"font-size: 12px; text-align: center;\"><span style=\"color:#ffd556;\">a todas  las amazonas <br>&nbsp;Mucha felicidad para nuestras socias, gracias por favorecer vuestra Asociaci\u00f3n un a\u00f1o m\u00e1s.<\/p>\n\n\n\n\n\n\n\n\n\n\n\n\n\n\n\n","protected":false},"excerpt":{"rendered":"","protected":false},"author":1,"featured_media":0,"parent":0,"menu_order":0,"comment_status":"closed","ping_status":"closed","template":"","meta":{"pagelayer_contact_templates":[],"_pagelayer_content":"","footnotes":""},"folder":[42],"class_list":["post-450","page","type-page","status-publish","hentry"],"_links":{"self":[{"href":"https:\/\/www.monta-amazona.com\/eventos\/wp-json\/wp\/v2\/pages\/450","targetHints":{"allow":["GET"]}}],"collection":[{"href":"https:\/\/www.monta-amazona.com\/eventos\/wp-json\/wp\/v2\/pages"}],"about":[{"href":"https:\/\/www.monta-amazona.com\/eventos\/wp-json\/wp\/v2\/types\/page"}],"author":[{"embeddable":true,"href":"https:\/\/www.monta-amazona.com\/eventos\/wp-json\/wp\/v2\/users\/1"}],"replies":[{"embeddable":true,"href":"https:\/\/www.monta-amazona.com\/eventos\/wp-json\/wp\/v2\/comments?post=450"}],"version-history":[{"count":4,"href":"https:\/\/www.monta-amazona.com\/eventos\/wp-json\/wp\/v2\/pages\/450\/revisions"}],"predecessor-version":[{"id":1384,"href":"https:\/\/www.monta-amazona.com\/eventos\/wp-json\/wp\/v2\/pages\/450\/revisions\/1384"}],"wp:attachment":[{"href":"https:\/\/www.monta-amazona.com\/eventos\/wp-json\/wp\/v2\/media?parent=450"}],"wp:term":[{"taxonomy":"folder","embeddable":true,"href":"https:\/\/www.monta-amazona.com\/eventos\/wp-json\/wp\/v2\/folder?post=450"}],"curies":[{"name":"wp","href":"https:\/\/api.w.org\/{rel}","templated":true}]}}