{"id":263,"date":"2021-07-15T20:54:46","date_gmt":"2021-07-15T20:54:46","guid":{"rendered":"https:\/\/www.monta-amazona.com\/salasocias\/?page_id=263"},"modified":"2021-09-07T15:23:53","modified_gmt":"2021-09-07T15:23:53","slug":"portada","status":"publish","type":"page","link":"https:\/\/www.monta-amazona.com\/salasocias\/portada\/","title":{"rendered":"Portada"},"content":{"rendered":"\n\n\n\n\n<h3>Presentaci\u00f3n Visual de la <\/h3>\n<h3>\nAsociaci\u00f3n Espa\u00f1ola de Monta a la Amazona<\/h3>\n\n\n\n\n\n\n\n\n<div style=\"width: 100%; height: null; position: relative; padding-top: 56.25%;\"><iframe style=\"position: absolute; top: 0; left: 0; width: 100%; height: 100%\" allowtransparency=\"true\" src=\"https:\/\/adilo.bigcommand.com\/watch\/asPFmVkP \"  frameborder=\"0\" allowfullscreen mozallowfullscreen webkitallowfullscreen oallowfullscreen msallowfullscreen scrolling=\"no\"><\/iframe><\/div>\n\n\n\n\n\n\n\n\n<h2>Sala de Socias<\/h2>\n{&#8220;title&#8221;:&#8221;&#8221;,&#8221;taxonomy&#8221;:&#8221;post_tag&#8221;}\n\n\n\n\n{&#8220;title&#8221;:&#8221;&#8221;,&#8221;taxonomy&#8221;:&#8221;post_tag&#8221;}\n\n\n\n\n\n<title>link 1<\/title>\n<style type=\"text\/css\">\na:link {color:#6868b2;background:transparent;text-decoration:none;}\na:visited {color:lightblue;background:transparent;}\na:active {color:red;background:transparent;}\na:hover {text-decoration:none;color:orange;font-weight:bold;}\n<\/style>\n<p style=\"text-align: center; \"><a href=\"https:\/\/monta-amazona.com\/salasocias\" style=\"font-size: 12px; font-family: Arial, Helvetica, sans-serif;\">Inicio<\/a><\/p>\n\n\n\n<title>link 2<\/title>\n<style type=\"text\/css\">\na:link {color:#6868b2;background:transparent;text-decoration:none;}\na:visited {color:lightblue;background:transparent;}\na:active {color:red;background:transparent;}\na:hover {text-decoration:none;color:orange;font-weight:bold;}\n<\/style>\n<p style=\"text-align: center; \"><a href=\"https:\/\/monta-amazona.com\/salasocias\/login\" style=\"font-size: 12px; font-family: Arial, Helvetica, sans-serif;\">Conexi\u00f3n<\/a><\/p>\n\n\n\n<title>link 3<\/title>\n<style type=\"text\/css\">\na:link {color:#6868b2;background:transparent;text-decoration:none;}\na:visited {color:lightblue;background:transparent;}\na:active {color:red;background:transparent;}\na:hover {text-decoration:none;color:orange;font-weight:bold;}\n<\/style>\n<p style=\"text-align: center; \"><a href=\"https:\/\/www.monta-amazona.com\/salasocias\/register\/\" style=\"font-size: 12px; font-family: Arial, Helvetica, sans-serif;\">Registro<\/a><\/p>\n\n\n\n<title>link 3<\/title>\n<style type=\"text\/css\">\na:link {color:#6868b2;background:transparent;text-decoration:none;}\na:visited {color:lightblue;background:transparent;}\na:active {color:red;background:transparent;}\na:hover {text-decoration:none;color:orange;font-weight:bold;}\n<\/style>\n<p style=\"text-align: center; \"><a href=\"https:\/\/www.monta-amazona.com\/salasocias\/videos-a-la-carta\/\" style=\"font-size: 12px; font-family: Arial, Helvetica, sans-serif;\">V\u00eddeos a la Carta<\/a><\/p>\n\n\n\n<title>link 5<\/title>\n<style type=\"text\/css\">\na:link {color:#6868b2;background:transparent;text-decoration:none;}\na:visited {color:lightblue;background:transparent;}\na:active {color:red;background:transparent;}\na:hover {text-decoration:none;color:orange;font-weight:bold;}\n<\/style>\n<p style=\"text-align: center; \"><a href=\"https:\/\/www.monta-amazona.com\/salasocias\/logout\/\" style=\"font-size: 12px; font-family: Arial, Helvetica, sans-serif;\">Desconexi\u00f3n<\/a><\/p>\n\n\n\n\n<span style=\"color: rgb(70, 70, 70); font-family: Arial, Helvetica, sans-serif;\"><\/span><ul><li><span style=\"font-size: 14px; font-family: Arial, Helvetica, sans-serif;\">Esta Sala de Socias est\u00e1 reservada para Socias AEMA con cuota en vigor.<br><br><\/span><\/li><li><span style=\"font-size: 14px; font-family: Arial, Helvetica, sans-serif;\">Para acceder a la Sala de Socias AEMA, primero es necesario registrarse como usuario y esperar que le env\u00eden la autorizaci\u00f3n de acceso. <a href=\"https:\/\/www.monta-amazona.com\/salasocias\/register\/\">\u00b7Registro\u00b7<\/a><br><br><\/span><\/li><li><span style=\"font-size: 14px; font-family: Arial, Helvetica, sans-serif;\">Si ya est\u00e1 registrada, puede acceder mediante identificaci\u00f3n con nombre de usuario y contrase\u00f1a.&nbsp; <a href=\"https:\/\/www.monta-amazona.com\/salasocias\/login\/\">\u00b7Conexi\u00f3n\u00b7<\/a><\/span><\/li><\/ul>\n\n<span style=\"color: rgb(70, 70, 70); font-family: Arial, Helvetica, sans-serif;\"><\/span>\n\n\n\n\n\n\n\n\n\n\n\n\n\n\n","protected":false},"excerpt":{"rendered":"","protected":false},"author":1,"featured_media":0,"parent":0,"menu_order":0,"comment_status":"closed","ping_status":"closed","template":"","meta":{"pagelayer_contact_templates":[],"_pagelayer_content":"","footnotes":""},"class_list":["post-263","page","type-page","status-publish","hentry"],"_links":{"self":[{"href":"https:\/\/www.monta-amazona.com\/salasocias\/wp-json\/wp\/v2\/pages\/263","targetHints":{"allow":["GET"]}}],"collection":[{"href":"https:\/\/www.monta-amazona.com\/salasocias\/wp-json\/wp\/v2\/pages"}],"about":[{"href":"https:\/\/www.monta-amazona.com\/salasocias\/wp-json\/wp\/v2\/types\/page"}],"author":[{"embeddable":true,"href":"https:\/\/www.monta-amazona.com\/salasocias\/wp-json\/wp\/v2\/users\/1"}],"replies":[{"embeddable":true,"href":"https:\/\/www.monta-amazona.com\/salasocias\/wp-json\/wp\/v2\/comments?post=263"}],"version-history":[{"count":0,"href":"https:\/\/www.monta-amazona.com\/salasocias\/wp-json\/wp\/v2\/pages\/263\/revisions"}],"wp:attachment":[{"href":"https:\/\/www.monta-amazona.com\/salasocias\/wp-json\/wp\/v2\/media?parent=263"}],"curies":[{"name":"wp","href":"https:\/\/api.w.org\/{rel}","templated":true}]}}