{"id":357,"date":"2021-06-12T18:49:37","date_gmt":"2021-06-12T18:49:37","guid":{"rendered":"https:\/\/www.monta-amazona.com\/salasocias\/?page_id=357"},"modified":"2023-02-06T19:22:42","modified_gmt":"2023-02-06T19:22:42","slug":"sin-acceso","status":"publish","type":"page","link":"https:\/\/www.monta-amazona.com\/salasocias\/sin-acceso\/","title":{"rendered":"Sin Acceso"},"content":{"rendered":"\n\n\n<h2>Sin Acceso<\/h2>\n\n\n\n\n\n\n<h3 style=\"text-align: center; \"><span style=\"font-family: Arial, Helvetica, sans-serif;\"><font color=\"#6868b2\">\u00a1Ups! <\/font> <img decoding=\"async\" draggable=\"true\" role=\"img\" class=\"emoji\" alt=\"\ud83d\ude41\" src=\"https:\/\/s.w.org\/images\/core\/emoji\/14.0.0\/svg\/1f641.svg\"><span style=\"font-family: Arial, Helvetica, sans-serif;\"><font color=\"#6868b2\">Parece que no tiene acceso a este contenido<\/font> <img decoding=\"async\" draggable=\"true\" role=\"img\" class=\"emoji\" alt=\"\ud83d\ude41\" src=\"https:\/\/s.w.org\/images\/core\/emoji\/14.0.0\/svg\/1f641.svg\"><\/span><\/span><\/h3>\n\n<span style=\"font-family: Arial, Helvetica, sans-serif;\">&nbsp;<\/span>\n<p style=\"text-align: center; \"><span style=\"font-family: Arial, Helvetica, sans-serif;\"><font color=\"#8686b2\">Est\u00e1 intentando acceder a un contenido reservado exclusivamente a <strong>Socias AEMA<\/strong>.<br>Es necesario identificarse con nombre de usuario y contrase\u00f1a.<\/font><\/span><\/p>\n<span style=\"font-family: Arial, Helvetica, sans-serif;\">&nbsp;<\/span>\n<p style=\"padding-left: 40px;\"><span style=\"font-family: Arial, Helvetica, sans-serif;\"><font color=\"#8686b2\">\u00bfNo es Socia todav\u00eda? \u00a1Eso tiene soluci\u00f3n!<\/font><\/span><\/p><p><font color=\"#8686b2\">\n<\/font><\/p><p><font color=\"#8686b2\"><span style=\"font-family: Arial, Helvetica, sans-serif;\">Para conocer todas las ventajas, contenidos exclusivos para Socias AEMA y mucho m\u00e1s, <a href=\"https:\/\/www.monta-amazona.com\/asociate\/\"><font color=\"#7575d3\">Asociarse<\/font><\/a><font color=\"#7575d3\">.<\/font><\/span><\/font><\/p><p><font color=\"#8686b2\"><font color=\"#8686b2\">\n<span style=\"font-family: Arial, Helvetica, sans-serif;\">&nbsp;<\/span>\n<\/font><\/font><\/p>\n<h3 style=\"color: rgb(90, 90, 90); padding-left: 40px;\"><font color=\"#6868b2\"><span style=\"font-family: Arial, Helvetica, sans-serif;\">\u00bfYa es Socia?<\/span><\/font><\/h3><p style=\"color: rgb(90, 90, 90);\"><font color=\"#5a5a5a\"><span style=\"font-family: Arial, Helvetica, sans-serif;\"><br><\/span><\/font><\/p>\n<p style=\"color: rgb(134, 134, 178);\"><span style=\"font-family: Arial, Helvetica, sans-serif;\">Si ya est\u00e1 registrada en la Sala de Socias, parece que no se ha conectado. <a href=\"https:\/\/www.monta-amazona.com\/salasocias\/login\/\"><font color=\"#7575d3\">Conexi\u00f3n<\/font><\/a> para entrar a su cuenta y as\u00ed poder acceder a este contenido.<\/span><\/p><span style=\"color: rgb(90, 90, 90); font-family: Arial, Helvetica, sans-serif;\"><br><\/span>\n<p style=\"color: rgb(134, 134, 178);\"><span style=\"font-family: Arial, Helvetica, sans-serif;\"><font color=\"#8686b2\">Si a\u00fan no se ha registrado en la Sala de Socias, primero es necesario registrarse como usuario y esperar que le env\u00eden la autorizaci\u00f3n de acceso.&nbsp;<\/font><a href=\"https:\/\/www.monta-amazona.com\/salasocias\/register\/\" style=\"\"><font color=\"#7575d3\">\u00b7Registro\u00b7<\/font><\/a><\/span><\/p><br><p style=\"color: rgb(134, 134, 178);\"><span style=\"color: rgb(134, 134, 178); font-family: Arial, Helvetica, sans-serif;\">\n\u00bfTiene problemas con el acceso a su cuenta? Escr\u00edbanos a <\/span><font color=\"#6464b4\"><span style=\"font-size: 14px; color: rgb(134, 134, 178);\"><\/span><span style=\"font-family: &quot;Comic Sans MS&quot;, Textile, cursive, sans-serif; color: #7575d3;\">aema@monta-amazona.com<\/span><\/font><\/p><p style=\"color: rgb(134, 134, 178);\"><font color=\"#6464b4\"><span style=\"font-family: &quot;Comic Sans MS&quot;, Textile, cursive, sans-serif; color: #7575d3;\"><br><\/span><\/font><\/p><p><\/p><hr><p><\/p>\n\n\n\n\n","protected":false},"excerpt":{"rendered":"","protected":false},"author":1,"featured_media":0,"parent":0,"menu_order":0,"comment_status":"closed","ping_status":"closed","template":"","meta":{"pagelayer_contact_templates":[],"_pagelayer_content":"","footnotes":""},"class_list":["post-357","page","type-page","status-publish","hentry"],"_links":{"self":[{"href":"https:\/\/www.monta-amazona.com\/salasocias\/wp-json\/wp\/v2\/pages\/357","targetHints":{"allow":["GET"]}}],"collection":[{"href":"https:\/\/www.monta-amazona.com\/salasocias\/wp-json\/wp\/v2\/pages"}],"about":[{"href":"https:\/\/www.monta-amazona.com\/salasocias\/wp-json\/wp\/v2\/types\/page"}],"author":[{"embeddable":true,"href":"https:\/\/www.monta-amazona.com\/salasocias\/wp-json\/wp\/v2\/users\/1"}],"replies":[{"embeddable":true,"href":"https:\/\/www.monta-amazona.com\/salasocias\/wp-json\/wp\/v2\/comments?post=357"}],"version-history":[{"count":0,"href":"https:\/\/www.monta-amazona.com\/salasocias\/wp-json\/wp\/v2\/pages\/357\/revisions"}],"wp:attachment":[{"href":"https:\/\/www.monta-amazona.com\/salasocias\/wp-json\/wp\/v2\/media?parent=357"}],"curies":[{"name":"wp","href":"https:\/\/api.w.org\/{rel}","templated":true}]}}