{"id":74,"date":"2021-01-28T10:48:04","date_gmt":"2021-01-28T10:48:04","guid":{"rendered":"http:\/\/monta-amazona.x10.mx\/web1\/home-3\/"},"modified":"2025-10-26T08:25:50","modified_gmt":"2025-10-26T08:25:50","slug":"index","status":"publish","type":"page","link":"https:\/\/www.monta-amazona.com\/salasocias\/","title":{"rendered":"Inicio"},"content":{"rendered":"\n\n\n\n\n\n\n\n\n\n\n\n\n\n<h2>Sala de Socias<\/h2>\n{&#8220;title&#8221;:&#8221;&#8221;,&#8221;taxonomy&#8221;:&#8221;post_tag&#8221;}\n\n\n\n\n\n<title>link 1<\/title>\n<style type=\"text\/css\">\na:link {color:#6868b2;background:transparent;text-decoration:none;}\na:visited {color:lightblue;background:transparent;}\na:active {color:red;background:transparent;}\na:hover {text-decoration:none;color:orange;font-weight:bold;}\n<\/style>\n<p style=\"text-align: center; \"><a href=\"https:\/\/monta-amazona.com\/salasocias\" style=\"font-size: 12px; font-family: Arial, Helvetica, sans-serif;\">Inicio<\/a><\/p>\n\n\n\n<title>link 2<\/title>\n<style type=\"text\/css\">\na:link {color:#6868b2;background:transparent;text-decoration:none;}\na:visited {color:lightblue;background:transparent;}\na:active {color:red;background:transparent;}\na:hover {text-decoration:none;color:orange;font-weight:bold;}\n<\/style>\n<p style=\"text-align: center; \"><a href=\"https:\/\/monta-amazona.com\/salasocias\/login\" style=\"font-size: 12px; font-family: Arial, Helvetica, sans-serif;\">Conexi\u00f3n<\/a><\/p>\n\n\n\n<title>link 3<\/title>\n<style type=\"text\/css\">\na:link {color:#6868b2;background:transparent;text-decoration:none;}\na:visited {color:lightblue;background:transparent;}\na:active {color:red;background:transparent;}\na:hover {text-decoration:none;color:orange;font-weight:bold;}\n<\/style>\n<p style=\"text-align: center; \"><a href=\"https:\/\/www.monta-amazona.com\/salasocias\/register\/\" style=\"font-size: 12px; font-family: Arial, Helvetica, sans-serif;\">Registro<\/a><\/p>\n\n\n\n<title>link 4<\/title>\n<style type=\"text\/css\">\na:link {color:#6868b2;background:transparent;text-decoration:none;}\na:visited {color:lightblue;background:transparent;}\na:active {color:red;background:transparent;}\na:hover {text-decoration:none;color:orange;font-weight:bold;}\n<\/style>\n<p style=\"text-align: center; \"><a href=\"https:\/\/www.monta-amazona.com\/salasocias\/videos-a-la-carta\/\" style=\"font-size: 12px; font-family: Arial, Helvetica, sans-serif;\">V\u00eddeos a la Carta<\/a><\/p>\n\n\n\n<title>link 5<\/title>\n<style type=\"text\/css\">\na:link {color:#6868b2;background:transparent;text-decoration:none;}\na:visited {color:lightblue;background:transparent;}\na:active {color:red;background:transparent;}\na:hover {text-decoration:none;color:orange;font-weight:bold;}\n<\/style>\n<p style=\"text-align: center; \"><a href=\"https:\/\/www.monta-amazona.com\/salasocias\/logout\/\" style=\"font-size: 12px; font-family: Arial, Helvetica, sans-serif;\">Desconexi\u00f3n<\/a><\/p>\n\n\n\n\n<span style=\"color: rgb(70, 70, 70); font-family: Arial, Helvetica, sans-serif;\"><\/span><ul><li><span style=\"font-size: 14px; font-family: Arial, Helvetica, sans-serif;\">Esta Sala de Socias est\u00e1 reservada para Socias AEMA con cuota en vigor.<br><br><\/span><\/li><li><span style=\"font-size: 14px; font-family: Arial, Helvetica, sans-serif;\">Para acceder a la Sala de Socias AEMA, primero es necesario registrarse como usuario y esperar que le env\u00eden la autorizaci\u00f3n de acceso. <a href=\"https:\/\/www.monta-amazona.com\/salasocias\/register\/\">\u00b7Registro\u00b7<\/a><br><br><\/span><\/li><li><span style=\"font-size: 14px; font-family: Arial, Helvetica, sans-serif;\">Si ya est\u00e1 registrada, puede acceder mediante identificaci\u00f3n con nombre de usuario y contrase\u00f1a.&nbsp; <a href=\"https:\/\/www.monta-amazona.com\/salasocias\/login\/\">\u00b7Conexi\u00f3n\u00b7<\/a><\/span><\/li><\/ul>\n\n<span style=\"color: rgb(70, 70, 70); font-family: Arial, Helvetica, sans-serif;\"><\/span>\n\n\n\n\n\n\n\n<p style=\"text-align: center; \"><font color=\"#333333\" style=\"font-family: Arial, Helvetica, sans-serif; font-size: 14px;\">para beneficiarse de todas las ventajas que ofrece AEMA<\/font><\/p>\n\n\n<p><span style=\"font-size: 15px; font-family: Arial, Helvetica, sans-serif;\">Creando afici\u00f3n cada d\u00eda en lugar com\u00fan de encuentro, amistad, y formaci\u00f3n para amazonas.<\/span><\/p><span style=\"font-size: 14px; font-family: Arial, Helvetica, sans-serif;\"><\/span><span style=\"font-family: Arial, Helvetica, sans-serif;\"><\/span>\n\n\n<p><span style=\"color: rgb(51, 51, 51); font-family: Arial, Helvetica, sans-serif;\"><span style=\"font-size: 15px;\">Formaci\u00f3n y Titulaci\u00f3n en Equitaci\u00f3n a la Amazona&nbsp;<\/span><br><\/span><\/p><p><span style=\"font-family: Arial, Helvetica, sans-serif;\"><span style=\"color: rgb(51, 51, 51); font-size: 12px;\"><\/span><span style=\"font-size: 12px;\">todos los niveles, disciplinas y estilos&nbsp;<br>Inglesa, Espa\u00f1ola, Vaquera<br>Doma, Salto, Campo, Destreza<\/span><span style=\"font-size: 12px;\"><\/span><\/span><\/p><p><span style=\"color: rgb(51, 51, 51); font-size: 12px; font-family: Arial, Helvetica, sans-serif;\">Profesorado con titulaci\u00f3n oficial<\/span><\/p>\n\n\n\n\n<p><span style=\"color: rgb(51, 51, 51); font-family: Arial, Helvetica, sans-serif;\">Todas las actividades realizadas por AEMA<\/span><\/p><p><span style=\"color: rgb(51, 51, 51); font-family: Arial, Helvetica, sans-serif;\"><span style=\"font-size: 14px;\">Cursos, Encuentros, Paseos, Seminarios, Concursos, Viajes, Formaci\u00f3n, Exhibiciones y&nbsp; Reuniones<\/span><\/span><\/p>\n\n\n<p style=\"line-height: 1.5;\"><span style=\"font-family: Arial, Helvetica, sans-serif;\">Art\u00edculos exclusivos de la Asociaci\u00f3n Espa\u00f1ola de Monta a la Amazona del Club AEMA<\/span><\/p><span style=\"line-height: 0.6;\"><\/span><p><span style=\"line-height: 0.9;\"><span style=\"font-size: 12px; font-family: Arial, Helvetica, sans-serif;\">AEMA online<br>Inscripci\u00f3n<br>Pruebas<\/span><\/span><\/p><span style=\"line-height: 0.6;\"><\/span>\n\n\n<p><font color=\"#333333\" style=\"font-size: 14px; font-family: Arial, Helvetica, sans-serif;\">el punto de encuentro de las amazonas para resolver dudas y exponer opiniones sobre todo lo relacionado con el mundo de la monta a la amazona<\/font><\/p>\n\n\n\n\n\n\n\n\n\n\n\n\n\n\n\n\n\n\n\n\n\n<h5>Asociaci\u00f3n<\/h5>\n\n\n<p style=\"font-size: 11px;\"><span style=\"font-family: Arial, Helvetica, sans-serif;\"><font color=\"#787878\" style=\"font-size: 12px;\">La Asociaci\u00f3n Espa\u00f1ola de Monta a la Amazona fue creada en el a\u00f1o 2004 con los siguientes objetivos:<\/font><\/span><\/p>\n\n\n\nRehabilitar la Monta a la Amazona en Espa\u00f1a.\n\n\nFomentar la pr\u00e1ctica de la Monta a la Amazona en el \u00e1mbito de la h\u00edpica deportiva y de ocio.\n\n\nRecuperar su aplicaci\u00f3n fiel a la usanza tradicional.\n\n\nRestablecer la Monta a la Amazona como especialidad de Arte Ecuestre.\n\n\nDivulgar los conceptos singulares de esta disciplina.\n\n\nInstruir en su funci\u00f3n de la equitaci\u00f3n.\n\n\nPromocionar actividades de Monta a la Amazona.\n\n\nFormar amazonas mediante el aprendizaje progresivo.\n\n\nPerfeccionar la doma propia de caballos para amazonas.\n\n\nEducar en el vestuario apropiado para cada tipo de atuendo de amazona.\n\n\nImpulsar la elaboraci\u00f3n de la guarnicioner\u00eda espec\u00edfica.\n\n\nTutelar la organizaci\u00f3n de exhibiciones de Monta a la Amazona.\n\n\nFavorecer la implantaci\u00f3n de concursos de Monta a la Amazona en diversas disciplinas h\u00edpicas y espec\u00edficos.\n\n\nCongregar a amazonas y caballeros interesados en esta monta.\n\n\nOfrecer un ambiente de intercambio cultural y social en torno al estudio, conocimiento y pr\u00e1ctica de este tipo de monta.\n\n\n\n<p style=\"padding-left: 40px;\" align=\"left\"><span style=\"font-size: 10px; color: rgb(89, 89, 89);\">\u00a9&nbsp;Todos los textos e im\u00e1genes protegidos por la propiedad intelectual<\/span><\/p>\n<p style=\"padding-left: 40px;\"><span style=\"font-size: 10px; color: rgb(89, 89, 89);\">\u00a9&nbsp;Prohibida su reproducci\u00f3n en cualquier soporte sin autorizaci\u00f3n<\/span><\/p>\n\n\n\n\n\n\n\n\n\n\n\n\n","protected":false},"excerpt":{"rendered":"","protected":false},"author":1,"featured_media":0,"parent":0,"menu_order":0,"comment_status":"closed","ping_status":"closed","template":"","meta":{"pagelayer_contact_templates":[],"_pagelayer_content":"","footnotes":""},"class_list":["post-74","page","type-page","status-publish","hentry"],"_links":{"self":[{"href":"https:\/\/www.monta-amazona.com\/salasocias\/wp-json\/wp\/v2\/pages\/74","targetHints":{"allow":["GET"]}}],"collection":[{"href":"https:\/\/www.monta-amazona.com\/salasocias\/wp-json\/wp\/v2\/pages"}],"about":[{"href":"https:\/\/www.monta-amazona.com\/salasocias\/wp-json\/wp\/v2\/types\/page"}],"author":[{"embeddable":true,"href":"https:\/\/www.monta-amazona.com\/salasocias\/wp-json\/wp\/v2\/users\/1"}],"replies":[{"embeddable":true,"href":"https:\/\/www.monta-amazona.com\/salasocias\/wp-json\/wp\/v2\/comments?post=74"}],"version-history":[{"count":2,"href":"https:\/\/www.monta-amazona.com\/salasocias\/wp-json\/wp\/v2\/pages\/74\/revisions"}],"predecessor-version":[{"id":863,"href":"https:\/\/www.monta-amazona.com\/salasocias\/wp-json\/wp\/v2\/pages\/74\/revisions\/863"}],"wp:attachment":[{"href":"https:\/\/www.monta-amazona.com\/salasocias\/wp-json\/wp\/v2\/media?parent=74"}],"curies":[{"name":"wp","href":"https:\/\/api.w.org\/{rel}","templated":true}]}}